{"id":998,"date":"2023-02-11T18:59:34","date_gmt":"2023-02-11T21:59:34","guid":{"rendered":"https:\/\/fatordental.com.br\/?post_type=product&#038;p=998"},"modified":"2023-02-11T18:59:34","modified_gmt":"2023-02-11T21:59:34","slug":"filme-radiografico-agfa-dentus-e-speed-kulzer","status":"publish","type":"product","link":"https:\/\/fatordental.com.br\/index.php\/produto\/filme-radiografico-agfa-dentus-e-speed-kulzer\/","title":{"rendered":"Filme Radiogr\u00e1fico AGFA Dentus E-Speed &#8211; Kulzer"},"content":{"rendered":"<p class=\"value\"><strong>Embalagem com 150 unidades. Uso adulto. Filme 3x4cm.\u00a0<\/strong><\/p>\n<p>&nbsp;<\/p>\n<ul>\n<li><strong>DETALHES<\/strong><\/li>\n<\/ul>\n<p><span class=\"TextRun SCXW59590336 BCX8\" lang=\"PT-BR\" xml:lang=\"PT-BR\" data-contrast=\"auto\"><span class=\"NormalTextRun SCXW59590336 BCX8\" data-ccp-charstyle=\"normaltextrun\" data-ccp-charstyle-defn=\"{&quot;ObjectId&quot;:&quot;c7bfcf46-726e-43b1-8092-1e08618bf95a|25&quot;,&quot;ClassId&quot;:1073872969,&quot;Properties&quot;:[469775450,&quot;normaltextrun&quot;,201340122,&quot;1&quot;,134233614,&quot;true&quot;,469778129,&quot;normaltextrun&quot;,335572020,&quot;1&quot;,469778324,&quot;Default Paragraph Font&quot;]}\">&#8211; <\/span><span class=\"NormalTextRun SCXW59590336 BCX8\" data-ccp-charstyle=\"normaltextrun\">Busca oferecer\u00a0<\/span><span class=\"NormalTextRun SCXW59590336 BCX8\" data-ccp-charstyle=\"normaltextrun\">alta qualidade de imagem<\/span><span class=\"NormalTextRun SCXW59590336 BCX8\" data-ccp-charstyle=\"normaltextrun\">\u00a0e\u00a0<\/span><span class=\"NormalTextRun SCXW59590336 BCX8\" data-ccp-charstyle=\"normaltextrun\">contraste elevado<\/span><span class=\"NormalTextRun SCXW59590336 BCX8\" data-ccp-charstyle=\"normaltextrun\">.<\/span><\/span><span class=\"LineBreakBlob BlobObject DragDrop SCXW59590336 BCX8\"><span class=\"SCXW59590336 BCX8\">\u00a0<\/span><br class=\"SCXW59590336 BCX8\" \/><\/span><span class=\"TextRun SCXW59590336 BCX8\" lang=\"PT-BR\" xml:lang=\"PT-BR\" data-contrast=\"auto\"><span class=\"NormalTextRun SCXW59590336 BCX8\" data-ccp-charstyle=\"normaltextrun\">&#8211; Compat\u00edvel com todos os aparelhos de raios-X do mercado<\/span><span class=\"NormalTextRun SCXW59590336 BCX8\" data-ccp-charstyle=\"normaltextrun\">.<\/span><\/span><span class=\"LineBreakBlob BlobObject DragDrop SCXW59590336 BCX8\"><span class=\"SCXW59590336 BCX8\">\u00a0<\/span><br class=\"SCXW59590336 BCX8\" \/><\/span><span class=\"TextRun SCXW59590336 BCX8\" lang=\"PT-BR\" xml:lang=\"PT-BR\" data-contrast=\"auto\"><span class=\"NormalTextRun SCXW59590336 BCX8\" data-ccp-charstyle=\"normaltextrun\">&#8211; Permite<\/span><span class=\"NormalTextRun SCXW59590336 BCX8\" data-ccp-charstyle=\"normaltextrun\">\u00a0ser processado com qualquer qu\u00edmico padr\u00e3o (revelador e fixador), de maneira manual ou autom\u00e1tica<\/span><span class=\"NormalTextRun SCXW59590336 BCX8\" data-ccp-charstyle=\"normaltextrun\">.<\/span><\/span><span class=\"LineBreakBlob BlobObject DragDrop SCXW59590336 BCX8\"><span class=\"SCXW59590336 BCX8\">\u00a0<\/span><br class=\"SCXW59590336 BCX8\" \/><\/span><span class=\"TextRun SCXW59590336 BCX8\" lang=\"PT-BR\" xml:lang=\"PT-BR\" data-contrast=\"auto\"><span class=\"NormalTextRun SCXW59590336 BCX8\" data-ccp-charstyle=\"normaltextrun\">&#8211; <\/span><span class=\"NormalTextRun SCXW59590336 BCX8\" data-ccp-charstyle=\"normaltextrun\">Proporciona seguran\u00e7a e conforto.\u00a0<\/span><\/span><span class=\"LineBreakBlob BlobObject DragDrop SCXW59590336 BCX8\"><span class=\"SCXW59590336 BCX8\">\u00a0<\/span><br class=\"SCXW59590336 BCX8\" \/><\/span><span class=\"TextRun SCXW59590336 BCX8\" lang=\"PT-BR\" xml:lang=\"PT-BR\" data-contrast=\"auto\"><span class=\"NormalTextRun SCXW59590336 BCX8\" data-ccp-charstyle=\"normaltextrun\">&#8211; <\/span><span class=\"NormalTextRun SCXW59590336 BCX8\" data-ccp-charstyle=\"normaltextrun\">Possibilita um d<\/span><span class=\"NormalTextRun SCXW59590336 BCX8\" data-ccp-charstyle=\"normaltextrun\">iagn\u00f3stico facilitado devido seu contraste elevado e densidade m\u00e1xima (tons de cinza bem definidos)<\/span><span class=\"NormalTextRun SCXW59590336 BCX8\" data-ccp-charstyle=\"normaltextrun\">.<\/span><\/span><span class=\"LineBreakBlob BlobObject DragDrop SCXW59590336 BCX8\"><span class=\"SCXW59590336 BCX8\">\u00a0<\/span><br class=\"SCXW59590336 BCX8\" \/><\/span><span class=\"TextRun SCXW59590336 BCX8\" lang=\"PT-BR\" xml:lang=\"PT-BR\" data-contrast=\"auto\"><span class=\"NormalTextRun SCXW59590336 BCX8\" data-ccp-charstyle=\"normaltextrun\">&#8211; Evita imagens tr\u00eamulas (curto tempo de exposi\u00e7\u00e3o)<\/span><span class=\"NormalTextRun SCXW59590336 BCX8\" data-ccp-charstyle=\"normaltextrun\">.<\/span><\/span><span class=\"LineBreakBlob BlobObject DragDrop SCXW59590336 BCX8\"><span class=\"SCXW59590336 BCX8\">\u00a0<\/span><br class=\"SCXW59590336 BCX8\" \/><\/span><span class=\"TextRun SCXW59590336 BCX8\" lang=\"PT-BR\" xml:lang=\"PT-BR\" data-contrast=\"auto\"><span class=\"NormalTextRun SCXW59590336 BCX8\" data-ccp-charstyle=\"normaltextrun\">&#8211; Pl\u00e1stico extra<\/span>\u00a0<span class=\"NormalTextRun SCXW59590336 BCX8\" data-ccp-charstyle=\"normaltextrun\">macio, resistente \u00e0 saliva e\u00a0<\/span><span class=\"NormalTextRun SpellingErrorV2Themed SCXW59590336 BCX8\" data-ccp-charstyle=\"normaltextrun\">desinfect\u00e1vel<\/span><span class=\"NormalTextRun SCXW59590336 BCX8\" data-ccp-charstyle=\"normaltextrun\">.<\/span><\/span><span class=\"LineBreakBlob BlobObject DragDrop SCXW59590336 BCX8\"><span class=\"SCXW59590336 BCX8\">\u00a0<\/span><br class=\"SCXW59590336 BCX8\" \/><\/span><span class=\"TextRun SCXW59590336 BCX8\" lang=\"PT-BR\" xml:lang=\"PT-BR\" data-contrast=\"auto\"><span class=\"NormalTextRun SCXW59590336 BCX8\" data-ccp-charstyle=\"normaltextrun\">&#8211; <\/span><span class=\"NormalTextRun SCXW59590336 BCX8\" data-ccp-charstyle=\"normaltextrun\">Exposi\u00e7\u00e3o \u00e0 radia\u00e7\u00e3o menor que 0.36\u00a0<\/span><span class=\"NormalTextRun SpellingErrorV2Themed SCXW59590336 BCX8\" data-ccp-charstyle=\"normaltextrun\">mGy<\/span><span class=\"NormalTextRun SCXW59590336 BCX8\" data-ccp-charstyle=\"normaltextrun\">.<\/span><\/span><span class=\"LineBreakBlob BlobObject DragDrop SCXW59590336 BCX8\"><span class=\"SCXW59590336 BCX8\">\u00a0<\/span><br class=\"SCXW59590336 BCX8\" \/><\/span><span class=\"TextRun SCXW59590336 BCX8\" lang=\"PT-BR\" xml:lang=\"PT-BR\" data-contrast=\"auto\"><span class=\"NormalTextRun SCXW59590336 BCX8\" data-ccp-charstyle=\"normaltextrun\">&#8211;<\/span>\u00a0<span class=\"NormalTextRun SCXW59590336 BCX8\" data-ccp-charstyle=\"normaltextrun\">Classe de velocidade:\u00a0<\/span><span class=\"NormalTextRun SCXW59590336 BCX8\" data-ccp-charstyle=\"normaltextrun\">E<\/span><span class=\"NormalTextRun SCXW59590336 BCX8\" data-ccp-charstyle=\"normaltextrun\">.<\/span><\/span><span class=\"LineBreakBlob BlobObject DragDrop SCXW59590336 BCX8\"><span class=\"SCXW59590336 BCX8\">\u00a0<\/span><br class=\"SCXW59590336 BCX8\" \/><\/span><span class=\"TextRun SCXW59590336 BCX8\" lang=\"PT-BR\" xml:lang=\"PT-BR\" data-contrast=\"auto\"><span class=\"NormalTextRun SCXW59590336 BCX8\" data-ccp-charstyle=\"normaltextrun\">&#8211; Cor<\/span><span class=\"NormalTextRun SCXW59590336 BCX8\" data-ccp-charstyle=\"normaltextrun\">:<\/span><span class=\"NormalTextRun SCXW59590336 BCX8\" data-ccp-charstyle=\"normaltextrun\">\u00a0azul<\/span><span class=\"NormalTextRun SCXW59590336 BCX8\" data-ccp-charstyle=\"normaltextrun\">.<\/span><\/span><span class=\"LineBreakBlob BlobObject DragDrop SCXW59590336 BCX8\"><span class=\"SCXW59590336 BCX8\">\u00a0<\/span><br class=\"SCXW59590336 BCX8\" \/><\/span><span class=\"TextRun SCXW59590336 BCX8\" lang=\"PT-BR\" xml:lang=\"PT-BR\" data-contrast=\"auto\"><span class=\"NormalTextRun SCXW59590336 BCX8\" data-ccp-charstyle=\"normaltextrun\">&#8211; Arquivamento por at\u00e9 30 anos<\/span>\u00a0<span class=\"NormalTextRun SCXW59590336 BCX8\" data-ccp-charstyle=\"normaltextrun\">mediante o cumprimento das instru\u00e7\u00f5es de uso do produto<\/span><span class=\"NormalTextRun SCXW59590336 BCX8\" data-ccp-charstyle=\"normaltextrun\">\u00a0orientados pelo fabricante.<\/span><\/span><span class=\"LineBreakBlob BlobObject DragDrop SCXW59590336 BCX8\"><span class=\"SCXW59590336 BCX8\">\u00a0<\/span><br class=\"SCXW59590336 BCX8\" \/><\/span><span class=\"TextRun SCXW59590336 BCX8\" lang=\"PT-BR\" xml:lang=\"PT-BR\" data-contrast=\"auto\"><span class=\"NormalTextRun SCXW59590336 BCX8\">&#8211; O armazenamento incorreto pode fazer com que o filme envelhe\u00e7a antes da data de validade. Uma sala escura <\/span><span class=\"NormalTextRun ContextualSpellingAndGrammarErrorV2Themed SCXW59590336 BCX8\">bem organizada<\/span><span class=\"NormalTextRun SCXW59590336 BCX8\">\u00a0e com boas pr\u00e1ticas ir\u00e1 ajudar a garantir imagens de alta qualidade.<\/span><\/span><span class=\"LineBreakBlob BlobObject DragDrop SCXW59590336 BCX8\"><span class=\"SCXW59590336 BCX8\">\u00a0<\/span><br class=\"SCXW59590336 BCX8\" \/><\/span><span class=\"TextRun SCXW59590336 BCX8\" lang=\"PT-BR\" xml:lang=\"PT-BR\" data-contrast=\"auto\"><span class=\"NormalTextRun SCXW59590336 BCX8\" data-ccp-charstyle=\"normaltextrun\">&#8211; Validade: 2 anos <\/span><span class=\"NormalTextRun SCXW59590336 BCX8\" data-ccp-charstyle=\"normaltextrun\">a partir da data de\u00a0<\/span><span class=\"NormalTextRun SCXW59590336 BCX8\" data-ccp-charstyle=\"normaltextrun\">fabrica\u00e7\u00e3o<\/span><span class=\"NormalTextRun SCXW59590336 BCX8\" data-ccp-charstyle=\"normaltextrun\">.<\/span><\/span><span class=\"LineBreakBlob BlobObject DragDrop SCXW59590336 BCX8\"><span class=\"SCXW59590336 BCX8\">\u00a0<\/span><br class=\"SCXW59590336 BCX8\" \/><\/span><span class=\"TextRun SCXW59590336 BCX8\" lang=\"PT-BR\" xml:lang=\"PT-BR\" data-contrast=\"auto\"><span class=\"NormalTextRun SCXW59590336 BCX8\" data-ccp-charstyle=\"normaltextrun\">&#8211; Registro ANVISA: 10166840081.<\/span><\/span><span class=\"LineBreakBlob BlobObject DragDrop SCXW59590336 BCX8\"><span class=\"SCXW59590336 BCX8\">\u00a0<\/span><\/span><\/p>\n<p>&nbsp;<\/p>\n<ul>\n<li><strong>APLICA\u00c7\u00c3O\u00a0<\/strong><\/li>\n<\/ul>\n<p><span class=\"TextRun SCXW207370865 BCX8\" lang=\"PT-BR\" xml:lang=\"PT-BR\" data-contrast=\"auto\"><span class=\"NormalTextRun SCXW207370865 BCX8\" data-ccp-charstyle=\"normaltextrun\" data-ccp-charstyle-defn=\"{&quot;ObjectId&quot;:&quot;c7bfcf46-726e-43b1-8092-1e08618bf95a|25&quot;,&quot;ClassId&quot;:1073872969,&quot;Properties&quot;:[469775450,&quot;normaltextrun&quot;,201340122,&quot;1&quot;,134233614,&quot;true&quot;,469778129,&quot;normaltextrun&quot;,335572020,&quot;1&quot;,469778324,&quot;Default Paragraph Font&quot;]}\">O<\/span>\u00a0<\/span><strong><span class=\"TextRun SCXW207370865 BCX8\" lang=\"PT-BR\" xml:lang=\"PT-BR\" data-contrast=\"auto\"><span class=\"NormalTextRun CommentStart CommentHighlightPipeRest CommentHighlightRest SCXW207370865 BCX8\" data-ccp-charstyle=\"normaltextrun\">AGFA\u00a0<\/span><span class=\"NormalTextRun SpellingErrorV2Themed CommentHighlightRest SCXW207370865 BCX8\" data-ccp-charstyle=\"normaltextrun\">Dentus<\/span>\u00a0<span class=\"NormalTextRun SpellingErrorV2Themed CommentHighlightRest SCXW207370865 BCX8\" data-ccp-charstyle=\"normaltextrun\">E-Speed<\/span>\u00a0<\/span><\/strong><span class=\"TextRun SCXW207370865 BCX8\" lang=\"PT-BR\" xml:lang=\"PT-BR\" data-contrast=\"auto\"><span class=\"NormalTextRun CommentHighlightRest SCXW207370865 BCX8\" data-ccp-charstyle=\"normaltextrun\">da\u00a0<\/span><\/span><strong><span class=\"TextRun SCXW207370865 BCX8\" lang=\"PT-BR\" xml:lang=\"PT-BR\" data-contrast=\"auto\"><span class=\"NormalTextRun SpellingErrorV2Themed CommentHighlightRest SCXW207370865 BCX8\" data-ccp-parastyle=\"paragraph\" data-ccp-parastyle-defn=\"{&quot;ObjectId&quot;:&quot;c7bfcf46-726e-43b1-8092-1e08618bf95a|24&quot;,&quot;ClassId&quot;:1073872969,&quot;Properties&quot;:[469775450,&quot;paragraph&quot;,201340122,&quot;2&quot;,134233614,&quot;true&quot;,469778129,&quot;paragraph&quot;,335572020,&quot;1&quot;,469777841,&quot;Times New Roman&quot;,469777842,&quot;Times New Roman&quot;,469777843,&quot;Times New Roman&quot;,469777844,&quot;Times New Roman&quot;,469769226,&quot;Times New Roman&quot;,268442635,&quot;24&quot;,335559705,&quot;1046&quot;,335559740,&quot;240&quot;,201341983,&quot;0&quot;,134233118,&quot;true&quot;,134233117,&quot;true&quot;,469778324,&quot;Normal&quot;]}\">Kulzer<\/span>\u00a0<\/span><\/strong><span class=\"TextRun SCXW207370865 BCX8\" lang=\"PT-BR\" xml:lang=\"PT-BR\" data-contrast=\"auto\"><span class=\"NormalTextRun CommentHighlightPipeRest SCXW207370865 BCX8\" data-ccp-charstyle=\"normaltextrun\">\u00e9 u<\/span><span class=\"NormalTextRun SCXW207370865 BCX8\" data-ccp-charstyle=\"normaltextrun\">m<\/span><\/span>\u00a0<span class=\"TextRun SCXW207370865 BCX8\" lang=\"PT-BR\" xml:lang=\"PT-BR\" data-contrast=\"auto\"><span class=\"NormalTextRun SCXW207370865 BCX8\" data-ccp-charstyle=\"normaltextrun\">f<\/span><span class=\"NormalTextRun SCXW207370865 BCX8\" data-ccp-charstyle=\"normaltextrun\">ilme radiogr\u00e1fico intraoral de velocidade E<\/span><span class=\"NormalTextRun SCXW207370865 BCX8\" data-ccp-charstyle=\"normaltextrun\">\u00a0que contribui para um f\u00e1cil diagn\u00f3stico\u00a0<\/span><span class=\"NormalTextRun SCXW207370865 BCX8\" data-ccp-charstyle=\"normaltextrun\">pelo<\/span><span class=\"NormalTextRun SCXW207370865 BCX8\" data-ccp-charstyle=\"normaltextrun\">\u00a0profissional<\/span><span class=\"NormalTextRun SCXW207370865 BCX8\" data-ccp-charstyle=\"normaltextrun\">\u00a0odontol\u00f3gico<\/span><span class=\"NormalTextRun SCXW207370865 BCX8\" data-ccp-charstyle=\"normaltextrun\">.\u00a0<\/span><span class=\"NormalTextRun SCXW207370865 BCX8\" data-ccp-charstyle=\"normaltextrun\">Compat\u00edvel com todos os aparelhos de raios-X do mercado,<\/span><span class=\"NormalTextRun SCXW207370865 BCX8\" data-ccp-charstyle=\"normaltextrun\">\u00a0permite\u00a0<\/span><span class=\"NormalTextRun SCXW207370865 BCX8\" data-ccp-charstyle=\"normaltextrun\">processamento manual ou autom\u00e1tico.<\/span><span class=\"NormalTextRun SCXW207370865 BCX8\" data-ccp-charstyle=\"normaltextrun\">\u00a0Al\u00e9m\u00a0<\/span><span class=\"NormalTextRun SCXW207370865 BCX8\" data-ccp-charstyle=\"normaltextrun\">disso,\u00a0<\/span><span class=\"NormalTextRun SCXW207370865 BCX8\" data-ccp-charstyle=\"normaltextrun\">busca\u00a0<\/span><span class=\"NormalTextRun SCXW207370865 BCX8\" data-ccp-charstyle=\"normaltextrun\">proporciona<\/span><span class=\"NormalTextRun SCXW207370865 BCX8\" data-ccp-charstyle=\"normaltextrun\">r<\/span><span class=\"NormalTextRun SCXW207370865 BCX8\" data-ccp-charstyle=\"normaltextrun\">\u00a0maior seguran\u00e7a ao profissional<\/span><span class=\"NormalTextRun SCXW207370865 BCX8\" data-ccp-charstyle=\"normaltextrun\">\u00a0e\u00a0<\/span><span class=\"NormalTextRun SCXW207370865 BCX8\" data-ccp-charstyle=\"normaltextrun\">oferece<\/span><span class=\"NormalTextRun SCXW207370865 BCX8\" data-ccp-charstyle=\"normaltextrun\">r<\/span><span class=\"NormalTextRun SCXW207370865 BCX8\" data-ccp-charstyle=\"normaltextrun\">\u00a0conforto ao paciente por contar com cantos arredondados e embalagem extra macia.\u00a0<\/span><\/span><span class=\"EOP SCXW207370865 BCX8\" data-ccp-props=\"{&quot;134233117&quot;:true,&quot;134233118&quot;:true,&quot;201341983&quot;:0,&quot;335559740&quot;:240}\">\u00a0<\/span><\/p>\n","protected":false},"excerpt":{"rendered":"<p>Embalagem com 150 unidades. Uso adulto. Filme 3x4cm.\u00a0 &nbsp; DETALHES &#8211; Busca oferecer\u00a0alta qualidade de imagem\u00a0e\u00a0contraste elevado.\u00a0&#8211; Compat\u00edvel com todos os aparelhos de raios-X do mercado.\u00a0&#8211; Permite\u00a0ser processado com qualquer [&hellip;]<\/p>\n","protected":false},"featured_media":999,"template":"","meta":[],"product_brand":[],"product_cat":[122,121],"product_tag":[],"class_list":{"0":"post-998","1":"product","2":"type-product","3":"status-publish","4":"has-post-thumbnail","6":"product_cat-filme-radiografico","7":"product_cat-radiologia","9":"first","10":"instock","11":"shipping-taxable","12":"product-type-simple"},"yoast_head":"<!-- This site is optimized with the Yoast SEO plugin v26.8 - https:\/\/yoast.com\/product\/yoast-seo-wordpress\/ -->\n<title>Filme Radiogr\u00e1fico AGFA Dentus E-Speed - Kulzer - Fator Dental<\/title>\n<meta name=\"robots\" content=\"index, follow, max-snippet:-1, max-image-preview:large, max-video-preview:-1\" \/>\n<link rel=\"canonical\" href=\"https:\/\/fatordental.com.br\/index.php\/produto\/filme-radiografico-agfa-dentus-e-speed-kulzer\/\" \/>\n<meta property=\"og:locale\" content=\"pt_BR\" \/>\n<meta property=\"og:type\" content=\"article\" \/>\n<meta property=\"og:title\" content=\"Filme Radiogr\u00e1fico AGFA Dentus E-Speed - Kulzer - Fator Dental\" \/>\n<meta property=\"og:description\" content=\"Embalagem com 150 unidades. Uso adulto. Filme 3x4cm.\u00a0 &nbsp; DETALHES &#8211; Busca oferecer\u00a0alta qualidade de imagem\u00a0e\u00a0contraste elevado.\u00a0&#8211; Compat\u00edvel com todos os aparelhos de raios-X do mercado.\u00a0&#8211; Permite\u00a0ser processado com qualquer [&hellip;]\" \/>\n<meta property=\"og:url\" content=\"https:\/\/fatordental.com.br\/index.php\/produto\/filme-radiografico-agfa-dentus-e-speed-kulzer\/\" \/>\n<meta property=\"og:site_name\" content=\"Fator Dental\" \/>\n<meta property=\"og:image\" content=\"https:\/\/fatordental.com.br\/wp-content\/uploads\/2023\/02\/filme-radiografico-agfa-dentus-e-speed-kulzer-produto-embalagem-254976.jpg\" \/>\n\t<meta property=\"og:image:width\" content=\"800\" \/>\n\t<meta property=\"og:image:height\" content=\"800\" \/>\n\t<meta property=\"og:image:type\" content=\"image\/jpeg\" \/>\n<meta name=\"twitter:card\" content=\"summary_large_image\" \/>\n<meta name=\"twitter:label1\" content=\"Est. tempo de leitura\" \/>\n\t<meta name=\"twitter:data1\" content=\"2 minutos\" \/>\n<script type=\"application\/ld+json\" class=\"yoast-schema-graph\">{\"@context\":\"https:\/\/schema.org\",\"@graph\":[{\"@type\":\"WebPage\",\"@id\":\"https:\/\/fatordental.com.br\/index.php\/produto\/filme-radiografico-agfa-dentus-e-speed-kulzer\/\",\"url\":\"https:\/\/fatordental.com.br\/index.php\/produto\/filme-radiografico-agfa-dentus-e-speed-kulzer\/\",\"name\":\"Filme Radiogr\u00e1fico AGFA Dentus E-Speed - Kulzer - Fator Dental\",\"isPartOf\":{\"@id\":\"https:\/\/fatordental.com.br\/#website\"},\"primaryImageOfPage\":{\"@id\":\"https:\/\/fatordental.com.br\/index.php\/produto\/filme-radiografico-agfa-dentus-e-speed-kulzer\/#primaryimage\"},\"image\":{\"@id\":\"https:\/\/fatordental.com.br\/index.php\/produto\/filme-radiografico-agfa-dentus-e-speed-kulzer\/#primaryimage\"},\"thumbnailUrl\":\"https:\/\/fatordental.com.br\/wp-content\/uploads\/2023\/02\/filme-radiografico-agfa-dentus-e-speed-kulzer-produto-embalagem-254976.jpg\",\"datePublished\":\"2023-02-11T21:59:34+00:00\",\"breadcrumb\":{\"@id\":\"https:\/\/fatordental.com.br\/index.php\/produto\/filme-radiografico-agfa-dentus-e-speed-kulzer\/#breadcrumb\"},\"inLanguage\":\"pt-BR\",\"potentialAction\":[{\"@type\":\"ReadAction\",\"target\":[\"https:\/\/fatordental.com.br\/index.php\/produto\/filme-radiografico-agfa-dentus-e-speed-kulzer\/\"]}]},{\"@type\":\"ImageObject\",\"inLanguage\":\"pt-BR\",\"@id\":\"https:\/\/fatordental.com.br\/index.php\/produto\/filme-radiografico-agfa-dentus-e-speed-kulzer\/#primaryimage\",\"url\":\"https:\/\/fatordental.com.br\/wp-content\/uploads\/2023\/02\/filme-radiografico-agfa-dentus-e-speed-kulzer-produto-embalagem-254976.jpg\",\"contentUrl\":\"https:\/\/fatordental.com.br\/wp-content\/uploads\/2023\/02\/filme-radiografico-agfa-dentus-e-speed-kulzer-produto-embalagem-254976.jpg\",\"width\":800,\"height\":800},{\"@type\":\"BreadcrumbList\",\"@id\":\"https:\/\/fatordental.com.br\/index.php\/produto\/filme-radiografico-agfa-dentus-e-speed-kulzer\/#breadcrumb\",\"itemListElement\":[{\"@type\":\"ListItem\",\"position\":1,\"name\":\"In\u00edcio\",\"item\":\"https:\/\/fatordental.com.br\/\"},{\"@type\":\"ListItem\",\"position\":2,\"name\":\"Produtos\",\"item\":\"https:\/\/fatordental.com.br\/index.php\/produtos\/\"},{\"@type\":\"ListItem\",\"position\":3,\"name\":\"Filme Radiogr\u00e1fico AGFA Dentus E-Speed &#8211; Kulzer\"}]},{\"@type\":\"WebSite\",\"@id\":\"https:\/\/fatordental.com.br\/#website\",\"url\":\"https:\/\/fatordental.com.br\/\",\"name\":\"Fator Dental\",\"description\":\"Produtos Ondontol\u00f3gicos\",\"publisher\":{\"@id\":\"https:\/\/fatordental.com.br\/#organization\"},\"potentialAction\":[{\"@type\":\"SearchAction\",\"target\":{\"@type\":\"EntryPoint\",\"urlTemplate\":\"https:\/\/fatordental.com.br\/?s={search_term_string}\"},\"query-input\":{\"@type\":\"PropertyValueSpecification\",\"valueRequired\":true,\"valueName\":\"search_term_string\"}}],\"inLanguage\":\"pt-BR\"},{\"@type\":\"Organization\",\"@id\":\"https:\/\/fatordental.com.br\/#organization\",\"name\":\"Fator Dental\",\"url\":\"https:\/\/fatordental.com.br\/\",\"logo\":{\"@type\":\"ImageObject\",\"inLanguage\":\"pt-BR\",\"@id\":\"https:\/\/fatordental.com.br\/#\/schema\/logo\/image\/\",\"url\":\"https:\/\/fatordental.com.br\/wp-content\/uploads\/2023\/02\/logo_fator.png\",\"contentUrl\":\"https:\/\/fatordental.com.br\/wp-content\/uploads\/2023\/02\/logo_fator.png\",\"width\":400,\"height\":256,\"caption\":\"Fator Dental\"},\"image\":{\"@id\":\"https:\/\/fatordental.com.br\/#\/schema\/logo\/image\/\"},\"sameAs\":[\"https:\/\/www.instagram.com\/fatordental\/\"]}]}<\/script>\n<!-- \/ Yoast SEO plugin. -->","yoast_head_json":{"title":"Filme Radiogr\u00e1fico AGFA Dentus E-Speed - Kulzer - Fator Dental","robots":{"index":"index","follow":"follow","max-snippet":"max-snippet:-1","max-image-preview":"max-image-preview:large","max-video-preview":"max-video-preview:-1"},"canonical":"https:\/\/fatordental.com.br\/index.php\/produto\/filme-radiografico-agfa-dentus-e-speed-kulzer\/","og_locale":"pt_BR","og_type":"article","og_title":"Filme Radiogr\u00e1fico AGFA Dentus E-Speed - Kulzer - Fator Dental","og_description":"Embalagem com 150 unidades. Uso adulto. Filme 3x4cm.\u00a0 &nbsp; DETALHES &#8211; Busca oferecer\u00a0alta qualidade de imagem\u00a0e\u00a0contraste elevado.\u00a0&#8211; Compat\u00edvel com todos os aparelhos de raios-X do mercado.\u00a0&#8211; Permite\u00a0ser processado com qualquer [&hellip;]","og_url":"https:\/\/fatordental.com.br\/index.php\/produto\/filme-radiografico-agfa-dentus-e-speed-kulzer\/","og_site_name":"Fator Dental","og_image":[{"width":800,"height":800,"url":"https:\/\/fatordental.com.br\/wp-content\/uploads\/2023\/02\/filme-radiografico-agfa-dentus-e-speed-kulzer-produto-embalagem-254976.jpg","type":"image\/jpeg"}],"twitter_card":"summary_large_image","twitter_misc":{"Est. tempo de leitura":"2 minutos"},"schema":{"@context":"https:\/\/schema.org","@graph":[{"@type":"WebPage","@id":"https:\/\/fatordental.com.br\/index.php\/produto\/filme-radiografico-agfa-dentus-e-speed-kulzer\/","url":"https:\/\/fatordental.com.br\/index.php\/produto\/filme-radiografico-agfa-dentus-e-speed-kulzer\/","name":"Filme Radiogr\u00e1fico AGFA Dentus E-Speed - Kulzer - Fator Dental","isPartOf":{"@id":"https:\/\/fatordental.com.br\/#website"},"primaryImageOfPage":{"@id":"https:\/\/fatordental.com.br\/index.php\/produto\/filme-radiografico-agfa-dentus-e-speed-kulzer\/#primaryimage"},"image":{"@id":"https:\/\/fatordental.com.br\/index.php\/produto\/filme-radiografico-agfa-dentus-e-speed-kulzer\/#primaryimage"},"thumbnailUrl":"https:\/\/fatordental.com.br\/wp-content\/uploads\/2023\/02\/filme-radiografico-agfa-dentus-e-speed-kulzer-produto-embalagem-254976.jpg","datePublished":"2023-02-11T21:59:34+00:00","breadcrumb":{"@id":"https:\/\/fatordental.com.br\/index.php\/produto\/filme-radiografico-agfa-dentus-e-speed-kulzer\/#breadcrumb"},"inLanguage":"pt-BR","potentialAction":[{"@type":"ReadAction","target":["https:\/\/fatordental.com.br\/index.php\/produto\/filme-radiografico-agfa-dentus-e-speed-kulzer\/"]}]},{"@type":"ImageObject","inLanguage":"pt-BR","@id":"https:\/\/fatordental.com.br\/index.php\/produto\/filme-radiografico-agfa-dentus-e-speed-kulzer\/#primaryimage","url":"https:\/\/fatordental.com.br\/wp-content\/uploads\/2023\/02\/filme-radiografico-agfa-dentus-e-speed-kulzer-produto-embalagem-254976.jpg","contentUrl":"https:\/\/fatordental.com.br\/wp-content\/uploads\/2023\/02\/filme-radiografico-agfa-dentus-e-speed-kulzer-produto-embalagem-254976.jpg","width":800,"height":800},{"@type":"BreadcrumbList","@id":"https:\/\/fatordental.com.br\/index.php\/produto\/filme-radiografico-agfa-dentus-e-speed-kulzer\/#breadcrumb","itemListElement":[{"@type":"ListItem","position":1,"name":"In\u00edcio","item":"https:\/\/fatordental.com.br\/"},{"@type":"ListItem","position":2,"name":"Produtos","item":"https:\/\/fatordental.com.br\/index.php\/produtos\/"},{"@type":"ListItem","position":3,"name":"Filme Radiogr\u00e1fico AGFA Dentus E-Speed &#8211; Kulzer"}]},{"@type":"WebSite","@id":"https:\/\/fatordental.com.br\/#website","url":"https:\/\/fatordental.com.br\/","name":"Fator Dental","description":"Produtos Ondontol\u00f3gicos","publisher":{"@id":"https:\/\/fatordental.com.br\/#organization"},"potentialAction":[{"@type":"SearchAction","target":{"@type":"EntryPoint","urlTemplate":"https:\/\/fatordental.com.br\/?s={search_term_string}"},"query-input":{"@type":"PropertyValueSpecification","valueRequired":true,"valueName":"search_term_string"}}],"inLanguage":"pt-BR"},{"@type":"Organization","@id":"https:\/\/fatordental.com.br\/#organization","name":"Fator Dental","url":"https:\/\/fatordental.com.br\/","logo":{"@type":"ImageObject","inLanguage":"pt-BR","@id":"https:\/\/fatordental.com.br\/#\/schema\/logo\/image\/","url":"https:\/\/fatordental.com.br\/wp-content\/uploads\/2023\/02\/logo_fator.png","contentUrl":"https:\/\/fatordental.com.br\/wp-content\/uploads\/2023\/02\/logo_fator.png","width":400,"height":256,"caption":"Fator Dental"},"image":{"@id":"https:\/\/fatordental.com.br\/#\/schema\/logo\/image\/"},"sameAs":["https:\/\/www.instagram.com\/fatordental\/"]}]}},"_links":{"self":[{"href":"https:\/\/fatordental.com.br\/index.php\/wp-json\/wp\/v2\/product\/998","targetHints":{"allow":["GET"]}}],"collection":[{"href":"https:\/\/fatordental.com.br\/index.php\/wp-json\/wp\/v2\/product"}],"about":[{"href":"https:\/\/fatordental.com.br\/index.php\/wp-json\/wp\/v2\/types\/product"}],"wp:featuredmedia":[{"embeddable":true,"href":"https:\/\/fatordental.com.br\/index.php\/wp-json\/wp\/v2\/media\/999"}],"wp:attachment":[{"href":"https:\/\/fatordental.com.br\/index.php\/wp-json\/wp\/v2\/media?parent=998"}],"wp:term":[{"taxonomy":"product_brand","embeddable":true,"href":"https:\/\/fatordental.com.br\/index.php\/wp-json\/wp\/v2\/product_brand?post=998"},{"taxonomy":"product_cat","embeddable":true,"href":"https:\/\/fatordental.com.br\/index.php\/wp-json\/wp\/v2\/product_cat?post=998"},{"taxonomy":"product_tag","embeddable":true,"href":"https:\/\/fatordental.com.br\/index.php\/wp-json\/wp\/v2\/product_tag?post=998"}],"curies":[{"name":"wp","href":"https:\/\/api.w.org\/{rel}","templated":true}]}}