{"id":988,"date":"2023-02-05T19:26:39","date_gmt":"2023-02-05T22:26:39","guid":{"rendered":"https:\/\/fatordental.com.br\/?post_type=product&#038;p=988"},"modified":"2023-02-05T19:26:39","modified_gmt":"2023-02-05T22:26:39","slug":"resina-fill-magic-vigodent","status":"publish","type":"product","link":"https:\/\/fatordental.com.br\/index.php\/produto\/resina-fill-magic-vigodent\/","title":{"rendered":"Resina Fill Magic &#8211; Vigodent"},"content":{"rendered":"<p class=\"value\"><strong>Embalagem com 1 seringa de 4g.<\/strong><\/p>\n<ul>\n<li><strong>DETALHES<\/strong><\/li>\n<\/ul>\n<p>&#8211; Consist\u00eancia: Composta.<br \/>\n&#8211; Grande condensabilidade.<br \/>\n&#8211; Altamente model\u00e1vel.<br \/>\n&#8211; Boa estabilidade de cor.<br \/>\n&#8211; Fotopolimeriz\u00e1vel.<br \/>\n&#8211; Grande variedade de cores da Escala Vita (selecion\u00e1vel).<br \/>\n&#8211; A presen\u00e7a de carga nanoparticulada proporciona um bom polimento inicial.<br \/>\n&#8211; Campo de aplica\u00e7\u00e3o: universal (anterior e posterior).<br \/>\n&#8211; Tamanho m\u00e9dio das part\u00edculas de 0,5 \u00b5m.<br \/>\n&#8211; Composi\u00e7\u00e3o: Bis-GMA, Bis-EMA, UDMA, TEGMA, fotoiniciador, cargas e pigmentos.<br \/>\n&#8211; Validade: 3 anos a partir da data de fabrica\u00e7\u00e3o.<br \/>\n&#8211; Registro ANVISA: 10068870069.<\/p>\n<ul>\n<li><strong>APLICA\u00c7\u00c3O<\/strong><\/li>\n<\/ul>\n<p>A\u00a0<strong>Resina Fill Magic<\/strong>\u00a0da\u00a0<strong>Vigodent<\/strong>\u00a0\u00e9 um comp\u00f3sito universal\u00a0<span class=\"NormalTextRun SCXW179702603 BCX0\" data-ccp-charstyle=\"eop\">h\u00edbrido<\/span>\u00a0fotopolimeriz\u00e1vel, desenvolvido com alto teor de carga e refor\u00e7ado com nanopart\u00edculas, indicado para uso em dentes anteriores e dentes posteriores. Al\u00e9m de apresentar boa consist\u00eancia e disponibilidade em diversas cores da Escala Vita, conta com fluoresc\u00eancia e opalesc\u00eancia naturais.<\/p>\n","protected":false},"excerpt":{"rendered":"<p>Embalagem com 1 seringa de 4g. DETALHES &#8211; Consist\u00eancia: Composta. &#8211; Grande condensabilidade. &#8211; Altamente model\u00e1vel. &#8211; Boa estabilidade de cor. &#8211; Fotopolimeriz\u00e1vel. &#8211; Grande variedade de cores da Escala [&hellip;]<\/p>\n","protected":false},"featured_media":989,"template":"","meta":[],"product_brand":[],"product_cat":[51,70],"product_tag":[],"class_list":{"0":"post-988","1":"product","2":"type-product","3":"status-publish","4":"has-post-thumbnail","6":"product_cat-dentistica-e-estetica","7":"product_cat-resina-composta","9":"first","10":"instock","11":"shipping-taxable","12":"product-type-simple"},"yoast_head":"<!-- This site is optimized with the Yoast SEO plugin v26.8 - https:\/\/yoast.com\/product\/yoast-seo-wordpress\/ -->\n<title>Resina Fill Magic - Vigodent - Fator Dental<\/title>\n<meta name=\"robots\" content=\"index, follow, max-snippet:-1, max-image-preview:large, max-video-preview:-1\" \/>\n<link rel=\"canonical\" href=\"https:\/\/fatordental.com.br\/index.php\/produto\/resina-fill-magic-vigodent\/\" \/>\n<meta property=\"og:locale\" content=\"pt_BR\" \/>\n<meta property=\"og:type\" content=\"article\" \/>\n<meta property=\"og:title\" content=\"Resina Fill Magic - Vigodent - Fator Dental\" \/>\n<meta property=\"og:description\" content=\"Embalagem com 1 seringa de 4g. DETALHES &#8211; Consist\u00eancia: Composta. &#8211; Grande condensabilidade. &#8211; Altamente model\u00e1vel. &#8211; Boa estabilidade de cor. &#8211; Fotopolimeriz\u00e1vel. &#8211; Grande variedade de cores da Escala [&hellip;]\" \/>\n<meta property=\"og:url\" content=\"https:\/\/fatordental.com.br\/index.php\/produto\/resina-fill-magic-vigodent\/\" \/>\n<meta property=\"og:site_name\" content=\"Fator Dental\" \/>\n<meta property=\"og:image\" content=\"https:\/\/fatordental.com.br\/wp-content\/uploads\/2023\/02\/resina-fill-magic-vigodent-dc10917.jpg\" \/>\n\t<meta property=\"og:image:width\" content=\"800\" \/>\n\t<meta property=\"og:image:height\" content=\"800\" \/>\n\t<meta property=\"og:image:type\" content=\"image\/jpeg\" \/>\n<meta name=\"twitter:card\" content=\"summary_large_image\" \/>\n<meta name=\"twitter:label1\" content=\"Est. tempo de leitura\" \/>\n\t<meta name=\"twitter:data1\" content=\"1 minuto\" \/>\n<script type=\"application\/ld+json\" class=\"yoast-schema-graph\">{\"@context\":\"https:\/\/schema.org\",\"@graph\":[{\"@type\":\"WebPage\",\"@id\":\"https:\/\/fatordental.com.br\/index.php\/produto\/resina-fill-magic-vigodent\/\",\"url\":\"https:\/\/fatordental.com.br\/index.php\/produto\/resina-fill-magic-vigodent\/\",\"name\":\"Resina Fill Magic - Vigodent - Fator Dental\",\"isPartOf\":{\"@id\":\"https:\/\/fatordental.com.br\/#website\"},\"primaryImageOfPage\":{\"@id\":\"https:\/\/fatordental.com.br\/index.php\/produto\/resina-fill-magic-vigodent\/#primaryimage\"},\"image\":{\"@id\":\"https:\/\/fatordental.com.br\/index.php\/produto\/resina-fill-magic-vigodent\/#primaryimage\"},\"thumbnailUrl\":\"https:\/\/fatordental.com.br\/wp-content\/uploads\/2023\/02\/resina-fill-magic-vigodent-dc10917.jpg\",\"datePublished\":\"2023-02-05T22:26:39+00:00\",\"breadcrumb\":{\"@id\":\"https:\/\/fatordental.com.br\/index.php\/produto\/resina-fill-magic-vigodent\/#breadcrumb\"},\"inLanguage\":\"pt-BR\",\"potentialAction\":[{\"@type\":\"ReadAction\",\"target\":[\"https:\/\/fatordental.com.br\/index.php\/produto\/resina-fill-magic-vigodent\/\"]}]},{\"@type\":\"ImageObject\",\"inLanguage\":\"pt-BR\",\"@id\":\"https:\/\/fatordental.com.br\/index.php\/produto\/resina-fill-magic-vigodent\/#primaryimage\",\"url\":\"https:\/\/fatordental.com.br\/wp-content\/uploads\/2023\/02\/resina-fill-magic-vigodent-dc10917.jpg\",\"contentUrl\":\"https:\/\/fatordental.com.br\/wp-content\/uploads\/2023\/02\/resina-fill-magic-vigodent-dc10917.jpg\",\"width\":800,\"height\":800},{\"@type\":\"BreadcrumbList\",\"@id\":\"https:\/\/fatordental.com.br\/index.php\/produto\/resina-fill-magic-vigodent\/#breadcrumb\",\"itemListElement\":[{\"@type\":\"ListItem\",\"position\":1,\"name\":\"In\u00edcio\",\"item\":\"https:\/\/fatordental.com.br\/\"},{\"@type\":\"ListItem\",\"position\":2,\"name\":\"Produtos\",\"item\":\"https:\/\/fatordental.com.br\/index.php\/produtos\/\"},{\"@type\":\"ListItem\",\"position\":3,\"name\":\"Resina Fill Magic &#8211; Vigodent\"}]},{\"@type\":\"WebSite\",\"@id\":\"https:\/\/fatordental.com.br\/#website\",\"url\":\"https:\/\/fatordental.com.br\/\",\"name\":\"Fator Dental\",\"description\":\"Produtos Ondontol\u00f3gicos\",\"publisher\":{\"@id\":\"https:\/\/fatordental.com.br\/#organization\"},\"potentialAction\":[{\"@type\":\"SearchAction\",\"target\":{\"@type\":\"EntryPoint\",\"urlTemplate\":\"https:\/\/fatordental.com.br\/?s={search_term_string}\"},\"query-input\":{\"@type\":\"PropertyValueSpecification\",\"valueRequired\":true,\"valueName\":\"search_term_string\"}}],\"inLanguage\":\"pt-BR\"},{\"@type\":\"Organization\",\"@id\":\"https:\/\/fatordental.com.br\/#organization\",\"name\":\"Fator Dental\",\"url\":\"https:\/\/fatordental.com.br\/\",\"logo\":{\"@type\":\"ImageObject\",\"inLanguage\":\"pt-BR\",\"@id\":\"https:\/\/fatordental.com.br\/#\/schema\/logo\/image\/\",\"url\":\"https:\/\/fatordental.com.br\/wp-content\/uploads\/2023\/02\/logo_fator.png\",\"contentUrl\":\"https:\/\/fatordental.com.br\/wp-content\/uploads\/2023\/02\/logo_fator.png\",\"width\":400,\"height\":256,\"caption\":\"Fator Dental\"},\"image\":{\"@id\":\"https:\/\/fatordental.com.br\/#\/schema\/logo\/image\/\"},\"sameAs\":[\"https:\/\/www.instagram.com\/fatordental\/\"]}]}<\/script>\n<!-- \/ Yoast SEO plugin. -->","yoast_head_json":{"title":"Resina Fill Magic - Vigodent - Fator Dental","robots":{"index":"index","follow":"follow","max-snippet":"max-snippet:-1","max-image-preview":"max-image-preview:large","max-video-preview":"max-video-preview:-1"},"canonical":"https:\/\/fatordental.com.br\/index.php\/produto\/resina-fill-magic-vigodent\/","og_locale":"pt_BR","og_type":"article","og_title":"Resina Fill Magic - Vigodent - Fator Dental","og_description":"Embalagem com 1 seringa de 4g. DETALHES &#8211; Consist\u00eancia: Composta. &#8211; Grande condensabilidade. &#8211; Altamente model\u00e1vel. &#8211; Boa estabilidade de cor. &#8211; Fotopolimeriz\u00e1vel. &#8211; Grande variedade de cores da Escala [&hellip;]","og_url":"https:\/\/fatordental.com.br\/index.php\/produto\/resina-fill-magic-vigodent\/","og_site_name":"Fator Dental","og_image":[{"width":800,"height":800,"url":"https:\/\/fatordental.com.br\/wp-content\/uploads\/2023\/02\/resina-fill-magic-vigodent-dc10917.jpg","type":"image\/jpeg"}],"twitter_card":"summary_large_image","twitter_misc":{"Est. tempo de leitura":"1 minuto"},"schema":{"@context":"https:\/\/schema.org","@graph":[{"@type":"WebPage","@id":"https:\/\/fatordental.com.br\/index.php\/produto\/resina-fill-magic-vigodent\/","url":"https:\/\/fatordental.com.br\/index.php\/produto\/resina-fill-magic-vigodent\/","name":"Resina Fill Magic - Vigodent - Fator Dental","isPartOf":{"@id":"https:\/\/fatordental.com.br\/#website"},"primaryImageOfPage":{"@id":"https:\/\/fatordental.com.br\/index.php\/produto\/resina-fill-magic-vigodent\/#primaryimage"},"image":{"@id":"https:\/\/fatordental.com.br\/index.php\/produto\/resina-fill-magic-vigodent\/#primaryimage"},"thumbnailUrl":"https:\/\/fatordental.com.br\/wp-content\/uploads\/2023\/02\/resina-fill-magic-vigodent-dc10917.jpg","datePublished":"2023-02-05T22:26:39+00:00","breadcrumb":{"@id":"https:\/\/fatordental.com.br\/index.php\/produto\/resina-fill-magic-vigodent\/#breadcrumb"},"inLanguage":"pt-BR","potentialAction":[{"@type":"ReadAction","target":["https:\/\/fatordental.com.br\/index.php\/produto\/resina-fill-magic-vigodent\/"]}]},{"@type":"ImageObject","inLanguage":"pt-BR","@id":"https:\/\/fatordental.com.br\/index.php\/produto\/resina-fill-magic-vigodent\/#primaryimage","url":"https:\/\/fatordental.com.br\/wp-content\/uploads\/2023\/02\/resina-fill-magic-vigodent-dc10917.jpg","contentUrl":"https:\/\/fatordental.com.br\/wp-content\/uploads\/2023\/02\/resina-fill-magic-vigodent-dc10917.jpg","width":800,"height":800},{"@type":"BreadcrumbList","@id":"https:\/\/fatordental.com.br\/index.php\/produto\/resina-fill-magic-vigodent\/#breadcrumb","itemListElement":[{"@type":"ListItem","position":1,"name":"In\u00edcio","item":"https:\/\/fatordental.com.br\/"},{"@type":"ListItem","position":2,"name":"Produtos","item":"https:\/\/fatordental.com.br\/index.php\/produtos\/"},{"@type":"ListItem","position":3,"name":"Resina Fill Magic &#8211; Vigodent"}]},{"@type":"WebSite","@id":"https:\/\/fatordental.com.br\/#website","url":"https:\/\/fatordental.com.br\/","name":"Fator Dental","description":"Produtos Ondontol\u00f3gicos","publisher":{"@id":"https:\/\/fatordental.com.br\/#organization"},"potentialAction":[{"@type":"SearchAction","target":{"@type":"EntryPoint","urlTemplate":"https:\/\/fatordental.com.br\/?s={search_term_string}"},"query-input":{"@type":"PropertyValueSpecification","valueRequired":true,"valueName":"search_term_string"}}],"inLanguage":"pt-BR"},{"@type":"Organization","@id":"https:\/\/fatordental.com.br\/#organization","name":"Fator Dental","url":"https:\/\/fatordental.com.br\/","logo":{"@type":"ImageObject","inLanguage":"pt-BR","@id":"https:\/\/fatordental.com.br\/#\/schema\/logo\/image\/","url":"https:\/\/fatordental.com.br\/wp-content\/uploads\/2023\/02\/logo_fator.png","contentUrl":"https:\/\/fatordental.com.br\/wp-content\/uploads\/2023\/02\/logo_fator.png","width":400,"height":256,"caption":"Fator Dental"},"image":{"@id":"https:\/\/fatordental.com.br\/#\/schema\/logo\/image\/"},"sameAs":["https:\/\/www.instagram.com\/fatordental\/"]}]}},"_links":{"self":[{"href":"https:\/\/fatordental.com.br\/index.php\/wp-json\/wp\/v2\/product\/988","targetHints":{"allow":["GET"]}}],"collection":[{"href":"https:\/\/fatordental.com.br\/index.php\/wp-json\/wp\/v2\/product"}],"about":[{"href":"https:\/\/fatordental.com.br\/index.php\/wp-json\/wp\/v2\/types\/product"}],"wp:featuredmedia":[{"embeddable":true,"href":"https:\/\/fatordental.com.br\/index.php\/wp-json\/wp\/v2\/media\/989"}],"wp:attachment":[{"href":"https:\/\/fatordental.com.br\/index.php\/wp-json\/wp\/v2\/media?parent=988"}],"wp:term":[{"taxonomy":"product_brand","embeddable":true,"href":"https:\/\/fatordental.com.br\/index.php\/wp-json\/wp\/v2\/product_brand?post=988"},{"taxonomy":"product_cat","embeddable":true,"href":"https:\/\/fatordental.com.br\/index.php\/wp-json\/wp\/v2\/product_cat?post=988"},{"taxonomy":"product_tag","embeddable":true,"href":"https:\/\/fatordental.com.br\/index.php\/wp-json\/wp\/v2\/product_tag?post=988"}],"curies":[{"name":"wp","href":"https:\/\/api.w.org\/{rel}","templated":true}]}}