{"id":986,"date":"2023-02-05T19:21:41","date_gmt":"2023-02-05T22:21:41","guid":{"rendered":"https:\/\/fatordental.com.br\/?post_type=product&#038;p=986"},"modified":"2023-02-05T19:21:42","modified_gmt":"2023-02-05T22:21:42","slug":"resina-umidificadora-composite-wetting-resin-ultradent","status":"publish","type":"product","link":"https:\/\/fatordental.com.br\/index.php\/produto\/resina-umidificadora-composite-wetting-resin-ultradent\/","title":{"rendered":"Resina Umidificadora Composite Wetting Resin &#8211; Ultradent"},"content":{"rendered":"<p class=\"value\"><strong>Embalagem com 2 seringas de 1,2ml.<\/strong><\/p>\n<p>&nbsp;<\/p>\n<ul>\n<li><strong>DETALHES<\/strong><\/li>\n<\/ul>\n<p>&#8211; Composite Wetting Resin \u00e9 uma resina l\u00edquida fotopolimeriz\u00e1vel com 45% e carga.<br \/>\n&#8211; \u00c9 significativamente superior aos adesivos monocomponentes, j\u00e1 que n\u00e3o contem solventes que podem inibir a polimeriza\u00e7\u00e3o da resina.<br \/>\n&#8211; Use a resina l\u00edquida durante a fase incremental de materiais comp\u00f3sitos.<br \/>\n&#8211; A resina umectante para comp\u00f3sitos pode ser colocada sobre a superf\u00edcie do comp\u00f3sito se ela se tornar seca e dificultar o contorno do formato e acabamento.<br \/>\n&#8211; Use a resina l\u00edquida em um instrumento ou pincel para aumentar o deslize.<br \/>\n&#8211; Composite Wetting Resin facilita a adapta\u00e7\u00e3o da restaura\u00e7\u00e3o e prepara\u00e7\u00e3o da restaura\u00e7\u00e3o de resina composta sem altera\u00e7\u00e3o de resist\u00eancia ou cor, porque n\u00e3o contem HEMA.<br \/>\n&#8211; Validade: 40 meses ap\u00f3s a data de fabrica\u00e7\u00e3o.<br \/>\n&#8211; Registro ANVISA: 80279910054.<\/p>\n<ul>\n<li><strong>APLICA\u00c7\u00c3O\u00a0<\/strong><\/li>\n<\/ul>\n<p>A indica\u00e7\u00e3o de uso Wetting Resin assim como de outros fabricantes de resina fluida ou liquida, \u00e9 facilitar o manuseio e a esculpibilidade da resina composta pela esp\u00e1tula, facilitando e otimizando o tempo de trabalho do profissional.<\/p>\n","protected":false},"excerpt":{"rendered":"<p>Embalagem com 2 seringas de 1,2ml. &nbsp; DETALHES &#8211; Composite Wetting Resin \u00e9 uma resina l\u00edquida fotopolimeriz\u00e1vel com 45% e carga. &#8211; \u00c9 significativamente superior aos adesivos monocomponentes, j\u00e1 que [&hellip;]<\/p>\n","protected":false},"featured_media":987,"template":"","meta":[],"product_brand":[],"product_cat":[51,74],"product_tag":[],"class_list":{"0":"post-986","1":"product","2":"type-product","3":"status-publish","4":"has-post-thumbnail","6":"product_cat-dentistica-e-estetica","7":"product_cat-umidificador-de-resina","9":"first","10":"instock","11":"shipping-taxable","12":"product-type-simple"},"yoast_head":"<!-- This site is optimized with the Yoast SEO plugin v26.8 - https:\/\/yoast.com\/product\/yoast-seo-wordpress\/ -->\n<title>Resina Umidificadora Composite Wetting Resin - Ultradent - Fator Dental<\/title>\n<meta name=\"robots\" content=\"index, follow, max-snippet:-1, max-image-preview:large, max-video-preview:-1\" \/>\n<link rel=\"canonical\" href=\"https:\/\/fatordental.com.br\/index.php\/produto\/resina-umidificadora-composite-wetting-resin-ultradent\/\" \/>\n<meta property=\"og:locale\" content=\"pt_BR\" \/>\n<meta property=\"og:type\" content=\"article\" \/>\n<meta property=\"og:title\" content=\"Resina Umidificadora Composite Wetting Resin - Ultradent - Fator Dental\" \/>\n<meta property=\"og:description\" content=\"Embalagem com 2 seringas de 1,2ml. &nbsp; DETALHES &#8211; Composite Wetting Resin \u00e9 uma resina l\u00edquida fotopolimeriz\u00e1vel com 45% e carga. &#8211; \u00c9 significativamente superior aos adesivos monocomponentes, j\u00e1 que [&hellip;]\" \/>\n<meta property=\"og:url\" content=\"https:\/\/fatordental.com.br\/index.php\/produto\/resina-umidificadora-composite-wetting-resin-ultradent\/\" \/>\n<meta property=\"og:site_name\" content=\"Fator Dental\" \/>\n<meta property=\"article:modified_time\" content=\"2023-02-05T22:21:42+00:00\" \/>\n<meta property=\"og:image\" content=\"https:\/\/fatordental.com.br\/wp-content\/uploads\/2023\/02\/Resina-umidificadora-ultradent.jpg\" \/>\n\t<meta property=\"og:image:width\" content=\"550\" \/>\n\t<meta property=\"og:image:height\" content=\"550\" \/>\n\t<meta property=\"og:image:type\" content=\"image\/jpeg\" \/>\n<meta name=\"twitter:card\" content=\"summary_large_image\" \/>\n<meta name=\"twitter:label1\" content=\"Est. tempo de leitura\" \/>\n\t<meta name=\"twitter:data1\" content=\"1 minuto\" \/>\n<script type=\"application\/ld+json\" class=\"yoast-schema-graph\">{\"@context\":\"https:\/\/schema.org\",\"@graph\":[{\"@type\":\"WebPage\",\"@id\":\"https:\/\/fatordental.com.br\/index.php\/produto\/resina-umidificadora-composite-wetting-resin-ultradent\/\",\"url\":\"https:\/\/fatordental.com.br\/index.php\/produto\/resina-umidificadora-composite-wetting-resin-ultradent\/\",\"name\":\"Resina Umidificadora Composite Wetting Resin - Ultradent - Fator Dental\",\"isPartOf\":{\"@id\":\"https:\/\/fatordental.com.br\/#website\"},\"primaryImageOfPage\":{\"@id\":\"https:\/\/fatordental.com.br\/index.php\/produto\/resina-umidificadora-composite-wetting-resin-ultradent\/#primaryimage\"},\"image\":{\"@id\":\"https:\/\/fatordental.com.br\/index.php\/produto\/resina-umidificadora-composite-wetting-resin-ultradent\/#primaryimage\"},\"thumbnailUrl\":\"https:\/\/fatordental.com.br\/wp-content\/uploads\/2023\/02\/Resina-umidificadora-ultradent.jpg\",\"datePublished\":\"2023-02-05T22:21:41+00:00\",\"dateModified\":\"2023-02-05T22:21:42+00:00\",\"breadcrumb\":{\"@id\":\"https:\/\/fatordental.com.br\/index.php\/produto\/resina-umidificadora-composite-wetting-resin-ultradent\/#breadcrumb\"},\"inLanguage\":\"pt-BR\",\"potentialAction\":[{\"@type\":\"ReadAction\",\"target\":[\"https:\/\/fatordental.com.br\/index.php\/produto\/resina-umidificadora-composite-wetting-resin-ultradent\/\"]}]},{\"@type\":\"ImageObject\",\"inLanguage\":\"pt-BR\",\"@id\":\"https:\/\/fatordental.com.br\/index.php\/produto\/resina-umidificadora-composite-wetting-resin-ultradent\/#primaryimage\",\"url\":\"https:\/\/fatordental.com.br\/wp-content\/uploads\/2023\/02\/Resina-umidificadora-ultradent.jpg\",\"contentUrl\":\"https:\/\/fatordental.com.br\/wp-content\/uploads\/2023\/02\/Resina-umidificadora-ultradent.jpg\",\"width\":550,\"height\":550},{\"@type\":\"BreadcrumbList\",\"@id\":\"https:\/\/fatordental.com.br\/index.php\/produto\/resina-umidificadora-composite-wetting-resin-ultradent\/#breadcrumb\",\"itemListElement\":[{\"@type\":\"ListItem\",\"position\":1,\"name\":\"In\u00edcio\",\"item\":\"https:\/\/fatordental.com.br\/\"},{\"@type\":\"ListItem\",\"position\":2,\"name\":\"Produtos\",\"item\":\"https:\/\/fatordental.com.br\/index.php\/produtos\/\"},{\"@type\":\"ListItem\",\"position\":3,\"name\":\"Resina Umidificadora Composite Wetting Resin &#8211; Ultradent\"}]},{\"@type\":\"WebSite\",\"@id\":\"https:\/\/fatordental.com.br\/#website\",\"url\":\"https:\/\/fatordental.com.br\/\",\"name\":\"Fator Dental\",\"description\":\"Produtos Ondontol\u00f3gicos\",\"publisher\":{\"@id\":\"https:\/\/fatordental.com.br\/#organization\"},\"potentialAction\":[{\"@type\":\"SearchAction\",\"target\":{\"@type\":\"EntryPoint\",\"urlTemplate\":\"https:\/\/fatordental.com.br\/?s={search_term_string}\"},\"query-input\":{\"@type\":\"PropertyValueSpecification\",\"valueRequired\":true,\"valueName\":\"search_term_string\"}}],\"inLanguage\":\"pt-BR\"},{\"@type\":\"Organization\",\"@id\":\"https:\/\/fatordental.com.br\/#organization\",\"name\":\"Fator Dental\",\"url\":\"https:\/\/fatordental.com.br\/\",\"logo\":{\"@type\":\"ImageObject\",\"inLanguage\":\"pt-BR\",\"@id\":\"https:\/\/fatordental.com.br\/#\/schema\/logo\/image\/\",\"url\":\"https:\/\/fatordental.com.br\/wp-content\/uploads\/2023\/02\/logo_fator.png\",\"contentUrl\":\"https:\/\/fatordental.com.br\/wp-content\/uploads\/2023\/02\/logo_fator.png\",\"width\":400,\"height\":256,\"caption\":\"Fator Dental\"},\"image\":{\"@id\":\"https:\/\/fatordental.com.br\/#\/schema\/logo\/image\/\"},\"sameAs\":[\"https:\/\/www.instagram.com\/fatordental\/\"]}]}<\/script>\n<!-- \/ Yoast SEO plugin. -->","yoast_head_json":{"title":"Resina Umidificadora Composite Wetting Resin - Ultradent - Fator Dental","robots":{"index":"index","follow":"follow","max-snippet":"max-snippet:-1","max-image-preview":"max-image-preview:large","max-video-preview":"max-video-preview:-1"},"canonical":"https:\/\/fatordental.com.br\/index.php\/produto\/resina-umidificadora-composite-wetting-resin-ultradent\/","og_locale":"pt_BR","og_type":"article","og_title":"Resina Umidificadora Composite Wetting Resin - Ultradent - Fator Dental","og_description":"Embalagem com 2 seringas de 1,2ml. &nbsp; DETALHES &#8211; Composite Wetting Resin \u00e9 uma resina l\u00edquida fotopolimeriz\u00e1vel com 45% e carga. &#8211; \u00c9 significativamente superior aos adesivos monocomponentes, j\u00e1 que [&hellip;]","og_url":"https:\/\/fatordental.com.br\/index.php\/produto\/resina-umidificadora-composite-wetting-resin-ultradent\/","og_site_name":"Fator Dental","article_modified_time":"2023-02-05T22:21:42+00:00","og_image":[{"width":550,"height":550,"url":"https:\/\/fatordental.com.br\/wp-content\/uploads\/2023\/02\/Resina-umidificadora-ultradent.jpg","type":"image\/jpeg"}],"twitter_card":"summary_large_image","twitter_misc":{"Est. tempo de leitura":"1 minuto"},"schema":{"@context":"https:\/\/schema.org","@graph":[{"@type":"WebPage","@id":"https:\/\/fatordental.com.br\/index.php\/produto\/resina-umidificadora-composite-wetting-resin-ultradent\/","url":"https:\/\/fatordental.com.br\/index.php\/produto\/resina-umidificadora-composite-wetting-resin-ultradent\/","name":"Resina Umidificadora Composite Wetting Resin - Ultradent - Fator Dental","isPartOf":{"@id":"https:\/\/fatordental.com.br\/#website"},"primaryImageOfPage":{"@id":"https:\/\/fatordental.com.br\/index.php\/produto\/resina-umidificadora-composite-wetting-resin-ultradent\/#primaryimage"},"image":{"@id":"https:\/\/fatordental.com.br\/index.php\/produto\/resina-umidificadora-composite-wetting-resin-ultradent\/#primaryimage"},"thumbnailUrl":"https:\/\/fatordental.com.br\/wp-content\/uploads\/2023\/02\/Resina-umidificadora-ultradent.jpg","datePublished":"2023-02-05T22:21:41+00:00","dateModified":"2023-02-05T22:21:42+00:00","breadcrumb":{"@id":"https:\/\/fatordental.com.br\/index.php\/produto\/resina-umidificadora-composite-wetting-resin-ultradent\/#breadcrumb"},"inLanguage":"pt-BR","potentialAction":[{"@type":"ReadAction","target":["https:\/\/fatordental.com.br\/index.php\/produto\/resina-umidificadora-composite-wetting-resin-ultradent\/"]}]},{"@type":"ImageObject","inLanguage":"pt-BR","@id":"https:\/\/fatordental.com.br\/index.php\/produto\/resina-umidificadora-composite-wetting-resin-ultradent\/#primaryimage","url":"https:\/\/fatordental.com.br\/wp-content\/uploads\/2023\/02\/Resina-umidificadora-ultradent.jpg","contentUrl":"https:\/\/fatordental.com.br\/wp-content\/uploads\/2023\/02\/Resina-umidificadora-ultradent.jpg","width":550,"height":550},{"@type":"BreadcrumbList","@id":"https:\/\/fatordental.com.br\/index.php\/produto\/resina-umidificadora-composite-wetting-resin-ultradent\/#breadcrumb","itemListElement":[{"@type":"ListItem","position":1,"name":"In\u00edcio","item":"https:\/\/fatordental.com.br\/"},{"@type":"ListItem","position":2,"name":"Produtos","item":"https:\/\/fatordental.com.br\/index.php\/produtos\/"},{"@type":"ListItem","position":3,"name":"Resina Umidificadora Composite Wetting Resin &#8211; Ultradent"}]},{"@type":"WebSite","@id":"https:\/\/fatordental.com.br\/#website","url":"https:\/\/fatordental.com.br\/","name":"Fator Dental","description":"Produtos Ondontol\u00f3gicos","publisher":{"@id":"https:\/\/fatordental.com.br\/#organization"},"potentialAction":[{"@type":"SearchAction","target":{"@type":"EntryPoint","urlTemplate":"https:\/\/fatordental.com.br\/?s={search_term_string}"},"query-input":{"@type":"PropertyValueSpecification","valueRequired":true,"valueName":"search_term_string"}}],"inLanguage":"pt-BR"},{"@type":"Organization","@id":"https:\/\/fatordental.com.br\/#organization","name":"Fator Dental","url":"https:\/\/fatordental.com.br\/","logo":{"@type":"ImageObject","inLanguage":"pt-BR","@id":"https:\/\/fatordental.com.br\/#\/schema\/logo\/image\/","url":"https:\/\/fatordental.com.br\/wp-content\/uploads\/2023\/02\/logo_fator.png","contentUrl":"https:\/\/fatordental.com.br\/wp-content\/uploads\/2023\/02\/logo_fator.png","width":400,"height":256,"caption":"Fator Dental"},"image":{"@id":"https:\/\/fatordental.com.br\/#\/schema\/logo\/image\/"},"sameAs":["https:\/\/www.instagram.com\/fatordental\/"]}]}},"_links":{"self":[{"href":"https:\/\/fatordental.com.br\/index.php\/wp-json\/wp\/v2\/product\/986","targetHints":{"allow":["GET"]}}],"collection":[{"href":"https:\/\/fatordental.com.br\/index.php\/wp-json\/wp\/v2\/product"}],"about":[{"href":"https:\/\/fatordental.com.br\/index.php\/wp-json\/wp\/v2\/types\/product"}],"wp:featuredmedia":[{"embeddable":true,"href":"https:\/\/fatordental.com.br\/index.php\/wp-json\/wp\/v2\/media\/987"}],"wp:attachment":[{"href":"https:\/\/fatordental.com.br\/index.php\/wp-json\/wp\/v2\/media?parent=986"}],"wp:term":[{"taxonomy":"product_brand","embeddable":true,"href":"https:\/\/fatordental.com.br\/index.php\/wp-json\/wp\/v2\/product_brand?post=986"},{"taxonomy":"product_cat","embeddable":true,"href":"https:\/\/fatordental.com.br\/index.php\/wp-json\/wp\/v2\/product_cat?post=986"},{"taxonomy":"product_tag","embeddable":true,"href":"https:\/\/fatordental.com.br\/index.php\/wp-json\/wp\/v2\/product_tag?post=986"}],"curies":[{"name":"wp","href":"https:\/\/api.w.org\/{rel}","templated":true}]}}