{"id":982,"date":"2023-02-05T19:02:04","date_gmt":"2023-02-05T22:02:04","guid":{"rendered":"https:\/\/fatordental.com.br\/?post_type=product&#038;p=982"},"modified":"2023-02-05T19:07:10","modified_gmt":"2023-02-05T22:07:10","slug":"dessensibilizante-desensibilize-kf-2-fgm-2","status":"publish","type":"product","link":"https:\/\/fatordental.com.br\/index.php\/produto\/dessensibilizante-desensibilize-kf-2-fgm-2\/","title":{"rendered":"Dessensibilizante Desensibilize KF 2% &#8211; FGM"},"content":{"rendered":"<p class=\"value\"><strong>Embalagem com 1 seringa com 2,5g + 1 ponteira.<\/strong><\/p>\n<p>&nbsp;<\/p>\n<ul>\n<li><strong>DETALHES<\/strong><\/li>\n<\/ul>\n<p>&#8211; KF 2% de fluoreto de s\u00f3dio \u00e9 de uso exclusivo por cirurgi\u00e3o-dentista e aplica\u00e7\u00e3o em consult\u00f3rio.<\/p>\n<p>&#8211; Dessensibilizante \u00e0 base de nitrato de pot\u00e1ssio e fluoreto de s\u00f3dio.<\/p>\n<p>&#8211; Conta com dupla a\u00e7\u00e3o dessensibilizante: a\u00e7\u00e3o neural e oclusiva.<\/p>\n<p>&#8211; Boa consist\u00eancia para proporcionar f\u00e1cil aplica\u00e7\u00e3o.<\/p>\n<p>&#8211; Gel que n\u00e3o interfere no clareamento dental.<\/p>\n<p>&#8211; Maior conforto para o paciente.<\/p>\n<p>&#8211; Gel de baixa viscosidade.<\/p>\n<p>&#8211; Registro ANVISA: 80172310018.<\/p>\n<p>&nbsp;<\/p>\n<ul>\n<li><strong>APLICA\u00c7\u00c3O\u00a0<\/strong><\/li>\n<\/ul>\n<p>O\u00a0<strong>Dessensibilizante Desensibilize KF 2%<\/strong>\u00a0da\u00a0<a href=\"https:\/\/www.dentalcremer.com.br\/super-loja\/fgm.html\" target=\"_blank\" rel=\"noopener\"><strong>FGM<\/strong>\u00a0<\/a>\u00e9 um gel com \u00f3tima consist\u00eancia de aplica\u00e7\u00e3o, indicado para tratar e prevenir a hipersensibilidade dental antes, durante e\/ou depois do procedimento de clareamento dental, causada por recess\u00f5es gengivais ou por tratamento periodontal.<\/p>\n<p>Conta com dupla a\u00e7\u00e3o dessensibilizante atrav\u00e9s de a\u00e7\u00e3o neural (nitrato de pot\u00e1ssio) e a\u00e7\u00e3o oclusiva (fluoreto de s\u00f3dio).<\/p>\n<h2><strong>Orienta\u00e7\u00f5es de uso do Dessensibilizante Desensibilize KF 2% da FGM<\/strong><\/h2>\n<ul>\n<li>Realizar a profilaxia dental para deixar a superf\u00edcie isenta de biofilme.<\/li>\n<li>Aplicar o gel dessensibilizante e aguardar no m\u00ednimo 10 minutos.<\/li>\n<li>Ap\u00f3s, remover o gel e secar os dentes e gengiva.<\/li>\n<li><strong>Observa\u00e7\u00e3o:<\/strong>\u00a0repetir a aplica\u00e7\u00e3o do produto conforme necessidade. O n\u00famero de aplica\u00e7\u00f5es n\u00e3o deve exceder uma vez ao dia.<\/li>\n<\/ul>\n","protected":false},"excerpt":{"rendered":"<p>Embalagem com 1 seringa com 2,5g + 1 ponteira. &nbsp; DETALHES &#8211; KF 2% de fluoreto de s\u00f3dio \u00e9 de uso exclusivo por cirurgi\u00e3o-dentista e aplica\u00e7\u00e3o em consult\u00f3rio. &#8211; Dessensibilizante [&hellip;]<\/p>\n","protected":false},"featured_media":983,"template":"","meta":[],"product_brand":[],"product_cat":[51,58],"product_tag":[],"class_list":{"0":"post-982","1":"product","2":"type-product","3":"status-publish","4":"has-post-thumbnail","6":"product_cat-dentistica-e-estetica","7":"product_cat-dessensibilizante","9":"first","10":"instock","11":"shipping-taxable","12":"product-type-simple"},"yoast_head":"<!-- This site is optimized with the Yoast SEO plugin v26.8 - https:\/\/yoast.com\/product\/yoast-seo-wordpress\/ -->\n<title>Dessensibilizante Desensibilize KF 2% - FGM - Fator Dental<\/title>\n<meta name=\"robots\" content=\"index, follow, max-snippet:-1, max-image-preview:large, max-video-preview:-1\" \/>\n<link rel=\"canonical\" href=\"https:\/\/fatordental.com.br\/index.php\/produto\/dessensibilizante-desensibilize-kf-2-fgm-2\/\" \/>\n<meta property=\"og:locale\" content=\"pt_BR\" \/>\n<meta property=\"og:type\" content=\"article\" \/>\n<meta property=\"og:title\" content=\"Dessensibilizante Desensibilize KF 2% - FGM - Fator Dental\" \/>\n<meta property=\"og:description\" content=\"Embalagem com 1 seringa com 2,5g + 1 ponteira. &nbsp; DETALHES &#8211; KF 2% de fluoreto de s\u00f3dio \u00e9 de uso exclusivo por cirurgi\u00e3o-dentista e aplica\u00e7\u00e3o em consult\u00f3rio. &#8211; Dessensibilizante [&hellip;]\" \/>\n<meta property=\"og:url\" content=\"https:\/\/fatordental.com.br\/index.php\/produto\/dessensibilizante-desensibilize-kf-2-fgm-2\/\" \/>\n<meta property=\"og:site_name\" content=\"Fator Dental\" \/>\n<meta property=\"article:modified_time\" content=\"2023-02-05T22:07:10+00:00\" \/>\n<meta property=\"og:image\" content=\"https:\/\/fatordental.com.br\/wp-content\/uploads\/2023\/02\/dessensibilizante-desensibilize-kf-2-fgm-272222.jpg\" \/>\n\t<meta property=\"og:image:width\" content=\"900\" \/>\n\t<meta property=\"og:image:height\" content=\"900\" \/>\n\t<meta property=\"og:image:type\" content=\"image\/jpeg\" \/>\n<meta name=\"twitter:card\" content=\"summary_large_image\" \/>\n<meta name=\"twitter:label1\" content=\"Est. tempo de leitura\" \/>\n\t<meta name=\"twitter:data1\" content=\"2 minutos\" \/>\n<script type=\"application\/ld+json\" class=\"yoast-schema-graph\">{\"@context\":\"https:\/\/schema.org\",\"@graph\":[{\"@type\":\"WebPage\",\"@id\":\"https:\/\/fatordental.com.br\/index.php\/produto\/dessensibilizante-desensibilize-kf-2-fgm-2\/\",\"url\":\"https:\/\/fatordental.com.br\/index.php\/produto\/dessensibilizante-desensibilize-kf-2-fgm-2\/\",\"name\":\"Dessensibilizante Desensibilize KF 2% - FGM - Fator Dental\",\"isPartOf\":{\"@id\":\"https:\/\/fatordental.com.br\/#website\"},\"primaryImageOfPage\":{\"@id\":\"https:\/\/fatordental.com.br\/index.php\/produto\/dessensibilizante-desensibilize-kf-2-fgm-2\/#primaryimage\"},\"image\":{\"@id\":\"https:\/\/fatordental.com.br\/index.php\/produto\/dessensibilizante-desensibilize-kf-2-fgm-2\/#primaryimage\"},\"thumbnailUrl\":\"https:\/\/fatordental.com.br\/wp-content\/uploads\/2023\/02\/dessensibilizante-desensibilize-kf-2-fgm-272222.jpg\",\"datePublished\":\"2023-02-05T22:02:04+00:00\",\"dateModified\":\"2023-02-05T22:07:10+00:00\",\"breadcrumb\":{\"@id\":\"https:\/\/fatordental.com.br\/index.php\/produto\/dessensibilizante-desensibilize-kf-2-fgm-2\/#breadcrumb\"},\"inLanguage\":\"pt-BR\",\"potentialAction\":[{\"@type\":\"ReadAction\",\"target\":[\"https:\/\/fatordental.com.br\/index.php\/produto\/dessensibilizante-desensibilize-kf-2-fgm-2\/\"]}]},{\"@type\":\"ImageObject\",\"inLanguage\":\"pt-BR\",\"@id\":\"https:\/\/fatordental.com.br\/index.php\/produto\/dessensibilizante-desensibilize-kf-2-fgm-2\/#primaryimage\",\"url\":\"https:\/\/fatordental.com.br\/wp-content\/uploads\/2023\/02\/dessensibilizante-desensibilize-kf-2-fgm-272222.jpg\",\"contentUrl\":\"https:\/\/fatordental.com.br\/wp-content\/uploads\/2023\/02\/dessensibilizante-desensibilize-kf-2-fgm-272222.jpg\",\"width\":900,\"height\":900},{\"@type\":\"BreadcrumbList\",\"@id\":\"https:\/\/fatordental.com.br\/index.php\/produto\/dessensibilizante-desensibilize-kf-2-fgm-2\/#breadcrumb\",\"itemListElement\":[{\"@type\":\"ListItem\",\"position\":1,\"name\":\"In\u00edcio\",\"item\":\"https:\/\/fatordental.com.br\/\"},{\"@type\":\"ListItem\",\"position\":2,\"name\":\"Produtos\",\"item\":\"https:\/\/fatordental.com.br\/index.php\/produtos\/\"},{\"@type\":\"ListItem\",\"position\":3,\"name\":\"Dessensibilizante Desensibilize KF 2% &#8211; FGM\"}]},{\"@type\":\"WebSite\",\"@id\":\"https:\/\/fatordental.com.br\/#website\",\"url\":\"https:\/\/fatordental.com.br\/\",\"name\":\"Fator Dental\",\"description\":\"Produtos Ondontol\u00f3gicos\",\"publisher\":{\"@id\":\"https:\/\/fatordental.com.br\/#organization\"},\"potentialAction\":[{\"@type\":\"SearchAction\",\"target\":{\"@type\":\"EntryPoint\",\"urlTemplate\":\"https:\/\/fatordental.com.br\/?s={search_term_string}\"},\"query-input\":{\"@type\":\"PropertyValueSpecification\",\"valueRequired\":true,\"valueName\":\"search_term_string\"}}],\"inLanguage\":\"pt-BR\"},{\"@type\":\"Organization\",\"@id\":\"https:\/\/fatordental.com.br\/#organization\",\"name\":\"Fator Dental\",\"url\":\"https:\/\/fatordental.com.br\/\",\"logo\":{\"@type\":\"ImageObject\",\"inLanguage\":\"pt-BR\",\"@id\":\"https:\/\/fatordental.com.br\/#\/schema\/logo\/image\/\",\"url\":\"https:\/\/fatordental.com.br\/wp-content\/uploads\/2023\/02\/logo_fator.png\",\"contentUrl\":\"https:\/\/fatordental.com.br\/wp-content\/uploads\/2023\/02\/logo_fator.png\",\"width\":400,\"height\":256,\"caption\":\"Fator Dental\"},\"image\":{\"@id\":\"https:\/\/fatordental.com.br\/#\/schema\/logo\/image\/\"},\"sameAs\":[\"https:\/\/www.instagram.com\/fatordental\/\"]}]}<\/script>\n<!-- \/ Yoast SEO plugin. -->","yoast_head_json":{"title":"Dessensibilizante Desensibilize KF 2% - FGM - Fator Dental","robots":{"index":"index","follow":"follow","max-snippet":"max-snippet:-1","max-image-preview":"max-image-preview:large","max-video-preview":"max-video-preview:-1"},"canonical":"https:\/\/fatordental.com.br\/index.php\/produto\/dessensibilizante-desensibilize-kf-2-fgm-2\/","og_locale":"pt_BR","og_type":"article","og_title":"Dessensibilizante Desensibilize KF 2% - FGM - Fator Dental","og_description":"Embalagem com 1 seringa com 2,5g + 1 ponteira. &nbsp; DETALHES &#8211; KF 2% de fluoreto de s\u00f3dio \u00e9 de uso exclusivo por cirurgi\u00e3o-dentista e aplica\u00e7\u00e3o em consult\u00f3rio. &#8211; Dessensibilizante [&hellip;]","og_url":"https:\/\/fatordental.com.br\/index.php\/produto\/dessensibilizante-desensibilize-kf-2-fgm-2\/","og_site_name":"Fator Dental","article_modified_time":"2023-02-05T22:07:10+00:00","og_image":[{"width":900,"height":900,"url":"https:\/\/fatordental.com.br\/wp-content\/uploads\/2023\/02\/dessensibilizante-desensibilize-kf-2-fgm-272222.jpg","type":"image\/jpeg"}],"twitter_card":"summary_large_image","twitter_misc":{"Est. tempo de leitura":"2 minutos"},"schema":{"@context":"https:\/\/schema.org","@graph":[{"@type":"WebPage","@id":"https:\/\/fatordental.com.br\/index.php\/produto\/dessensibilizante-desensibilize-kf-2-fgm-2\/","url":"https:\/\/fatordental.com.br\/index.php\/produto\/dessensibilizante-desensibilize-kf-2-fgm-2\/","name":"Dessensibilizante Desensibilize KF 2% - FGM - Fator Dental","isPartOf":{"@id":"https:\/\/fatordental.com.br\/#website"},"primaryImageOfPage":{"@id":"https:\/\/fatordental.com.br\/index.php\/produto\/dessensibilizante-desensibilize-kf-2-fgm-2\/#primaryimage"},"image":{"@id":"https:\/\/fatordental.com.br\/index.php\/produto\/dessensibilizante-desensibilize-kf-2-fgm-2\/#primaryimage"},"thumbnailUrl":"https:\/\/fatordental.com.br\/wp-content\/uploads\/2023\/02\/dessensibilizante-desensibilize-kf-2-fgm-272222.jpg","datePublished":"2023-02-05T22:02:04+00:00","dateModified":"2023-02-05T22:07:10+00:00","breadcrumb":{"@id":"https:\/\/fatordental.com.br\/index.php\/produto\/dessensibilizante-desensibilize-kf-2-fgm-2\/#breadcrumb"},"inLanguage":"pt-BR","potentialAction":[{"@type":"ReadAction","target":["https:\/\/fatordental.com.br\/index.php\/produto\/dessensibilizante-desensibilize-kf-2-fgm-2\/"]}]},{"@type":"ImageObject","inLanguage":"pt-BR","@id":"https:\/\/fatordental.com.br\/index.php\/produto\/dessensibilizante-desensibilize-kf-2-fgm-2\/#primaryimage","url":"https:\/\/fatordental.com.br\/wp-content\/uploads\/2023\/02\/dessensibilizante-desensibilize-kf-2-fgm-272222.jpg","contentUrl":"https:\/\/fatordental.com.br\/wp-content\/uploads\/2023\/02\/dessensibilizante-desensibilize-kf-2-fgm-272222.jpg","width":900,"height":900},{"@type":"BreadcrumbList","@id":"https:\/\/fatordental.com.br\/index.php\/produto\/dessensibilizante-desensibilize-kf-2-fgm-2\/#breadcrumb","itemListElement":[{"@type":"ListItem","position":1,"name":"In\u00edcio","item":"https:\/\/fatordental.com.br\/"},{"@type":"ListItem","position":2,"name":"Produtos","item":"https:\/\/fatordental.com.br\/index.php\/produtos\/"},{"@type":"ListItem","position":3,"name":"Dessensibilizante Desensibilize KF 2% &#8211; FGM"}]},{"@type":"WebSite","@id":"https:\/\/fatordental.com.br\/#website","url":"https:\/\/fatordental.com.br\/","name":"Fator Dental","description":"Produtos Ondontol\u00f3gicos","publisher":{"@id":"https:\/\/fatordental.com.br\/#organization"},"potentialAction":[{"@type":"SearchAction","target":{"@type":"EntryPoint","urlTemplate":"https:\/\/fatordental.com.br\/?s={search_term_string}"},"query-input":{"@type":"PropertyValueSpecification","valueRequired":true,"valueName":"search_term_string"}}],"inLanguage":"pt-BR"},{"@type":"Organization","@id":"https:\/\/fatordental.com.br\/#organization","name":"Fator Dental","url":"https:\/\/fatordental.com.br\/","logo":{"@type":"ImageObject","inLanguage":"pt-BR","@id":"https:\/\/fatordental.com.br\/#\/schema\/logo\/image\/","url":"https:\/\/fatordental.com.br\/wp-content\/uploads\/2023\/02\/logo_fator.png","contentUrl":"https:\/\/fatordental.com.br\/wp-content\/uploads\/2023\/02\/logo_fator.png","width":400,"height":256,"caption":"Fator Dental"},"image":{"@id":"https:\/\/fatordental.com.br\/#\/schema\/logo\/image\/"},"sameAs":["https:\/\/www.instagram.com\/fatordental\/"]}]}},"_links":{"self":[{"href":"https:\/\/fatordental.com.br\/index.php\/wp-json\/wp\/v2\/product\/982","targetHints":{"allow":["GET"]}}],"collection":[{"href":"https:\/\/fatordental.com.br\/index.php\/wp-json\/wp\/v2\/product"}],"about":[{"href":"https:\/\/fatordental.com.br\/index.php\/wp-json\/wp\/v2\/types\/product"}],"wp:featuredmedia":[{"embeddable":true,"href":"https:\/\/fatordental.com.br\/index.php\/wp-json\/wp\/v2\/media\/983"}],"wp:attachment":[{"href":"https:\/\/fatordental.com.br\/index.php\/wp-json\/wp\/v2\/media?parent=982"}],"wp:term":[{"taxonomy":"product_brand","embeddable":true,"href":"https:\/\/fatordental.com.br\/index.php\/wp-json\/wp\/v2\/product_brand?post=982"},{"taxonomy":"product_cat","embeddable":true,"href":"https:\/\/fatordental.com.br\/index.php\/wp-json\/wp\/v2\/product_cat?post=982"},{"taxonomy":"product_tag","embeddable":true,"href":"https:\/\/fatordental.com.br\/index.php\/wp-json\/wp\/v2\/product_tag?post=982"}],"curies":[{"name":"wp","href":"https:\/\/api.w.org\/{rel}","templated":true}]}}