{"id":971,"date":"2023-02-05T18:22:53","date_gmt":"2023-02-05T21:22:53","guid":{"rendered":"https:\/\/fatordental.com.br\/?post_type=product&#038;p=971"},"modified":"2023-02-05T18:22:54","modified_gmt":"2023-02-05T21:22:54","slug":"resina-forma-ultradent","status":"publish","type":"product","link":"https:\/\/fatordental.com.br\/index.php\/produto\/resina-forma-ultradent\/","title":{"rendered":"Resina Forma &#8211; Ultradent"},"content":{"rendered":"<p class=\"value\"><strong>Resina Nanoh\u00edbrida. Seringa com 4g.<\/strong><\/p>\n<p>&nbsp;<\/p>\n<ul>\n<li><strong>DETALHES<\/strong><\/li>\n<\/ul>\n<p><span data-contrast=\"auto\">&#8211; Excelentes propriedades mec\u00e2nicas.<\/span><span data-ccp-props=\"{&quot;134233117&quot;:true,&quot;134233118&quot;:true,&quot;201341983&quot;:0,&quot;335559740&quot;:360}\"><br \/>\n<\/span><\/p>\n<p><span data-contrast=\"auto\">&#8211; Consist\u00eancia que proporciona f\u00e1cil manipula\u00e7\u00e3o e polimento.<\/span><span data-ccp-props=\"{&quot;134233117&quot;:true,&quot;134233118&quot;:true,&quot;201341983&quot;:0,&quot;335559740&quot;:360}\"><br \/>\n<\/span><\/p>\n<p><span data-contrast=\"auto\">&#8211; \u00d3tima fluoresc\u00eancia, com naturalidade. <\/span><span data-ccp-props=\"{&quot;134233117&quot;:true,&quot;134233118&quot;:true,&quot;201341983&quot;:0,&quot;335559740&quot;:360}\"><br \/>\n<\/span><\/p>\n<p><span data-contrast=\"auto\">&#8211; Consist\u00eancia: Composta.<\/span><\/p>\n<p><span data-contrast=\"auto\">&#8211; Preenchimento: 2mm.<\/span><\/p>\n<p><span data-contrast=\"auto\">&#8211; Fotopolimeriz\u00e1vel.<\/span><span data-ccp-props=\"{&quot;134233117&quot;:true,&quot;134233118&quot;:true,&quot;201341983&quot;:0,&quot;335559740&quot;:360}\"><br \/>\n<\/span><\/p>\n<p><span data-contrast=\"auto\">&#8211; Nanoh\u00edbrida, possui maior carga oferecendo resist\u00eancia e durabilidade, mesmo em incrementos muito finos.<\/span><\/p>\n<p><span data-contrast=\"auto\">&#8211; Composi\u00e7\u00e3o: BisGMA, TEGDMA, Bis-EMA, UDMA.<\/span><span data-ccp-props=\"{&quot;134233117&quot;:true,&quot;134233118&quot;:true,&quot;201341983&quot;:0,&quot;335559740&quot;:360}\"><br \/>\n<\/span><\/p>\n<p><span data-contrast=\"auto\">&#8211; F\u00f3rmula com zirc\u00f4nia e trifluoreto de ytt\u00e9rbio.<\/span><\/p>\n<p><span data-contrast=\"auto\">&#8211; Validade: 4 anos a partir da data de fabrica\u00e7\u00e3o.<\/span><\/p>\n<p><span data-contrast=\"auto\">&#8211; Registro ANVISA: 80279910066.<\/span><span data-ccp-props=\"{&quot;134233117&quot;:true,&quot;134233118&quot;:true,&quot;201341983&quot;:0,&quot;335559740&quot;:360}\">\u00a0<\/span><\/p>\n<p>&nbsp;<\/p>\n<ul>\n<li><strong>APLICA\u00c7\u00c3O\u00a0<\/strong><\/li>\n<\/ul>\n<p><span data-contrast=\"auto\">A\u00a0<\/span><strong><span data-contrast=\"auto\">Resina Forma\u00a0<\/span><\/strong><span data-contrast=\"auto\">fabricada pela\u00a0<\/span><a title=\"Ultradent\u00a0\" href=\"https:\/\/www.dentalcremer.com.br\/super-loja\/ultradent\"><strong>Ultradent\u00a0<\/strong><\/a><span data-contrast=\"auto\">\u00e9 uma resina\u00a0vers\u00e1til\u00a0que une for\u00e7a, resist\u00eancia e desempenho est\u00e9tico para a realiza\u00e7\u00e3o de quaisquer\u00a0<strong><a title=\"tipos de restaura\u00e7\u00f5es\" href=\"https:\/\/www.dentalcremer.com.br\/dentistica-e-estetica.html\">tipos de restaura\u00e7\u00f5es<\/a><\/strong>, tanto em dentes anteriores quanto posteriores.\u00a0O seu uso \u00e9 ideal para os profissionais\u00a0da odontologia\u00a0que buscam por efic\u00e1cia\u00a0com simplicidade\u00a0em seus procedimentos.\u00a0<\/span><span data-ccp-props=\"{&quot;134233117&quot;:true,&quot;134233118&quot;:true,&quot;201341983&quot;:0,&quot;335559740&quot;:360}\">\u00a0<\/span><\/p>\n<p><span data-contrast=\"auto\">Com f\u00f3rmula em zirc\u00f4nia e trifluoreto\u00a0de ytt\u00e9rbio, a\u00a0<\/span><strong><span data-contrast=\"auto\">Forma\u00a0<\/span><\/strong><span data-contrast=\"auto\">apresenta excelentes propriedades \u00f3pticas, translucidez, opacidade e fluoresc\u00eancia ideais quando comparadas \u00e0s caracter\u00edsticas naturais do dente.\u00a0Al\u00e9m disso, apresenta \u00f3tima consist\u00eancia, sendo muito mais f\u00e1cil de esculpir e\u00a0polir, resultando em um brilho superficial surpreendente.\u00a0<\/span><span data-ccp-props=\"{&quot;134233117&quot;:true,&quot;134233118&quot;:true,&quot;201341983&quot;:0,&quot;335559740&quot;:360}\">\u00a0<\/span><\/p>\n","protected":false},"excerpt":{"rendered":"<p>Resina Nanoh\u00edbrida. Seringa com 4g. &nbsp; DETALHES &#8211; Excelentes propriedades mec\u00e2nicas. &#8211; Consist\u00eancia que proporciona f\u00e1cil manipula\u00e7\u00e3o e polimento. &#8211; \u00d3tima fluoresc\u00eancia, com naturalidade. &#8211; Consist\u00eancia: Composta. &#8211; Preenchimento: 2mm. [&hellip;]<\/p>\n","protected":false},"featured_media":972,"template":"","meta":[],"product_brand":[],"product_cat":[51,70,76],"product_tag":[],"class_list":{"0":"post-971","1":"product","2":"type-product","3":"status-publish","4":"has-post-thumbnail","6":"product_cat-dentistica-e-estetica","7":"product_cat-resina-composta","8":"product_cat-resina-premium","10":"first","11":"instock","12":"shipping-taxable","13":"product-type-simple"},"yoast_head":"<!-- This site is optimized with the Yoast SEO plugin v26.8 - https:\/\/yoast.com\/product\/yoast-seo-wordpress\/ -->\n<title>Resina Forma - Ultradent - Fator Dental<\/title>\n<meta name=\"robots\" content=\"index, follow, max-snippet:-1, max-image-preview:large, max-video-preview:-1\" \/>\n<link rel=\"canonical\" href=\"https:\/\/fatordental.com.br\/index.php\/produto\/resina-forma-ultradent\/\" \/>\n<meta property=\"og:locale\" content=\"pt_BR\" \/>\n<meta property=\"og:type\" content=\"article\" \/>\n<meta property=\"og:title\" content=\"Resina Forma - Ultradent - Fator Dental\" \/>\n<meta property=\"og:description\" content=\"Resina Nanoh\u00edbrida. Seringa com 4g. &nbsp; DETALHES &#8211; Excelentes propriedades mec\u00e2nicas. &#8211; Consist\u00eancia que proporciona f\u00e1cil manipula\u00e7\u00e3o e polimento. &#8211; \u00d3tima fluoresc\u00eancia, com naturalidade. &#8211; Consist\u00eancia: Composta. &#8211; Preenchimento: 2mm. [&hellip;]\" \/>\n<meta property=\"og:url\" content=\"https:\/\/fatordental.com.br\/index.php\/produto\/resina-forma-ultradent\/\" \/>\n<meta property=\"og:site_name\" content=\"Fator Dental\" \/>\n<meta property=\"article:modified_time\" content=\"2023-02-05T21:22:54+00:00\" \/>\n<meta property=\"og:image\" content=\"https:\/\/fatordental.com.br\/wp-content\/uploads\/2023\/02\/resina-forma-ultradent-embalagem.jpg\" \/>\n\t<meta property=\"og:image:width\" content=\"900\" \/>\n\t<meta property=\"og:image:height\" content=\"900\" \/>\n\t<meta property=\"og:image:type\" content=\"image\/jpeg\" \/>\n<meta name=\"twitter:card\" content=\"summary_large_image\" \/>\n<meta name=\"twitter:label1\" content=\"Est. tempo de leitura\" \/>\n\t<meta name=\"twitter:data1\" content=\"1 minuto\" \/>\n<script type=\"application\/ld+json\" class=\"yoast-schema-graph\">{\"@context\":\"https:\/\/schema.org\",\"@graph\":[{\"@type\":\"WebPage\",\"@id\":\"https:\/\/fatordental.com.br\/index.php\/produto\/resina-forma-ultradent\/\",\"url\":\"https:\/\/fatordental.com.br\/index.php\/produto\/resina-forma-ultradent\/\",\"name\":\"Resina Forma - Ultradent - Fator Dental\",\"isPartOf\":{\"@id\":\"https:\/\/fatordental.com.br\/#website\"},\"primaryImageOfPage\":{\"@id\":\"https:\/\/fatordental.com.br\/index.php\/produto\/resina-forma-ultradent\/#primaryimage\"},\"image\":{\"@id\":\"https:\/\/fatordental.com.br\/index.php\/produto\/resina-forma-ultradent\/#primaryimage\"},\"thumbnailUrl\":\"https:\/\/fatordental.com.br\/wp-content\/uploads\/2023\/02\/resina-forma-ultradent-embalagem.jpg\",\"datePublished\":\"2023-02-05T21:22:53+00:00\",\"dateModified\":\"2023-02-05T21:22:54+00:00\",\"breadcrumb\":{\"@id\":\"https:\/\/fatordental.com.br\/index.php\/produto\/resina-forma-ultradent\/#breadcrumb\"},\"inLanguage\":\"pt-BR\",\"potentialAction\":[{\"@type\":\"ReadAction\",\"target\":[\"https:\/\/fatordental.com.br\/index.php\/produto\/resina-forma-ultradent\/\"]}]},{\"@type\":\"ImageObject\",\"inLanguage\":\"pt-BR\",\"@id\":\"https:\/\/fatordental.com.br\/index.php\/produto\/resina-forma-ultradent\/#primaryimage\",\"url\":\"https:\/\/fatordental.com.br\/wp-content\/uploads\/2023\/02\/resina-forma-ultradent-embalagem.jpg\",\"contentUrl\":\"https:\/\/fatordental.com.br\/wp-content\/uploads\/2023\/02\/resina-forma-ultradent-embalagem.jpg\",\"width\":900,\"height\":900},{\"@type\":\"BreadcrumbList\",\"@id\":\"https:\/\/fatordental.com.br\/index.php\/produto\/resina-forma-ultradent\/#breadcrumb\",\"itemListElement\":[{\"@type\":\"ListItem\",\"position\":1,\"name\":\"In\u00edcio\",\"item\":\"https:\/\/fatordental.com.br\/\"},{\"@type\":\"ListItem\",\"position\":2,\"name\":\"Produtos\",\"item\":\"https:\/\/fatordental.com.br\/index.php\/produtos\/\"},{\"@type\":\"ListItem\",\"position\":3,\"name\":\"Resina Forma &#8211; Ultradent\"}]},{\"@type\":\"WebSite\",\"@id\":\"https:\/\/fatordental.com.br\/#website\",\"url\":\"https:\/\/fatordental.com.br\/\",\"name\":\"Fator Dental\",\"description\":\"Produtos Ondontol\u00f3gicos\",\"publisher\":{\"@id\":\"https:\/\/fatordental.com.br\/#organization\"},\"potentialAction\":[{\"@type\":\"SearchAction\",\"target\":{\"@type\":\"EntryPoint\",\"urlTemplate\":\"https:\/\/fatordental.com.br\/?s={search_term_string}\"},\"query-input\":{\"@type\":\"PropertyValueSpecification\",\"valueRequired\":true,\"valueName\":\"search_term_string\"}}],\"inLanguage\":\"pt-BR\"},{\"@type\":\"Organization\",\"@id\":\"https:\/\/fatordental.com.br\/#organization\",\"name\":\"Fator Dental\",\"url\":\"https:\/\/fatordental.com.br\/\",\"logo\":{\"@type\":\"ImageObject\",\"inLanguage\":\"pt-BR\",\"@id\":\"https:\/\/fatordental.com.br\/#\/schema\/logo\/image\/\",\"url\":\"https:\/\/fatordental.com.br\/wp-content\/uploads\/2023\/02\/logo_fator.png\",\"contentUrl\":\"https:\/\/fatordental.com.br\/wp-content\/uploads\/2023\/02\/logo_fator.png\",\"width\":400,\"height\":256,\"caption\":\"Fator Dental\"},\"image\":{\"@id\":\"https:\/\/fatordental.com.br\/#\/schema\/logo\/image\/\"},\"sameAs\":[\"https:\/\/www.instagram.com\/fatordental\/\"]}]}<\/script>\n<!-- \/ Yoast SEO plugin. -->","yoast_head_json":{"title":"Resina Forma - Ultradent - Fator Dental","robots":{"index":"index","follow":"follow","max-snippet":"max-snippet:-1","max-image-preview":"max-image-preview:large","max-video-preview":"max-video-preview:-1"},"canonical":"https:\/\/fatordental.com.br\/index.php\/produto\/resina-forma-ultradent\/","og_locale":"pt_BR","og_type":"article","og_title":"Resina Forma - Ultradent - Fator Dental","og_description":"Resina Nanoh\u00edbrida. Seringa com 4g. &nbsp; DETALHES &#8211; Excelentes propriedades mec\u00e2nicas. &#8211; Consist\u00eancia que proporciona f\u00e1cil manipula\u00e7\u00e3o e polimento. &#8211; \u00d3tima fluoresc\u00eancia, com naturalidade. &#8211; Consist\u00eancia: Composta. &#8211; Preenchimento: 2mm. [&hellip;]","og_url":"https:\/\/fatordental.com.br\/index.php\/produto\/resina-forma-ultradent\/","og_site_name":"Fator Dental","article_modified_time":"2023-02-05T21:22:54+00:00","og_image":[{"width":900,"height":900,"url":"https:\/\/fatordental.com.br\/wp-content\/uploads\/2023\/02\/resina-forma-ultradent-embalagem.jpg","type":"image\/jpeg"}],"twitter_card":"summary_large_image","twitter_misc":{"Est. tempo de leitura":"1 minuto"},"schema":{"@context":"https:\/\/schema.org","@graph":[{"@type":"WebPage","@id":"https:\/\/fatordental.com.br\/index.php\/produto\/resina-forma-ultradent\/","url":"https:\/\/fatordental.com.br\/index.php\/produto\/resina-forma-ultradent\/","name":"Resina Forma - Ultradent - Fator Dental","isPartOf":{"@id":"https:\/\/fatordental.com.br\/#website"},"primaryImageOfPage":{"@id":"https:\/\/fatordental.com.br\/index.php\/produto\/resina-forma-ultradent\/#primaryimage"},"image":{"@id":"https:\/\/fatordental.com.br\/index.php\/produto\/resina-forma-ultradent\/#primaryimage"},"thumbnailUrl":"https:\/\/fatordental.com.br\/wp-content\/uploads\/2023\/02\/resina-forma-ultradent-embalagem.jpg","datePublished":"2023-02-05T21:22:53+00:00","dateModified":"2023-02-05T21:22:54+00:00","breadcrumb":{"@id":"https:\/\/fatordental.com.br\/index.php\/produto\/resina-forma-ultradent\/#breadcrumb"},"inLanguage":"pt-BR","potentialAction":[{"@type":"ReadAction","target":["https:\/\/fatordental.com.br\/index.php\/produto\/resina-forma-ultradent\/"]}]},{"@type":"ImageObject","inLanguage":"pt-BR","@id":"https:\/\/fatordental.com.br\/index.php\/produto\/resina-forma-ultradent\/#primaryimage","url":"https:\/\/fatordental.com.br\/wp-content\/uploads\/2023\/02\/resina-forma-ultradent-embalagem.jpg","contentUrl":"https:\/\/fatordental.com.br\/wp-content\/uploads\/2023\/02\/resina-forma-ultradent-embalagem.jpg","width":900,"height":900},{"@type":"BreadcrumbList","@id":"https:\/\/fatordental.com.br\/index.php\/produto\/resina-forma-ultradent\/#breadcrumb","itemListElement":[{"@type":"ListItem","position":1,"name":"In\u00edcio","item":"https:\/\/fatordental.com.br\/"},{"@type":"ListItem","position":2,"name":"Produtos","item":"https:\/\/fatordental.com.br\/index.php\/produtos\/"},{"@type":"ListItem","position":3,"name":"Resina Forma &#8211; Ultradent"}]},{"@type":"WebSite","@id":"https:\/\/fatordental.com.br\/#website","url":"https:\/\/fatordental.com.br\/","name":"Fator Dental","description":"Produtos Ondontol\u00f3gicos","publisher":{"@id":"https:\/\/fatordental.com.br\/#organization"},"potentialAction":[{"@type":"SearchAction","target":{"@type":"EntryPoint","urlTemplate":"https:\/\/fatordental.com.br\/?s={search_term_string}"},"query-input":{"@type":"PropertyValueSpecification","valueRequired":true,"valueName":"search_term_string"}}],"inLanguage":"pt-BR"},{"@type":"Organization","@id":"https:\/\/fatordental.com.br\/#organization","name":"Fator Dental","url":"https:\/\/fatordental.com.br\/","logo":{"@type":"ImageObject","inLanguage":"pt-BR","@id":"https:\/\/fatordental.com.br\/#\/schema\/logo\/image\/","url":"https:\/\/fatordental.com.br\/wp-content\/uploads\/2023\/02\/logo_fator.png","contentUrl":"https:\/\/fatordental.com.br\/wp-content\/uploads\/2023\/02\/logo_fator.png","width":400,"height":256,"caption":"Fator Dental"},"image":{"@id":"https:\/\/fatordental.com.br\/#\/schema\/logo\/image\/"},"sameAs":["https:\/\/www.instagram.com\/fatordental\/"]}]}},"_links":{"self":[{"href":"https:\/\/fatordental.com.br\/index.php\/wp-json\/wp\/v2\/product\/971","targetHints":{"allow":["GET"]}}],"collection":[{"href":"https:\/\/fatordental.com.br\/index.php\/wp-json\/wp\/v2\/product"}],"about":[{"href":"https:\/\/fatordental.com.br\/index.php\/wp-json\/wp\/v2\/types\/product"}],"wp:featuredmedia":[{"embeddable":true,"href":"https:\/\/fatordental.com.br\/index.php\/wp-json\/wp\/v2\/media\/972"}],"wp:attachment":[{"href":"https:\/\/fatordental.com.br\/index.php\/wp-json\/wp\/v2\/media?parent=971"}],"wp:term":[{"taxonomy":"product_brand","embeddable":true,"href":"https:\/\/fatordental.com.br\/index.php\/wp-json\/wp\/v2\/product_brand?post=971"},{"taxonomy":"product_cat","embeddable":true,"href":"https:\/\/fatordental.com.br\/index.php\/wp-json\/wp\/v2\/product_cat?post=971"},{"taxonomy":"product_tag","embeddable":true,"href":"https:\/\/fatordental.com.br\/index.php\/wp-json\/wp\/v2\/product_tag?post=971"}],"curies":[{"name":"wp","href":"https:\/\/api.w.org\/{rel}","templated":true}]}}