{"id":960,"date":"2023-02-04T15:00:28","date_gmt":"2023-02-04T18:00:28","guid":{"rendered":"https:\/\/fatordental.com.br\/?post_type=product&#038;p=960"},"modified":"2023-02-04T15:00:28","modified_gmt":"2023-02-04T18:00:28","slug":"paramonoclorofenol-canforado-biodinamica","status":"publish","type":"product","link":"https:\/\/fatordental.com.br\/index.php\/produto\/paramonoclorofenol-canforado-biodinamica\/","title":{"rendered":"Paramonoclorofenol Canforado &#8211; Biodin\u00e2mica"},"content":{"rendered":"<p class=\"value\"><strong>Frasco com 20ml.<\/strong><\/p>\n<p>&nbsp;<\/p>\n<ul>\n<li><strong>DETALHES<\/strong><\/li>\n<\/ul>\n<p>&#8211; Material para <strong><a title=\"endodontia\" href=\"https:\/\/www.dentalcremer.com.br\/endodontia.html\">endodontia<\/a>\u00a0<\/strong>aplicado para desinfec\u00e7\u00e3o de canal radicular.<\/p>\n<p>&#8211; Uso exclusivo do profissional cirurgi\u00e3o dentista.<\/p>\n<p>&#8211; Quantidades m\u00ednimas deste produto s\u00e3o bastante eficazes para a medica\u00e7\u00e3o de todo o canal radicular.<\/p>\n<p>&#8211; Registro ANVISA: 10298550073.<\/p>\n<p>&nbsp;<\/p>\n<ul>\n<li><strong>APLICA\u00c7\u00c3O\u00a0<\/strong><\/li>\n<\/ul>\n<p>O\u00a0<strong>Paramonoclorofenol Canforado<\/strong>\u00a0fabricado pela\u00a0<a title=\"Super Loja Biodin\u00e2mica\" href=\"https:\/\/www.dentalcremer.com.br\/super-loja\/biodinamica\"><strong>Biodin\u00e2mica<\/strong>\u00a0<\/a>\u00e9 ideal para medica\u00e7\u00e3o intracanal, sendo que possui a\u00e7\u00e3o bactericida inespec\u00edfica destruindo um grande espectro de micro-organismos.<\/p>\n<h3>Quais as vantagens do Paramonoclorofenol Canforado da Biodin\u00e2mica?<\/h3>\n<ul>\n<li>Apresenta a\u00e7\u00e3o bactericida de amplo espectro.<\/li>\n<li>A presen\u00e7a de furacin no Paramonoclorofenol com Furacin, potencializa a a\u00e7\u00e3o anti-infecciosa local.<\/li>\n<\/ul>\n<h3>Quais as instru\u00e7\u00f5es de uso do Paramonoclorofenol Canforado da Biodin\u00e2mica?<\/h3>\n<ol>\n<li>Ap\u00f3s o canal radicular estar instrumentado e seco, embeber uma bolinha de algod\u00e3o no produto e sec\u00e1-la com um pequeno rolo de algod\u00e3o.<\/li>\n<li>A bola de algod\u00e3o seca, contendo o medicamento, \u00e9 ent\u00e3o colocada no assoalho da c\u00e2mara pulpar.<\/li>\n<li>Fechar hermeticamente com cimento apropriado.<\/li>\n<li>Ap\u00f3s 24 &#8211; 48 h, remover o curativo e proceder a obtura\u00e7\u00e3o do canal radicular.<\/li>\n<\/ol>\n<p>Observa\u00e7\u00e3o:<\/p>\n<ul>\n<li>O medicamento \u00e9 vol\u00e1til e possui tens\u00e3o superficial baixa. Ele se espalhar\u00e1 rapidamente pelos canais radiculares no intervalo recomendado.<\/li>\n<li>Numerosos estudos indicam que a quantidade m\u00ednima de medicamento aplicada pelo m\u00e9todo da bola de algod\u00e3o descrito acima, \u00e9 adequada para o controle bacteriol\u00f3gico do tratamento.<\/li>\n<\/ul>\n","protected":false},"excerpt":{"rendered":"<p>Frasco com 20ml. &nbsp; DETALHES &#8211; Material para endodontia\u00a0aplicado para desinfec\u00e7\u00e3o de canal radicular. &#8211; Uso exclusivo do profissional cirurgi\u00e3o dentista. &#8211; Quantidades m\u00ednimas deste produto s\u00e3o bastante eficazes para [&hellip;]<\/p>\n","protected":false},"featured_media":961,"template":"","meta":[],"product_brand":[],"product_cat":[107,35],"product_tag":[],"class_list":{"0":"post-960","1":"product","2":"type-product","3":"status-publish","4":"has-post-thumbnail","6":"product_cat-desinfeccao-de-canal","7":"product_cat-endodontia","9":"first","10":"instock","11":"shipping-taxable","12":"product-type-simple"},"yoast_head":"<!-- This site is optimized with the Yoast SEO plugin v26.8 - https:\/\/yoast.com\/product\/yoast-seo-wordpress\/ -->\n<title>Paramonoclorofenol Canforado - Biodin\u00e2mica - Fator Dental<\/title>\n<meta name=\"robots\" content=\"index, follow, max-snippet:-1, max-image-preview:large, max-video-preview:-1\" \/>\n<link rel=\"canonical\" href=\"https:\/\/fatordental.com.br\/index.php\/produto\/paramonoclorofenol-canforado-biodinamica\/\" \/>\n<meta property=\"og:locale\" content=\"pt_BR\" \/>\n<meta property=\"og:type\" content=\"article\" \/>\n<meta property=\"og:title\" content=\"Paramonoclorofenol Canforado - Biodin\u00e2mica - Fator Dental\" \/>\n<meta property=\"og:description\" content=\"Frasco com 20ml. &nbsp; DETALHES &#8211; Material para endodontia\u00a0aplicado para desinfec\u00e7\u00e3o de canal radicular. &#8211; Uso exclusivo do profissional cirurgi\u00e3o dentista. &#8211; Quantidades m\u00ednimas deste produto s\u00e3o bastante eficazes para [&hellip;]\" \/>\n<meta property=\"og:url\" content=\"https:\/\/fatordental.com.br\/index.php\/produto\/paramonoclorofenol-canforado-biodinamica\/\" \/>\n<meta property=\"og:site_name\" content=\"Fator Dental\" \/>\n<meta property=\"og:image\" content=\"https:\/\/fatordental.com.br\/wp-content\/uploads\/2023\/02\/paramonoclorofenol-canforado-biodinamica.jpg\" \/>\n\t<meta property=\"og:image:width\" content=\"550\" \/>\n\t<meta property=\"og:image:height\" content=\"550\" \/>\n\t<meta property=\"og:image:type\" content=\"image\/jpeg\" \/>\n<meta name=\"twitter:card\" content=\"summary_large_image\" \/>\n<meta name=\"twitter:label1\" content=\"Est. tempo de leitura\" \/>\n\t<meta name=\"twitter:data1\" content=\"2 minutos\" \/>\n<script type=\"application\/ld+json\" class=\"yoast-schema-graph\">{\"@context\":\"https:\/\/schema.org\",\"@graph\":[{\"@type\":\"WebPage\",\"@id\":\"https:\/\/fatordental.com.br\/index.php\/produto\/paramonoclorofenol-canforado-biodinamica\/\",\"url\":\"https:\/\/fatordental.com.br\/index.php\/produto\/paramonoclorofenol-canforado-biodinamica\/\",\"name\":\"Paramonoclorofenol Canforado - Biodin\u00e2mica - Fator Dental\",\"isPartOf\":{\"@id\":\"https:\/\/fatordental.com.br\/#website\"},\"primaryImageOfPage\":{\"@id\":\"https:\/\/fatordental.com.br\/index.php\/produto\/paramonoclorofenol-canforado-biodinamica\/#primaryimage\"},\"image\":{\"@id\":\"https:\/\/fatordental.com.br\/index.php\/produto\/paramonoclorofenol-canforado-biodinamica\/#primaryimage\"},\"thumbnailUrl\":\"https:\/\/fatordental.com.br\/wp-content\/uploads\/2023\/02\/paramonoclorofenol-canforado-biodinamica.jpg\",\"datePublished\":\"2023-02-04T18:00:28+00:00\",\"breadcrumb\":{\"@id\":\"https:\/\/fatordental.com.br\/index.php\/produto\/paramonoclorofenol-canforado-biodinamica\/#breadcrumb\"},\"inLanguage\":\"pt-BR\",\"potentialAction\":[{\"@type\":\"ReadAction\",\"target\":[\"https:\/\/fatordental.com.br\/index.php\/produto\/paramonoclorofenol-canforado-biodinamica\/\"]}]},{\"@type\":\"ImageObject\",\"inLanguage\":\"pt-BR\",\"@id\":\"https:\/\/fatordental.com.br\/index.php\/produto\/paramonoclorofenol-canforado-biodinamica\/#primaryimage\",\"url\":\"https:\/\/fatordental.com.br\/wp-content\/uploads\/2023\/02\/paramonoclorofenol-canforado-biodinamica.jpg\",\"contentUrl\":\"https:\/\/fatordental.com.br\/wp-content\/uploads\/2023\/02\/paramonoclorofenol-canforado-biodinamica.jpg\",\"width\":550,\"height\":550},{\"@type\":\"BreadcrumbList\",\"@id\":\"https:\/\/fatordental.com.br\/index.php\/produto\/paramonoclorofenol-canforado-biodinamica\/#breadcrumb\",\"itemListElement\":[{\"@type\":\"ListItem\",\"position\":1,\"name\":\"In\u00edcio\",\"item\":\"https:\/\/fatordental.com.br\/\"},{\"@type\":\"ListItem\",\"position\":2,\"name\":\"Produtos\",\"item\":\"https:\/\/fatordental.com.br\/index.php\/produtos\/\"},{\"@type\":\"ListItem\",\"position\":3,\"name\":\"Paramonoclorofenol Canforado &#8211; Biodin\u00e2mica\"}]},{\"@type\":\"WebSite\",\"@id\":\"https:\/\/fatordental.com.br\/#website\",\"url\":\"https:\/\/fatordental.com.br\/\",\"name\":\"Fator Dental\",\"description\":\"Produtos Ondontol\u00f3gicos\",\"publisher\":{\"@id\":\"https:\/\/fatordental.com.br\/#organization\"},\"potentialAction\":[{\"@type\":\"SearchAction\",\"target\":{\"@type\":\"EntryPoint\",\"urlTemplate\":\"https:\/\/fatordental.com.br\/?s={search_term_string}\"},\"query-input\":{\"@type\":\"PropertyValueSpecification\",\"valueRequired\":true,\"valueName\":\"search_term_string\"}}],\"inLanguage\":\"pt-BR\"},{\"@type\":\"Organization\",\"@id\":\"https:\/\/fatordental.com.br\/#organization\",\"name\":\"Fator Dental\",\"url\":\"https:\/\/fatordental.com.br\/\",\"logo\":{\"@type\":\"ImageObject\",\"inLanguage\":\"pt-BR\",\"@id\":\"https:\/\/fatordental.com.br\/#\/schema\/logo\/image\/\",\"url\":\"https:\/\/fatordental.com.br\/wp-content\/uploads\/2023\/02\/logo_fator.png\",\"contentUrl\":\"https:\/\/fatordental.com.br\/wp-content\/uploads\/2023\/02\/logo_fator.png\",\"width\":400,\"height\":256,\"caption\":\"Fator Dental\"},\"image\":{\"@id\":\"https:\/\/fatordental.com.br\/#\/schema\/logo\/image\/\"},\"sameAs\":[\"https:\/\/www.instagram.com\/fatordental\/\"]}]}<\/script>\n<!-- \/ Yoast SEO plugin. -->","yoast_head_json":{"title":"Paramonoclorofenol Canforado - Biodin\u00e2mica - Fator Dental","robots":{"index":"index","follow":"follow","max-snippet":"max-snippet:-1","max-image-preview":"max-image-preview:large","max-video-preview":"max-video-preview:-1"},"canonical":"https:\/\/fatordental.com.br\/index.php\/produto\/paramonoclorofenol-canforado-biodinamica\/","og_locale":"pt_BR","og_type":"article","og_title":"Paramonoclorofenol Canforado - Biodin\u00e2mica - Fator Dental","og_description":"Frasco com 20ml. &nbsp; DETALHES &#8211; Material para endodontia\u00a0aplicado para desinfec\u00e7\u00e3o de canal radicular. &#8211; Uso exclusivo do profissional cirurgi\u00e3o dentista. &#8211; Quantidades m\u00ednimas deste produto s\u00e3o bastante eficazes para [&hellip;]","og_url":"https:\/\/fatordental.com.br\/index.php\/produto\/paramonoclorofenol-canforado-biodinamica\/","og_site_name":"Fator Dental","og_image":[{"width":550,"height":550,"url":"https:\/\/fatordental.com.br\/wp-content\/uploads\/2023\/02\/paramonoclorofenol-canforado-biodinamica.jpg","type":"image\/jpeg"}],"twitter_card":"summary_large_image","twitter_misc":{"Est. tempo de leitura":"2 minutos"},"schema":{"@context":"https:\/\/schema.org","@graph":[{"@type":"WebPage","@id":"https:\/\/fatordental.com.br\/index.php\/produto\/paramonoclorofenol-canforado-biodinamica\/","url":"https:\/\/fatordental.com.br\/index.php\/produto\/paramonoclorofenol-canforado-biodinamica\/","name":"Paramonoclorofenol Canforado - Biodin\u00e2mica - Fator Dental","isPartOf":{"@id":"https:\/\/fatordental.com.br\/#website"},"primaryImageOfPage":{"@id":"https:\/\/fatordental.com.br\/index.php\/produto\/paramonoclorofenol-canforado-biodinamica\/#primaryimage"},"image":{"@id":"https:\/\/fatordental.com.br\/index.php\/produto\/paramonoclorofenol-canforado-biodinamica\/#primaryimage"},"thumbnailUrl":"https:\/\/fatordental.com.br\/wp-content\/uploads\/2023\/02\/paramonoclorofenol-canforado-biodinamica.jpg","datePublished":"2023-02-04T18:00:28+00:00","breadcrumb":{"@id":"https:\/\/fatordental.com.br\/index.php\/produto\/paramonoclorofenol-canforado-biodinamica\/#breadcrumb"},"inLanguage":"pt-BR","potentialAction":[{"@type":"ReadAction","target":["https:\/\/fatordental.com.br\/index.php\/produto\/paramonoclorofenol-canforado-biodinamica\/"]}]},{"@type":"ImageObject","inLanguage":"pt-BR","@id":"https:\/\/fatordental.com.br\/index.php\/produto\/paramonoclorofenol-canforado-biodinamica\/#primaryimage","url":"https:\/\/fatordental.com.br\/wp-content\/uploads\/2023\/02\/paramonoclorofenol-canforado-biodinamica.jpg","contentUrl":"https:\/\/fatordental.com.br\/wp-content\/uploads\/2023\/02\/paramonoclorofenol-canforado-biodinamica.jpg","width":550,"height":550},{"@type":"BreadcrumbList","@id":"https:\/\/fatordental.com.br\/index.php\/produto\/paramonoclorofenol-canforado-biodinamica\/#breadcrumb","itemListElement":[{"@type":"ListItem","position":1,"name":"In\u00edcio","item":"https:\/\/fatordental.com.br\/"},{"@type":"ListItem","position":2,"name":"Produtos","item":"https:\/\/fatordental.com.br\/index.php\/produtos\/"},{"@type":"ListItem","position":3,"name":"Paramonoclorofenol Canforado &#8211; Biodin\u00e2mica"}]},{"@type":"WebSite","@id":"https:\/\/fatordental.com.br\/#website","url":"https:\/\/fatordental.com.br\/","name":"Fator Dental","description":"Produtos Ondontol\u00f3gicos","publisher":{"@id":"https:\/\/fatordental.com.br\/#organization"},"potentialAction":[{"@type":"SearchAction","target":{"@type":"EntryPoint","urlTemplate":"https:\/\/fatordental.com.br\/?s={search_term_string}"},"query-input":{"@type":"PropertyValueSpecification","valueRequired":true,"valueName":"search_term_string"}}],"inLanguage":"pt-BR"},{"@type":"Organization","@id":"https:\/\/fatordental.com.br\/#organization","name":"Fator Dental","url":"https:\/\/fatordental.com.br\/","logo":{"@type":"ImageObject","inLanguage":"pt-BR","@id":"https:\/\/fatordental.com.br\/#\/schema\/logo\/image\/","url":"https:\/\/fatordental.com.br\/wp-content\/uploads\/2023\/02\/logo_fator.png","contentUrl":"https:\/\/fatordental.com.br\/wp-content\/uploads\/2023\/02\/logo_fator.png","width":400,"height":256,"caption":"Fator Dental"},"image":{"@id":"https:\/\/fatordental.com.br\/#\/schema\/logo\/image\/"},"sameAs":["https:\/\/www.instagram.com\/fatordental\/"]}]}},"_links":{"self":[{"href":"https:\/\/fatordental.com.br\/index.php\/wp-json\/wp\/v2\/product\/960","targetHints":{"allow":["GET"]}}],"collection":[{"href":"https:\/\/fatordental.com.br\/index.php\/wp-json\/wp\/v2\/product"}],"about":[{"href":"https:\/\/fatordental.com.br\/index.php\/wp-json\/wp\/v2\/types\/product"}],"wp:featuredmedia":[{"embeddable":true,"href":"https:\/\/fatordental.com.br\/index.php\/wp-json\/wp\/v2\/media\/961"}],"wp:attachment":[{"href":"https:\/\/fatordental.com.br\/index.php\/wp-json\/wp\/v2\/media?parent=960"}],"wp:term":[{"taxonomy":"product_brand","embeddable":true,"href":"https:\/\/fatordental.com.br\/index.php\/wp-json\/wp\/v2\/product_brand?post=960"},{"taxonomy":"product_cat","embeddable":true,"href":"https:\/\/fatordental.com.br\/index.php\/wp-json\/wp\/v2\/product_cat?post=960"},{"taxonomy":"product_tag","embeddable":true,"href":"https:\/\/fatordental.com.br\/index.php\/wp-json\/wp\/v2\/product_tag?post=960"}],"curies":[{"name":"wp","href":"https:\/\/api.w.org\/{rel}","templated":true}]}}