{"id":958,"date":"2023-02-04T14:48:01","date_gmt":"2023-02-04T17:48:01","guid":{"rendered":"https:\/\/fatordental.com.br\/?post_type=product&#038;p=958"},"modified":"2023-02-04T14:48:02","modified_gmt":"2023-02-04T17:48:02","slug":"pasta-endo-ptc-biodinamica","status":"publish","type":"product","link":"https:\/\/fatordental.com.br\/index.php\/produto\/pasta-endo-ptc-biodinamica\/","title":{"rendered":"Pasta Endo PTC &#8211; Biodin\u00e2mica"},"content":{"rendered":"<p class=\"value\"><strong>Frasco com 25g.<\/strong><\/p>\n<p>&nbsp;<\/p>\n<ul>\n<li><strong>DETALHES<\/strong><\/li>\n<\/ul>\n<p>* Composi\u00e7\u00e3o: POLIETILENOGLICOL que \u00e9 o ve\u00edculo da composi\u00e7\u00e3o com caracter\u00edstica detergente e lubrificante, facilita a instrumenta\u00e7\u00e3o do canal e diminui o risco de entrave dos instrumentos.<br \/>\n* POLISSORBATO 80 \u00e9 um detergente que favorece o processo de limpeza pela facilita\u00e7\u00e3o da penetra\u00e7\u00e3o das subst\u00e2ncias nos t\u00fabulos dentin\u00e1rios.<br \/>\n* Possui tamb\u00e9m propriedades umectantes e emulsionantes, adsorvendo a gordura e mantendo-a em suspens\u00e3o, fazendo com que sua retirada seja facilitada.<br \/>\n* O PER\u00d3XIDO DE UR\u00c9IA reage com o hipoclorito de s\u00f3dio obtendo-se uma rea\u00e7\u00e3o entre eles.<br \/>\n* Esta rea\u00e7\u00e3o promove a libera\u00e7\u00e3o de grande quantidade de oxig\u00eanio, num processo de efervesc\u00eancia que, por a\u00e7\u00e3o mec\u00e2nica, elimina do canal radicular para o meio exterior restos de dentina excisada pelos instrumentos, subst\u00e2ncias org\u00e2nicas, bact\u00e9rias e produtos t\u00f3xicos.<br \/>\n* Registro Anvisa 10298550107.<\/p>\n<p>&nbsp;<\/p>\n<ul>\n<li><strong>APLICA\u00c7\u00c3O<\/strong><\/li>\n<\/ul>\n<p>Material auxiliar na instrumenta\u00e7\u00e3o de canais radiculares.<\/p>\n","protected":false},"excerpt":{"rendered":"<p>Frasco com 25g. &nbsp; DETALHES * Composi\u00e7\u00e3o: POLIETILENOGLICOL que \u00e9 o ve\u00edculo da composi\u00e7\u00e3o com caracter\u00edstica detergente e lubrificante, facilita a instrumenta\u00e7\u00e3o do canal e diminui o risco de entrave [&hellip;]<\/p>\n","protected":false},"featured_media":959,"template":"","meta":[],"product_brand":[],"product_cat":[107,35],"product_tag":[],"class_list":{"0":"post-958","1":"product","2":"type-product","3":"status-publish","4":"has-post-thumbnail","6":"product_cat-desinfeccao-de-canal","7":"product_cat-endodontia","9":"first","10":"instock","11":"shipping-taxable","12":"product-type-simple"},"yoast_head":"<!-- This site is optimized with the Yoast SEO plugin v26.8 - https:\/\/yoast.com\/product\/yoast-seo-wordpress\/ -->\n<title>Pasta Endo PTC - Biodin\u00e2mica - Fator Dental<\/title>\n<meta name=\"robots\" content=\"index, follow, max-snippet:-1, max-image-preview:large, max-video-preview:-1\" \/>\n<link rel=\"canonical\" href=\"https:\/\/fatordental.com.br\/index.php\/produto\/pasta-endo-ptc-biodinamica\/\" \/>\n<meta property=\"og:locale\" content=\"pt_BR\" \/>\n<meta property=\"og:type\" content=\"article\" \/>\n<meta property=\"og:title\" content=\"Pasta Endo PTC - Biodin\u00e2mica - Fator Dental\" \/>\n<meta property=\"og:description\" content=\"Frasco com 25g. &nbsp; DETALHES * Composi\u00e7\u00e3o: POLIETILENOGLICOL que \u00e9 o ve\u00edculo da composi\u00e7\u00e3o com caracter\u00edstica detergente e lubrificante, facilita a instrumenta\u00e7\u00e3o do canal e diminui o risco de entrave [&hellip;]\" \/>\n<meta property=\"og:url\" content=\"https:\/\/fatordental.com.br\/index.php\/produto\/pasta-endo-ptc-biodinamica\/\" \/>\n<meta property=\"og:site_name\" content=\"Fator Dental\" \/>\n<meta property=\"article:modified_time\" content=\"2023-02-04T17:48:02+00:00\" \/>\n<meta property=\"og:image\" content=\"https:\/\/fatordental.com.br\/wp-content\/uploads\/2023\/02\/endo-ptc-biodinamica-dc.jpg\" \/>\n\t<meta property=\"og:image:width\" content=\"800\" \/>\n\t<meta property=\"og:image:height\" content=\"800\" \/>\n\t<meta property=\"og:image:type\" content=\"image\/jpeg\" \/>\n<meta name=\"twitter:card\" content=\"summary_large_image\" \/>\n<meta name=\"twitter:label1\" content=\"Est. tempo de leitura\" \/>\n\t<meta name=\"twitter:data1\" content=\"1 minuto\" \/>\n<script type=\"application\/ld+json\" class=\"yoast-schema-graph\">{\"@context\":\"https:\/\/schema.org\",\"@graph\":[{\"@type\":\"WebPage\",\"@id\":\"https:\/\/fatordental.com.br\/index.php\/produto\/pasta-endo-ptc-biodinamica\/\",\"url\":\"https:\/\/fatordental.com.br\/index.php\/produto\/pasta-endo-ptc-biodinamica\/\",\"name\":\"Pasta Endo PTC - Biodin\u00e2mica - Fator Dental\",\"isPartOf\":{\"@id\":\"https:\/\/fatordental.com.br\/#website\"},\"primaryImageOfPage\":{\"@id\":\"https:\/\/fatordental.com.br\/index.php\/produto\/pasta-endo-ptc-biodinamica\/#primaryimage\"},\"image\":{\"@id\":\"https:\/\/fatordental.com.br\/index.php\/produto\/pasta-endo-ptc-biodinamica\/#primaryimage\"},\"thumbnailUrl\":\"https:\/\/fatordental.com.br\/wp-content\/uploads\/2023\/02\/endo-ptc-biodinamica-dc.jpg\",\"datePublished\":\"2023-02-04T17:48:01+00:00\",\"dateModified\":\"2023-02-04T17:48:02+00:00\",\"breadcrumb\":{\"@id\":\"https:\/\/fatordental.com.br\/index.php\/produto\/pasta-endo-ptc-biodinamica\/#breadcrumb\"},\"inLanguage\":\"pt-BR\",\"potentialAction\":[{\"@type\":\"ReadAction\",\"target\":[\"https:\/\/fatordental.com.br\/index.php\/produto\/pasta-endo-ptc-biodinamica\/\"]}]},{\"@type\":\"ImageObject\",\"inLanguage\":\"pt-BR\",\"@id\":\"https:\/\/fatordental.com.br\/index.php\/produto\/pasta-endo-ptc-biodinamica\/#primaryimage\",\"url\":\"https:\/\/fatordental.com.br\/wp-content\/uploads\/2023\/02\/endo-ptc-biodinamica-dc.jpg\",\"contentUrl\":\"https:\/\/fatordental.com.br\/wp-content\/uploads\/2023\/02\/endo-ptc-biodinamica-dc.jpg\",\"width\":800,\"height\":800},{\"@type\":\"BreadcrumbList\",\"@id\":\"https:\/\/fatordental.com.br\/index.php\/produto\/pasta-endo-ptc-biodinamica\/#breadcrumb\",\"itemListElement\":[{\"@type\":\"ListItem\",\"position\":1,\"name\":\"In\u00edcio\",\"item\":\"https:\/\/fatordental.com.br\/\"},{\"@type\":\"ListItem\",\"position\":2,\"name\":\"Produtos\",\"item\":\"https:\/\/fatordental.com.br\/index.php\/produtos\/\"},{\"@type\":\"ListItem\",\"position\":3,\"name\":\"Pasta Endo PTC &#8211; Biodin\u00e2mica\"}]},{\"@type\":\"WebSite\",\"@id\":\"https:\/\/fatordental.com.br\/#website\",\"url\":\"https:\/\/fatordental.com.br\/\",\"name\":\"Fator Dental\",\"description\":\"Produtos Ondontol\u00f3gicos\",\"publisher\":{\"@id\":\"https:\/\/fatordental.com.br\/#organization\"},\"potentialAction\":[{\"@type\":\"SearchAction\",\"target\":{\"@type\":\"EntryPoint\",\"urlTemplate\":\"https:\/\/fatordental.com.br\/?s={search_term_string}\"},\"query-input\":{\"@type\":\"PropertyValueSpecification\",\"valueRequired\":true,\"valueName\":\"search_term_string\"}}],\"inLanguage\":\"pt-BR\"},{\"@type\":\"Organization\",\"@id\":\"https:\/\/fatordental.com.br\/#organization\",\"name\":\"Fator Dental\",\"url\":\"https:\/\/fatordental.com.br\/\",\"logo\":{\"@type\":\"ImageObject\",\"inLanguage\":\"pt-BR\",\"@id\":\"https:\/\/fatordental.com.br\/#\/schema\/logo\/image\/\",\"url\":\"https:\/\/fatordental.com.br\/wp-content\/uploads\/2023\/02\/logo_fator.png\",\"contentUrl\":\"https:\/\/fatordental.com.br\/wp-content\/uploads\/2023\/02\/logo_fator.png\",\"width\":400,\"height\":256,\"caption\":\"Fator Dental\"},\"image\":{\"@id\":\"https:\/\/fatordental.com.br\/#\/schema\/logo\/image\/\"},\"sameAs\":[\"https:\/\/www.instagram.com\/fatordental\/\"]}]}<\/script>\n<!-- \/ Yoast SEO plugin. -->","yoast_head_json":{"title":"Pasta Endo PTC - Biodin\u00e2mica - Fator Dental","robots":{"index":"index","follow":"follow","max-snippet":"max-snippet:-1","max-image-preview":"max-image-preview:large","max-video-preview":"max-video-preview:-1"},"canonical":"https:\/\/fatordental.com.br\/index.php\/produto\/pasta-endo-ptc-biodinamica\/","og_locale":"pt_BR","og_type":"article","og_title":"Pasta Endo PTC - Biodin\u00e2mica - Fator Dental","og_description":"Frasco com 25g. &nbsp; DETALHES * Composi\u00e7\u00e3o: POLIETILENOGLICOL que \u00e9 o ve\u00edculo da composi\u00e7\u00e3o com caracter\u00edstica detergente e lubrificante, facilita a instrumenta\u00e7\u00e3o do canal e diminui o risco de entrave [&hellip;]","og_url":"https:\/\/fatordental.com.br\/index.php\/produto\/pasta-endo-ptc-biodinamica\/","og_site_name":"Fator Dental","article_modified_time":"2023-02-04T17:48:02+00:00","og_image":[{"width":800,"height":800,"url":"https:\/\/fatordental.com.br\/wp-content\/uploads\/2023\/02\/endo-ptc-biodinamica-dc.jpg","type":"image\/jpeg"}],"twitter_card":"summary_large_image","twitter_misc":{"Est. tempo de leitura":"1 minuto"},"schema":{"@context":"https:\/\/schema.org","@graph":[{"@type":"WebPage","@id":"https:\/\/fatordental.com.br\/index.php\/produto\/pasta-endo-ptc-biodinamica\/","url":"https:\/\/fatordental.com.br\/index.php\/produto\/pasta-endo-ptc-biodinamica\/","name":"Pasta Endo PTC - Biodin\u00e2mica - Fator Dental","isPartOf":{"@id":"https:\/\/fatordental.com.br\/#website"},"primaryImageOfPage":{"@id":"https:\/\/fatordental.com.br\/index.php\/produto\/pasta-endo-ptc-biodinamica\/#primaryimage"},"image":{"@id":"https:\/\/fatordental.com.br\/index.php\/produto\/pasta-endo-ptc-biodinamica\/#primaryimage"},"thumbnailUrl":"https:\/\/fatordental.com.br\/wp-content\/uploads\/2023\/02\/endo-ptc-biodinamica-dc.jpg","datePublished":"2023-02-04T17:48:01+00:00","dateModified":"2023-02-04T17:48:02+00:00","breadcrumb":{"@id":"https:\/\/fatordental.com.br\/index.php\/produto\/pasta-endo-ptc-biodinamica\/#breadcrumb"},"inLanguage":"pt-BR","potentialAction":[{"@type":"ReadAction","target":["https:\/\/fatordental.com.br\/index.php\/produto\/pasta-endo-ptc-biodinamica\/"]}]},{"@type":"ImageObject","inLanguage":"pt-BR","@id":"https:\/\/fatordental.com.br\/index.php\/produto\/pasta-endo-ptc-biodinamica\/#primaryimage","url":"https:\/\/fatordental.com.br\/wp-content\/uploads\/2023\/02\/endo-ptc-biodinamica-dc.jpg","contentUrl":"https:\/\/fatordental.com.br\/wp-content\/uploads\/2023\/02\/endo-ptc-biodinamica-dc.jpg","width":800,"height":800},{"@type":"BreadcrumbList","@id":"https:\/\/fatordental.com.br\/index.php\/produto\/pasta-endo-ptc-biodinamica\/#breadcrumb","itemListElement":[{"@type":"ListItem","position":1,"name":"In\u00edcio","item":"https:\/\/fatordental.com.br\/"},{"@type":"ListItem","position":2,"name":"Produtos","item":"https:\/\/fatordental.com.br\/index.php\/produtos\/"},{"@type":"ListItem","position":3,"name":"Pasta Endo PTC &#8211; Biodin\u00e2mica"}]},{"@type":"WebSite","@id":"https:\/\/fatordental.com.br\/#website","url":"https:\/\/fatordental.com.br\/","name":"Fator Dental","description":"Produtos Ondontol\u00f3gicos","publisher":{"@id":"https:\/\/fatordental.com.br\/#organization"},"potentialAction":[{"@type":"SearchAction","target":{"@type":"EntryPoint","urlTemplate":"https:\/\/fatordental.com.br\/?s={search_term_string}"},"query-input":{"@type":"PropertyValueSpecification","valueRequired":true,"valueName":"search_term_string"}}],"inLanguage":"pt-BR"},{"@type":"Organization","@id":"https:\/\/fatordental.com.br\/#organization","name":"Fator Dental","url":"https:\/\/fatordental.com.br\/","logo":{"@type":"ImageObject","inLanguage":"pt-BR","@id":"https:\/\/fatordental.com.br\/#\/schema\/logo\/image\/","url":"https:\/\/fatordental.com.br\/wp-content\/uploads\/2023\/02\/logo_fator.png","contentUrl":"https:\/\/fatordental.com.br\/wp-content\/uploads\/2023\/02\/logo_fator.png","width":400,"height":256,"caption":"Fator Dental"},"image":{"@id":"https:\/\/fatordental.com.br\/#\/schema\/logo\/image\/"},"sameAs":["https:\/\/www.instagram.com\/fatordental\/"]}]}},"_links":{"self":[{"href":"https:\/\/fatordental.com.br\/index.php\/wp-json\/wp\/v2\/product\/958","targetHints":{"allow":["GET"]}}],"collection":[{"href":"https:\/\/fatordental.com.br\/index.php\/wp-json\/wp\/v2\/product"}],"about":[{"href":"https:\/\/fatordental.com.br\/index.php\/wp-json\/wp\/v2\/types\/product"}],"wp:featuredmedia":[{"embeddable":true,"href":"https:\/\/fatordental.com.br\/index.php\/wp-json\/wp\/v2\/media\/959"}],"wp:attachment":[{"href":"https:\/\/fatordental.com.br\/index.php\/wp-json\/wp\/v2\/media?parent=958"}],"wp:term":[{"taxonomy":"product_brand","embeddable":true,"href":"https:\/\/fatordental.com.br\/index.php\/wp-json\/wp\/v2\/product_brand?post=958"},{"taxonomy":"product_cat","embeddable":true,"href":"https:\/\/fatordental.com.br\/index.php\/wp-json\/wp\/v2\/product_cat?post=958"},{"taxonomy":"product_tag","embeddable":true,"href":"https:\/\/fatordental.com.br\/index.php\/wp-json\/wp\/v2\/product_tag?post=958"}],"curies":[{"name":"wp","href":"https:\/\/api.w.org\/{rel}","templated":true}]}}