{"id":939,"date":"2023-02-04T12:03:53","date_gmt":"2023-02-04T15:03:53","guid":{"rendered":"https:\/\/fatordental.com.br\/?post_type=product&#038;p=939"},"modified":"2023-02-04T12:03:53","modified_gmt":"2023-02-04T15:03:53","slug":"aplicador-technobrush-regular-verde-vigodent","status":"publish","type":"product","link":"https:\/\/fatordental.com.br\/index.php\/produto\/aplicador-technobrush-regular-verde-vigodent\/","title":{"rendered":"Aplicador Technobrush Regular Verde &#8211; Vigodent"},"content":{"rendered":"<p class=\"value\"><strong>Embalagem com 100 unidades.\u00a0<\/strong><\/p>\n<p>&nbsp;<\/p>\n<ul>\n<li><strong>DETALHES<\/strong><\/li>\n<\/ul>\n<p>&#8211; Boa flexibilidade: capacidade de dobrar-se at\u00e9 90\u00b0.<br \/>\n&#8211; Cores vivas e contrastantes para melhor visualiza\u00e7\u00e3o e diferencia\u00e7\u00e3o.<br \/>\n&#8211; Pontas em fibras n\u00e3o absorventes e resistentes \u00e0 abras\u00e3o.\u00a0 \u00a0 \u00a0 \u00a0 \u00a0 \u00a0 \u00a0 \u00a0 \u00a0 \u00a0 \u00a0 \u00a0 \u00a0 \u00a0 \u00a0 \u00a0 \u00a0 \u00a0 \u00a0 \u00a0 \u00a0 \u00a0 \u00a0 \u00a0 \u00a0 \u00a0 \u00a0 \u00a0 \u00a0 \u00a0 \u00a0 \u00a0 \u00a0 \u00a0 \u00a0 \u00a0 \u00a0 \u00a0 \u00a0 \u00a0 \u00a0 \u00a0 \u00a0 \u00a0 \u00a0 \u00a0 \u00a0 \u00a0&#8211; Technobrush Regular: cor verde, 2,5 mm.<br \/>\n&#8211; Validade: indeterminada.<br \/>\n&#8211; Registro ANVISA: 10068870116.<\/p>\n<p>&nbsp;<\/p>\n<ul>\n<li><strong>APLICA\u00c7\u00c3O<\/strong><\/li>\n<\/ul>\n<p>O\u00a0<strong>Technobrush<\/strong>\u00a0\u00e9 um microaplicador odontol\u00f3gico descart\u00e1vel da\u00a0<strong>Vigodent<\/strong>, indicado para aplicar adesivos e solu\u00e7\u00f5es em procedimentos de restaura\u00e7\u00e3o, cimenta\u00e7\u00e3o e selamento, al\u00e9m de atuar na remo\u00e7\u00e3o de excessos. Com boa flexibilidade, ele conta com a propriedade de dobra at\u00e9 90\u00b0, cores contrastantes e pontas em fibras n\u00e3o absorventes e resistentes \u00e0 abras\u00e3o.<\/p>\n","protected":false},"excerpt":{"rendered":"<p>Embalagem com 100 unidades.\u00a0 &nbsp; DETALHES &#8211; Boa flexibilidade: capacidade de dobrar-se at\u00e9 90\u00b0. &#8211; Cores vivas e contrastantes para melhor visualiza\u00e7\u00e3o e diferencia\u00e7\u00e3o. &#8211; Pontas em fibras n\u00e3o absorventes [&hellip;]<\/p>\n","protected":false},"featured_media":940,"template":"","meta":[],"product_brand":[],"product_cat":[85,116,92],"product_tag":[],"class_list":{"0":"post-939","1":"product","2":"type-product","3":"status-publish","4":"has-post-thumbnail","6":"product_cat-aplicador","7":"product_cat-aplicador-descartavel","8":"product_cat-descartaveis","10":"first","11":"instock","12":"shipping-taxable","13":"product-type-simple"},"yoast_head":"<!-- This site is optimized with the Yoast SEO plugin v26.8 - https:\/\/yoast.com\/product\/yoast-seo-wordpress\/ -->\n<title>Aplicador Technobrush Regular Verde - Vigodent - Fator Dental<\/title>\n<meta name=\"robots\" content=\"index, follow, max-snippet:-1, max-image-preview:large, max-video-preview:-1\" \/>\n<link rel=\"canonical\" href=\"https:\/\/fatordental.com.br\/index.php\/produto\/aplicador-technobrush-regular-verde-vigodent\/\" \/>\n<meta property=\"og:locale\" content=\"pt_BR\" \/>\n<meta property=\"og:type\" content=\"article\" \/>\n<meta property=\"og:title\" content=\"Aplicador Technobrush Regular Verde - Vigodent - Fator Dental\" \/>\n<meta property=\"og:description\" content=\"Embalagem com 100 unidades.\u00a0 &nbsp; DETALHES &#8211; Boa flexibilidade: capacidade de dobrar-se at\u00e9 90\u00b0. &#8211; Cores vivas e contrastantes para melhor visualiza\u00e7\u00e3o e diferencia\u00e7\u00e3o. &#8211; Pontas em fibras n\u00e3o absorventes [&hellip;]\" \/>\n<meta property=\"og:url\" content=\"https:\/\/fatordental.com.br\/index.php\/produto\/aplicador-technobrush-regular-verde-vigodent\/\" \/>\n<meta property=\"og:site_name\" content=\"Fator Dental\" \/>\n<meta property=\"og:image\" content=\"https:\/\/fatordental.com.br\/wp-content\/uploads\/2023\/02\/aplicador-technobrush-vigodent-regular.jpg\" \/>\n\t<meta property=\"og:image:width\" content=\"800\" \/>\n\t<meta property=\"og:image:height\" content=\"800\" \/>\n\t<meta property=\"og:image:type\" content=\"image\/jpeg\" \/>\n<meta name=\"twitter:card\" content=\"summary_large_image\" \/>\n<meta name=\"twitter:label1\" content=\"Est. tempo de leitura\" \/>\n\t<meta name=\"twitter:data1\" content=\"1 minuto\" \/>\n<script type=\"application\/ld+json\" class=\"yoast-schema-graph\">{\"@context\":\"https:\/\/schema.org\",\"@graph\":[{\"@type\":\"WebPage\",\"@id\":\"https:\/\/fatordental.com.br\/index.php\/produto\/aplicador-technobrush-regular-verde-vigodent\/\",\"url\":\"https:\/\/fatordental.com.br\/index.php\/produto\/aplicador-technobrush-regular-verde-vigodent\/\",\"name\":\"Aplicador Technobrush Regular Verde - Vigodent - Fator Dental\",\"isPartOf\":{\"@id\":\"https:\/\/fatordental.com.br\/#website\"},\"primaryImageOfPage\":{\"@id\":\"https:\/\/fatordental.com.br\/index.php\/produto\/aplicador-technobrush-regular-verde-vigodent\/#primaryimage\"},\"image\":{\"@id\":\"https:\/\/fatordental.com.br\/index.php\/produto\/aplicador-technobrush-regular-verde-vigodent\/#primaryimage\"},\"thumbnailUrl\":\"https:\/\/fatordental.com.br\/wp-content\/uploads\/2023\/02\/aplicador-technobrush-vigodent-regular.jpg\",\"datePublished\":\"2023-02-04T15:03:53+00:00\",\"breadcrumb\":{\"@id\":\"https:\/\/fatordental.com.br\/index.php\/produto\/aplicador-technobrush-regular-verde-vigodent\/#breadcrumb\"},\"inLanguage\":\"pt-BR\",\"potentialAction\":[{\"@type\":\"ReadAction\",\"target\":[\"https:\/\/fatordental.com.br\/index.php\/produto\/aplicador-technobrush-regular-verde-vigodent\/\"]}]},{\"@type\":\"ImageObject\",\"inLanguage\":\"pt-BR\",\"@id\":\"https:\/\/fatordental.com.br\/index.php\/produto\/aplicador-technobrush-regular-verde-vigodent\/#primaryimage\",\"url\":\"https:\/\/fatordental.com.br\/wp-content\/uploads\/2023\/02\/aplicador-technobrush-vigodent-regular.jpg\",\"contentUrl\":\"https:\/\/fatordental.com.br\/wp-content\/uploads\/2023\/02\/aplicador-technobrush-vigodent-regular.jpg\",\"width\":800,\"height\":800},{\"@type\":\"BreadcrumbList\",\"@id\":\"https:\/\/fatordental.com.br\/index.php\/produto\/aplicador-technobrush-regular-verde-vigodent\/#breadcrumb\",\"itemListElement\":[{\"@type\":\"ListItem\",\"position\":1,\"name\":\"In\u00edcio\",\"item\":\"https:\/\/fatordental.com.br\/\"},{\"@type\":\"ListItem\",\"position\":2,\"name\":\"Produtos\",\"item\":\"https:\/\/fatordental.com.br\/index.php\/produtos\/\"},{\"@type\":\"ListItem\",\"position\":3,\"name\":\"Aplicador Technobrush Regular Verde &#8211; Vigodent\"}]},{\"@type\":\"WebSite\",\"@id\":\"https:\/\/fatordental.com.br\/#website\",\"url\":\"https:\/\/fatordental.com.br\/\",\"name\":\"Fator Dental\",\"description\":\"Produtos Ondontol\u00f3gicos\",\"publisher\":{\"@id\":\"https:\/\/fatordental.com.br\/#organization\"},\"potentialAction\":[{\"@type\":\"SearchAction\",\"target\":{\"@type\":\"EntryPoint\",\"urlTemplate\":\"https:\/\/fatordental.com.br\/?s={search_term_string}\"},\"query-input\":{\"@type\":\"PropertyValueSpecification\",\"valueRequired\":true,\"valueName\":\"search_term_string\"}}],\"inLanguage\":\"pt-BR\"},{\"@type\":\"Organization\",\"@id\":\"https:\/\/fatordental.com.br\/#organization\",\"name\":\"Fator Dental\",\"url\":\"https:\/\/fatordental.com.br\/\",\"logo\":{\"@type\":\"ImageObject\",\"inLanguage\":\"pt-BR\",\"@id\":\"https:\/\/fatordental.com.br\/#\/schema\/logo\/image\/\",\"url\":\"https:\/\/fatordental.com.br\/wp-content\/uploads\/2023\/02\/logo_fator.png\",\"contentUrl\":\"https:\/\/fatordental.com.br\/wp-content\/uploads\/2023\/02\/logo_fator.png\",\"width\":400,\"height\":256,\"caption\":\"Fator Dental\"},\"image\":{\"@id\":\"https:\/\/fatordental.com.br\/#\/schema\/logo\/image\/\"},\"sameAs\":[\"https:\/\/www.instagram.com\/fatordental\/\"]}]}<\/script>\n<!-- \/ Yoast SEO plugin. -->","yoast_head_json":{"title":"Aplicador Technobrush Regular Verde - Vigodent - Fator Dental","robots":{"index":"index","follow":"follow","max-snippet":"max-snippet:-1","max-image-preview":"max-image-preview:large","max-video-preview":"max-video-preview:-1"},"canonical":"https:\/\/fatordental.com.br\/index.php\/produto\/aplicador-technobrush-regular-verde-vigodent\/","og_locale":"pt_BR","og_type":"article","og_title":"Aplicador Technobrush Regular Verde - Vigodent - Fator Dental","og_description":"Embalagem com 100 unidades.\u00a0 &nbsp; DETALHES &#8211; Boa flexibilidade: capacidade de dobrar-se at\u00e9 90\u00b0. &#8211; Cores vivas e contrastantes para melhor visualiza\u00e7\u00e3o e diferencia\u00e7\u00e3o. &#8211; Pontas em fibras n\u00e3o absorventes [&hellip;]","og_url":"https:\/\/fatordental.com.br\/index.php\/produto\/aplicador-technobrush-regular-verde-vigodent\/","og_site_name":"Fator Dental","og_image":[{"width":800,"height":800,"url":"https:\/\/fatordental.com.br\/wp-content\/uploads\/2023\/02\/aplicador-technobrush-vigodent-regular.jpg","type":"image\/jpeg"}],"twitter_card":"summary_large_image","twitter_misc":{"Est. tempo de leitura":"1 minuto"},"schema":{"@context":"https:\/\/schema.org","@graph":[{"@type":"WebPage","@id":"https:\/\/fatordental.com.br\/index.php\/produto\/aplicador-technobrush-regular-verde-vigodent\/","url":"https:\/\/fatordental.com.br\/index.php\/produto\/aplicador-technobrush-regular-verde-vigodent\/","name":"Aplicador Technobrush Regular Verde - Vigodent - Fator Dental","isPartOf":{"@id":"https:\/\/fatordental.com.br\/#website"},"primaryImageOfPage":{"@id":"https:\/\/fatordental.com.br\/index.php\/produto\/aplicador-technobrush-regular-verde-vigodent\/#primaryimage"},"image":{"@id":"https:\/\/fatordental.com.br\/index.php\/produto\/aplicador-technobrush-regular-verde-vigodent\/#primaryimage"},"thumbnailUrl":"https:\/\/fatordental.com.br\/wp-content\/uploads\/2023\/02\/aplicador-technobrush-vigodent-regular.jpg","datePublished":"2023-02-04T15:03:53+00:00","breadcrumb":{"@id":"https:\/\/fatordental.com.br\/index.php\/produto\/aplicador-technobrush-regular-verde-vigodent\/#breadcrumb"},"inLanguage":"pt-BR","potentialAction":[{"@type":"ReadAction","target":["https:\/\/fatordental.com.br\/index.php\/produto\/aplicador-technobrush-regular-verde-vigodent\/"]}]},{"@type":"ImageObject","inLanguage":"pt-BR","@id":"https:\/\/fatordental.com.br\/index.php\/produto\/aplicador-technobrush-regular-verde-vigodent\/#primaryimage","url":"https:\/\/fatordental.com.br\/wp-content\/uploads\/2023\/02\/aplicador-technobrush-vigodent-regular.jpg","contentUrl":"https:\/\/fatordental.com.br\/wp-content\/uploads\/2023\/02\/aplicador-technobrush-vigodent-regular.jpg","width":800,"height":800},{"@type":"BreadcrumbList","@id":"https:\/\/fatordental.com.br\/index.php\/produto\/aplicador-technobrush-regular-verde-vigodent\/#breadcrumb","itemListElement":[{"@type":"ListItem","position":1,"name":"In\u00edcio","item":"https:\/\/fatordental.com.br\/"},{"@type":"ListItem","position":2,"name":"Produtos","item":"https:\/\/fatordental.com.br\/index.php\/produtos\/"},{"@type":"ListItem","position":3,"name":"Aplicador Technobrush Regular Verde &#8211; Vigodent"}]},{"@type":"WebSite","@id":"https:\/\/fatordental.com.br\/#website","url":"https:\/\/fatordental.com.br\/","name":"Fator Dental","description":"Produtos Ondontol\u00f3gicos","publisher":{"@id":"https:\/\/fatordental.com.br\/#organization"},"potentialAction":[{"@type":"SearchAction","target":{"@type":"EntryPoint","urlTemplate":"https:\/\/fatordental.com.br\/?s={search_term_string}"},"query-input":{"@type":"PropertyValueSpecification","valueRequired":true,"valueName":"search_term_string"}}],"inLanguage":"pt-BR"},{"@type":"Organization","@id":"https:\/\/fatordental.com.br\/#organization","name":"Fator Dental","url":"https:\/\/fatordental.com.br\/","logo":{"@type":"ImageObject","inLanguage":"pt-BR","@id":"https:\/\/fatordental.com.br\/#\/schema\/logo\/image\/","url":"https:\/\/fatordental.com.br\/wp-content\/uploads\/2023\/02\/logo_fator.png","contentUrl":"https:\/\/fatordental.com.br\/wp-content\/uploads\/2023\/02\/logo_fator.png","width":400,"height":256,"caption":"Fator Dental"},"image":{"@id":"https:\/\/fatordental.com.br\/#\/schema\/logo\/image\/"},"sameAs":["https:\/\/www.instagram.com\/fatordental\/"]}]}},"_links":{"self":[{"href":"https:\/\/fatordental.com.br\/index.php\/wp-json\/wp\/v2\/product\/939","targetHints":{"allow":["GET"]}}],"collection":[{"href":"https:\/\/fatordental.com.br\/index.php\/wp-json\/wp\/v2\/product"}],"about":[{"href":"https:\/\/fatordental.com.br\/index.php\/wp-json\/wp\/v2\/types\/product"}],"wp:featuredmedia":[{"embeddable":true,"href":"https:\/\/fatordental.com.br\/index.php\/wp-json\/wp\/v2\/media\/940"}],"wp:attachment":[{"href":"https:\/\/fatordental.com.br\/index.php\/wp-json\/wp\/v2\/media?parent=939"}],"wp:term":[{"taxonomy":"product_brand","embeddable":true,"href":"https:\/\/fatordental.com.br\/index.php\/wp-json\/wp\/v2\/product_brand?post=939"},{"taxonomy":"product_cat","embeddable":true,"href":"https:\/\/fatordental.com.br\/index.php\/wp-json\/wp\/v2\/product_cat?post=939"},{"taxonomy":"product_tag","embeddable":true,"href":"https:\/\/fatordental.com.br\/index.php\/wp-json\/wp\/v2\/product_tag?post=939"}],"curies":[{"name":"wp","href":"https:\/\/api.w.org\/{rel}","templated":true}]}}