{"id":912,"date":"2023-01-22T20:01:44","date_gmt":"2023-01-22T23:01:44","guid":{"rendered":"https:\/\/fatordental.com.br\/?post_type=product&#038;p=912"},"modified":"2023-01-22T20:01:45","modified_gmt":"2023-01-22T23:01:45","slug":"luva-de-procedimento-de-nitrilo-preta-sem-po-tamanho-p-premium-quality-unigloves","status":"publish","type":"product","link":"https:\/\/fatordental.com.br\/index.php\/produto\/luva-de-procedimento-de-nitrilo-preta-sem-po-tamanho-p-premium-quality-unigloves\/","title":{"rendered":"Luva de Procedimento de Nitrilo Preta Sem P\u00f3 Tamanho P Premium Quality &#8211; Unigloves"},"content":{"rendered":"<p class=\"value\"><strong>Embalagem com 100 unidades.<\/strong><\/p>\n<p>&nbsp;<\/p>\n<ul>\n<li><strong>DETALHES<\/strong><\/li>\n<\/ul>\n<p>&#8211; Luva para procedimento n\u00e3o cir\u00fargico.<br \/>\n&#8211; N\u00e3o est\u00e9ril.<br \/>\n&#8211; Cor: Preta.<br \/>\n&#8211; Material: Nitrilo (borracha sint\u00e9tica).<br \/>\n&#8211; Presen\u00e7a de p\u00f3: Sem p\u00f3.<br \/>\n&#8211; Superf\u00edcie: Texturizada na ponta dos dedos.<br \/>\n&#8211; F\u00e1cil cal\u00e7amento.<br \/>\n&#8211; Ambidestra, ideal para destros e canhotos.<br \/>\n&#8211; Barreira biol\u00f3gica.<br \/>\n&#8211; Validade: 4 anos da data de fabrica\u00e7\u00e3o.<br \/>\n&#8211; Registro ANVISA: 807462004.<br \/>\n&#8211; Conformidade com a Portaria 332\/2012 &#8211; INMETRO.<br \/>\n&#8211; Fabrica\u00e7\u00e3o de acordo com o sistema de qualidade ISO 13485\/2008 (Boas pr\u00e1ticas de fabrica\u00e7\u00e3o).<\/p>\n<ul>\n<li><strong>APLICA\u00c7\u00c3O<\/strong><\/li>\n<\/ul>\n<p>A\u00a0<strong>Luva de Procedimento de Nitrilo Preta Sem P\u00f3 Premium Quality<\/strong>\u00a0da\u00a0<strong>Unigloves\u00a0<\/strong>\u00e9 confeccionada em nitrilo (borracha sint\u00e9tica) e uma \u00f3tima alternativa aos profissionais que apresentam hipersensibilidade ao l\u00e1tex e p\u00f3 bioabsorv\u00edvel.<\/p>\n<p>O seu uso \u00e9 sin\u00f4nimo de cuidado e ader\u00eancia, pois garante sensibilidade t\u00e1til, conforto e elasticidade ao cal\u00e7\u00e1-la. Al\u00e9m de reduzir a fadiga muscular, gra\u00e7as a um processo em sua fabrica\u00e7\u00e3o onde \u00e9 submetida a estresse de alongamento causado por uma tens\u00e3o constante, onde as mol\u00e9culas se acomodam e entram em equil\u00edbrio com as for\u00e7as de extens\u00e3o externas, o que faz com que tenha melhor ajuste das m\u00e3os.<\/p>\n<h2><strong>Qual a indica\u00e7\u00e3o de uso da Luva de Procedimento sem P\u00f3 Unigloves?<\/strong><\/h2>\n<p>Protege o cirurgi\u00e3o-dentista e outros profissionais de sa\u00fade de ter o contato com sangues e fluidos corporais de seus pacientes, evitando assim a possibilidade de uma contamina\u00e7\u00e3o e transmiss\u00e3o de micro-organismos entre paciente e profissional.<\/p>\n","protected":false},"excerpt":{"rendered":"<p>Embalagem com 100 unidades. &nbsp; DETALHES &#8211; Luva para procedimento n\u00e3o cir\u00fargico. &#8211; N\u00e3o est\u00e9ril. &#8211; Cor: Preta. &#8211; Material: Nitrilo (borracha sint\u00e9tica). &#8211; Presen\u00e7a de p\u00f3: Sem p\u00f3. &#8211; [&hellip;]<\/p>\n","protected":false},"featured_media":913,"template":"","meta":[],"product_brand":[],"product_cat":[92,114],"product_tag":[],"class_list":{"0":"post-912","1":"product","2":"type-product","3":"status-publish","4":"has-post-thumbnail","6":"product_cat-descartaveis","7":"product_cat-luvas-descartaveis","9":"first","10":"instock","11":"shipping-taxable","12":"product-type-simple"},"yoast_head":"<!-- This site is optimized with the Yoast SEO plugin v26.8 - https:\/\/yoast.com\/product\/yoast-seo-wordpress\/ -->\n<title>Luva de Procedimento de Nitrilo Preta Sem P\u00f3 Tamanho P Premium Quality - Unigloves - Fator Dental<\/title>\n<meta name=\"robots\" content=\"index, follow, max-snippet:-1, max-image-preview:large, max-video-preview:-1\" \/>\n<link rel=\"canonical\" href=\"https:\/\/fatordental.com.br\/index.php\/produto\/luva-de-procedimento-de-nitrilo-preta-sem-po-tamanho-p-premium-quality-unigloves\/\" \/>\n<meta property=\"og:locale\" content=\"pt_BR\" \/>\n<meta property=\"og:type\" content=\"article\" \/>\n<meta property=\"og:title\" content=\"Luva de Procedimento de Nitrilo Preta Sem P\u00f3 Tamanho P Premium Quality - Unigloves - Fator Dental\" \/>\n<meta property=\"og:description\" content=\"Embalagem com 100 unidades. &nbsp; DETALHES &#8211; Luva para procedimento n\u00e3o cir\u00fargico. &#8211; N\u00e3o est\u00e9ril. &#8211; Cor: Preta. &#8211; Material: Nitrilo (borracha sint\u00e9tica). &#8211; Presen\u00e7a de p\u00f3: Sem p\u00f3. &#8211; [&hellip;]\" \/>\n<meta property=\"og:url\" content=\"https:\/\/fatordental.com.br\/index.php\/produto\/luva-de-procedimento-de-nitrilo-preta-sem-po-tamanho-p-premium-quality-unigloves\/\" \/>\n<meta property=\"og:site_name\" content=\"Fator Dental\" \/>\n<meta property=\"article:modified_time\" content=\"2023-01-22T23:01:45+00:00\" \/>\n<meta property=\"og:image\" content=\"https:\/\/fatordental.com.br\/wp-content\/uploads\/2023\/01\/luva-procedimento-nitrilo-preta-sem-po-unigloves.jpg\" \/>\n\t<meta property=\"og:image:width\" content=\"900\" \/>\n\t<meta property=\"og:image:height\" content=\"900\" \/>\n\t<meta property=\"og:image:type\" content=\"image\/jpeg\" \/>\n<meta name=\"twitter:card\" content=\"summary_large_image\" \/>\n<meta name=\"twitter:label1\" content=\"Est. tempo de leitura\" \/>\n\t<meta name=\"twitter:data1\" content=\"2 minutos\" \/>\n<script type=\"application\/ld+json\" class=\"yoast-schema-graph\">{\"@context\":\"https:\/\/schema.org\",\"@graph\":[{\"@type\":\"WebPage\",\"@id\":\"https:\/\/fatordental.com.br\/index.php\/produto\/luva-de-procedimento-de-nitrilo-preta-sem-po-tamanho-p-premium-quality-unigloves\/\",\"url\":\"https:\/\/fatordental.com.br\/index.php\/produto\/luva-de-procedimento-de-nitrilo-preta-sem-po-tamanho-p-premium-quality-unigloves\/\",\"name\":\"Luva de Procedimento de Nitrilo Preta Sem P\u00f3 Tamanho P Premium Quality - Unigloves - Fator Dental\",\"isPartOf\":{\"@id\":\"https:\/\/fatordental.com.br\/#website\"},\"primaryImageOfPage\":{\"@id\":\"https:\/\/fatordental.com.br\/index.php\/produto\/luva-de-procedimento-de-nitrilo-preta-sem-po-tamanho-p-premium-quality-unigloves\/#primaryimage\"},\"image\":{\"@id\":\"https:\/\/fatordental.com.br\/index.php\/produto\/luva-de-procedimento-de-nitrilo-preta-sem-po-tamanho-p-premium-quality-unigloves\/#primaryimage\"},\"thumbnailUrl\":\"https:\/\/fatordental.com.br\/wp-content\/uploads\/2023\/01\/luva-procedimento-nitrilo-preta-sem-po-unigloves.jpg\",\"datePublished\":\"2023-01-22T23:01:44+00:00\",\"dateModified\":\"2023-01-22T23:01:45+00:00\",\"breadcrumb\":{\"@id\":\"https:\/\/fatordental.com.br\/index.php\/produto\/luva-de-procedimento-de-nitrilo-preta-sem-po-tamanho-p-premium-quality-unigloves\/#breadcrumb\"},\"inLanguage\":\"pt-BR\",\"potentialAction\":[{\"@type\":\"ReadAction\",\"target\":[\"https:\/\/fatordental.com.br\/index.php\/produto\/luva-de-procedimento-de-nitrilo-preta-sem-po-tamanho-p-premium-quality-unigloves\/\"]}]},{\"@type\":\"ImageObject\",\"inLanguage\":\"pt-BR\",\"@id\":\"https:\/\/fatordental.com.br\/index.php\/produto\/luva-de-procedimento-de-nitrilo-preta-sem-po-tamanho-p-premium-quality-unigloves\/#primaryimage\",\"url\":\"https:\/\/fatordental.com.br\/wp-content\/uploads\/2023\/01\/luva-procedimento-nitrilo-preta-sem-po-unigloves.jpg\",\"contentUrl\":\"https:\/\/fatordental.com.br\/wp-content\/uploads\/2023\/01\/luva-procedimento-nitrilo-preta-sem-po-unigloves.jpg\",\"width\":900,\"height\":900},{\"@type\":\"BreadcrumbList\",\"@id\":\"https:\/\/fatordental.com.br\/index.php\/produto\/luva-de-procedimento-de-nitrilo-preta-sem-po-tamanho-p-premium-quality-unigloves\/#breadcrumb\",\"itemListElement\":[{\"@type\":\"ListItem\",\"position\":1,\"name\":\"In\u00edcio\",\"item\":\"https:\/\/fatordental.com.br\/\"},{\"@type\":\"ListItem\",\"position\":2,\"name\":\"Produtos\",\"item\":\"https:\/\/fatordental.com.br\/index.php\/produtos\/\"},{\"@type\":\"ListItem\",\"position\":3,\"name\":\"Luva de Procedimento de Nitrilo Preta Sem P\u00f3 Tamanho P Premium Quality &#8211; Unigloves\"}]},{\"@type\":\"WebSite\",\"@id\":\"https:\/\/fatordental.com.br\/#website\",\"url\":\"https:\/\/fatordental.com.br\/\",\"name\":\"Fator Dental\",\"description\":\"Produtos Ondontol\u00f3gicos\",\"publisher\":{\"@id\":\"https:\/\/fatordental.com.br\/#organization\"},\"potentialAction\":[{\"@type\":\"SearchAction\",\"target\":{\"@type\":\"EntryPoint\",\"urlTemplate\":\"https:\/\/fatordental.com.br\/?s={search_term_string}\"},\"query-input\":{\"@type\":\"PropertyValueSpecification\",\"valueRequired\":true,\"valueName\":\"search_term_string\"}}],\"inLanguage\":\"pt-BR\"},{\"@type\":\"Organization\",\"@id\":\"https:\/\/fatordental.com.br\/#organization\",\"name\":\"Fator Dental\",\"url\":\"https:\/\/fatordental.com.br\/\",\"logo\":{\"@type\":\"ImageObject\",\"inLanguage\":\"pt-BR\",\"@id\":\"https:\/\/fatordental.com.br\/#\/schema\/logo\/image\/\",\"url\":\"https:\/\/fatordental.com.br\/wp-content\/uploads\/2023\/02\/logo_fator.png\",\"contentUrl\":\"https:\/\/fatordental.com.br\/wp-content\/uploads\/2023\/02\/logo_fator.png\",\"width\":400,\"height\":256,\"caption\":\"Fator Dental\"},\"image\":{\"@id\":\"https:\/\/fatordental.com.br\/#\/schema\/logo\/image\/\"},\"sameAs\":[\"https:\/\/www.instagram.com\/fatordental\/\"]}]}<\/script>\n<!-- \/ Yoast SEO plugin. -->","yoast_head_json":{"title":"Luva de Procedimento de Nitrilo Preta Sem P\u00f3 Tamanho P Premium Quality - Unigloves - Fator Dental","robots":{"index":"index","follow":"follow","max-snippet":"max-snippet:-1","max-image-preview":"max-image-preview:large","max-video-preview":"max-video-preview:-1"},"canonical":"https:\/\/fatordental.com.br\/index.php\/produto\/luva-de-procedimento-de-nitrilo-preta-sem-po-tamanho-p-premium-quality-unigloves\/","og_locale":"pt_BR","og_type":"article","og_title":"Luva de Procedimento de Nitrilo Preta Sem P\u00f3 Tamanho P Premium Quality - Unigloves - Fator Dental","og_description":"Embalagem com 100 unidades. &nbsp; DETALHES &#8211; Luva para procedimento n\u00e3o cir\u00fargico. &#8211; N\u00e3o est\u00e9ril. &#8211; Cor: Preta. &#8211; Material: Nitrilo (borracha sint\u00e9tica). &#8211; Presen\u00e7a de p\u00f3: Sem p\u00f3. &#8211; [&hellip;]","og_url":"https:\/\/fatordental.com.br\/index.php\/produto\/luva-de-procedimento-de-nitrilo-preta-sem-po-tamanho-p-premium-quality-unigloves\/","og_site_name":"Fator Dental","article_modified_time":"2023-01-22T23:01:45+00:00","og_image":[{"width":900,"height":900,"url":"https:\/\/fatordental.com.br\/wp-content\/uploads\/2023\/01\/luva-procedimento-nitrilo-preta-sem-po-unigloves.jpg","type":"image\/jpeg"}],"twitter_card":"summary_large_image","twitter_misc":{"Est. tempo de leitura":"2 minutos"},"schema":{"@context":"https:\/\/schema.org","@graph":[{"@type":"WebPage","@id":"https:\/\/fatordental.com.br\/index.php\/produto\/luva-de-procedimento-de-nitrilo-preta-sem-po-tamanho-p-premium-quality-unigloves\/","url":"https:\/\/fatordental.com.br\/index.php\/produto\/luva-de-procedimento-de-nitrilo-preta-sem-po-tamanho-p-premium-quality-unigloves\/","name":"Luva de Procedimento de Nitrilo Preta Sem P\u00f3 Tamanho P Premium Quality - Unigloves - Fator Dental","isPartOf":{"@id":"https:\/\/fatordental.com.br\/#website"},"primaryImageOfPage":{"@id":"https:\/\/fatordental.com.br\/index.php\/produto\/luva-de-procedimento-de-nitrilo-preta-sem-po-tamanho-p-premium-quality-unigloves\/#primaryimage"},"image":{"@id":"https:\/\/fatordental.com.br\/index.php\/produto\/luva-de-procedimento-de-nitrilo-preta-sem-po-tamanho-p-premium-quality-unigloves\/#primaryimage"},"thumbnailUrl":"https:\/\/fatordental.com.br\/wp-content\/uploads\/2023\/01\/luva-procedimento-nitrilo-preta-sem-po-unigloves.jpg","datePublished":"2023-01-22T23:01:44+00:00","dateModified":"2023-01-22T23:01:45+00:00","breadcrumb":{"@id":"https:\/\/fatordental.com.br\/index.php\/produto\/luva-de-procedimento-de-nitrilo-preta-sem-po-tamanho-p-premium-quality-unigloves\/#breadcrumb"},"inLanguage":"pt-BR","potentialAction":[{"@type":"ReadAction","target":["https:\/\/fatordental.com.br\/index.php\/produto\/luva-de-procedimento-de-nitrilo-preta-sem-po-tamanho-p-premium-quality-unigloves\/"]}]},{"@type":"ImageObject","inLanguage":"pt-BR","@id":"https:\/\/fatordental.com.br\/index.php\/produto\/luva-de-procedimento-de-nitrilo-preta-sem-po-tamanho-p-premium-quality-unigloves\/#primaryimage","url":"https:\/\/fatordental.com.br\/wp-content\/uploads\/2023\/01\/luva-procedimento-nitrilo-preta-sem-po-unigloves.jpg","contentUrl":"https:\/\/fatordental.com.br\/wp-content\/uploads\/2023\/01\/luva-procedimento-nitrilo-preta-sem-po-unigloves.jpg","width":900,"height":900},{"@type":"BreadcrumbList","@id":"https:\/\/fatordental.com.br\/index.php\/produto\/luva-de-procedimento-de-nitrilo-preta-sem-po-tamanho-p-premium-quality-unigloves\/#breadcrumb","itemListElement":[{"@type":"ListItem","position":1,"name":"In\u00edcio","item":"https:\/\/fatordental.com.br\/"},{"@type":"ListItem","position":2,"name":"Produtos","item":"https:\/\/fatordental.com.br\/index.php\/produtos\/"},{"@type":"ListItem","position":3,"name":"Luva de Procedimento de Nitrilo Preta Sem P\u00f3 Tamanho P Premium Quality &#8211; Unigloves"}]},{"@type":"WebSite","@id":"https:\/\/fatordental.com.br\/#website","url":"https:\/\/fatordental.com.br\/","name":"Fator Dental","description":"Produtos Ondontol\u00f3gicos","publisher":{"@id":"https:\/\/fatordental.com.br\/#organization"},"potentialAction":[{"@type":"SearchAction","target":{"@type":"EntryPoint","urlTemplate":"https:\/\/fatordental.com.br\/?s={search_term_string}"},"query-input":{"@type":"PropertyValueSpecification","valueRequired":true,"valueName":"search_term_string"}}],"inLanguage":"pt-BR"},{"@type":"Organization","@id":"https:\/\/fatordental.com.br\/#organization","name":"Fator Dental","url":"https:\/\/fatordental.com.br\/","logo":{"@type":"ImageObject","inLanguage":"pt-BR","@id":"https:\/\/fatordental.com.br\/#\/schema\/logo\/image\/","url":"https:\/\/fatordental.com.br\/wp-content\/uploads\/2023\/02\/logo_fator.png","contentUrl":"https:\/\/fatordental.com.br\/wp-content\/uploads\/2023\/02\/logo_fator.png","width":400,"height":256,"caption":"Fator Dental"},"image":{"@id":"https:\/\/fatordental.com.br\/#\/schema\/logo\/image\/"},"sameAs":["https:\/\/www.instagram.com\/fatordental\/"]}]}},"_links":{"self":[{"href":"https:\/\/fatordental.com.br\/index.php\/wp-json\/wp\/v2\/product\/912","targetHints":{"allow":["GET"]}}],"collection":[{"href":"https:\/\/fatordental.com.br\/index.php\/wp-json\/wp\/v2\/product"}],"about":[{"href":"https:\/\/fatordental.com.br\/index.php\/wp-json\/wp\/v2\/types\/product"}],"wp:featuredmedia":[{"embeddable":true,"href":"https:\/\/fatordental.com.br\/index.php\/wp-json\/wp\/v2\/media\/913"}],"wp:attachment":[{"href":"https:\/\/fatordental.com.br\/index.php\/wp-json\/wp\/v2\/media?parent=912"}],"wp:term":[{"taxonomy":"product_brand","embeddable":true,"href":"https:\/\/fatordental.com.br\/index.php\/wp-json\/wp\/v2\/product_brand?post=912"},{"taxonomy":"product_cat","embeddable":true,"href":"https:\/\/fatordental.com.br\/index.php\/wp-json\/wp\/v2\/product_cat?post=912"},{"taxonomy":"product_tag","embeddable":true,"href":"https:\/\/fatordental.com.br\/index.php\/wp-json\/wp\/v2\/product_tag?post=912"}],"curies":[{"name":"wp","href":"https:\/\/api.w.org\/{rel}","templated":true}]}}