{"id":891,"date":"2023-01-22T17:42:44","date_gmt":"2023-01-22T20:42:44","guid":{"rendered":"https:\/\/fatordental.com.br\/?post_type=product&#038;p=891"},"modified":"2023-01-22T17:42:44","modified_gmt":"2023-01-22T20:42:44","slug":"lencol-de-borracha-madeitex","status":"publish","type":"product","link":"https:\/\/fatordental.com.br\/index.php\/produto\/lencol-de-borracha-madeitex\/","title":{"rendered":"Len\u00e7ol de Borracha &#8211; Madeitex"},"content":{"rendered":"<p class=\"value\"><strong>Embalagem com 26 unidades. Tamanho 13,5&#215;13,5cm.<\/strong><\/p>\n<p>&nbsp;<\/p>\n<ul>\n<li><strong>DETALHES<\/strong><\/li>\n<\/ul>\n<p>* Uso \u00fanico.<br \/>\n* Extra resistente.<br \/>\n* Embalado individualmente com sistema Easy Open, para maior seguran\u00e7a e praticidade.<br \/>\n* Registro ANVISA: 80950310007.<\/p>\n<p>&nbsp;<\/p>\n<ul>\n<li><strong>APLICA\u00c7\u00c3O<\/strong><\/li>\n<\/ul>\n<p>O\u00a0<strong>Len\u00e7ol de Borracha\u00a0<\/strong>fabricado pela\u00a0<strong>Madeitex\u00a0<\/strong>garante seguran\u00e7a e praticidade no uso. Possui cor azul, aroma de tutti-frutti e \u00e9 embalado individualmente em pacotes ass\u00e9pticos selados com sistema Easy Open. O seu destaque est\u00e1 presente na resist\u00eancia do material, que diminui as chances de eventuais furos ou rasgos durante o uso.<\/p>\n<h2><strong>Para que serve o Len\u00e7ol de Borracha na Odontologia?<\/strong><\/h2>\n<p>O Len\u00e7ol de Borracha Odontol\u00f3gico, tamb\u00e9m conhecido como dique de borracha, \u00e9 utilizado para a t\u00e9cnica de Isolamento Absoluto, criando uma barreira ao redor do dente e impedindo que l\u00edquidos bucais cheguem ao campo de trabalho do profissional.<\/p>\n","protected":false},"excerpt":{"rendered":"<p>Embalagem com 26 unidades. Tamanho 13,5&#215;13,5cm. &nbsp; DETALHES * Uso \u00fanico. * Extra resistente. * Embalado individualmente com sistema Easy Open, para maior seguran\u00e7a e praticidade. * Registro ANVISA: 80950310007. [&hellip;]<\/p>\n","protected":false},"featured_media":892,"template":"","meta":[],"product_brand":[],"product_cat":[35,113],"product_tag":[],"class_list":{"0":"post-891","1":"product","2":"type-product","3":"status-publish","4":"has-post-thumbnail","6":"product_cat-endodontia","7":"product_cat-lencol-de-borracha","9":"first","10":"instock","11":"shipping-taxable","12":"product-type-simple"},"yoast_head":"<!-- This site is optimized with the Yoast SEO plugin v26.8 - https:\/\/yoast.com\/product\/yoast-seo-wordpress\/ -->\n<title>Len\u00e7ol de Borracha - Madeitex - Fator Dental<\/title>\n<meta name=\"robots\" content=\"index, follow, max-snippet:-1, max-image-preview:large, max-video-preview:-1\" \/>\n<link rel=\"canonical\" href=\"https:\/\/fatordental.com.br\/index.php\/produto\/lencol-de-borracha-madeitex\/\" \/>\n<meta property=\"og:locale\" content=\"pt_BR\" \/>\n<meta property=\"og:type\" content=\"article\" \/>\n<meta property=\"og:title\" content=\"Len\u00e7ol de Borracha - Madeitex - Fator Dental\" \/>\n<meta property=\"og:description\" content=\"Embalagem com 26 unidades. Tamanho 13,5&#215;13,5cm. &nbsp; DETALHES * Uso \u00fanico. * Extra resistente. * Embalado individualmente com sistema Easy Open, para maior seguran\u00e7a e praticidade. * Registro ANVISA: 80950310007. [&hellip;]\" \/>\n<meta property=\"og:url\" content=\"https:\/\/fatordental.com.br\/index.php\/produto\/lencol-de-borracha-madeitex\/\" \/>\n<meta property=\"og:site_name\" content=\"Fator Dental\" \/>\n<meta property=\"og:image\" content=\"https:\/\/fatordental.com.br\/wp-content\/uploads\/2023\/01\/embalagem-lencol-borracha-13cm-madeiteX.jpg\" \/>\n\t<meta property=\"og:image:width\" content=\"900\" \/>\n\t<meta property=\"og:image:height\" content=\"900\" \/>\n\t<meta property=\"og:image:type\" content=\"image\/jpeg\" \/>\n<meta name=\"twitter:card\" content=\"summary_large_image\" \/>\n<meta name=\"twitter:label1\" content=\"Est. tempo de leitura\" \/>\n\t<meta name=\"twitter:data1\" content=\"1 minuto\" \/>\n<script type=\"application\/ld+json\" class=\"yoast-schema-graph\">{\"@context\":\"https:\/\/schema.org\",\"@graph\":[{\"@type\":\"WebPage\",\"@id\":\"https:\/\/fatordental.com.br\/index.php\/produto\/lencol-de-borracha-madeitex\/\",\"url\":\"https:\/\/fatordental.com.br\/index.php\/produto\/lencol-de-borracha-madeitex\/\",\"name\":\"Len\u00e7ol de Borracha - Madeitex - Fator Dental\",\"isPartOf\":{\"@id\":\"https:\/\/fatordental.com.br\/#website\"},\"primaryImageOfPage\":{\"@id\":\"https:\/\/fatordental.com.br\/index.php\/produto\/lencol-de-borracha-madeitex\/#primaryimage\"},\"image\":{\"@id\":\"https:\/\/fatordental.com.br\/index.php\/produto\/lencol-de-borracha-madeitex\/#primaryimage\"},\"thumbnailUrl\":\"https:\/\/fatordental.com.br\/wp-content\/uploads\/2023\/01\/embalagem-lencol-borracha-13cm-madeiteX.jpg\",\"datePublished\":\"2023-01-22T20:42:44+00:00\",\"breadcrumb\":{\"@id\":\"https:\/\/fatordental.com.br\/index.php\/produto\/lencol-de-borracha-madeitex\/#breadcrumb\"},\"inLanguage\":\"pt-BR\",\"potentialAction\":[{\"@type\":\"ReadAction\",\"target\":[\"https:\/\/fatordental.com.br\/index.php\/produto\/lencol-de-borracha-madeitex\/\"]}]},{\"@type\":\"ImageObject\",\"inLanguage\":\"pt-BR\",\"@id\":\"https:\/\/fatordental.com.br\/index.php\/produto\/lencol-de-borracha-madeitex\/#primaryimage\",\"url\":\"https:\/\/fatordental.com.br\/wp-content\/uploads\/2023\/01\/embalagem-lencol-borracha-13cm-madeiteX.jpg\",\"contentUrl\":\"https:\/\/fatordental.com.br\/wp-content\/uploads\/2023\/01\/embalagem-lencol-borracha-13cm-madeiteX.jpg\",\"width\":900,\"height\":900},{\"@type\":\"BreadcrumbList\",\"@id\":\"https:\/\/fatordental.com.br\/index.php\/produto\/lencol-de-borracha-madeitex\/#breadcrumb\",\"itemListElement\":[{\"@type\":\"ListItem\",\"position\":1,\"name\":\"In\u00edcio\",\"item\":\"https:\/\/fatordental.com.br\/\"},{\"@type\":\"ListItem\",\"position\":2,\"name\":\"Produtos\",\"item\":\"https:\/\/fatordental.com.br\/index.php\/produtos\/\"},{\"@type\":\"ListItem\",\"position\":3,\"name\":\"Len\u00e7ol de Borracha &#8211; Madeitex\"}]},{\"@type\":\"WebSite\",\"@id\":\"https:\/\/fatordental.com.br\/#website\",\"url\":\"https:\/\/fatordental.com.br\/\",\"name\":\"Fator Dental\",\"description\":\"Produtos Ondontol\u00f3gicos\",\"publisher\":{\"@id\":\"https:\/\/fatordental.com.br\/#organization\"},\"potentialAction\":[{\"@type\":\"SearchAction\",\"target\":{\"@type\":\"EntryPoint\",\"urlTemplate\":\"https:\/\/fatordental.com.br\/?s={search_term_string}\"},\"query-input\":{\"@type\":\"PropertyValueSpecification\",\"valueRequired\":true,\"valueName\":\"search_term_string\"}}],\"inLanguage\":\"pt-BR\"},{\"@type\":\"Organization\",\"@id\":\"https:\/\/fatordental.com.br\/#organization\",\"name\":\"Fator Dental\",\"url\":\"https:\/\/fatordental.com.br\/\",\"logo\":{\"@type\":\"ImageObject\",\"inLanguage\":\"pt-BR\",\"@id\":\"https:\/\/fatordental.com.br\/#\/schema\/logo\/image\/\",\"url\":\"https:\/\/fatordental.com.br\/wp-content\/uploads\/2023\/02\/logo_fator.png\",\"contentUrl\":\"https:\/\/fatordental.com.br\/wp-content\/uploads\/2023\/02\/logo_fator.png\",\"width\":400,\"height\":256,\"caption\":\"Fator Dental\"},\"image\":{\"@id\":\"https:\/\/fatordental.com.br\/#\/schema\/logo\/image\/\"},\"sameAs\":[\"https:\/\/www.instagram.com\/fatordental\/\"]}]}<\/script>\n<!-- \/ Yoast SEO plugin. -->","yoast_head_json":{"title":"Len\u00e7ol de Borracha - Madeitex - Fator Dental","robots":{"index":"index","follow":"follow","max-snippet":"max-snippet:-1","max-image-preview":"max-image-preview:large","max-video-preview":"max-video-preview:-1"},"canonical":"https:\/\/fatordental.com.br\/index.php\/produto\/lencol-de-borracha-madeitex\/","og_locale":"pt_BR","og_type":"article","og_title":"Len\u00e7ol de Borracha - Madeitex - Fator Dental","og_description":"Embalagem com 26 unidades. Tamanho 13,5&#215;13,5cm. &nbsp; DETALHES * Uso \u00fanico. * Extra resistente. * Embalado individualmente com sistema Easy Open, para maior seguran\u00e7a e praticidade. * Registro ANVISA: 80950310007. [&hellip;]","og_url":"https:\/\/fatordental.com.br\/index.php\/produto\/lencol-de-borracha-madeitex\/","og_site_name":"Fator Dental","og_image":[{"width":900,"height":900,"url":"https:\/\/fatordental.com.br\/wp-content\/uploads\/2023\/01\/embalagem-lencol-borracha-13cm-madeiteX.jpg","type":"image\/jpeg"}],"twitter_card":"summary_large_image","twitter_misc":{"Est. tempo de leitura":"1 minuto"},"schema":{"@context":"https:\/\/schema.org","@graph":[{"@type":"WebPage","@id":"https:\/\/fatordental.com.br\/index.php\/produto\/lencol-de-borracha-madeitex\/","url":"https:\/\/fatordental.com.br\/index.php\/produto\/lencol-de-borracha-madeitex\/","name":"Len\u00e7ol de Borracha - Madeitex - Fator Dental","isPartOf":{"@id":"https:\/\/fatordental.com.br\/#website"},"primaryImageOfPage":{"@id":"https:\/\/fatordental.com.br\/index.php\/produto\/lencol-de-borracha-madeitex\/#primaryimage"},"image":{"@id":"https:\/\/fatordental.com.br\/index.php\/produto\/lencol-de-borracha-madeitex\/#primaryimage"},"thumbnailUrl":"https:\/\/fatordental.com.br\/wp-content\/uploads\/2023\/01\/embalagem-lencol-borracha-13cm-madeiteX.jpg","datePublished":"2023-01-22T20:42:44+00:00","breadcrumb":{"@id":"https:\/\/fatordental.com.br\/index.php\/produto\/lencol-de-borracha-madeitex\/#breadcrumb"},"inLanguage":"pt-BR","potentialAction":[{"@type":"ReadAction","target":["https:\/\/fatordental.com.br\/index.php\/produto\/lencol-de-borracha-madeitex\/"]}]},{"@type":"ImageObject","inLanguage":"pt-BR","@id":"https:\/\/fatordental.com.br\/index.php\/produto\/lencol-de-borracha-madeitex\/#primaryimage","url":"https:\/\/fatordental.com.br\/wp-content\/uploads\/2023\/01\/embalagem-lencol-borracha-13cm-madeiteX.jpg","contentUrl":"https:\/\/fatordental.com.br\/wp-content\/uploads\/2023\/01\/embalagem-lencol-borracha-13cm-madeiteX.jpg","width":900,"height":900},{"@type":"BreadcrumbList","@id":"https:\/\/fatordental.com.br\/index.php\/produto\/lencol-de-borracha-madeitex\/#breadcrumb","itemListElement":[{"@type":"ListItem","position":1,"name":"In\u00edcio","item":"https:\/\/fatordental.com.br\/"},{"@type":"ListItem","position":2,"name":"Produtos","item":"https:\/\/fatordental.com.br\/index.php\/produtos\/"},{"@type":"ListItem","position":3,"name":"Len\u00e7ol de Borracha &#8211; Madeitex"}]},{"@type":"WebSite","@id":"https:\/\/fatordental.com.br\/#website","url":"https:\/\/fatordental.com.br\/","name":"Fator Dental","description":"Produtos Ondontol\u00f3gicos","publisher":{"@id":"https:\/\/fatordental.com.br\/#organization"},"potentialAction":[{"@type":"SearchAction","target":{"@type":"EntryPoint","urlTemplate":"https:\/\/fatordental.com.br\/?s={search_term_string}"},"query-input":{"@type":"PropertyValueSpecification","valueRequired":true,"valueName":"search_term_string"}}],"inLanguage":"pt-BR"},{"@type":"Organization","@id":"https:\/\/fatordental.com.br\/#organization","name":"Fator Dental","url":"https:\/\/fatordental.com.br\/","logo":{"@type":"ImageObject","inLanguage":"pt-BR","@id":"https:\/\/fatordental.com.br\/#\/schema\/logo\/image\/","url":"https:\/\/fatordental.com.br\/wp-content\/uploads\/2023\/02\/logo_fator.png","contentUrl":"https:\/\/fatordental.com.br\/wp-content\/uploads\/2023\/02\/logo_fator.png","width":400,"height":256,"caption":"Fator Dental"},"image":{"@id":"https:\/\/fatordental.com.br\/#\/schema\/logo\/image\/"},"sameAs":["https:\/\/www.instagram.com\/fatordental\/"]}]}},"_links":{"self":[{"href":"https:\/\/fatordental.com.br\/index.php\/wp-json\/wp\/v2\/product\/891","targetHints":{"allow":["GET"]}}],"collection":[{"href":"https:\/\/fatordental.com.br\/index.php\/wp-json\/wp\/v2\/product"}],"about":[{"href":"https:\/\/fatordental.com.br\/index.php\/wp-json\/wp\/v2\/types\/product"}],"wp:featuredmedia":[{"embeddable":true,"href":"https:\/\/fatordental.com.br\/index.php\/wp-json\/wp\/v2\/media\/892"}],"wp:attachment":[{"href":"https:\/\/fatordental.com.br\/index.php\/wp-json\/wp\/v2\/media?parent=891"}],"wp:term":[{"taxonomy":"product_brand","embeddable":true,"href":"https:\/\/fatordental.com.br\/index.php\/wp-json\/wp\/v2\/product_brand?post=891"},{"taxonomy":"product_cat","embeddable":true,"href":"https:\/\/fatordental.com.br\/index.php\/wp-json\/wp\/v2\/product_cat?post=891"},{"taxonomy":"product_tag","embeddable":true,"href":"https:\/\/fatordental.com.br\/index.php\/wp-json\/wp\/v2\/product_tag?post=891"}],"curies":[{"name":"wp","href":"https:\/\/api.w.org\/{rel}","templated":true}]}}