{"id":882,"date":"2023-01-21T23:11:24","date_gmt":"2023-01-22T02:11:24","guid":{"rendered":"https:\/\/fatordental.com.br\/?post_type=product&#038;p=882"},"modified":"2023-01-21T23:11:25","modified_gmt":"2023-01-22T02:11:25","slug":"indicador-biologico-biological-test-24horas-2i-2","status":"publish","type":"product","link":"https:\/\/fatordental.com.br\/index.php\/produto\/indicador-biologico-biological-test-24horas-2i-2\/","title":{"rendered":"Indicador Biol\u00f3gico Biological Test 24horas &#8211; 2I"},"content":{"rendered":"<p class=\"value\"><strong>Embalagem com 10 unidades.<\/strong><\/p>\n<p>&nbsp;<\/p>\n<ul>\n<li><strong>DETALHES<\/strong><\/li>\n<\/ul>\n<p>&#8211; Geobacillus Stearothermophilus.<\/p>\n<p>&#8211; Produto de <strong><a title=\"biosseguran\u00e7a\" href=\"https:\/\/www.dentalcremer.com.br\/biosseguranca.html\">biosseguran\u00e7a<\/a><\/strong>.<\/p>\n<p>&#8211; Indicador biol\u00f3gico f\u00e1cil de ser utilizado.<\/p>\n<p>&#8211; Resultado em 24 horas.<\/p>\n<p>&#8211; Armazenamento: entre 15 e 30\u00b0C.<\/p>\n<p>&#8211; Validade: 2 anos.<\/p>\n<p>&#8211; Registro ANVISA: Isento.<\/p>\n<p>&nbsp;<\/p>\n<ul>\n<li><strong>APLICA\u00c7\u00c3O<\/strong><\/li>\n<\/ul>\n<p>O\u00a0<strong>Biological Test 24horas<\/strong>\u00a0\u00e9 um\u00a0<strong>indicador biol\u00f3gico\u00a0<a href=\"https:\/\/www.dentalcremer.com.br\/marcas\/2I.html\/\">2I<\/a><\/strong>\u00a0de facilitado uso, indicado para monitorar os ciclos de esteriliza\u00e7\u00e3o a vapor na \u00e1rea odontol\u00f3gica. Seu sistema \u00e9 testado e aprovado nacional e internacionalmente, com resultados em 24 horas.<\/p>\n<h2>O Biological Test 2I \u00e9 indicado para qual temperatura de autoclave?<\/h2>\n<p>O\u00a0<strong>indicador biol\u00f3gico Biological Test<\/strong>\u00a0atende todos os ciclos de autoclaves a vapor e deve ser incubado por 24 horas para dar o resultado. Mas pode ser feita a leitura inicial com 8 horas, 12 horas e a final de 24 horas.<\/p>\n","protected":false},"excerpt":{"rendered":"<p>Embalagem com 10 unidades. &nbsp; DETALHES &#8211; Geobacillus Stearothermophilus. &#8211; Produto de biosseguran\u00e7a. &#8211; Indicador biol\u00f3gico f\u00e1cil de ser utilizado. &#8211; Resultado em 24 horas. &#8211; Armazenamento: entre 15 e [&hellip;]<\/p>\n","protected":false},"featured_media":883,"template":"","meta":[],"product_brand":[],"product_cat":[29,82],"product_tag":[],"class_list":{"0":"post-882","1":"product","2":"type-product","3":"status-publish","4":"has-post-thumbnail","6":"product_cat-biosseguranca","7":"product_cat-indicador-biologico","9":"first","10":"instock","11":"shipping-taxable","12":"product-type-simple"},"yoast_head":"<!-- This site is optimized with the Yoast SEO plugin v26.8 - https:\/\/yoast.com\/product\/yoast-seo-wordpress\/ -->\n<title>Indicador Biol\u00f3gico Biological Test 24horas - 2I - Fator Dental<\/title>\n<meta name=\"robots\" content=\"index, follow, max-snippet:-1, max-image-preview:large, max-video-preview:-1\" \/>\n<link rel=\"canonical\" href=\"https:\/\/fatordental.com.br\/index.php\/produto\/indicador-biologico-biological-test-24horas-2i-2\/\" \/>\n<meta property=\"og:locale\" content=\"pt_BR\" \/>\n<meta property=\"og:type\" content=\"article\" \/>\n<meta property=\"og:title\" content=\"Indicador Biol\u00f3gico Biological Test 24horas - 2I - Fator Dental\" \/>\n<meta property=\"og:description\" content=\"Embalagem com 10 unidades. &nbsp; DETALHES &#8211; Geobacillus Stearothermophilus. &#8211; Produto de biosseguran\u00e7a. &#8211; Indicador biol\u00f3gico f\u00e1cil de ser utilizado. &#8211; Resultado em 24 horas. &#8211; Armazenamento: entre 15 e [&hellip;]\" \/>\n<meta property=\"og:url\" content=\"https:\/\/fatordental.com.br\/index.php\/produto\/indicador-biologico-biological-test-24horas-2i-2\/\" \/>\n<meta property=\"og:site_name\" content=\"Fator Dental\" \/>\n<meta property=\"article:modified_time\" content=\"2023-01-22T02:11:25+00:00\" \/>\n<meta property=\"og:image\" content=\"https:\/\/fatordental.com.br\/wp-content\/uploads\/2023\/01\/indicador-biologico-biological-test-2i-dc-759389-01.jpg\" \/>\n\t<meta property=\"og:image:width\" content=\"800\" \/>\n\t<meta property=\"og:image:height\" content=\"800\" \/>\n\t<meta property=\"og:image:type\" content=\"image\/jpeg\" \/>\n<meta name=\"twitter:card\" content=\"summary_large_image\" \/>\n<meta name=\"twitter:label1\" content=\"Est. tempo de leitura\" \/>\n\t<meta name=\"twitter:data1\" content=\"1 minuto\" \/>\n<script type=\"application\/ld+json\" class=\"yoast-schema-graph\">{\"@context\":\"https:\/\/schema.org\",\"@graph\":[{\"@type\":\"WebPage\",\"@id\":\"https:\/\/fatordental.com.br\/index.php\/produto\/indicador-biologico-biological-test-24horas-2i-2\/\",\"url\":\"https:\/\/fatordental.com.br\/index.php\/produto\/indicador-biologico-biological-test-24horas-2i-2\/\",\"name\":\"Indicador Biol\u00f3gico Biological Test 24horas - 2I - Fator Dental\",\"isPartOf\":{\"@id\":\"https:\/\/fatordental.com.br\/#website\"},\"primaryImageOfPage\":{\"@id\":\"https:\/\/fatordental.com.br\/index.php\/produto\/indicador-biologico-biological-test-24horas-2i-2\/#primaryimage\"},\"image\":{\"@id\":\"https:\/\/fatordental.com.br\/index.php\/produto\/indicador-biologico-biological-test-24horas-2i-2\/#primaryimage\"},\"thumbnailUrl\":\"https:\/\/fatordental.com.br\/wp-content\/uploads\/2023\/01\/indicador-biologico-biological-test-2i-dc-759389-01.jpg\",\"datePublished\":\"2023-01-22T02:11:24+00:00\",\"dateModified\":\"2023-01-22T02:11:25+00:00\",\"breadcrumb\":{\"@id\":\"https:\/\/fatordental.com.br\/index.php\/produto\/indicador-biologico-biological-test-24horas-2i-2\/#breadcrumb\"},\"inLanguage\":\"pt-BR\",\"potentialAction\":[{\"@type\":\"ReadAction\",\"target\":[\"https:\/\/fatordental.com.br\/index.php\/produto\/indicador-biologico-biological-test-24horas-2i-2\/\"]}]},{\"@type\":\"ImageObject\",\"inLanguage\":\"pt-BR\",\"@id\":\"https:\/\/fatordental.com.br\/index.php\/produto\/indicador-biologico-biological-test-24horas-2i-2\/#primaryimage\",\"url\":\"https:\/\/fatordental.com.br\/wp-content\/uploads\/2023\/01\/indicador-biologico-biological-test-2i-dc-759389-01.jpg\",\"contentUrl\":\"https:\/\/fatordental.com.br\/wp-content\/uploads\/2023\/01\/indicador-biologico-biological-test-2i-dc-759389-01.jpg\",\"width\":800,\"height\":800},{\"@type\":\"BreadcrumbList\",\"@id\":\"https:\/\/fatordental.com.br\/index.php\/produto\/indicador-biologico-biological-test-24horas-2i-2\/#breadcrumb\",\"itemListElement\":[{\"@type\":\"ListItem\",\"position\":1,\"name\":\"In\u00edcio\",\"item\":\"https:\/\/fatordental.com.br\/\"},{\"@type\":\"ListItem\",\"position\":2,\"name\":\"Produtos\",\"item\":\"https:\/\/fatordental.com.br\/index.php\/produtos\/\"},{\"@type\":\"ListItem\",\"position\":3,\"name\":\"Indicador Biol\u00f3gico Biological Test 24horas &#8211; 2I\"}]},{\"@type\":\"WebSite\",\"@id\":\"https:\/\/fatordental.com.br\/#website\",\"url\":\"https:\/\/fatordental.com.br\/\",\"name\":\"Fator Dental\",\"description\":\"Produtos Ondontol\u00f3gicos\",\"publisher\":{\"@id\":\"https:\/\/fatordental.com.br\/#organization\"},\"potentialAction\":[{\"@type\":\"SearchAction\",\"target\":{\"@type\":\"EntryPoint\",\"urlTemplate\":\"https:\/\/fatordental.com.br\/?s={search_term_string}\"},\"query-input\":{\"@type\":\"PropertyValueSpecification\",\"valueRequired\":true,\"valueName\":\"search_term_string\"}}],\"inLanguage\":\"pt-BR\"},{\"@type\":\"Organization\",\"@id\":\"https:\/\/fatordental.com.br\/#organization\",\"name\":\"Fator Dental\",\"url\":\"https:\/\/fatordental.com.br\/\",\"logo\":{\"@type\":\"ImageObject\",\"inLanguage\":\"pt-BR\",\"@id\":\"https:\/\/fatordental.com.br\/#\/schema\/logo\/image\/\",\"url\":\"https:\/\/fatordental.com.br\/wp-content\/uploads\/2023\/02\/logo_fator.png\",\"contentUrl\":\"https:\/\/fatordental.com.br\/wp-content\/uploads\/2023\/02\/logo_fator.png\",\"width\":400,\"height\":256,\"caption\":\"Fator Dental\"},\"image\":{\"@id\":\"https:\/\/fatordental.com.br\/#\/schema\/logo\/image\/\"},\"sameAs\":[\"https:\/\/www.instagram.com\/fatordental\/\"]}]}<\/script>\n<!-- \/ Yoast SEO plugin. -->","yoast_head_json":{"title":"Indicador Biol\u00f3gico Biological Test 24horas - 2I - Fator Dental","robots":{"index":"index","follow":"follow","max-snippet":"max-snippet:-1","max-image-preview":"max-image-preview:large","max-video-preview":"max-video-preview:-1"},"canonical":"https:\/\/fatordental.com.br\/index.php\/produto\/indicador-biologico-biological-test-24horas-2i-2\/","og_locale":"pt_BR","og_type":"article","og_title":"Indicador Biol\u00f3gico Biological Test 24horas - 2I - Fator Dental","og_description":"Embalagem com 10 unidades. &nbsp; DETALHES &#8211; Geobacillus Stearothermophilus. &#8211; Produto de biosseguran\u00e7a. &#8211; Indicador biol\u00f3gico f\u00e1cil de ser utilizado. &#8211; Resultado em 24 horas. &#8211; Armazenamento: entre 15 e [&hellip;]","og_url":"https:\/\/fatordental.com.br\/index.php\/produto\/indicador-biologico-biological-test-24horas-2i-2\/","og_site_name":"Fator Dental","article_modified_time":"2023-01-22T02:11:25+00:00","og_image":[{"width":800,"height":800,"url":"https:\/\/fatordental.com.br\/wp-content\/uploads\/2023\/01\/indicador-biologico-biological-test-2i-dc-759389-01.jpg","type":"image\/jpeg"}],"twitter_card":"summary_large_image","twitter_misc":{"Est. tempo de leitura":"1 minuto"},"schema":{"@context":"https:\/\/schema.org","@graph":[{"@type":"WebPage","@id":"https:\/\/fatordental.com.br\/index.php\/produto\/indicador-biologico-biological-test-24horas-2i-2\/","url":"https:\/\/fatordental.com.br\/index.php\/produto\/indicador-biologico-biological-test-24horas-2i-2\/","name":"Indicador Biol\u00f3gico Biological Test 24horas - 2I - Fator Dental","isPartOf":{"@id":"https:\/\/fatordental.com.br\/#website"},"primaryImageOfPage":{"@id":"https:\/\/fatordental.com.br\/index.php\/produto\/indicador-biologico-biological-test-24horas-2i-2\/#primaryimage"},"image":{"@id":"https:\/\/fatordental.com.br\/index.php\/produto\/indicador-biologico-biological-test-24horas-2i-2\/#primaryimage"},"thumbnailUrl":"https:\/\/fatordental.com.br\/wp-content\/uploads\/2023\/01\/indicador-biologico-biological-test-2i-dc-759389-01.jpg","datePublished":"2023-01-22T02:11:24+00:00","dateModified":"2023-01-22T02:11:25+00:00","breadcrumb":{"@id":"https:\/\/fatordental.com.br\/index.php\/produto\/indicador-biologico-biological-test-24horas-2i-2\/#breadcrumb"},"inLanguage":"pt-BR","potentialAction":[{"@type":"ReadAction","target":["https:\/\/fatordental.com.br\/index.php\/produto\/indicador-biologico-biological-test-24horas-2i-2\/"]}]},{"@type":"ImageObject","inLanguage":"pt-BR","@id":"https:\/\/fatordental.com.br\/index.php\/produto\/indicador-biologico-biological-test-24horas-2i-2\/#primaryimage","url":"https:\/\/fatordental.com.br\/wp-content\/uploads\/2023\/01\/indicador-biologico-biological-test-2i-dc-759389-01.jpg","contentUrl":"https:\/\/fatordental.com.br\/wp-content\/uploads\/2023\/01\/indicador-biologico-biological-test-2i-dc-759389-01.jpg","width":800,"height":800},{"@type":"BreadcrumbList","@id":"https:\/\/fatordental.com.br\/index.php\/produto\/indicador-biologico-biological-test-24horas-2i-2\/#breadcrumb","itemListElement":[{"@type":"ListItem","position":1,"name":"In\u00edcio","item":"https:\/\/fatordental.com.br\/"},{"@type":"ListItem","position":2,"name":"Produtos","item":"https:\/\/fatordental.com.br\/index.php\/produtos\/"},{"@type":"ListItem","position":3,"name":"Indicador Biol\u00f3gico Biological Test 24horas &#8211; 2I"}]},{"@type":"WebSite","@id":"https:\/\/fatordental.com.br\/#website","url":"https:\/\/fatordental.com.br\/","name":"Fator Dental","description":"Produtos Ondontol\u00f3gicos","publisher":{"@id":"https:\/\/fatordental.com.br\/#organization"},"potentialAction":[{"@type":"SearchAction","target":{"@type":"EntryPoint","urlTemplate":"https:\/\/fatordental.com.br\/?s={search_term_string}"},"query-input":{"@type":"PropertyValueSpecification","valueRequired":true,"valueName":"search_term_string"}}],"inLanguage":"pt-BR"},{"@type":"Organization","@id":"https:\/\/fatordental.com.br\/#organization","name":"Fator Dental","url":"https:\/\/fatordental.com.br\/","logo":{"@type":"ImageObject","inLanguage":"pt-BR","@id":"https:\/\/fatordental.com.br\/#\/schema\/logo\/image\/","url":"https:\/\/fatordental.com.br\/wp-content\/uploads\/2023\/02\/logo_fator.png","contentUrl":"https:\/\/fatordental.com.br\/wp-content\/uploads\/2023\/02\/logo_fator.png","width":400,"height":256,"caption":"Fator Dental"},"image":{"@id":"https:\/\/fatordental.com.br\/#\/schema\/logo\/image\/"},"sameAs":["https:\/\/www.instagram.com\/fatordental\/"]}]}},"_links":{"self":[{"href":"https:\/\/fatordental.com.br\/index.php\/wp-json\/wp\/v2\/product\/882","targetHints":{"allow":["GET"]}}],"collection":[{"href":"https:\/\/fatordental.com.br\/index.php\/wp-json\/wp\/v2\/product"}],"about":[{"href":"https:\/\/fatordental.com.br\/index.php\/wp-json\/wp\/v2\/types\/product"}],"wp:featuredmedia":[{"embeddable":true,"href":"https:\/\/fatordental.com.br\/index.php\/wp-json\/wp\/v2\/media\/883"}],"wp:attachment":[{"href":"https:\/\/fatordental.com.br\/index.php\/wp-json\/wp\/v2\/media?parent=882"}],"wp:term":[{"taxonomy":"product_brand","embeddable":true,"href":"https:\/\/fatordental.com.br\/index.php\/wp-json\/wp\/v2\/product_brand?post=882"},{"taxonomy":"product_cat","embeddable":true,"href":"https:\/\/fatordental.com.br\/index.php\/wp-json\/wp\/v2\/product_cat?post=882"},{"taxonomy":"product_tag","embeddable":true,"href":"https:\/\/fatordental.com.br\/index.php\/wp-json\/wp\/v2\/product_tag?post=882"}],"curies":[{"name":"wp","href":"https:\/\/api.w.org\/{rel}","templated":true}]}}