{"id":876,"date":"2023-01-21T22:43:39","date_gmt":"2023-01-22T01:43:39","guid":{"rendered":"https:\/\/fatordental.com.br\/?post_type=product&#038;p=876"},"modified":"2023-01-21T22:43:39","modified_gmt":"2023-01-22T01:43:39","slug":"hidroxido-de-calcio-p-a-biodinamica","status":"publish","type":"product","link":"https:\/\/fatordental.com.br\/index.php\/produto\/hidroxido-de-calcio-p-a-biodinamica\/","title":{"rendered":"Hidr\u00f3xido de C\u00e1lcio P.A. &#8211; Biodin\u00e2mica"},"content":{"rendered":"<p class=\"value\"><strong>Embalagem com 10g.<\/strong><\/p>\n<p>&nbsp;<\/p>\n<ul>\n<li><strong>DETALHES<\/strong><\/li>\n<\/ul>\n<p>&#8211; Conta com pH altamente alcalino (12,4).<br \/>\n&#8211; Biocompat\u00edvel.<br \/>\n&#8211; Alto grau de pureza.<br \/>\n&#8211; Mat\u00e9rias-primas selecionadas.<br \/>\n&#8211; Estimula a forma\u00e7\u00e3o de dentina esclerosada e reparadora.<br \/>\n&#8211; Atua como protetor da polpa contra os est\u00edmulos termoel\u00e9tricos e da a\u00e7\u00e3o de agentes t\u00f3xicos de alguns materiais restauradores.<br \/>\n&#8211; Provoca a inibi\u00e7\u00e3o da prolifera\u00e7\u00e3o bacteriana.<br \/>\n&#8211; Atua na endodontia como material intracanal como potente antimicrobiano.<br \/>\n&#8211; Composi\u00e7\u00e3o: Hidr\u00f3xido de C\u00e1lcio P.A. (99 a 100,5%).<br \/>\n&#8211; Registro ANVISA: 10298550086.<\/p>\n<p>&nbsp;<\/p>\n<ul>\n<li><strong>APLICA\u00c7\u00c3O<\/strong><\/li>\n<\/ul>\n<p>O\u00a0<strong>Hidr\u00f3xido de C\u00e1lcio P.A.<\/strong>\u00a0da\u00a0<a href=\"https:\/\/www.dentalcremer.com.br\/super-loja\/biodinamica.html\" target=\"_blank\" rel=\"noopener\"><strong>Biodin\u00e2mica<\/strong>\u00a0<\/a>apresenta alto grau de pureza atrav\u00e9s da fabrica\u00e7\u00e3o com mat\u00e9rias-primas selecionadas. Seu uso \u00e9 indicado como material curativo intracanal, ideal para indu\u00e7\u00e3o da forma\u00e7\u00e3o de dentina esclerosada e reparadora, ampliando sua espessura e oferecendo maior prote\u00e7\u00e3o do tecido pulpar.<\/p>\n<h2><strong>Quais as vantagens em utilizar o Hidr\u00f3xido de C\u00e1lcio P.A. da Biodin\u00e2mica?<\/strong><\/h2>\n<p>Ele conta com pH altamente alcalino e \u00f3timas propriedades para possibilitar o aumento da calcifica\u00e7\u00e3o da camada de dentina e proporcionar melhores condi\u00e7\u00f5es de prote\u00e7\u00e3o \u00e0 polpa quando submetida a les\u00f5es. Al\u00e9m disso, evita irrita\u00e7\u00f5es \u00e0s estruturas adjacentes originados do procedimento ou material utilizado.<\/p>\n<p><strong>Orienta\u00e7\u00f5es de uso para o preparo da solu\u00e7\u00e3o de Hidr\u00f3xido De C\u00e1lcio P.A. em uma concentra\u00e7\u00e3o de aproximadamente 0,2%:<\/strong><br \/>\n1. Em um recipiente adequado, adicionar 100ml de \u00e1gua destilada ao conte\u00fado do frasco do produto.<br \/>\n2. Manter esta mistura em repouso, para que o excesso de Hidr\u00f3xido de C\u00e1lcio P.A. fique sedimentado no fundo do recipiente.<br \/>\n<strong>* Observa\u00e7\u00f5es:<\/strong><br \/>\n&#8211; N\u00e3o \u00e9 necess\u00e1rio agitar para o uso, pois a solu\u00e7\u00e3o alcalina fica acima da deposi\u00e7\u00e3o.<br \/>\n&#8211; Esta solu\u00e7\u00e3o alcalina deve ser utilizada antes que a prote\u00e7\u00e3o pulpar e restaura\u00e7\u00e3o sejam colocadas, em todos os tipos de cavidade, qualquer que seja a sua profundidade.<br \/>\n&#8211; O Hidr\u00f3xido de C\u00e1lcio P.A. depositado no fundo do recipiente pode ser utilizado pelo profissional, pois constitui uma \u00f3tima pasta para prote\u00e7\u00f5es diretas.<\/p>\n<p><strong><br \/>\nOrienta\u00e7\u00f5es de uso na Endodontia:<\/strong><br \/>\n1. Misturar o Hidr\u00f3xido de C\u00e1lcio P.A. com ve\u00edculo de sua escolha (\u00e1gua destilada, Paramonoclorofenol Canforado ou outros).<br \/>\n2. Preencher o canal com a pasta obtida.<\/p>\n","protected":false},"excerpt":{"rendered":"<p>Embalagem com 10g. &nbsp; DETALHES &#8211; Conta com pH altamente alcalino (12,4). &#8211; Biocompat\u00edvel. &#8211; Alto grau de pureza. &#8211; Mat\u00e9rias-primas selecionadas. &#8211; Estimula a forma\u00e7\u00e3o de dentina esclerosada e [&hellip;]<\/p>\n","protected":false},"featured_media":877,"template":"","meta":[],"product_brand":[],"product_cat":[35,112],"product_tag":[],"class_list":{"0":"post-876","1":"product","2":"type-product","3":"status-publish","4":"has-post-thumbnail","6":"product_cat-endodontia","7":"product_cat-hidroxido-de-calcio","9":"first","10":"instock","11":"shipping-taxable","12":"product-type-simple"},"yoast_head":"<!-- This site is optimized with the Yoast SEO plugin v26.8 - https:\/\/yoast.com\/product\/yoast-seo-wordpress\/ -->\n<title>Hidr\u00f3xido de C\u00e1lcio P.A. - Biodin\u00e2mica - Fator Dental<\/title>\n<meta name=\"robots\" content=\"index, follow, max-snippet:-1, max-image-preview:large, max-video-preview:-1\" \/>\n<link rel=\"canonical\" href=\"https:\/\/fatordental.com.br\/index.php\/produto\/hidroxido-de-calcio-p-a-biodinamica\/\" \/>\n<meta property=\"og:locale\" content=\"pt_BR\" \/>\n<meta property=\"og:type\" content=\"article\" \/>\n<meta property=\"og:title\" content=\"Hidr\u00f3xido de C\u00e1lcio P.A. - Biodin\u00e2mica - Fator Dental\" \/>\n<meta property=\"og:description\" content=\"Embalagem com 10g. &nbsp; DETALHES &#8211; Conta com pH altamente alcalino (12,4). &#8211; Biocompat\u00edvel. &#8211; Alto grau de pureza. &#8211; Mat\u00e9rias-primas selecionadas. &#8211; Estimula a forma\u00e7\u00e3o de dentina esclerosada e [&hellip;]\" \/>\n<meta property=\"og:url\" content=\"https:\/\/fatordental.com.br\/index.php\/produto\/hidroxido-de-calcio-p-a-biodinamica\/\" \/>\n<meta property=\"og:site_name\" content=\"Fator Dental\" \/>\n<meta property=\"og:image\" content=\"https:\/\/fatordental.com.br\/wp-content\/uploads\/2023\/01\/hidroxido-de-calcio-pa-biodinamica-dc-214772-01.jpg\" \/>\n\t<meta property=\"og:image:width\" content=\"800\" \/>\n\t<meta property=\"og:image:height\" content=\"800\" \/>\n\t<meta property=\"og:image:type\" content=\"image\/jpeg\" \/>\n<meta name=\"twitter:card\" content=\"summary_large_image\" \/>\n<meta name=\"twitter:label1\" content=\"Est. tempo de leitura\" \/>\n\t<meta name=\"twitter:data1\" content=\"2 minutos\" \/>\n<script type=\"application\/ld+json\" class=\"yoast-schema-graph\">{\"@context\":\"https:\/\/schema.org\",\"@graph\":[{\"@type\":\"WebPage\",\"@id\":\"https:\/\/fatordental.com.br\/index.php\/produto\/hidroxido-de-calcio-p-a-biodinamica\/\",\"url\":\"https:\/\/fatordental.com.br\/index.php\/produto\/hidroxido-de-calcio-p-a-biodinamica\/\",\"name\":\"Hidr\u00f3xido de C\u00e1lcio P.A. - Biodin\u00e2mica - Fator Dental\",\"isPartOf\":{\"@id\":\"https:\/\/fatordental.com.br\/#website\"},\"primaryImageOfPage\":{\"@id\":\"https:\/\/fatordental.com.br\/index.php\/produto\/hidroxido-de-calcio-p-a-biodinamica\/#primaryimage\"},\"image\":{\"@id\":\"https:\/\/fatordental.com.br\/index.php\/produto\/hidroxido-de-calcio-p-a-biodinamica\/#primaryimage\"},\"thumbnailUrl\":\"https:\/\/fatordental.com.br\/wp-content\/uploads\/2023\/01\/hidroxido-de-calcio-pa-biodinamica-dc-214772-01.jpg\",\"datePublished\":\"2023-01-22T01:43:39+00:00\",\"breadcrumb\":{\"@id\":\"https:\/\/fatordental.com.br\/index.php\/produto\/hidroxido-de-calcio-p-a-biodinamica\/#breadcrumb\"},\"inLanguage\":\"pt-BR\",\"potentialAction\":[{\"@type\":\"ReadAction\",\"target\":[\"https:\/\/fatordental.com.br\/index.php\/produto\/hidroxido-de-calcio-p-a-biodinamica\/\"]}]},{\"@type\":\"ImageObject\",\"inLanguage\":\"pt-BR\",\"@id\":\"https:\/\/fatordental.com.br\/index.php\/produto\/hidroxido-de-calcio-p-a-biodinamica\/#primaryimage\",\"url\":\"https:\/\/fatordental.com.br\/wp-content\/uploads\/2023\/01\/hidroxido-de-calcio-pa-biodinamica-dc-214772-01.jpg\",\"contentUrl\":\"https:\/\/fatordental.com.br\/wp-content\/uploads\/2023\/01\/hidroxido-de-calcio-pa-biodinamica-dc-214772-01.jpg\",\"width\":800,\"height\":800},{\"@type\":\"BreadcrumbList\",\"@id\":\"https:\/\/fatordental.com.br\/index.php\/produto\/hidroxido-de-calcio-p-a-biodinamica\/#breadcrumb\",\"itemListElement\":[{\"@type\":\"ListItem\",\"position\":1,\"name\":\"In\u00edcio\",\"item\":\"https:\/\/fatordental.com.br\/\"},{\"@type\":\"ListItem\",\"position\":2,\"name\":\"Produtos\",\"item\":\"https:\/\/fatordental.com.br\/index.php\/produtos\/\"},{\"@type\":\"ListItem\",\"position\":3,\"name\":\"Hidr\u00f3xido de C\u00e1lcio P.A. &#8211; Biodin\u00e2mica\"}]},{\"@type\":\"WebSite\",\"@id\":\"https:\/\/fatordental.com.br\/#website\",\"url\":\"https:\/\/fatordental.com.br\/\",\"name\":\"Fator Dental\",\"description\":\"Produtos Ondontol\u00f3gicos\",\"publisher\":{\"@id\":\"https:\/\/fatordental.com.br\/#organization\"},\"potentialAction\":[{\"@type\":\"SearchAction\",\"target\":{\"@type\":\"EntryPoint\",\"urlTemplate\":\"https:\/\/fatordental.com.br\/?s={search_term_string}\"},\"query-input\":{\"@type\":\"PropertyValueSpecification\",\"valueRequired\":true,\"valueName\":\"search_term_string\"}}],\"inLanguage\":\"pt-BR\"},{\"@type\":\"Organization\",\"@id\":\"https:\/\/fatordental.com.br\/#organization\",\"name\":\"Fator Dental\",\"url\":\"https:\/\/fatordental.com.br\/\",\"logo\":{\"@type\":\"ImageObject\",\"inLanguage\":\"pt-BR\",\"@id\":\"https:\/\/fatordental.com.br\/#\/schema\/logo\/image\/\",\"url\":\"https:\/\/fatordental.com.br\/wp-content\/uploads\/2023\/02\/logo_fator.png\",\"contentUrl\":\"https:\/\/fatordental.com.br\/wp-content\/uploads\/2023\/02\/logo_fator.png\",\"width\":400,\"height\":256,\"caption\":\"Fator Dental\"},\"image\":{\"@id\":\"https:\/\/fatordental.com.br\/#\/schema\/logo\/image\/\"},\"sameAs\":[\"https:\/\/www.instagram.com\/fatordental\/\"]}]}<\/script>\n<!-- \/ Yoast SEO plugin. -->","yoast_head_json":{"title":"Hidr\u00f3xido de C\u00e1lcio P.A. - Biodin\u00e2mica - Fator Dental","robots":{"index":"index","follow":"follow","max-snippet":"max-snippet:-1","max-image-preview":"max-image-preview:large","max-video-preview":"max-video-preview:-1"},"canonical":"https:\/\/fatordental.com.br\/index.php\/produto\/hidroxido-de-calcio-p-a-biodinamica\/","og_locale":"pt_BR","og_type":"article","og_title":"Hidr\u00f3xido de C\u00e1lcio P.A. - Biodin\u00e2mica - Fator Dental","og_description":"Embalagem com 10g. &nbsp; DETALHES &#8211; Conta com pH altamente alcalino (12,4). &#8211; Biocompat\u00edvel. &#8211; Alto grau de pureza. &#8211; Mat\u00e9rias-primas selecionadas. &#8211; Estimula a forma\u00e7\u00e3o de dentina esclerosada e [&hellip;]","og_url":"https:\/\/fatordental.com.br\/index.php\/produto\/hidroxido-de-calcio-p-a-biodinamica\/","og_site_name":"Fator Dental","og_image":[{"width":800,"height":800,"url":"https:\/\/fatordental.com.br\/wp-content\/uploads\/2023\/01\/hidroxido-de-calcio-pa-biodinamica-dc-214772-01.jpg","type":"image\/jpeg"}],"twitter_card":"summary_large_image","twitter_misc":{"Est. tempo de leitura":"2 minutos"},"schema":{"@context":"https:\/\/schema.org","@graph":[{"@type":"WebPage","@id":"https:\/\/fatordental.com.br\/index.php\/produto\/hidroxido-de-calcio-p-a-biodinamica\/","url":"https:\/\/fatordental.com.br\/index.php\/produto\/hidroxido-de-calcio-p-a-biodinamica\/","name":"Hidr\u00f3xido de C\u00e1lcio P.A. - Biodin\u00e2mica - Fator Dental","isPartOf":{"@id":"https:\/\/fatordental.com.br\/#website"},"primaryImageOfPage":{"@id":"https:\/\/fatordental.com.br\/index.php\/produto\/hidroxido-de-calcio-p-a-biodinamica\/#primaryimage"},"image":{"@id":"https:\/\/fatordental.com.br\/index.php\/produto\/hidroxido-de-calcio-p-a-biodinamica\/#primaryimage"},"thumbnailUrl":"https:\/\/fatordental.com.br\/wp-content\/uploads\/2023\/01\/hidroxido-de-calcio-pa-biodinamica-dc-214772-01.jpg","datePublished":"2023-01-22T01:43:39+00:00","breadcrumb":{"@id":"https:\/\/fatordental.com.br\/index.php\/produto\/hidroxido-de-calcio-p-a-biodinamica\/#breadcrumb"},"inLanguage":"pt-BR","potentialAction":[{"@type":"ReadAction","target":["https:\/\/fatordental.com.br\/index.php\/produto\/hidroxido-de-calcio-p-a-biodinamica\/"]}]},{"@type":"ImageObject","inLanguage":"pt-BR","@id":"https:\/\/fatordental.com.br\/index.php\/produto\/hidroxido-de-calcio-p-a-biodinamica\/#primaryimage","url":"https:\/\/fatordental.com.br\/wp-content\/uploads\/2023\/01\/hidroxido-de-calcio-pa-biodinamica-dc-214772-01.jpg","contentUrl":"https:\/\/fatordental.com.br\/wp-content\/uploads\/2023\/01\/hidroxido-de-calcio-pa-biodinamica-dc-214772-01.jpg","width":800,"height":800},{"@type":"BreadcrumbList","@id":"https:\/\/fatordental.com.br\/index.php\/produto\/hidroxido-de-calcio-p-a-biodinamica\/#breadcrumb","itemListElement":[{"@type":"ListItem","position":1,"name":"In\u00edcio","item":"https:\/\/fatordental.com.br\/"},{"@type":"ListItem","position":2,"name":"Produtos","item":"https:\/\/fatordental.com.br\/index.php\/produtos\/"},{"@type":"ListItem","position":3,"name":"Hidr\u00f3xido de C\u00e1lcio P.A. &#8211; Biodin\u00e2mica"}]},{"@type":"WebSite","@id":"https:\/\/fatordental.com.br\/#website","url":"https:\/\/fatordental.com.br\/","name":"Fator Dental","description":"Produtos Ondontol\u00f3gicos","publisher":{"@id":"https:\/\/fatordental.com.br\/#organization"},"potentialAction":[{"@type":"SearchAction","target":{"@type":"EntryPoint","urlTemplate":"https:\/\/fatordental.com.br\/?s={search_term_string}"},"query-input":{"@type":"PropertyValueSpecification","valueRequired":true,"valueName":"search_term_string"}}],"inLanguage":"pt-BR"},{"@type":"Organization","@id":"https:\/\/fatordental.com.br\/#organization","name":"Fator Dental","url":"https:\/\/fatordental.com.br\/","logo":{"@type":"ImageObject","inLanguage":"pt-BR","@id":"https:\/\/fatordental.com.br\/#\/schema\/logo\/image\/","url":"https:\/\/fatordental.com.br\/wp-content\/uploads\/2023\/02\/logo_fator.png","contentUrl":"https:\/\/fatordental.com.br\/wp-content\/uploads\/2023\/02\/logo_fator.png","width":400,"height":256,"caption":"Fator Dental"},"image":{"@id":"https:\/\/fatordental.com.br\/#\/schema\/logo\/image\/"},"sameAs":["https:\/\/www.instagram.com\/fatordental\/"]}]}},"_links":{"self":[{"href":"https:\/\/fatordental.com.br\/index.php\/wp-json\/wp\/v2\/product\/876","targetHints":{"allow":["GET"]}}],"collection":[{"href":"https:\/\/fatordental.com.br\/index.php\/wp-json\/wp\/v2\/product"}],"about":[{"href":"https:\/\/fatordental.com.br\/index.php\/wp-json\/wp\/v2\/types\/product"}],"wp:featuredmedia":[{"embeddable":true,"href":"https:\/\/fatordental.com.br\/index.php\/wp-json\/wp\/v2\/media\/877"}],"wp:attachment":[{"href":"https:\/\/fatordental.com.br\/index.php\/wp-json\/wp\/v2\/media?parent=876"}],"wp:term":[{"taxonomy":"product_brand","embeddable":true,"href":"https:\/\/fatordental.com.br\/index.php\/wp-json\/wp\/v2\/product_brand?post=876"},{"taxonomy":"product_cat","embeddable":true,"href":"https:\/\/fatordental.com.br\/index.php\/wp-json\/wp\/v2\/product_cat?post=876"},{"taxonomy":"product_tag","embeddable":true,"href":"https:\/\/fatordental.com.br\/index.php\/wp-json\/wp\/v2\/product_tag?post=876"}],"curies":[{"name":"wp","href":"https:\/\/api.w.org\/{rel}","templated":true}]}}