{"id":870,"date":"2023-01-21T22:22:57","date_gmt":"2023-01-22T01:22:57","guid":{"rendered":"https:\/\/fatordental.com.br\/?post_type=product&#038;p=870"},"modified":"2023-01-21T22:27:22","modified_gmt":"2023-01-22T01:27:22","slug":"gesso-pedra-especial-herostone-tipo-iv-vigodent","status":"publish","type":"product","link":"https:\/\/fatordental.com.br\/index.php\/produto\/gesso-pedra-especial-herostone-tipo-iv-vigodent\/","title":{"rendered":"Gesso Pedra Especial Herostone Tipo IV &#8211; Vigodent"},"content":{"rendered":"<p class=\"value\"><strong>Embalagem com 1kg. Cor rosa.<\/strong><\/p>\n<p>&nbsp;<\/p>\n<ul>\n<li><strong>DETALHES<\/strong><\/li>\n<\/ul>\n<p>* Alta precis\u00e3o.<br \/>\n* Alta resist\u00eancia \u00e0 compress\u00e3o e abras\u00e3o.<br \/>\n* Melhor escoamento em moldes de silicones e poli\u00e9ster.<br \/>\n* Validade: 5 anos a partir da data de fabrica\u00e7\u00e3o.<br \/>\n* Registro ANVISA: Isento.<\/p>\n<p>&nbsp;<\/p>\n<p id=\"INR9IO9\"><strong>Informa\u00e7\u00f5es t\u00e9cnicas<\/strong><br \/>\n* Expans\u00e3o de no m\u00e1ximo 0,10%.<br \/>\n* Tempo de presa de 8 a 10 minutos (agulha Vicat).<br \/>\n* Expans\u00e3o de presa de 0,08%.<br \/>\n* \u00damida: acima de 490 kgf\/cm\u00b2 (7000psi).<br \/>\n* Seco: acima de 900 kgf\/cm\u00b2 (13000psi).<\/p>\n<p>&nbsp;<\/p>\n<ul>\n<li><strong>APLICA\u00c7\u00c3O<\/strong><\/li>\n<\/ul>\n<p>O\u00a0<strong>Gesso Pedra Especial Herostone Tipo IV<\/strong>\u00a0da\u00a0<strong>Vigodent<\/strong>\u00a0\u00e9 produzido pelo processo de calcina\u00e7\u00e3o em autoclave. Seu uso \u00e9 indicado para confec\u00e7\u00e3o de troqu\u00e9is e modelos de precis\u00e3o, com alta resist\u00eancia \u00e0 compress\u00e3o e abras\u00e3o.<\/p>\n<p>O\u00a0<strong>Gesso Rosa tipo 4 Herostone<\/strong>\u00a0\u00e9 de caracter\u00edstica extraduro para pr\u00f3teses fixas, que apresenta facilidade de escoamento em moldes de silicone e poli\u00e9ster.<\/p>\n<h2><strong>Como utilizar o Gesso Pedra Especial Herostone Tipo IV da Vigodent?<\/strong><\/h2>\n<p>Respeite as instru\u00e7\u00f5es de uso oficiais da embalagem do produto considerando a composi\u00e7\u00e3o de 20 a 23ml de \u00e1gua para 100g de p\u00f3 do gesso. Para evitar deforma\u00e7\u00f5es, espere a presa final para separar o modelo do molde.<\/p>\n","protected":false},"excerpt":{"rendered":"<p>Embalagem com 1kg. Cor rosa. &nbsp; DETALHES * Alta precis\u00e3o. * Alta resist\u00eancia \u00e0 compress\u00e3o e abras\u00e3o. * Melhor escoamento em moldes de silicones e poli\u00e9ster. * Validade: 5 anos [&hellip;]<\/p>\n","protected":false},"featured_media":872,"template":"","meta":[],"product_brand":[],"product_cat":[110,31],"product_tag":[],"class_list":{"0":"post-870","1":"product","2":"type-product","3":"status-publish","4":"has-post-thumbnail","6":"product_cat-gesso","7":"product_cat-moldagem-e-modelo","9":"first","10":"instock","11":"shipping-taxable","12":"product-type-simple"},"yoast_head":"<!-- This site is optimized with the Yoast SEO plugin v26.8 - https:\/\/yoast.com\/product\/yoast-seo-wordpress\/ -->\n<title>Gesso Pedra Especial Herostone Tipo IV - Vigodent - Fator Dental<\/title>\n<meta name=\"robots\" content=\"index, follow, max-snippet:-1, max-image-preview:large, max-video-preview:-1\" \/>\n<link rel=\"canonical\" href=\"https:\/\/fatordental.com.br\/index.php\/produto\/gesso-pedra-especial-herostone-tipo-iv-vigodent\/\" \/>\n<meta property=\"og:locale\" content=\"pt_BR\" \/>\n<meta property=\"og:type\" content=\"article\" \/>\n<meta property=\"og:title\" content=\"Gesso Pedra Especial Herostone Tipo IV - Vigodent - Fator Dental\" \/>\n<meta property=\"og:description\" content=\"Embalagem com 1kg. Cor rosa. &nbsp; DETALHES * Alta precis\u00e3o. * Alta resist\u00eancia \u00e0 compress\u00e3o e abras\u00e3o. * Melhor escoamento em moldes de silicones e poli\u00e9ster. * Validade: 5 anos [&hellip;]\" \/>\n<meta property=\"og:url\" content=\"https:\/\/fatordental.com.br\/index.php\/produto\/gesso-pedra-especial-herostone-tipo-iv-vigodent\/\" \/>\n<meta property=\"og:site_name\" content=\"Fator Dental\" \/>\n<meta property=\"article:modified_time\" content=\"2023-01-22T01:27:22+00:00\" \/>\n<meta property=\"og:image\" content=\"https:\/\/fatordental.com.br\/wp-content\/uploads\/2023\/01\/gesso-pedra-especial-herostone-tipo-iv-coltene-298215.jpg\" \/>\n\t<meta property=\"og:image:width\" content=\"800\" \/>\n\t<meta property=\"og:image:height\" content=\"800\" \/>\n\t<meta property=\"og:image:type\" content=\"image\/jpeg\" \/>\n<meta name=\"twitter:card\" content=\"summary_large_image\" \/>\n<meta name=\"twitter:label1\" content=\"Est. tempo de leitura\" \/>\n\t<meta name=\"twitter:data1\" content=\"2 minutos\" \/>\n<script type=\"application\/ld+json\" class=\"yoast-schema-graph\">{\"@context\":\"https:\/\/schema.org\",\"@graph\":[{\"@type\":\"WebPage\",\"@id\":\"https:\/\/fatordental.com.br\/index.php\/produto\/gesso-pedra-especial-herostone-tipo-iv-vigodent\/\",\"url\":\"https:\/\/fatordental.com.br\/index.php\/produto\/gesso-pedra-especial-herostone-tipo-iv-vigodent\/\",\"name\":\"Gesso Pedra Especial Herostone Tipo IV - Vigodent - Fator Dental\",\"isPartOf\":{\"@id\":\"https:\/\/fatordental.com.br\/#website\"},\"primaryImageOfPage\":{\"@id\":\"https:\/\/fatordental.com.br\/index.php\/produto\/gesso-pedra-especial-herostone-tipo-iv-vigodent\/#primaryimage\"},\"image\":{\"@id\":\"https:\/\/fatordental.com.br\/index.php\/produto\/gesso-pedra-especial-herostone-tipo-iv-vigodent\/#primaryimage\"},\"thumbnailUrl\":\"https:\/\/fatordental.com.br\/wp-content\/uploads\/2023\/01\/gesso-pedra-especial-herostone-tipo-iv-coltene-298215.jpg\",\"datePublished\":\"2023-01-22T01:22:57+00:00\",\"dateModified\":\"2023-01-22T01:27:22+00:00\",\"breadcrumb\":{\"@id\":\"https:\/\/fatordental.com.br\/index.php\/produto\/gesso-pedra-especial-herostone-tipo-iv-vigodent\/#breadcrumb\"},\"inLanguage\":\"pt-BR\",\"potentialAction\":[{\"@type\":\"ReadAction\",\"target\":[\"https:\/\/fatordental.com.br\/index.php\/produto\/gesso-pedra-especial-herostone-tipo-iv-vigodent\/\"]}]},{\"@type\":\"ImageObject\",\"inLanguage\":\"pt-BR\",\"@id\":\"https:\/\/fatordental.com.br\/index.php\/produto\/gesso-pedra-especial-herostone-tipo-iv-vigodent\/#primaryimage\",\"url\":\"https:\/\/fatordental.com.br\/wp-content\/uploads\/2023\/01\/gesso-pedra-especial-herostone-tipo-iv-coltene-298215.jpg\",\"contentUrl\":\"https:\/\/fatordental.com.br\/wp-content\/uploads\/2023\/01\/gesso-pedra-especial-herostone-tipo-iv-coltene-298215.jpg\",\"width\":800,\"height\":800},{\"@type\":\"BreadcrumbList\",\"@id\":\"https:\/\/fatordental.com.br\/index.php\/produto\/gesso-pedra-especial-herostone-tipo-iv-vigodent\/#breadcrumb\",\"itemListElement\":[{\"@type\":\"ListItem\",\"position\":1,\"name\":\"In\u00edcio\",\"item\":\"https:\/\/fatordental.com.br\/\"},{\"@type\":\"ListItem\",\"position\":2,\"name\":\"Produtos\",\"item\":\"https:\/\/fatordental.com.br\/index.php\/produtos\/\"},{\"@type\":\"ListItem\",\"position\":3,\"name\":\"Gesso Pedra Especial Herostone Tipo IV &#8211; Vigodent\"}]},{\"@type\":\"WebSite\",\"@id\":\"https:\/\/fatordental.com.br\/#website\",\"url\":\"https:\/\/fatordental.com.br\/\",\"name\":\"Fator Dental\",\"description\":\"Produtos Ondontol\u00f3gicos\",\"publisher\":{\"@id\":\"https:\/\/fatordental.com.br\/#organization\"},\"potentialAction\":[{\"@type\":\"SearchAction\",\"target\":{\"@type\":\"EntryPoint\",\"urlTemplate\":\"https:\/\/fatordental.com.br\/?s={search_term_string}\"},\"query-input\":{\"@type\":\"PropertyValueSpecification\",\"valueRequired\":true,\"valueName\":\"search_term_string\"}}],\"inLanguage\":\"pt-BR\"},{\"@type\":\"Organization\",\"@id\":\"https:\/\/fatordental.com.br\/#organization\",\"name\":\"Fator Dental\",\"url\":\"https:\/\/fatordental.com.br\/\",\"logo\":{\"@type\":\"ImageObject\",\"inLanguage\":\"pt-BR\",\"@id\":\"https:\/\/fatordental.com.br\/#\/schema\/logo\/image\/\",\"url\":\"https:\/\/fatordental.com.br\/wp-content\/uploads\/2023\/02\/logo_fator.png\",\"contentUrl\":\"https:\/\/fatordental.com.br\/wp-content\/uploads\/2023\/02\/logo_fator.png\",\"width\":400,\"height\":256,\"caption\":\"Fator Dental\"},\"image\":{\"@id\":\"https:\/\/fatordental.com.br\/#\/schema\/logo\/image\/\"},\"sameAs\":[\"https:\/\/www.instagram.com\/fatordental\/\"]}]}<\/script>\n<!-- \/ Yoast SEO plugin. -->","yoast_head_json":{"title":"Gesso Pedra Especial Herostone Tipo IV - Vigodent - Fator Dental","robots":{"index":"index","follow":"follow","max-snippet":"max-snippet:-1","max-image-preview":"max-image-preview:large","max-video-preview":"max-video-preview:-1"},"canonical":"https:\/\/fatordental.com.br\/index.php\/produto\/gesso-pedra-especial-herostone-tipo-iv-vigodent\/","og_locale":"pt_BR","og_type":"article","og_title":"Gesso Pedra Especial Herostone Tipo IV - Vigodent - Fator Dental","og_description":"Embalagem com 1kg. Cor rosa. &nbsp; DETALHES * Alta precis\u00e3o. * Alta resist\u00eancia \u00e0 compress\u00e3o e abras\u00e3o. * Melhor escoamento em moldes de silicones e poli\u00e9ster. * Validade: 5 anos [&hellip;]","og_url":"https:\/\/fatordental.com.br\/index.php\/produto\/gesso-pedra-especial-herostone-tipo-iv-vigodent\/","og_site_name":"Fator Dental","article_modified_time":"2023-01-22T01:27:22+00:00","og_image":[{"width":800,"height":800,"url":"https:\/\/fatordental.com.br\/wp-content\/uploads\/2023\/01\/gesso-pedra-especial-herostone-tipo-iv-coltene-298215.jpg","type":"image\/jpeg"}],"twitter_card":"summary_large_image","twitter_misc":{"Est. tempo de leitura":"2 minutos"},"schema":{"@context":"https:\/\/schema.org","@graph":[{"@type":"WebPage","@id":"https:\/\/fatordental.com.br\/index.php\/produto\/gesso-pedra-especial-herostone-tipo-iv-vigodent\/","url":"https:\/\/fatordental.com.br\/index.php\/produto\/gesso-pedra-especial-herostone-tipo-iv-vigodent\/","name":"Gesso Pedra Especial Herostone Tipo IV - Vigodent - Fator Dental","isPartOf":{"@id":"https:\/\/fatordental.com.br\/#website"},"primaryImageOfPage":{"@id":"https:\/\/fatordental.com.br\/index.php\/produto\/gesso-pedra-especial-herostone-tipo-iv-vigodent\/#primaryimage"},"image":{"@id":"https:\/\/fatordental.com.br\/index.php\/produto\/gesso-pedra-especial-herostone-tipo-iv-vigodent\/#primaryimage"},"thumbnailUrl":"https:\/\/fatordental.com.br\/wp-content\/uploads\/2023\/01\/gesso-pedra-especial-herostone-tipo-iv-coltene-298215.jpg","datePublished":"2023-01-22T01:22:57+00:00","dateModified":"2023-01-22T01:27:22+00:00","breadcrumb":{"@id":"https:\/\/fatordental.com.br\/index.php\/produto\/gesso-pedra-especial-herostone-tipo-iv-vigodent\/#breadcrumb"},"inLanguage":"pt-BR","potentialAction":[{"@type":"ReadAction","target":["https:\/\/fatordental.com.br\/index.php\/produto\/gesso-pedra-especial-herostone-tipo-iv-vigodent\/"]}]},{"@type":"ImageObject","inLanguage":"pt-BR","@id":"https:\/\/fatordental.com.br\/index.php\/produto\/gesso-pedra-especial-herostone-tipo-iv-vigodent\/#primaryimage","url":"https:\/\/fatordental.com.br\/wp-content\/uploads\/2023\/01\/gesso-pedra-especial-herostone-tipo-iv-coltene-298215.jpg","contentUrl":"https:\/\/fatordental.com.br\/wp-content\/uploads\/2023\/01\/gesso-pedra-especial-herostone-tipo-iv-coltene-298215.jpg","width":800,"height":800},{"@type":"BreadcrumbList","@id":"https:\/\/fatordental.com.br\/index.php\/produto\/gesso-pedra-especial-herostone-tipo-iv-vigodent\/#breadcrumb","itemListElement":[{"@type":"ListItem","position":1,"name":"In\u00edcio","item":"https:\/\/fatordental.com.br\/"},{"@type":"ListItem","position":2,"name":"Produtos","item":"https:\/\/fatordental.com.br\/index.php\/produtos\/"},{"@type":"ListItem","position":3,"name":"Gesso Pedra Especial Herostone Tipo IV &#8211; Vigodent"}]},{"@type":"WebSite","@id":"https:\/\/fatordental.com.br\/#website","url":"https:\/\/fatordental.com.br\/","name":"Fator Dental","description":"Produtos Ondontol\u00f3gicos","publisher":{"@id":"https:\/\/fatordental.com.br\/#organization"},"potentialAction":[{"@type":"SearchAction","target":{"@type":"EntryPoint","urlTemplate":"https:\/\/fatordental.com.br\/?s={search_term_string}"},"query-input":{"@type":"PropertyValueSpecification","valueRequired":true,"valueName":"search_term_string"}}],"inLanguage":"pt-BR"},{"@type":"Organization","@id":"https:\/\/fatordental.com.br\/#organization","name":"Fator Dental","url":"https:\/\/fatordental.com.br\/","logo":{"@type":"ImageObject","inLanguage":"pt-BR","@id":"https:\/\/fatordental.com.br\/#\/schema\/logo\/image\/","url":"https:\/\/fatordental.com.br\/wp-content\/uploads\/2023\/02\/logo_fator.png","contentUrl":"https:\/\/fatordental.com.br\/wp-content\/uploads\/2023\/02\/logo_fator.png","width":400,"height":256,"caption":"Fator Dental"},"image":{"@id":"https:\/\/fatordental.com.br\/#\/schema\/logo\/image\/"},"sameAs":["https:\/\/www.instagram.com\/fatordental\/"]}]}},"_links":{"self":[{"href":"https:\/\/fatordental.com.br\/index.php\/wp-json\/wp\/v2\/product\/870","targetHints":{"allow":["GET"]}}],"collection":[{"href":"https:\/\/fatordental.com.br\/index.php\/wp-json\/wp\/v2\/product"}],"about":[{"href":"https:\/\/fatordental.com.br\/index.php\/wp-json\/wp\/v2\/types\/product"}],"wp:featuredmedia":[{"embeddable":true,"href":"https:\/\/fatordental.com.br\/index.php\/wp-json\/wp\/v2\/media\/872"}],"wp:attachment":[{"href":"https:\/\/fatordental.com.br\/index.php\/wp-json\/wp\/v2\/media?parent=870"}],"wp:term":[{"taxonomy":"product_brand","embeddable":true,"href":"https:\/\/fatordental.com.br\/index.php\/wp-json\/wp\/v2\/product_brand?post=870"},{"taxonomy":"product_cat","embeddable":true,"href":"https:\/\/fatordental.com.br\/index.php\/wp-json\/wp\/v2\/product_cat?post=870"},{"taxonomy":"product_tag","embeddable":true,"href":"https:\/\/fatordental.com.br\/index.php\/wp-json\/wp\/v2\/product_tag?post=870"}],"curies":[{"name":"wp","href":"https:\/\/api.w.org\/{rel}","templated":true}]}}