{"id":868,"date":"2023-01-21T22:16:22","date_gmt":"2023-01-22T01:16:22","guid":{"rendered":"https:\/\/fatordental.com.br\/?post_type=product&#038;p=868"},"modified":"2023-01-21T22:18:09","modified_gmt":"2023-01-22T01:18:09","slug":"gesso-pedra-herodent-tipo-iii-vigodent","status":"publish","type":"product","link":"https:\/\/fatordental.com.br\/index.php\/produto\/gesso-pedra-herodent-tipo-iii-vigodent\/","title":{"rendered":"Gesso Pedra Herodent Tipo III &#8211; Vigodent"},"content":{"rendered":"<p class=\"value\"><strong>Embalagem com 1kg. Na cor amarela.<\/strong><\/p>\n<p>&nbsp;<\/p>\n<ul>\n<li>\u00a0<strong>DETALHES<\/strong><\/li>\n<\/ul>\n<p>&#8211; Extraduro.<br \/>\n&#8211; Endurecimento inicial de 8 a 10 minutos.<br \/>\n&#8211; Expans\u00e3o alta de 0,30%.<br \/>\n&#8211; Alta resist\u00eancia \u00e0 compress\u00e3o.<br \/>\n&#8211; Vazamento em qualquer molde.<br \/>\n&#8211; Validade: 5 anos a partir da data de fabrica\u00e7\u00e3o.<br \/>\n&#8211; Registro ANVISA: Isento.<\/p>\n<p>&nbsp;<\/p>\n<ul>\n<li><strong>APLICA\u00c7\u00c3O<\/strong><\/li>\n<\/ul>\n<p>O\u00a0<strong>Gesso Pedra Herodent Tipo III<\/strong>\u00a0da\u00a0<strong>Vigodent<\/strong>\u00a0\u00e9 ideal para o profissional que busca gesso odontol\u00f3gico para confec\u00e7\u00e3o de trabalhos em que o gesso deve ser duro e resistente, por\u00e9m n\u00e3o t\u00e3o resistente quanto aos gessos de tipo 4 e tipo 5.<\/p>\n<p>O\u00a0<strong>Gesso Herodent tipo 3<\/strong>\u00a0\u00e9 indicado para confec\u00e7\u00e3o de modelos de estudos, antagonistas, ortod\u00f4nticos e para pr\u00f3tese remov\u00edvel.<\/p>\n<h2><strong>Como utilizar o Gesso Pedra Herodent Tipo III da Vigodent Coltene?<\/strong><\/h2>\n<p>Para obter o resultado satisfat\u00f3rio, respeite a propor\u00e7\u00e3o instru\u00edda na embalagem de 30ml de \u00e1gua para 100g de p\u00f3. Aplicando o p\u00f3 lentamente na \u00e1gua, espatule a mistura por 1 minuto, sempre evitando a forma\u00e7\u00e3o de bolhas. Al\u00e9m disso, pode-se aplicar facilmente a mistura em diversos moldes.<br \/>\n<strong>* Aten\u00e7\u00e3o:<\/strong>\u00a0Armazene o produto sempre em local seco e arejado.<\/p>\n<h2><strong>Quais as vantagens em utilizar o Gesso Pedra Herodent Tipo III da Vigodent Coltene?<\/strong><\/h2>\n<p>Seguindo corretamente as instru\u00e7\u00f5es de uso oficiais do produto, o gesso odontol\u00f3gico apresenta \u00f3timo vazamento em qualquer molde com endurecimento inicial de 8 a 10 minutos, fator que facilita o trabalho do profissional.<\/p>\n","protected":false},"excerpt":{"rendered":"<p>Embalagem com 1kg. Na cor amarela. &nbsp; \u00a0DETALHES &#8211; Extraduro. &#8211; Endurecimento inicial de 8 a 10 minutos. &#8211; Expans\u00e3o alta de 0,30%. &#8211; Alta resist\u00eancia \u00e0 compress\u00e3o. &#8211; Vazamento [&hellip;]<\/p>\n","protected":false},"featured_media":869,"template":"","meta":[],"product_brand":[],"product_cat":[110,31],"product_tag":[],"class_list":{"0":"post-868","1":"product","2":"type-product","3":"status-publish","4":"has-post-thumbnail","6":"product_cat-gesso","7":"product_cat-moldagem-e-modelo","9":"first","10":"instock","11":"shipping-taxable","12":"product-type-simple"},"yoast_head":"<!-- This site is optimized with the Yoast SEO plugin v26.8 - https:\/\/yoast.com\/product\/yoast-seo-wordpress\/ -->\n<title>Gesso Pedra Herodent Tipo III - Vigodent - Fator Dental<\/title>\n<meta name=\"robots\" content=\"index, follow, max-snippet:-1, max-image-preview:large, max-video-preview:-1\" \/>\n<link rel=\"canonical\" href=\"https:\/\/fatordental.com.br\/index.php\/produto\/gesso-pedra-herodent-tipo-iii-vigodent\/\" \/>\n<meta property=\"og:locale\" content=\"pt_BR\" \/>\n<meta property=\"og:type\" content=\"article\" \/>\n<meta property=\"og:title\" content=\"Gesso Pedra Herodent Tipo III - Vigodent - Fator Dental\" \/>\n<meta property=\"og:description\" content=\"Embalagem com 1kg. Na cor amarela. &nbsp; \u00a0DETALHES &#8211; Extraduro. &#8211; Endurecimento inicial de 8 a 10 minutos. &#8211; Expans\u00e3o alta de 0,30%. &#8211; Alta resist\u00eancia \u00e0 compress\u00e3o. &#8211; Vazamento [&hellip;]\" \/>\n<meta property=\"og:url\" content=\"https:\/\/fatordental.com.br\/index.php\/produto\/gesso-pedra-herodent-tipo-iii-vigodent\/\" \/>\n<meta property=\"og:site_name\" content=\"Fator Dental\" \/>\n<meta property=\"article:modified_time\" content=\"2023-01-22T01:18:09+00:00\" \/>\n<meta property=\"og:image\" content=\"https:\/\/fatordental.com.br\/wp-content\/uploads\/2023\/01\/gesso-pedra-herodent-tipo-iii-vigodent-298192.jpg\" \/>\n\t<meta property=\"og:image:width\" content=\"800\" \/>\n\t<meta property=\"og:image:height\" content=\"800\" \/>\n\t<meta property=\"og:image:type\" content=\"image\/jpeg\" \/>\n<meta name=\"twitter:card\" content=\"summary_large_image\" \/>\n<meta name=\"twitter:label1\" content=\"Est. tempo de leitura\" \/>\n\t<meta name=\"twitter:data1\" content=\"2 minutos\" \/>\n<script type=\"application\/ld+json\" class=\"yoast-schema-graph\">{\"@context\":\"https:\/\/schema.org\",\"@graph\":[{\"@type\":\"WebPage\",\"@id\":\"https:\/\/fatordental.com.br\/index.php\/produto\/gesso-pedra-herodent-tipo-iii-vigodent\/\",\"url\":\"https:\/\/fatordental.com.br\/index.php\/produto\/gesso-pedra-herodent-tipo-iii-vigodent\/\",\"name\":\"Gesso Pedra Herodent Tipo III - Vigodent - Fator Dental\",\"isPartOf\":{\"@id\":\"https:\/\/fatordental.com.br\/#website\"},\"primaryImageOfPage\":{\"@id\":\"https:\/\/fatordental.com.br\/index.php\/produto\/gesso-pedra-herodent-tipo-iii-vigodent\/#primaryimage\"},\"image\":{\"@id\":\"https:\/\/fatordental.com.br\/index.php\/produto\/gesso-pedra-herodent-tipo-iii-vigodent\/#primaryimage\"},\"thumbnailUrl\":\"https:\/\/fatordental.com.br\/wp-content\/uploads\/2023\/01\/gesso-pedra-herodent-tipo-iii-vigodent-298192.jpg\",\"datePublished\":\"2023-01-22T01:16:22+00:00\",\"dateModified\":\"2023-01-22T01:18:09+00:00\",\"breadcrumb\":{\"@id\":\"https:\/\/fatordental.com.br\/index.php\/produto\/gesso-pedra-herodent-tipo-iii-vigodent\/#breadcrumb\"},\"inLanguage\":\"pt-BR\",\"potentialAction\":[{\"@type\":\"ReadAction\",\"target\":[\"https:\/\/fatordental.com.br\/index.php\/produto\/gesso-pedra-herodent-tipo-iii-vigodent\/\"]}]},{\"@type\":\"ImageObject\",\"inLanguage\":\"pt-BR\",\"@id\":\"https:\/\/fatordental.com.br\/index.php\/produto\/gesso-pedra-herodent-tipo-iii-vigodent\/#primaryimage\",\"url\":\"https:\/\/fatordental.com.br\/wp-content\/uploads\/2023\/01\/gesso-pedra-herodent-tipo-iii-vigodent-298192.jpg\",\"contentUrl\":\"https:\/\/fatordental.com.br\/wp-content\/uploads\/2023\/01\/gesso-pedra-herodent-tipo-iii-vigodent-298192.jpg\",\"width\":800,\"height\":800},{\"@type\":\"BreadcrumbList\",\"@id\":\"https:\/\/fatordental.com.br\/index.php\/produto\/gesso-pedra-herodent-tipo-iii-vigodent\/#breadcrumb\",\"itemListElement\":[{\"@type\":\"ListItem\",\"position\":1,\"name\":\"In\u00edcio\",\"item\":\"https:\/\/fatordental.com.br\/\"},{\"@type\":\"ListItem\",\"position\":2,\"name\":\"Produtos\",\"item\":\"https:\/\/fatordental.com.br\/index.php\/produtos\/\"},{\"@type\":\"ListItem\",\"position\":3,\"name\":\"Gesso Pedra Herodent Tipo III &#8211; Vigodent\"}]},{\"@type\":\"WebSite\",\"@id\":\"https:\/\/fatordental.com.br\/#website\",\"url\":\"https:\/\/fatordental.com.br\/\",\"name\":\"Fator Dental\",\"description\":\"Produtos Ondontol\u00f3gicos\",\"publisher\":{\"@id\":\"https:\/\/fatordental.com.br\/#organization\"},\"potentialAction\":[{\"@type\":\"SearchAction\",\"target\":{\"@type\":\"EntryPoint\",\"urlTemplate\":\"https:\/\/fatordental.com.br\/?s={search_term_string}\"},\"query-input\":{\"@type\":\"PropertyValueSpecification\",\"valueRequired\":true,\"valueName\":\"search_term_string\"}}],\"inLanguage\":\"pt-BR\"},{\"@type\":\"Organization\",\"@id\":\"https:\/\/fatordental.com.br\/#organization\",\"name\":\"Fator Dental\",\"url\":\"https:\/\/fatordental.com.br\/\",\"logo\":{\"@type\":\"ImageObject\",\"inLanguage\":\"pt-BR\",\"@id\":\"https:\/\/fatordental.com.br\/#\/schema\/logo\/image\/\",\"url\":\"https:\/\/fatordental.com.br\/wp-content\/uploads\/2023\/02\/logo_fator.png\",\"contentUrl\":\"https:\/\/fatordental.com.br\/wp-content\/uploads\/2023\/02\/logo_fator.png\",\"width\":400,\"height\":256,\"caption\":\"Fator Dental\"},\"image\":{\"@id\":\"https:\/\/fatordental.com.br\/#\/schema\/logo\/image\/\"},\"sameAs\":[\"https:\/\/www.instagram.com\/fatordental\/\"]}]}<\/script>\n<!-- \/ Yoast SEO plugin. -->","yoast_head_json":{"title":"Gesso Pedra Herodent Tipo III - Vigodent - Fator Dental","robots":{"index":"index","follow":"follow","max-snippet":"max-snippet:-1","max-image-preview":"max-image-preview:large","max-video-preview":"max-video-preview:-1"},"canonical":"https:\/\/fatordental.com.br\/index.php\/produto\/gesso-pedra-herodent-tipo-iii-vigodent\/","og_locale":"pt_BR","og_type":"article","og_title":"Gesso Pedra Herodent Tipo III - Vigodent - Fator Dental","og_description":"Embalagem com 1kg. Na cor amarela. &nbsp; \u00a0DETALHES &#8211; Extraduro. &#8211; Endurecimento inicial de 8 a 10 minutos. &#8211; Expans\u00e3o alta de 0,30%. &#8211; Alta resist\u00eancia \u00e0 compress\u00e3o. &#8211; Vazamento [&hellip;]","og_url":"https:\/\/fatordental.com.br\/index.php\/produto\/gesso-pedra-herodent-tipo-iii-vigodent\/","og_site_name":"Fator Dental","article_modified_time":"2023-01-22T01:18:09+00:00","og_image":[{"width":800,"height":800,"url":"https:\/\/fatordental.com.br\/wp-content\/uploads\/2023\/01\/gesso-pedra-herodent-tipo-iii-vigodent-298192.jpg","type":"image\/jpeg"}],"twitter_card":"summary_large_image","twitter_misc":{"Est. tempo de leitura":"2 minutos"},"schema":{"@context":"https:\/\/schema.org","@graph":[{"@type":"WebPage","@id":"https:\/\/fatordental.com.br\/index.php\/produto\/gesso-pedra-herodent-tipo-iii-vigodent\/","url":"https:\/\/fatordental.com.br\/index.php\/produto\/gesso-pedra-herodent-tipo-iii-vigodent\/","name":"Gesso Pedra Herodent Tipo III - Vigodent - Fator Dental","isPartOf":{"@id":"https:\/\/fatordental.com.br\/#website"},"primaryImageOfPage":{"@id":"https:\/\/fatordental.com.br\/index.php\/produto\/gesso-pedra-herodent-tipo-iii-vigodent\/#primaryimage"},"image":{"@id":"https:\/\/fatordental.com.br\/index.php\/produto\/gesso-pedra-herodent-tipo-iii-vigodent\/#primaryimage"},"thumbnailUrl":"https:\/\/fatordental.com.br\/wp-content\/uploads\/2023\/01\/gesso-pedra-herodent-tipo-iii-vigodent-298192.jpg","datePublished":"2023-01-22T01:16:22+00:00","dateModified":"2023-01-22T01:18:09+00:00","breadcrumb":{"@id":"https:\/\/fatordental.com.br\/index.php\/produto\/gesso-pedra-herodent-tipo-iii-vigodent\/#breadcrumb"},"inLanguage":"pt-BR","potentialAction":[{"@type":"ReadAction","target":["https:\/\/fatordental.com.br\/index.php\/produto\/gesso-pedra-herodent-tipo-iii-vigodent\/"]}]},{"@type":"ImageObject","inLanguage":"pt-BR","@id":"https:\/\/fatordental.com.br\/index.php\/produto\/gesso-pedra-herodent-tipo-iii-vigodent\/#primaryimage","url":"https:\/\/fatordental.com.br\/wp-content\/uploads\/2023\/01\/gesso-pedra-herodent-tipo-iii-vigodent-298192.jpg","contentUrl":"https:\/\/fatordental.com.br\/wp-content\/uploads\/2023\/01\/gesso-pedra-herodent-tipo-iii-vigodent-298192.jpg","width":800,"height":800},{"@type":"BreadcrumbList","@id":"https:\/\/fatordental.com.br\/index.php\/produto\/gesso-pedra-herodent-tipo-iii-vigodent\/#breadcrumb","itemListElement":[{"@type":"ListItem","position":1,"name":"In\u00edcio","item":"https:\/\/fatordental.com.br\/"},{"@type":"ListItem","position":2,"name":"Produtos","item":"https:\/\/fatordental.com.br\/index.php\/produtos\/"},{"@type":"ListItem","position":3,"name":"Gesso Pedra Herodent Tipo III &#8211; Vigodent"}]},{"@type":"WebSite","@id":"https:\/\/fatordental.com.br\/#website","url":"https:\/\/fatordental.com.br\/","name":"Fator Dental","description":"Produtos Ondontol\u00f3gicos","publisher":{"@id":"https:\/\/fatordental.com.br\/#organization"},"potentialAction":[{"@type":"SearchAction","target":{"@type":"EntryPoint","urlTemplate":"https:\/\/fatordental.com.br\/?s={search_term_string}"},"query-input":{"@type":"PropertyValueSpecification","valueRequired":true,"valueName":"search_term_string"}}],"inLanguage":"pt-BR"},{"@type":"Organization","@id":"https:\/\/fatordental.com.br\/#organization","name":"Fator Dental","url":"https:\/\/fatordental.com.br\/","logo":{"@type":"ImageObject","inLanguage":"pt-BR","@id":"https:\/\/fatordental.com.br\/#\/schema\/logo\/image\/","url":"https:\/\/fatordental.com.br\/wp-content\/uploads\/2023\/02\/logo_fator.png","contentUrl":"https:\/\/fatordental.com.br\/wp-content\/uploads\/2023\/02\/logo_fator.png","width":400,"height":256,"caption":"Fator Dental"},"image":{"@id":"https:\/\/fatordental.com.br\/#\/schema\/logo\/image\/"},"sameAs":["https:\/\/www.instagram.com\/fatordental\/"]}]}},"_links":{"self":[{"href":"https:\/\/fatordental.com.br\/index.php\/wp-json\/wp\/v2\/product\/868","targetHints":{"allow":["GET"]}}],"collection":[{"href":"https:\/\/fatordental.com.br\/index.php\/wp-json\/wp\/v2\/product"}],"about":[{"href":"https:\/\/fatordental.com.br\/index.php\/wp-json\/wp\/v2\/types\/product"}],"wp:featuredmedia":[{"embeddable":true,"href":"https:\/\/fatordental.com.br\/index.php\/wp-json\/wp\/v2\/media\/869"}],"wp:attachment":[{"href":"https:\/\/fatordental.com.br\/index.php\/wp-json\/wp\/v2\/media?parent=868"}],"wp:term":[{"taxonomy":"product_brand","embeddable":true,"href":"https:\/\/fatordental.com.br\/index.php\/wp-json\/wp\/v2\/product_brand?post=868"},{"taxonomy":"product_cat","embeddable":true,"href":"https:\/\/fatordental.com.br\/index.php\/wp-json\/wp\/v2\/product_cat?post=868"},{"taxonomy":"product_tag","embeddable":true,"href":"https:\/\/fatordental.com.br\/index.php\/wp-json\/wp\/v2\/product_tag?post=868"}],"curies":[{"name":"wp","href":"https:\/\/api.w.org\/{rel}","templated":true}]}}