{"id":863,"date":"2023-01-21T21:39:24","date_gmt":"2023-01-22T00:39:24","guid":{"rendered":"https:\/\/fatordental.com.br\/?post_type=product&#038;p=863"},"modified":"2023-01-21T21:39:24","modified_gmt":"2023-01-22T00:39:24","slug":"formocresol-biodinamica","status":"publish","type":"product","link":"https:\/\/fatordental.com.br\/index.php\/produto\/formocresol-biodinamica\/","title":{"rendered":"Formocresol &#8211; Biodin\u00e2mica"},"content":{"rendered":"<p class=\"value\"><strong>Embalagem com 1 frasco com 10ml.<\/strong><\/p>\n<p>&nbsp;<\/p>\n<p>&#8211; Ideal para mumifica\u00e7\u00e3o da polpa dental.<\/p>\n<p>&#8211; Sua formula\u00e7\u00e3o obedece a padr\u00f5es orientados pelas pesquisas atuais. Desta forma, \u00e9 mais dilu\u00eddo que a composi\u00e7\u00e3o padr\u00e3o de Buckley, mas tendo a mesma ou maior efic\u00e1cia e compatibilidade biol\u00f3gica.<\/p>\n<p>&#8211; Conta com a fun\u00e7\u00e3o de fixar as polpas vivas, mantendo-as inertes e possibilitando a conserva\u00e7\u00e3o do dente dec\u00edduo at\u00e9 uma \u00e9poca pr\u00f3xima da queda fisiol\u00f3gica (pulpotomia).<\/p>\n<p>&#8211; Conta com a\u00e7\u00e3o antibacteriana potente pela a\u00e7\u00e3o de seus componentes. Isso justifica seu uso em curativos de demora em tratamentos endod\u00f4nticos.<\/p>\n<p>&#8211; Composi\u00e7\u00e3o: Formalde\u00eddo, orto-Cresol, Glicerina e \u00c1lcool Et\u00edlico 96\u00ba.<\/p>\n<p>&#8211; Armazenamento: conservar ao abrigo da luz solar em temperaturas entre 2 e 28 \u00baC.<\/p>\n<p>&#8211; Registro ANVISA: 10298550076.<\/p>\n<p>&nbsp;<\/p>\n<ul>\n<li><strong>APLICA\u00c7\u00c3O<\/strong><\/li>\n<\/ul>\n<p>O\u00a0<strong>Formocresol\u00a0<a title=\"Biodin\u00e2mica\" href=\"https:\/\/www.dentalcremer.com.br\/super-loja\/biodinamica\">Biodin\u00e2mica<\/a><\/strong>\u00a0\u00e9 ideal para\u00a0<strong>endodontia<\/strong>, sendo o seu uso indicado como medica\u00e7\u00e3o curativa intracanal e em tratamentos endod\u00f4nticos de dentes dec\u00edduos com a finalidade de mumificar o tecido pulpar.<\/p>\n<h2>Quais as vantagens do Formocresol na Odontologia?<\/h2>\n<p>Ele possui algumas propriedades, tais como:<\/p>\n<ul>\n<li>Menor concentra\u00e7\u00e3o do que a composi\u00e7\u00e3o padr\u00e3o de Buckey, sem a perda das propriedades terap\u00eauticas;<\/li>\n<li>Compatibilidade biol\u00f3gica;<\/li>\n<li>Antiss\u00e9ptico;<\/li>\n<li>Mumificante do tecido pulpar;<\/li>\n<li>Entre outros.<\/li>\n<\/ul>\n<h2>Orienta\u00e7\u00f5es de uso do Formocresol<\/h2>\n<ol>\n<li>Anestesiar e isolar o dente, de prefer\u00eancia com isolamento absoluto;<\/li>\n<li>Remover todo o tecido cariado;<\/li>\n<li>Remover o teto da c\u00e2mara pulpar;<\/li>\n<li>Fazer a pulpotomia (remo\u00e7\u00e3o da polpa coron\u00e1ria);<\/li>\n<li>Fazer a hemostasia e lavar a c\u00e2mara pulpar com solu\u00e7\u00f5es irrigadoras detergentes e umectantes (p.ex. Tergipol ou Tergencal);<\/li>\n<li>Aplicar uma bolinha de algod\u00e3o embebida com\u00a0<strong>Formocresol<\/strong>, sobre os cotos pulpares, devendo ficar por 5 a 7 minutos at\u00e9 promover a hemostasia;<\/li>\n<li>Remover o algod\u00e3o e colocar uma camada de \u00d3xido de Zinco e Eugenol e outra com cimento Fosfato de Zinco. Proceder a restaura\u00e7\u00e3o.<\/li>\n<\/ol>\n<p>&nbsp;<\/p>\n","protected":false},"excerpt":{"rendered":"<p>Embalagem com 1 frasco com 10ml. &nbsp; &#8211; Ideal para mumifica\u00e7\u00e3o da polpa dental. &#8211; Sua formula\u00e7\u00e3o obedece a padr\u00f5es orientados pelas pesquisas atuais. Desta forma, \u00e9 mais dilu\u00eddo que [&hellip;]<\/p>\n","protected":false},"featured_media":864,"template":"","meta":[],"product_brand":[],"product_cat":[107,35],"product_tag":[],"class_list":{"0":"post-863","1":"product","2":"type-product","3":"status-publish","4":"has-post-thumbnail","6":"product_cat-desinfeccao-de-canal","7":"product_cat-endodontia","9":"first","10":"instock","11":"shipping-taxable","12":"product-type-simple"},"yoast_head":"<!-- This site is optimized with the Yoast SEO plugin v26.8 - https:\/\/yoast.com\/product\/yoast-seo-wordpress\/ -->\n<title>Formocresol - Biodin\u00e2mica - Fator Dental<\/title>\n<meta name=\"robots\" content=\"index, follow, max-snippet:-1, max-image-preview:large, max-video-preview:-1\" \/>\n<link rel=\"canonical\" href=\"https:\/\/fatordental.com.br\/index.php\/produto\/formocresol-biodinamica\/\" \/>\n<meta property=\"og:locale\" content=\"pt_BR\" \/>\n<meta property=\"og:type\" content=\"article\" \/>\n<meta property=\"og:title\" content=\"Formocresol - Biodin\u00e2mica - Fator Dental\" \/>\n<meta property=\"og:description\" content=\"Embalagem com 1 frasco com 10ml. &nbsp; &#8211; Ideal para mumifica\u00e7\u00e3o da polpa dental. &#8211; Sua formula\u00e7\u00e3o obedece a padr\u00f5es orientados pelas pesquisas atuais. Desta forma, \u00e9 mais dilu\u00eddo que [&hellip;]\" \/>\n<meta property=\"og:url\" content=\"https:\/\/fatordental.com.br\/index.php\/produto\/formocresol-biodinamica\/\" \/>\n<meta property=\"og:site_name\" content=\"Fator Dental\" \/>\n<meta property=\"og:image\" content=\"https:\/\/fatordental.com.br\/wp-content\/uploads\/2023\/01\/formocresol-biodinamica-dc-214475.jpg\" \/>\n\t<meta property=\"og:image:width\" content=\"550\" \/>\n\t<meta property=\"og:image:height\" content=\"550\" \/>\n\t<meta property=\"og:image:type\" content=\"image\/jpeg\" \/>\n<meta name=\"twitter:card\" content=\"summary_large_image\" \/>\n<meta name=\"twitter:label1\" content=\"Est. tempo de leitura\" \/>\n\t<meta name=\"twitter:data1\" content=\"2 minutos\" \/>\n<script type=\"application\/ld+json\" class=\"yoast-schema-graph\">{\"@context\":\"https:\/\/schema.org\",\"@graph\":[{\"@type\":\"WebPage\",\"@id\":\"https:\/\/fatordental.com.br\/index.php\/produto\/formocresol-biodinamica\/\",\"url\":\"https:\/\/fatordental.com.br\/index.php\/produto\/formocresol-biodinamica\/\",\"name\":\"Formocresol - Biodin\u00e2mica - Fator Dental\",\"isPartOf\":{\"@id\":\"https:\/\/fatordental.com.br\/#website\"},\"primaryImageOfPage\":{\"@id\":\"https:\/\/fatordental.com.br\/index.php\/produto\/formocresol-biodinamica\/#primaryimage\"},\"image\":{\"@id\":\"https:\/\/fatordental.com.br\/index.php\/produto\/formocresol-biodinamica\/#primaryimage\"},\"thumbnailUrl\":\"https:\/\/fatordental.com.br\/wp-content\/uploads\/2023\/01\/formocresol-biodinamica-dc-214475.jpg\",\"datePublished\":\"2023-01-22T00:39:24+00:00\",\"breadcrumb\":{\"@id\":\"https:\/\/fatordental.com.br\/index.php\/produto\/formocresol-biodinamica\/#breadcrumb\"},\"inLanguage\":\"pt-BR\",\"potentialAction\":[{\"@type\":\"ReadAction\",\"target\":[\"https:\/\/fatordental.com.br\/index.php\/produto\/formocresol-biodinamica\/\"]}]},{\"@type\":\"ImageObject\",\"inLanguage\":\"pt-BR\",\"@id\":\"https:\/\/fatordental.com.br\/index.php\/produto\/formocresol-biodinamica\/#primaryimage\",\"url\":\"https:\/\/fatordental.com.br\/wp-content\/uploads\/2023\/01\/formocresol-biodinamica-dc-214475.jpg\",\"contentUrl\":\"https:\/\/fatordental.com.br\/wp-content\/uploads\/2023\/01\/formocresol-biodinamica-dc-214475.jpg\",\"width\":550,\"height\":550},{\"@type\":\"BreadcrumbList\",\"@id\":\"https:\/\/fatordental.com.br\/index.php\/produto\/formocresol-biodinamica\/#breadcrumb\",\"itemListElement\":[{\"@type\":\"ListItem\",\"position\":1,\"name\":\"In\u00edcio\",\"item\":\"https:\/\/fatordental.com.br\/\"},{\"@type\":\"ListItem\",\"position\":2,\"name\":\"Produtos\",\"item\":\"https:\/\/fatordental.com.br\/index.php\/produtos\/\"},{\"@type\":\"ListItem\",\"position\":3,\"name\":\"Formocresol &#8211; Biodin\u00e2mica\"}]},{\"@type\":\"WebSite\",\"@id\":\"https:\/\/fatordental.com.br\/#website\",\"url\":\"https:\/\/fatordental.com.br\/\",\"name\":\"Fator Dental\",\"description\":\"Produtos Ondontol\u00f3gicos\",\"publisher\":{\"@id\":\"https:\/\/fatordental.com.br\/#organization\"},\"potentialAction\":[{\"@type\":\"SearchAction\",\"target\":{\"@type\":\"EntryPoint\",\"urlTemplate\":\"https:\/\/fatordental.com.br\/?s={search_term_string}\"},\"query-input\":{\"@type\":\"PropertyValueSpecification\",\"valueRequired\":true,\"valueName\":\"search_term_string\"}}],\"inLanguage\":\"pt-BR\"},{\"@type\":\"Organization\",\"@id\":\"https:\/\/fatordental.com.br\/#organization\",\"name\":\"Fator Dental\",\"url\":\"https:\/\/fatordental.com.br\/\",\"logo\":{\"@type\":\"ImageObject\",\"inLanguage\":\"pt-BR\",\"@id\":\"https:\/\/fatordental.com.br\/#\/schema\/logo\/image\/\",\"url\":\"https:\/\/fatordental.com.br\/wp-content\/uploads\/2023\/02\/logo_fator.png\",\"contentUrl\":\"https:\/\/fatordental.com.br\/wp-content\/uploads\/2023\/02\/logo_fator.png\",\"width\":400,\"height\":256,\"caption\":\"Fator Dental\"},\"image\":{\"@id\":\"https:\/\/fatordental.com.br\/#\/schema\/logo\/image\/\"},\"sameAs\":[\"https:\/\/www.instagram.com\/fatordental\/\"]}]}<\/script>\n<!-- \/ Yoast SEO plugin. -->","yoast_head_json":{"title":"Formocresol - Biodin\u00e2mica - Fator Dental","robots":{"index":"index","follow":"follow","max-snippet":"max-snippet:-1","max-image-preview":"max-image-preview:large","max-video-preview":"max-video-preview:-1"},"canonical":"https:\/\/fatordental.com.br\/index.php\/produto\/formocresol-biodinamica\/","og_locale":"pt_BR","og_type":"article","og_title":"Formocresol - Biodin\u00e2mica - Fator Dental","og_description":"Embalagem com 1 frasco com 10ml. &nbsp; &#8211; Ideal para mumifica\u00e7\u00e3o da polpa dental. &#8211; Sua formula\u00e7\u00e3o obedece a padr\u00f5es orientados pelas pesquisas atuais. Desta forma, \u00e9 mais dilu\u00eddo que [&hellip;]","og_url":"https:\/\/fatordental.com.br\/index.php\/produto\/formocresol-biodinamica\/","og_site_name":"Fator Dental","og_image":[{"width":550,"height":550,"url":"https:\/\/fatordental.com.br\/wp-content\/uploads\/2023\/01\/formocresol-biodinamica-dc-214475.jpg","type":"image\/jpeg"}],"twitter_card":"summary_large_image","twitter_misc":{"Est. tempo de leitura":"2 minutos"},"schema":{"@context":"https:\/\/schema.org","@graph":[{"@type":"WebPage","@id":"https:\/\/fatordental.com.br\/index.php\/produto\/formocresol-biodinamica\/","url":"https:\/\/fatordental.com.br\/index.php\/produto\/formocresol-biodinamica\/","name":"Formocresol - Biodin\u00e2mica - Fator Dental","isPartOf":{"@id":"https:\/\/fatordental.com.br\/#website"},"primaryImageOfPage":{"@id":"https:\/\/fatordental.com.br\/index.php\/produto\/formocresol-biodinamica\/#primaryimage"},"image":{"@id":"https:\/\/fatordental.com.br\/index.php\/produto\/formocresol-biodinamica\/#primaryimage"},"thumbnailUrl":"https:\/\/fatordental.com.br\/wp-content\/uploads\/2023\/01\/formocresol-biodinamica-dc-214475.jpg","datePublished":"2023-01-22T00:39:24+00:00","breadcrumb":{"@id":"https:\/\/fatordental.com.br\/index.php\/produto\/formocresol-biodinamica\/#breadcrumb"},"inLanguage":"pt-BR","potentialAction":[{"@type":"ReadAction","target":["https:\/\/fatordental.com.br\/index.php\/produto\/formocresol-biodinamica\/"]}]},{"@type":"ImageObject","inLanguage":"pt-BR","@id":"https:\/\/fatordental.com.br\/index.php\/produto\/formocresol-biodinamica\/#primaryimage","url":"https:\/\/fatordental.com.br\/wp-content\/uploads\/2023\/01\/formocresol-biodinamica-dc-214475.jpg","contentUrl":"https:\/\/fatordental.com.br\/wp-content\/uploads\/2023\/01\/formocresol-biodinamica-dc-214475.jpg","width":550,"height":550},{"@type":"BreadcrumbList","@id":"https:\/\/fatordental.com.br\/index.php\/produto\/formocresol-biodinamica\/#breadcrumb","itemListElement":[{"@type":"ListItem","position":1,"name":"In\u00edcio","item":"https:\/\/fatordental.com.br\/"},{"@type":"ListItem","position":2,"name":"Produtos","item":"https:\/\/fatordental.com.br\/index.php\/produtos\/"},{"@type":"ListItem","position":3,"name":"Formocresol &#8211; Biodin\u00e2mica"}]},{"@type":"WebSite","@id":"https:\/\/fatordental.com.br\/#website","url":"https:\/\/fatordental.com.br\/","name":"Fator Dental","description":"Produtos Ondontol\u00f3gicos","publisher":{"@id":"https:\/\/fatordental.com.br\/#organization"},"potentialAction":[{"@type":"SearchAction","target":{"@type":"EntryPoint","urlTemplate":"https:\/\/fatordental.com.br\/?s={search_term_string}"},"query-input":{"@type":"PropertyValueSpecification","valueRequired":true,"valueName":"search_term_string"}}],"inLanguage":"pt-BR"},{"@type":"Organization","@id":"https:\/\/fatordental.com.br\/#organization","name":"Fator Dental","url":"https:\/\/fatordental.com.br\/","logo":{"@type":"ImageObject","inLanguage":"pt-BR","@id":"https:\/\/fatordental.com.br\/#\/schema\/logo\/image\/","url":"https:\/\/fatordental.com.br\/wp-content\/uploads\/2023\/02\/logo_fator.png","contentUrl":"https:\/\/fatordental.com.br\/wp-content\/uploads\/2023\/02\/logo_fator.png","width":400,"height":256,"caption":"Fator Dental"},"image":{"@id":"https:\/\/fatordental.com.br\/#\/schema\/logo\/image\/"},"sameAs":["https:\/\/www.instagram.com\/fatordental\/"]}]}},"_links":{"self":[{"href":"https:\/\/fatordental.com.br\/index.php\/wp-json\/wp\/v2\/product\/863","targetHints":{"allow":["GET"]}}],"collection":[{"href":"https:\/\/fatordental.com.br\/index.php\/wp-json\/wp\/v2\/product"}],"about":[{"href":"https:\/\/fatordental.com.br\/index.php\/wp-json\/wp\/v2\/types\/product"}],"wp:featuredmedia":[{"embeddable":true,"href":"https:\/\/fatordental.com.br\/index.php\/wp-json\/wp\/v2\/media\/864"}],"wp:attachment":[{"href":"https:\/\/fatordental.com.br\/index.php\/wp-json\/wp\/v2\/media?parent=863"}],"wp:term":[{"taxonomy":"product_brand","embeddable":true,"href":"https:\/\/fatordental.com.br\/index.php\/wp-json\/wp\/v2\/product_brand?post=863"},{"taxonomy":"product_cat","embeddable":true,"href":"https:\/\/fatordental.com.br\/index.php\/wp-json\/wp\/v2\/product_cat?post=863"},{"taxonomy":"product_tag","embeddable":true,"href":"https:\/\/fatordental.com.br\/index.php\/wp-json\/wp\/v2\/product_tag?post=863"}],"curies":[{"name":"wp","href":"https:\/\/api.w.org\/{rel}","templated":true}]}}