{"id":858,"date":"2023-01-21T21:22:57","date_gmt":"2023-01-22T00:22:57","guid":{"rendered":"https:\/\/fatordental.com.br\/?post_type=product&#038;p=858"},"modified":"2023-02-04T11:21:41","modified_gmt":"2023-02-04T14:21:41","slug":"fio-de-sutura-de-nylon-4-0-20mm-preto-procare","status":"publish","type":"product","link":"https:\/\/fatordental.com.br\/index.php\/produto\/fio-de-sutura-de-nylon-4-0-20mm-preto-procare\/","title":{"rendered":"Fio de Sutura de Nylon 4-0 25mm Preto &#8211; Procare"},"content":{"rendered":"<p class=\"value\"><strong>Embalagem com 24 unidades. Com agulha 3\/8 CT 2,0cm 4-0.<\/strong><\/p>\n<p>&nbsp;<\/p>\n<ul>\n<li><strong>DETALHES<\/strong><\/li>\n<\/ul>\n<p>&#8211; Fio de Nylon &#8211; Monofilamento preto.<br \/>\n&#8211; Agulha a\u00e7o inox 3\/8 c\u00edrculo cortante 2,0cm.<br \/>\n&#8211; Agulha siliconizada, que permite uma penetra\u00e7\u00e3o suave na pele do paciente.<br \/>\n&#8211; At\u00f3xico, n\u00e3o-pirog\u00eanico, de uso \u00fanico.<br \/>\n&#8211; Esterilizado em Raio Gama.<br \/>\n&#8211; As agulhas s\u00e3o inspecionadas individualmente quanto \u00e0 ponta, lubrifica\u00e7\u00e3o e fixa\u00e7\u00e3o para garantir pun\u00e7\u00e3o f\u00e1cil e segura.<br \/>\n&#8211; Embalados individualmente em Papel Grau Cir\u00fargicos, sendo que a embalagem prim\u00e1ria trata-se de envelope metalizado internamente, garantindo a integridade do fio.<br \/>\n&#8211; Possui resist\u00eancia \u00e0 tra\u00e7\u00e3o e resist\u00eancia ao n\u00f3.<br \/>\n&#8211; Registro ANVISA: 10237580074.<br \/>\n&#8211; Validade 5 anos.<\/p>\n<p>&nbsp;<\/p>\n<ul>\n<li><strong>APLICA\u00c7\u00c3O<\/strong><\/li>\n<\/ul>\n<p>* O fio de sutura agulhado tem como finalidade a sutura agulhada de tecidos org\u00e2nicos, auxiliando em procedimentos cir\u00fargicos.<\/p>\n<p>&nbsp;<\/p>\n","protected":false},"excerpt":{"rendered":"<p>Embalagem com 24 unidades. Com agulha 3\/8 CT 2,0cm 4-0. &nbsp; DETALHES &#8211; Fio de Nylon &#8211; Monofilamento preto. &#8211; Agulha a\u00e7o inox 3\/8 c\u00edrculo cortante 2,0cm. &#8211; Agulha siliconizada, [&hellip;]<\/p>\n","protected":false},"featured_media":859,"template":"","meta":[],"product_brand":[],"product_cat":[39,42],"product_tag":[],"class_list":{"0":"post-858","1":"product","2":"type-product","3":"status-publish","4":"has-post-thumbnail","6":"product_cat-cirurgia-e-periodontia","7":"product_cat-fio-de-sutura","9":"first","10":"instock","11":"shipping-taxable","12":"product-type-simple"},"yoast_head":"<!-- This site is optimized with the Yoast SEO plugin v27.6 - https:\/\/yoast.com\/product\/yoast-seo-wordpress\/ -->\n<title>Fio de Sutura de Nylon 4-0 25mm Preto - Procare - Fator Dental<\/title>\n<meta name=\"robots\" content=\"index, follow, max-snippet:-1, max-image-preview:large, max-video-preview:-1\" \/>\n<link rel=\"canonical\" href=\"https:\/\/fatordental.com.br\/index.php\/produto\/fio-de-sutura-de-nylon-4-0-20mm-preto-procare\/\" \/>\n<meta property=\"og:locale\" content=\"pt_BR\" \/>\n<meta property=\"og:type\" content=\"article\" \/>\n<meta property=\"og:title\" content=\"Fio de Sutura de Nylon 4-0 25mm Preto - Procare - Fator Dental\" \/>\n<meta property=\"og:description\" content=\"Embalagem com 24 unidades. Com agulha 3\/8 CT 2,0cm 4-0. &nbsp; DETALHES &#8211; Fio de Nylon &#8211; Monofilamento preto. &#8211; Agulha a\u00e7o inox 3\/8 c\u00edrculo cortante 2,0cm. &#8211; Agulha siliconizada, [&hellip;]\" \/>\n<meta property=\"og:url\" content=\"https:\/\/fatordental.com.br\/index.php\/produto\/fio-de-sutura-de-nylon-4-0-20mm-preto-procare\/\" \/>\n<meta property=\"og:site_name\" content=\"Fator Dental\" \/>\n<meta property=\"article:modified_time\" content=\"2023-02-04T14:21:41+00:00\" \/>\n<meta property=\"og:image\" content=\"https:\/\/fatordental.com.br\/wp-content\/uploads\/2023\/01\/fio-de-sutura-de-nylon-preto-procare.jpg\" \/>\n\t<meta property=\"og:image:width\" content=\"800\" \/>\n\t<meta property=\"og:image:height\" content=\"800\" \/>\n\t<meta property=\"og:image:type\" content=\"image\/jpeg\" \/>\n<meta name=\"twitter:card\" content=\"summary_large_image\" \/>\n<meta name=\"twitter:label1\" content=\"Est. tempo de leitura\" \/>\n\t<meta name=\"twitter:data1\" content=\"1 minuto\" \/>\n<script type=\"application\/ld+json\" class=\"yoast-schema-graph\">{\"@context\":\"https:\\\/\\\/schema.org\",\"@graph\":[{\"@type\":\"WebPage\",\"@id\":\"https:\\\/\\\/fatordental.com.br\\\/index.php\\\/produto\\\/fio-de-sutura-de-nylon-4-0-20mm-preto-procare\\\/\",\"url\":\"https:\\\/\\\/fatordental.com.br\\\/index.php\\\/produto\\\/fio-de-sutura-de-nylon-4-0-20mm-preto-procare\\\/\",\"name\":\"Fio de Sutura de Nylon 4-0 25mm Preto - Procare - Fator Dental\",\"isPartOf\":{\"@id\":\"https:\\\/\\\/fatordental.com.br\\\/#website\"},\"primaryImageOfPage\":{\"@id\":\"https:\\\/\\\/fatordental.com.br\\\/index.php\\\/produto\\\/fio-de-sutura-de-nylon-4-0-20mm-preto-procare\\\/#primaryimage\"},\"image\":{\"@id\":\"https:\\\/\\\/fatordental.com.br\\\/index.php\\\/produto\\\/fio-de-sutura-de-nylon-4-0-20mm-preto-procare\\\/#primaryimage\"},\"thumbnailUrl\":\"https:\\\/\\\/fatordental.com.br\\\/wp-content\\\/uploads\\\/2023\\\/01\\\/fio-de-sutura-de-nylon-preto-procare.jpg\",\"datePublished\":\"2023-01-22T00:22:57+00:00\",\"dateModified\":\"2023-02-04T14:21:41+00:00\",\"breadcrumb\":{\"@id\":\"https:\\\/\\\/fatordental.com.br\\\/index.php\\\/produto\\\/fio-de-sutura-de-nylon-4-0-20mm-preto-procare\\\/#breadcrumb\"},\"inLanguage\":\"pt-BR\",\"potentialAction\":[{\"@type\":\"ReadAction\",\"target\":[\"https:\\\/\\\/fatordental.com.br\\\/index.php\\\/produto\\\/fio-de-sutura-de-nylon-4-0-20mm-preto-procare\\\/\"]}]},{\"@type\":\"ImageObject\",\"inLanguage\":\"pt-BR\",\"@id\":\"https:\\\/\\\/fatordental.com.br\\\/index.php\\\/produto\\\/fio-de-sutura-de-nylon-4-0-20mm-preto-procare\\\/#primaryimage\",\"url\":\"https:\\\/\\\/fatordental.com.br\\\/wp-content\\\/uploads\\\/2023\\\/01\\\/fio-de-sutura-de-nylon-preto-procare.jpg\",\"contentUrl\":\"https:\\\/\\\/fatordental.com.br\\\/wp-content\\\/uploads\\\/2023\\\/01\\\/fio-de-sutura-de-nylon-preto-procare.jpg\",\"width\":800,\"height\":800},{\"@type\":\"BreadcrumbList\",\"@id\":\"https:\\\/\\\/fatordental.com.br\\\/index.php\\\/produto\\\/fio-de-sutura-de-nylon-4-0-20mm-preto-procare\\\/#breadcrumb\",\"itemListElement\":[{\"@type\":\"ListItem\",\"position\":1,\"name\":\"In\u00edcio\",\"item\":\"https:\\\/\\\/fatordental.com.br\\\/\"},{\"@type\":\"ListItem\",\"position\":2,\"name\":\"Produtos\",\"item\":\"https:\\\/\\\/fatordental.com.br\\\/index.php\\\/produtos\\\/\"},{\"@type\":\"ListItem\",\"position\":3,\"name\":\"Fio de Sutura de Nylon 4-0 25mm Preto &#8211; Procare\"}]},{\"@type\":\"WebSite\",\"@id\":\"https:\\\/\\\/fatordental.com.br\\\/#website\",\"url\":\"https:\\\/\\\/fatordental.com.br\\\/\",\"name\":\"Fator Dental\",\"description\":\"Produtos Ondontol\u00f3gicos\",\"publisher\":{\"@id\":\"https:\\\/\\\/fatordental.com.br\\\/#organization\"},\"potentialAction\":[{\"@type\":\"SearchAction\",\"target\":{\"@type\":\"EntryPoint\",\"urlTemplate\":\"https:\\\/\\\/fatordental.com.br\\\/?s={search_term_string}\"},\"query-input\":{\"@type\":\"PropertyValueSpecification\",\"valueRequired\":true,\"valueName\":\"search_term_string\"}}],\"inLanguage\":\"pt-BR\"},{\"@type\":\"Organization\",\"@id\":\"https:\\\/\\\/fatordental.com.br\\\/#organization\",\"name\":\"Fator Dental\",\"url\":\"https:\\\/\\\/fatordental.com.br\\\/\",\"logo\":{\"@type\":\"ImageObject\",\"inLanguage\":\"pt-BR\",\"@id\":\"https:\\\/\\\/fatordental.com.br\\\/#\\\/schema\\\/logo\\\/image\\\/\",\"url\":\"https:\\\/\\\/fatordental.com.br\\\/wp-content\\\/uploads\\\/2023\\\/02\\\/logo_fator.png\",\"contentUrl\":\"https:\\\/\\\/fatordental.com.br\\\/wp-content\\\/uploads\\\/2023\\\/02\\\/logo_fator.png\",\"width\":400,\"height\":256,\"caption\":\"Fator Dental\"},\"image\":{\"@id\":\"https:\\\/\\\/fatordental.com.br\\\/#\\\/schema\\\/logo\\\/image\\\/\"},\"sameAs\":[\"https:\\\/\\\/www.instagram.com\\\/fatordental\\\/\"]}]}<\/script>\n<!-- \/ Yoast SEO plugin. -->","yoast_head_json":{"title":"Fio de Sutura de Nylon 4-0 25mm Preto - Procare - Fator Dental","robots":{"index":"index","follow":"follow","max-snippet":"max-snippet:-1","max-image-preview":"max-image-preview:large","max-video-preview":"max-video-preview:-1"},"canonical":"https:\/\/fatordental.com.br\/index.php\/produto\/fio-de-sutura-de-nylon-4-0-20mm-preto-procare\/","og_locale":"pt_BR","og_type":"article","og_title":"Fio de Sutura de Nylon 4-0 25mm Preto - Procare - Fator Dental","og_description":"Embalagem com 24 unidades. Com agulha 3\/8 CT 2,0cm 4-0. &nbsp; DETALHES &#8211; Fio de Nylon &#8211; Monofilamento preto. &#8211; Agulha a\u00e7o inox 3\/8 c\u00edrculo cortante 2,0cm. &#8211; Agulha siliconizada, [&hellip;]","og_url":"https:\/\/fatordental.com.br\/index.php\/produto\/fio-de-sutura-de-nylon-4-0-20mm-preto-procare\/","og_site_name":"Fator Dental","article_modified_time":"2023-02-04T14:21:41+00:00","og_image":[{"width":800,"height":800,"url":"https:\/\/fatordental.com.br\/wp-content\/uploads\/2023\/01\/fio-de-sutura-de-nylon-preto-procare.jpg","type":"image\/jpeg"}],"twitter_card":"summary_large_image","twitter_misc":{"Est. tempo de leitura":"1 minuto"},"schema":{"@context":"https:\/\/schema.org","@graph":[{"@type":"WebPage","@id":"https:\/\/fatordental.com.br\/index.php\/produto\/fio-de-sutura-de-nylon-4-0-20mm-preto-procare\/","url":"https:\/\/fatordental.com.br\/index.php\/produto\/fio-de-sutura-de-nylon-4-0-20mm-preto-procare\/","name":"Fio de Sutura de Nylon 4-0 25mm Preto - Procare - Fator Dental","isPartOf":{"@id":"https:\/\/fatordental.com.br\/#website"},"primaryImageOfPage":{"@id":"https:\/\/fatordental.com.br\/index.php\/produto\/fio-de-sutura-de-nylon-4-0-20mm-preto-procare\/#primaryimage"},"image":{"@id":"https:\/\/fatordental.com.br\/index.php\/produto\/fio-de-sutura-de-nylon-4-0-20mm-preto-procare\/#primaryimage"},"thumbnailUrl":"https:\/\/fatordental.com.br\/wp-content\/uploads\/2023\/01\/fio-de-sutura-de-nylon-preto-procare.jpg","datePublished":"2023-01-22T00:22:57+00:00","dateModified":"2023-02-04T14:21:41+00:00","breadcrumb":{"@id":"https:\/\/fatordental.com.br\/index.php\/produto\/fio-de-sutura-de-nylon-4-0-20mm-preto-procare\/#breadcrumb"},"inLanguage":"pt-BR","potentialAction":[{"@type":"ReadAction","target":["https:\/\/fatordental.com.br\/index.php\/produto\/fio-de-sutura-de-nylon-4-0-20mm-preto-procare\/"]}]},{"@type":"ImageObject","inLanguage":"pt-BR","@id":"https:\/\/fatordental.com.br\/index.php\/produto\/fio-de-sutura-de-nylon-4-0-20mm-preto-procare\/#primaryimage","url":"https:\/\/fatordental.com.br\/wp-content\/uploads\/2023\/01\/fio-de-sutura-de-nylon-preto-procare.jpg","contentUrl":"https:\/\/fatordental.com.br\/wp-content\/uploads\/2023\/01\/fio-de-sutura-de-nylon-preto-procare.jpg","width":800,"height":800},{"@type":"BreadcrumbList","@id":"https:\/\/fatordental.com.br\/index.php\/produto\/fio-de-sutura-de-nylon-4-0-20mm-preto-procare\/#breadcrumb","itemListElement":[{"@type":"ListItem","position":1,"name":"In\u00edcio","item":"https:\/\/fatordental.com.br\/"},{"@type":"ListItem","position":2,"name":"Produtos","item":"https:\/\/fatordental.com.br\/index.php\/produtos\/"},{"@type":"ListItem","position":3,"name":"Fio de Sutura de Nylon 4-0 25mm Preto &#8211; Procare"}]},{"@type":"WebSite","@id":"https:\/\/fatordental.com.br\/#website","url":"https:\/\/fatordental.com.br\/","name":"Fator Dental","description":"Produtos Ondontol\u00f3gicos","publisher":{"@id":"https:\/\/fatordental.com.br\/#organization"},"potentialAction":[{"@type":"SearchAction","target":{"@type":"EntryPoint","urlTemplate":"https:\/\/fatordental.com.br\/?s={search_term_string}"},"query-input":{"@type":"PropertyValueSpecification","valueRequired":true,"valueName":"search_term_string"}}],"inLanguage":"pt-BR"},{"@type":"Organization","@id":"https:\/\/fatordental.com.br\/#organization","name":"Fator Dental","url":"https:\/\/fatordental.com.br\/","logo":{"@type":"ImageObject","inLanguage":"pt-BR","@id":"https:\/\/fatordental.com.br\/#\/schema\/logo\/image\/","url":"https:\/\/fatordental.com.br\/wp-content\/uploads\/2023\/02\/logo_fator.png","contentUrl":"https:\/\/fatordental.com.br\/wp-content\/uploads\/2023\/02\/logo_fator.png","width":400,"height":256,"caption":"Fator Dental"},"image":{"@id":"https:\/\/fatordental.com.br\/#\/schema\/logo\/image\/"},"sameAs":["https:\/\/www.instagram.com\/fatordental\/"]}]}},"_links":{"self":[{"href":"https:\/\/fatordental.com.br\/index.php\/wp-json\/wp\/v2\/product\/858","targetHints":{"allow":["GET"]}}],"collection":[{"href":"https:\/\/fatordental.com.br\/index.php\/wp-json\/wp\/v2\/product"}],"about":[{"href":"https:\/\/fatordental.com.br\/index.php\/wp-json\/wp\/v2\/types\/product"}],"wp:featuredmedia":[{"embeddable":true,"href":"https:\/\/fatordental.com.br\/index.php\/wp-json\/wp\/v2\/media\/859"}],"wp:attachment":[{"href":"https:\/\/fatordental.com.br\/index.php\/wp-json\/wp\/v2\/media?parent=858"}],"wp:term":[{"taxonomy":"product_brand","embeddable":true,"href":"https:\/\/fatordental.com.br\/index.php\/wp-json\/wp\/v2\/product_brand?post=858"},{"taxonomy":"product_cat","embeddable":true,"href":"https:\/\/fatordental.com.br\/index.php\/wp-json\/wp\/v2\/product_cat?post=858"},{"taxonomy":"product_tag","embeddable":true,"href":"https:\/\/fatordental.com.br\/index.php\/wp-json\/wp\/v2\/product_tag?post=858"}],"curies":[{"name":"wp","href":"https:\/\/api.w.org\/{rel}","templated":true}]}}