{"id":840,"date":"2023-01-21T19:12:38","date_gmt":"2023-01-21T22:12:38","guid":{"rendered":"https:\/\/fatordental.com.br\/?post_type=product&#038;p=840"},"modified":"2023-01-21T20:12:50","modified_gmt":"2023-01-21T23:12:50","slug":"clareador-opalescence-15-pf-ultradent","status":"publish","type":"product","link":"https:\/\/fatordental.com.br\/index.php\/produto\/clareador-opalescence-15-pf-ultradent\/","title":{"rendered":"Clareador Opalescence 15% PF &#8211; Ultradent"},"content":{"rendered":"<p class=\"value\"><strong>Per\u00f3xido de Carbamida. Embalagem com 12 seringas de 1,2ml cada de 15%.<\/strong><\/p>\n<p>&nbsp;<\/p>\n<ul>\n<li><strong>DETALHES<\/strong><\/li>\n<\/ul>\n<p><span data-contrast=\"auto\">&#8211; Gel transparente, de alta viscosidade, pegajoso, que n\u00e3o escorre para os tecidos moles, e garante que a moldeira permane\u00e7a em posi\u00e7\u00e3o com firmeza.<\/span><span data-ccp-props=\"{&quot;134233117&quot;:true,&quot;134233118&quot;:true,&quot;201341983&quot;:0,&quot;335559740&quot;:360}\"><br \/>\n<\/span><span data-contrast=\"auto\">&#8211; A sigla PF se refere a uma f\u00f3rmula patenteada pela Ultradent, que garante um esmalte mais forte, com sensibilidade reduzida e preven\u00e7\u00e3o de c\u00e1rie. Al\u00e9m de prevenir a desidrata\u00e7\u00e3o e aumentar a estabilidade do clareamento.<\/span><span data-ccp-props=\"{&quot;134233117&quot;:true,&quot;134233118&quot;:true,&quot;201341983&quot;:0,&quot;335559740&quot;:360}\"><br \/>\n<\/span><span data-contrast=\"auto\">&#8211; Sabor neutro (ideal para pacientes com inc\u00f4modo ao sabor de menta). <\/span><span data-ccp-props=\"{&quot;134233117&quot;:true,&quot;134233118&quot;:true,&quot;201341983&quot;:0,&quot;335559740&quot;:360}\"><br \/>\n<\/span><span data-contrast=\"auto\">&#8211; Uso diurno e noturno.<\/span><span data-ccp-props=\"{&quot;134233117&quot;:true,&quot;134233118&quot;:true,&quot;201341983&quot;:0,&quot;335559740&quot;:360}\"><br \/>\n<\/span><span data-contrast=\"auto\">&#8211; Qualidades \u00fanica, libera\u00e7\u00e3o controlada e propriedades adesivas.<\/span><span data-ccp-props=\"{&quot;134233117&quot;:true,&quot;134233118&quot;:true,&quot;201341983&quot;:0,&quot;335559740&quot;:360}\">\u00a0<\/span><\/p>\n<p>&nbsp;<\/p>\n<ul>\n<li><strong>APLICA\u00c7\u00c3O<\/strong><\/li>\n<\/ul>\n<p><span class=\"TextRun SCXW110439500 BCX8\" lang=\"PT-BR\" xml:lang=\"PT-BR\" data-contrast=\"auto\"><span class=\"NormalTextRun SCXW110439500 BCX8\" data-ccp-parastyle=\"paragraph\" data-ccp-parastyle-defn=\"{&quot;ObjectId&quot;:&quot;021b0cf4-f42c-47ea-bfa0-b98f113d6736|165&quot;,&quot;ClassId&quot;:1073872969,&quot;Properties&quot;:[469775450,&quot;paragraph&quot;,201340122,&quot;2&quot;,134233614,&quot;true&quot;,469778129,&quot;paragraph&quot;,335572020,&quot;1&quot;,469777841,&quot;Times New Roman&quot;,469777842,&quot;Times New Roman&quot;,469777843,&quot;Times New Roman&quot;,469777844,&quot;Times New Roman&quot;,469769226,&quot;Times New Roman&quot;,268442635,&quot;24&quot;,335559705,&quot;1046&quot;,335559740,&quot;240&quot;,201341983,&quot;0&quot;,134233118,&quot;true&quot;,134233117,&quot;true&quot;,469778324,&quot;Normal&quot;]}\">O\u00a0<\/span><\/span><strong><span class=\"TextRun SCXW110439500 BCX8\" lang=\"PT-BR\" xml:lang=\"PT-BR\" data-contrast=\"auto\"><span class=\"NormalTextRun SCXW110439500 BCX8\" data-ccp-parastyle=\"paragraph\">Clareador\u00a0<\/span><span class=\"NormalTextRun SpellingErrorV2 SCXW110439500 BCX8\" data-ccp-parastyle=\"paragraph\">Opalescence <\/span><span class=\"NormalTextRun SCXW110439500 BCX8\" data-ccp-parastyle=\"paragraph\">PF<\/span><\/span><\/strong><span class=\"TextRun SCXW110439500 BCX8\" lang=\"PT-BR\" xml:lang=\"PT-BR\" data-contrast=\"auto\"><span class=\"NormalTextRun SCXW110439500 BCX8\" data-ccp-parastyle=\"paragraph\">\u00a0<\/span><span class=\"NormalTextRun SCXW110439500 BCX8\" data-ccp-parastyle=\"paragraph\">da<\/span><span class=\"NormalTextRun SCXW110439500 BCX8\" data-ccp-parastyle=\"paragraph\">\u00a0<\/span><\/span><strong><span class=\"TextRun SCXW110439500 BCX8\" lang=\"PT-BR\" xml:lang=\"PT-BR\" data-contrast=\"auto\"><span class=\"NormalTextRun SpellingErrorV2 SCXW110439500 BCX8\" data-ccp-parastyle=\"paragraph\">Ultradent<\/span><span class=\"NormalTextRun SCXW110439500 BCX8\" data-ccp-parastyle=\"paragraph\">\u00a0<\/span><\/span><\/strong><span class=\"TextRun SCXW110439500 BCX8\" lang=\"PT-BR\" xml:lang=\"PT-BR\" data-contrast=\"auto\"><span class=\"NormalTextRun SCXW110439500 BCX8\" data-ccp-parastyle=\"paragraph\">\u00e9 um clareador\u00a0<\/span><span class=\"NormalTextRun SCXW110439500 BCX8\" data-ccp-parastyle=\"paragraph\">de\u00a0<\/span><span class=\"NormalTextRun SCXW110439500 BCX8\" data-ccp-parastyle=\"paragraph\">uso caseiro<\/span><span class=\"NormalTextRun SCXW110439500 BCX8\" data-ccp-parastyle=\"paragraph\">\u00a0<\/span><span class=\"NormalTextRun SCXW110439500 BCX8\" data-ccp-parastyle=\"paragraph\">sob supervis\u00e3o do profissional de odontologia,\u00a0<\/span><span class=\"NormalTextRun SCXW110439500 BCX8\" data-ccp-parastyle=\"paragraph\">sendo\u00a0<\/span><span class=\"NormalTextRun SCXW110439500 BCX8\" data-ccp-parastyle=\"paragraph\">indicado para o\u00a0<\/span><span class=\"NormalTextRun SCXW110439500 BCX8\" data-ccp-parastyle=\"paragraph\">clareamento de dentes escurecidos antes d<\/span><span class=\"NormalTextRun SCXW110439500 BCX8\" data-ccp-parastyle=\"paragraph\">a realiza\u00e7\u00e3o de\u00a0<\/span><span class=\"NormalTextRun SCXW110439500 BCX8\" data-ccp-parastyle=\"paragraph\">restaura\u00e7\u00f5es\u00a0<\/span><span class=\"NormalTextRun SCXW110439500 BCX8\" data-ccp-parastyle=\"paragraph\">com<\/span><span class=\"NormalTextRun SCXW110439500 BCX8\" data-ccp-parastyle=\"paragraph\">\u00a0resina composta, coloca\u00e7\u00e3o de facetas e\/ou coras.<\/span><span class=\"NormalTextRun SCXW110439500 BCX8\" data-ccp-parastyle=\"paragraph\">\u00a0E<\/span><span class=\"NormalTextRun SCXW110439500 BCX8\" data-ccp-parastyle=\"paragraph\">fetivo<\/span><\/span><span class=\"TextRun Highlight SCXW110439500 BCX8\" lang=\"PT-BR\" xml:lang=\"PT-BR\" data-contrast=\"none\"><span class=\"NormalTextRun SCXW110439500 BCX8\" data-ccp-parastyle=\"paragraph\">\u00a0<\/span><\/span><span class=\"TextRun SCXW110439500 BCX8\" lang=\"PT-BR\" xml:lang=\"PT-BR\" data-contrast=\"auto\"><span class=\"NormalTextRun SCXW110439500 BCX8\" data-ccp-parastyle=\"paragraph\">tamb\u00e9m na remo\u00e7\u00e3o de\u00a0<\/span><span class=\"NormalTextRun SCXW110439500 BCX8\" data-ccp-parastyle=\"paragraph\">manchas<\/span><span class=\"NormalTextRun SCXW110439500 BCX8\" data-ccp-parastyle=\"paragraph\">\u00a0intern<\/span><span class=\"NormalTextRun SCXW110439500 BCX8\" data-ccp-parastyle=\"paragraph\">a<\/span><span class=\"NormalTextRun SCXW110439500 BCX8\" data-ccp-parastyle=\"paragraph\">s devido a fatores cong\u00eanitos, sist\u00eamicos, farmacol\u00f3gicos, traum\u00e1ticos,\u00a0<\/span><span class=\"NormalTextRun SCXW110439500 BCX8\" data-ccp-parastyle=\"paragraph\">e outros<\/span><span class=\"NormalTextRun SCXW110439500 BCX8\" data-ccp-parastyle=\"paragraph\">, al\u00e9m do escurecimento devido ao envelhecimento<\/span><span class=\"NormalTextRun SCXW110439500 BCX8\" data-ccp-parastyle=\"paragraph\">\u00a0e<\/span><span class=\"NormalTextRun SCXW110439500 BCX8\" data-ccp-parastyle=\"paragraph\">\u00a0<\/span><span class=\"NormalTextRun SCXW110439500 BCX8\" data-ccp-parastyle=\"paragraph\">na<\/span><span class=\"NormalTextRun SCXW110439500 BCX8\" data-ccp-parastyle=\"paragraph\">\u00a0<\/span><span class=\"NormalTextRun SCXW110439500 BCX8\" data-ccp-parastyle=\"paragraph\">remo\u00e7\u00e3o de\u00a0<\/span><span class=\"NormalTextRun SCXW110439500 BCX8\" data-ccp-parastyle=\"paragraph\">manchas de\u00a0<\/span><span class=\"NormalTextRun SpellingErrorV2 SCXW110439500 BCX8\" data-ccp-parastyle=\"paragraph\">fluorose<\/span><span class=\"NormalTextRun SCXW110439500 BCX8\" data-ccp-parastyle=\"paragraph\">\u00a0e tetraciclina.\u00a0<\/span><\/span><span class=\"EOP SCXW110439500 BCX8\" data-ccp-props=\"{&quot;134233117&quot;:true,&quot;134233118&quot;:true,&quot;201341983&quot;:0,&quot;335551550&quot;:6,&quot;335551620&quot;:6,&quot;335559740&quot;:360}\">\u00a0<\/span><\/p>\n","protected":false},"excerpt":{"rendered":"<p>Per\u00f3xido de Carbamida. Embalagem com 12 seringas de 1,2ml cada de 15%. &nbsp; DETALHES &#8211; Gel transparente, de alta viscosidade, pegajoso, que n\u00e3o escorre para os tecidos moles, e garante [&hellip;]<\/p>\n","protected":false},"featured_media":841,"template":"","meta":[],"product_brand":[],"product_cat":[54,36,51],"product_tag":[],"class_list":{"0":"post-840","1":"product","2":"type-product","3":"status-publish","4":"has-post-thumbnail","6":"product_cat-clareador-caseiro","7":"product_cat-clareamento","8":"product_cat-dentistica-e-estetica","10":"first","11":"instock","12":"shipping-taxable","13":"product-type-simple"},"yoast_head":"<!-- This site is optimized with the Yoast SEO plugin v26.8 - https:\/\/yoast.com\/product\/yoast-seo-wordpress\/ -->\n<title>Clareador Opalescence 15% PF - Ultradent - Fator Dental<\/title>\n<meta name=\"robots\" content=\"index, follow, max-snippet:-1, max-image-preview:large, max-video-preview:-1\" \/>\n<link rel=\"canonical\" href=\"https:\/\/fatordental.com.br\/index.php\/produto\/clareador-opalescence-15-pf-ultradent\/\" \/>\n<meta property=\"og:locale\" content=\"pt_BR\" \/>\n<meta property=\"og:type\" content=\"article\" \/>\n<meta property=\"og:title\" content=\"Clareador Opalescence 15% PF - Ultradent - Fator Dental\" \/>\n<meta property=\"og:description\" content=\"Per\u00f3xido de Carbamida. Embalagem com 12 seringas de 1,2ml cada de 15%. &nbsp; DETALHES &#8211; Gel transparente, de alta viscosidade, pegajoso, que n\u00e3o escorre para os tecidos moles, e garante [&hellip;]\" \/>\n<meta property=\"og:url\" content=\"https:\/\/fatordental.com.br\/index.php\/produto\/clareador-opalescence-15-pf-ultradent\/\" \/>\n<meta property=\"og:site_name\" content=\"Fator Dental\" \/>\n<meta property=\"article:modified_time\" content=\"2023-01-21T23:12:50+00:00\" \/>\n<meta property=\"og:image\" content=\"https:\/\/fatordental.com.br\/wp-content\/uploads\/2023\/01\/opalescence-10-pf-regular-kit-12-seringas-DC18739.jpg\" \/>\n\t<meta property=\"og:image:width\" content=\"900\" \/>\n\t<meta property=\"og:image:height\" content=\"900\" \/>\n\t<meta property=\"og:image:type\" content=\"image\/jpeg\" \/>\n<meta name=\"twitter:card\" content=\"summary_large_image\" \/>\n<meta name=\"twitter:label1\" content=\"Est. tempo de leitura\" \/>\n\t<meta name=\"twitter:data1\" content=\"1 minuto\" \/>\n<script type=\"application\/ld+json\" class=\"yoast-schema-graph\">{\"@context\":\"https:\/\/schema.org\",\"@graph\":[{\"@type\":\"WebPage\",\"@id\":\"https:\/\/fatordental.com.br\/index.php\/produto\/clareador-opalescence-15-pf-ultradent\/\",\"url\":\"https:\/\/fatordental.com.br\/index.php\/produto\/clareador-opalescence-15-pf-ultradent\/\",\"name\":\"Clareador Opalescence 15% PF - Ultradent - Fator Dental\",\"isPartOf\":{\"@id\":\"https:\/\/fatordental.com.br\/#website\"},\"primaryImageOfPage\":{\"@id\":\"https:\/\/fatordental.com.br\/index.php\/produto\/clareador-opalescence-15-pf-ultradent\/#primaryimage\"},\"image\":{\"@id\":\"https:\/\/fatordental.com.br\/index.php\/produto\/clareador-opalescence-15-pf-ultradent\/#primaryimage\"},\"thumbnailUrl\":\"https:\/\/fatordental.com.br\/wp-content\/uploads\/2023\/01\/opalescence-10-pf-regular-kit-12-seringas-DC18739.jpg\",\"datePublished\":\"2023-01-21T22:12:38+00:00\",\"dateModified\":\"2023-01-21T23:12:50+00:00\",\"breadcrumb\":{\"@id\":\"https:\/\/fatordental.com.br\/index.php\/produto\/clareador-opalescence-15-pf-ultradent\/#breadcrumb\"},\"inLanguage\":\"pt-BR\",\"potentialAction\":[{\"@type\":\"ReadAction\",\"target\":[\"https:\/\/fatordental.com.br\/index.php\/produto\/clareador-opalescence-15-pf-ultradent\/\"]}]},{\"@type\":\"ImageObject\",\"inLanguage\":\"pt-BR\",\"@id\":\"https:\/\/fatordental.com.br\/index.php\/produto\/clareador-opalescence-15-pf-ultradent\/#primaryimage\",\"url\":\"https:\/\/fatordental.com.br\/wp-content\/uploads\/2023\/01\/opalescence-10-pf-regular-kit-12-seringas-DC18739.jpg\",\"contentUrl\":\"https:\/\/fatordental.com.br\/wp-content\/uploads\/2023\/01\/opalescence-10-pf-regular-kit-12-seringas-DC18739.jpg\",\"width\":900,\"height\":900},{\"@type\":\"BreadcrumbList\",\"@id\":\"https:\/\/fatordental.com.br\/index.php\/produto\/clareador-opalescence-15-pf-ultradent\/#breadcrumb\",\"itemListElement\":[{\"@type\":\"ListItem\",\"position\":1,\"name\":\"In\u00edcio\",\"item\":\"https:\/\/fatordental.com.br\/\"},{\"@type\":\"ListItem\",\"position\":2,\"name\":\"Produtos\",\"item\":\"https:\/\/fatordental.com.br\/index.php\/produtos\/\"},{\"@type\":\"ListItem\",\"position\":3,\"name\":\"Clareador Opalescence 15% PF &#8211; Ultradent\"}]},{\"@type\":\"WebSite\",\"@id\":\"https:\/\/fatordental.com.br\/#website\",\"url\":\"https:\/\/fatordental.com.br\/\",\"name\":\"Fator Dental\",\"description\":\"Produtos Ondontol\u00f3gicos\",\"publisher\":{\"@id\":\"https:\/\/fatordental.com.br\/#organization\"},\"potentialAction\":[{\"@type\":\"SearchAction\",\"target\":{\"@type\":\"EntryPoint\",\"urlTemplate\":\"https:\/\/fatordental.com.br\/?s={search_term_string}\"},\"query-input\":{\"@type\":\"PropertyValueSpecification\",\"valueRequired\":true,\"valueName\":\"search_term_string\"}}],\"inLanguage\":\"pt-BR\"},{\"@type\":\"Organization\",\"@id\":\"https:\/\/fatordental.com.br\/#organization\",\"name\":\"Fator Dental\",\"url\":\"https:\/\/fatordental.com.br\/\",\"logo\":{\"@type\":\"ImageObject\",\"inLanguage\":\"pt-BR\",\"@id\":\"https:\/\/fatordental.com.br\/#\/schema\/logo\/image\/\",\"url\":\"https:\/\/fatordental.com.br\/wp-content\/uploads\/2023\/02\/logo_fator.png\",\"contentUrl\":\"https:\/\/fatordental.com.br\/wp-content\/uploads\/2023\/02\/logo_fator.png\",\"width\":400,\"height\":256,\"caption\":\"Fator Dental\"},\"image\":{\"@id\":\"https:\/\/fatordental.com.br\/#\/schema\/logo\/image\/\"},\"sameAs\":[\"https:\/\/www.instagram.com\/fatordental\/\"]}]}<\/script>\n<!-- \/ Yoast SEO plugin. -->","yoast_head_json":{"title":"Clareador Opalescence 15% PF - Ultradent - Fator Dental","robots":{"index":"index","follow":"follow","max-snippet":"max-snippet:-1","max-image-preview":"max-image-preview:large","max-video-preview":"max-video-preview:-1"},"canonical":"https:\/\/fatordental.com.br\/index.php\/produto\/clareador-opalescence-15-pf-ultradent\/","og_locale":"pt_BR","og_type":"article","og_title":"Clareador Opalescence 15% PF - Ultradent - Fator Dental","og_description":"Per\u00f3xido de Carbamida. Embalagem com 12 seringas de 1,2ml cada de 15%. &nbsp; DETALHES &#8211; Gel transparente, de alta viscosidade, pegajoso, que n\u00e3o escorre para os tecidos moles, e garante [&hellip;]","og_url":"https:\/\/fatordental.com.br\/index.php\/produto\/clareador-opalescence-15-pf-ultradent\/","og_site_name":"Fator Dental","article_modified_time":"2023-01-21T23:12:50+00:00","og_image":[{"width":900,"height":900,"url":"https:\/\/fatordental.com.br\/wp-content\/uploads\/2023\/01\/opalescence-10-pf-regular-kit-12-seringas-DC18739.jpg","type":"image\/jpeg"}],"twitter_card":"summary_large_image","twitter_misc":{"Est. tempo de leitura":"1 minuto"},"schema":{"@context":"https:\/\/schema.org","@graph":[{"@type":"WebPage","@id":"https:\/\/fatordental.com.br\/index.php\/produto\/clareador-opalescence-15-pf-ultradent\/","url":"https:\/\/fatordental.com.br\/index.php\/produto\/clareador-opalescence-15-pf-ultradent\/","name":"Clareador Opalescence 15% PF - Ultradent - Fator Dental","isPartOf":{"@id":"https:\/\/fatordental.com.br\/#website"},"primaryImageOfPage":{"@id":"https:\/\/fatordental.com.br\/index.php\/produto\/clareador-opalescence-15-pf-ultradent\/#primaryimage"},"image":{"@id":"https:\/\/fatordental.com.br\/index.php\/produto\/clareador-opalescence-15-pf-ultradent\/#primaryimage"},"thumbnailUrl":"https:\/\/fatordental.com.br\/wp-content\/uploads\/2023\/01\/opalescence-10-pf-regular-kit-12-seringas-DC18739.jpg","datePublished":"2023-01-21T22:12:38+00:00","dateModified":"2023-01-21T23:12:50+00:00","breadcrumb":{"@id":"https:\/\/fatordental.com.br\/index.php\/produto\/clareador-opalescence-15-pf-ultradent\/#breadcrumb"},"inLanguage":"pt-BR","potentialAction":[{"@type":"ReadAction","target":["https:\/\/fatordental.com.br\/index.php\/produto\/clareador-opalescence-15-pf-ultradent\/"]}]},{"@type":"ImageObject","inLanguage":"pt-BR","@id":"https:\/\/fatordental.com.br\/index.php\/produto\/clareador-opalescence-15-pf-ultradent\/#primaryimage","url":"https:\/\/fatordental.com.br\/wp-content\/uploads\/2023\/01\/opalescence-10-pf-regular-kit-12-seringas-DC18739.jpg","contentUrl":"https:\/\/fatordental.com.br\/wp-content\/uploads\/2023\/01\/opalescence-10-pf-regular-kit-12-seringas-DC18739.jpg","width":900,"height":900},{"@type":"BreadcrumbList","@id":"https:\/\/fatordental.com.br\/index.php\/produto\/clareador-opalescence-15-pf-ultradent\/#breadcrumb","itemListElement":[{"@type":"ListItem","position":1,"name":"In\u00edcio","item":"https:\/\/fatordental.com.br\/"},{"@type":"ListItem","position":2,"name":"Produtos","item":"https:\/\/fatordental.com.br\/index.php\/produtos\/"},{"@type":"ListItem","position":3,"name":"Clareador Opalescence 15% PF &#8211; Ultradent"}]},{"@type":"WebSite","@id":"https:\/\/fatordental.com.br\/#website","url":"https:\/\/fatordental.com.br\/","name":"Fator Dental","description":"Produtos Ondontol\u00f3gicos","publisher":{"@id":"https:\/\/fatordental.com.br\/#organization"},"potentialAction":[{"@type":"SearchAction","target":{"@type":"EntryPoint","urlTemplate":"https:\/\/fatordental.com.br\/?s={search_term_string}"},"query-input":{"@type":"PropertyValueSpecification","valueRequired":true,"valueName":"search_term_string"}}],"inLanguage":"pt-BR"},{"@type":"Organization","@id":"https:\/\/fatordental.com.br\/#organization","name":"Fator Dental","url":"https:\/\/fatordental.com.br\/","logo":{"@type":"ImageObject","inLanguage":"pt-BR","@id":"https:\/\/fatordental.com.br\/#\/schema\/logo\/image\/","url":"https:\/\/fatordental.com.br\/wp-content\/uploads\/2023\/02\/logo_fator.png","contentUrl":"https:\/\/fatordental.com.br\/wp-content\/uploads\/2023\/02\/logo_fator.png","width":400,"height":256,"caption":"Fator Dental"},"image":{"@id":"https:\/\/fatordental.com.br\/#\/schema\/logo\/image\/"},"sameAs":["https:\/\/www.instagram.com\/fatordental\/"]}]}},"_links":{"self":[{"href":"https:\/\/fatordental.com.br\/index.php\/wp-json\/wp\/v2\/product\/840","targetHints":{"allow":["GET"]}}],"collection":[{"href":"https:\/\/fatordental.com.br\/index.php\/wp-json\/wp\/v2\/product"}],"about":[{"href":"https:\/\/fatordental.com.br\/index.php\/wp-json\/wp\/v2\/types\/product"}],"wp:featuredmedia":[{"embeddable":true,"href":"https:\/\/fatordental.com.br\/index.php\/wp-json\/wp\/v2\/media\/841"}],"wp:attachment":[{"href":"https:\/\/fatordental.com.br\/index.php\/wp-json\/wp\/v2\/media?parent=840"}],"wp:term":[{"taxonomy":"product_brand","embeddable":true,"href":"https:\/\/fatordental.com.br\/index.php\/wp-json\/wp\/v2\/product_brand?post=840"},{"taxonomy":"product_cat","embeddable":true,"href":"https:\/\/fatordental.com.br\/index.php\/wp-json\/wp\/v2\/product_cat?post=840"},{"taxonomy":"product_tag","embeddable":true,"href":"https:\/\/fatordental.com.br\/index.php\/wp-json\/wp\/v2\/product_tag?post=840"}],"curies":[{"name":"wp","href":"https:\/\/api.w.org\/{rel}","templated":true}]}}