{"id":816,"date":"2023-01-07T16:40:05","date_gmt":"2023-01-07T19:40:05","guid":{"rendered":"https:\/\/fatordental.com.br\/?post_type=product&#038;p=816"},"modified":"2023-01-07T16:40:05","modified_gmt":"2023-01-07T19:40:05","slug":"edta-trissodico-liquido-biodinamica","status":"publish","type":"product","link":"https:\/\/fatordental.com.br\/index.php\/produto\/edta-trissodico-liquido-biodinamica\/","title":{"rendered":"Edta Triss\u00f3dico L\u00edquido &#8211; Biodin\u00e2mica"},"content":{"rendered":"<p class=\"value\"><strong>Frasco com 20ml.<\/strong><\/p>\n<p>&nbsp;<\/p>\n<ul>\n<li><strong>DETALHES<\/strong><\/li>\n<\/ul>\n<p>&#8211; Atua desmineralizando part\u00edculas dentin\u00e1rias por quela\u00e7\u00e3o de \u00edons de c\u00e1lcio e magn\u00e9sio, facilitando sua dissolu\u00e7\u00e3o e absor\u00e7\u00e3o, mostrando-se como um efetivo agente quelante e lubrificante.<br \/>\n&#8211; \u00c9 tamb\u00e9m efetivo na remo\u00e7\u00e3o de raspas dentin\u00e1rias durante a terapia periodontal, expondo o col\u00e1geno e facilitando a ader\u00eancia do tecido conjuntivo tratado na superf\u00edcie radicular.<br \/>\n&#8211; Este composto descalcifica a dentina a uma profundidade de 10 a 30 \u00b5m em 5 minutos.<br \/>\n&#8211; A sua solubilidade chega a 30% e o seu pH entre 7,0 e 8,0 \u00e9 compat\u00edvel com os tecidos vivos, conferindo ao produto uma irrita\u00e7\u00e3o tecidual praticamente nula.<br \/>\n&#8211; Remo\u00e7\u00e3o da \u201csmear layer\u201d, facilitando a penetra\u00e7\u00e3o de agentes adesivos ou cimentos no interior dos canal\u00edculos dentin\u00e1rios.<br \/>\n&#8211; Facilita\u00e7\u00e3o da entrada de limas para instrumenta\u00e7\u00e3o endod\u00f4ntica em condutos atresiados.<\/p>\n<p>&nbsp;<\/p>\n<ul>\n<li><strong>APLICA\u00c7\u00c3O<\/strong><\/li>\n<\/ul>\n<p>Indicado para facilitar a instrumenta\u00e7\u00e3o endod\u00f4ntica, principalmente dos condutos atresiados, e para melhorar a qualidade da cimenta\u00e7\u00e3o de n\u00facleos.<\/p>\n","protected":false},"excerpt":{"rendered":"<p>Frasco com 20ml. &nbsp; DETALHES &#8211; Atua desmineralizando part\u00edculas dentin\u00e1rias por quela\u00e7\u00e3o de \u00edons de c\u00e1lcio e magn\u00e9sio, facilitando sua dissolu\u00e7\u00e3o e absor\u00e7\u00e3o, mostrando-se como um efetivo agente quelante e [&hellip;]<\/p>\n","protected":false},"featured_media":817,"template":"","meta":[],"product_brand":[],"product_cat":[100,35],"product_tag":[],"class_list":{"0":"post-816","1":"product","2":"type-product","3":"status-publish","4":"has-post-thumbnail","6":"product_cat-agente-quelante","7":"product_cat-endodontia","9":"first","10":"instock","11":"shipping-taxable","12":"product-type-simple"},"yoast_head":"<!-- This site is optimized with the Yoast SEO plugin v26.8 - https:\/\/yoast.com\/product\/yoast-seo-wordpress\/ -->\n<title>Edta Triss\u00f3dico L\u00edquido - Biodin\u00e2mica - Fator Dental<\/title>\n<meta name=\"robots\" content=\"index, follow, max-snippet:-1, max-image-preview:large, max-video-preview:-1\" \/>\n<link rel=\"canonical\" href=\"https:\/\/fatordental.com.br\/index.php\/produto\/edta-trissodico-liquido-biodinamica\/\" \/>\n<meta property=\"og:locale\" content=\"pt_BR\" \/>\n<meta property=\"og:type\" content=\"article\" \/>\n<meta property=\"og:title\" content=\"Edta Triss\u00f3dico L\u00edquido - Biodin\u00e2mica - Fator Dental\" \/>\n<meta property=\"og:description\" content=\"Frasco com 20ml. &nbsp; DETALHES &#8211; Atua desmineralizando part\u00edculas dentin\u00e1rias por quela\u00e7\u00e3o de \u00edons de c\u00e1lcio e magn\u00e9sio, facilitando sua dissolu\u00e7\u00e3o e absor\u00e7\u00e3o, mostrando-se como um efetivo agente quelante e [&hellip;]\" \/>\n<meta property=\"og:url\" content=\"https:\/\/fatordental.com.br\/index.php\/produto\/edta-trissodico-liquido-biodinamica\/\" \/>\n<meta property=\"og:site_name\" content=\"Fator Dental\" \/>\n<meta property=\"og:image\" content=\"https:\/\/fatordental.com.br\/wp-content\/uploads\/2023\/01\/EDTA.jpg\" \/>\n\t<meta property=\"og:image:width\" content=\"900\" \/>\n\t<meta property=\"og:image:height\" content=\"900\" \/>\n\t<meta property=\"og:image:type\" content=\"image\/jpeg\" \/>\n<meta name=\"twitter:card\" content=\"summary_large_image\" \/>\n<meta name=\"twitter:label1\" content=\"Est. tempo de leitura\" \/>\n\t<meta name=\"twitter:data1\" content=\"1 minuto\" \/>\n<script type=\"application\/ld+json\" class=\"yoast-schema-graph\">{\"@context\":\"https:\/\/schema.org\",\"@graph\":[{\"@type\":\"WebPage\",\"@id\":\"https:\/\/fatordental.com.br\/index.php\/produto\/edta-trissodico-liquido-biodinamica\/\",\"url\":\"https:\/\/fatordental.com.br\/index.php\/produto\/edta-trissodico-liquido-biodinamica\/\",\"name\":\"Edta Triss\u00f3dico L\u00edquido - Biodin\u00e2mica - Fator Dental\",\"isPartOf\":{\"@id\":\"https:\/\/fatordental.com.br\/#website\"},\"primaryImageOfPage\":{\"@id\":\"https:\/\/fatordental.com.br\/index.php\/produto\/edta-trissodico-liquido-biodinamica\/#primaryimage\"},\"image\":{\"@id\":\"https:\/\/fatordental.com.br\/index.php\/produto\/edta-trissodico-liquido-biodinamica\/#primaryimage\"},\"thumbnailUrl\":\"https:\/\/fatordental.com.br\/wp-content\/uploads\/2023\/01\/EDTA.jpg\",\"datePublished\":\"2023-01-07T19:40:05+00:00\",\"breadcrumb\":{\"@id\":\"https:\/\/fatordental.com.br\/index.php\/produto\/edta-trissodico-liquido-biodinamica\/#breadcrumb\"},\"inLanguage\":\"pt-BR\",\"potentialAction\":[{\"@type\":\"ReadAction\",\"target\":[\"https:\/\/fatordental.com.br\/index.php\/produto\/edta-trissodico-liquido-biodinamica\/\"]}]},{\"@type\":\"ImageObject\",\"inLanguage\":\"pt-BR\",\"@id\":\"https:\/\/fatordental.com.br\/index.php\/produto\/edta-trissodico-liquido-biodinamica\/#primaryimage\",\"url\":\"https:\/\/fatordental.com.br\/wp-content\/uploads\/2023\/01\/EDTA.jpg\",\"contentUrl\":\"https:\/\/fatordental.com.br\/wp-content\/uploads\/2023\/01\/EDTA.jpg\",\"width\":900,\"height\":900},{\"@type\":\"BreadcrumbList\",\"@id\":\"https:\/\/fatordental.com.br\/index.php\/produto\/edta-trissodico-liquido-biodinamica\/#breadcrumb\",\"itemListElement\":[{\"@type\":\"ListItem\",\"position\":1,\"name\":\"In\u00edcio\",\"item\":\"https:\/\/fatordental.com.br\/\"},{\"@type\":\"ListItem\",\"position\":2,\"name\":\"Produtos\",\"item\":\"https:\/\/fatordental.com.br\/index.php\/produtos\/\"},{\"@type\":\"ListItem\",\"position\":3,\"name\":\"Edta Triss\u00f3dico L\u00edquido &#8211; Biodin\u00e2mica\"}]},{\"@type\":\"WebSite\",\"@id\":\"https:\/\/fatordental.com.br\/#website\",\"url\":\"https:\/\/fatordental.com.br\/\",\"name\":\"Fator Dental\",\"description\":\"Produtos Ondontol\u00f3gicos\",\"publisher\":{\"@id\":\"https:\/\/fatordental.com.br\/#organization\"},\"potentialAction\":[{\"@type\":\"SearchAction\",\"target\":{\"@type\":\"EntryPoint\",\"urlTemplate\":\"https:\/\/fatordental.com.br\/?s={search_term_string}\"},\"query-input\":{\"@type\":\"PropertyValueSpecification\",\"valueRequired\":true,\"valueName\":\"search_term_string\"}}],\"inLanguage\":\"pt-BR\"},{\"@type\":\"Organization\",\"@id\":\"https:\/\/fatordental.com.br\/#organization\",\"name\":\"Fator Dental\",\"url\":\"https:\/\/fatordental.com.br\/\",\"logo\":{\"@type\":\"ImageObject\",\"inLanguage\":\"pt-BR\",\"@id\":\"https:\/\/fatordental.com.br\/#\/schema\/logo\/image\/\",\"url\":\"https:\/\/fatordental.com.br\/wp-content\/uploads\/2023\/02\/logo_fator.png\",\"contentUrl\":\"https:\/\/fatordental.com.br\/wp-content\/uploads\/2023\/02\/logo_fator.png\",\"width\":400,\"height\":256,\"caption\":\"Fator Dental\"},\"image\":{\"@id\":\"https:\/\/fatordental.com.br\/#\/schema\/logo\/image\/\"},\"sameAs\":[\"https:\/\/www.instagram.com\/fatordental\/\"]}]}<\/script>\n<!-- \/ Yoast SEO plugin. -->","yoast_head_json":{"title":"Edta Triss\u00f3dico L\u00edquido - Biodin\u00e2mica - Fator Dental","robots":{"index":"index","follow":"follow","max-snippet":"max-snippet:-1","max-image-preview":"max-image-preview:large","max-video-preview":"max-video-preview:-1"},"canonical":"https:\/\/fatordental.com.br\/index.php\/produto\/edta-trissodico-liquido-biodinamica\/","og_locale":"pt_BR","og_type":"article","og_title":"Edta Triss\u00f3dico L\u00edquido - Biodin\u00e2mica - Fator Dental","og_description":"Frasco com 20ml. &nbsp; DETALHES &#8211; Atua desmineralizando part\u00edculas dentin\u00e1rias por quela\u00e7\u00e3o de \u00edons de c\u00e1lcio e magn\u00e9sio, facilitando sua dissolu\u00e7\u00e3o e absor\u00e7\u00e3o, mostrando-se como um efetivo agente quelante e [&hellip;]","og_url":"https:\/\/fatordental.com.br\/index.php\/produto\/edta-trissodico-liquido-biodinamica\/","og_site_name":"Fator Dental","og_image":[{"width":900,"height":900,"url":"https:\/\/fatordental.com.br\/wp-content\/uploads\/2023\/01\/EDTA.jpg","type":"image\/jpeg"}],"twitter_card":"summary_large_image","twitter_misc":{"Est. tempo de leitura":"1 minuto"},"schema":{"@context":"https:\/\/schema.org","@graph":[{"@type":"WebPage","@id":"https:\/\/fatordental.com.br\/index.php\/produto\/edta-trissodico-liquido-biodinamica\/","url":"https:\/\/fatordental.com.br\/index.php\/produto\/edta-trissodico-liquido-biodinamica\/","name":"Edta Triss\u00f3dico L\u00edquido - Biodin\u00e2mica - Fator Dental","isPartOf":{"@id":"https:\/\/fatordental.com.br\/#website"},"primaryImageOfPage":{"@id":"https:\/\/fatordental.com.br\/index.php\/produto\/edta-trissodico-liquido-biodinamica\/#primaryimage"},"image":{"@id":"https:\/\/fatordental.com.br\/index.php\/produto\/edta-trissodico-liquido-biodinamica\/#primaryimage"},"thumbnailUrl":"https:\/\/fatordental.com.br\/wp-content\/uploads\/2023\/01\/EDTA.jpg","datePublished":"2023-01-07T19:40:05+00:00","breadcrumb":{"@id":"https:\/\/fatordental.com.br\/index.php\/produto\/edta-trissodico-liquido-biodinamica\/#breadcrumb"},"inLanguage":"pt-BR","potentialAction":[{"@type":"ReadAction","target":["https:\/\/fatordental.com.br\/index.php\/produto\/edta-trissodico-liquido-biodinamica\/"]}]},{"@type":"ImageObject","inLanguage":"pt-BR","@id":"https:\/\/fatordental.com.br\/index.php\/produto\/edta-trissodico-liquido-biodinamica\/#primaryimage","url":"https:\/\/fatordental.com.br\/wp-content\/uploads\/2023\/01\/EDTA.jpg","contentUrl":"https:\/\/fatordental.com.br\/wp-content\/uploads\/2023\/01\/EDTA.jpg","width":900,"height":900},{"@type":"BreadcrumbList","@id":"https:\/\/fatordental.com.br\/index.php\/produto\/edta-trissodico-liquido-biodinamica\/#breadcrumb","itemListElement":[{"@type":"ListItem","position":1,"name":"In\u00edcio","item":"https:\/\/fatordental.com.br\/"},{"@type":"ListItem","position":2,"name":"Produtos","item":"https:\/\/fatordental.com.br\/index.php\/produtos\/"},{"@type":"ListItem","position":3,"name":"Edta Triss\u00f3dico L\u00edquido &#8211; Biodin\u00e2mica"}]},{"@type":"WebSite","@id":"https:\/\/fatordental.com.br\/#website","url":"https:\/\/fatordental.com.br\/","name":"Fator Dental","description":"Produtos Ondontol\u00f3gicos","publisher":{"@id":"https:\/\/fatordental.com.br\/#organization"},"potentialAction":[{"@type":"SearchAction","target":{"@type":"EntryPoint","urlTemplate":"https:\/\/fatordental.com.br\/?s={search_term_string}"},"query-input":{"@type":"PropertyValueSpecification","valueRequired":true,"valueName":"search_term_string"}}],"inLanguage":"pt-BR"},{"@type":"Organization","@id":"https:\/\/fatordental.com.br\/#organization","name":"Fator Dental","url":"https:\/\/fatordental.com.br\/","logo":{"@type":"ImageObject","inLanguage":"pt-BR","@id":"https:\/\/fatordental.com.br\/#\/schema\/logo\/image\/","url":"https:\/\/fatordental.com.br\/wp-content\/uploads\/2023\/02\/logo_fator.png","contentUrl":"https:\/\/fatordental.com.br\/wp-content\/uploads\/2023\/02\/logo_fator.png","width":400,"height":256,"caption":"Fator Dental"},"image":{"@id":"https:\/\/fatordental.com.br\/#\/schema\/logo\/image\/"},"sameAs":["https:\/\/www.instagram.com\/fatordental\/"]}]}},"_links":{"self":[{"href":"https:\/\/fatordental.com.br\/index.php\/wp-json\/wp\/v2\/product\/816","targetHints":{"allow":["GET"]}}],"collection":[{"href":"https:\/\/fatordental.com.br\/index.php\/wp-json\/wp\/v2\/product"}],"about":[{"href":"https:\/\/fatordental.com.br\/index.php\/wp-json\/wp\/v2\/types\/product"}],"wp:featuredmedia":[{"embeddable":true,"href":"https:\/\/fatordental.com.br\/index.php\/wp-json\/wp\/v2\/media\/817"}],"wp:attachment":[{"href":"https:\/\/fatordental.com.br\/index.php\/wp-json\/wp\/v2\/media?parent=816"}],"wp:term":[{"taxonomy":"product_brand","embeddable":true,"href":"https:\/\/fatordental.com.br\/index.php\/wp-json\/wp\/v2\/product_brand?post=816"},{"taxonomy":"product_cat","embeddable":true,"href":"https:\/\/fatordental.com.br\/index.php\/wp-json\/wp\/v2\/product_cat?post=816"},{"taxonomy":"product_tag","embeddable":true,"href":"https:\/\/fatordental.com.br\/index.php\/wp-json\/wp\/v2\/product_tag?post=816"}],"curies":[{"name":"wp","href":"https:\/\/api.w.org\/{rel}","templated":true}]}}