{"id":803,"date":"2022-12-29T20:14:20","date_gmt":"2022-12-29T23:14:20","guid":{"rendered":"https:\/\/fatordental.com.br\/?post_type=product&#038;p=803"},"modified":"2023-01-10T16:32:29","modified_gmt":"2023-01-10T19:32:29","slug":"sugador-odontologico-descartavel-ssplus","status":"publish","type":"product","link":"https:\/\/fatordental.com.br\/index.php\/produto\/sugador-odontologico-descartavel-ssplus\/","title":{"rendered":"Sugador Odontol\u00f3gico Descart\u00e1vel &#8211; SSPlus"},"content":{"rendered":"<p class=\"value\"><strong>Embalagem com 40 unidades. Colorido.<\/strong><\/p>\n<p>&nbsp;<\/p>\n<ul>\n<li>DETALHES<\/li>\n<\/ul>\n<p>&#8211; Tubo confeccionado em PVC macio, at\u00f3xico, colorido, vazado e com aroma artificial de tutti-frutti.<br \/>\n&#8211; N\u00e3o est\u00e9ril e descart\u00e1vel, proibido reutilizar.<\/p>\n<p>&nbsp;<\/p>\n<ul>\n<li>APLICA\u00c7\u00c3O<\/li>\n<\/ul>\n<p>O\u00a0<strong>Sugador Odontol\u00f3gico Descart\u00e1vel\u00a0<\/strong>da\u00a0<strong>SSPlus\u00a0<\/strong>\u00e9 ideal para auxiliar na suc\u00e7\u00e3o de sangue e outros l\u00edquidos durante a realiza\u00e7\u00e3o de procedimentos no consult\u00f3rio odontol\u00f3gico.<\/p>\n<p>O modelo conta com pontas finas que facilitam a suc\u00e7\u00e3o em locais de dif\u00edcil acesso da boca do paciente e o seu arame interno em a\u00e7o especial permite a fixa\u00e7\u00e3o na posi\u00e7\u00e3o desejada pelo profissional.<\/p>\n","protected":false},"excerpt":{"rendered":"<p>Embalagem com 40 unidades. Colorido. &nbsp; DETALHES &#8211; Tubo confeccionado em PVC macio, at\u00f3xico, colorido, vazado e com aroma artificial de tutti-frutti. &#8211; N\u00e3o est\u00e9ril e descart\u00e1vel, proibido reutilizar. &nbsp; [&hellip;]<\/p>\n","protected":false},"featured_media":804,"template":"","meta":[],"product_brand":[],"product_cat":[92,32,25],"product_tag":[],"class_list":{"0":"post-803","1":"product","2":"type-product","3":"status-publish","4":"has-post-thumbnail","6":"product_cat-descartaveis","7":"product_cat-promocoes","8":"product_cat-sugadores","10":"first","11":"instock","12":"shipping-taxable","13":"product-type-simple"},"yoast_head":"<!-- This site is optimized with the Yoast SEO plugin v26.8 - https:\/\/yoast.com\/product\/yoast-seo-wordpress\/ -->\n<title>Sugador Odontol\u00f3gico Descart\u00e1vel - SSPlus - Fator Dental<\/title>\n<meta name=\"robots\" content=\"index, follow, max-snippet:-1, max-image-preview:large, max-video-preview:-1\" \/>\n<link rel=\"canonical\" href=\"https:\/\/fatordental.com.br\/index.php\/produto\/sugador-odontologico-descartavel-ssplus\/\" \/>\n<meta property=\"og:locale\" content=\"pt_BR\" \/>\n<meta property=\"og:type\" content=\"article\" \/>\n<meta property=\"og:title\" content=\"Sugador Odontol\u00f3gico Descart\u00e1vel - SSPlus - Fator Dental\" \/>\n<meta property=\"og:description\" content=\"Embalagem com 40 unidades. Colorido. &nbsp; DETALHES &#8211; Tubo confeccionado em PVC macio, at\u00f3xico, colorido, vazado e com aroma artificial de tutti-frutti. &#8211; N\u00e3o est\u00e9ril e descart\u00e1vel, proibido reutilizar. &nbsp; [&hellip;]\" \/>\n<meta property=\"og:url\" content=\"https:\/\/fatordental.com.br\/index.php\/produto\/sugador-odontologico-descartavel-ssplus\/\" \/>\n<meta property=\"og:site_name\" content=\"Fator Dental\" \/>\n<meta property=\"article:modified_time\" content=\"2023-01-10T19:32:29+00:00\" \/>\n<meta property=\"og:image\" content=\"https:\/\/fatordental.com.br\/wp-content\/uploads\/2022\/12\/sugador-odontologico-descartavel-ssplus-243451.jpg\" \/>\n\t<meta property=\"og:image:width\" content=\"900\" \/>\n\t<meta property=\"og:image:height\" content=\"900\" \/>\n\t<meta property=\"og:image:type\" content=\"image\/jpeg\" \/>\n<meta name=\"twitter:card\" content=\"summary_large_image\" \/>\n<meta name=\"twitter:label1\" content=\"Est. tempo de leitura\" \/>\n\t<meta name=\"twitter:data1\" content=\"1 minuto\" \/>\n<script type=\"application\/ld+json\" class=\"yoast-schema-graph\">{\"@context\":\"https:\/\/schema.org\",\"@graph\":[{\"@type\":\"WebPage\",\"@id\":\"https:\/\/fatordental.com.br\/index.php\/produto\/sugador-odontologico-descartavel-ssplus\/\",\"url\":\"https:\/\/fatordental.com.br\/index.php\/produto\/sugador-odontologico-descartavel-ssplus\/\",\"name\":\"Sugador Odontol\u00f3gico Descart\u00e1vel - SSPlus - Fator Dental\",\"isPartOf\":{\"@id\":\"https:\/\/fatordental.com.br\/#website\"},\"primaryImageOfPage\":{\"@id\":\"https:\/\/fatordental.com.br\/index.php\/produto\/sugador-odontologico-descartavel-ssplus\/#primaryimage\"},\"image\":{\"@id\":\"https:\/\/fatordental.com.br\/index.php\/produto\/sugador-odontologico-descartavel-ssplus\/#primaryimage\"},\"thumbnailUrl\":\"https:\/\/fatordental.com.br\/wp-content\/uploads\/2022\/12\/sugador-odontologico-descartavel-ssplus-243451.jpg\",\"datePublished\":\"2022-12-29T23:14:20+00:00\",\"dateModified\":\"2023-01-10T19:32:29+00:00\",\"breadcrumb\":{\"@id\":\"https:\/\/fatordental.com.br\/index.php\/produto\/sugador-odontologico-descartavel-ssplus\/#breadcrumb\"},\"inLanguage\":\"pt-BR\",\"potentialAction\":[{\"@type\":\"ReadAction\",\"target\":[\"https:\/\/fatordental.com.br\/index.php\/produto\/sugador-odontologico-descartavel-ssplus\/\"]}]},{\"@type\":\"ImageObject\",\"inLanguage\":\"pt-BR\",\"@id\":\"https:\/\/fatordental.com.br\/index.php\/produto\/sugador-odontologico-descartavel-ssplus\/#primaryimage\",\"url\":\"https:\/\/fatordental.com.br\/wp-content\/uploads\/2022\/12\/sugador-odontologico-descartavel-ssplus-243451.jpg\",\"contentUrl\":\"https:\/\/fatordental.com.br\/wp-content\/uploads\/2022\/12\/sugador-odontologico-descartavel-ssplus-243451.jpg\",\"width\":900,\"height\":900},{\"@type\":\"BreadcrumbList\",\"@id\":\"https:\/\/fatordental.com.br\/index.php\/produto\/sugador-odontologico-descartavel-ssplus\/#breadcrumb\",\"itemListElement\":[{\"@type\":\"ListItem\",\"position\":1,\"name\":\"In\u00edcio\",\"item\":\"https:\/\/fatordental.com.br\/\"},{\"@type\":\"ListItem\",\"position\":2,\"name\":\"Produtos\",\"item\":\"https:\/\/fatordental.com.br\/index.php\/produtos\/\"},{\"@type\":\"ListItem\",\"position\":3,\"name\":\"Sugador Odontol\u00f3gico Descart\u00e1vel &#8211; SSPlus\"}]},{\"@type\":\"WebSite\",\"@id\":\"https:\/\/fatordental.com.br\/#website\",\"url\":\"https:\/\/fatordental.com.br\/\",\"name\":\"Fator Dental\",\"description\":\"Produtos Ondontol\u00f3gicos\",\"publisher\":{\"@id\":\"https:\/\/fatordental.com.br\/#organization\"},\"potentialAction\":[{\"@type\":\"SearchAction\",\"target\":{\"@type\":\"EntryPoint\",\"urlTemplate\":\"https:\/\/fatordental.com.br\/?s={search_term_string}\"},\"query-input\":{\"@type\":\"PropertyValueSpecification\",\"valueRequired\":true,\"valueName\":\"search_term_string\"}}],\"inLanguage\":\"pt-BR\"},{\"@type\":\"Organization\",\"@id\":\"https:\/\/fatordental.com.br\/#organization\",\"name\":\"Fator Dental\",\"url\":\"https:\/\/fatordental.com.br\/\",\"logo\":{\"@type\":\"ImageObject\",\"inLanguage\":\"pt-BR\",\"@id\":\"https:\/\/fatordental.com.br\/#\/schema\/logo\/image\/\",\"url\":\"https:\/\/fatordental.com.br\/wp-content\/uploads\/2023\/02\/logo_fator.png\",\"contentUrl\":\"https:\/\/fatordental.com.br\/wp-content\/uploads\/2023\/02\/logo_fator.png\",\"width\":400,\"height\":256,\"caption\":\"Fator Dental\"},\"image\":{\"@id\":\"https:\/\/fatordental.com.br\/#\/schema\/logo\/image\/\"},\"sameAs\":[\"https:\/\/www.instagram.com\/fatordental\/\"]}]}<\/script>\n<!-- \/ Yoast SEO plugin. -->","yoast_head_json":{"title":"Sugador Odontol\u00f3gico Descart\u00e1vel - SSPlus - Fator Dental","robots":{"index":"index","follow":"follow","max-snippet":"max-snippet:-1","max-image-preview":"max-image-preview:large","max-video-preview":"max-video-preview:-1"},"canonical":"https:\/\/fatordental.com.br\/index.php\/produto\/sugador-odontologico-descartavel-ssplus\/","og_locale":"pt_BR","og_type":"article","og_title":"Sugador Odontol\u00f3gico Descart\u00e1vel - SSPlus - Fator Dental","og_description":"Embalagem com 40 unidades. Colorido. &nbsp; DETALHES &#8211; Tubo confeccionado em PVC macio, at\u00f3xico, colorido, vazado e com aroma artificial de tutti-frutti. &#8211; N\u00e3o est\u00e9ril e descart\u00e1vel, proibido reutilizar. &nbsp; [&hellip;]","og_url":"https:\/\/fatordental.com.br\/index.php\/produto\/sugador-odontologico-descartavel-ssplus\/","og_site_name":"Fator Dental","article_modified_time":"2023-01-10T19:32:29+00:00","og_image":[{"width":900,"height":900,"url":"https:\/\/fatordental.com.br\/wp-content\/uploads\/2022\/12\/sugador-odontologico-descartavel-ssplus-243451.jpg","type":"image\/jpeg"}],"twitter_card":"summary_large_image","twitter_misc":{"Est. tempo de leitura":"1 minuto"},"schema":{"@context":"https:\/\/schema.org","@graph":[{"@type":"WebPage","@id":"https:\/\/fatordental.com.br\/index.php\/produto\/sugador-odontologico-descartavel-ssplus\/","url":"https:\/\/fatordental.com.br\/index.php\/produto\/sugador-odontologico-descartavel-ssplus\/","name":"Sugador Odontol\u00f3gico Descart\u00e1vel - SSPlus - Fator Dental","isPartOf":{"@id":"https:\/\/fatordental.com.br\/#website"},"primaryImageOfPage":{"@id":"https:\/\/fatordental.com.br\/index.php\/produto\/sugador-odontologico-descartavel-ssplus\/#primaryimage"},"image":{"@id":"https:\/\/fatordental.com.br\/index.php\/produto\/sugador-odontologico-descartavel-ssplus\/#primaryimage"},"thumbnailUrl":"https:\/\/fatordental.com.br\/wp-content\/uploads\/2022\/12\/sugador-odontologico-descartavel-ssplus-243451.jpg","datePublished":"2022-12-29T23:14:20+00:00","dateModified":"2023-01-10T19:32:29+00:00","breadcrumb":{"@id":"https:\/\/fatordental.com.br\/index.php\/produto\/sugador-odontologico-descartavel-ssplus\/#breadcrumb"},"inLanguage":"pt-BR","potentialAction":[{"@type":"ReadAction","target":["https:\/\/fatordental.com.br\/index.php\/produto\/sugador-odontologico-descartavel-ssplus\/"]}]},{"@type":"ImageObject","inLanguage":"pt-BR","@id":"https:\/\/fatordental.com.br\/index.php\/produto\/sugador-odontologico-descartavel-ssplus\/#primaryimage","url":"https:\/\/fatordental.com.br\/wp-content\/uploads\/2022\/12\/sugador-odontologico-descartavel-ssplus-243451.jpg","contentUrl":"https:\/\/fatordental.com.br\/wp-content\/uploads\/2022\/12\/sugador-odontologico-descartavel-ssplus-243451.jpg","width":900,"height":900},{"@type":"BreadcrumbList","@id":"https:\/\/fatordental.com.br\/index.php\/produto\/sugador-odontologico-descartavel-ssplus\/#breadcrumb","itemListElement":[{"@type":"ListItem","position":1,"name":"In\u00edcio","item":"https:\/\/fatordental.com.br\/"},{"@type":"ListItem","position":2,"name":"Produtos","item":"https:\/\/fatordental.com.br\/index.php\/produtos\/"},{"@type":"ListItem","position":3,"name":"Sugador Odontol\u00f3gico Descart\u00e1vel &#8211; SSPlus"}]},{"@type":"WebSite","@id":"https:\/\/fatordental.com.br\/#website","url":"https:\/\/fatordental.com.br\/","name":"Fator Dental","description":"Produtos Ondontol\u00f3gicos","publisher":{"@id":"https:\/\/fatordental.com.br\/#organization"},"potentialAction":[{"@type":"SearchAction","target":{"@type":"EntryPoint","urlTemplate":"https:\/\/fatordental.com.br\/?s={search_term_string}"},"query-input":{"@type":"PropertyValueSpecification","valueRequired":true,"valueName":"search_term_string"}}],"inLanguage":"pt-BR"},{"@type":"Organization","@id":"https:\/\/fatordental.com.br\/#organization","name":"Fator Dental","url":"https:\/\/fatordental.com.br\/","logo":{"@type":"ImageObject","inLanguage":"pt-BR","@id":"https:\/\/fatordental.com.br\/#\/schema\/logo\/image\/","url":"https:\/\/fatordental.com.br\/wp-content\/uploads\/2023\/02\/logo_fator.png","contentUrl":"https:\/\/fatordental.com.br\/wp-content\/uploads\/2023\/02\/logo_fator.png","width":400,"height":256,"caption":"Fator Dental"},"image":{"@id":"https:\/\/fatordental.com.br\/#\/schema\/logo\/image\/"},"sameAs":["https:\/\/www.instagram.com\/fatordental\/"]}]}},"_links":{"self":[{"href":"https:\/\/fatordental.com.br\/index.php\/wp-json\/wp\/v2\/product\/803","targetHints":{"allow":["GET"]}}],"collection":[{"href":"https:\/\/fatordental.com.br\/index.php\/wp-json\/wp\/v2\/product"}],"about":[{"href":"https:\/\/fatordental.com.br\/index.php\/wp-json\/wp\/v2\/types\/product"}],"wp:featuredmedia":[{"embeddable":true,"href":"https:\/\/fatordental.com.br\/index.php\/wp-json\/wp\/v2\/media\/804"}],"wp:attachment":[{"href":"https:\/\/fatordental.com.br\/index.php\/wp-json\/wp\/v2\/media?parent=803"}],"wp:term":[{"taxonomy":"product_brand","embeddable":true,"href":"https:\/\/fatordental.com.br\/index.php\/wp-json\/wp\/v2\/product_brand?post=803"},{"taxonomy":"product_cat","embeddable":true,"href":"https:\/\/fatordental.com.br\/index.php\/wp-json\/wp\/v2\/product_cat?post=803"},{"taxonomy":"product_tag","embeddable":true,"href":"https:\/\/fatordental.com.br\/index.php\/wp-json\/wp\/v2\/product_tag?post=803"}],"curies":[{"name":"wp","href":"https:\/\/api.w.org\/{rel}","templated":true}]}}