{"id":801,"date":"2022-12-29T15:55:57","date_gmt":"2022-12-29T18:55:57","guid":{"rendered":"https:\/\/fatordental.com.br\/?post_type=product&#038;p=801"},"modified":"2022-12-29T16:27:36","modified_gmt":"2022-12-29T19:27:36","slug":"fio-retrator-retraflex-000-biodinamica-copia","status":"publish","type":"product","link":"https:\/\/fatordental.com.br\/index.php\/produto\/fio-retrator-retraflex-000-biodinamica-copia\/","title":{"rendered":"Fio Retrator Retraflex  000 &#8211; Biodin\u00e2mica (c\u00f3pia)"},"content":{"rendered":"<p class=\"value\"><strong>Embalagem com 250cm no tamanho 000.<\/strong><\/p>\n<ul>\n<li>DETALHES<\/li>\n<\/ul>\n<p>&#8211; F\u00e1cil inser\u00e7\u00e3o.<br \/>\n&#8211; N\u00e3o impregnado, pode ser embebido em solu\u00e7\u00e3o hemost\u00e1tica de livre escolha.<br \/>\n&#8211; Facilita o acesso e visibilidade dos tecidos adjacentes.<br \/>\n&#8211; Ajuda a prevenir danos no tecido gengival durante o preparo cavit\u00e1rio.<br \/>\n&#8211; Grande poder hidrof\u00edlico, promovendo \u00f3timo afastamento gengival.<\/p>\n<ul>\n<li>APLICA\u00c7\u00c3O<\/li>\n<\/ul>\n<p>Retraflex \u00e9 indicado para retra\u00e7\u00e3o gengival em v\u00e1rios procedimentos dentais, otimizando os resultados ao se efetuar impress\u00f5es dentais, facilitando o acesso e a visibilidade de todos os tecidos em que se est\u00e1 operando, al\u00e9m de ajudar a prevenir danos no tecido gengival durante a confec\u00e7\u00e3o dos preparos cavit\u00e1rios.<\/p>\n","protected":false},"excerpt":{"rendered":"<p>Embalagem com 250cm no tamanho 000. DETALHES &#8211; F\u00e1cil inser\u00e7\u00e3o. &#8211; N\u00e3o impregnado, pode ser embebido em solu\u00e7\u00e3o hemost\u00e1tica de livre escolha. &#8211; Facilita o acesso e visibilidade dos tecidos [&hellip;]<\/p>\n","protected":false},"featured_media":802,"template":"","meta":[],"product_brand":[],"product_cat":[51,31],"product_tag":[],"class_list":{"0":"post-801","1":"product","2":"type-product","3":"status-publish","4":"has-post-thumbnail","6":"product_cat-dentistica-e-estetica","7":"product_cat-moldagem-e-modelo","9":"first","10":"instock","11":"shipping-taxable","12":"product-type-simple"},"yoast_head":"<!-- This site is optimized with the Yoast SEO plugin v26.8 - https:\/\/yoast.com\/product\/yoast-seo-wordpress\/ -->\n<title>Fio Retrator Retraflex 000 - Biodin\u00e2mica (c\u00f3pia) - Fator Dental<\/title>\n<meta name=\"robots\" content=\"index, follow, max-snippet:-1, max-image-preview:large, max-video-preview:-1\" \/>\n<link rel=\"canonical\" href=\"https:\/\/fatordental.com.br\/index.php\/produto\/fio-retrator-retraflex-000-biodinamica-copia\/\" \/>\n<meta property=\"og:locale\" content=\"pt_BR\" \/>\n<meta property=\"og:type\" content=\"article\" \/>\n<meta property=\"og:title\" content=\"Fio Retrator Retraflex 000 - Biodin\u00e2mica (c\u00f3pia) - Fator Dental\" \/>\n<meta property=\"og:description\" content=\"Embalagem com 250cm no tamanho 000. DETALHES &#8211; F\u00e1cil inser\u00e7\u00e3o. &#8211; N\u00e3o impregnado, pode ser embebido em solu\u00e7\u00e3o hemost\u00e1tica de livre escolha. &#8211; Facilita o acesso e visibilidade dos tecidos [&hellip;]\" \/>\n<meta property=\"og:url\" content=\"https:\/\/fatordental.com.br\/index.php\/produto\/fio-retrator-retraflex-000-biodinamica-copia\/\" \/>\n<meta property=\"og:site_name\" content=\"Fator Dental\" \/>\n<meta property=\"article:modified_time\" content=\"2022-12-29T19:27:36+00:00\" \/>\n<meta property=\"og:image\" content=\"https:\/\/fatordental.com.br\/wp-content\/uploads\/2022\/12\/RETRAFLEX-000.jpg\" \/>\n\t<meta property=\"og:image:width\" content=\"800\" \/>\n\t<meta property=\"og:image:height\" content=\"800\" \/>\n\t<meta property=\"og:image:type\" content=\"image\/jpeg\" \/>\n<meta name=\"twitter:card\" content=\"summary_large_image\" \/>\n<meta name=\"twitter:label1\" content=\"Est. tempo de leitura\" \/>\n\t<meta name=\"twitter:data1\" content=\"1 minuto\" \/>\n<script type=\"application\/ld+json\" class=\"yoast-schema-graph\">{\"@context\":\"https:\/\/schema.org\",\"@graph\":[{\"@type\":\"WebPage\",\"@id\":\"https:\/\/fatordental.com.br\/index.php\/produto\/fio-retrator-retraflex-000-biodinamica-copia\/\",\"url\":\"https:\/\/fatordental.com.br\/index.php\/produto\/fio-retrator-retraflex-000-biodinamica-copia\/\",\"name\":\"Fio Retrator Retraflex 000 - Biodin\u00e2mica (c\u00f3pia) - Fator Dental\",\"isPartOf\":{\"@id\":\"https:\/\/fatordental.com.br\/#website\"},\"primaryImageOfPage\":{\"@id\":\"https:\/\/fatordental.com.br\/index.php\/produto\/fio-retrator-retraflex-000-biodinamica-copia\/#primaryimage\"},\"image\":{\"@id\":\"https:\/\/fatordental.com.br\/index.php\/produto\/fio-retrator-retraflex-000-biodinamica-copia\/#primaryimage\"},\"thumbnailUrl\":\"https:\/\/fatordental.com.br\/wp-content\/uploads\/2022\/12\/RETRAFLEX-000.jpg\",\"datePublished\":\"2022-12-29T18:55:57+00:00\",\"dateModified\":\"2022-12-29T19:27:36+00:00\",\"breadcrumb\":{\"@id\":\"https:\/\/fatordental.com.br\/index.php\/produto\/fio-retrator-retraflex-000-biodinamica-copia\/#breadcrumb\"},\"inLanguage\":\"pt-BR\",\"potentialAction\":[{\"@type\":\"ReadAction\",\"target\":[\"https:\/\/fatordental.com.br\/index.php\/produto\/fio-retrator-retraflex-000-biodinamica-copia\/\"]}]},{\"@type\":\"ImageObject\",\"inLanguage\":\"pt-BR\",\"@id\":\"https:\/\/fatordental.com.br\/index.php\/produto\/fio-retrator-retraflex-000-biodinamica-copia\/#primaryimage\",\"url\":\"https:\/\/fatordental.com.br\/wp-content\/uploads\/2022\/12\/RETRAFLEX-000.jpg\",\"contentUrl\":\"https:\/\/fatordental.com.br\/wp-content\/uploads\/2022\/12\/RETRAFLEX-000.jpg\",\"width\":800,\"height\":800},{\"@type\":\"BreadcrumbList\",\"@id\":\"https:\/\/fatordental.com.br\/index.php\/produto\/fio-retrator-retraflex-000-biodinamica-copia\/#breadcrumb\",\"itemListElement\":[{\"@type\":\"ListItem\",\"position\":1,\"name\":\"In\u00edcio\",\"item\":\"https:\/\/fatordental.com.br\/\"},{\"@type\":\"ListItem\",\"position\":2,\"name\":\"Produtos\",\"item\":\"https:\/\/fatordental.com.br\/index.php\/produtos\/\"},{\"@type\":\"ListItem\",\"position\":3,\"name\":\"Fio Retrator Retraflex 000 &#8211; Biodin\u00e2mica (c\u00f3pia)\"}]},{\"@type\":\"WebSite\",\"@id\":\"https:\/\/fatordental.com.br\/#website\",\"url\":\"https:\/\/fatordental.com.br\/\",\"name\":\"Fator Dental\",\"description\":\"Produtos Ondontol\u00f3gicos\",\"publisher\":{\"@id\":\"https:\/\/fatordental.com.br\/#organization\"},\"potentialAction\":[{\"@type\":\"SearchAction\",\"target\":{\"@type\":\"EntryPoint\",\"urlTemplate\":\"https:\/\/fatordental.com.br\/?s={search_term_string}\"},\"query-input\":{\"@type\":\"PropertyValueSpecification\",\"valueRequired\":true,\"valueName\":\"search_term_string\"}}],\"inLanguage\":\"pt-BR\"},{\"@type\":\"Organization\",\"@id\":\"https:\/\/fatordental.com.br\/#organization\",\"name\":\"Fator Dental\",\"url\":\"https:\/\/fatordental.com.br\/\",\"logo\":{\"@type\":\"ImageObject\",\"inLanguage\":\"pt-BR\",\"@id\":\"https:\/\/fatordental.com.br\/#\/schema\/logo\/image\/\",\"url\":\"https:\/\/fatordental.com.br\/wp-content\/uploads\/2023\/02\/logo_fator.png\",\"contentUrl\":\"https:\/\/fatordental.com.br\/wp-content\/uploads\/2023\/02\/logo_fator.png\",\"width\":400,\"height\":256,\"caption\":\"Fator Dental\"},\"image\":{\"@id\":\"https:\/\/fatordental.com.br\/#\/schema\/logo\/image\/\"},\"sameAs\":[\"https:\/\/www.instagram.com\/fatordental\/\"]}]}<\/script>\n<!-- \/ Yoast SEO plugin. -->","yoast_head_json":{"title":"Fio Retrator Retraflex 000 - Biodin\u00e2mica (c\u00f3pia) - Fator Dental","robots":{"index":"index","follow":"follow","max-snippet":"max-snippet:-1","max-image-preview":"max-image-preview:large","max-video-preview":"max-video-preview:-1"},"canonical":"https:\/\/fatordental.com.br\/index.php\/produto\/fio-retrator-retraflex-000-biodinamica-copia\/","og_locale":"pt_BR","og_type":"article","og_title":"Fio Retrator Retraflex 000 - Biodin\u00e2mica (c\u00f3pia) - Fator Dental","og_description":"Embalagem com 250cm no tamanho 000. DETALHES &#8211; F\u00e1cil inser\u00e7\u00e3o. &#8211; N\u00e3o impregnado, pode ser embebido em solu\u00e7\u00e3o hemost\u00e1tica de livre escolha. &#8211; Facilita o acesso e visibilidade dos tecidos [&hellip;]","og_url":"https:\/\/fatordental.com.br\/index.php\/produto\/fio-retrator-retraflex-000-biodinamica-copia\/","og_site_name":"Fator Dental","article_modified_time":"2022-12-29T19:27:36+00:00","og_image":[{"width":800,"height":800,"url":"https:\/\/fatordental.com.br\/wp-content\/uploads\/2022\/12\/RETRAFLEX-000.jpg","type":"image\/jpeg"}],"twitter_card":"summary_large_image","twitter_misc":{"Est. tempo de leitura":"1 minuto"},"schema":{"@context":"https:\/\/schema.org","@graph":[{"@type":"WebPage","@id":"https:\/\/fatordental.com.br\/index.php\/produto\/fio-retrator-retraflex-000-biodinamica-copia\/","url":"https:\/\/fatordental.com.br\/index.php\/produto\/fio-retrator-retraflex-000-biodinamica-copia\/","name":"Fio Retrator Retraflex 000 - Biodin\u00e2mica (c\u00f3pia) - Fator Dental","isPartOf":{"@id":"https:\/\/fatordental.com.br\/#website"},"primaryImageOfPage":{"@id":"https:\/\/fatordental.com.br\/index.php\/produto\/fio-retrator-retraflex-000-biodinamica-copia\/#primaryimage"},"image":{"@id":"https:\/\/fatordental.com.br\/index.php\/produto\/fio-retrator-retraflex-000-biodinamica-copia\/#primaryimage"},"thumbnailUrl":"https:\/\/fatordental.com.br\/wp-content\/uploads\/2022\/12\/RETRAFLEX-000.jpg","datePublished":"2022-12-29T18:55:57+00:00","dateModified":"2022-12-29T19:27:36+00:00","breadcrumb":{"@id":"https:\/\/fatordental.com.br\/index.php\/produto\/fio-retrator-retraflex-000-biodinamica-copia\/#breadcrumb"},"inLanguage":"pt-BR","potentialAction":[{"@type":"ReadAction","target":["https:\/\/fatordental.com.br\/index.php\/produto\/fio-retrator-retraflex-000-biodinamica-copia\/"]}]},{"@type":"ImageObject","inLanguage":"pt-BR","@id":"https:\/\/fatordental.com.br\/index.php\/produto\/fio-retrator-retraflex-000-biodinamica-copia\/#primaryimage","url":"https:\/\/fatordental.com.br\/wp-content\/uploads\/2022\/12\/RETRAFLEX-000.jpg","contentUrl":"https:\/\/fatordental.com.br\/wp-content\/uploads\/2022\/12\/RETRAFLEX-000.jpg","width":800,"height":800},{"@type":"BreadcrumbList","@id":"https:\/\/fatordental.com.br\/index.php\/produto\/fio-retrator-retraflex-000-biodinamica-copia\/#breadcrumb","itemListElement":[{"@type":"ListItem","position":1,"name":"In\u00edcio","item":"https:\/\/fatordental.com.br\/"},{"@type":"ListItem","position":2,"name":"Produtos","item":"https:\/\/fatordental.com.br\/index.php\/produtos\/"},{"@type":"ListItem","position":3,"name":"Fio Retrator Retraflex 000 &#8211; Biodin\u00e2mica (c\u00f3pia)"}]},{"@type":"WebSite","@id":"https:\/\/fatordental.com.br\/#website","url":"https:\/\/fatordental.com.br\/","name":"Fator Dental","description":"Produtos Ondontol\u00f3gicos","publisher":{"@id":"https:\/\/fatordental.com.br\/#organization"},"potentialAction":[{"@type":"SearchAction","target":{"@type":"EntryPoint","urlTemplate":"https:\/\/fatordental.com.br\/?s={search_term_string}"},"query-input":{"@type":"PropertyValueSpecification","valueRequired":true,"valueName":"search_term_string"}}],"inLanguage":"pt-BR"},{"@type":"Organization","@id":"https:\/\/fatordental.com.br\/#organization","name":"Fator Dental","url":"https:\/\/fatordental.com.br\/","logo":{"@type":"ImageObject","inLanguage":"pt-BR","@id":"https:\/\/fatordental.com.br\/#\/schema\/logo\/image\/","url":"https:\/\/fatordental.com.br\/wp-content\/uploads\/2023\/02\/logo_fator.png","contentUrl":"https:\/\/fatordental.com.br\/wp-content\/uploads\/2023\/02\/logo_fator.png","width":400,"height":256,"caption":"Fator Dental"},"image":{"@id":"https:\/\/fatordental.com.br\/#\/schema\/logo\/image\/"},"sameAs":["https:\/\/www.instagram.com\/fatordental\/"]}]}},"_links":{"self":[{"href":"https:\/\/fatordental.com.br\/index.php\/wp-json\/wp\/v2\/product\/801","targetHints":{"allow":["GET"]}}],"collection":[{"href":"https:\/\/fatordental.com.br\/index.php\/wp-json\/wp\/v2\/product"}],"about":[{"href":"https:\/\/fatordental.com.br\/index.php\/wp-json\/wp\/v2\/types\/product"}],"wp:featuredmedia":[{"embeddable":true,"href":"https:\/\/fatordental.com.br\/index.php\/wp-json\/wp\/v2\/media\/802"}],"wp:attachment":[{"href":"https:\/\/fatordental.com.br\/index.php\/wp-json\/wp\/v2\/media?parent=801"}],"wp:term":[{"taxonomy":"product_brand","embeddable":true,"href":"https:\/\/fatordental.com.br\/index.php\/wp-json\/wp\/v2\/product_brand?post=801"},{"taxonomy":"product_cat","embeddable":true,"href":"https:\/\/fatordental.com.br\/index.php\/wp-json\/wp\/v2\/product_cat?post=801"},{"taxonomy":"product_tag","embeddable":true,"href":"https:\/\/fatordental.com.br\/index.php\/wp-json\/wp\/v2\/product_tag?post=801"}],"curies":[{"name":"wp","href":"https:\/\/api.w.org\/{rel}","templated":true}]}}