{"id":791,"date":"2022-12-29T15:24:54","date_gmt":"2022-12-29T18:24:54","guid":{"rendered":"https:\/\/fatordental.com.br\/?post_type=product&#038;p=791"},"modified":"2022-12-29T15:24:54","modified_gmt":"2022-12-29T18:24:54","slug":"restaurador-provisorio-coltosol-vigodent-2","status":"publish","type":"product","link":"https:\/\/fatordental.com.br\/index.php\/produto\/restaurador-provisorio-coltosol-vigodent-2\/","title":{"rendered":"Restaurador Provis\u00f3rio Coltosol &#8211; Vigodent"},"content":{"rendered":"<p class=\"value\"><strong>Embalagem com 1 pote de 20g.<\/strong><\/p>\n<p>DETALHES<\/p>\n<p>-Cimento para aplica\u00e7\u00f5es tempor\u00e1rias em curto prazo.<br \/>\n-N\u00e3o cont\u00e9m Eugenol.<br \/>\n&#8211; Apresenta sabor e aroma agrad\u00e1veis.<br \/>\n&#8211; F\u00e1cil utiliza\u00e7\u00e3o e remo\u00e7\u00e3o com instrumentais.<br \/>\n&#8211; Para preenchimento tempor\u00e1rio em cavidades e \u00f3timo selador para trabalhos em endodontia.<br \/>\n&#8211; Vasta aplica\u00e7\u00e3o nos procedimentos cl\u00ednicos restauradores.<br \/>\n&#8211; Conta com grande ader\u00eancia para garantir um bom isolamento marginal e r\u00e1pido endurecimento na boca ao contato com a saliva.<br \/>\n&#8211; Produto para uso exclusivo por profissionais.<br \/>\n&#8211; Refer\u00eancia Vigodent: 051500.<br \/>\n&#8211; Registro ANVISA: 10068870064.<\/p>\n<ul>\n<li>APLICA\u00c7\u00c3O<\/li>\n<\/ul>\n<p>O\u00a0<strong>Restaurador Provis\u00f3rio Coltosol<\/strong>\u00a0da\u00a0<strong>Vigodent<\/strong>\u00a0\u00e9 ideal para o profissional da Odontologia que busca cimento tempor\u00e1rio com aroma agrad\u00e1vel para preenchimento de cavidades dent\u00e1rias em tratamentos restauradores e endod\u00f4nticos, livre de Eugenol que endurece rapidamente na boca em contato com a saliva.<\/p>\n<p><strong>Quais as vantagens em utilizar o Restaurador Provis\u00f3rio Coltosol da Vigodent?<\/strong><\/p>\n<p>O Coltosol apresenta uma ampla aplica\u00e7\u00e3o em procedimentos cl\u00ednicos restauradores, f\u00e1cil manuseio e remo\u00e7\u00e3o com instrumentais, al\u00e9m de menor microinfiltra\u00e7\u00e3o marginal.<\/p>\n","protected":false},"excerpt":{"rendered":"<p>Embalagem com 1 pote de 20g. DETALHES -Cimento para aplica\u00e7\u00f5es tempor\u00e1rias em curto prazo. -N\u00e3o cont\u00e9m Eugenol. &#8211; Apresenta sabor e aroma agrad\u00e1veis. &#8211; F\u00e1cil utiliza\u00e7\u00e3o e remo\u00e7\u00e3o com instrumentais. [&hellip;]<\/p>\n","protected":false},"featured_media":792,"template":"","meta":[],"product_brand":[],"product_cat":[40,51,44],"product_tag":[],"class_list":{"0":"post-791","1":"product","2":"type-product","3":"status-publish","4":"has-post-thumbnail","6":"product_cat-cimentos","7":"product_cat-dentistica-e-estetica","8":"product_cat-restaurador-provisorio","10":"first","11":"instock","12":"shipping-taxable","13":"product-type-simple"},"yoast_head":"<!-- This site is optimized with the Yoast SEO plugin v26.8 - https:\/\/yoast.com\/product\/yoast-seo-wordpress\/ -->\n<title>Restaurador Provis\u00f3rio Coltosol - Vigodent - Fator Dental<\/title>\n<meta name=\"robots\" content=\"index, follow, max-snippet:-1, max-image-preview:large, max-video-preview:-1\" \/>\n<link rel=\"canonical\" href=\"https:\/\/fatordental.com.br\/index.php\/produto\/restaurador-provisorio-coltosol-vigodent-2\/\" \/>\n<meta property=\"og:locale\" content=\"pt_BR\" \/>\n<meta property=\"og:type\" content=\"article\" \/>\n<meta property=\"og:title\" content=\"Restaurador Provis\u00f3rio Coltosol - Vigodent - Fator Dental\" \/>\n<meta property=\"og:description\" content=\"Embalagem com 1 pote de 20g. DETALHES -Cimento para aplica\u00e7\u00f5es tempor\u00e1rias em curto prazo. -N\u00e3o cont\u00e9m Eugenol. &#8211; Apresenta sabor e aroma agrad\u00e1veis. &#8211; F\u00e1cil utiliza\u00e7\u00e3o e remo\u00e7\u00e3o com instrumentais. [&hellip;]\" \/>\n<meta property=\"og:url\" content=\"https:\/\/fatordental.com.br\/index.php\/produto\/restaurador-provisorio-coltosol-vigodent-2\/\" \/>\n<meta property=\"og:site_name\" content=\"Fator Dental\" \/>\n<meta property=\"og:image\" content=\"https:\/\/fatordental.com.br\/wp-content\/uploads\/2022\/12\/COTOSOL.jpg\" \/>\n\t<meta property=\"og:image:width\" content=\"800\" \/>\n\t<meta property=\"og:image:height\" content=\"800\" \/>\n\t<meta property=\"og:image:type\" content=\"image\/jpeg\" \/>\n<meta name=\"twitter:card\" content=\"summary_large_image\" \/>\n<meta name=\"twitter:label1\" content=\"Est. tempo de leitura\" \/>\n\t<meta name=\"twitter:data1\" content=\"1 minuto\" \/>\n<script type=\"application\/ld+json\" class=\"yoast-schema-graph\">{\"@context\":\"https:\/\/schema.org\",\"@graph\":[{\"@type\":\"WebPage\",\"@id\":\"https:\/\/fatordental.com.br\/index.php\/produto\/restaurador-provisorio-coltosol-vigodent-2\/\",\"url\":\"https:\/\/fatordental.com.br\/index.php\/produto\/restaurador-provisorio-coltosol-vigodent-2\/\",\"name\":\"Restaurador Provis\u00f3rio Coltosol - Vigodent - Fator Dental\",\"isPartOf\":{\"@id\":\"https:\/\/fatordental.com.br\/#website\"},\"primaryImageOfPage\":{\"@id\":\"https:\/\/fatordental.com.br\/index.php\/produto\/restaurador-provisorio-coltosol-vigodent-2\/#primaryimage\"},\"image\":{\"@id\":\"https:\/\/fatordental.com.br\/index.php\/produto\/restaurador-provisorio-coltosol-vigodent-2\/#primaryimage\"},\"thumbnailUrl\":\"https:\/\/fatordental.com.br\/wp-content\/uploads\/2022\/12\/COTOSOL.jpg\",\"datePublished\":\"2022-12-29T18:24:54+00:00\",\"breadcrumb\":{\"@id\":\"https:\/\/fatordental.com.br\/index.php\/produto\/restaurador-provisorio-coltosol-vigodent-2\/#breadcrumb\"},\"inLanguage\":\"pt-BR\",\"potentialAction\":[{\"@type\":\"ReadAction\",\"target\":[\"https:\/\/fatordental.com.br\/index.php\/produto\/restaurador-provisorio-coltosol-vigodent-2\/\"]}]},{\"@type\":\"ImageObject\",\"inLanguage\":\"pt-BR\",\"@id\":\"https:\/\/fatordental.com.br\/index.php\/produto\/restaurador-provisorio-coltosol-vigodent-2\/#primaryimage\",\"url\":\"https:\/\/fatordental.com.br\/wp-content\/uploads\/2022\/12\/COTOSOL.jpg\",\"contentUrl\":\"https:\/\/fatordental.com.br\/wp-content\/uploads\/2022\/12\/COTOSOL.jpg\",\"width\":800,\"height\":800},{\"@type\":\"BreadcrumbList\",\"@id\":\"https:\/\/fatordental.com.br\/index.php\/produto\/restaurador-provisorio-coltosol-vigodent-2\/#breadcrumb\",\"itemListElement\":[{\"@type\":\"ListItem\",\"position\":1,\"name\":\"In\u00edcio\",\"item\":\"https:\/\/fatordental.com.br\/\"},{\"@type\":\"ListItem\",\"position\":2,\"name\":\"Produtos\",\"item\":\"https:\/\/fatordental.com.br\/index.php\/produtos\/\"},{\"@type\":\"ListItem\",\"position\":3,\"name\":\"Restaurador Provis\u00f3rio Coltosol &#8211; Vigodent\"}]},{\"@type\":\"WebSite\",\"@id\":\"https:\/\/fatordental.com.br\/#website\",\"url\":\"https:\/\/fatordental.com.br\/\",\"name\":\"Fator Dental\",\"description\":\"Produtos Ondontol\u00f3gicos\",\"publisher\":{\"@id\":\"https:\/\/fatordental.com.br\/#organization\"},\"potentialAction\":[{\"@type\":\"SearchAction\",\"target\":{\"@type\":\"EntryPoint\",\"urlTemplate\":\"https:\/\/fatordental.com.br\/?s={search_term_string}\"},\"query-input\":{\"@type\":\"PropertyValueSpecification\",\"valueRequired\":true,\"valueName\":\"search_term_string\"}}],\"inLanguage\":\"pt-BR\"},{\"@type\":\"Organization\",\"@id\":\"https:\/\/fatordental.com.br\/#organization\",\"name\":\"Fator Dental\",\"url\":\"https:\/\/fatordental.com.br\/\",\"logo\":{\"@type\":\"ImageObject\",\"inLanguage\":\"pt-BR\",\"@id\":\"https:\/\/fatordental.com.br\/#\/schema\/logo\/image\/\",\"url\":\"https:\/\/fatordental.com.br\/wp-content\/uploads\/2023\/02\/logo_fator.png\",\"contentUrl\":\"https:\/\/fatordental.com.br\/wp-content\/uploads\/2023\/02\/logo_fator.png\",\"width\":400,\"height\":256,\"caption\":\"Fator Dental\"},\"image\":{\"@id\":\"https:\/\/fatordental.com.br\/#\/schema\/logo\/image\/\"},\"sameAs\":[\"https:\/\/www.instagram.com\/fatordental\/\"]}]}<\/script>\n<!-- \/ Yoast SEO plugin. -->","yoast_head_json":{"title":"Restaurador Provis\u00f3rio Coltosol - Vigodent - Fator Dental","robots":{"index":"index","follow":"follow","max-snippet":"max-snippet:-1","max-image-preview":"max-image-preview:large","max-video-preview":"max-video-preview:-1"},"canonical":"https:\/\/fatordental.com.br\/index.php\/produto\/restaurador-provisorio-coltosol-vigodent-2\/","og_locale":"pt_BR","og_type":"article","og_title":"Restaurador Provis\u00f3rio Coltosol - Vigodent - Fator Dental","og_description":"Embalagem com 1 pote de 20g. DETALHES -Cimento para aplica\u00e7\u00f5es tempor\u00e1rias em curto prazo. -N\u00e3o cont\u00e9m Eugenol. &#8211; Apresenta sabor e aroma agrad\u00e1veis. &#8211; F\u00e1cil utiliza\u00e7\u00e3o e remo\u00e7\u00e3o com instrumentais. [&hellip;]","og_url":"https:\/\/fatordental.com.br\/index.php\/produto\/restaurador-provisorio-coltosol-vigodent-2\/","og_site_name":"Fator Dental","og_image":[{"width":800,"height":800,"url":"https:\/\/fatordental.com.br\/wp-content\/uploads\/2022\/12\/COTOSOL.jpg","type":"image\/jpeg"}],"twitter_card":"summary_large_image","twitter_misc":{"Est. tempo de leitura":"1 minuto"},"schema":{"@context":"https:\/\/schema.org","@graph":[{"@type":"WebPage","@id":"https:\/\/fatordental.com.br\/index.php\/produto\/restaurador-provisorio-coltosol-vigodent-2\/","url":"https:\/\/fatordental.com.br\/index.php\/produto\/restaurador-provisorio-coltosol-vigodent-2\/","name":"Restaurador Provis\u00f3rio Coltosol - Vigodent - Fator Dental","isPartOf":{"@id":"https:\/\/fatordental.com.br\/#website"},"primaryImageOfPage":{"@id":"https:\/\/fatordental.com.br\/index.php\/produto\/restaurador-provisorio-coltosol-vigodent-2\/#primaryimage"},"image":{"@id":"https:\/\/fatordental.com.br\/index.php\/produto\/restaurador-provisorio-coltosol-vigodent-2\/#primaryimage"},"thumbnailUrl":"https:\/\/fatordental.com.br\/wp-content\/uploads\/2022\/12\/COTOSOL.jpg","datePublished":"2022-12-29T18:24:54+00:00","breadcrumb":{"@id":"https:\/\/fatordental.com.br\/index.php\/produto\/restaurador-provisorio-coltosol-vigodent-2\/#breadcrumb"},"inLanguage":"pt-BR","potentialAction":[{"@type":"ReadAction","target":["https:\/\/fatordental.com.br\/index.php\/produto\/restaurador-provisorio-coltosol-vigodent-2\/"]}]},{"@type":"ImageObject","inLanguage":"pt-BR","@id":"https:\/\/fatordental.com.br\/index.php\/produto\/restaurador-provisorio-coltosol-vigodent-2\/#primaryimage","url":"https:\/\/fatordental.com.br\/wp-content\/uploads\/2022\/12\/COTOSOL.jpg","contentUrl":"https:\/\/fatordental.com.br\/wp-content\/uploads\/2022\/12\/COTOSOL.jpg","width":800,"height":800},{"@type":"BreadcrumbList","@id":"https:\/\/fatordental.com.br\/index.php\/produto\/restaurador-provisorio-coltosol-vigodent-2\/#breadcrumb","itemListElement":[{"@type":"ListItem","position":1,"name":"In\u00edcio","item":"https:\/\/fatordental.com.br\/"},{"@type":"ListItem","position":2,"name":"Produtos","item":"https:\/\/fatordental.com.br\/index.php\/produtos\/"},{"@type":"ListItem","position":3,"name":"Restaurador Provis\u00f3rio Coltosol &#8211; Vigodent"}]},{"@type":"WebSite","@id":"https:\/\/fatordental.com.br\/#website","url":"https:\/\/fatordental.com.br\/","name":"Fator Dental","description":"Produtos Ondontol\u00f3gicos","publisher":{"@id":"https:\/\/fatordental.com.br\/#organization"},"potentialAction":[{"@type":"SearchAction","target":{"@type":"EntryPoint","urlTemplate":"https:\/\/fatordental.com.br\/?s={search_term_string}"},"query-input":{"@type":"PropertyValueSpecification","valueRequired":true,"valueName":"search_term_string"}}],"inLanguage":"pt-BR"},{"@type":"Organization","@id":"https:\/\/fatordental.com.br\/#organization","name":"Fator Dental","url":"https:\/\/fatordental.com.br\/","logo":{"@type":"ImageObject","inLanguage":"pt-BR","@id":"https:\/\/fatordental.com.br\/#\/schema\/logo\/image\/","url":"https:\/\/fatordental.com.br\/wp-content\/uploads\/2023\/02\/logo_fator.png","contentUrl":"https:\/\/fatordental.com.br\/wp-content\/uploads\/2023\/02\/logo_fator.png","width":400,"height":256,"caption":"Fator Dental"},"image":{"@id":"https:\/\/fatordental.com.br\/#\/schema\/logo\/image\/"},"sameAs":["https:\/\/www.instagram.com\/fatordental\/"]}]}},"_links":{"self":[{"href":"https:\/\/fatordental.com.br\/index.php\/wp-json\/wp\/v2\/product\/791","targetHints":{"allow":["GET"]}}],"collection":[{"href":"https:\/\/fatordental.com.br\/index.php\/wp-json\/wp\/v2\/product"}],"about":[{"href":"https:\/\/fatordental.com.br\/index.php\/wp-json\/wp\/v2\/types\/product"}],"wp:featuredmedia":[{"embeddable":true,"href":"https:\/\/fatordental.com.br\/index.php\/wp-json\/wp\/v2\/media\/792"}],"wp:attachment":[{"href":"https:\/\/fatordental.com.br\/index.php\/wp-json\/wp\/v2\/media?parent=791"}],"wp:term":[{"taxonomy":"product_brand","embeddable":true,"href":"https:\/\/fatordental.com.br\/index.php\/wp-json\/wp\/v2\/product_brand?post=791"},{"taxonomy":"product_cat","embeddable":true,"href":"https:\/\/fatordental.com.br\/index.php\/wp-json\/wp\/v2\/product_cat?post=791"},{"taxonomy":"product_tag","embeddable":true,"href":"https:\/\/fatordental.com.br\/index.php\/wp-json\/wp\/v2\/product_tag?post=791"}],"curies":[{"name":"wp","href":"https:\/\/api.w.org\/{rel}","templated":true}]}}