{"id":785,"date":"2022-12-29T14:15:43","date_gmt":"2022-12-29T17:15:43","guid":{"rendered":"https:\/\/fatordental.com.br\/?post_type=product&#038;p=785"},"modified":"2022-12-29T14:15:43","modified_gmt":"2022-12-29T17:15:43","slug":"disco-borracha-espiral-sof-lex-3m","status":"publish","type":"product","link":"https:\/\/fatordental.com.br\/index.php\/produto\/disco-borracha-espiral-sof-lex-3m\/","title":{"rendered":"Disco Borracha Espiral Sof-Lex &#8211; 3M"},"content":{"rendered":"<p class=\"value\"><strong>Kit com 3 Discos Sof-Lex Espiral Emborrachado para Pr\u00e9-Prolimento (Bege) + 3 Discos Sof-Lex Espiral Diamantado para Polimento Final (Rosa). N\u00e3o acompanha mandril.<\/strong><\/p>\n<p>&nbsp;<\/p>\n<ul>\n<li>DETALHES<\/li>\n<\/ul>\n<p>&#8211; Discos em formato espiral para pr\u00e9-polimento (bege, \u00e0 base de \u00f3xido de alum\u00ednio) e polimento (rosa, diamantado).<br \/>\n&#8211; Flex\u00edvel, alcan\u00e7a todas as superf\u00edcies dentais devido ao formato espiral.<br \/>\n&#8211; Alta est\u00e9tica, proporciona polimento duradouro e alto brilho.<br \/>\n&#8211; Reutiliz\u00e1vel ap\u00f3s esteriliza\u00e7\u00e3o: reduza os custos do seu consult\u00f3rio esterilizando e usando mais vezes o mesmo disco.<br \/>\n&#8211; Mesmo mandril do Sof-Lex Pop-On.<\/p>\n<ul>\n<li>APLICA\u00c7\u00c3O<\/li>\n<\/ul>\n<p>O\u00a0<strong>Disco Diamantado para Polimento Sof-Lex\u00a0<\/strong>\u00e9 um excelente aliado para a realiza\u00e7\u00e3o de polimentos duradouros e de alto brilho, al\u00e9m de seu formato \u00fanico proporcionar praticidade e economia de tempo no consult\u00f3rio.<\/p>\n<p>Fabricados em formato espiral, os discos possuem sistema que permite o alcance em todas as superf\u00edcies dos dentes, isto elimina a necessidade de ter pontas emborrachadas em diferentes formatos e o uso de pasta de polimento diamantado. O disco emborrachado bege \u00e9 indicado para a realiza\u00e7\u00e3o do pr\u00e9-polimento, pois remove pequenos riscos, aumenta a lisura superficial e prepara a superf\u00edcie para o polimento de alto brilho, preservando a anatomia do dente. O disco rosa diamantado \u00e9 indicado para o polimento final, pois cont\u00e9m part\u00edculas de diamante que criam uma superf\u00edcie com elevado polimento e brilho. Juntos, os discos espirais facilitam a obten\u00e7\u00e3o de um polimento superior ao final das restaura\u00e7\u00f5es.<\/p>\n<p>\u00c9 indicado para polimento final de materiais restauradores diretos e indiretos, como restaura\u00e7\u00f5es em resina composta, ion\u00f4mero de vidro modificado por resina, materiais provis\u00f3rios \u00e0 base de resina bisacr\u00edlica, restaura\u00e7\u00f5es em resina indireta, em Lava Ultimate \u2013 Resina Nanocer\u00e2mica para CAD\/CAM, em metais preciosos e semipreciosos.<\/p>\n","protected":false},"excerpt":{"rendered":"<p>Kit com 3 Discos Sof-Lex Espiral Emborrachado para Pr\u00e9-Prolimento (Bege) + 3 Discos Sof-Lex Espiral Diamantado para Polimento Final (Rosa). N\u00e3o acompanha mandril. &nbsp; DETALHES &#8211; Discos em formato espiral [&hellip;]<\/p>\n","protected":false},"featured_media":786,"template":"","meta":[],"product_brand":[],"product_cat":[51,59],"product_tag":[],"class_list":{"0":"post-785","1":"product","2":"type-product","3":"status-publish","4":"has-post-thumbnail","6":"product_cat-dentistica-e-estetica","7":"product_cat-disco-de-lixa","9":"first","10":"instock","11":"shipping-taxable","12":"product-type-simple"},"yoast_head":"<!-- This site is optimized with the Yoast SEO plugin v26.8 - https:\/\/yoast.com\/product\/yoast-seo-wordpress\/ -->\n<title>Disco Borracha Espiral Sof-Lex - 3M - Fator Dental<\/title>\n<meta name=\"robots\" content=\"index, follow, max-snippet:-1, max-image-preview:large, max-video-preview:-1\" \/>\n<link rel=\"canonical\" href=\"https:\/\/fatordental.com.br\/index.php\/produto\/disco-borracha-espiral-sof-lex-3m\/\" \/>\n<meta property=\"og:locale\" content=\"pt_BR\" \/>\n<meta property=\"og:type\" content=\"article\" \/>\n<meta property=\"og:title\" content=\"Disco Borracha Espiral Sof-Lex - 3M - Fator Dental\" \/>\n<meta property=\"og:description\" content=\"Kit com 3 Discos Sof-Lex Espiral Emborrachado para Pr\u00e9-Prolimento (Bege) + 3 Discos Sof-Lex Espiral Diamantado para Polimento Final (Rosa). N\u00e3o acompanha mandril. &nbsp; DETALHES &#8211; Discos em formato espiral [&hellip;]\" \/>\n<meta property=\"og:url\" content=\"https:\/\/fatordental.com.br\/index.php\/produto\/disco-borracha-espiral-sof-lex-3m\/\" \/>\n<meta property=\"og:site_name\" content=\"Fator Dental\" \/>\n<meta property=\"og:image\" content=\"https:\/\/fatordental.com.br\/wp-content\/uploads\/2022\/12\/disco-diamantado.jpg\" \/>\n\t<meta property=\"og:image:width\" content=\"900\" \/>\n\t<meta property=\"og:image:height\" content=\"900\" \/>\n\t<meta property=\"og:image:type\" content=\"image\/jpeg\" \/>\n<meta name=\"twitter:card\" content=\"summary_large_image\" \/>\n<meta name=\"twitter:label1\" content=\"Est. tempo de leitura\" \/>\n\t<meta name=\"twitter:data1\" content=\"2 minutos\" \/>\n<script type=\"application\/ld+json\" class=\"yoast-schema-graph\">{\"@context\":\"https:\/\/schema.org\",\"@graph\":[{\"@type\":\"WebPage\",\"@id\":\"https:\/\/fatordental.com.br\/index.php\/produto\/disco-borracha-espiral-sof-lex-3m\/\",\"url\":\"https:\/\/fatordental.com.br\/index.php\/produto\/disco-borracha-espiral-sof-lex-3m\/\",\"name\":\"Disco Borracha Espiral Sof-Lex - 3M - Fator Dental\",\"isPartOf\":{\"@id\":\"https:\/\/fatordental.com.br\/#website\"},\"primaryImageOfPage\":{\"@id\":\"https:\/\/fatordental.com.br\/index.php\/produto\/disco-borracha-espiral-sof-lex-3m\/#primaryimage\"},\"image\":{\"@id\":\"https:\/\/fatordental.com.br\/index.php\/produto\/disco-borracha-espiral-sof-lex-3m\/#primaryimage\"},\"thumbnailUrl\":\"https:\/\/fatordental.com.br\/wp-content\/uploads\/2022\/12\/disco-diamantado.jpg\",\"datePublished\":\"2022-12-29T17:15:43+00:00\",\"breadcrumb\":{\"@id\":\"https:\/\/fatordental.com.br\/index.php\/produto\/disco-borracha-espiral-sof-lex-3m\/#breadcrumb\"},\"inLanguage\":\"pt-BR\",\"potentialAction\":[{\"@type\":\"ReadAction\",\"target\":[\"https:\/\/fatordental.com.br\/index.php\/produto\/disco-borracha-espiral-sof-lex-3m\/\"]}]},{\"@type\":\"ImageObject\",\"inLanguage\":\"pt-BR\",\"@id\":\"https:\/\/fatordental.com.br\/index.php\/produto\/disco-borracha-espiral-sof-lex-3m\/#primaryimage\",\"url\":\"https:\/\/fatordental.com.br\/wp-content\/uploads\/2022\/12\/disco-diamantado.jpg\",\"contentUrl\":\"https:\/\/fatordental.com.br\/wp-content\/uploads\/2022\/12\/disco-diamantado.jpg\",\"width\":900,\"height\":900},{\"@type\":\"BreadcrumbList\",\"@id\":\"https:\/\/fatordental.com.br\/index.php\/produto\/disco-borracha-espiral-sof-lex-3m\/#breadcrumb\",\"itemListElement\":[{\"@type\":\"ListItem\",\"position\":1,\"name\":\"In\u00edcio\",\"item\":\"https:\/\/fatordental.com.br\/\"},{\"@type\":\"ListItem\",\"position\":2,\"name\":\"Produtos\",\"item\":\"https:\/\/fatordental.com.br\/index.php\/produtos\/\"},{\"@type\":\"ListItem\",\"position\":3,\"name\":\"Disco Borracha Espiral Sof-Lex &#8211; 3M\"}]},{\"@type\":\"WebSite\",\"@id\":\"https:\/\/fatordental.com.br\/#website\",\"url\":\"https:\/\/fatordental.com.br\/\",\"name\":\"Fator Dental\",\"description\":\"Produtos Ondontol\u00f3gicos\",\"publisher\":{\"@id\":\"https:\/\/fatordental.com.br\/#organization\"},\"potentialAction\":[{\"@type\":\"SearchAction\",\"target\":{\"@type\":\"EntryPoint\",\"urlTemplate\":\"https:\/\/fatordental.com.br\/?s={search_term_string}\"},\"query-input\":{\"@type\":\"PropertyValueSpecification\",\"valueRequired\":true,\"valueName\":\"search_term_string\"}}],\"inLanguage\":\"pt-BR\"},{\"@type\":\"Organization\",\"@id\":\"https:\/\/fatordental.com.br\/#organization\",\"name\":\"Fator Dental\",\"url\":\"https:\/\/fatordental.com.br\/\",\"logo\":{\"@type\":\"ImageObject\",\"inLanguage\":\"pt-BR\",\"@id\":\"https:\/\/fatordental.com.br\/#\/schema\/logo\/image\/\",\"url\":\"https:\/\/fatordental.com.br\/wp-content\/uploads\/2023\/02\/logo_fator.png\",\"contentUrl\":\"https:\/\/fatordental.com.br\/wp-content\/uploads\/2023\/02\/logo_fator.png\",\"width\":400,\"height\":256,\"caption\":\"Fator Dental\"},\"image\":{\"@id\":\"https:\/\/fatordental.com.br\/#\/schema\/logo\/image\/\"},\"sameAs\":[\"https:\/\/www.instagram.com\/fatordental\/\"]}]}<\/script>\n<!-- \/ Yoast SEO plugin. -->","yoast_head_json":{"title":"Disco Borracha Espiral Sof-Lex - 3M - Fator Dental","robots":{"index":"index","follow":"follow","max-snippet":"max-snippet:-1","max-image-preview":"max-image-preview:large","max-video-preview":"max-video-preview:-1"},"canonical":"https:\/\/fatordental.com.br\/index.php\/produto\/disco-borracha-espiral-sof-lex-3m\/","og_locale":"pt_BR","og_type":"article","og_title":"Disco Borracha Espiral Sof-Lex - 3M - Fator Dental","og_description":"Kit com 3 Discos Sof-Lex Espiral Emborrachado para Pr\u00e9-Prolimento (Bege) + 3 Discos Sof-Lex Espiral Diamantado para Polimento Final (Rosa). N\u00e3o acompanha mandril. &nbsp; DETALHES &#8211; Discos em formato espiral [&hellip;]","og_url":"https:\/\/fatordental.com.br\/index.php\/produto\/disco-borracha-espiral-sof-lex-3m\/","og_site_name":"Fator Dental","og_image":[{"width":900,"height":900,"url":"https:\/\/fatordental.com.br\/wp-content\/uploads\/2022\/12\/disco-diamantado.jpg","type":"image\/jpeg"}],"twitter_card":"summary_large_image","twitter_misc":{"Est. tempo de leitura":"2 minutos"},"schema":{"@context":"https:\/\/schema.org","@graph":[{"@type":"WebPage","@id":"https:\/\/fatordental.com.br\/index.php\/produto\/disco-borracha-espiral-sof-lex-3m\/","url":"https:\/\/fatordental.com.br\/index.php\/produto\/disco-borracha-espiral-sof-lex-3m\/","name":"Disco Borracha Espiral Sof-Lex - 3M - Fator Dental","isPartOf":{"@id":"https:\/\/fatordental.com.br\/#website"},"primaryImageOfPage":{"@id":"https:\/\/fatordental.com.br\/index.php\/produto\/disco-borracha-espiral-sof-lex-3m\/#primaryimage"},"image":{"@id":"https:\/\/fatordental.com.br\/index.php\/produto\/disco-borracha-espiral-sof-lex-3m\/#primaryimage"},"thumbnailUrl":"https:\/\/fatordental.com.br\/wp-content\/uploads\/2022\/12\/disco-diamantado.jpg","datePublished":"2022-12-29T17:15:43+00:00","breadcrumb":{"@id":"https:\/\/fatordental.com.br\/index.php\/produto\/disco-borracha-espiral-sof-lex-3m\/#breadcrumb"},"inLanguage":"pt-BR","potentialAction":[{"@type":"ReadAction","target":["https:\/\/fatordental.com.br\/index.php\/produto\/disco-borracha-espiral-sof-lex-3m\/"]}]},{"@type":"ImageObject","inLanguage":"pt-BR","@id":"https:\/\/fatordental.com.br\/index.php\/produto\/disco-borracha-espiral-sof-lex-3m\/#primaryimage","url":"https:\/\/fatordental.com.br\/wp-content\/uploads\/2022\/12\/disco-diamantado.jpg","contentUrl":"https:\/\/fatordental.com.br\/wp-content\/uploads\/2022\/12\/disco-diamantado.jpg","width":900,"height":900},{"@type":"BreadcrumbList","@id":"https:\/\/fatordental.com.br\/index.php\/produto\/disco-borracha-espiral-sof-lex-3m\/#breadcrumb","itemListElement":[{"@type":"ListItem","position":1,"name":"In\u00edcio","item":"https:\/\/fatordental.com.br\/"},{"@type":"ListItem","position":2,"name":"Produtos","item":"https:\/\/fatordental.com.br\/index.php\/produtos\/"},{"@type":"ListItem","position":3,"name":"Disco Borracha Espiral Sof-Lex &#8211; 3M"}]},{"@type":"WebSite","@id":"https:\/\/fatordental.com.br\/#website","url":"https:\/\/fatordental.com.br\/","name":"Fator Dental","description":"Produtos Ondontol\u00f3gicos","publisher":{"@id":"https:\/\/fatordental.com.br\/#organization"},"potentialAction":[{"@type":"SearchAction","target":{"@type":"EntryPoint","urlTemplate":"https:\/\/fatordental.com.br\/?s={search_term_string}"},"query-input":{"@type":"PropertyValueSpecification","valueRequired":true,"valueName":"search_term_string"}}],"inLanguage":"pt-BR"},{"@type":"Organization","@id":"https:\/\/fatordental.com.br\/#organization","name":"Fator Dental","url":"https:\/\/fatordental.com.br\/","logo":{"@type":"ImageObject","inLanguage":"pt-BR","@id":"https:\/\/fatordental.com.br\/#\/schema\/logo\/image\/","url":"https:\/\/fatordental.com.br\/wp-content\/uploads\/2023\/02\/logo_fator.png","contentUrl":"https:\/\/fatordental.com.br\/wp-content\/uploads\/2023\/02\/logo_fator.png","width":400,"height":256,"caption":"Fator Dental"},"image":{"@id":"https:\/\/fatordental.com.br\/#\/schema\/logo\/image\/"},"sameAs":["https:\/\/www.instagram.com\/fatordental\/"]}]}},"_links":{"self":[{"href":"https:\/\/fatordental.com.br\/index.php\/wp-json\/wp\/v2\/product\/785","targetHints":{"allow":["GET"]}}],"collection":[{"href":"https:\/\/fatordental.com.br\/index.php\/wp-json\/wp\/v2\/product"}],"about":[{"href":"https:\/\/fatordental.com.br\/index.php\/wp-json\/wp\/v2\/types\/product"}],"wp:featuredmedia":[{"embeddable":true,"href":"https:\/\/fatordental.com.br\/index.php\/wp-json\/wp\/v2\/media\/786"}],"wp:attachment":[{"href":"https:\/\/fatordental.com.br\/index.php\/wp-json\/wp\/v2\/media?parent=785"}],"wp:term":[{"taxonomy":"product_brand","embeddable":true,"href":"https:\/\/fatordental.com.br\/index.php\/wp-json\/wp\/v2\/product_brand?post=785"},{"taxonomy":"product_cat","embeddable":true,"href":"https:\/\/fatordental.com.br\/index.php\/wp-json\/wp\/v2\/product_cat?post=785"},{"taxonomy":"product_tag","embeddable":true,"href":"https:\/\/fatordental.com.br\/index.php\/wp-json\/wp\/v2\/product_tag?post=785"}],"curies":[{"name":"wp","href":"https:\/\/api.w.org\/{rel}","templated":true}]}}