{"id":777,"date":"2022-12-29T12:08:24","date_gmt":"2022-12-29T15:08:24","guid":{"rendered":"https:\/\/fatordental.com.br\/?post_type=product&#038;p=777"},"modified":"2022-12-29T12:08:24","modified_gmt":"2022-12-29T15:08:24","slug":"clareador-whiteness-simple-10-pacote-c-3-seringas-fgm","status":"publish","type":"product","link":"https:\/\/fatordental.com.br\/index.php\/produto\/clareador-whiteness-simple-10-pacote-c-3-seringas-fgm\/","title":{"rendered":"Clareador Whiteness Simple 10% Pacote C\/ 3 Seringas &#8211; FGM"},"content":{"rendered":"<p class=\"value\"><strong>Kit com 3 seringas de 3g cada + 3 ponteiras para aplica\u00e7\u00e3o. Per\u00f3xido de Carbamida, 10%.<\/strong><\/p>\n<ul>\n<li>DETALHES<\/li>\n<\/ul>\n<p>* Clareador dental de uso caseiro.<br \/>\n* Gel \u00e0 base de per\u00f3xido de carbamida 10%.<br \/>\n* Viscosidade ideal que n\u00e3o escorre na moldeira.<br \/>\n* Conta com ativos dessensibilizantes.<br \/>\n* Bom rendimento das aplica\u00e7\u00f5es.<br \/>\n* O procedimento deve ser supervisionado por um profissional cirurgi\u00e3o-dentista.<br \/>\n* Uso di\u00e1rio recomendado, 10% 3 a 4 horas ou uso noturno.<\/p>\n<ul>\n<li>APLICA\u00c7\u00c3O<\/li>\n<\/ul>\n<p>O\u00a0<strong>Clareador Whiteness Simple<\/strong>\u00a0da\u00a0<a href=\"https:\/\/www.dentalcremer.com.br\/super-loja\/fgm.html\" target=\"_blank\" rel=\"noopener\"><strong>FGM<\/strong><\/a>, de \u00f3tima viscosidade, \u00e9 indicado para tratamento odontol\u00f3gico de clareamento dental em dentes vitais atrav\u00e9s de uso caseiro orientado pelo profissional cirurgi\u00e3o-dentista. Al\u00e9m de contar com ativos dessensibilizantes (fluoreto de s\u00f3dio e \u00edons de pot\u00e1ssio), tamb\u00e9m apresenta alto rendimento das aplica\u00e7\u00f5es em que cada seringa de 3g rende aproximadamente 7 a 9 aplica\u00e7\u00f5es.<\/p>\n","protected":false},"excerpt":{"rendered":"<p>Kit com 3 seringas de 3g cada + 3 ponteiras para aplica\u00e7\u00e3o. Per\u00f3xido de Carbamida, 10%. DETALHES * Clareador dental de uso caseiro. * Gel \u00e0 base de per\u00f3xido de [&hellip;]<\/p>\n","protected":false},"featured_media":778,"template":"","meta":[],"product_brand":[],"product_cat":[54,36,51],"product_tag":[],"class_list":{"0":"post-777","1":"product","2":"type-product","3":"status-publish","4":"has-post-thumbnail","6":"product_cat-clareador-caseiro","7":"product_cat-clareamento","8":"product_cat-dentistica-e-estetica","10":"first","11":"instock","12":"shipping-taxable","13":"product-type-simple"},"yoast_head":"<!-- This site is optimized with the Yoast SEO plugin v26.8 - https:\/\/yoast.com\/product\/yoast-seo-wordpress\/ -->\n<title>Clareador Whiteness Simple 10% Pacote C\/ 3 Seringas - FGM - Fator Dental<\/title>\n<meta name=\"robots\" content=\"index, follow, max-snippet:-1, max-image-preview:large, max-video-preview:-1\" \/>\n<link rel=\"canonical\" href=\"https:\/\/fatordental.com.br\/index.php\/produto\/clareador-whiteness-simple-10-pacote-c-3-seringas-fgm\/\" \/>\n<meta property=\"og:locale\" content=\"pt_BR\" \/>\n<meta property=\"og:type\" content=\"article\" \/>\n<meta property=\"og:title\" content=\"Clareador Whiteness Simple 10% Pacote C\/ 3 Seringas - FGM - Fator Dental\" \/>\n<meta property=\"og:description\" content=\"Kit com 3 seringas de 3g cada + 3 ponteiras para aplica\u00e7\u00e3o. Per\u00f3xido de Carbamida, 10%. DETALHES * Clareador dental de uso caseiro. * Gel \u00e0 base de per\u00f3xido de [&hellip;]\" \/>\n<meta property=\"og:url\" content=\"https:\/\/fatordental.com.br\/index.php\/produto\/clareador-whiteness-simple-10-pacote-c-3-seringas-fgm\/\" \/>\n<meta property=\"og:site_name\" content=\"Fator Dental\" \/>\n<meta property=\"og:image\" content=\"https:\/\/fatordental.com.br\/wp-content\/uploads\/2022\/12\/271866-clareador-9262.jpg\" \/>\n\t<meta property=\"og:image:width\" content=\"600\" \/>\n\t<meta property=\"og:image:height\" content=\"600\" \/>\n\t<meta property=\"og:image:type\" content=\"image\/jpeg\" \/>\n<meta name=\"twitter:card\" content=\"summary_large_image\" \/>\n<meta name=\"twitter:label1\" content=\"Est. tempo de leitura\" \/>\n\t<meta name=\"twitter:data1\" content=\"1 minuto\" \/>\n<script type=\"application\/ld+json\" class=\"yoast-schema-graph\">{\"@context\":\"https:\/\/schema.org\",\"@graph\":[{\"@type\":\"WebPage\",\"@id\":\"https:\/\/fatordental.com.br\/index.php\/produto\/clareador-whiteness-simple-10-pacote-c-3-seringas-fgm\/\",\"url\":\"https:\/\/fatordental.com.br\/index.php\/produto\/clareador-whiteness-simple-10-pacote-c-3-seringas-fgm\/\",\"name\":\"Clareador Whiteness Simple 10% Pacote C\/ 3 Seringas - FGM - Fator Dental\",\"isPartOf\":{\"@id\":\"https:\/\/fatordental.com.br\/#website\"},\"primaryImageOfPage\":{\"@id\":\"https:\/\/fatordental.com.br\/index.php\/produto\/clareador-whiteness-simple-10-pacote-c-3-seringas-fgm\/#primaryimage\"},\"image\":{\"@id\":\"https:\/\/fatordental.com.br\/index.php\/produto\/clareador-whiteness-simple-10-pacote-c-3-seringas-fgm\/#primaryimage\"},\"thumbnailUrl\":\"https:\/\/fatordental.com.br\/wp-content\/uploads\/2022\/12\/271866-clareador-9262.jpg\",\"datePublished\":\"2022-12-29T15:08:24+00:00\",\"breadcrumb\":{\"@id\":\"https:\/\/fatordental.com.br\/index.php\/produto\/clareador-whiteness-simple-10-pacote-c-3-seringas-fgm\/#breadcrumb\"},\"inLanguage\":\"pt-BR\",\"potentialAction\":[{\"@type\":\"ReadAction\",\"target\":[\"https:\/\/fatordental.com.br\/index.php\/produto\/clareador-whiteness-simple-10-pacote-c-3-seringas-fgm\/\"]}]},{\"@type\":\"ImageObject\",\"inLanguage\":\"pt-BR\",\"@id\":\"https:\/\/fatordental.com.br\/index.php\/produto\/clareador-whiteness-simple-10-pacote-c-3-seringas-fgm\/#primaryimage\",\"url\":\"https:\/\/fatordental.com.br\/wp-content\/uploads\/2022\/12\/271866-clareador-9262.jpg\",\"contentUrl\":\"https:\/\/fatordental.com.br\/wp-content\/uploads\/2022\/12\/271866-clareador-9262.jpg\",\"width\":600,\"height\":600},{\"@type\":\"BreadcrumbList\",\"@id\":\"https:\/\/fatordental.com.br\/index.php\/produto\/clareador-whiteness-simple-10-pacote-c-3-seringas-fgm\/#breadcrumb\",\"itemListElement\":[{\"@type\":\"ListItem\",\"position\":1,\"name\":\"In\u00edcio\",\"item\":\"https:\/\/fatordental.com.br\/\"},{\"@type\":\"ListItem\",\"position\":2,\"name\":\"Produtos\",\"item\":\"https:\/\/fatordental.com.br\/index.php\/produtos\/\"},{\"@type\":\"ListItem\",\"position\":3,\"name\":\"Clareador Whiteness Simple 10% Pacote C\/ 3 Seringas &#8211; FGM\"}]},{\"@type\":\"WebSite\",\"@id\":\"https:\/\/fatordental.com.br\/#website\",\"url\":\"https:\/\/fatordental.com.br\/\",\"name\":\"Fator Dental\",\"description\":\"Produtos Ondontol\u00f3gicos\",\"publisher\":{\"@id\":\"https:\/\/fatordental.com.br\/#organization\"},\"potentialAction\":[{\"@type\":\"SearchAction\",\"target\":{\"@type\":\"EntryPoint\",\"urlTemplate\":\"https:\/\/fatordental.com.br\/?s={search_term_string}\"},\"query-input\":{\"@type\":\"PropertyValueSpecification\",\"valueRequired\":true,\"valueName\":\"search_term_string\"}}],\"inLanguage\":\"pt-BR\"},{\"@type\":\"Organization\",\"@id\":\"https:\/\/fatordental.com.br\/#organization\",\"name\":\"Fator Dental\",\"url\":\"https:\/\/fatordental.com.br\/\",\"logo\":{\"@type\":\"ImageObject\",\"inLanguage\":\"pt-BR\",\"@id\":\"https:\/\/fatordental.com.br\/#\/schema\/logo\/image\/\",\"url\":\"https:\/\/fatordental.com.br\/wp-content\/uploads\/2023\/02\/logo_fator.png\",\"contentUrl\":\"https:\/\/fatordental.com.br\/wp-content\/uploads\/2023\/02\/logo_fator.png\",\"width\":400,\"height\":256,\"caption\":\"Fator Dental\"},\"image\":{\"@id\":\"https:\/\/fatordental.com.br\/#\/schema\/logo\/image\/\"},\"sameAs\":[\"https:\/\/www.instagram.com\/fatordental\/\"]}]}<\/script>\n<!-- \/ Yoast SEO plugin. -->","yoast_head_json":{"title":"Clareador Whiteness Simple 10% Pacote C\/ 3 Seringas - FGM - Fator Dental","robots":{"index":"index","follow":"follow","max-snippet":"max-snippet:-1","max-image-preview":"max-image-preview:large","max-video-preview":"max-video-preview:-1"},"canonical":"https:\/\/fatordental.com.br\/index.php\/produto\/clareador-whiteness-simple-10-pacote-c-3-seringas-fgm\/","og_locale":"pt_BR","og_type":"article","og_title":"Clareador Whiteness Simple 10% Pacote C\/ 3 Seringas - FGM - Fator Dental","og_description":"Kit com 3 seringas de 3g cada + 3 ponteiras para aplica\u00e7\u00e3o. Per\u00f3xido de Carbamida, 10%. DETALHES * Clareador dental de uso caseiro. * Gel \u00e0 base de per\u00f3xido de [&hellip;]","og_url":"https:\/\/fatordental.com.br\/index.php\/produto\/clareador-whiteness-simple-10-pacote-c-3-seringas-fgm\/","og_site_name":"Fator Dental","og_image":[{"width":600,"height":600,"url":"https:\/\/fatordental.com.br\/wp-content\/uploads\/2022\/12\/271866-clareador-9262.jpg","type":"image\/jpeg"}],"twitter_card":"summary_large_image","twitter_misc":{"Est. tempo de leitura":"1 minuto"},"schema":{"@context":"https:\/\/schema.org","@graph":[{"@type":"WebPage","@id":"https:\/\/fatordental.com.br\/index.php\/produto\/clareador-whiteness-simple-10-pacote-c-3-seringas-fgm\/","url":"https:\/\/fatordental.com.br\/index.php\/produto\/clareador-whiteness-simple-10-pacote-c-3-seringas-fgm\/","name":"Clareador Whiteness Simple 10% Pacote C\/ 3 Seringas - FGM - Fator Dental","isPartOf":{"@id":"https:\/\/fatordental.com.br\/#website"},"primaryImageOfPage":{"@id":"https:\/\/fatordental.com.br\/index.php\/produto\/clareador-whiteness-simple-10-pacote-c-3-seringas-fgm\/#primaryimage"},"image":{"@id":"https:\/\/fatordental.com.br\/index.php\/produto\/clareador-whiteness-simple-10-pacote-c-3-seringas-fgm\/#primaryimage"},"thumbnailUrl":"https:\/\/fatordental.com.br\/wp-content\/uploads\/2022\/12\/271866-clareador-9262.jpg","datePublished":"2022-12-29T15:08:24+00:00","breadcrumb":{"@id":"https:\/\/fatordental.com.br\/index.php\/produto\/clareador-whiteness-simple-10-pacote-c-3-seringas-fgm\/#breadcrumb"},"inLanguage":"pt-BR","potentialAction":[{"@type":"ReadAction","target":["https:\/\/fatordental.com.br\/index.php\/produto\/clareador-whiteness-simple-10-pacote-c-3-seringas-fgm\/"]}]},{"@type":"ImageObject","inLanguage":"pt-BR","@id":"https:\/\/fatordental.com.br\/index.php\/produto\/clareador-whiteness-simple-10-pacote-c-3-seringas-fgm\/#primaryimage","url":"https:\/\/fatordental.com.br\/wp-content\/uploads\/2022\/12\/271866-clareador-9262.jpg","contentUrl":"https:\/\/fatordental.com.br\/wp-content\/uploads\/2022\/12\/271866-clareador-9262.jpg","width":600,"height":600},{"@type":"BreadcrumbList","@id":"https:\/\/fatordental.com.br\/index.php\/produto\/clareador-whiteness-simple-10-pacote-c-3-seringas-fgm\/#breadcrumb","itemListElement":[{"@type":"ListItem","position":1,"name":"In\u00edcio","item":"https:\/\/fatordental.com.br\/"},{"@type":"ListItem","position":2,"name":"Produtos","item":"https:\/\/fatordental.com.br\/index.php\/produtos\/"},{"@type":"ListItem","position":3,"name":"Clareador Whiteness Simple 10% Pacote C\/ 3 Seringas &#8211; FGM"}]},{"@type":"WebSite","@id":"https:\/\/fatordental.com.br\/#website","url":"https:\/\/fatordental.com.br\/","name":"Fator Dental","description":"Produtos Ondontol\u00f3gicos","publisher":{"@id":"https:\/\/fatordental.com.br\/#organization"},"potentialAction":[{"@type":"SearchAction","target":{"@type":"EntryPoint","urlTemplate":"https:\/\/fatordental.com.br\/?s={search_term_string}"},"query-input":{"@type":"PropertyValueSpecification","valueRequired":true,"valueName":"search_term_string"}}],"inLanguage":"pt-BR"},{"@type":"Organization","@id":"https:\/\/fatordental.com.br\/#organization","name":"Fator Dental","url":"https:\/\/fatordental.com.br\/","logo":{"@type":"ImageObject","inLanguage":"pt-BR","@id":"https:\/\/fatordental.com.br\/#\/schema\/logo\/image\/","url":"https:\/\/fatordental.com.br\/wp-content\/uploads\/2023\/02\/logo_fator.png","contentUrl":"https:\/\/fatordental.com.br\/wp-content\/uploads\/2023\/02\/logo_fator.png","width":400,"height":256,"caption":"Fator Dental"},"image":{"@id":"https:\/\/fatordental.com.br\/#\/schema\/logo\/image\/"},"sameAs":["https:\/\/www.instagram.com\/fatordental\/"]}]}},"_links":{"self":[{"href":"https:\/\/fatordental.com.br\/index.php\/wp-json\/wp\/v2\/product\/777","targetHints":{"allow":["GET"]}}],"collection":[{"href":"https:\/\/fatordental.com.br\/index.php\/wp-json\/wp\/v2\/product"}],"about":[{"href":"https:\/\/fatordental.com.br\/index.php\/wp-json\/wp\/v2\/types\/product"}],"wp:featuredmedia":[{"embeddable":true,"href":"https:\/\/fatordental.com.br\/index.php\/wp-json\/wp\/v2\/media\/778"}],"wp:attachment":[{"href":"https:\/\/fatordental.com.br\/index.php\/wp-json\/wp\/v2\/media?parent=777"}],"wp:term":[{"taxonomy":"product_brand","embeddable":true,"href":"https:\/\/fatordental.com.br\/index.php\/wp-json\/wp\/v2\/product_brand?post=777"},{"taxonomy":"product_cat","embeddable":true,"href":"https:\/\/fatordental.com.br\/index.php\/wp-json\/wp\/v2\/product_cat?post=777"},{"taxonomy":"product_tag","embeddable":true,"href":"https:\/\/fatordental.com.br\/index.php\/wp-json\/wp\/v2\/product_tag?post=777"}],"curies":[{"name":"wp","href":"https:\/\/api.w.org\/{rel}","templated":true}]}}