{"id":765,"date":"2022-12-29T11:11:43","date_gmt":"2022-12-29T14:11:43","guid":{"rendered":"https:\/\/fatordental.com.br\/?post_type=product&#038;p=765"},"modified":"2022-12-29T11:11:43","modified_gmt":"2022-12-29T14:11:43","slug":"clareador-potenza-bianco-pf-10-phs","status":"publish","type":"product","link":"https:\/\/fatordental.com.br\/index.php\/produto\/clareador-potenza-bianco-pf-10-phs\/","title":{"rendered":"Clareador Potenza Bianco PF 10% &#8211; PHS"},"content":{"rendered":"<p class=\"value\"><strong>Per\u00f3xido de Carbamida. Embalagem com 1 seringa de 3g + 1 ponteira.<\/strong><\/p>\n<ul>\n<li>DETALHES<\/li>\n<\/ul>\n<p>-Alto rendimento: 100 gotas por seringa.<br \/>\n&#8211; Princ\u00edpio ativo: Per\u00f3xido de Carbamida para obter um clareamento dental efetivo.<br \/>\n&#8211; Sistema est\u00e1vel de libera\u00e7\u00e3o de radicais oxidativos.<br \/>\n&#8211; A mat\u00e9ria-prima Per\u00f3xido de Hidrog\u00eanio utilizado no gel clareador n\u00e3o possui componentes que degradam o per\u00f3xido com o tempo, no transporte, nas varia\u00e7\u00f5es de press\u00e3o, etc.<br \/>\n&#8211; A importa\u00e7\u00e3o do Per\u00f3xido de Hidrog\u00eanio da Potenza acontece em uma c\u00e2mara controlada. O produto vem nas mesmas condi\u00e7\u00f5es de temperatura, press\u00e3o e umidade, e \u00e9 mantido da mesma forma na ind\u00fastria, garantindo grande estabilidade.<br \/>\n&#8211; Com pH acima de 6, o gel clareador n\u00e3o danifica a estrutura do esmalte dent\u00e1rio.<br \/>\n&#8211; O gel \u00e9 envasado sem bolhas, reduzindo a velocidade de degrada\u00e7\u00e3o do produto durante estocagem.<br \/>\n&#8211; O gel possui viscosidade tixotr\u00f3pica, o qual permite f\u00e1cil movimenta\u00e7\u00e3o e aplica\u00e7\u00e3o, como tamb\u00e9m manipula\u00e7\u00e3o sem dificuldades.<br \/>\n&#8211; O gel possui agentes dessensibilizantes em sua formula\u00e7\u00e3o, aumentando o conforto do paciente sem reduzir o potencial de clareamento.<br \/>\n&#8211; Alta viscosidade do gel de Carbomer que n\u00e3o vaza da moldeira.<br \/>\n&#8211; Cont\u00e9m Gliceral como umectante.<br \/>\n&#8211; Alto teor de \u00e1gua que ajuda a prevenir a desidrata\u00e7\u00e3o dental.<br \/>\n&#8211; Reduz a suscetibilidade de c\u00e1ries, reduz a sensibilidade e melhora a microdureza do esmalte.<br \/>\n&#8211; Validade 2 anos ap\u00f3s a data de fabrica\u00e7\u00e3o.<br \/>\n&#8211; Registro ANVISA 81199270003.<\/p>\n<ul>\n<li>APLICA\u00c7\u00c3O<\/li>\n<\/ul>\n<p>POTENZA BIANCO \u00e9 indicado para clareamento de dentes vitais e n\u00e3o vitais com base na t\u00e9cnica de clareamento dental de uso caseiro supervisionado pelo dentista. O seu uso \u00e9\u00a0efetivo na remo\u00e7\u00e3o de manchas por fatores cong\u00eanitos, sist\u00eamicos, farmacol\u00f3gicos ou traum\u00e1ticos, al\u00e9m de manchas devido ao envelhecimento.<\/p>\n<p><strong>Vantagens<\/strong><\/p>\n<p>-Apresenta bons resultados contra manchas decorrentes de fluorose, especialmente a mancha marrom.<br \/>\n&#8211; Tamb\u00e9m \u00e9 indicado contra manchas de Tetraciclina de primeiro grau e segundo grau.<\/p>\n","protected":false},"excerpt":{"rendered":"<p>Per\u00f3xido de Carbamida. Embalagem com 1 seringa de 3g + 1 ponteira. DETALHES -Alto rendimento: 100 gotas por seringa. &#8211; Princ\u00edpio ativo: Per\u00f3xido de Carbamida para obter um clareamento dental [&hellip;]<\/p>\n","protected":false},"featured_media":766,"template":"","meta":[],"product_brand":[],"product_cat":[54,55,36,51],"product_tag":[],"class_list":{"0":"post-765","1":"product","2":"type-product","3":"status-publish","4":"has-post-thumbnail","6":"product_cat-clareador-caseiro","7":"product_cat-clareador-de-consultorio","8":"product_cat-clareamento","9":"product_cat-dentistica-e-estetica","11":"first","12":"instock","13":"shipping-taxable","14":"product-type-simple"},"yoast_head":"<!-- This site is optimized with the Yoast SEO plugin v26.8 - https:\/\/yoast.com\/product\/yoast-seo-wordpress\/ -->\n<title>Clareador Potenza Bianco PF 10% - PHS - Fator Dental<\/title>\n<meta name=\"robots\" content=\"index, follow, max-snippet:-1, max-image-preview:large, max-video-preview:-1\" \/>\n<link rel=\"canonical\" href=\"https:\/\/fatordental.com.br\/index.php\/produto\/clareador-potenza-bianco-pf-10-phs\/\" \/>\n<meta property=\"og:locale\" content=\"pt_BR\" \/>\n<meta property=\"og:type\" content=\"article\" \/>\n<meta property=\"og:title\" content=\"Clareador Potenza Bianco PF 10% - PHS - Fator Dental\" \/>\n<meta property=\"og:description\" content=\"Per\u00f3xido de Carbamida. Embalagem com 1 seringa de 3g + 1 ponteira. DETALHES -Alto rendimento: 100 gotas por seringa. &#8211; Princ\u00edpio ativo: Per\u00f3xido de Carbamida para obter um clareamento dental [&hellip;]\" \/>\n<meta property=\"og:url\" content=\"https:\/\/fatordental.com.br\/index.php\/produto\/clareador-potenza-bianco-pf-10-phs\/\" \/>\n<meta property=\"og:site_name\" content=\"Fator Dental\" \/>\n<meta property=\"og:image\" content=\"https:\/\/fatordental.com.br\/wp-content\/uploads\/2022\/12\/clareador-potenza-bianco-pf-10-phs-122701.jpg\" \/>\n\t<meta property=\"og:image:width\" content=\"900\" \/>\n\t<meta property=\"og:image:height\" content=\"900\" \/>\n\t<meta property=\"og:image:type\" content=\"image\/jpeg\" \/>\n<meta name=\"twitter:card\" content=\"summary_large_image\" \/>\n<meta name=\"twitter:label1\" content=\"Est. tempo de leitura\" \/>\n\t<meta name=\"twitter:data1\" content=\"2 minutos\" \/>\n<script type=\"application\/ld+json\" class=\"yoast-schema-graph\">{\"@context\":\"https:\/\/schema.org\",\"@graph\":[{\"@type\":\"WebPage\",\"@id\":\"https:\/\/fatordental.com.br\/index.php\/produto\/clareador-potenza-bianco-pf-10-phs\/\",\"url\":\"https:\/\/fatordental.com.br\/index.php\/produto\/clareador-potenza-bianco-pf-10-phs\/\",\"name\":\"Clareador Potenza Bianco PF 10% - PHS - Fator Dental\",\"isPartOf\":{\"@id\":\"https:\/\/fatordental.com.br\/#website\"},\"primaryImageOfPage\":{\"@id\":\"https:\/\/fatordental.com.br\/index.php\/produto\/clareador-potenza-bianco-pf-10-phs\/#primaryimage\"},\"image\":{\"@id\":\"https:\/\/fatordental.com.br\/index.php\/produto\/clareador-potenza-bianco-pf-10-phs\/#primaryimage\"},\"thumbnailUrl\":\"https:\/\/fatordental.com.br\/wp-content\/uploads\/2022\/12\/clareador-potenza-bianco-pf-10-phs-122701.jpg\",\"datePublished\":\"2022-12-29T14:11:43+00:00\",\"breadcrumb\":{\"@id\":\"https:\/\/fatordental.com.br\/index.php\/produto\/clareador-potenza-bianco-pf-10-phs\/#breadcrumb\"},\"inLanguage\":\"pt-BR\",\"potentialAction\":[{\"@type\":\"ReadAction\",\"target\":[\"https:\/\/fatordental.com.br\/index.php\/produto\/clareador-potenza-bianco-pf-10-phs\/\"]}]},{\"@type\":\"ImageObject\",\"inLanguage\":\"pt-BR\",\"@id\":\"https:\/\/fatordental.com.br\/index.php\/produto\/clareador-potenza-bianco-pf-10-phs\/#primaryimage\",\"url\":\"https:\/\/fatordental.com.br\/wp-content\/uploads\/2022\/12\/clareador-potenza-bianco-pf-10-phs-122701.jpg\",\"contentUrl\":\"https:\/\/fatordental.com.br\/wp-content\/uploads\/2022\/12\/clareador-potenza-bianco-pf-10-phs-122701.jpg\",\"width\":900,\"height\":900},{\"@type\":\"BreadcrumbList\",\"@id\":\"https:\/\/fatordental.com.br\/index.php\/produto\/clareador-potenza-bianco-pf-10-phs\/#breadcrumb\",\"itemListElement\":[{\"@type\":\"ListItem\",\"position\":1,\"name\":\"In\u00edcio\",\"item\":\"https:\/\/fatordental.com.br\/\"},{\"@type\":\"ListItem\",\"position\":2,\"name\":\"Produtos\",\"item\":\"https:\/\/fatordental.com.br\/index.php\/produtos\/\"},{\"@type\":\"ListItem\",\"position\":3,\"name\":\"Clareador Potenza Bianco PF 10% &#8211; PHS\"}]},{\"@type\":\"WebSite\",\"@id\":\"https:\/\/fatordental.com.br\/#website\",\"url\":\"https:\/\/fatordental.com.br\/\",\"name\":\"Fator Dental\",\"description\":\"Produtos Ondontol\u00f3gicos\",\"publisher\":{\"@id\":\"https:\/\/fatordental.com.br\/#organization\"},\"potentialAction\":[{\"@type\":\"SearchAction\",\"target\":{\"@type\":\"EntryPoint\",\"urlTemplate\":\"https:\/\/fatordental.com.br\/?s={search_term_string}\"},\"query-input\":{\"@type\":\"PropertyValueSpecification\",\"valueRequired\":true,\"valueName\":\"search_term_string\"}}],\"inLanguage\":\"pt-BR\"},{\"@type\":\"Organization\",\"@id\":\"https:\/\/fatordental.com.br\/#organization\",\"name\":\"Fator Dental\",\"url\":\"https:\/\/fatordental.com.br\/\",\"logo\":{\"@type\":\"ImageObject\",\"inLanguage\":\"pt-BR\",\"@id\":\"https:\/\/fatordental.com.br\/#\/schema\/logo\/image\/\",\"url\":\"https:\/\/fatordental.com.br\/wp-content\/uploads\/2023\/02\/logo_fator.png\",\"contentUrl\":\"https:\/\/fatordental.com.br\/wp-content\/uploads\/2023\/02\/logo_fator.png\",\"width\":400,\"height\":256,\"caption\":\"Fator Dental\"},\"image\":{\"@id\":\"https:\/\/fatordental.com.br\/#\/schema\/logo\/image\/\"},\"sameAs\":[\"https:\/\/www.instagram.com\/fatordental\/\"]}]}<\/script>\n<!-- \/ Yoast SEO plugin. -->","yoast_head_json":{"title":"Clareador Potenza Bianco PF 10% - PHS - Fator Dental","robots":{"index":"index","follow":"follow","max-snippet":"max-snippet:-1","max-image-preview":"max-image-preview:large","max-video-preview":"max-video-preview:-1"},"canonical":"https:\/\/fatordental.com.br\/index.php\/produto\/clareador-potenza-bianco-pf-10-phs\/","og_locale":"pt_BR","og_type":"article","og_title":"Clareador Potenza Bianco PF 10% - PHS - Fator Dental","og_description":"Per\u00f3xido de Carbamida. Embalagem com 1 seringa de 3g + 1 ponteira. DETALHES -Alto rendimento: 100 gotas por seringa. &#8211; Princ\u00edpio ativo: Per\u00f3xido de Carbamida para obter um clareamento dental [&hellip;]","og_url":"https:\/\/fatordental.com.br\/index.php\/produto\/clareador-potenza-bianco-pf-10-phs\/","og_site_name":"Fator Dental","og_image":[{"width":900,"height":900,"url":"https:\/\/fatordental.com.br\/wp-content\/uploads\/2022\/12\/clareador-potenza-bianco-pf-10-phs-122701.jpg","type":"image\/jpeg"}],"twitter_card":"summary_large_image","twitter_misc":{"Est. tempo de leitura":"2 minutos"},"schema":{"@context":"https:\/\/schema.org","@graph":[{"@type":"WebPage","@id":"https:\/\/fatordental.com.br\/index.php\/produto\/clareador-potenza-bianco-pf-10-phs\/","url":"https:\/\/fatordental.com.br\/index.php\/produto\/clareador-potenza-bianco-pf-10-phs\/","name":"Clareador Potenza Bianco PF 10% - PHS - Fator Dental","isPartOf":{"@id":"https:\/\/fatordental.com.br\/#website"},"primaryImageOfPage":{"@id":"https:\/\/fatordental.com.br\/index.php\/produto\/clareador-potenza-bianco-pf-10-phs\/#primaryimage"},"image":{"@id":"https:\/\/fatordental.com.br\/index.php\/produto\/clareador-potenza-bianco-pf-10-phs\/#primaryimage"},"thumbnailUrl":"https:\/\/fatordental.com.br\/wp-content\/uploads\/2022\/12\/clareador-potenza-bianco-pf-10-phs-122701.jpg","datePublished":"2022-12-29T14:11:43+00:00","breadcrumb":{"@id":"https:\/\/fatordental.com.br\/index.php\/produto\/clareador-potenza-bianco-pf-10-phs\/#breadcrumb"},"inLanguage":"pt-BR","potentialAction":[{"@type":"ReadAction","target":["https:\/\/fatordental.com.br\/index.php\/produto\/clareador-potenza-bianco-pf-10-phs\/"]}]},{"@type":"ImageObject","inLanguage":"pt-BR","@id":"https:\/\/fatordental.com.br\/index.php\/produto\/clareador-potenza-bianco-pf-10-phs\/#primaryimage","url":"https:\/\/fatordental.com.br\/wp-content\/uploads\/2022\/12\/clareador-potenza-bianco-pf-10-phs-122701.jpg","contentUrl":"https:\/\/fatordental.com.br\/wp-content\/uploads\/2022\/12\/clareador-potenza-bianco-pf-10-phs-122701.jpg","width":900,"height":900},{"@type":"BreadcrumbList","@id":"https:\/\/fatordental.com.br\/index.php\/produto\/clareador-potenza-bianco-pf-10-phs\/#breadcrumb","itemListElement":[{"@type":"ListItem","position":1,"name":"In\u00edcio","item":"https:\/\/fatordental.com.br\/"},{"@type":"ListItem","position":2,"name":"Produtos","item":"https:\/\/fatordental.com.br\/index.php\/produtos\/"},{"@type":"ListItem","position":3,"name":"Clareador Potenza Bianco PF 10% &#8211; PHS"}]},{"@type":"WebSite","@id":"https:\/\/fatordental.com.br\/#website","url":"https:\/\/fatordental.com.br\/","name":"Fator Dental","description":"Produtos Ondontol\u00f3gicos","publisher":{"@id":"https:\/\/fatordental.com.br\/#organization"},"potentialAction":[{"@type":"SearchAction","target":{"@type":"EntryPoint","urlTemplate":"https:\/\/fatordental.com.br\/?s={search_term_string}"},"query-input":{"@type":"PropertyValueSpecification","valueRequired":true,"valueName":"search_term_string"}}],"inLanguage":"pt-BR"},{"@type":"Organization","@id":"https:\/\/fatordental.com.br\/#organization","name":"Fator Dental","url":"https:\/\/fatordental.com.br\/","logo":{"@type":"ImageObject","inLanguage":"pt-BR","@id":"https:\/\/fatordental.com.br\/#\/schema\/logo\/image\/","url":"https:\/\/fatordental.com.br\/wp-content\/uploads\/2023\/02\/logo_fator.png","contentUrl":"https:\/\/fatordental.com.br\/wp-content\/uploads\/2023\/02\/logo_fator.png","width":400,"height":256,"caption":"Fator Dental"},"image":{"@id":"https:\/\/fatordental.com.br\/#\/schema\/logo\/image\/"},"sameAs":["https:\/\/www.instagram.com\/fatordental\/"]}]}},"_links":{"self":[{"href":"https:\/\/fatordental.com.br\/index.php\/wp-json\/wp\/v2\/product\/765","targetHints":{"allow":["GET"]}}],"collection":[{"href":"https:\/\/fatordental.com.br\/index.php\/wp-json\/wp\/v2\/product"}],"about":[{"href":"https:\/\/fatordental.com.br\/index.php\/wp-json\/wp\/v2\/types\/product"}],"wp:featuredmedia":[{"embeddable":true,"href":"https:\/\/fatordental.com.br\/index.php\/wp-json\/wp\/v2\/media\/766"}],"wp:attachment":[{"href":"https:\/\/fatordental.com.br\/index.php\/wp-json\/wp\/v2\/media?parent=765"}],"wp:term":[{"taxonomy":"product_brand","embeddable":true,"href":"https:\/\/fatordental.com.br\/index.php\/wp-json\/wp\/v2\/product_brand?post=765"},{"taxonomy":"product_cat","embeddable":true,"href":"https:\/\/fatordental.com.br\/index.php\/wp-json\/wp\/v2\/product_cat?post=765"},{"taxonomy":"product_tag","embeddable":true,"href":"https:\/\/fatordental.com.br\/index.php\/wp-json\/wp\/v2\/product_tag?post=765"}],"curies":[{"name":"wp","href":"https:\/\/api.w.org\/{rel}","templated":true}]}}