{"id":763,"date":"2022-12-29T11:05:44","date_gmt":"2022-12-29T14:05:44","guid":{"rendered":"https:\/\/fatordental.com.br\/?post_type=product&#038;p=763"},"modified":"2023-01-22T21:38:55","modified_gmt":"2023-01-23T00:38:55","slug":"clareador-potenza-bianco-pro-ss-38-h2o2-on-phs","status":"publish","type":"product","link":"https:\/\/fatordental.com.br\/index.php\/produto\/clareador-potenza-bianco-pro-ss-38-h2o2-on-phs\/","title":{"rendered":"Clareador Potenza Bianco PRO SS 38% H2O2 On &#8211; PHS"},"content":{"rendered":"<p class=\"value\"><strong>Per\u00f3xido de Hidrog\u00eanio. Kit com 6 seringas de Per\u00f3xido de Hidrog\u00eanio com 1,3g cada (Fase 1) + 6 seringas de Espessante com 0,4g cada (Fase 2) + Frasco do Neutralizante com 10g + 1 seringa de Barreira Gengival com 2,5g + 7 Ponteiras de aplica\u00e7\u00e3o.\u00a0Suficiente para 6 sess\u00f5es.<\/strong><\/p>\n<ul>\n<li>DETALHES<\/li>\n<\/ul>\n<p>-Princ\u00edpio Ativo: Per\u00f3xido de Hidrog\u00eanio na concentra\u00e7\u00e3o de 38%.<br \/>\n&#8211; Sistema Seringa-Seringa que facilita a aplica\u00e7\u00e3o.<br \/>\n&#8211; Intervalo recomendado de uma semana entre as sess\u00f5es.<br \/>\n&#8211; Sistema est\u00e1vel de libera\u00e7\u00e3o de radicais oxidativos.<br \/>\n&#8211; A mat\u00e9ria-prima Per\u00f3xido de Hidrog\u00eanio utilizado no gel clareador n\u00e3o possui componentes que degradam o per\u00f3xido com o tempo, no transporte, nas varia\u00e7\u00f5es de press\u00e3o, entre outros.<br \/>\n&#8211; O produto vem nas mesmas condi\u00e7\u00f5es de temperatura, press\u00e3o e umidade, e \u00e9 mantido da mesma forma na ind\u00fastria, garantindo grande estabilidade.<br \/>\n&#8211; Com pH acima de 6, o gel clareador n\u00e3o danifica a estrutura do esmalte dent\u00e1rio.<br \/>\n&#8211; Viscosidade tixotr\u00f3pica que facilita o manuseio e a aplica\u00e7\u00e3o.<br \/>\n&#8211; Permanece em rea\u00e7\u00e3o qu\u00edmica por at\u00e9 50 minutos com pH Estabilizado.<br \/>\n&#8211; Resultados positivos em 1-2 sess\u00f5es, produzindo mudan\u00e7as de 2-5 tons em pacientes entre 16-35 anos (m\u00e9dia -Baseada nos feedbacks de clientes).<br \/>\n-Poss\u00edvel aplica\u00e7\u00e3o de pr\u00e9-molar \u00e0 pr\u00e9-molar em ambas arcadas com apenas uma mistura.<br \/>\n&#8211; Acompanha ponta met\u00e1lica inox por dentro e por fora.<br \/>\n&#8211; Corante azul aprovado pelo FDA, n\u00e3o-aliment\u00edcio e de alt\u00edssima compatibilidade para proporcionar f\u00e1cil visualiza\u00e7\u00e3o durante a aplica\u00e7\u00e3o.<br \/>\n&#8211; Validade: 2 anos ap\u00f3s a data de fabrica\u00e7\u00e3o.<br \/>\n&#8211; Registro ANVISA: 33069000.<\/p>\n<ul>\n<li>APLICA\u00c7\u00c3O<\/li>\n<\/ul>\n<p>O\u00a0<strong>Clareador Potenza Bianco PRO SS 38% H2O2 On<\/strong>\u00a0da\u00a0<strong>PHS<\/strong>\u00a0apresenta indica\u00e7\u00e3o de uso para clareamento dental em consult\u00f3rio para dentes vitais com altera\u00e7\u00f5es de cor extr\u00ednsecas de car\u00e1ter cr\u00f4nico, n\u00e3o pass\u00edveis de remo\u00e7\u00e3o por procedimentos convencionais (profilaxia) e para dentes com altera\u00e7\u00f5es de cor intr\u00ednsecas menos severas (escurecimento fisiol\u00f3gico por deposi\u00e7\u00e3o de dentina) traumatismos, entre outros.<\/p>\n<p>Al\u00e9m disso, pode ainda ser indicado como t\u00e9cnica complementar de clareamento de dentes n\u00e3o vitais associados ao clareamento de dentes vitalizados.<\/p>\n<p>Geralmente a realiza\u00e7\u00e3o de tr\u00eas sess\u00f5es s\u00e3o suficientes para concluir o tratamento do paciente, embora o protocolo de aplica\u00e7\u00e3o do gel clareador \u00e9 flex\u00edvel e pode variar de acordo com as caracter\u00edsticas espec\u00edficas de cada caso.<\/p>\n","protected":false},"excerpt":{"rendered":"<p>Per\u00f3xido de Hidrog\u00eanio. Kit com 6 seringas de Per\u00f3xido de Hidrog\u00eanio com 1,3g cada (Fase 1) + 6 seringas de Espessante com 0,4g cada (Fase 2) + Frasco do Neutralizante [&hellip;]<\/p>\n","protected":false},"featured_media":764,"template":"","meta":[],"product_brand":[],"product_cat":[54,55,36,51,32],"product_tag":[],"class_list":{"0":"post-763","1":"product","2":"type-product","3":"status-publish","4":"has-post-thumbnail","6":"product_cat-clareador-caseiro","7":"product_cat-clareador-de-consultorio","8":"product_cat-clareamento","9":"product_cat-dentistica-e-estetica","10":"product_cat-promocoes","12":"first","13":"instock","14":"shipping-taxable","15":"product-type-simple"},"yoast_head":"<!-- This site is optimized with the Yoast SEO plugin v26.8 - https:\/\/yoast.com\/product\/yoast-seo-wordpress\/ -->\n<title>Clareador Potenza Bianco PRO SS 38% H2O2 On - PHS - Fator Dental<\/title>\n<meta name=\"robots\" content=\"index, follow, max-snippet:-1, max-image-preview:large, max-video-preview:-1\" \/>\n<link rel=\"canonical\" href=\"https:\/\/fatordental.com.br\/index.php\/produto\/clareador-potenza-bianco-pro-ss-38-h2o2-on-phs\/\" \/>\n<meta property=\"og:locale\" content=\"pt_BR\" \/>\n<meta property=\"og:type\" content=\"article\" \/>\n<meta property=\"og:title\" content=\"Clareador Potenza Bianco PRO SS 38% H2O2 On - PHS - Fator Dental\" \/>\n<meta property=\"og:description\" content=\"Per\u00f3xido de Hidrog\u00eanio. Kit com 6 seringas de Per\u00f3xido de Hidrog\u00eanio com 1,3g cada (Fase 1) + 6 seringas de Espessante com 0,4g cada (Fase 2) + Frasco do Neutralizante [&hellip;]\" \/>\n<meta property=\"og:url\" content=\"https:\/\/fatordental.com.br\/index.php\/produto\/clareador-potenza-bianco-pro-ss-38-h2o2-on-phs\/\" \/>\n<meta property=\"og:site_name\" content=\"Fator Dental\" \/>\n<meta property=\"article:modified_time\" content=\"2023-01-23T00:38:55+00:00\" \/>\n<meta property=\"og:image\" content=\"https:\/\/fatordental.com.br\/wp-content\/uploads\/2022\/12\/clareador-potenza-bianco-pro-ss-38-h2o2-phs-122947.jpg\" \/>\n\t<meta property=\"og:image:width\" content=\"900\" \/>\n\t<meta property=\"og:image:height\" content=\"900\" \/>\n\t<meta property=\"og:image:type\" content=\"image\/jpeg\" \/>\n<meta name=\"twitter:card\" content=\"summary_large_image\" \/>\n<meta name=\"twitter:label1\" content=\"Est. tempo de leitura\" \/>\n\t<meta name=\"twitter:data1\" content=\"2 minutos\" \/>\n<script type=\"application\/ld+json\" class=\"yoast-schema-graph\">{\"@context\":\"https:\/\/schema.org\",\"@graph\":[{\"@type\":\"WebPage\",\"@id\":\"https:\/\/fatordental.com.br\/index.php\/produto\/clareador-potenza-bianco-pro-ss-38-h2o2-on-phs\/\",\"url\":\"https:\/\/fatordental.com.br\/index.php\/produto\/clareador-potenza-bianco-pro-ss-38-h2o2-on-phs\/\",\"name\":\"Clareador Potenza Bianco PRO SS 38% H2O2 On - PHS - Fator Dental\",\"isPartOf\":{\"@id\":\"https:\/\/fatordental.com.br\/#website\"},\"primaryImageOfPage\":{\"@id\":\"https:\/\/fatordental.com.br\/index.php\/produto\/clareador-potenza-bianco-pro-ss-38-h2o2-on-phs\/#primaryimage\"},\"image\":{\"@id\":\"https:\/\/fatordental.com.br\/index.php\/produto\/clareador-potenza-bianco-pro-ss-38-h2o2-on-phs\/#primaryimage\"},\"thumbnailUrl\":\"https:\/\/fatordental.com.br\/wp-content\/uploads\/2022\/12\/clareador-potenza-bianco-pro-ss-38-h2o2-phs-122947.jpg\",\"datePublished\":\"2022-12-29T14:05:44+00:00\",\"dateModified\":\"2023-01-23T00:38:55+00:00\",\"breadcrumb\":{\"@id\":\"https:\/\/fatordental.com.br\/index.php\/produto\/clareador-potenza-bianco-pro-ss-38-h2o2-on-phs\/#breadcrumb\"},\"inLanguage\":\"pt-BR\",\"potentialAction\":[{\"@type\":\"ReadAction\",\"target\":[\"https:\/\/fatordental.com.br\/index.php\/produto\/clareador-potenza-bianco-pro-ss-38-h2o2-on-phs\/\"]}]},{\"@type\":\"ImageObject\",\"inLanguage\":\"pt-BR\",\"@id\":\"https:\/\/fatordental.com.br\/index.php\/produto\/clareador-potenza-bianco-pro-ss-38-h2o2-on-phs\/#primaryimage\",\"url\":\"https:\/\/fatordental.com.br\/wp-content\/uploads\/2022\/12\/clareador-potenza-bianco-pro-ss-38-h2o2-phs-122947.jpg\",\"contentUrl\":\"https:\/\/fatordental.com.br\/wp-content\/uploads\/2022\/12\/clareador-potenza-bianco-pro-ss-38-h2o2-phs-122947.jpg\",\"width\":900,\"height\":900},{\"@type\":\"BreadcrumbList\",\"@id\":\"https:\/\/fatordental.com.br\/index.php\/produto\/clareador-potenza-bianco-pro-ss-38-h2o2-on-phs\/#breadcrumb\",\"itemListElement\":[{\"@type\":\"ListItem\",\"position\":1,\"name\":\"In\u00edcio\",\"item\":\"https:\/\/fatordental.com.br\/\"},{\"@type\":\"ListItem\",\"position\":2,\"name\":\"Produtos\",\"item\":\"https:\/\/fatordental.com.br\/index.php\/produtos\/\"},{\"@type\":\"ListItem\",\"position\":3,\"name\":\"Clareador Potenza Bianco PRO SS 38% H2O2 On &#8211; PHS\"}]},{\"@type\":\"WebSite\",\"@id\":\"https:\/\/fatordental.com.br\/#website\",\"url\":\"https:\/\/fatordental.com.br\/\",\"name\":\"Fator Dental\",\"description\":\"Produtos Ondontol\u00f3gicos\",\"publisher\":{\"@id\":\"https:\/\/fatordental.com.br\/#organization\"},\"potentialAction\":[{\"@type\":\"SearchAction\",\"target\":{\"@type\":\"EntryPoint\",\"urlTemplate\":\"https:\/\/fatordental.com.br\/?s={search_term_string}\"},\"query-input\":{\"@type\":\"PropertyValueSpecification\",\"valueRequired\":true,\"valueName\":\"search_term_string\"}}],\"inLanguage\":\"pt-BR\"},{\"@type\":\"Organization\",\"@id\":\"https:\/\/fatordental.com.br\/#organization\",\"name\":\"Fator Dental\",\"url\":\"https:\/\/fatordental.com.br\/\",\"logo\":{\"@type\":\"ImageObject\",\"inLanguage\":\"pt-BR\",\"@id\":\"https:\/\/fatordental.com.br\/#\/schema\/logo\/image\/\",\"url\":\"https:\/\/fatordental.com.br\/wp-content\/uploads\/2023\/02\/logo_fator.png\",\"contentUrl\":\"https:\/\/fatordental.com.br\/wp-content\/uploads\/2023\/02\/logo_fator.png\",\"width\":400,\"height\":256,\"caption\":\"Fator Dental\"},\"image\":{\"@id\":\"https:\/\/fatordental.com.br\/#\/schema\/logo\/image\/\"},\"sameAs\":[\"https:\/\/www.instagram.com\/fatordental\/\"]}]}<\/script>\n<!-- \/ Yoast SEO plugin. -->","yoast_head_json":{"title":"Clareador Potenza Bianco PRO SS 38% H2O2 On - PHS - Fator Dental","robots":{"index":"index","follow":"follow","max-snippet":"max-snippet:-1","max-image-preview":"max-image-preview:large","max-video-preview":"max-video-preview:-1"},"canonical":"https:\/\/fatordental.com.br\/index.php\/produto\/clareador-potenza-bianco-pro-ss-38-h2o2-on-phs\/","og_locale":"pt_BR","og_type":"article","og_title":"Clareador Potenza Bianco PRO SS 38% H2O2 On - PHS - Fator Dental","og_description":"Per\u00f3xido de Hidrog\u00eanio. Kit com 6 seringas de Per\u00f3xido de Hidrog\u00eanio com 1,3g cada (Fase 1) + 6 seringas de Espessante com 0,4g cada (Fase 2) + Frasco do Neutralizante [&hellip;]","og_url":"https:\/\/fatordental.com.br\/index.php\/produto\/clareador-potenza-bianco-pro-ss-38-h2o2-on-phs\/","og_site_name":"Fator Dental","article_modified_time":"2023-01-23T00:38:55+00:00","og_image":[{"width":900,"height":900,"url":"https:\/\/fatordental.com.br\/wp-content\/uploads\/2022\/12\/clareador-potenza-bianco-pro-ss-38-h2o2-phs-122947.jpg","type":"image\/jpeg"}],"twitter_card":"summary_large_image","twitter_misc":{"Est. tempo de leitura":"2 minutos"},"schema":{"@context":"https:\/\/schema.org","@graph":[{"@type":"WebPage","@id":"https:\/\/fatordental.com.br\/index.php\/produto\/clareador-potenza-bianco-pro-ss-38-h2o2-on-phs\/","url":"https:\/\/fatordental.com.br\/index.php\/produto\/clareador-potenza-bianco-pro-ss-38-h2o2-on-phs\/","name":"Clareador Potenza Bianco PRO SS 38% H2O2 On - PHS - Fator Dental","isPartOf":{"@id":"https:\/\/fatordental.com.br\/#website"},"primaryImageOfPage":{"@id":"https:\/\/fatordental.com.br\/index.php\/produto\/clareador-potenza-bianco-pro-ss-38-h2o2-on-phs\/#primaryimage"},"image":{"@id":"https:\/\/fatordental.com.br\/index.php\/produto\/clareador-potenza-bianco-pro-ss-38-h2o2-on-phs\/#primaryimage"},"thumbnailUrl":"https:\/\/fatordental.com.br\/wp-content\/uploads\/2022\/12\/clareador-potenza-bianco-pro-ss-38-h2o2-phs-122947.jpg","datePublished":"2022-12-29T14:05:44+00:00","dateModified":"2023-01-23T00:38:55+00:00","breadcrumb":{"@id":"https:\/\/fatordental.com.br\/index.php\/produto\/clareador-potenza-bianco-pro-ss-38-h2o2-on-phs\/#breadcrumb"},"inLanguage":"pt-BR","potentialAction":[{"@type":"ReadAction","target":["https:\/\/fatordental.com.br\/index.php\/produto\/clareador-potenza-bianco-pro-ss-38-h2o2-on-phs\/"]}]},{"@type":"ImageObject","inLanguage":"pt-BR","@id":"https:\/\/fatordental.com.br\/index.php\/produto\/clareador-potenza-bianco-pro-ss-38-h2o2-on-phs\/#primaryimage","url":"https:\/\/fatordental.com.br\/wp-content\/uploads\/2022\/12\/clareador-potenza-bianco-pro-ss-38-h2o2-phs-122947.jpg","contentUrl":"https:\/\/fatordental.com.br\/wp-content\/uploads\/2022\/12\/clareador-potenza-bianco-pro-ss-38-h2o2-phs-122947.jpg","width":900,"height":900},{"@type":"BreadcrumbList","@id":"https:\/\/fatordental.com.br\/index.php\/produto\/clareador-potenza-bianco-pro-ss-38-h2o2-on-phs\/#breadcrumb","itemListElement":[{"@type":"ListItem","position":1,"name":"In\u00edcio","item":"https:\/\/fatordental.com.br\/"},{"@type":"ListItem","position":2,"name":"Produtos","item":"https:\/\/fatordental.com.br\/index.php\/produtos\/"},{"@type":"ListItem","position":3,"name":"Clareador Potenza Bianco PRO SS 38% H2O2 On &#8211; PHS"}]},{"@type":"WebSite","@id":"https:\/\/fatordental.com.br\/#website","url":"https:\/\/fatordental.com.br\/","name":"Fator Dental","description":"Produtos Ondontol\u00f3gicos","publisher":{"@id":"https:\/\/fatordental.com.br\/#organization"},"potentialAction":[{"@type":"SearchAction","target":{"@type":"EntryPoint","urlTemplate":"https:\/\/fatordental.com.br\/?s={search_term_string}"},"query-input":{"@type":"PropertyValueSpecification","valueRequired":true,"valueName":"search_term_string"}}],"inLanguage":"pt-BR"},{"@type":"Organization","@id":"https:\/\/fatordental.com.br\/#organization","name":"Fator Dental","url":"https:\/\/fatordental.com.br\/","logo":{"@type":"ImageObject","inLanguage":"pt-BR","@id":"https:\/\/fatordental.com.br\/#\/schema\/logo\/image\/","url":"https:\/\/fatordental.com.br\/wp-content\/uploads\/2023\/02\/logo_fator.png","contentUrl":"https:\/\/fatordental.com.br\/wp-content\/uploads\/2023\/02\/logo_fator.png","width":400,"height":256,"caption":"Fator Dental"},"image":{"@id":"https:\/\/fatordental.com.br\/#\/schema\/logo\/image\/"},"sameAs":["https:\/\/www.instagram.com\/fatordental\/"]}]}},"_links":{"self":[{"href":"https:\/\/fatordental.com.br\/index.php\/wp-json\/wp\/v2\/product\/763","targetHints":{"allow":["GET"]}}],"collection":[{"href":"https:\/\/fatordental.com.br\/index.php\/wp-json\/wp\/v2\/product"}],"about":[{"href":"https:\/\/fatordental.com.br\/index.php\/wp-json\/wp\/v2\/types\/product"}],"wp:featuredmedia":[{"embeddable":true,"href":"https:\/\/fatordental.com.br\/index.php\/wp-json\/wp\/v2\/media\/764"}],"wp:attachment":[{"href":"https:\/\/fatordental.com.br\/index.php\/wp-json\/wp\/v2\/media?parent=763"}],"wp:term":[{"taxonomy":"product_brand","embeddable":true,"href":"https:\/\/fatordental.com.br\/index.php\/wp-json\/wp\/v2\/product_brand?post=763"},{"taxonomy":"product_cat","embeddable":true,"href":"https:\/\/fatordental.com.br\/index.php\/wp-json\/wp\/v2\/product_cat?post=763"},{"taxonomy":"product_tag","embeddable":true,"href":"https:\/\/fatordental.com.br\/index.php\/wp-json\/wp\/v2\/product_tag?post=763"}],"curies":[{"name":"wp","href":"https:\/\/api.w.org\/{rel}","templated":true}]}}