{"id":761,"date":"2022-12-29T10:57:58","date_gmt":"2022-12-29T13:57:58","guid":{"rendered":"https:\/\/fatordental.com.br\/?post_type=product&#038;p=761"},"modified":"2022-12-29T10:57:58","modified_gmt":"2022-12-29T13:57:58","slug":"kit-clareador-potenza-bianco-pro-35-phs","status":"publish","type":"product","link":"https:\/\/fatordental.com.br\/index.php\/produto\/kit-clareador-potenza-bianco-pro-35-phs\/","title":{"rendered":"Kit Clareador Potenza Bianco Pro 35% &#8211; PHS"},"content":{"rendered":"<p class=\"value\"><strong>Per\u00f3xido de Hidrog\u00eanio. Kit com 1 frasco de Per\u00f3xido de Hidrog\u00eanio de 15,3g + 1 frasco de Espessante de 5,5g + 1 frasco de Neutralizante de 10g + 1 Seringa de Barreira Gengival de 2,5g + 1 Esp\u00e1tula + 1 Recipiente de mistura + 1 Ponteira de Aplica\u00e7\u00e3o.<\/strong><\/p>\n<ul>\n<li>DETALHES<\/li>\n<\/ul>\n<p>-Princ\u00edpio ativo: Per\u00f3xido de Hidrog\u00eanio na concentra\u00e7\u00e3o de 35%.<\/p>\n<p>-Possui tradicional sistema de frascos.<\/p>\n<p>-Permite flexibilizar quantidades e evitar desperd\u00edcio do produto.<\/p>\n<p>-Oferece uma manipula\u00e7\u00e3o das fases simples, bastando misturar as duas fases na propor\u00e7\u00e3o correta.<\/p>\n<p>-O gel fica homog\u00eaneo e apresenta alta molhabilidade ap\u00f3s breve mistura manual, o que maximiza o contato deste com os dentes e auxilia na atividade do princ\u00edpio ativo.<\/p>\n<p>-Sistema est\u00e1vel de libera\u00e7\u00e3o de radicais oxidativos.<\/p>\n<p>-A mat\u00e9ria-prima utilizada no gel clareador n\u00e3o possui componentes que degradam o per\u00f3xido com o tempo, no transporte, nas varia\u00e7\u00f5es de press\u00e3o, entre outros.<\/p>\n<p>-Resultado uniforme por toda a superf\u00edcie dental.<\/p>\n<p>-Concentra\u00e7\u00e3o estabilizada.<\/p>\n<p>-Colora\u00e7\u00e3o inteligente para indicar o est\u00e1gio do tratamento.<\/p>\n<p>-Resultados vis\u00edveis j\u00e1 na primeira aplica\u00e7\u00e3o.<\/p>\n<p>-Age em menor tempo.<\/p>\n<p>-Com pH acima de 6, o gel clareador n\u00e3o danifica a estrutura do esmalte dent\u00e1rio.<\/p>\n<p>-Aplica\u00e7\u00e3o de 3x 15 minutos cada, por sess\u00e3o.<\/p>\n<p>-Conte\u00fado da embalagem suficiente para at\u00e9 18 aplica\u00e7\u00f5es (Faz uma se\u00e7\u00e3o completa com 3 aplica\u00e7\u00f5es cada. Recomendado pelo fabricante 2 se\u00e7\u00f5es por paciente = 3 pacientes).<\/p>\n<p>-Somente para uso odontol\u00f3gico.<\/p>\n<p>-Validade: 2 anos a partir da data de fabrica\u00e7\u00e3o.<\/p>\n<p>-Registro ANVISA: 81199279002.<\/p>\n<ul>\n<li>APLICA\u00c7\u00c3O<\/li>\n<\/ul>\n<p>O\u00a0<strong>Kit Clareador Dental Potenza Bianco Pro 35%<\/strong>\u00a0da\u00a0<strong>PHS<\/strong>\u00a0\u00e9 \u00e0 base de per\u00f3xido de hidrog\u00eanio, indicado para clareamento dental com aplica\u00e7\u00e3o exclusiva em consult\u00f3rio odontol\u00f3gico. Pode ser utilizado em dentes vitais e n\u00e3o vitais (apenas externamente) que apresentem altera\u00e7\u00f5es de cor, al\u00e9m de tamb\u00e9m ser indicado como coadjuvante no tratamento de casos leves de manchamento por fluorose ou por uso de tetraciclina e seus derivados.<\/p>\n<p>Seu sistema de frascos possibilita ao profissional ter total controle da quantidade aplicada sobre a superf\u00edcie dent\u00e1ria, podendo atender dentes individuais ou arcadas inteiras, com ou sem fonte de luz.<\/p>\n<p><strong>Quais as vantagens do Kit Clareador Dental Potenza Bianco Pro 35% da PHS?<\/strong><\/p>\n<p>-Sistema de frascos: quantidades flex\u00edveis sem desperd\u00edcio.<\/p>\n<p>-Excelente reologia: alta molhabilidade do gel.<\/p>\n<p>-C\u00e2mbio de cor: muda de vermelho para azul indicando atividade do gel.<\/p>\n<p>-Seguran\u00e7a: kit acompanha neutralizante.<\/p>\n<p>-Entre outros.<\/p>\n","protected":false},"excerpt":{"rendered":"<p>Per\u00f3xido de Hidrog\u00eanio. Kit com 1 frasco de Per\u00f3xido de Hidrog\u00eanio de 15,3g + 1 frasco de Espessante de 5,5g + 1 frasco de Neutralizante de 10g + 1 Seringa [&hellip;]<\/p>\n","protected":false},"featured_media":762,"template":"","meta":[],"product_brand":[],"product_cat":[54,55,36,51],"product_tag":[],"class_list":{"0":"post-761","1":"product","2":"type-product","3":"status-publish","4":"has-post-thumbnail","6":"product_cat-clareador-caseiro","7":"product_cat-clareador-de-consultorio","8":"product_cat-clareamento","9":"product_cat-dentistica-e-estetica","11":"first","12":"instock","13":"shipping-taxable","14":"product-type-simple"},"yoast_head":"<!-- This site is optimized with the Yoast SEO plugin v26.8 - https:\/\/yoast.com\/product\/yoast-seo-wordpress\/ -->\n<title>Kit Clareador Potenza Bianco Pro 35% - PHS - Fator Dental<\/title>\n<meta name=\"robots\" content=\"index, follow, max-snippet:-1, max-image-preview:large, max-video-preview:-1\" \/>\n<link rel=\"canonical\" href=\"https:\/\/fatordental.com.br\/index.php\/produto\/kit-clareador-potenza-bianco-pro-35-phs\/\" \/>\n<meta property=\"og:locale\" content=\"pt_BR\" \/>\n<meta property=\"og:type\" content=\"article\" \/>\n<meta property=\"og:title\" content=\"Kit Clareador Potenza Bianco Pro 35% - PHS - Fator Dental\" \/>\n<meta property=\"og:description\" content=\"Per\u00f3xido de Hidrog\u00eanio. Kit com 1 frasco de Per\u00f3xido de Hidrog\u00eanio de 15,3g + 1 frasco de Espessante de 5,5g + 1 frasco de Neutralizante de 10g + 1 Seringa [&hellip;]\" \/>\n<meta property=\"og:url\" content=\"https:\/\/fatordental.com.br\/index.php\/produto\/kit-clareador-potenza-bianco-pro-35-phs\/\" \/>\n<meta property=\"og:site_name\" content=\"Fator Dental\" \/>\n<meta property=\"og:image\" content=\"https:\/\/fatordental.com.br\/wp-content\/uploads\/2022\/12\/kit-clareador-dental-potenza-bianco-pro-35-phs-122923-dental-cremer.jpg\" \/>\n\t<meta property=\"og:image:width\" content=\"800\" \/>\n\t<meta property=\"og:image:height\" content=\"800\" \/>\n\t<meta property=\"og:image:type\" content=\"image\/jpeg\" \/>\n<meta name=\"twitter:card\" content=\"summary_large_image\" \/>\n<meta name=\"twitter:label1\" content=\"Est. tempo de leitura\" \/>\n\t<meta name=\"twitter:data1\" content=\"3 minutos\" \/>\n<script type=\"application\/ld+json\" class=\"yoast-schema-graph\">{\"@context\":\"https:\/\/schema.org\",\"@graph\":[{\"@type\":\"WebPage\",\"@id\":\"https:\/\/fatordental.com.br\/index.php\/produto\/kit-clareador-potenza-bianco-pro-35-phs\/\",\"url\":\"https:\/\/fatordental.com.br\/index.php\/produto\/kit-clareador-potenza-bianco-pro-35-phs\/\",\"name\":\"Kit Clareador Potenza Bianco Pro 35% - PHS - Fator Dental\",\"isPartOf\":{\"@id\":\"https:\/\/fatordental.com.br\/#website\"},\"primaryImageOfPage\":{\"@id\":\"https:\/\/fatordental.com.br\/index.php\/produto\/kit-clareador-potenza-bianco-pro-35-phs\/#primaryimage\"},\"image\":{\"@id\":\"https:\/\/fatordental.com.br\/index.php\/produto\/kit-clareador-potenza-bianco-pro-35-phs\/#primaryimage\"},\"thumbnailUrl\":\"https:\/\/fatordental.com.br\/wp-content\/uploads\/2022\/12\/kit-clareador-dental-potenza-bianco-pro-35-phs-122923-dental-cremer.jpg\",\"datePublished\":\"2022-12-29T13:57:58+00:00\",\"breadcrumb\":{\"@id\":\"https:\/\/fatordental.com.br\/index.php\/produto\/kit-clareador-potenza-bianco-pro-35-phs\/#breadcrumb\"},\"inLanguage\":\"pt-BR\",\"potentialAction\":[{\"@type\":\"ReadAction\",\"target\":[\"https:\/\/fatordental.com.br\/index.php\/produto\/kit-clareador-potenza-bianco-pro-35-phs\/\"]}]},{\"@type\":\"ImageObject\",\"inLanguage\":\"pt-BR\",\"@id\":\"https:\/\/fatordental.com.br\/index.php\/produto\/kit-clareador-potenza-bianco-pro-35-phs\/#primaryimage\",\"url\":\"https:\/\/fatordental.com.br\/wp-content\/uploads\/2022\/12\/kit-clareador-dental-potenza-bianco-pro-35-phs-122923-dental-cremer.jpg\",\"contentUrl\":\"https:\/\/fatordental.com.br\/wp-content\/uploads\/2022\/12\/kit-clareador-dental-potenza-bianco-pro-35-phs-122923-dental-cremer.jpg\",\"width\":800,\"height\":800},{\"@type\":\"BreadcrumbList\",\"@id\":\"https:\/\/fatordental.com.br\/index.php\/produto\/kit-clareador-potenza-bianco-pro-35-phs\/#breadcrumb\",\"itemListElement\":[{\"@type\":\"ListItem\",\"position\":1,\"name\":\"In\u00edcio\",\"item\":\"https:\/\/fatordental.com.br\/\"},{\"@type\":\"ListItem\",\"position\":2,\"name\":\"Produtos\",\"item\":\"https:\/\/fatordental.com.br\/index.php\/produtos\/\"},{\"@type\":\"ListItem\",\"position\":3,\"name\":\"Kit Clareador Potenza Bianco Pro 35% &#8211; PHS\"}]},{\"@type\":\"WebSite\",\"@id\":\"https:\/\/fatordental.com.br\/#website\",\"url\":\"https:\/\/fatordental.com.br\/\",\"name\":\"Fator Dental\",\"description\":\"Produtos Ondontol\u00f3gicos\",\"publisher\":{\"@id\":\"https:\/\/fatordental.com.br\/#organization\"},\"potentialAction\":[{\"@type\":\"SearchAction\",\"target\":{\"@type\":\"EntryPoint\",\"urlTemplate\":\"https:\/\/fatordental.com.br\/?s={search_term_string}\"},\"query-input\":{\"@type\":\"PropertyValueSpecification\",\"valueRequired\":true,\"valueName\":\"search_term_string\"}}],\"inLanguage\":\"pt-BR\"},{\"@type\":\"Organization\",\"@id\":\"https:\/\/fatordental.com.br\/#organization\",\"name\":\"Fator Dental\",\"url\":\"https:\/\/fatordental.com.br\/\",\"logo\":{\"@type\":\"ImageObject\",\"inLanguage\":\"pt-BR\",\"@id\":\"https:\/\/fatordental.com.br\/#\/schema\/logo\/image\/\",\"url\":\"https:\/\/fatordental.com.br\/wp-content\/uploads\/2023\/02\/logo_fator.png\",\"contentUrl\":\"https:\/\/fatordental.com.br\/wp-content\/uploads\/2023\/02\/logo_fator.png\",\"width\":400,\"height\":256,\"caption\":\"Fator Dental\"},\"image\":{\"@id\":\"https:\/\/fatordental.com.br\/#\/schema\/logo\/image\/\"},\"sameAs\":[\"https:\/\/www.instagram.com\/fatordental\/\"]}]}<\/script>\n<!-- \/ Yoast SEO plugin. -->","yoast_head_json":{"title":"Kit Clareador Potenza Bianco Pro 35% - PHS - Fator Dental","robots":{"index":"index","follow":"follow","max-snippet":"max-snippet:-1","max-image-preview":"max-image-preview:large","max-video-preview":"max-video-preview:-1"},"canonical":"https:\/\/fatordental.com.br\/index.php\/produto\/kit-clareador-potenza-bianco-pro-35-phs\/","og_locale":"pt_BR","og_type":"article","og_title":"Kit Clareador Potenza Bianco Pro 35% - PHS - Fator Dental","og_description":"Per\u00f3xido de Hidrog\u00eanio. Kit com 1 frasco de Per\u00f3xido de Hidrog\u00eanio de 15,3g + 1 frasco de Espessante de 5,5g + 1 frasco de Neutralizante de 10g + 1 Seringa [&hellip;]","og_url":"https:\/\/fatordental.com.br\/index.php\/produto\/kit-clareador-potenza-bianco-pro-35-phs\/","og_site_name":"Fator Dental","og_image":[{"width":800,"height":800,"url":"https:\/\/fatordental.com.br\/wp-content\/uploads\/2022\/12\/kit-clareador-dental-potenza-bianco-pro-35-phs-122923-dental-cremer.jpg","type":"image\/jpeg"}],"twitter_card":"summary_large_image","twitter_misc":{"Est. tempo de leitura":"3 minutos"},"schema":{"@context":"https:\/\/schema.org","@graph":[{"@type":"WebPage","@id":"https:\/\/fatordental.com.br\/index.php\/produto\/kit-clareador-potenza-bianco-pro-35-phs\/","url":"https:\/\/fatordental.com.br\/index.php\/produto\/kit-clareador-potenza-bianco-pro-35-phs\/","name":"Kit Clareador Potenza Bianco Pro 35% - PHS - Fator Dental","isPartOf":{"@id":"https:\/\/fatordental.com.br\/#website"},"primaryImageOfPage":{"@id":"https:\/\/fatordental.com.br\/index.php\/produto\/kit-clareador-potenza-bianco-pro-35-phs\/#primaryimage"},"image":{"@id":"https:\/\/fatordental.com.br\/index.php\/produto\/kit-clareador-potenza-bianco-pro-35-phs\/#primaryimage"},"thumbnailUrl":"https:\/\/fatordental.com.br\/wp-content\/uploads\/2022\/12\/kit-clareador-dental-potenza-bianco-pro-35-phs-122923-dental-cremer.jpg","datePublished":"2022-12-29T13:57:58+00:00","breadcrumb":{"@id":"https:\/\/fatordental.com.br\/index.php\/produto\/kit-clareador-potenza-bianco-pro-35-phs\/#breadcrumb"},"inLanguage":"pt-BR","potentialAction":[{"@type":"ReadAction","target":["https:\/\/fatordental.com.br\/index.php\/produto\/kit-clareador-potenza-bianco-pro-35-phs\/"]}]},{"@type":"ImageObject","inLanguage":"pt-BR","@id":"https:\/\/fatordental.com.br\/index.php\/produto\/kit-clareador-potenza-bianco-pro-35-phs\/#primaryimage","url":"https:\/\/fatordental.com.br\/wp-content\/uploads\/2022\/12\/kit-clareador-dental-potenza-bianco-pro-35-phs-122923-dental-cremer.jpg","contentUrl":"https:\/\/fatordental.com.br\/wp-content\/uploads\/2022\/12\/kit-clareador-dental-potenza-bianco-pro-35-phs-122923-dental-cremer.jpg","width":800,"height":800},{"@type":"BreadcrumbList","@id":"https:\/\/fatordental.com.br\/index.php\/produto\/kit-clareador-potenza-bianco-pro-35-phs\/#breadcrumb","itemListElement":[{"@type":"ListItem","position":1,"name":"In\u00edcio","item":"https:\/\/fatordental.com.br\/"},{"@type":"ListItem","position":2,"name":"Produtos","item":"https:\/\/fatordental.com.br\/index.php\/produtos\/"},{"@type":"ListItem","position":3,"name":"Kit Clareador Potenza Bianco Pro 35% &#8211; PHS"}]},{"@type":"WebSite","@id":"https:\/\/fatordental.com.br\/#website","url":"https:\/\/fatordental.com.br\/","name":"Fator Dental","description":"Produtos Ondontol\u00f3gicos","publisher":{"@id":"https:\/\/fatordental.com.br\/#organization"},"potentialAction":[{"@type":"SearchAction","target":{"@type":"EntryPoint","urlTemplate":"https:\/\/fatordental.com.br\/?s={search_term_string}"},"query-input":{"@type":"PropertyValueSpecification","valueRequired":true,"valueName":"search_term_string"}}],"inLanguage":"pt-BR"},{"@type":"Organization","@id":"https:\/\/fatordental.com.br\/#organization","name":"Fator Dental","url":"https:\/\/fatordental.com.br\/","logo":{"@type":"ImageObject","inLanguage":"pt-BR","@id":"https:\/\/fatordental.com.br\/#\/schema\/logo\/image\/","url":"https:\/\/fatordental.com.br\/wp-content\/uploads\/2023\/02\/logo_fator.png","contentUrl":"https:\/\/fatordental.com.br\/wp-content\/uploads\/2023\/02\/logo_fator.png","width":400,"height":256,"caption":"Fator Dental"},"image":{"@id":"https:\/\/fatordental.com.br\/#\/schema\/logo\/image\/"},"sameAs":["https:\/\/www.instagram.com\/fatordental\/"]}]}},"_links":{"self":[{"href":"https:\/\/fatordental.com.br\/index.php\/wp-json\/wp\/v2\/product\/761","targetHints":{"allow":["GET"]}}],"collection":[{"href":"https:\/\/fatordental.com.br\/index.php\/wp-json\/wp\/v2\/product"}],"about":[{"href":"https:\/\/fatordental.com.br\/index.php\/wp-json\/wp\/v2\/types\/product"}],"wp:featuredmedia":[{"embeddable":true,"href":"https:\/\/fatordental.com.br\/index.php\/wp-json\/wp\/v2\/media\/762"}],"wp:attachment":[{"href":"https:\/\/fatordental.com.br\/index.php\/wp-json\/wp\/v2\/media?parent=761"}],"wp:term":[{"taxonomy":"product_brand","embeddable":true,"href":"https:\/\/fatordental.com.br\/index.php\/wp-json\/wp\/v2\/product_brand?post=761"},{"taxonomy":"product_cat","embeddable":true,"href":"https:\/\/fatordental.com.br\/index.php\/wp-json\/wp\/v2\/product_cat?post=761"},{"taxonomy":"product_tag","embeddable":true,"href":"https:\/\/fatordental.com.br\/index.php\/wp-json\/wp\/v2\/product_tag?post=761"}],"curies":[{"name":"wp","href":"https:\/\/api.w.org\/{rel}","templated":true}]}}