{"id":759,"date":"2022-12-29T10:48:32","date_gmt":"2022-12-29T13:48:32","guid":{"rendered":"https:\/\/fatordental.com.br\/?post_type=product&#038;p=759"},"modified":"2022-12-29T10:48:32","modified_gmt":"2022-12-29T13:48:32","slug":"kit-clareador-whiteness-hp-maxx-fgm","status":"publish","type":"product","link":"https:\/\/fatordental.com.br\/index.php\/produto\/kit-clareador-whiteness-hp-maxx-fgm\/","title":{"rendered":"Kit Clareador Whiteness HP Maxx &#8211; FGM"},"content":{"rendered":"<p class=\"value\"><strong>Per\u00f3xido de Hidrog\u00eanio. Kit com 10g de\u00a0Clareador\u00a0Whiteness\u00a0HP\u00a0Maxx\u00a035%\u00a0+ 5g de Espessante + 2g de Neutralizante + Esp\u00e1tula + Placa para preparo do gel +\u00a01 Barreira Gengival\u00a0Top\u00a0Dam Azul com 2g + 6 ponteiras.\u00a0<\/strong><\/p>\n<ul>\n<li>DETALHES<\/li>\n<\/ul>\n<p><span data-contrast=\"auto\">-Seguro e eficaz. <\/span><span data-ccp-props=\"{&quot;201341983&quot;:0,&quot;335559739&quot;:160,&quot;335559740&quot;:360}\"><br \/>\n<\/span><span data-contrast=\"auto\">&#8211; Tixotr\u00f3pico: N\u00e3o escoa de modo indesej\u00e1vel.<\/span><span data-ccp-props=\"{&quot;201341983&quot;:0,&quot;335559739&quot;:160,&quot;335559740&quot;:360}\"><br \/>\n<\/span><span data-contrast=\"auto\">&#8211; Vers\u00e1til: A apresenta\u00e7\u00e3o em dois frascos separados, per\u00f3xido e espessante, permite que o produto seja manipulado na quantidade necess\u00e1ria; por exemplo, apenas para um dente ou para arcadas inteiras, evitando assim o desperd\u00edcio.<\/span><span data-ccp-props=\"{&quot;201341983&quot;:0,&quot;335559739&quot;:160,&quot;335559740&quot;:360}\"><br \/>\n<\/span><span data-contrast=\"auto\">&#8211; Bloqueador de calor: Pode ser utilizado com ou sem fontes externas de luz. E caso o profissional opte pela utiliza\u00e7\u00e3o de fontes de luz, o bloqueador de calor ir\u00e1 minimizar a sensibilidade que pode ser causada por essas fontes.<\/span><span data-ccp-props=\"{&quot;201341983&quot;:0,&quot;335559739&quot;:160,&quot;335559740&quot;:360}\"><br \/>\n<\/span><span data-contrast=\"auto\">&#8211; Seguro: Trocas de gel durante a sess\u00e3o mant\u00e9m o pH do produto seguro contra desmineraliza\u00e7\u00e3o do esmalte.<\/span><span data-ccp-props=\"{&quot;201341983&quot;:0,&quot;335559739&quot;:160,&quot;335559740&quot;:360}\"><br \/>\n<\/span><span data-contrast=\"auto\">&#8211; Muda de cor: o gel inicialmente \u00e9 vermelho carmim e fica verde no decorrer do processo.<\/span><span data-ccp-props=\"{&quot;201341983&quot;:0,&quot;335559739&quot;:160,&quot;335559740&quot;:360}\"><br \/>\n<\/span><span data-contrast=\"auto\">&#8211; Excelente rendimento: O kit completo rende em m\u00e9dia 18 aplica\u00e7\u00f5es.<\/span><span data-ccp-props=\"{&quot;201341983&quot;:0,&quot;335559739&quot;:160,&quot;335559740&quot;:360}\"><br \/>\n<\/span><span data-contrast=\"auto\">&#8211; O terceiro frasco contido no kit chama-se Neutralize, e cont\u00e9m a enzima neutralizante Catalase. Ela \u00e9 indicada para aplica\u00e7\u00e3o na mucosa caso o gel clareador contate-a indevidamente durante a sess\u00e3o.<\/span><span data-ccp-props=\"{&quot;201341983&quot;:0,&quot;335559739&quot;:160,&quot;335559740&quot;:360}\">\u00a0<\/span><\/p>\n<ul>\n<li>APLICA\u00c7\u00c3O<\/li>\n<\/ul>\n<p><span data-contrast=\"auto\">O\u00a0<\/span><strong><span data-contrast=\"auto\">Kit Clareador\u00a0Whiteness\u00a0HP\u00a0Maxx\u00a0<\/span><\/strong><span data-contrast=\"auto\">da\u00a0<\/span><strong><span data-contrast=\"auto\">FGM\u00a0<\/span><\/strong><span data-contrast=\"auto\">\u00e9 um clareador de uso em consult\u00f3rio \u00e0 base de per\u00f3xido de hidrog\u00eanio a 35%, indicado para o clareamento de dentes vitais e n\u00e3o vitais (clareamento interno, gel aplicado durante a sess\u00e3o).\u00a0<\/span><span data-ccp-props=\"{&quot;201341983&quot;:0,&quot;335551550&quot;:6,&quot;335551620&quot;:6,&quot;335559739&quot;:160,&quot;335559740&quot;:360}\">\u00a0<\/span><\/p>\n<p><span data-contrast=\"auto\">Vers\u00e1til e pr\u00e1tico, possui um sistema de frascos com mistura de gota a gota que permite a dosagem espec\u00edfica para o n\u00famero de dentes que ir\u00e3o ser clareados, evitando o desperd\u00edcio de material.\u00a0<\/span><span data-ccp-props=\"{&quot;201341983&quot;:0,&quot;335551550&quot;:6,&quot;335551620&quot;:6,&quot;335559739&quot;:160,&quot;335559740&quot;:360}\">\u00a0<\/span><\/p>\n<p><span data-contrast=\"auto\">1.O produto est\u00e1 dispon\u00edvel em dois frascos: um deles contendo o per\u00f3xido de hidrog\u00eanio e o outro contendo o espessante. A propor\u00e7\u00e3o correta para a mistura das fases \u00e9 de 3 gotas de per\u00f3xido para 1 gota de espessante. A quantidade necess\u00e1ria para aplica\u00e7\u00e3o nos dois arcos, de 2\u00ba pr\u00e9-molar a outro, \u00e9 de aproximadamente 15:5 ou 18:6, conforme tamanho dos dentes. Dispense as quantidades desejadas dentro do recipiente misturador e misture as fases vigorosamente por 40 segundos, at\u00e9 assumirem uma viscosidade de gel com baixo escoamento.<\/span><\/p>\n<p>2.Aplique o gel com aux\u00edlio de uma esp\u00e1tula e deixe-o permanecer por 15 minutos em contato com os dentes. Ap\u00f3s este per\u00edodo, remova o gel por suc\u00e7\u00e3o e ap\u00f3s isso aplique novas misturas por mais 15 minutos cada, totalizando 45 minutos de contato do gel com os dentes em uma sess\u00e3o.<\/p>\n","protected":false},"excerpt":{"rendered":"<p>Per\u00f3xido de Hidrog\u00eanio. Kit com 10g de\u00a0Clareador\u00a0Whiteness\u00a0HP\u00a0Maxx\u00a035%\u00a0+ 5g de Espessante + 2g de Neutralizante + Esp\u00e1tula + Placa para preparo do gel +\u00a01 Barreira Gengival\u00a0Top\u00a0Dam Azul com 2g + 6 [&hellip;]<\/p>\n","protected":false},"featured_media":760,"template":"","meta":[],"product_brand":[],"product_cat":[54,55,36,51],"product_tag":[],"class_list":{"0":"post-759","1":"product","2":"type-product","3":"status-publish","4":"has-post-thumbnail","6":"product_cat-clareador-caseiro","7":"product_cat-clareador-de-consultorio","8":"product_cat-clareamento","9":"product_cat-dentistica-e-estetica","11":"first","12":"instock","13":"shipping-taxable","14":"product-type-simple"},"yoast_head":"<!-- This site is optimized with the Yoast SEO plugin v26.8 - https:\/\/yoast.com\/product\/yoast-seo-wordpress\/ -->\n<title>Kit Clareador Whiteness HP Maxx - FGM - Fator Dental<\/title>\n<meta name=\"robots\" content=\"index, follow, max-snippet:-1, max-image-preview:large, max-video-preview:-1\" \/>\n<link rel=\"canonical\" href=\"https:\/\/fatordental.com.br\/index.php\/produto\/kit-clareador-whiteness-hp-maxx-fgm\/\" \/>\n<meta property=\"og:locale\" content=\"pt_BR\" \/>\n<meta property=\"og:type\" content=\"article\" \/>\n<meta property=\"og:title\" content=\"Kit Clareador Whiteness HP Maxx - FGM - Fator Dental\" \/>\n<meta property=\"og:description\" content=\"Per\u00f3xido de Hidrog\u00eanio. Kit com 10g de\u00a0Clareador\u00a0Whiteness\u00a0HP\u00a0Maxx\u00a035%\u00a0+ 5g de Espessante + 2g de Neutralizante + Esp\u00e1tula + Placa para preparo do gel +\u00a01 Barreira Gengival\u00a0Top\u00a0Dam Azul com 2g + 6 [&hellip;]\" \/>\n<meta property=\"og:url\" content=\"https:\/\/fatordental.com.br\/index.php\/produto\/kit-clareador-whiteness-hp-maxx-fgm\/\" \/>\n<meta property=\"og:site_name\" content=\"Fator Dental\" \/>\n<meta property=\"og:image\" content=\"https:\/\/fatordental.com.br\/wp-content\/uploads\/2022\/12\/clareador-whiteness-hp-maxx-fgm-114643.jpg\" \/>\n\t<meta property=\"og:image:width\" content=\"900\" \/>\n\t<meta property=\"og:image:height\" content=\"900\" \/>\n\t<meta property=\"og:image:type\" content=\"image\/jpeg\" \/>\n<meta name=\"twitter:card\" content=\"summary_large_image\" \/>\n<meta name=\"twitter:label1\" content=\"Est. tempo de leitura\" \/>\n\t<meta name=\"twitter:data1\" content=\"3 minutos\" \/>\n<script type=\"application\/ld+json\" class=\"yoast-schema-graph\">{\"@context\":\"https:\/\/schema.org\",\"@graph\":[{\"@type\":\"WebPage\",\"@id\":\"https:\/\/fatordental.com.br\/index.php\/produto\/kit-clareador-whiteness-hp-maxx-fgm\/\",\"url\":\"https:\/\/fatordental.com.br\/index.php\/produto\/kit-clareador-whiteness-hp-maxx-fgm\/\",\"name\":\"Kit Clareador Whiteness HP Maxx - FGM - Fator Dental\",\"isPartOf\":{\"@id\":\"https:\/\/fatordental.com.br\/#website\"},\"primaryImageOfPage\":{\"@id\":\"https:\/\/fatordental.com.br\/index.php\/produto\/kit-clareador-whiteness-hp-maxx-fgm\/#primaryimage\"},\"image\":{\"@id\":\"https:\/\/fatordental.com.br\/index.php\/produto\/kit-clareador-whiteness-hp-maxx-fgm\/#primaryimage\"},\"thumbnailUrl\":\"https:\/\/fatordental.com.br\/wp-content\/uploads\/2022\/12\/clareador-whiteness-hp-maxx-fgm-114643.jpg\",\"datePublished\":\"2022-12-29T13:48:32+00:00\",\"breadcrumb\":{\"@id\":\"https:\/\/fatordental.com.br\/index.php\/produto\/kit-clareador-whiteness-hp-maxx-fgm\/#breadcrumb\"},\"inLanguage\":\"pt-BR\",\"potentialAction\":[{\"@type\":\"ReadAction\",\"target\":[\"https:\/\/fatordental.com.br\/index.php\/produto\/kit-clareador-whiteness-hp-maxx-fgm\/\"]}]},{\"@type\":\"ImageObject\",\"inLanguage\":\"pt-BR\",\"@id\":\"https:\/\/fatordental.com.br\/index.php\/produto\/kit-clareador-whiteness-hp-maxx-fgm\/#primaryimage\",\"url\":\"https:\/\/fatordental.com.br\/wp-content\/uploads\/2022\/12\/clareador-whiteness-hp-maxx-fgm-114643.jpg\",\"contentUrl\":\"https:\/\/fatordental.com.br\/wp-content\/uploads\/2022\/12\/clareador-whiteness-hp-maxx-fgm-114643.jpg\",\"width\":900,\"height\":900},{\"@type\":\"BreadcrumbList\",\"@id\":\"https:\/\/fatordental.com.br\/index.php\/produto\/kit-clareador-whiteness-hp-maxx-fgm\/#breadcrumb\",\"itemListElement\":[{\"@type\":\"ListItem\",\"position\":1,\"name\":\"In\u00edcio\",\"item\":\"https:\/\/fatordental.com.br\/\"},{\"@type\":\"ListItem\",\"position\":2,\"name\":\"Produtos\",\"item\":\"https:\/\/fatordental.com.br\/index.php\/produtos\/\"},{\"@type\":\"ListItem\",\"position\":3,\"name\":\"Kit Clareador Whiteness HP Maxx &#8211; FGM\"}]},{\"@type\":\"WebSite\",\"@id\":\"https:\/\/fatordental.com.br\/#website\",\"url\":\"https:\/\/fatordental.com.br\/\",\"name\":\"Fator Dental\",\"description\":\"Produtos Ondontol\u00f3gicos\",\"publisher\":{\"@id\":\"https:\/\/fatordental.com.br\/#organization\"},\"potentialAction\":[{\"@type\":\"SearchAction\",\"target\":{\"@type\":\"EntryPoint\",\"urlTemplate\":\"https:\/\/fatordental.com.br\/?s={search_term_string}\"},\"query-input\":{\"@type\":\"PropertyValueSpecification\",\"valueRequired\":true,\"valueName\":\"search_term_string\"}}],\"inLanguage\":\"pt-BR\"},{\"@type\":\"Organization\",\"@id\":\"https:\/\/fatordental.com.br\/#organization\",\"name\":\"Fator Dental\",\"url\":\"https:\/\/fatordental.com.br\/\",\"logo\":{\"@type\":\"ImageObject\",\"inLanguage\":\"pt-BR\",\"@id\":\"https:\/\/fatordental.com.br\/#\/schema\/logo\/image\/\",\"url\":\"https:\/\/fatordental.com.br\/wp-content\/uploads\/2023\/02\/logo_fator.png\",\"contentUrl\":\"https:\/\/fatordental.com.br\/wp-content\/uploads\/2023\/02\/logo_fator.png\",\"width\":400,\"height\":256,\"caption\":\"Fator Dental\"},\"image\":{\"@id\":\"https:\/\/fatordental.com.br\/#\/schema\/logo\/image\/\"},\"sameAs\":[\"https:\/\/www.instagram.com\/fatordental\/\"]}]}<\/script>\n<!-- \/ Yoast SEO plugin. -->","yoast_head_json":{"title":"Kit Clareador Whiteness HP Maxx - FGM - Fator Dental","robots":{"index":"index","follow":"follow","max-snippet":"max-snippet:-1","max-image-preview":"max-image-preview:large","max-video-preview":"max-video-preview:-1"},"canonical":"https:\/\/fatordental.com.br\/index.php\/produto\/kit-clareador-whiteness-hp-maxx-fgm\/","og_locale":"pt_BR","og_type":"article","og_title":"Kit Clareador Whiteness HP Maxx - FGM - Fator Dental","og_description":"Per\u00f3xido de Hidrog\u00eanio. Kit com 10g de\u00a0Clareador\u00a0Whiteness\u00a0HP\u00a0Maxx\u00a035%\u00a0+ 5g de Espessante + 2g de Neutralizante + Esp\u00e1tula + Placa para preparo do gel +\u00a01 Barreira Gengival\u00a0Top\u00a0Dam Azul com 2g + 6 [&hellip;]","og_url":"https:\/\/fatordental.com.br\/index.php\/produto\/kit-clareador-whiteness-hp-maxx-fgm\/","og_site_name":"Fator Dental","og_image":[{"width":900,"height":900,"url":"https:\/\/fatordental.com.br\/wp-content\/uploads\/2022\/12\/clareador-whiteness-hp-maxx-fgm-114643.jpg","type":"image\/jpeg"}],"twitter_card":"summary_large_image","twitter_misc":{"Est. tempo de leitura":"3 minutos"},"schema":{"@context":"https:\/\/schema.org","@graph":[{"@type":"WebPage","@id":"https:\/\/fatordental.com.br\/index.php\/produto\/kit-clareador-whiteness-hp-maxx-fgm\/","url":"https:\/\/fatordental.com.br\/index.php\/produto\/kit-clareador-whiteness-hp-maxx-fgm\/","name":"Kit Clareador Whiteness HP Maxx - FGM - Fator Dental","isPartOf":{"@id":"https:\/\/fatordental.com.br\/#website"},"primaryImageOfPage":{"@id":"https:\/\/fatordental.com.br\/index.php\/produto\/kit-clareador-whiteness-hp-maxx-fgm\/#primaryimage"},"image":{"@id":"https:\/\/fatordental.com.br\/index.php\/produto\/kit-clareador-whiteness-hp-maxx-fgm\/#primaryimage"},"thumbnailUrl":"https:\/\/fatordental.com.br\/wp-content\/uploads\/2022\/12\/clareador-whiteness-hp-maxx-fgm-114643.jpg","datePublished":"2022-12-29T13:48:32+00:00","breadcrumb":{"@id":"https:\/\/fatordental.com.br\/index.php\/produto\/kit-clareador-whiteness-hp-maxx-fgm\/#breadcrumb"},"inLanguage":"pt-BR","potentialAction":[{"@type":"ReadAction","target":["https:\/\/fatordental.com.br\/index.php\/produto\/kit-clareador-whiteness-hp-maxx-fgm\/"]}]},{"@type":"ImageObject","inLanguage":"pt-BR","@id":"https:\/\/fatordental.com.br\/index.php\/produto\/kit-clareador-whiteness-hp-maxx-fgm\/#primaryimage","url":"https:\/\/fatordental.com.br\/wp-content\/uploads\/2022\/12\/clareador-whiteness-hp-maxx-fgm-114643.jpg","contentUrl":"https:\/\/fatordental.com.br\/wp-content\/uploads\/2022\/12\/clareador-whiteness-hp-maxx-fgm-114643.jpg","width":900,"height":900},{"@type":"BreadcrumbList","@id":"https:\/\/fatordental.com.br\/index.php\/produto\/kit-clareador-whiteness-hp-maxx-fgm\/#breadcrumb","itemListElement":[{"@type":"ListItem","position":1,"name":"In\u00edcio","item":"https:\/\/fatordental.com.br\/"},{"@type":"ListItem","position":2,"name":"Produtos","item":"https:\/\/fatordental.com.br\/index.php\/produtos\/"},{"@type":"ListItem","position":3,"name":"Kit Clareador Whiteness HP Maxx &#8211; FGM"}]},{"@type":"WebSite","@id":"https:\/\/fatordental.com.br\/#website","url":"https:\/\/fatordental.com.br\/","name":"Fator Dental","description":"Produtos Ondontol\u00f3gicos","publisher":{"@id":"https:\/\/fatordental.com.br\/#organization"},"potentialAction":[{"@type":"SearchAction","target":{"@type":"EntryPoint","urlTemplate":"https:\/\/fatordental.com.br\/?s={search_term_string}"},"query-input":{"@type":"PropertyValueSpecification","valueRequired":true,"valueName":"search_term_string"}}],"inLanguage":"pt-BR"},{"@type":"Organization","@id":"https:\/\/fatordental.com.br\/#organization","name":"Fator Dental","url":"https:\/\/fatordental.com.br\/","logo":{"@type":"ImageObject","inLanguage":"pt-BR","@id":"https:\/\/fatordental.com.br\/#\/schema\/logo\/image\/","url":"https:\/\/fatordental.com.br\/wp-content\/uploads\/2023\/02\/logo_fator.png","contentUrl":"https:\/\/fatordental.com.br\/wp-content\/uploads\/2023\/02\/logo_fator.png","width":400,"height":256,"caption":"Fator Dental"},"image":{"@id":"https:\/\/fatordental.com.br\/#\/schema\/logo\/image\/"},"sameAs":["https:\/\/www.instagram.com\/fatordental\/"]}]}},"_links":{"self":[{"href":"https:\/\/fatordental.com.br\/index.php\/wp-json\/wp\/v2\/product\/759","targetHints":{"allow":["GET"]}}],"collection":[{"href":"https:\/\/fatordental.com.br\/index.php\/wp-json\/wp\/v2\/product"}],"about":[{"href":"https:\/\/fatordental.com.br\/index.php\/wp-json\/wp\/v2\/types\/product"}],"wp:featuredmedia":[{"embeddable":true,"href":"https:\/\/fatordental.com.br\/index.php\/wp-json\/wp\/v2\/media\/760"}],"wp:attachment":[{"href":"https:\/\/fatordental.com.br\/index.php\/wp-json\/wp\/v2\/media?parent=759"}],"wp:term":[{"taxonomy":"product_brand","embeddable":true,"href":"https:\/\/fatordental.com.br\/index.php\/wp-json\/wp\/v2\/product_brand?post=759"},{"taxonomy":"product_cat","embeddable":true,"href":"https:\/\/fatordental.com.br\/index.php\/wp-json\/wp\/v2\/product_cat?post=759"},{"taxonomy":"product_tag","embeddable":true,"href":"https:\/\/fatordental.com.br\/index.php\/wp-json\/wp\/v2\/product_tag?post=759"}],"curies":[{"name":"wp","href":"https:\/\/api.w.org\/{rel}","templated":true}]}}