{"id":757,"date":"2022-12-29T10:41:02","date_gmt":"2022-12-29T13:41:02","guid":{"rendered":"https:\/\/fatordental.com.br\/?post_type=product&#038;p=757"},"modified":"2022-12-29T10:41:03","modified_gmt":"2022-12-29T13:41:03","slug":"clareador-whiteness-hp-35-fgm","status":"publish","type":"product","link":"https:\/\/fatordental.com.br\/index.php\/produto\/clareador-whiteness-hp-35-fgm\/","title":{"rendered":"Clareador Whiteness HP 35% &#8211; FGM"},"content":{"rendered":"<p class=\"value\"><strong>Kit para 3 pacientes com 10g de Per\u00f3xido de Hidrog\u00eanio Concentrado + 5g de Espessante + 2g de Neutralize de solu\u00e7\u00e3o neutralizante do per\u00f3xido + esp\u00e1tula e placa para preparo do gel + Instru\u00e7\u00f5es para o profissional + 2g de Top Dam azul.<\/strong><\/p>\n<ul>\n<li>DETALHES<\/li>\n<\/ul>\n<p>-Gel clareador dental \u00e0 base de Per\u00f3xido de Hidrog\u00eanio na concentra\u00e7\u00e3o de 35%.<\/p>\n<p>-Pode ser usado em dentes individuais ou arcadas inteiras, com ou sem fonte de luz.<\/p>\n<p>-Para auxiliar no processo de clareamento, o produto cont\u00e9m um corante (sua cor altera de vermelho carmim para incolor ao final do processo) e que, quando irradiado com luz, converte esta em energia t\u00e9rmica que acelera o processo de penetra\u00e7\u00e3o do per\u00f3xido no dente e consequentemente o processo de clareamento.<\/p>\n<p>-Possui excelente viscosidade.<\/p>\n<p>-Armazenamento: em temperaturas entre 5 e 25\u00b0C para melhor conserva\u00e7\u00e3o do produto.<\/p>\n<p>-N\u00e3o congelar o produto.<\/p>\n<p>-Proteger da incid\u00eancia da luz solar direta.<\/p>\n<p>-Conta com sistema de frascos que possibilita uma manipula\u00e7\u00e3o na medida ideal.<\/p>\n<p>-Rendimento: 18 aplica\u00e7\u00f5es.<\/p>\n<p>-Validade: 2 anos a partir da data de fabrica\u00e7\u00e3o.<\/p>\n<p>-Registro ANVISA: 80172310022.<\/p>\n<ul>\n<li>APLICA\u00c7\u00c3O<\/li>\n<\/ul>\n<p>O\u00a0<strong>Clareador Whiteness HP 35%<\/strong>\u00a0da\u00a0<a title=\"Super Loja FGM\" href=\"https:\/\/www.dentalcremer.com.br\/super-loja\/fgm\"><strong>FGM<\/strong>\u00a0<\/a>\u00e9 a base de Per\u00f3xido de Hidrog\u00eanio, com sistemas de frasco com excelente rendimento. O seu uso \u00e9 indicado para dentes vitais e n\u00e3o vitais atrav\u00e9s da t\u00e9cnica de clareamento de consult\u00f3rio, aplicado em:<\/p>\n<p>-Dentes vitais naturalmente escuros ou amarelados e escurecidos pela idade.<\/p>\n<p>-Dentes vitais que se apresentam escurecidos ou manchados por subst\u00e2ncias extr\u00ednsecas, como: pigmentos de caf\u00e9, tabaco, ch\u00e1, entre outros.<\/p>\n<p>-Dentes vitais com manchas de intensidade suave \u00e0 moderada devido \u00e0 fluorose e manchados por tetraciclina, nos casos em que o manchamento for suave.<\/p>\n<p>-Em casos mais desafiadores (escurecimento severo) pode ser utilizado em combina\u00e7\u00e3o com a t\u00e9cnica caseira.<\/p>\n<p>-Caso o paciente submetido ao clareamento apresente dente n\u00e3o vital, o produto poder\u00e1 ser utilizado externamente ou internamente durante a sess\u00e3o em consult\u00f3rio. Adicionalmente clareadores internos como Whiteness Super Endo ou Whiteness Perborato poder\u00e3o ser aplicados intracoronariamente (curativo de demora) mediante avalia\u00e7\u00e3o cl\u00ednica precisa.<\/p>\n<p>-INSTRU\u00c7\u00d5ES DE US0<\/p>\n<p>Ele \u00e9 apresentado em duas fases distintas: uma chamada \u201cespessante\u201d e a outra chamada \u201cper\u00f3xido de hidrog\u00eanio\u201d que devem ser misturadas na propor\u00e7\u00e3o correta, gerando um gel viscoso.<\/p>\n<p>Preparando-se para o clareamento:<\/p>\n<ol>\n<li>Paramente-se (cirurgi\u00e3o-dentista e auxiliar) com seu equipamento de seguran\u00e7a (<strong><a title=\"luvas\" href=\"https:\/\/www.dentalcremer.com.br\/descartaveis\/luvas.html\">luvas<\/a><\/strong>, \u00f3culos,\u00a0<strong><a title=\"gorro\" href=\"https:\/\/www.dentalcremer.com.br\/vestuario\/toucas-e-gorros.html\">gorro<\/a><\/strong>,\u00a0<strong><a title=\"m\u00e1scara\" href=\"https:\/\/www.dentalcremer.com.br\/descartaveis\/mascara.html\">m\u00e1scara<\/a>\u00a0<\/strong>e\u00a0<strong><a title=\"avental\" href=\"https:\/\/www.dentalcremer.com.br\/descartaveis\/avental-descartavel.html\">avental<\/a><\/strong>) para manipular o produto. Paramente, tamb\u00e9m, seu paciente para evitar contato acidental do gel, utilizando gorro, \u00f3culos de prote\u00e7\u00e3o e um adequado afastador labial (<strong><a title=\"Arcflex da FGM\" href=\"https:\/\/www.dentalcremer.com.br\/afastador-labial-arcflex-kit-fgm-345087.html\">Arcflex da FGM<\/a><\/strong>\u00a0&#8211; vendido separadamente).<\/li>\n<li>Retire o clareador da embalagem observando as recomenda\u00e7\u00f5es de seguran\u00e7a;<\/li>\n<li>Agite vigorosamente o frasco do espessante para que seja homogeneizado seu conte\u00fado. Falha na homogeneiza\u00e7\u00e3o do espessante pode resultar em um gel de baixa viscosidade (viscosidade insuficiente);<\/li>\n<li>Prepare o recipiente para mistura e esp\u00e1tula para misturar o produto;<\/li>\n<\/ol>\n<p>Obs: Caso o clareador esteja sendo armazenado sob refrigera\u00e7\u00e3o retire-o pelo menos 30 minutos antes de iniciar o tratamento para que sua temperatura equalize com a ambiente.<\/p>\n<p>&nbsp;<\/p>\n","protected":false},"excerpt":{"rendered":"<p>Kit para 3 pacientes com 10g de Per\u00f3xido de Hidrog\u00eanio Concentrado + 5g de Espessante + 2g de Neutralize de solu\u00e7\u00e3o neutralizante do per\u00f3xido + esp\u00e1tula e placa para preparo [&hellip;]<\/p>\n","protected":false},"featured_media":758,"template":"","meta":[],"product_brand":[],"product_cat":[54,55,36,51],"product_tag":[],"class_list":{"0":"post-757","1":"product","2":"type-product","3":"status-publish","4":"has-post-thumbnail","6":"product_cat-clareador-caseiro","7":"product_cat-clareador-de-consultorio","8":"product_cat-clareamento","9":"product_cat-dentistica-e-estetica","11":"first","12":"instock","13":"shipping-taxable","14":"product-type-simple"},"yoast_head":"<!-- This site is optimized with the Yoast SEO plugin v27.6 - https:\/\/yoast.com\/product\/yoast-seo-wordpress\/ -->\n<title>Clareador Whiteness HP 35% - FGM - Fator Dental<\/title>\n<meta name=\"robots\" content=\"index, follow, max-snippet:-1, max-image-preview:large, max-video-preview:-1\" \/>\n<link rel=\"canonical\" href=\"https:\/\/fatordental.com.br\/index.php\/produto\/clareador-whiteness-hp-35-fgm\/\" \/>\n<meta property=\"og:locale\" content=\"pt_BR\" \/>\n<meta property=\"og:type\" content=\"article\" \/>\n<meta property=\"og:title\" content=\"Clareador Whiteness HP 35% - FGM - Fator Dental\" \/>\n<meta property=\"og:description\" content=\"Kit para 3 pacientes com 10g de Per\u00f3xido de Hidrog\u00eanio Concentrado + 5g de Espessante + 2g de Neutralize de solu\u00e7\u00e3o neutralizante do per\u00f3xido + esp\u00e1tula e placa para preparo [&hellip;]\" \/>\n<meta property=\"og:url\" content=\"https:\/\/fatordental.com.br\/index.php\/produto\/clareador-whiteness-hp-35-fgm\/\" \/>\n<meta property=\"og:site_name\" content=\"Fator Dental\" \/>\n<meta property=\"article:modified_time\" content=\"2022-12-29T13:41:03+00:00\" \/>\n<meta property=\"og:image\" content=\"https:\/\/fatordental.com.br\/wp-content\/uploads\/2022\/12\/clareador-whiteness-hp-fgm-315356-1.jpg\" \/>\n\t<meta property=\"og:image:width\" content=\"900\" \/>\n\t<meta property=\"og:image:height\" content=\"900\" \/>\n\t<meta property=\"og:image:type\" content=\"image\/jpeg\" \/>\n<meta name=\"twitter:card\" content=\"summary_large_image\" \/>\n<meta name=\"twitter:label1\" content=\"Est. tempo de leitura\" \/>\n\t<meta name=\"twitter:data1\" content=\"3 minutos\" \/>\n<script type=\"application\/ld+json\" class=\"yoast-schema-graph\">{\"@context\":\"https:\\\/\\\/schema.org\",\"@graph\":[{\"@type\":\"WebPage\",\"@id\":\"https:\\\/\\\/fatordental.com.br\\\/index.php\\\/produto\\\/clareador-whiteness-hp-35-fgm\\\/\",\"url\":\"https:\\\/\\\/fatordental.com.br\\\/index.php\\\/produto\\\/clareador-whiteness-hp-35-fgm\\\/\",\"name\":\"Clareador Whiteness HP 35% - FGM - Fator Dental\",\"isPartOf\":{\"@id\":\"https:\\\/\\\/fatordental.com.br\\\/#website\"},\"primaryImageOfPage\":{\"@id\":\"https:\\\/\\\/fatordental.com.br\\\/index.php\\\/produto\\\/clareador-whiteness-hp-35-fgm\\\/#primaryimage\"},\"image\":{\"@id\":\"https:\\\/\\\/fatordental.com.br\\\/index.php\\\/produto\\\/clareador-whiteness-hp-35-fgm\\\/#primaryimage\"},\"thumbnailUrl\":\"https:\\\/\\\/fatordental.com.br\\\/wp-content\\\/uploads\\\/2022\\\/12\\\/clareador-whiteness-hp-fgm-315356-1.jpg\",\"datePublished\":\"2022-12-29T13:41:02+00:00\",\"dateModified\":\"2022-12-29T13:41:03+00:00\",\"breadcrumb\":{\"@id\":\"https:\\\/\\\/fatordental.com.br\\\/index.php\\\/produto\\\/clareador-whiteness-hp-35-fgm\\\/#breadcrumb\"},\"inLanguage\":\"pt-BR\",\"potentialAction\":[{\"@type\":\"ReadAction\",\"target\":[\"https:\\\/\\\/fatordental.com.br\\\/index.php\\\/produto\\\/clareador-whiteness-hp-35-fgm\\\/\"]}]},{\"@type\":\"ImageObject\",\"inLanguage\":\"pt-BR\",\"@id\":\"https:\\\/\\\/fatordental.com.br\\\/index.php\\\/produto\\\/clareador-whiteness-hp-35-fgm\\\/#primaryimage\",\"url\":\"https:\\\/\\\/fatordental.com.br\\\/wp-content\\\/uploads\\\/2022\\\/12\\\/clareador-whiteness-hp-fgm-315356-1.jpg\",\"contentUrl\":\"https:\\\/\\\/fatordental.com.br\\\/wp-content\\\/uploads\\\/2022\\\/12\\\/clareador-whiteness-hp-fgm-315356-1.jpg\",\"width\":900,\"height\":900},{\"@type\":\"BreadcrumbList\",\"@id\":\"https:\\\/\\\/fatordental.com.br\\\/index.php\\\/produto\\\/clareador-whiteness-hp-35-fgm\\\/#breadcrumb\",\"itemListElement\":[{\"@type\":\"ListItem\",\"position\":1,\"name\":\"In\u00edcio\",\"item\":\"https:\\\/\\\/fatordental.com.br\\\/\"},{\"@type\":\"ListItem\",\"position\":2,\"name\":\"Produtos\",\"item\":\"https:\\\/\\\/fatordental.com.br\\\/index.php\\\/produtos\\\/\"},{\"@type\":\"ListItem\",\"position\":3,\"name\":\"Clareador Whiteness HP 35% &#8211; FGM\"}]},{\"@type\":\"WebSite\",\"@id\":\"https:\\\/\\\/fatordental.com.br\\\/#website\",\"url\":\"https:\\\/\\\/fatordental.com.br\\\/\",\"name\":\"Fator Dental\",\"description\":\"Produtos Ondontol\u00f3gicos\",\"publisher\":{\"@id\":\"https:\\\/\\\/fatordental.com.br\\\/#organization\"},\"potentialAction\":[{\"@type\":\"SearchAction\",\"target\":{\"@type\":\"EntryPoint\",\"urlTemplate\":\"https:\\\/\\\/fatordental.com.br\\\/?s={search_term_string}\"},\"query-input\":{\"@type\":\"PropertyValueSpecification\",\"valueRequired\":true,\"valueName\":\"search_term_string\"}}],\"inLanguage\":\"pt-BR\"},{\"@type\":\"Organization\",\"@id\":\"https:\\\/\\\/fatordental.com.br\\\/#organization\",\"name\":\"Fator Dental\",\"url\":\"https:\\\/\\\/fatordental.com.br\\\/\",\"logo\":{\"@type\":\"ImageObject\",\"inLanguage\":\"pt-BR\",\"@id\":\"https:\\\/\\\/fatordental.com.br\\\/#\\\/schema\\\/logo\\\/image\\\/\",\"url\":\"https:\\\/\\\/fatordental.com.br\\\/wp-content\\\/uploads\\\/2023\\\/02\\\/logo_fator.png\",\"contentUrl\":\"https:\\\/\\\/fatordental.com.br\\\/wp-content\\\/uploads\\\/2023\\\/02\\\/logo_fator.png\",\"width\":400,\"height\":256,\"caption\":\"Fator Dental\"},\"image\":{\"@id\":\"https:\\\/\\\/fatordental.com.br\\\/#\\\/schema\\\/logo\\\/image\\\/\"},\"sameAs\":[\"https:\\\/\\\/www.instagram.com\\\/fatordental\\\/\"]}]}<\/script>\n<!-- \/ Yoast SEO plugin. -->","yoast_head_json":{"title":"Clareador Whiteness HP 35% - FGM - Fator Dental","robots":{"index":"index","follow":"follow","max-snippet":"max-snippet:-1","max-image-preview":"max-image-preview:large","max-video-preview":"max-video-preview:-1"},"canonical":"https:\/\/fatordental.com.br\/index.php\/produto\/clareador-whiteness-hp-35-fgm\/","og_locale":"pt_BR","og_type":"article","og_title":"Clareador Whiteness HP 35% - FGM - Fator Dental","og_description":"Kit para 3 pacientes com 10g de Per\u00f3xido de Hidrog\u00eanio Concentrado + 5g de Espessante + 2g de Neutralize de solu\u00e7\u00e3o neutralizante do per\u00f3xido + esp\u00e1tula e placa para preparo [&hellip;]","og_url":"https:\/\/fatordental.com.br\/index.php\/produto\/clareador-whiteness-hp-35-fgm\/","og_site_name":"Fator Dental","article_modified_time":"2022-12-29T13:41:03+00:00","og_image":[{"width":900,"height":900,"url":"https:\/\/fatordental.com.br\/wp-content\/uploads\/2022\/12\/clareador-whiteness-hp-fgm-315356-1.jpg","type":"image\/jpeg"}],"twitter_card":"summary_large_image","twitter_misc":{"Est. tempo de leitura":"3 minutos"},"schema":{"@context":"https:\/\/schema.org","@graph":[{"@type":"WebPage","@id":"https:\/\/fatordental.com.br\/index.php\/produto\/clareador-whiteness-hp-35-fgm\/","url":"https:\/\/fatordental.com.br\/index.php\/produto\/clareador-whiteness-hp-35-fgm\/","name":"Clareador Whiteness HP 35% - FGM - Fator Dental","isPartOf":{"@id":"https:\/\/fatordental.com.br\/#website"},"primaryImageOfPage":{"@id":"https:\/\/fatordental.com.br\/index.php\/produto\/clareador-whiteness-hp-35-fgm\/#primaryimage"},"image":{"@id":"https:\/\/fatordental.com.br\/index.php\/produto\/clareador-whiteness-hp-35-fgm\/#primaryimage"},"thumbnailUrl":"https:\/\/fatordental.com.br\/wp-content\/uploads\/2022\/12\/clareador-whiteness-hp-fgm-315356-1.jpg","datePublished":"2022-12-29T13:41:02+00:00","dateModified":"2022-12-29T13:41:03+00:00","breadcrumb":{"@id":"https:\/\/fatordental.com.br\/index.php\/produto\/clareador-whiteness-hp-35-fgm\/#breadcrumb"},"inLanguage":"pt-BR","potentialAction":[{"@type":"ReadAction","target":["https:\/\/fatordental.com.br\/index.php\/produto\/clareador-whiteness-hp-35-fgm\/"]}]},{"@type":"ImageObject","inLanguage":"pt-BR","@id":"https:\/\/fatordental.com.br\/index.php\/produto\/clareador-whiteness-hp-35-fgm\/#primaryimage","url":"https:\/\/fatordental.com.br\/wp-content\/uploads\/2022\/12\/clareador-whiteness-hp-fgm-315356-1.jpg","contentUrl":"https:\/\/fatordental.com.br\/wp-content\/uploads\/2022\/12\/clareador-whiteness-hp-fgm-315356-1.jpg","width":900,"height":900},{"@type":"BreadcrumbList","@id":"https:\/\/fatordental.com.br\/index.php\/produto\/clareador-whiteness-hp-35-fgm\/#breadcrumb","itemListElement":[{"@type":"ListItem","position":1,"name":"In\u00edcio","item":"https:\/\/fatordental.com.br\/"},{"@type":"ListItem","position":2,"name":"Produtos","item":"https:\/\/fatordental.com.br\/index.php\/produtos\/"},{"@type":"ListItem","position":3,"name":"Clareador Whiteness HP 35% &#8211; FGM"}]},{"@type":"WebSite","@id":"https:\/\/fatordental.com.br\/#website","url":"https:\/\/fatordental.com.br\/","name":"Fator Dental","description":"Produtos Ondontol\u00f3gicos","publisher":{"@id":"https:\/\/fatordental.com.br\/#organization"},"potentialAction":[{"@type":"SearchAction","target":{"@type":"EntryPoint","urlTemplate":"https:\/\/fatordental.com.br\/?s={search_term_string}"},"query-input":{"@type":"PropertyValueSpecification","valueRequired":true,"valueName":"search_term_string"}}],"inLanguage":"pt-BR"},{"@type":"Organization","@id":"https:\/\/fatordental.com.br\/#organization","name":"Fator Dental","url":"https:\/\/fatordental.com.br\/","logo":{"@type":"ImageObject","inLanguage":"pt-BR","@id":"https:\/\/fatordental.com.br\/#\/schema\/logo\/image\/","url":"https:\/\/fatordental.com.br\/wp-content\/uploads\/2023\/02\/logo_fator.png","contentUrl":"https:\/\/fatordental.com.br\/wp-content\/uploads\/2023\/02\/logo_fator.png","width":400,"height":256,"caption":"Fator Dental"},"image":{"@id":"https:\/\/fatordental.com.br\/#\/schema\/logo\/image\/"},"sameAs":["https:\/\/www.instagram.com\/fatordental\/"]}]}},"_links":{"self":[{"href":"https:\/\/fatordental.com.br\/index.php\/wp-json\/wp\/v2\/product\/757","targetHints":{"allow":["GET"]}}],"collection":[{"href":"https:\/\/fatordental.com.br\/index.php\/wp-json\/wp\/v2\/product"}],"about":[{"href":"https:\/\/fatordental.com.br\/index.php\/wp-json\/wp\/v2\/types\/product"}],"wp:featuredmedia":[{"embeddable":true,"href":"https:\/\/fatordental.com.br\/index.php\/wp-json\/wp\/v2\/media\/758"}],"wp:attachment":[{"href":"https:\/\/fatordental.com.br\/index.php\/wp-json\/wp\/v2\/media?parent=757"}],"wp:term":[{"taxonomy":"product_brand","embeddable":true,"href":"https:\/\/fatordental.com.br\/index.php\/wp-json\/wp\/v2\/product_brand?post=757"},{"taxonomy":"product_cat","embeddable":true,"href":"https:\/\/fatordental.com.br\/index.php\/wp-json\/wp\/v2\/product_cat?post=757"},{"taxonomy":"product_tag","embeddable":true,"href":"https:\/\/fatordental.com.br\/index.php\/wp-json\/wp\/v2\/product_tag?post=757"}],"curies":[{"name":"wp","href":"https:\/\/api.w.org\/{rel}","templated":true}]}}