{"id":754,"date":"2022-12-29T10:16:24","date_gmt":"2022-12-29T13:16:24","guid":{"rendered":"https:\/\/fatordental.com.br\/?post_type=product&#038;p=754"},"modified":"2022-12-29T10:16:24","modified_gmt":"2022-12-29T13:16:24","slug":"clareador-whiteness-hp-blue-35-fgm","status":"publish","type":"product","link":"https:\/\/fatordental.com.br\/index.php\/produto\/clareador-whiteness-hp-blue-35-fgm\/","title":{"rendered":"Clareador Whiteness HP Blue 35% &#8211; FGM"},"content":{"rendered":"<p class=\"value\"><strong>Per\u00f3xido de Hidrog\u00eanio 35%. Confira os itens do Kit em Informa\u00e7\u00e3o Adicionais.<\/strong><\/p>\n<ul>\n<li>DETALHES<\/li>\n<\/ul>\n<p>-Uso exclusivo em consult\u00f3rios, por profissionais habilitados.<br \/>\n&#8211; Produto \u00e0 base de per\u00f3xido de hidrog\u00eanio a 35%.<br \/>\n&#8211; Seringas acopl\u00e1veis para realiza\u00e7\u00e3o da mistura de fases de forma facilitada.<br \/>\n&#8211; Aplica\u00e7\u00e3o \u00fanica por sess\u00e3o com at\u00e9 40 minutos em contato com os dentes.<br \/>\n&#8211; PH est\u00e1vel e alcalino durante a sess\u00e3o.<br \/>\n&#8211; Mant\u00e9m a integridade do esmalte com a redu\u00e7\u00e3o da queda de micro dureza do esmalte.<br \/>\n&#8211; Conta com por\u00e7\u00f5es pr\u00e9-dosadas para facilitar e agilizar o preparo do gel.<br \/>\n&#8211; Maior facilidade no controle visual por n\u00e3o alterar a sua cor durante o processo.<br \/>\n&#8211; Rende at\u00e9 tr\u00eas pacientes.- Validade: 2 anos a partir da data de fabrica\u00e7\u00e3o.<br \/>\n&#8211; Registro ANVISA: 80172310072.<\/p>\n<ul>\n<li>APLICA\u00c7\u00c3O<\/li>\n<\/ul>\n<p>O\u00a0<strong>Clareador Whiteness HP Blue 35%<\/strong>\u00a0da\u00a0<a href=\"https:\/\/www.dentalcremer.com.br\/super-loja\/fgm.html\" target=\"_blank\" rel=\"noopener\"><strong>FGM<\/strong>\u00a0<\/a>conta com a\u00e7\u00e3o remineralizante com a presen\u00e7a de c\u00e1lcio e praticidade de mistura das fases. Seu uso \u00e9 indicado para clareamento de dentes vitais e n\u00e3o vitais em consult\u00f3rio.<\/p>\n<p>Com sistema auto catalisado, ele se torna muito mais eficiente e ativo, fator que faz com que dispense a utiliza\u00e7\u00e3o de fontes externas de acelera\u00e7\u00e3o. Al\u00e9m disso, o sistema de seringas acopl\u00e1veis proporciona uma \u00f3tima homogeneiza\u00e7\u00e3o.<\/p>\n<p>Kit com 6 conjuntos de seringas (cada conjunto com 1 seringa de Per\u00f3xido de Hidrog\u00eanio com 0,84g e 1 seringa de Espessante com 0,36g, 1,2g no total em cada conjunto) + 1 seringa de Top Dam com 2g + Neutralizante com 2g + 6 dispositivos de acoplamento das seringas + ponteiras de aplica\u00e7\u00e3o.<\/p>\n","protected":false},"excerpt":{"rendered":"<p>Per\u00f3xido de Hidrog\u00eanio 35%. Confira os itens do Kit em Informa\u00e7\u00e3o Adicionais. DETALHES -Uso exclusivo em consult\u00f3rios, por profissionais habilitados. &#8211; Produto \u00e0 base de per\u00f3xido de hidrog\u00eanio a 35%. [&hellip;]<\/p>\n","protected":false},"featured_media":755,"template":"","meta":[],"product_brand":[],"product_cat":[54,55,36,51],"product_tag":[],"class_list":{"0":"post-754","1":"product","2":"type-product","3":"status-publish","4":"has-post-thumbnail","6":"product_cat-clareador-caseiro","7":"product_cat-clareador-de-consultorio","8":"product_cat-clareamento","9":"product_cat-dentistica-e-estetica","11":"first","12":"instock","13":"shipping-taxable","14":"product-type-simple"},"yoast_head":"<!-- This site is optimized with the Yoast SEO plugin v26.8 - https:\/\/yoast.com\/product\/yoast-seo-wordpress\/ -->\n<title>Clareador Whiteness HP Blue 35% - FGM - Fator Dental<\/title>\n<meta name=\"robots\" content=\"index, follow, max-snippet:-1, max-image-preview:large, max-video-preview:-1\" \/>\n<link rel=\"canonical\" href=\"https:\/\/fatordental.com.br\/index.php\/produto\/clareador-whiteness-hp-blue-35-fgm\/\" \/>\n<meta property=\"og:locale\" content=\"pt_BR\" \/>\n<meta property=\"og:type\" content=\"article\" \/>\n<meta property=\"og:title\" content=\"Clareador Whiteness HP Blue 35% - FGM - Fator Dental\" \/>\n<meta property=\"og:description\" content=\"Per\u00f3xido de Hidrog\u00eanio 35%. Confira os itens do Kit em Informa\u00e7\u00e3o Adicionais. DETALHES -Uso exclusivo em consult\u00f3rios, por profissionais habilitados. &#8211; Produto \u00e0 base de per\u00f3xido de hidrog\u00eanio a 35%. [&hellip;]\" \/>\n<meta property=\"og:url\" content=\"https:\/\/fatordental.com.br\/index.php\/produto\/clareador-whiteness-hp-blue-35-fgm\/\" \/>\n<meta property=\"og:site_name\" content=\"Fator Dental\" \/>\n<meta property=\"og:image\" content=\"https:\/\/fatordental.com.br\/wp-content\/uploads\/2022\/12\/clareador-whiteness-hp-blue-35-fgm-345155.jpg\" \/>\n\t<meta property=\"og:image:width\" content=\"800\" \/>\n\t<meta property=\"og:image:height\" content=\"800\" \/>\n\t<meta property=\"og:image:type\" content=\"image\/jpeg\" \/>\n<meta name=\"twitter:card\" content=\"summary_large_image\" \/>\n<meta name=\"twitter:label1\" content=\"Est. tempo de leitura\" \/>\n\t<meta name=\"twitter:data1\" content=\"2 minutos\" \/>\n<script type=\"application\/ld+json\" class=\"yoast-schema-graph\">{\"@context\":\"https:\/\/schema.org\",\"@graph\":[{\"@type\":\"WebPage\",\"@id\":\"https:\/\/fatordental.com.br\/index.php\/produto\/clareador-whiteness-hp-blue-35-fgm\/\",\"url\":\"https:\/\/fatordental.com.br\/index.php\/produto\/clareador-whiteness-hp-blue-35-fgm\/\",\"name\":\"Clareador Whiteness HP Blue 35% - FGM - Fator Dental\",\"isPartOf\":{\"@id\":\"https:\/\/fatordental.com.br\/#website\"},\"primaryImageOfPage\":{\"@id\":\"https:\/\/fatordental.com.br\/index.php\/produto\/clareador-whiteness-hp-blue-35-fgm\/#primaryimage\"},\"image\":{\"@id\":\"https:\/\/fatordental.com.br\/index.php\/produto\/clareador-whiteness-hp-blue-35-fgm\/#primaryimage\"},\"thumbnailUrl\":\"https:\/\/fatordental.com.br\/wp-content\/uploads\/2022\/12\/clareador-whiteness-hp-blue-35-fgm-345155.jpg\",\"datePublished\":\"2022-12-29T13:16:24+00:00\",\"breadcrumb\":{\"@id\":\"https:\/\/fatordental.com.br\/index.php\/produto\/clareador-whiteness-hp-blue-35-fgm\/#breadcrumb\"},\"inLanguage\":\"pt-BR\",\"potentialAction\":[{\"@type\":\"ReadAction\",\"target\":[\"https:\/\/fatordental.com.br\/index.php\/produto\/clareador-whiteness-hp-blue-35-fgm\/\"]}]},{\"@type\":\"ImageObject\",\"inLanguage\":\"pt-BR\",\"@id\":\"https:\/\/fatordental.com.br\/index.php\/produto\/clareador-whiteness-hp-blue-35-fgm\/#primaryimage\",\"url\":\"https:\/\/fatordental.com.br\/wp-content\/uploads\/2022\/12\/clareador-whiteness-hp-blue-35-fgm-345155.jpg\",\"contentUrl\":\"https:\/\/fatordental.com.br\/wp-content\/uploads\/2022\/12\/clareador-whiteness-hp-blue-35-fgm-345155.jpg\",\"width\":800,\"height\":800},{\"@type\":\"BreadcrumbList\",\"@id\":\"https:\/\/fatordental.com.br\/index.php\/produto\/clareador-whiteness-hp-blue-35-fgm\/#breadcrumb\",\"itemListElement\":[{\"@type\":\"ListItem\",\"position\":1,\"name\":\"In\u00edcio\",\"item\":\"https:\/\/fatordental.com.br\/\"},{\"@type\":\"ListItem\",\"position\":2,\"name\":\"Produtos\",\"item\":\"https:\/\/fatordental.com.br\/index.php\/produtos\/\"},{\"@type\":\"ListItem\",\"position\":3,\"name\":\"Clareador Whiteness HP Blue 35% &#8211; FGM\"}]},{\"@type\":\"WebSite\",\"@id\":\"https:\/\/fatordental.com.br\/#website\",\"url\":\"https:\/\/fatordental.com.br\/\",\"name\":\"Fator Dental\",\"description\":\"Produtos Ondontol\u00f3gicos\",\"publisher\":{\"@id\":\"https:\/\/fatordental.com.br\/#organization\"},\"potentialAction\":[{\"@type\":\"SearchAction\",\"target\":{\"@type\":\"EntryPoint\",\"urlTemplate\":\"https:\/\/fatordental.com.br\/?s={search_term_string}\"},\"query-input\":{\"@type\":\"PropertyValueSpecification\",\"valueRequired\":true,\"valueName\":\"search_term_string\"}}],\"inLanguage\":\"pt-BR\"},{\"@type\":\"Organization\",\"@id\":\"https:\/\/fatordental.com.br\/#organization\",\"name\":\"Fator Dental\",\"url\":\"https:\/\/fatordental.com.br\/\",\"logo\":{\"@type\":\"ImageObject\",\"inLanguage\":\"pt-BR\",\"@id\":\"https:\/\/fatordental.com.br\/#\/schema\/logo\/image\/\",\"url\":\"https:\/\/fatordental.com.br\/wp-content\/uploads\/2023\/02\/logo_fator.png\",\"contentUrl\":\"https:\/\/fatordental.com.br\/wp-content\/uploads\/2023\/02\/logo_fator.png\",\"width\":400,\"height\":256,\"caption\":\"Fator Dental\"},\"image\":{\"@id\":\"https:\/\/fatordental.com.br\/#\/schema\/logo\/image\/\"},\"sameAs\":[\"https:\/\/www.instagram.com\/fatordental\/\"]}]}<\/script>\n<!-- \/ Yoast SEO plugin. -->","yoast_head_json":{"title":"Clareador Whiteness HP Blue 35% - FGM - Fator Dental","robots":{"index":"index","follow":"follow","max-snippet":"max-snippet:-1","max-image-preview":"max-image-preview:large","max-video-preview":"max-video-preview:-1"},"canonical":"https:\/\/fatordental.com.br\/index.php\/produto\/clareador-whiteness-hp-blue-35-fgm\/","og_locale":"pt_BR","og_type":"article","og_title":"Clareador Whiteness HP Blue 35% - FGM - Fator Dental","og_description":"Per\u00f3xido de Hidrog\u00eanio 35%. Confira os itens do Kit em Informa\u00e7\u00e3o Adicionais. DETALHES -Uso exclusivo em consult\u00f3rios, por profissionais habilitados. &#8211; Produto \u00e0 base de per\u00f3xido de hidrog\u00eanio a 35%. [&hellip;]","og_url":"https:\/\/fatordental.com.br\/index.php\/produto\/clareador-whiteness-hp-blue-35-fgm\/","og_site_name":"Fator Dental","og_image":[{"width":800,"height":800,"url":"https:\/\/fatordental.com.br\/wp-content\/uploads\/2022\/12\/clareador-whiteness-hp-blue-35-fgm-345155.jpg","type":"image\/jpeg"}],"twitter_card":"summary_large_image","twitter_misc":{"Est. tempo de leitura":"2 minutos"},"schema":{"@context":"https:\/\/schema.org","@graph":[{"@type":"WebPage","@id":"https:\/\/fatordental.com.br\/index.php\/produto\/clareador-whiteness-hp-blue-35-fgm\/","url":"https:\/\/fatordental.com.br\/index.php\/produto\/clareador-whiteness-hp-blue-35-fgm\/","name":"Clareador Whiteness HP Blue 35% - FGM - Fator Dental","isPartOf":{"@id":"https:\/\/fatordental.com.br\/#website"},"primaryImageOfPage":{"@id":"https:\/\/fatordental.com.br\/index.php\/produto\/clareador-whiteness-hp-blue-35-fgm\/#primaryimage"},"image":{"@id":"https:\/\/fatordental.com.br\/index.php\/produto\/clareador-whiteness-hp-blue-35-fgm\/#primaryimage"},"thumbnailUrl":"https:\/\/fatordental.com.br\/wp-content\/uploads\/2022\/12\/clareador-whiteness-hp-blue-35-fgm-345155.jpg","datePublished":"2022-12-29T13:16:24+00:00","breadcrumb":{"@id":"https:\/\/fatordental.com.br\/index.php\/produto\/clareador-whiteness-hp-blue-35-fgm\/#breadcrumb"},"inLanguage":"pt-BR","potentialAction":[{"@type":"ReadAction","target":["https:\/\/fatordental.com.br\/index.php\/produto\/clareador-whiteness-hp-blue-35-fgm\/"]}]},{"@type":"ImageObject","inLanguage":"pt-BR","@id":"https:\/\/fatordental.com.br\/index.php\/produto\/clareador-whiteness-hp-blue-35-fgm\/#primaryimage","url":"https:\/\/fatordental.com.br\/wp-content\/uploads\/2022\/12\/clareador-whiteness-hp-blue-35-fgm-345155.jpg","contentUrl":"https:\/\/fatordental.com.br\/wp-content\/uploads\/2022\/12\/clareador-whiteness-hp-blue-35-fgm-345155.jpg","width":800,"height":800},{"@type":"BreadcrumbList","@id":"https:\/\/fatordental.com.br\/index.php\/produto\/clareador-whiteness-hp-blue-35-fgm\/#breadcrumb","itemListElement":[{"@type":"ListItem","position":1,"name":"In\u00edcio","item":"https:\/\/fatordental.com.br\/"},{"@type":"ListItem","position":2,"name":"Produtos","item":"https:\/\/fatordental.com.br\/index.php\/produtos\/"},{"@type":"ListItem","position":3,"name":"Clareador Whiteness HP Blue 35% &#8211; FGM"}]},{"@type":"WebSite","@id":"https:\/\/fatordental.com.br\/#website","url":"https:\/\/fatordental.com.br\/","name":"Fator Dental","description":"Produtos Ondontol\u00f3gicos","publisher":{"@id":"https:\/\/fatordental.com.br\/#organization"},"potentialAction":[{"@type":"SearchAction","target":{"@type":"EntryPoint","urlTemplate":"https:\/\/fatordental.com.br\/?s={search_term_string}"},"query-input":{"@type":"PropertyValueSpecification","valueRequired":true,"valueName":"search_term_string"}}],"inLanguage":"pt-BR"},{"@type":"Organization","@id":"https:\/\/fatordental.com.br\/#organization","name":"Fator Dental","url":"https:\/\/fatordental.com.br\/","logo":{"@type":"ImageObject","inLanguage":"pt-BR","@id":"https:\/\/fatordental.com.br\/#\/schema\/logo\/image\/","url":"https:\/\/fatordental.com.br\/wp-content\/uploads\/2023\/02\/logo_fator.png","contentUrl":"https:\/\/fatordental.com.br\/wp-content\/uploads\/2023\/02\/logo_fator.png","width":400,"height":256,"caption":"Fator Dental"},"image":{"@id":"https:\/\/fatordental.com.br\/#\/schema\/logo\/image\/"},"sameAs":["https:\/\/www.instagram.com\/fatordental\/"]}]}},"_links":{"self":[{"href":"https:\/\/fatordental.com.br\/index.php\/wp-json\/wp\/v2\/product\/754","targetHints":{"allow":["GET"]}}],"collection":[{"href":"https:\/\/fatordental.com.br\/index.php\/wp-json\/wp\/v2\/product"}],"about":[{"href":"https:\/\/fatordental.com.br\/index.php\/wp-json\/wp\/v2\/types\/product"}],"wp:featuredmedia":[{"embeddable":true,"href":"https:\/\/fatordental.com.br\/index.php\/wp-json\/wp\/v2\/media\/755"}],"wp:attachment":[{"href":"https:\/\/fatordental.com.br\/index.php\/wp-json\/wp\/v2\/media?parent=754"}],"wp:term":[{"taxonomy":"product_brand","embeddable":true,"href":"https:\/\/fatordental.com.br\/index.php\/wp-json\/wp\/v2\/product_brand?post=754"},{"taxonomy":"product_cat","embeddable":true,"href":"https:\/\/fatordental.com.br\/index.php\/wp-json\/wp\/v2\/product_cat?post=754"},{"taxonomy":"product_tag","embeddable":true,"href":"https:\/\/fatordental.com.br\/index.php\/wp-json\/wp\/v2\/product_tag?post=754"}],"curies":[{"name":"wp","href":"https:\/\/api.w.org\/{rel}","templated":true}]}}