{"id":748,"date":"2022-12-28T19:55:49","date_gmt":"2022-12-28T22:55:49","guid":{"rendered":"https:\/\/fatordental.com.br\/?post_type=product&#038;p=748"},"modified":"2023-03-15T06:56:45","modified_gmt":"2023-03-15T09:56:45","slug":"cimento-resinoso-dual-force-corpo-duplo-maquira","status":"publish","type":"product","link":"https:\/\/fatordental.com.br\/index.php\/produto\/cimento-resinoso-dual-force-corpo-duplo-maquira\/","title":{"rendered":"Cimento Resinoso Dual Force Corpo Duplo &#8211; Maquira"},"content":{"rendered":"<p class=\"value\"><strong>Kit com 5g (corpo duplo: 2,5g de Base + 2,5g de Catalisador) + 5 Ponteiras. Cor A2.<\/strong><\/p>\n<p>&nbsp;<\/p>\n<ul>\n<li>DETALHES<\/li>\n<\/ul>\n<p><span class=\"TextRun SCXW259016922 BCX0\" lang=\"PT-BR\" xml:lang=\"PT-BR\" data-contrast=\"auto\"><span class=\"NormalTextRun SCXW259016922 BCX0\" data-ccp-charstyle=\"normaltextrun\" data-ccp-charstyle-defn=\"{&quot;ObjectId&quot;:&quot;4ed93308-a1a0-4b8c-8f44-9440c7e1b328|188&quot;,&quot;ClassId&quot;:1073872969,&quot;Properties&quot;:[469775450,&quot;normaltextrun&quot;,201340122,&quot;1&quot;,134233614,&quot;true&quot;,469778129,&quot;normaltextrun&quot;,335572020,&quot;1&quot;,469778324,&quot;Default Paragraph Font&quot;]}\">&#8211; <\/span><span class=\"NormalTextRun SCXW259016922 BCX0\" data-ccp-charstyle=\"normaltextrun\">Cimento resinoso adesivo permanente.<\/span><\/span><span class=\"LineBreakBlob BlobObject DragDrop SCXW259016922 BCX0\"><span class=\"SCXW259016922 BCX0\">\u00a0<\/span><br class=\"SCXW259016922 BCX0\" \/><\/span><span class=\"TextRun SCXW259016922 BCX0\" lang=\"PT-BR\" xml:lang=\"PT-BR\" data-contrast=\"auto\"><span class=\"NormalTextRun SCXW259016922 BCX0\" data-ccp-charstyle=\"normaltextrun\">&#8211; Cura dual: qu\u00edmica e <\/span><span class=\"NormalTextRun SpellingErrorV2 SCXW259016922 BCX0\" data-ccp-charstyle=\"normaltextrun\">fotoativada<\/span><span class=\"NormalTextRun SCXW259016922 BCX0\" data-ccp-charstyle=\"normaltextrun\">.<\/span><\/span><span class=\"LineBreakBlob BlobObject DragDrop SCXW259016922 BCX0\"><span class=\"SCXW259016922 BCX0\">\u00a0<\/span><br class=\"SCXW259016922 BCX0\" \/><\/span><span class=\"TextRun SCXW259016922 BCX0\" lang=\"PT-BR\" xml:lang=\"PT-BR\" data-contrast=\"auto\"><span class=\"NormalTextRun SCXW259016922 BCX0\" data-ccp-charstyle=\"normaltextrun\">&#8211; Composto por duas pastas (base e catalisadora) que devem ser utilizadas na propor\u00e7\u00e3o 1:1.<\/span><\/span><span class=\"LineBreakBlob BlobObject DragDrop SCXW259016922 BCX0\"><span class=\"SCXW259016922 BCX0\">\u00a0<\/span><br class=\"SCXW259016922 BCX0\" \/><\/span><span class=\"TextRun SCXW259016922 BCX0\" lang=\"PT-BR\" xml:lang=\"PT-BR\" data-contrast=\"auto\"><span class=\"NormalTextRun SCXW259016922 BCX0\" data-ccp-charstyle=\"normaltextrun\">&#8211; Alta capacidade adesiva.<\/span><\/span><span class=\"LineBreakBlob BlobObject DragDrop SCXW259016922 BCX0\"><span class=\"SCXW259016922 BCX0\">\u00a0<\/span><br class=\"SCXW259016922 BCX0\" \/><\/span><span class=\"TextRun SCXW259016922 BCX0\" lang=\"PT-BR\" xml:lang=\"PT-BR\" data-contrast=\"auto\"><span class=\"NormalTextRun SCXW259016922 BCX0\" data-ccp-charstyle=\"normaltextrun\">&#8211; Alta resist\u00eancia flexural.<\/span><\/span><span class=\"LineBreakBlob BlobObject DragDrop SCXW259016922 BCX0\"><span class=\"SCXW259016922 BCX0\">\u00a0<\/span><br class=\"SCXW259016922 BCX0\" \/><\/span><span class=\"TextRun SCXW259016922 BCX0\" lang=\"PT-BR\" xml:lang=\"PT-BR\" data-contrast=\"auto\"><span class=\"NormalTextRun SCXW259016922 BCX0\" data-ccp-charstyle=\"normaltextrun\">&#8211; Alto grau de convers\u00e3o de cura qu\u00edmica e dual.<\/span><\/span><span class=\"LineBreakBlob BlobObject DragDrop SCXW259016922 BCX0\"><span class=\"SCXW259016922 BCX0\">\u00a0<\/span><br class=\"SCXW259016922 BCX0\" \/><\/span><span class=\"TextRun SCXW259016922 BCX0\" lang=\"PT-BR\" xml:lang=\"PT-BR\" data-contrast=\"auto\"><span class=\"NormalTextRun SCXW259016922 BCX0\" data-ccp-charstyle=\"normaltextrun\">&#8211; O corpo duplo permite maior facilidade na aplica\u00e7\u00e3o do produto e homogeneiza\u00e7\u00e3o.<\/span><\/span><span class=\"LineBreakBlob BlobObject DragDrop SCXW259016922 BCX0\"><span class=\"SCXW259016922 BCX0\">\u00a0<\/span><br class=\"SCXW259016922 BCX0\" \/><\/span><span class=\"TextRun SCXW259016922 BCX0\" lang=\"PT-BR\" xml:lang=\"PT-BR\" data-contrast=\"auto\"><span class=\"NormalTextRun SCXW259016922 BCX0\" data-ccp-charstyle=\"normaltextrun\">&#8211; \u00d3tima radiopacidade.<\/span><\/span><span class=\"LineBreakBlob BlobObject DragDrop SCXW259016922 BCX0\"><span class=\"SCXW259016922 BCX0\">\u00a0<\/span><br class=\"SCXW259016922 BCX0\" \/><\/span><span class=\"TextRun SCXW259016922 BCX0\" lang=\"PT-BR\" xml:lang=\"PT-BR\" data-contrast=\"auto\"><span class=\"NormalTextRun SCXW259016922 BCX0\" data-ccp-charstyle=\"normaltextrun\">&#8211; Ponteiras de <\/span><span class=\"NormalTextRun SpellingErrorV2 SCXW259016922 BCX0\" data-ccp-charstyle=\"normaltextrun\">automistura<\/span><span class=\"NormalTextRun SCXW259016922 BCX0\" data-ccp-charstyle=\"normaltextrun\">\u00a0devem ser descartadas ap\u00f3s o uso para evitar a infec\u00e7\u00e3o cruzada.\u00a0<\/span><\/span><span class=\"LineBreakBlob BlobObject DragDrop SCXW259016922 BCX0\"><span class=\"SCXW259016922 BCX0\">\u00a0<\/span><br class=\"SCXW259016922 BCX0\" \/><\/span><span class=\"TextRun SCXW259016922 BCX0\" lang=\"PT-BR\" xml:lang=\"PT-BR\" data-contrast=\"auto\"><span class=\"NormalTextRun SCXW259016922 BCX0\" data-ccp-charstyle=\"normaltextrun\">&#8211; Registro ANVISA: <\/span><span class=\"NormalTextRun SCXW259016922 BCX0\" data-ccp-charstyle=\"normaltextrun\">80322400096<\/span><span class=\"NormalTextRun SCXW259016922 BCX0\" data-ccp-charstyle=\"normaltextrun\">.<\/span><\/span><\/p>\n<p>&nbsp;<\/p>\n<ul>\n<li>APLICA\u00c7\u00c3O<\/li>\n<\/ul>\n<p><span class=\"TextRun SCXW122529940 BCX0\" lang=\"PT-BR\" xml:lang=\"PT-BR\" data-contrast=\"auto\"><span class=\"NormalTextRun SCXW122529940 BCX0\" data-ccp-charstyle=\"normaltextrun\" data-ccp-charstyle-defn=\"{&quot;ObjectId&quot;:&quot;4ed93308-a1a0-4b8c-8f44-9440c7e1b328|188&quot;,&quot;ClassId&quot;:1073872969,&quot;Properties&quot;:[469775450,&quot;normaltextrun&quot;,201340122,&quot;1&quot;,134233614,&quot;true&quot;,469778129,&quot;normaltextrun&quot;,335572020,&quot;1&quot;,469778324,&quot;Default Paragraph Font&quot;]}\">O<\/span>\u00a0<\/span><span class=\"TextRun SCXW122529940 BCX0\" lang=\"PT-BR\" xml:lang=\"PT-BR\" data-contrast=\"auto\"><span class=\"NormalTextRun SCXW122529940 BCX0\" data-ccp-charstyle=\"normaltextrun\"><strong>Cimento Resinoso Dual Force Corpo Duplo<\/strong>\u00a0<\/span><\/span><span class=\"TextRun SCXW122529940 BCX0\" lang=\"PT-BR\" xml:lang=\"PT-BR\" data-contrast=\"auto\"><span class=\"NormalTextRun SCXW122529940 BCX0\" data-ccp-charstyle=\"normaltextrun\">da\u00a0<\/span><\/span><strong><a class=\"Hyperlink SCXW122529940 BCX0\" href=\"https:\/\/www.dentalcremer.com.br\/super-loja\/maquira.html\" target=\"_blank\" rel=\"noopener noreferrer\"><span class=\"TextRun Underlined SCXW122529940 BCX0\" lang=\"PT-BR\" xml:lang=\"PT-BR\" data-contrast=\"none\"><span class=\"NormalTextRun SCXW122529940 BCX0\" data-ccp-charstyle=\"Hyperlink\">Maquira<\/span><\/span><\/a><\/strong><span class=\"TextRun SCXW122529940 BCX0\" lang=\"PT-BR\" xml:lang=\"PT-BR\" data-contrast=\"auto\">\u00a0<span class=\"NormalTextRun SCXW122529940 BCX0\" data-ccp-charstyle=\"Hyperlink\">\u00e9 um cimento de cura dual composto por duas pastas: pasta base\u00a0<\/span><span class=\"NormalTextRun SCXW122529940 BCX0\" data-ccp-charstyle=\"Hyperlink\">(<\/span><span class=\"NormalTextRun SCXW122529940 BCX0\" data-ccp-charstyle=\"Hyperlink\">para cura foto do cimento e pigmenta\u00e7\u00e3o do produto<\/span><span class=\"NormalTextRun SCXW122529940 BCX0\" data-ccp-charstyle=\"Hyperlink\">) e a\u00a0<\/span><span class=\"NormalTextRun SCXW122529940 BCX0\" data-ccp-charstyle=\"Hyperlink\">pasta catalisadora\u00a0<\/span><span class=\"NormalTextRun SCXW122529940 BCX0\" data-ccp-charstyle=\"Hyperlink\">(<\/span><span class=\"NormalTextRun SCXW122529940 BCX0\" data-ccp-charstyle=\"Hyperlink\">para cura qu\u00edmica do cimento resinoso<\/span><span class=\"NormalTextRun SCXW122529940 BCX0\" data-ccp-charstyle=\"Hyperlink\">)<\/span><span class=\"NormalTextRun SCXW122529940 BCX0\" data-ccp-charstyle=\"Hyperlink\">.\u00a0<\/span><span class=\"NormalTextRun SCXW122529940 BCX0\" data-ccp-charstyle=\"Hyperlink\">Seu uso \u00e9 indicado para os procedimentos indiretos de restaura\u00e7\u00e3o, sendo:<\/span><\/span><\/p>\n<p><span class=\"TextRun SCXW122529940 BCX0\" lang=\"PT-BR\" xml:lang=\"PT-BR\" data-contrast=\"auto\"><span class=\"NormalTextRun SCXW122529940 BCX0\" data-ccp-charstyle=\"Hyperlink\"><span class=\"TextRun SCXW267510859 BCX0\" lang=\"PT-BR\" xml:lang=\"PT-BR\" data-contrast=\"auto\"><span class=\"NormalTextRun SCXW267510859 BCX0\" data-ccp-charstyle=\"Hyperlink\">&#8211; C<\/span><span class=\"NormalTextRun SCXW267510859 BCX0\" data-ccp-charstyle=\"Hyperlink\">imenta\u00e7\u00e3o de coroas e pontes de porcelanas puras ou metalocer\u00e2micas<\/span><span class=\"NormalTextRun SCXW267510859 BCX0\" data-ccp-charstyle=\"Hyperlink\">.<\/span><\/span><span class=\"LineBreakBlob BlobObject DragDrop SCXW267510859 BCX0\"><span class=\"SCXW267510859 BCX0\">\u00a0<\/span><br class=\"SCXW267510859 BCX0\" \/><\/span><span class=\"TextRun SCXW267510859 BCX0\" lang=\"PT-BR\" xml:lang=\"PT-BR\" data-contrast=\"auto\"><span class=\"NormalTextRun SCXW267510859 BCX0\" data-ccp-charstyle=\"Hyperlink\">&#8211; Inlays, onlays,<\/span><span class=\"NormalTextRun SCXW267510859 BCX0\" data-ccp-charstyle=\"Hyperlink\">\u00a0coroas cer\u00e2micas e coroas em resina laboratorial<\/span><span class=\"NormalTextRun SCXW267510859 BCX0\" data-ccp-charstyle=\"Hyperlink\">.<\/span><\/span><span class=\"LineBreakBlob BlobObject DragDrop SCXW267510859 BCX0\"><span class=\"SCXW267510859 BCX0\">\u00a0<\/span><br class=\"SCXW267510859 BCX0\" \/><\/span><span class=\"TextRun SCXW267510859 BCX0\" lang=\"PT-BR\" xml:lang=\"PT-BR\" data-contrast=\"auto\"><span class=\"NormalTextRun SCXW267510859 BCX0\" data-ccp-charstyle=\"Hyperlink\">&#8211; P<\/span><span class=\"NormalTextRun SCXW267510859 BCX0\" data-ccp-charstyle=\"Hyperlink\">inos\u00a0<\/span><span class=\"NormalTextRun SCXW267510859 BCX0\" data-ccp-charstyle=\"Hyperlink\">radiculares\u00a0<\/span><span class=\"NormalTextRun SCXW267510859 BCX0\" data-ccp-charstyle=\"Hyperlink\">(<\/span><span class=\"NormalTextRun SCXW267510859 BCX0\" data-ccp-charstyle=\"Hyperlink\">de\u00a0<\/span><span class=\"NormalTextRun SCXW267510859 BCX0\" data-ccp-charstyle=\"Hyperlink\">fibra de vidro, fibra de\u00a0<\/span><span class=\"NormalTextRun SCXW267510859 BCX0\" data-ccp-charstyle=\"Hyperlink\">carbono, cer\u00e2micos ou met\u00e1licos<\/span><span class=\"NormalTextRun SCXW267510859 BCX0\" data-ccp-charstyle=\"Hyperlink\">)<\/span><span class=\"NormalTextRun SCXW267510859 BCX0\" data-ccp-charstyle=\"Hyperlink\">.<\/span><\/span><span class=\"LineBreakBlob BlobObject DragDrop SCXW267510859 BCX0\"><span class=\"SCXW267510859 BCX0\">\u00a0<\/span><br class=\"SCXW267510859 BCX0\" \/><\/span><span class=\"TextRun SCXW267510859 BCX0\" lang=\"PT-BR\" xml:lang=\"PT-BR\" data-contrast=\"auto\"><span class=\"NormalTextRun SCXW267510859 BCX0\" data-ccp-charstyle=\"Hyperlink\">&#8211; P<\/span><span class=\"NormalTextRun SCXW267510859 BCX0\" data-ccp-charstyle=\"Hyperlink\">r\u00f3teses adesivas (pontes de Maryland).<\/span><\/span><span class=\"EOP SCXW267510859 BCX0\" data-ccp-props=\"{&quot;134233117&quot;:true,&quot;134233118&quot;:true,&quot;201341983&quot;:0,&quot;335559740&quot;:240}\">\u00a0<\/span><\/span><\/span><\/p>\n<p><span class=\"TextRun SCXW122529940 BCX0\" lang=\"PT-BR\" xml:lang=\"PT-BR\" data-contrast=\"auto\"><span class=\"NormalTextRun SCXW122529940 BCX0\" data-ccp-charstyle=\"Hyperlink\"><span class=\"EOP SCXW267510859 BCX0\" data-ccp-props=\"{&quot;134233117&quot;:true,&quot;134233118&quot;:true,&quot;201341983&quot;:0,&quot;335559740&quot;:240}\"><span class=\"TextRun SCXW31091734 BCX0\" lang=\"PT-BR\" xml:lang=\"PT-BR\" data-contrast=\"auto\"><span class=\"NormalTextRun SCXW31091734 BCX0\" data-ccp-charstyle=\"Hyperlink\">O produto conta com \u00f3timas propriedades adesivas e mec\u00e2nicas, al\u00e9m de contar com mecanismo de cura\u00a0<\/span><span class=\"NormalTextRun SpellingErrorV2 SCXW31091734 BCX0\" data-ccp-charstyle=\"Hyperlink\">fotoativado<\/span><span class=\"NormalTextRun SCXW31091734 BCX0\" data-ccp-charstyle=\"Hyperlink\">\u00a0e quimicamente ativado, que permite a polimeriza\u00e7\u00e3o do produto mesmo em casos sem\u00a0<\/span><span class=\"NormalTextRun SCXW31091734 BCX0\" data-ccp-charstyle=\"Hyperlink\">utiliza\u00e7\u00e3o<\/span><span class=\"NormalTextRun SCXW31091734 BCX0\" data-ccp-charstyle=\"Hyperlink\">\u00a0de luz.<\/span><\/span><\/span><\/span><\/span><\/p>\n","protected":false},"excerpt":{"rendered":"<p>Kit com 5g (corpo duplo: 2,5g de Base + 2,5g de Catalisador) + 5 Ponteiras. Cor A2. &nbsp; DETALHES &#8211; Cimento resinoso adesivo permanente.\u00a0&#8211; Cura dual: qu\u00edmica e fotoativada.\u00a0&#8211; Composto [&hellip;]<\/p>\n","protected":false},"featured_media":749,"template":"","meta":[],"product_brand":[],"product_cat":[41,40],"product_tag":[],"class_list":{"0":"post-748","1":"product","2":"type-product","3":"status-publish","4":"has-post-thumbnail","6":"product_cat-cimento-resinoso","7":"product_cat-cimentos","9":"first","10":"instock","11":"shipping-taxable","12":"product-type-simple"},"yoast_head":"<!-- This site is optimized with the Yoast SEO plugin v26.8 - https:\/\/yoast.com\/product\/yoast-seo-wordpress\/ -->\n<title>Cimento Resinoso Dual Force Corpo Duplo - Maquira - Fator Dental<\/title>\n<meta name=\"robots\" content=\"index, follow, max-snippet:-1, max-image-preview:large, max-video-preview:-1\" \/>\n<link rel=\"canonical\" href=\"https:\/\/fatordental.com.br\/index.php\/produto\/cimento-resinoso-dual-force-corpo-duplo-maquira\/\" \/>\n<meta property=\"og:locale\" content=\"pt_BR\" \/>\n<meta property=\"og:type\" content=\"article\" \/>\n<meta property=\"og:title\" content=\"Cimento Resinoso Dual Force Corpo Duplo - Maquira - Fator Dental\" \/>\n<meta property=\"og:description\" content=\"Kit com 5g (corpo duplo: 2,5g de Base + 2,5g de Catalisador) + 5 Ponteiras. Cor A2. &nbsp; DETALHES &#8211; Cimento resinoso adesivo permanente.\u00a0&#8211; Cura dual: qu\u00edmica e fotoativada.\u00a0&#8211; Composto [&hellip;]\" \/>\n<meta property=\"og:url\" content=\"https:\/\/fatordental.com.br\/index.php\/produto\/cimento-resinoso-dual-force-corpo-duplo-maquira\/\" \/>\n<meta property=\"og:site_name\" content=\"Fator Dental\" \/>\n<meta property=\"article:modified_time\" content=\"2023-03-15T09:56:45+00:00\" \/>\n<meta property=\"og:image\" content=\"https:\/\/fatordental.com.br\/wp-content\/uploads\/2022\/12\/cimento-resinoso-dual-force-corpo-duplo-maquira-dc2549.jpg\" \/>\n\t<meta property=\"og:image:width\" content=\"900\" \/>\n\t<meta property=\"og:image:height\" content=\"900\" \/>\n\t<meta property=\"og:image:type\" content=\"image\/jpeg\" \/>\n<meta name=\"twitter:card\" content=\"summary_large_image\" \/>\n<meta name=\"twitter:label1\" content=\"Est. tempo de leitura\" \/>\n\t<meta name=\"twitter:data1\" content=\"2 minutos\" \/>\n<script type=\"application\/ld+json\" class=\"yoast-schema-graph\">{\"@context\":\"https:\/\/schema.org\",\"@graph\":[{\"@type\":\"WebPage\",\"@id\":\"https:\/\/fatordental.com.br\/index.php\/produto\/cimento-resinoso-dual-force-corpo-duplo-maquira\/\",\"url\":\"https:\/\/fatordental.com.br\/index.php\/produto\/cimento-resinoso-dual-force-corpo-duplo-maquira\/\",\"name\":\"Cimento Resinoso Dual Force Corpo Duplo - Maquira - Fator Dental\",\"isPartOf\":{\"@id\":\"https:\/\/fatordental.com.br\/#website\"},\"primaryImageOfPage\":{\"@id\":\"https:\/\/fatordental.com.br\/index.php\/produto\/cimento-resinoso-dual-force-corpo-duplo-maquira\/#primaryimage\"},\"image\":{\"@id\":\"https:\/\/fatordental.com.br\/index.php\/produto\/cimento-resinoso-dual-force-corpo-duplo-maquira\/#primaryimage\"},\"thumbnailUrl\":\"https:\/\/fatordental.com.br\/wp-content\/uploads\/2022\/12\/cimento-resinoso-dual-force-corpo-duplo-maquira-dc2549.jpg\",\"datePublished\":\"2022-12-28T22:55:49+00:00\",\"dateModified\":\"2023-03-15T09:56:45+00:00\",\"breadcrumb\":{\"@id\":\"https:\/\/fatordental.com.br\/index.php\/produto\/cimento-resinoso-dual-force-corpo-duplo-maquira\/#breadcrumb\"},\"inLanguage\":\"pt-BR\",\"potentialAction\":[{\"@type\":\"ReadAction\",\"target\":[\"https:\/\/fatordental.com.br\/index.php\/produto\/cimento-resinoso-dual-force-corpo-duplo-maquira\/\"]}]},{\"@type\":\"ImageObject\",\"inLanguage\":\"pt-BR\",\"@id\":\"https:\/\/fatordental.com.br\/index.php\/produto\/cimento-resinoso-dual-force-corpo-duplo-maquira\/#primaryimage\",\"url\":\"https:\/\/fatordental.com.br\/wp-content\/uploads\/2022\/12\/cimento-resinoso-dual-force-corpo-duplo-maquira-dc2549.jpg\",\"contentUrl\":\"https:\/\/fatordental.com.br\/wp-content\/uploads\/2022\/12\/cimento-resinoso-dual-force-corpo-duplo-maquira-dc2549.jpg\",\"width\":900,\"height\":900},{\"@type\":\"BreadcrumbList\",\"@id\":\"https:\/\/fatordental.com.br\/index.php\/produto\/cimento-resinoso-dual-force-corpo-duplo-maquira\/#breadcrumb\",\"itemListElement\":[{\"@type\":\"ListItem\",\"position\":1,\"name\":\"In\u00edcio\",\"item\":\"https:\/\/fatordental.com.br\/\"},{\"@type\":\"ListItem\",\"position\":2,\"name\":\"Produtos\",\"item\":\"https:\/\/fatordental.com.br\/index.php\/produtos\/\"},{\"@type\":\"ListItem\",\"position\":3,\"name\":\"Cimento Resinoso Dual Force Corpo Duplo &#8211; Maquira\"}]},{\"@type\":\"WebSite\",\"@id\":\"https:\/\/fatordental.com.br\/#website\",\"url\":\"https:\/\/fatordental.com.br\/\",\"name\":\"Fator Dental\",\"description\":\"Produtos Ondontol\u00f3gicos\",\"publisher\":{\"@id\":\"https:\/\/fatordental.com.br\/#organization\"},\"potentialAction\":[{\"@type\":\"SearchAction\",\"target\":{\"@type\":\"EntryPoint\",\"urlTemplate\":\"https:\/\/fatordental.com.br\/?s={search_term_string}\"},\"query-input\":{\"@type\":\"PropertyValueSpecification\",\"valueRequired\":true,\"valueName\":\"search_term_string\"}}],\"inLanguage\":\"pt-BR\"},{\"@type\":\"Organization\",\"@id\":\"https:\/\/fatordental.com.br\/#organization\",\"name\":\"Fator Dental\",\"url\":\"https:\/\/fatordental.com.br\/\",\"logo\":{\"@type\":\"ImageObject\",\"inLanguage\":\"pt-BR\",\"@id\":\"https:\/\/fatordental.com.br\/#\/schema\/logo\/image\/\",\"url\":\"https:\/\/fatordental.com.br\/wp-content\/uploads\/2023\/02\/logo_fator.png\",\"contentUrl\":\"https:\/\/fatordental.com.br\/wp-content\/uploads\/2023\/02\/logo_fator.png\",\"width\":400,\"height\":256,\"caption\":\"Fator Dental\"},\"image\":{\"@id\":\"https:\/\/fatordental.com.br\/#\/schema\/logo\/image\/\"},\"sameAs\":[\"https:\/\/www.instagram.com\/fatordental\/\"]}]}<\/script>\n<!-- \/ Yoast SEO plugin. -->","yoast_head_json":{"title":"Cimento Resinoso Dual Force Corpo Duplo - Maquira - Fator Dental","robots":{"index":"index","follow":"follow","max-snippet":"max-snippet:-1","max-image-preview":"max-image-preview:large","max-video-preview":"max-video-preview:-1"},"canonical":"https:\/\/fatordental.com.br\/index.php\/produto\/cimento-resinoso-dual-force-corpo-duplo-maquira\/","og_locale":"pt_BR","og_type":"article","og_title":"Cimento Resinoso Dual Force Corpo Duplo - Maquira - Fator Dental","og_description":"Kit com 5g (corpo duplo: 2,5g de Base + 2,5g de Catalisador) + 5 Ponteiras. Cor A2. &nbsp; DETALHES &#8211; Cimento resinoso adesivo permanente.\u00a0&#8211; Cura dual: qu\u00edmica e fotoativada.\u00a0&#8211; Composto [&hellip;]","og_url":"https:\/\/fatordental.com.br\/index.php\/produto\/cimento-resinoso-dual-force-corpo-duplo-maquira\/","og_site_name":"Fator Dental","article_modified_time":"2023-03-15T09:56:45+00:00","og_image":[{"width":900,"height":900,"url":"https:\/\/fatordental.com.br\/wp-content\/uploads\/2022\/12\/cimento-resinoso-dual-force-corpo-duplo-maquira-dc2549.jpg","type":"image\/jpeg"}],"twitter_card":"summary_large_image","twitter_misc":{"Est. tempo de leitura":"2 minutos"},"schema":{"@context":"https:\/\/schema.org","@graph":[{"@type":"WebPage","@id":"https:\/\/fatordental.com.br\/index.php\/produto\/cimento-resinoso-dual-force-corpo-duplo-maquira\/","url":"https:\/\/fatordental.com.br\/index.php\/produto\/cimento-resinoso-dual-force-corpo-duplo-maquira\/","name":"Cimento Resinoso Dual Force Corpo Duplo - Maquira - Fator Dental","isPartOf":{"@id":"https:\/\/fatordental.com.br\/#website"},"primaryImageOfPage":{"@id":"https:\/\/fatordental.com.br\/index.php\/produto\/cimento-resinoso-dual-force-corpo-duplo-maquira\/#primaryimage"},"image":{"@id":"https:\/\/fatordental.com.br\/index.php\/produto\/cimento-resinoso-dual-force-corpo-duplo-maquira\/#primaryimage"},"thumbnailUrl":"https:\/\/fatordental.com.br\/wp-content\/uploads\/2022\/12\/cimento-resinoso-dual-force-corpo-duplo-maquira-dc2549.jpg","datePublished":"2022-12-28T22:55:49+00:00","dateModified":"2023-03-15T09:56:45+00:00","breadcrumb":{"@id":"https:\/\/fatordental.com.br\/index.php\/produto\/cimento-resinoso-dual-force-corpo-duplo-maquira\/#breadcrumb"},"inLanguage":"pt-BR","potentialAction":[{"@type":"ReadAction","target":["https:\/\/fatordental.com.br\/index.php\/produto\/cimento-resinoso-dual-force-corpo-duplo-maquira\/"]}]},{"@type":"ImageObject","inLanguage":"pt-BR","@id":"https:\/\/fatordental.com.br\/index.php\/produto\/cimento-resinoso-dual-force-corpo-duplo-maquira\/#primaryimage","url":"https:\/\/fatordental.com.br\/wp-content\/uploads\/2022\/12\/cimento-resinoso-dual-force-corpo-duplo-maquira-dc2549.jpg","contentUrl":"https:\/\/fatordental.com.br\/wp-content\/uploads\/2022\/12\/cimento-resinoso-dual-force-corpo-duplo-maquira-dc2549.jpg","width":900,"height":900},{"@type":"BreadcrumbList","@id":"https:\/\/fatordental.com.br\/index.php\/produto\/cimento-resinoso-dual-force-corpo-duplo-maquira\/#breadcrumb","itemListElement":[{"@type":"ListItem","position":1,"name":"In\u00edcio","item":"https:\/\/fatordental.com.br\/"},{"@type":"ListItem","position":2,"name":"Produtos","item":"https:\/\/fatordental.com.br\/index.php\/produtos\/"},{"@type":"ListItem","position":3,"name":"Cimento Resinoso Dual Force Corpo Duplo &#8211; Maquira"}]},{"@type":"WebSite","@id":"https:\/\/fatordental.com.br\/#website","url":"https:\/\/fatordental.com.br\/","name":"Fator Dental","description":"Produtos Ondontol\u00f3gicos","publisher":{"@id":"https:\/\/fatordental.com.br\/#organization"},"potentialAction":[{"@type":"SearchAction","target":{"@type":"EntryPoint","urlTemplate":"https:\/\/fatordental.com.br\/?s={search_term_string}"},"query-input":{"@type":"PropertyValueSpecification","valueRequired":true,"valueName":"search_term_string"}}],"inLanguage":"pt-BR"},{"@type":"Organization","@id":"https:\/\/fatordental.com.br\/#organization","name":"Fator Dental","url":"https:\/\/fatordental.com.br\/","logo":{"@type":"ImageObject","inLanguage":"pt-BR","@id":"https:\/\/fatordental.com.br\/#\/schema\/logo\/image\/","url":"https:\/\/fatordental.com.br\/wp-content\/uploads\/2023\/02\/logo_fator.png","contentUrl":"https:\/\/fatordental.com.br\/wp-content\/uploads\/2023\/02\/logo_fator.png","width":400,"height":256,"caption":"Fator Dental"},"image":{"@id":"https:\/\/fatordental.com.br\/#\/schema\/logo\/image\/"},"sameAs":["https:\/\/www.instagram.com\/fatordental\/"]}]}},"_links":{"self":[{"href":"https:\/\/fatordental.com.br\/index.php\/wp-json\/wp\/v2\/product\/748","targetHints":{"allow":["GET"]}}],"collection":[{"href":"https:\/\/fatordental.com.br\/index.php\/wp-json\/wp\/v2\/product"}],"about":[{"href":"https:\/\/fatordental.com.br\/index.php\/wp-json\/wp\/v2\/types\/product"}],"wp:featuredmedia":[{"embeddable":true,"href":"https:\/\/fatordental.com.br\/index.php\/wp-json\/wp\/v2\/media\/749"}],"wp:attachment":[{"href":"https:\/\/fatordental.com.br\/index.php\/wp-json\/wp\/v2\/media?parent=748"}],"wp:term":[{"taxonomy":"product_brand","embeddable":true,"href":"https:\/\/fatordental.com.br\/index.php\/wp-json\/wp\/v2\/product_brand?post=748"},{"taxonomy":"product_cat","embeddable":true,"href":"https:\/\/fatordental.com.br\/index.php\/wp-json\/wp\/v2\/product_cat?post=748"},{"taxonomy":"product_tag","embeddable":true,"href":"https:\/\/fatordental.com.br\/index.php\/wp-json\/wp\/v2\/product_tag?post=748"}],"curies":[{"name":"wp","href":"https:\/\/api.w.org\/{rel}","templated":true}]}}