{"id":734,"date":"2022-12-27T21:32:14","date_gmt":"2022-12-28T00:32:14","guid":{"rendered":"https:\/\/fatordental.com.br\/?post_type=product&#038;p=734"},"modified":"2022-12-27T21:47:46","modified_gmt":"2022-12-28T00:47:46","slug":"condicionador-acido-fosforico-potenza-attacco-35-bulk-phs","status":"publish","type":"product","link":"https:\/\/fatordental.com.br\/index.php\/produto\/condicionador-acido-fosforico-potenza-attacco-35-bulk-phs\/","title":{"rendered":"Condicionador \u00c1cido Fosf\u00f3rico Potenza Attacco 35% Bulk &#8211; PHS"},"content":{"rendered":"<p class=\"value\"><strong>Kit com 1 Seringa de Condicionador \u00c1cido Fosf\u00f3rico Potenza Attacco 35% de 50g + 4 Seringas de 3g para Refil + 4 Ponteiras de Aplica\u00e7\u00e3o.<\/strong><\/p>\n<p>&nbsp;<\/p>\n<ul>\n<li>DETALHES<\/li>\n<\/ul>\n<p>&#8211; Tixotr\u00f3pico: n\u00e3o escorre do local aplicado, sendo facilmente utilizado no condicionamento \u00e1cido seletivo em esmalte.<br \/>\n&#8211; Cor azul: permite f\u00e1cil visualiza\u00e7\u00e3o do local aplicado e auxilia na remo\u00e7\u00e3o de res\u00edduos.<br \/>\n&#8211; F\u00e1cil remo\u00e7\u00e3o: gel facilmente lav\u00e1vel ap\u00f3s aplica\u00e7\u00e3o.<br \/>\n&#8211; Sem forma\u00e7\u00e3o de bolhas, estabilidade cont\u00ednua.<br \/>\n&#8211; Tecnologia autolimitante, o material para de reagir ao penetrar 0,2 m\u00edcrons na estrutura dent\u00e1ria, ideal para sistemas de smear layer e adesivos autocondicionantes.<br \/>\n&#8211; A seringa acompanha uma ponteira met\u00e1lica em inox nas partes interna e externa. Evitando degrada\u00e7\u00e3o ou contamina\u00e7\u00e3o do produto e da ponteira.<br \/>\n&#8211; Corante aprovado pelo FDA, n\u00e3o-aliment\u00edcio e de alta compatibilidade.<br \/>\n&#8211; Validade: 2 anos ap\u00f3s a data de fabrica\u00e7\u00e3o.<br \/>\n&#8211; Registro ANVISA: 81199279014.<\/p>\n<p>&nbsp;<\/p>\n<ul>\n<li>APLICA\u00c7\u00c3O<\/li>\n<\/ul>\n<p>O\u00a0<strong>Potenza Attacco 35%\u00a0<\/strong>da\u00a0<strong>PHS\u00a0<\/strong>\u00e9 um gel de \u00e1cido fosf\u00f3rico a 35% de concentra\u00e7\u00e3o, indicado para o condicionamento \u00e1cido de esmalte e dentina pr\u00e9vio em procedimentos adesivos.<\/p>\n<h2><strong>Como usar o Potenza Attacco 35% da PHS?<\/strong><\/h2>\n<p>Para a aplica\u00e7\u00e3o o Pottenza Attacco possui diferentes protocolos, de acordo com o\u00a0<a href=\"https:\/\/www.dentalcremer.com.br\/dentistica-e-estetica\/adesivo.html\" target=\"_blank\" rel=\"noopener\">adesivo<\/a>\u00a0que ser\u00e1 utilizado. Para a t\u00e9cnica do condicionamento \u00e1cido total, tanto esmalte quanto dentina dever\u00e3o ser condicionados. Para t\u00e9cnica do condicionamento \u00e1cido seletivo, apenas esmalte dever\u00e1 ser condicionado (adesivos autocondicionantes).<\/p>\n<h2><strong>Passo a Passo Potenza Attacco 35% PHS<\/strong><\/h2>\n<p>1\u00ba Passo: O dente a ser condicionado deve estar limpo e isolado.<br \/>\n2\u00ba Passo: Aplique o \u00e1cido no tecido a ser condicionado e deixe-o agir: em esmalte durante 30s e em dentina durante 15s.<br \/>\n3\u00ba Passo: Remova o produto com spray de ar\/\u00e1gua durante o mesmo per\u00edodo de tempo que este fora aplicado. Para aplica\u00e7\u00e3o do adesivo, o esmalte deve ser mantido seco e a dentina levemente \u00famida (consulte o protocolo de aplica\u00e7\u00e3o do adesivo).<\/p>\n<p>Recomenda\u00e7\u00e3o: Em cavidades profundas, proteja a parede pulpar com hidr\u00f3xido de c\u00e1lcio ou CIV antes de aplicar o produto.<\/p>\n","protected":false},"excerpt":{"rendered":"<p>Kit com 1 Seringa de Condicionador \u00c1cido Fosf\u00f3rico Potenza Attacco 35% de 50g + 4 Seringas de 3g para Refil + 4 Ponteiras de Aplica\u00e7\u00e3o. &nbsp; DETALHES &#8211; Tixotr\u00f3pico: n\u00e3o [&hellip;]<\/p>\n","protected":false},"featured_media":735,"template":"","meta":[],"product_brand":[],"product_cat":[37,51],"product_tag":[],"class_list":{"0":"post-734","1":"product","2":"type-product","3":"status-publish","4":"has-post-thumbnail","6":"product_cat-condicionador-acido","7":"product_cat-dentistica-e-estetica","9":"first","10":"instock","11":"shipping-taxable","12":"product-type-simple"},"yoast_head":"<!-- This site is optimized with the Yoast SEO plugin v26.8 - https:\/\/yoast.com\/product\/yoast-seo-wordpress\/ -->\n<title>Condicionador \u00c1cido Fosf\u00f3rico Potenza Attacco 35% Bulk - PHS - Fator Dental<\/title>\n<meta name=\"robots\" content=\"index, follow, max-snippet:-1, max-image-preview:large, max-video-preview:-1\" \/>\n<link rel=\"canonical\" href=\"https:\/\/fatordental.com.br\/index.php\/produto\/condicionador-acido-fosforico-potenza-attacco-35-bulk-phs\/\" \/>\n<meta property=\"og:locale\" content=\"pt_BR\" \/>\n<meta property=\"og:type\" content=\"article\" \/>\n<meta property=\"og:title\" content=\"Condicionador \u00c1cido Fosf\u00f3rico Potenza Attacco 35% Bulk - PHS - Fator Dental\" \/>\n<meta property=\"og:description\" content=\"Kit com 1 Seringa de Condicionador \u00c1cido Fosf\u00f3rico Potenza Attacco 35% de 50g + 4 Seringas de 3g para Refil + 4 Ponteiras de Aplica\u00e7\u00e3o. &nbsp; DETALHES &#8211; Tixotr\u00f3pico: n\u00e3o [&hellip;]\" \/>\n<meta property=\"og:url\" content=\"https:\/\/fatordental.com.br\/index.php\/produto\/condicionador-acido-fosforico-potenza-attacco-35-bulk-phs\/\" \/>\n<meta property=\"og:site_name\" content=\"Fator Dental\" \/>\n<meta property=\"article:modified_time\" content=\"2022-12-28T00:47:46+00:00\" \/>\n<meta property=\"og:image\" content=\"https:\/\/fatordental.com.br\/wp-content\/uploads\/2022\/12\/kit-potenza-attacco-35-phs-dental-cremer-123166.jpg\" \/>\n\t<meta property=\"og:image:width\" content=\"900\" \/>\n\t<meta property=\"og:image:height\" content=\"900\" \/>\n\t<meta property=\"og:image:type\" content=\"image\/jpeg\" \/>\n<meta name=\"twitter:card\" content=\"summary_large_image\" \/>\n<meta name=\"twitter:label1\" content=\"Est. tempo de leitura\" \/>\n\t<meta name=\"twitter:data1\" content=\"2 minutos\" \/>\n<script type=\"application\/ld+json\" class=\"yoast-schema-graph\">{\"@context\":\"https:\/\/schema.org\",\"@graph\":[{\"@type\":\"WebPage\",\"@id\":\"https:\/\/fatordental.com.br\/index.php\/produto\/condicionador-acido-fosforico-potenza-attacco-35-bulk-phs\/\",\"url\":\"https:\/\/fatordental.com.br\/index.php\/produto\/condicionador-acido-fosforico-potenza-attacco-35-bulk-phs\/\",\"name\":\"Condicionador \u00c1cido Fosf\u00f3rico Potenza Attacco 35% Bulk - PHS - Fator Dental\",\"isPartOf\":{\"@id\":\"https:\/\/fatordental.com.br\/#website\"},\"primaryImageOfPage\":{\"@id\":\"https:\/\/fatordental.com.br\/index.php\/produto\/condicionador-acido-fosforico-potenza-attacco-35-bulk-phs\/#primaryimage\"},\"image\":{\"@id\":\"https:\/\/fatordental.com.br\/index.php\/produto\/condicionador-acido-fosforico-potenza-attacco-35-bulk-phs\/#primaryimage\"},\"thumbnailUrl\":\"https:\/\/fatordental.com.br\/wp-content\/uploads\/2022\/12\/kit-potenza-attacco-35-phs-dental-cremer-123166.jpg\",\"datePublished\":\"2022-12-28T00:32:14+00:00\",\"dateModified\":\"2022-12-28T00:47:46+00:00\",\"breadcrumb\":{\"@id\":\"https:\/\/fatordental.com.br\/index.php\/produto\/condicionador-acido-fosforico-potenza-attacco-35-bulk-phs\/#breadcrumb\"},\"inLanguage\":\"pt-BR\",\"potentialAction\":[{\"@type\":\"ReadAction\",\"target\":[\"https:\/\/fatordental.com.br\/index.php\/produto\/condicionador-acido-fosforico-potenza-attacco-35-bulk-phs\/\"]}]},{\"@type\":\"ImageObject\",\"inLanguage\":\"pt-BR\",\"@id\":\"https:\/\/fatordental.com.br\/index.php\/produto\/condicionador-acido-fosforico-potenza-attacco-35-bulk-phs\/#primaryimage\",\"url\":\"https:\/\/fatordental.com.br\/wp-content\/uploads\/2022\/12\/kit-potenza-attacco-35-phs-dental-cremer-123166.jpg\",\"contentUrl\":\"https:\/\/fatordental.com.br\/wp-content\/uploads\/2022\/12\/kit-potenza-attacco-35-phs-dental-cremer-123166.jpg\",\"width\":900,\"height\":900},{\"@type\":\"BreadcrumbList\",\"@id\":\"https:\/\/fatordental.com.br\/index.php\/produto\/condicionador-acido-fosforico-potenza-attacco-35-bulk-phs\/#breadcrumb\",\"itemListElement\":[{\"@type\":\"ListItem\",\"position\":1,\"name\":\"In\u00edcio\",\"item\":\"https:\/\/fatordental.com.br\/\"},{\"@type\":\"ListItem\",\"position\":2,\"name\":\"Produtos\",\"item\":\"https:\/\/fatordental.com.br\/index.php\/produtos\/\"},{\"@type\":\"ListItem\",\"position\":3,\"name\":\"Condicionador \u00c1cido Fosf\u00f3rico Potenza Attacco 35% Bulk &#8211; PHS\"}]},{\"@type\":\"WebSite\",\"@id\":\"https:\/\/fatordental.com.br\/#website\",\"url\":\"https:\/\/fatordental.com.br\/\",\"name\":\"Fator Dental\",\"description\":\"Produtos Ondontol\u00f3gicos\",\"publisher\":{\"@id\":\"https:\/\/fatordental.com.br\/#organization\"},\"potentialAction\":[{\"@type\":\"SearchAction\",\"target\":{\"@type\":\"EntryPoint\",\"urlTemplate\":\"https:\/\/fatordental.com.br\/?s={search_term_string}\"},\"query-input\":{\"@type\":\"PropertyValueSpecification\",\"valueRequired\":true,\"valueName\":\"search_term_string\"}}],\"inLanguage\":\"pt-BR\"},{\"@type\":\"Organization\",\"@id\":\"https:\/\/fatordental.com.br\/#organization\",\"name\":\"Fator Dental\",\"url\":\"https:\/\/fatordental.com.br\/\",\"logo\":{\"@type\":\"ImageObject\",\"inLanguage\":\"pt-BR\",\"@id\":\"https:\/\/fatordental.com.br\/#\/schema\/logo\/image\/\",\"url\":\"https:\/\/fatordental.com.br\/wp-content\/uploads\/2023\/02\/logo_fator.png\",\"contentUrl\":\"https:\/\/fatordental.com.br\/wp-content\/uploads\/2023\/02\/logo_fator.png\",\"width\":400,\"height\":256,\"caption\":\"Fator Dental\"},\"image\":{\"@id\":\"https:\/\/fatordental.com.br\/#\/schema\/logo\/image\/\"},\"sameAs\":[\"https:\/\/www.instagram.com\/fatordental\/\"]}]}<\/script>\n<!-- \/ Yoast SEO plugin. -->","yoast_head_json":{"title":"Condicionador \u00c1cido Fosf\u00f3rico Potenza Attacco 35% Bulk - PHS - Fator Dental","robots":{"index":"index","follow":"follow","max-snippet":"max-snippet:-1","max-image-preview":"max-image-preview:large","max-video-preview":"max-video-preview:-1"},"canonical":"https:\/\/fatordental.com.br\/index.php\/produto\/condicionador-acido-fosforico-potenza-attacco-35-bulk-phs\/","og_locale":"pt_BR","og_type":"article","og_title":"Condicionador \u00c1cido Fosf\u00f3rico Potenza Attacco 35% Bulk - PHS - Fator Dental","og_description":"Kit com 1 Seringa de Condicionador \u00c1cido Fosf\u00f3rico Potenza Attacco 35% de 50g + 4 Seringas de 3g para Refil + 4 Ponteiras de Aplica\u00e7\u00e3o. &nbsp; DETALHES &#8211; Tixotr\u00f3pico: n\u00e3o [&hellip;]","og_url":"https:\/\/fatordental.com.br\/index.php\/produto\/condicionador-acido-fosforico-potenza-attacco-35-bulk-phs\/","og_site_name":"Fator Dental","article_modified_time":"2022-12-28T00:47:46+00:00","og_image":[{"width":900,"height":900,"url":"https:\/\/fatordental.com.br\/wp-content\/uploads\/2022\/12\/kit-potenza-attacco-35-phs-dental-cremer-123166.jpg","type":"image\/jpeg"}],"twitter_card":"summary_large_image","twitter_misc":{"Est. tempo de leitura":"2 minutos"},"schema":{"@context":"https:\/\/schema.org","@graph":[{"@type":"WebPage","@id":"https:\/\/fatordental.com.br\/index.php\/produto\/condicionador-acido-fosforico-potenza-attacco-35-bulk-phs\/","url":"https:\/\/fatordental.com.br\/index.php\/produto\/condicionador-acido-fosforico-potenza-attacco-35-bulk-phs\/","name":"Condicionador \u00c1cido Fosf\u00f3rico Potenza Attacco 35% Bulk - PHS - Fator Dental","isPartOf":{"@id":"https:\/\/fatordental.com.br\/#website"},"primaryImageOfPage":{"@id":"https:\/\/fatordental.com.br\/index.php\/produto\/condicionador-acido-fosforico-potenza-attacco-35-bulk-phs\/#primaryimage"},"image":{"@id":"https:\/\/fatordental.com.br\/index.php\/produto\/condicionador-acido-fosforico-potenza-attacco-35-bulk-phs\/#primaryimage"},"thumbnailUrl":"https:\/\/fatordental.com.br\/wp-content\/uploads\/2022\/12\/kit-potenza-attacco-35-phs-dental-cremer-123166.jpg","datePublished":"2022-12-28T00:32:14+00:00","dateModified":"2022-12-28T00:47:46+00:00","breadcrumb":{"@id":"https:\/\/fatordental.com.br\/index.php\/produto\/condicionador-acido-fosforico-potenza-attacco-35-bulk-phs\/#breadcrumb"},"inLanguage":"pt-BR","potentialAction":[{"@type":"ReadAction","target":["https:\/\/fatordental.com.br\/index.php\/produto\/condicionador-acido-fosforico-potenza-attacco-35-bulk-phs\/"]}]},{"@type":"ImageObject","inLanguage":"pt-BR","@id":"https:\/\/fatordental.com.br\/index.php\/produto\/condicionador-acido-fosforico-potenza-attacco-35-bulk-phs\/#primaryimage","url":"https:\/\/fatordental.com.br\/wp-content\/uploads\/2022\/12\/kit-potenza-attacco-35-phs-dental-cremer-123166.jpg","contentUrl":"https:\/\/fatordental.com.br\/wp-content\/uploads\/2022\/12\/kit-potenza-attacco-35-phs-dental-cremer-123166.jpg","width":900,"height":900},{"@type":"BreadcrumbList","@id":"https:\/\/fatordental.com.br\/index.php\/produto\/condicionador-acido-fosforico-potenza-attacco-35-bulk-phs\/#breadcrumb","itemListElement":[{"@type":"ListItem","position":1,"name":"In\u00edcio","item":"https:\/\/fatordental.com.br\/"},{"@type":"ListItem","position":2,"name":"Produtos","item":"https:\/\/fatordental.com.br\/index.php\/produtos\/"},{"@type":"ListItem","position":3,"name":"Condicionador \u00c1cido Fosf\u00f3rico Potenza Attacco 35% Bulk &#8211; PHS"}]},{"@type":"WebSite","@id":"https:\/\/fatordental.com.br\/#website","url":"https:\/\/fatordental.com.br\/","name":"Fator Dental","description":"Produtos Ondontol\u00f3gicos","publisher":{"@id":"https:\/\/fatordental.com.br\/#organization"},"potentialAction":[{"@type":"SearchAction","target":{"@type":"EntryPoint","urlTemplate":"https:\/\/fatordental.com.br\/?s={search_term_string}"},"query-input":{"@type":"PropertyValueSpecification","valueRequired":true,"valueName":"search_term_string"}}],"inLanguage":"pt-BR"},{"@type":"Organization","@id":"https:\/\/fatordental.com.br\/#organization","name":"Fator Dental","url":"https:\/\/fatordental.com.br\/","logo":{"@type":"ImageObject","inLanguage":"pt-BR","@id":"https:\/\/fatordental.com.br\/#\/schema\/logo\/image\/","url":"https:\/\/fatordental.com.br\/wp-content\/uploads\/2023\/02\/logo_fator.png","contentUrl":"https:\/\/fatordental.com.br\/wp-content\/uploads\/2023\/02\/logo_fator.png","width":400,"height":256,"caption":"Fator Dental"},"image":{"@id":"https:\/\/fatordental.com.br\/#\/schema\/logo\/image\/"},"sameAs":["https:\/\/www.instagram.com\/fatordental\/"]}]}},"_links":{"self":[{"href":"https:\/\/fatordental.com.br\/index.php\/wp-json\/wp\/v2\/product\/734","targetHints":{"allow":["GET"]}}],"collection":[{"href":"https:\/\/fatordental.com.br\/index.php\/wp-json\/wp\/v2\/product"}],"about":[{"href":"https:\/\/fatordental.com.br\/index.php\/wp-json\/wp\/v2\/types\/product"}],"wp:featuredmedia":[{"embeddable":true,"href":"https:\/\/fatordental.com.br\/index.php\/wp-json\/wp\/v2\/media\/735"}],"wp:attachment":[{"href":"https:\/\/fatordental.com.br\/index.php\/wp-json\/wp\/v2\/media?parent=734"}],"wp:term":[{"taxonomy":"product_brand","embeddable":true,"href":"https:\/\/fatordental.com.br\/index.php\/wp-json\/wp\/v2\/product_brand?post=734"},{"taxonomy":"product_cat","embeddable":true,"href":"https:\/\/fatordental.com.br\/index.php\/wp-json\/wp\/v2\/product_cat?post=734"},{"taxonomy":"product_tag","embeddable":true,"href":"https:\/\/fatordental.com.br\/index.php\/wp-json\/wp\/v2\/product_tag?post=734"}],"curies":[{"name":"wp","href":"https:\/\/api.w.org\/{rel}","templated":true}]}}