{"id":722,"date":"2022-12-27T20:32:39","date_gmt":"2022-12-27T23:32:39","guid":{"rendered":"https:\/\/fatordental.com.br\/?post_type=product&#038;p=722"},"modified":"2022-12-27T20:43:10","modified_gmt":"2022-12-27T23:43:10","slug":"babador-impermeavel-descartavel-hospflex","status":"publish","type":"product","link":"https:\/\/fatordental.com.br\/index.php\/produto\/babador-impermeavel-descartavel-hospflex\/","title":{"rendered":"Babador Imperme\u00e1vel Descart\u00e1vel &#8211; Hospflex"},"content":{"rendered":"<p class=\"value\"><strong>Embalagem com 100 unidades. Cor branco<\/strong><\/p>\n<ul>\n<li>DETALHES<\/li>\n<\/ul>\n<p class=\"value\">&#8211; Absorvivel.<br \/>\n&#8211; Resistente.<br \/>\n&#8211; Prote\u00e7\u00e3o Segura.<br \/>\n&#8211; Pr\u00e1tico, com 2 camadas,sem adesivo.<br \/>\n&#8211; Dimens\u00f5es: 33 x 47 cm.<br \/>\n&#8211; Validade: 5 anos.<\/p>\n<ul>\n<li>APLICA\u00c7\u00c3O<\/li>\n<\/ul>\n<p>Indicado para proteger o paciente durante procedimentos odontol\u00f3gicos.<\/p>\n","protected":false},"excerpt":{"rendered":"<p>Embalagem com 100 unidades. Cor branco DETALHES &#8211; Absorvivel. &#8211; Resistente. &#8211; Prote\u00e7\u00e3o Segura. &#8211; Pr\u00e1tico, com 2 camadas,sem adesivo. &#8211; Dimens\u00f5es: 33 x 47 cm. &#8211; Validade: 5 anos. [&hellip;]<\/p>\n","protected":false},"featured_media":723,"template":"","meta":[],"product_brand":[],"product_cat":[84,92],"product_tag":[],"class_list":{"0":"post-722","1":"product","2":"type-product","3":"status-publish","4":"has-post-thumbnail","6":"product_cat-babadores","7":"product_cat-descartaveis","9":"first","10":"instock","11":"shipping-taxable","12":"product-type-simple"},"yoast_head":"<!-- This site is optimized with the Yoast SEO plugin v26.8 - https:\/\/yoast.com\/product\/yoast-seo-wordpress\/ -->\n<title>Babador Imperme\u00e1vel Descart\u00e1vel - Hospflex - Fator Dental<\/title>\n<meta name=\"robots\" content=\"index, follow, max-snippet:-1, max-image-preview:large, max-video-preview:-1\" \/>\n<link rel=\"canonical\" href=\"https:\/\/fatordental.com.br\/index.php\/produto\/babador-impermeavel-descartavel-hospflex\/\" \/>\n<meta property=\"og:locale\" content=\"pt_BR\" \/>\n<meta property=\"og:type\" content=\"article\" \/>\n<meta property=\"og:title\" content=\"Babador Imperme\u00e1vel Descart\u00e1vel - Hospflex - Fator Dental\" \/>\n<meta property=\"og:description\" content=\"Embalagem com 100 unidades. Cor branco DETALHES &#8211; Absorvivel. &#8211; Resistente. &#8211; Prote\u00e7\u00e3o Segura. &#8211; Pr\u00e1tico, com 2 camadas,sem adesivo. &#8211; Dimens\u00f5es: 33 x 47 cm. &#8211; Validade: 5 anos. [&hellip;]\" \/>\n<meta property=\"og:url\" content=\"https:\/\/fatordental.com.br\/index.php\/produto\/babador-impermeavel-descartavel-hospflex\/\" \/>\n<meta property=\"og:site_name\" content=\"Fator Dental\" \/>\n<meta property=\"article:modified_time\" content=\"2022-12-27T23:43:10+00:00\" \/>\n<meta property=\"og:image\" content=\"https:\/\/fatordental.com.br\/wp-content\/uploads\/2022\/12\/100252.jpg\" \/>\n\t<meta property=\"og:image:width\" content=\"900\" \/>\n\t<meta property=\"og:image:height\" content=\"900\" \/>\n\t<meta property=\"og:image:type\" content=\"image\/jpeg\" \/>\n<meta name=\"twitter:card\" content=\"summary_large_image\" \/>\n<meta name=\"twitter:label1\" content=\"Est. tempo de leitura\" \/>\n\t<meta name=\"twitter:data1\" content=\"1 minuto\" \/>\n<script type=\"application\/ld+json\" class=\"yoast-schema-graph\">{\"@context\":\"https:\/\/schema.org\",\"@graph\":[{\"@type\":\"WebPage\",\"@id\":\"https:\/\/fatordental.com.br\/index.php\/produto\/babador-impermeavel-descartavel-hospflex\/\",\"url\":\"https:\/\/fatordental.com.br\/index.php\/produto\/babador-impermeavel-descartavel-hospflex\/\",\"name\":\"Babador Imperme\u00e1vel Descart\u00e1vel - Hospflex - Fator Dental\",\"isPartOf\":{\"@id\":\"https:\/\/fatordental.com.br\/#website\"},\"primaryImageOfPage\":{\"@id\":\"https:\/\/fatordental.com.br\/index.php\/produto\/babador-impermeavel-descartavel-hospflex\/#primaryimage\"},\"image\":{\"@id\":\"https:\/\/fatordental.com.br\/index.php\/produto\/babador-impermeavel-descartavel-hospflex\/#primaryimage\"},\"thumbnailUrl\":\"https:\/\/fatordental.com.br\/wp-content\/uploads\/2022\/12\/100252.jpg\",\"datePublished\":\"2022-12-27T23:32:39+00:00\",\"dateModified\":\"2022-12-27T23:43:10+00:00\",\"breadcrumb\":{\"@id\":\"https:\/\/fatordental.com.br\/index.php\/produto\/babador-impermeavel-descartavel-hospflex\/#breadcrumb\"},\"inLanguage\":\"pt-BR\",\"potentialAction\":[{\"@type\":\"ReadAction\",\"target\":[\"https:\/\/fatordental.com.br\/index.php\/produto\/babador-impermeavel-descartavel-hospflex\/\"]}]},{\"@type\":\"ImageObject\",\"inLanguage\":\"pt-BR\",\"@id\":\"https:\/\/fatordental.com.br\/index.php\/produto\/babador-impermeavel-descartavel-hospflex\/#primaryimage\",\"url\":\"https:\/\/fatordental.com.br\/wp-content\/uploads\/2022\/12\/100252.jpg\",\"contentUrl\":\"https:\/\/fatordental.com.br\/wp-content\/uploads\/2022\/12\/100252.jpg\",\"width\":900,\"height\":900},{\"@type\":\"BreadcrumbList\",\"@id\":\"https:\/\/fatordental.com.br\/index.php\/produto\/babador-impermeavel-descartavel-hospflex\/#breadcrumb\",\"itemListElement\":[{\"@type\":\"ListItem\",\"position\":1,\"name\":\"In\u00edcio\",\"item\":\"https:\/\/fatordental.com.br\/\"},{\"@type\":\"ListItem\",\"position\":2,\"name\":\"Produtos\",\"item\":\"https:\/\/fatordental.com.br\/index.php\/produtos\/\"},{\"@type\":\"ListItem\",\"position\":3,\"name\":\"Babador Imperme\u00e1vel Descart\u00e1vel &#8211; Hospflex\"}]},{\"@type\":\"WebSite\",\"@id\":\"https:\/\/fatordental.com.br\/#website\",\"url\":\"https:\/\/fatordental.com.br\/\",\"name\":\"Fator Dental\",\"description\":\"Produtos Ondontol\u00f3gicos\",\"publisher\":{\"@id\":\"https:\/\/fatordental.com.br\/#organization\"},\"potentialAction\":[{\"@type\":\"SearchAction\",\"target\":{\"@type\":\"EntryPoint\",\"urlTemplate\":\"https:\/\/fatordental.com.br\/?s={search_term_string}\"},\"query-input\":{\"@type\":\"PropertyValueSpecification\",\"valueRequired\":true,\"valueName\":\"search_term_string\"}}],\"inLanguage\":\"pt-BR\"},{\"@type\":\"Organization\",\"@id\":\"https:\/\/fatordental.com.br\/#organization\",\"name\":\"Fator Dental\",\"url\":\"https:\/\/fatordental.com.br\/\",\"logo\":{\"@type\":\"ImageObject\",\"inLanguage\":\"pt-BR\",\"@id\":\"https:\/\/fatordental.com.br\/#\/schema\/logo\/image\/\",\"url\":\"https:\/\/fatordental.com.br\/wp-content\/uploads\/2023\/02\/logo_fator.png\",\"contentUrl\":\"https:\/\/fatordental.com.br\/wp-content\/uploads\/2023\/02\/logo_fator.png\",\"width\":400,\"height\":256,\"caption\":\"Fator Dental\"},\"image\":{\"@id\":\"https:\/\/fatordental.com.br\/#\/schema\/logo\/image\/\"},\"sameAs\":[\"https:\/\/www.instagram.com\/fatordental\/\"]}]}<\/script>\n<!-- \/ Yoast SEO plugin. -->","yoast_head_json":{"title":"Babador Imperme\u00e1vel Descart\u00e1vel - Hospflex - Fator Dental","robots":{"index":"index","follow":"follow","max-snippet":"max-snippet:-1","max-image-preview":"max-image-preview:large","max-video-preview":"max-video-preview:-1"},"canonical":"https:\/\/fatordental.com.br\/index.php\/produto\/babador-impermeavel-descartavel-hospflex\/","og_locale":"pt_BR","og_type":"article","og_title":"Babador Imperme\u00e1vel Descart\u00e1vel - Hospflex - Fator Dental","og_description":"Embalagem com 100 unidades. Cor branco DETALHES &#8211; Absorvivel. &#8211; Resistente. &#8211; Prote\u00e7\u00e3o Segura. &#8211; Pr\u00e1tico, com 2 camadas,sem adesivo. &#8211; Dimens\u00f5es: 33 x 47 cm. &#8211; Validade: 5 anos. [&hellip;]","og_url":"https:\/\/fatordental.com.br\/index.php\/produto\/babador-impermeavel-descartavel-hospflex\/","og_site_name":"Fator Dental","article_modified_time":"2022-12-27T23:43:10+00:00","og_image":[{"width":900,"height":900,"url":"https:\/\/fatordental.com.br\/wp-content\/uploads\/2022\/12\/100252.jpg","type":"image\/jpeg"}],"twitter_card":"summary_large_image","twitter_misc":{"Est. tempo de leitura":"1 minuto"},"schema":{"@context":"https:\/\/schema.org","@graph":[{"@type":"WebPage","@id":"https:\/\/fatordental.com.br\/index.php\/produto\/babador-impermeavel-descartavel-hospflex\/","url":"https:\/\/fatordental.com.br\/index.php\/produto\/babador-impermeavel-descartavel-hospflex\/","name":"Babador Imperme\u00e1vel Descart\u00e1vel - Hospflex - Fator Dental","isPartOf":{"@id":"https:\/\/fatordental.com.br\/#website"},"primaryImageOfPage":{"@id":"https:\/\/fatordental.com.br\/index.php\/produto\/babador-impermeavel-descartavel-hospflex\/#primaryimage"},"image":{"@id":"https:\/\/fatordental.com.br\/index.php\/produto\/babador-impermeavel-descartavel-hospflex\/#primaryimage"},"thumbnailUrl":"https:\/\/fatordental.com.br\/wp-content\/uploads\/2022\/12\/100252.jpg","datePublished":"2022-12-27T23:32:39+00:00","dateModified":"2022-12-27T23:43:10+00:00","breadcrumb":{"@id":"https:\/\/fatordental.com.br\/index.php\/produto\/babador-impermeavel-descartavel-hospflex\/#breadcrumb"},"inLanguage":"pt-BR","potentialAction":[{"@type":"ReadAction","target":["https:\/\/fatordental.com.br\/index.php\/produto\/babador-impermeavel-descartavel-hospflex\/"]}]},{"@type":"ImageObject","inLanguage":"pt-BR","@id":"https:\/\/fatordental.com.br\/index.php\/produto\/babador-impermeavel-descartavel-hospflex\/#primaryimage","url":"https:\/\/fatordental.com.br\/wp-content\/uploads\/2022\/12\/100252.jpg","contentUrl":"https:\/\/fatordental.com.br\/wp-content\/uploads\/2022\/12\/100252.jpg","width":900,"height":900},{"@type":"BreadcrumbList","@id":"https:\/\/fatordental.com.br\/index.php\/produto\/babador-impermeavel-descartavel-hospflex\/#breadcrumb","itemListElement":[{"@type":"ListItem","position":1,"name":"In\u00edcio","item":"https:\/\/fatordental.com.br\/"},{"@type":"ListItem","position":2,"name":"Produtos","item":"https:\/\/fatordental.com.br\/index.php\/produtos\/"},{"@type":"ListItem","position":3,"name":"Babador Imperme\u00e1vel Descart\u00e1vel &#8211; Hospflex"}]},{"@type":"WebSite","@id":"https:\/\/fatordental.com.br\/#website","url":"https:\/\/fatordental.com.br\/","name":"Fator Dental","description":"Produtos Ondontol\u00f3gicos","publisher":{"@id":"https:\/\/fatordental.com.br\/#organization"},"potentialAction":[{"@type":"SearchAction","target":{"@type":"EntryPoint","urlTemplate":"https:\/\/fatordental.com.br\/?s={search_term_string}"},"query-input":{"@type":"PropertyValueSpecification","valueRequired":true,"valueName":"search_term_string"}}],"inLanguage":"pt-BR"},{"@type":"Organization","@id":"https:\/\/fatordental.com.br\/#organization","name":"Fator Dental","url":"https:\/\/fatordental.com.br\/","logo":{"@type":"ImageObject","inLanguage":"pt-BR","@id":"https:\/\/fatordental.com.br\/#\/schema\/logo\/image\/","url":"https:\/\/fatordental.com.br\/wp-content\/uploads\/2023\/02\/logo_fator.png","contentUrl":"https:\/\/fatordental.com.br\/wp-content\/uploads\/2023\/02\/logo_fator.png","width":400,"height":256,"caption":"Fator Dental"},"image":{"@id":"https:\/\/fatordental.com.br\/#\/schema\/logo\/image\/"},"sameAs":["https:\/\/www.instagram.com\/fatordental\/"]}]}},"_links":{"self":[{"href":"https:\/\/fatordental.com.br\/index.php\/wp-json\/wp\/v2\/product\/722","targetHints":{"allow":["GET"]}}],"collection":[{"href":"https:\/\/fatordental.com.br\/index.php\/wp-json\/wp\/v2\/product"}],"about":[{"href":"https:\/\/fatordental.com.br\/index.php\/wp-json\/wp\/v2\/types\/product"}],"wp:featuredmedia":[{"embeddable":true,"href":"https:\/\/fatordental.com.br\/index.php\/wp-json\/wp\/v2\/media\/723"}],"wp:attachment":[{"href":"https:\/\/fatordental.com.br\/index.php\/wp-json\/wp\/v2\/media?parent=722"}],"wp:term":[{"taxonomy":"product_brand","embeddable":true,"href":"https:\/\/fatordental.com.br\/index.php\/wp-json\/wp\/v2\/product_brand?post=722"},{"taxonomy":"product_cat","embeddable":true,"href":"https:\/\/fatordental.com.br\/index.php\/wp-json\/wp\/v2\/product_cat?post=722"},{"taxonomy":"product_tag","embeddable":true,"href":"https:\/\/fatordental.com.br\/index.php\/wp-json\/wp\/v2\/product_tag?post=722"}],"curies":[{"name":"wp","href":"https:\/\/api.w.org\/{rel}","templated":true}]}}