{"id":719,"date":"2022-12-27T20:22:42","date_gmt":"2022-12-27T23:22:42","guid":{"rendered":"https:\/\/fatordental.com.br\/?post_type=product&#038;p=719"},"modified":"2022-12-27T20:22:42","modified_gmt":"2022-12-27T23:22:42","slug":"adesivo-prime-bond-universal-dentsply-sirona","status":"publish","type":"product","link":"https:\/\/fatordental.com.br\/index.php\/produto\/adesivo-prime-bond-universal-dentsply-sirona\/","title":{"rendered":"Adesivo Prime &amp; Bond Universal &#8211; Dentsply Sirona"},"content":{"rendered":"<p class=\"value\"><strong>Embalagem com 4ml.<\/strong><\/p>\n<p>&nbsp;<\/p>\n<ul>\n<li>DETALHES<\/li>\n<\/ul>\n<p>&#8211; Equil\u00edbrio de propriedades hidrof\u00f3bicas e hidrof\u00edlicas para uma cobertura completa e penetra\u00e7\u00e3o dentin\u00e1ria em v\u00e1rios n\u00edveis diferentes de umidade.<br \/>\n&#8211; Versatilidade em todos os m\u00e9todos de condicionamento.<br \/>\n&#8211; Aplica\u00e7\u00e3o confi\u00e1vel em dentina \u00famida ou seca.<br \/>\n&#8211; Baixa espessura de pel\u00edcula adesiva.<br \/>\n&#8211; Proporciona um tempo de trabalho maior e menos desperd\u00edcio.<br \/>\n&#8211; Material em recipiente fechado pode ser utilizado em at\u00e9 30 minutos.<br \/>\n&#8211; Quando usado em conjunto com o Calibra Ceram para cimenta\u00e7\u00f5es, oferece alta resist\u00eancia de uni\u00e3o inicial.<br \/>\n&#8211; Aplica\u00e7\u00e3o homog\u00eanea atrav\u00e9s da evapora\u00e7\u00e3o em conjunto da \u00e1gua e do solvente.<br \/>\n&#8211; De f\u00e1cil abertura com apenas uma m\u00e3o devido tampa flip-top.<br \/>\n&#8211; Registro ANVISA: 80196889049.<\/p>\n<p>&nbsp;<\/p>\n<ul>\n<li>APLICA\u00c7\u00c3O<\/li>\n<\/ul>\n<p>O\u00a0<strong>Adesivo Prime&amp;Bond Universal<\/strong>\u00a0da\u00a0<strong>Dentsply Sirona<\/strong>\u00a0busca promover uma t\u00e9cnica simples de aplica\u00e7\u00e3o atrav\u00e9s da sua baixa viscosidade e tampa flip-top. Seu uso \u00e9 indicado para:<\/p>\n<p>* Restaura\u00e7\u00f5es de comp\u00f4mero e comp\u00f3sito fotopolimeriz\u00e1veis diretos.<br \/>\n* Facetas de resina fotopolimeriz\u00e1vel cimentadas.<br \/>\n* Repara\u00e7\u00f5es em comp\u00f3sito, cer\u00e2mica e am\u00e1lgama.<br \/>\n* Verniz para cavidade para uso com am\u00e1lgama fresca.<br \/>\n* Restaura\u00e7\u00f5es indiretas e pinos endod\u00f4nticos cimentados com Calibra\u00ae Ceram.<\/p>\n<p>Al\u00e9m disso, quando utilizado em combina\u00e7\u00e3o com o ativador Dentsply Sirona Self Cure Activator, apresenta as seguintes indica\u00e7\u00f5es:<br \/>\n* Restaura\u00e7\u00f5es de comp\u00f3sito direto autopolimeriz\u00e1vel ou de polimeriza\u00e7\u00e3o dual e ac\u00famulos no n\u00facleo.<br \/>\n* Cimenta\u00e7\u00e3o de restaura\u00e7\u00f5es indiretas e pinos endod\u00f4nticos usando cimentos de resinas de autopolimeriza\u00e7\u00e3o ou de polimeriza\u00e7\u00e3o dual.<\/p>\n","protected":false},"excerpt":{"rendered":"<p>Embalagem com 4ml. &nbsp; DETALHES &#8211; Equil\u00edbrio de propriedades hidrof\u00f3bicas e hidrof\u00edlicas para uma cobertura completa e penetra\u00e7\u00e3o dentin\u00e1ria em v\u00e1rios n\u00edveis diferentes de umidade. &#8211; Versatilidade em todos os [&hellip;]<\/p>\n","protected":false},"featured_media":720,"template":"","meta":[],"product_brand":[],"product_cat":[77,51],"product_tag":[],"class_list":{"0":"post-719","1":"product","2":"type-product","3":"status-publish","4":"has-post-thumbnail","6":"product_cat-adesivo","7":"product_cat-dentistica-e-estetica","9":"first","10":"instock","11":"shipping-taxable","12":"product-type-simple"},"yoast_head":"<!-- This site is optimized with the Yoast SEO plugin v26.8 - https:\/\/yoast.com\/product\/yoast-seo-wordpress\/ -->\n<title>Adesivo Prime &amp; Bond Universal - Dentsply Sirona - Fator Dental<\/title>\n<meta name=\"robots\" content=\"index, follow, max-snippet:-1, max-image-preview:large, max-video-preview:-1\" \/>\n<link rel=\"canonical\" href=\"https:\/\/fatordental.com.br\/index.php\/produto\/adesivo-prime-bond-universal-dentsply-sirona\/\" \/>\n<meta property=\"og:locale\" content=\"pt_BR\" \/>\n<meta property=\"og:type\" content=\"article\" \/>\n<meta property=\"og:title\" content=\"Adesivo Prime &amp; Bond Universal - Dentsply Sirona - Fator Dental\" \/>\n<meta property=\"og:description\" content=\"Embalagem com 4ml. &nbsp; DETALHES &#8211; Equil\u00edbrio de propriedades hidrof\u00f3bicas e hidrof\u00edlicas para uma cobertura completa e penetra\u00e7\u00e3o dentin\u00e1ria em v\u00e1rios n\u00edveis diferentes de umidade. &#8211; Versatilidade em todos os [&hellip;]\" \/>\n<meta property=\"og:url\" content=\"https:\/\/fatordental.com.br\/index.php\/produto\/adesivo-prime-bond-universal-dentsply-sirona\/\" \/>\n<meta property=\"og:site_name\" content=\"Fator Dental\" \/>\n<meta property=\"og:image\" content=\"https:\/\/fatordental.com.br\/wp-content\/uploads\/2022\/12\/adesivo-prime-bond-universal-dentsply-126778.jpg\" \/>\n\t<meta property=\"og:image:width\" content=\"800\" \/>\n\t<meta property=\"og:image:height\" content=\"800\" \/>\n\t<meta property=\"og:image:type\" content=\"image\/jpeg\" \/>\n<meta name=\"twitter:card\" content=\"summary_large_image\" \/>\n<meta name=\"twitter:label1\" content=\"Est. tempo de leitura\" \/>\n\t<meta name=\"twitter:data1\" content=\"2 minutos\" \/>\n<script type=\"application\/ld+json\" class=\"yoast-schema-graph\">{\"@context\":\"https:\/\/schema.org\",\"@graph\":[{\"@type\":\"WebPage\",\"@id\":\"https:\/\/fatordental.com.br\/index.php\/produto\/adesivo-prime-bond-universal-dentsply-sirona\/\",\"url\":\"https:\/\/fatordental.com.br\/index.php\/produto\/adesivo-prime-bond-universal-dentsply-sirona\/\",\"name\":\"Adesivo Prime &amp; Bond Universal - Dentsply Sirona - Fator Dental\",\"isPartOf\":{\"@id\":\"https:\/\/fatordental.com.br\/#website\"},\"primaryImageOfPage\":{\"@id\":\"https:\/\/fatordental.com.br\/index.php\/produto\/adesivo-prime-bond-universal-dentsply-sirona\/#primaryimage\"},\"image\":{\"@id\":\"https:\/\/fatordental.com.br\/index.php\/produto\/adesivo-prime-bond-universal-dentsply-sirona\/#primaryimage\"},\"thumbnailUrl\":\"https:\/\/fatordental.com.br\/wp-content\/uploads\/2022\/12\/adesivo-prime-bond-universal-dentsply-126778.jpg\",\"datePublished\":\"2022-12-27T23:22:42+00:00\",\"breadcrumb\":{\"@id\":\"https:\/\/fatordental.com.br\/index.php\/produto\/adesivo-prime-bond-universal-dentsply-sirona\/#breadcrumb\"},\"inLanguage\":\"pt-BR\",\"potentialAction\":[{\"@type\":\"ReadAction\",\"target\":[\"https:\/\/fatordental.com.br\/index.php\/produto\/adesivo-prime-bond-universal-dentsply-sirona\/\"]}]},{\"@type\":\"ImageObject\",\"inLanguage\":\"pt-BR\",\"@id\":\"https:\/\/fatordental.com.br\/index.php\/produto\/adesivo-prime-bond-universal-dentsply-sirona\/#primaryimage\",\"url\":\"https:\/\/fatordental.com.br\/wp-content\/uploads\/2022\/12\/adesivo-prime-bond-universal-dentsply-126778.jpg\",\"contentUrl\":\"https:\/\/fatordental.com.br\/wp-content\/uploads\/2022\/12\/adesivo-prime-bond-universal-dentsply-126778.jpg\",\"width\":800,\"height\":800},{\"@type\":\"BreadcrumbList\",\"@id\":\"https:\/\/fatordental.com.br\/index.php\/produto\/adesivo-prime-bond-universal-dentsply-sirona\/#breadcrumb\",\"itemListElement\":[{\"@type\":\"ListItem\",\"position\":1,\"name\":\"In\u00edcio\",\"item\":\"https:\/\/fatordental.com.br\/\"},{\"@type\":\"ListItem\",\"position\":2,\"name\":\"Produtos\",\"item\":\"https:\/\/fatordental.com.br\/index.php\/produtos\/\"},{\"@type\":\"ListItem\",\"position\":3,\"name\":\"Adesivo Prime &amp; Bond Universal &#8211; Dentsply Sirona\"}]},{\"@type\":\"WebSite\",\"@id\":\"https:\/\/fatordental.com.br\/#website\",\"url\":\"https:\/\/fatordental.com.br\/\",\"name\":\"Fator Dental\",\"description\":\"Produtos Ondontol\u00f3gicos\",\"publisher\":{\"@id\":\"https:\/\/fatordental.com.br\/#organization\"},\"potentialAction\":[{\"@type\":\"SearchAction\",\"target\":{\"@type\":\"EntryPoint\",\"urlTemplate\":\"https:\/\/fatordental.com.br\/?s={search_term_string}\"},\"query-input\":{\"@type\":\"PropertyValueSpecification\",\"valueRequired\":true,\"valueName\":\"search_term_string\"}}],\"inLanguage\":\"pt-BR\"},{\"@type\":\"Organization\",\"@id\":\"https:\/\/fatordental.com.br\/#organization\",\"name\":\"Fator Dental\",\"url\":\"https:\/\/fatordental.com.br\/\",\"logo\":{\"@type\":\"ImageObject\",\"inLanguage\":\"pt-BR\",\"@id\":\"https:\/\/fatordental.com.br\/#\/schema\/logo\/image\/\",\"url\":\"https:\/\/fatordental.com.br\/wp-content\/uploads\/2023\/02\/logo_fator.png\",\"contentUrl\":\"https:\/\/fatordental.com.br\/wp-content\/uploads\/2023\/02\/logo_fator.png\",\"width\":400,\"height\":256,\"caption\":\"Fator Dental\"},\"image\":{\"@id\":\"https:\/\/fatordental.com.br\/#\/schema\/logo\/image\/\"},\"sameAs\":[\"https:\/\/www.instagram.com\/fatordental\/\"]}]}<\/script>\n<!-- \/ Yoast SEO plugin. -->","yoast_head_json":{"title":"Adesivo Prime &amp; Bond Universal - Dentsply Sirona - Fator Dental","robots":{"index":"index","follow":"follow","max-snippet":"max-snippet:-1","max-image-preview":"max-image-preview:large","max-video-preview":"max-video-preview:-1"},"canonical":"https:\/\/fatordental.com.br\/index.php\/produto\/adesivo-prime-bond-universal-dentsply-sirona\/","og_locale":"pt_BR","og_type":"article","og_title":"Adesivo Prime &amp; Bond Universal - Dentsply Sirona - Fator Dental","og_description":"Embalagem com 4ml. &nbsp; DETALHES &#8211; Equil\u00edbrio de propriedades hidrof\u00f3bicas e hidrof\u00edlicas para uma cobertura completa e penetra\u00e7\u00e3o dentin\u00e1ria em v\u00e1rios n\u00edveis diferentes de umidade. &#8211; Versatilidade em todos os [&hellip;]","og_url":"https:\/\/fatordental.com.br\/index.php\/produto\/adesivo-prime-bond-universal-dentsply-sirona\/","og_site_name":"Fator Dental","og_image":[{"width":800,"height":800,"url":"https:\/\/fatordental.com.br\/wp-content\/uploads\/2022\/12\/adesivo-prime-bond-universal-dentsply-126778.jpg","type":"image\/jpeg"}],"twitter_card":"summary_large_image","twitter_misc":{"Est. tempo de leitura":"2 minutos"},"schema":{"@context":"https:\/\/schema.org","@graph":[{"@type":"WebPage","@id":"https:\/\/fatordental.com.br\/index.php\/produto\/adesivo-prime-bond-universal-dentsply-sirona\/","url":"https:\/\/fatordental.com.br\/index.php\/produto\/adesivo-prime-bond-universal-dentsply-sirona\/","name":"Adesivo Prime &amp; Bond Universal - Dentsply Sirona - Fator Dental","isPartOf":{"@id":"https:\/\/fatordental.com.br\/#website"},"primaryImageOfPage":{"@id":"https:\/\/fatordental.com.br\/index.php\/produto\/adesivo-prime-bond-universal-dentsply-sirona\/#primaryimage"},"image":{"@id":"https:\/\/fatordental.com.br\/index.php\/produto\/adesivo-prime-bond-universal-dentsply-sirona\/#primaryimage"},"thumbnailUrl":"https:\/\/fatordental.com.br\/wp-content\/uploads\/2022\/12\/adesivo-prime-bond-universal-dentsply-126778.jpg","datePublished":"2022-12-27T23:22:42+00:00","breadcrumb":{"@id":"https:\/\/fatordental.com.br\/index.php\/produto\/adesivo-prime-bond-universal-dentsply-sirona\/#breadcrumb"},"inLanguage":"pt-BR","potentialAction":[{"@type":"ReadAction","target":["https:\/\/fatordental.com.br\/index.php\/produto\/adesivo-prime-bond-universal-dentsply-sirona\/"]}]},{"@type":"ImageObject","inLanguage":"pt-BR","@id":"https:\/\/fatordental.com.br\/index.php\/produto\/adesivo-prime-bond-universal-dentsply-sirona\/#primaryimage","url":"https:\/\/fatordental.com.br\/wp-content\/uploads\/2022\/12\/adesivo-prime-bond-universal-dentsply-126778.jpg","contentUrl":"https:\/\/fatordental.com.br\/wp-content\/uploads\/2022\/12\/adesivo-prime-bond-universal-dentsply-126778.jpg","width":800,"height":800},{"@type":"BreadcrumbList","@id":"https:\/\/fatordental.com.br\/index.php\/produto\/adesivo-prime-bond-universal-dentsply-sirona\/#breadcrumb","itemListElement":[{"@type":"ListItem","position":1,"name":"In\u00edcio","item":"https:\/\/fatordental.com.br\/"},{"@type":"ListItem","position":2,"name":"Produtos","item":"https:\/\/fatordental.com.br\/index.php\/produtos\/"},{"@type":"ListItem","position":3,"name":"Adesivo Prime &amp; Bond Universal &#8211; Dentsply Sirona"}]},{"@type":"WebSite","@id":"https:\/\/fatordental.com.br\/#website","url":"https:\/\/fatordental.com.br\/","name":"Fator Dental","description":"Produtos Ondontol\u00f3gicos","publisher":{"@id":"https:\/\/fatordental.com.br\/#organization"},"potentialAction":[{"@type":"SearchAction","target":{"@type":"EntryPoint","urlTemplate":"https:\/\/fatordental.com.br\/?s={search_term_string}"},"query-input":{"@type":"PropertyValueSpecification","valueRequired":true,"valueName":"search_term_string"}}],"inLanguage":"pt-BR"},{"@type":"Organization","@id":"https:\/\/fatordental.com.br\/#organization","name":"Fator Dental","url":"https:\/\/fatordental.com.br\/","logo":{"@type":"ImageObject","inLanguage":"pt-BR","@id":"https:\/\/fatordental.com.br\/#\/schema\/logo\/image\/","url":"https:\/\/fatordental.com.br\/wp-content\/uploads\/2023\/02\/logo_fator.png","contentUrl":"https:\/\/fatordental.com.br\/wp-content\/uploads\/2023\/02\/logo_fator.png","width":400,"height":256,"caption":"Fator Dental"},"image":{"@id":"https:\/\/fatordental.com.br\/#\/schema\/logo\/image\/"},"sameAs":["https:\/\/www.instagram.com\/fatordental\/"]}]}},"_links":{"self":[{"href":"https:\/\/fatordental.com.br\/index.php\/wp-json\/wp\/v2\/product\/719","targetHints":{"allow":["GET"]}}],"collection":[{"href":"https:\/\/fatordental.com.br\/index.php\/wp-json\/wp\/v2\/product"}],"about":[{"href":"https:\/\/fatordental.com.br\/index.php\/wp-json\/wp\/v2\/types\/product"}],"wp:featuredmedia":[{"embeddable":true,"href":"https:\/\/fatordental.com.br\/index.php\/wp-json\/wp\/v2\/media\/720"}],"wp:attachment":[{"href":"https:\/\/fatordental.com.br\/index.php\/wp-json\/wp\/v2\/media?parent=719"}],"wp:term":[{"taxonomy":"product_brand","embeddable":true,"href":"https:\/\/fatordental.com.br\/index.php\/wp-json\/wp\/v2\/product_brand?post=719"},{"taxonomy":"product_cat","embeddable":true,"href":"https:\/\/fatordental.com.br\/index.php\/wp-json\/wp\/v2\/product_cat?post=719"},{"taxonomy":"product_tag","embeddable":true,"href":"https:\/\/fatordental.com.br\/index.php\/wp-json\/wp\/v2\/product_tag?post=719"}],"curies":[{"name":"wp","href":"https:\/\/api.w.org\/{rel}","templated":true}]}}