{"id":709,"date":"2022-12-27T19:11:21","date_gmt":"2022-12-27T22:11:21","guid":{"rendered":"https:\/\/fatordental.com.br\/?post_type=product&#038;p=709"},"modified":"2022-12-27T20:14:58","modified_gmt":"2022-12-27T23:14:58","slug":"alginato-hydrogum-5-tipo-i-zhermack","status":"publish","type":"product","link":"https:\/\/fatordental.com.br\/index.php\/produto\/alginato-hydrogum-5-tipo-i-zhermack\/","title":{"rendered":"Alginato Hydrogum 5 Tipo I &#8211; Zhermack"},"content":{"rendered":"<p class=\"value\"><strong>Embalagem com 453g.<\/strong><\/p>\n<p>&nbsp;<\/p>\n<ul>\n<li>DETALHES<\/li>\n<\/ul>\n<p>&#8211; Reprodu\u00e7\u00e3o de detalhes de superf\u00edcie de at\u00e9 5 \u03bcm (m\u00edcrons) e 5 dias de estabilidade dimensional.<br \/>\n&#8211; Mistura manual ou autom\u00e1tica, com absor\u00e7\u00e3o r\u00e1pida da \u00e1gua. Resulta em massa homog\u00eanea e superf\u00edcies lisas e compactas.<br \/>\n&#8211; Alta elasticidade: permite que o material retorne \u00e0 sua forma original.<br \/>\n&#8211; Alta resist\u00eancia ao rasgo: reduz o risco de rasgo da impress\u00e3o quando \u00e9 removido da boca do paciente.<br \/>\n&#8211; Tempo de trabalho: 1 minuto e 5 segundos, considerando temperatura da \u00e1gua em 23\u00baC.<br \/>\n&#8211; Tempo para presa (na boca do paciente): 45 segundos.<br \/>\n&#8211; Tixotr\u00f3pico.<br \/>\n&#8211; Aroma de mangost\u00e3o (fruta asi\u00e1tica).<br \/>\n&#8211; Cor lil\u00e1s.<br \/>\n&#8211; Livre de poeira.<br \/>\n&#8211; Embalado em atmosfera modificada.<\/p>\n<p>&nbsp;<\/p>\n<ul>\n<li>APLICA\u00c7\u00c3O<\/li>\n<\/ul>\n<p>O\u00a0<strong>Alginato Hydrogum 5 Tipo I\u00a0<\/strong>da\u00a0<strong>Zhermack\u00a0<\/strong>\u00e9 um alginato de alto desempenho, desenvolvido para atender as necessidades dos profissionais de Odontologia e Pr\u00f3tese Dent\u00e1ria mais exigentes.<\/p>\n<p>O seu uso \u00e9 indicado para confec\u00e7\u00e3o de pr\u00f3teses remov\u00edveis, modelos de estudo, antagonista em pr\u00f3tese fixa e remov\u00edvel, pontes e coroas provis\u00f3rias.<\/p>\n<p>A sua alta precis\u00e3o na reprodu\u00e7\u00e3o de detalhes se assemelha \u00e0 de um silicone e possibilita impress\u00f5es precisas, com superf\u00edcies lisas e compactas. E a sua alta estabilidade dimensional garante precis\u00e3o de impress\u00e3o por at\u00e9 120 horas \u2013 5 dias, onde o profissional pode tirar uma impress\u00e3o na sexta-feira e encaminh\u00e1-la ao laborat\u00f3rio de pr\u00f3tese ainda na ter\u00e7a-feira seguinte, sem se preocupar que isso prejudique o resultado.<\/p>\n<p>Digitaliz\u00e1vel, facilita o acesso aos workflows digitais e melhora a comunica\u00e7\u00e3o com o laborat\u00f3rio de pr\u00f3tese dent\u00e1ria, que pode obter diretamente um modelo digital (sem ter que realizar a fase de fundi\u00e7\u00e3o).<\/p>\n","protected":false},"excerpt":{"rendered":"<p>Embalagem com 453g. &nbsp; DETALHES &#8211; Reprodu\u00e7\u00e3o de detalhes de superf\u00edcie de at\u00e9 5 \u03bcm (m\u00edcrons) e 5 dias de estabilidade dimensional. &#8211; Mistura manual ou autom\u00e1tica, com absor\u00e7\u00e3o r\u00e1pida [&hellip;]<\/p>\n","protected":false},"featured_media":710,"template":"","meta":[],"product_brand":[],"product_cat":[31],"product_tag":[],"class_list":{"0":"post-709","1":"product","2":"type-product","3":"status-publish","4":"has-post-thumbnail","6":"product_cat-moldagem-e-modelo","8":"first","9":"instock","10":"shipping-taxable","11":"product-type-simple"},"yoast_head":"<!-- This site is optimized with the Yoast SEO plugin v26.8 - https:\/\/yoast.com\/product\/yoast-seo-wordpress\/ -->\n<title>Alginato Hydrogum 5 Tipo I - Zhermack - Fator Dental<\/title>\n<meta name=\"robots\" content=\"index, follow, max-snippet:-1, max-image-preview:large, max-video-preview:-1\" \/>\n<link rel=\"canonical\" href=\"https:\/\/fatordental.com.br\/index.php\/produto\/alginato-hydrogum-5-tipo-i-zhermack\/\" \/>\n<meta property=\"og:locale\" content=\"pt_BR\" \/>\n<meta property=\"og:type\" content=\"article\" \/>\n<meta property=\"og:title\" content=\"Alginato Hydrogum 5 Tipo I - Zhermack - Fator Dental\" \/>\n<meta property=\"og:description\" content=\"Embalagem com 453g. &nbsp; DETALHES &#8211; Reprodu\u00e7\u00e3o de detalhes de superf\u00edcie de at\u00e9 5 \u03bcm (m\u00edcrons) e 5 dias de estabilidade dimensional. &#8211; Mistura manual ou autom\u00e1tica, com absor\u00e7\u00e3o r\u00e1pida [&hellip;]\" \/>\n<meta property=\"og:url\" content=\"https:\/\/fatordental.com.br\/index.php\/produto\/alginato-hydrogum-5-tipo-i-zhermack\/\" \/>\n<meta property=\"og:site_name\" content=\"Fator Dental\" \/>\n<meta property=\"article:modified_time\" content=\"2022-12-27T23:14:58+00:00\" \/>\n<meta property=\"og:image\" content=\"https:\/\/fatordental.com.br\/wp-content\/uploads\/2022\/12\/alginato-hydrogum-5-zhermack-118440-dental-cremer-04.jpg\" \/>\n\t<meta property=\"og:image:width\" content=\"800\" \/>\n\t<meta property=\"og:image:height\" content=\"800\" \/>\n\t<meta property=\"og:image:type\" content=\"image\/jpeg\" \/>\n<meta name=\"twitter:card\" content=\"summary_large_image\" \/>\n<meta name=\"twitter:label1\" content=\"Est. tempo de leitura\" \/>\n\t<meta name=\"twitter:data1\" content=\"2 minutos\" \/>\n<script type=\"application\/ld+json\" class=\"yoast-schema-graph\">{\"@context\":\"https:\/\/schema.org\",\"@graph\":[{\"@type\":\"WebPage\",\"@id\":\"https:\/\/fatordental.com.br\/index.php\/produto\/alginato-hydrogum-5-tipo-i-zhermack\/\",\"url\":\"https:\/\/fatordental.com.br\/index.php\/produto\/alginato-hydrogum-5-tipo-i-zhermack\/\",\"name\":\"Alginato Hydrogum 5 Tipo I - Zhermack - Fator Dental\",\"isPartOf\":{\"@id\":\"https:\/\/fatordental.com.br\/#website\"},\"primaryImageOfPage\":{\"@id\":\"https:\/\/fatordental.com.br\/index.php\/produto\/alginato-hydrogum-5-tipo-i-zhermack\/#primaryimage\"},\"image\":{\"@id\":\"https:\/\/fatordental.com.br\/index.php\/produto\/alginato-hydrogum-5-tipo-i-zhermack\/#primaryimage\"},\"thumbnailUrl\":\"https:\/\/fatordental.com.br\/wp-content\/uploads\/2022\/12\/alginato-hydrogum-5-zhermack-118440-dental-cremer-04.jpg\",\"datePublished\":\"2022-12-27T22:11:21+00:00\",\"dateModified\":\"2022-12-27T23:14:58+00:00\",\"breadcrumb\":{\"@id\":\"https:\/\/fatordental.com.br\/index.php\/produto\/alginato-hydrogum-5-tipo-i-zhermack\/#breadcrumb\"},\"inLanguage\":\"pt-BR\",\"potentialAction\":[{\"@type\":\"ReadAction\",\"target\":[\"https:\/\/fatordental.com.br\/index.php\/produto\/alginato-hydrogum-5-tipo-i-zhermack\/\"]}]},{\"@type\":\"ImageObject\",\"inLanguage\":\"pt-BR\",\"@id\":\"https:\/\/fatordental.com.br\/index.php\/produto\/alginato-hydrogum-5-tipo-i-zhermack\/#primaryimage\",\"url\":\"https:\/\/fatordental.com.br\/wp-content\/uploads\/2022\/12\/alginato-hydrogum-5-zhermack-118440-dental-cremer-04.jpg\",\"contentUrl\":\"https:\/\/fatordental.com.br\/wp-content\/uploads\/2022\/12\/alginato-hydrogum-5-zhermack-118440-dental-cremer-04.jpg\",\"width\":800,\"height\":800},{\"@type\":\"BreadcrumbList\",\"@id\":\"https:\/\/fatordental.com.br\/index.php\/produto\/alginato-hydrogum-5-tipo-i-zhermack\/#breadcrumb\",\"itemListElement\":[{\"@type\":\"ListItem\",\"position\":1,\"name\":\"In\u00edcio\",\"item\":\"https:\/\/fatordental.com.br\/\"},{\"@type\":\"ListItem\",\"position\":2,\"name\":\"Produtos\",\"item\":\"https:\/\/fatordental.com.br\/index.php\/produtos\/\"},{\"@type\":\"ListItem\",\"position\":3,\"name\":\"Alginato Hydrogum 5 Tipo I &#8211; Zhermack\"}]},{\"@type\":\"WebSite\",\"@id\":\"https:\/\/fatordental.com.br\/#website\",\"url\":\"https:\/\/fatordental.com.br\/\",\"name\":\"Fator Dental\",\"description\":\"Produtos Ondontol\u00f3gicos\",\"publisher\":{\"@id\":\"https:\/\/fatordental.com.br\/#organization\"},\"potentialAction\":[{\"@type\":\"SearchAction\",\"target\":{\"@type\":\"EntryPoint\",\"urlTemplate\":\"https:\/\/fatordental.com.br\/?s={search_term_string}\"},\"query-input\":{\"@type\":\"PropertyValueSpecification\",\"valueRequired\":true,\"valueName\":\"search_term_string\"}}],\"inLanguage\":\"pt-BR\"},{\"@type\":\"Organization\",\"@id\":\"https:\/\/fatordental.com.br\/#organization\",\"name\":\"Fator Dental\",\"url\":\"https:\/\/fatordental.com.br\/\",\"logo\":{\"@type\":\"ImageObject\",\"inLanguage\":\"pt-BR\",\"@id\":\"https:\/\/fatordental.com.br\/#\/schema\/logo\/image\/\",\"url\":\"https:\/\/fatordental.com.br\/wp-content\/uploads\/2023\/02\/logo_fator.png\",\"contentUrl\":\"https:\/\/fatordental.com.br\/wp-content\/uploads\/2023\/02\/logo_fator.png\",\"width\":400,\"height\":256,\"caption\":\"Fator Dental\"},\"image\":{\"@id\":\"https:\/\/fatordental.com.br\/#\/schema\/logo\/image\/\"},\"sameAs\":[\"https:\/\/www.instagram.com\/fatordental\/\"]}]}<\/script>\n<!-- \/ Yoast SEO plugin. -->","yoast_head_json":{"title":"Alginato Hydrogum 5 Tipo I - Zhermack - Fator Dental","robots":{"index":"index","follow":"follow","max-snippet":"max-snippet:-1","max-image-preview":"max-image-preview:large","max-video-preview":"max-video-preview:-1"},"canonical":"https:\/\/fatordental.com.br\/index.php\/produto\/alginato-hydrogum-5-tipo-i-zhermack\/","og_locale":"pt_BR","og_type":"article","og_title":"Alginato Hydrogum 5 Tipo I - Zhermack - Fator Dental","og_description":"Embalagem com 453g. &nbsp; DETALHES &#8211; Reprodu\u00e7\u00e3o de detalhes de superf\u00edcie de at\u00e9 5 \u03bcm (m\u00edcrons) e 5 dias de estabilidade dimensional. &#8211; Mistura manual ou autom\u00e1tica, com absor\u00e7\u00e3o r\u00e1pida [&hellip;]","og_url":"https:\/\/fatordental.com.br\/index.php\/produto\/alginato-hydrogum-5-tipo-i-zhermack\/","og_site_name":"Fator Dental","article_modified_time":"2022-12-27T23:14:58+00:00","og_image":[{"width":800,"height":800,"url":"https:\/\/fatordental.com.br\/wp-content\/uploads\/2022\/12\/alginato-hydrogum-5-zhermack-118440-dental-cremer-04.jpg","type":"image\/jpeg"}],"twitter_card":"summary_large_image","twitter_misc":{"Est. tempo de leitura":"2 minutos"},"schema":{"@context":"https:\/\/schema.org","@graph":[{"@type":"WebPage","@id":"https:\/\/fatordental.com.br\/index.php\/produto\/alginato-hydrogum-5-tipo-i-zhermack\/","url":"https:\/\/fatordental.com.br\/index.php\/produto\/alginato-hydrogum-5-tipo-i-zhermack\/","name":"Alginato Hydrogum 5 Tipo I - Zhermack - Fator Dental","isPartOf":{"@id":"https:\/\/fatordental.com.br\/#website"},"primaryImageOfPage":{"@id":"https:\/\/fatordental.com.br\/index.php\/produto\/alginato-hydrogum-5-tipo-i-zhermack\/#primaryimage"},"image":{"@id":"https:\/\/fatordental.com.br\/index.php\/produto\/alginato-hydrogum-5-tipo-i-zhermack\/#primaryimage"},"thumbnailUrl":"https:\/\/fatordental.com.br\/wp-content\/uploads\/2022\/12\/alginato-hydrogum-5-zhermack-118440-dental-cremer-04.jpg","datePublished":"2022-12-27T22:11:21+00:00","dateModified":"2022-12-27T23:14:58+00:00","breadcrumb":{"@id":"https:\/\/fatordental.com.br\/index.php\/produto\/alginato-hydrogum-5-tipo-i-zhermack\/#breadcrumb"},"inLanguage":"pt-BR","potentialAction":[{"@type":"ReadAction","target":["https:\/\/fatordental.com.br\/index.php\/produto\/alginato-hydrogum-5-tipo-i-zhermack\/"]}]},{"@type":"ImageObject","inLanguage":"pt-BR","@id":"https:\/\/fatordental.com.br\/index.php\/produto\/alginato-hydrogum-5-tipo-i-zhermack\/#primaryimage","url":"https:\/\/fatordental.com.br\/wp-content\/uploads\/2022\/12\/alginato-hydrogum-5-zhermack-118440-dental-cremer-04.jpg","contentUrl":"https:\/\/fatordental.com.br\/wp-content\/uploads\/2022\/12\/alginato-hydrogum-5-zhermack-118440-dental-cremer-04.jpg","width":800,"height":800},{"@type":"BreadcrumbList","@id":"https:\/\/fatordental.com.br\/index.php\/produto\/alginato-hydrogum-5-tipo-i-zhermack\/#breadcrumb","itemListElement":[{"@type":"ListItem","position":1,"name":"In\u00edcio","item":"https:\/\/fatordental.com.br\/"},{"@type":"ListItem","position":2,"name":"Produtos","item":"https:\/\/fatordental.com.br\/index.php\/produtos\/"},{"@type":"ListItem","position":3,"name":"Alginato Hydrogum 5 Tipo I &#8211; Zhermack"}]},{"@type":"WebSite","@id":"https:\/\/fatordental.com.br\/#website","url":"https:\/\/fatordental.com.br\/","name":"Fator Dental","description":"Produtos Ondontol\u00f3gicos","publisher":{"@id":"https:\/\/fatordental.com.br\/#organization"},"potentialAction":[{"@type":"SearchAction","target":{"@type":"EntryPoint","urlTemplate":"https:\/\/fatordental.com.br\/?s={search_term_string}"},"query-input":{"@type":"PropertyValueSpecification","valueRequired":true,"valueName":"search_term_string"}}],"inLanguage":"pt-BR"},{"@type":"Organization","@id":"https:\/\/fatordental.com.br\/#organization","name":"Fator Dental","url":"https:\/\/fatordental.com.br\/","logo":{"@type":"ImageObject","inLanguage":"pt-BR","@id":"https:\/\/fatordental.com.br\/#\/schema\/logo\/image\/","url":"https:\/\/fatordental.com.br\/wp-content\/uploads\/2023\/02\/logo_fator.png","contentUrl":"https:\/\/fatordental.com.br\/wp-content\/uploads\/2023\/02\/logo_fator.png","width":400,"height":256,"caption":"Fator Dental"},"image":{"@id":"https:\/\/fatordental.com.br\/#\/schema\/logo\/image\/"},"sameAs":["https:\/\/www.instagram.com\/fatordental\/"]}]}},"_links":{"self":[{"href":"https:\/\/fatordental.com.br\/index.php\/wp-json\/wp\/v2\/product\/709","targetHints":{"allow":["GET"]}}],"collection":[{"href":"https:\/\/fatordental.com.br\/index.php\/wp-json\/wp\/v2\/product"}],"about":[{"href":"https:\/\/fatordental.com.br\/index.php\/wp-json\/wp\/v2\/types\/product"}],"wp:featuredmedia":[{"embeddable":true,"href":"https:\/\/fatordental.com.br\/index.php\/wp-json\/wp\/v2\/media\/710"}],"wp:attachment":[{"href":"https:\/\/fatordental.com.br\/index.php\/wp-json\/wp\/v2\/media?parent=709"}],"wp:term":[{"taxonomy":"product_brand","embeddable":true,"href":"https:\/\/fatordental.com.br\/index.php\/wp-json\/wp\/v2\/product_brand?post=709"},{"taxonomy":"product_cat","embeddable":true,"href":"https:\/\/fatordental.com.br\/index.php\/wp-json\/wp\/v2\/product_cat?post=709"},{"taxonomy":"product_tag","embeddable":true,"href":"https:\/\/fatordental.com.br\/index.php\/wp-json\/wp\/v2\/product_tag?post=709"}],"curies":[{"name":"wp","href":"https:\/\/api.w.org\/{rel}","templated":true}]}}