{"id":695,"date":"2022-11-24T21:30:16","date_gmt":"2022-11-25T00:30:16","guid":{"rendered":"https:\/\/fatordental.com.br\/?post_type=product&#038;p=695"},"modified":"2023-02-20T14:01:26","modified_gmt":"2023-02-20T17:01:26","slug":"resina-z100-3m","status":"publish","type":"product","link":"https:\/\/fatordental.com.br\/index.php\/produto\/resina-z100-3m\/","title":{"rendered":"Resina Z100\u2122 &#8211; 3M"},"content":{"rendered":"<p class=\"value\"><strong>Resina Microh\u00edbrida. Seringa com 4g. Nas cores A1, A2, A3, A3,5, A4. Escolha a Cor.<\/strong><\/p>\n<p>&nbsp;<\/p>\n<ul>\n<li><strong>DETALHES\u00a0<\/strong><\/li>\n<\/ul>\n<p><span class=\"TextRun SCXW162794413 BCX8\" lang=\"PT-BR\" xml:lang=\"PT-BR\" data-contrast=\"auto\"><span class=\"NormalTextRun SCXW162794413 BCX8\" data-ccp-charstyle=\"normaltextrun\" data-ccp-charstyle-defn=\"{&quot;ObjectId&quot;:&quot;500f3220-76ee-4525-b17b-5ffeef43e317|138&quot;,&quot;ClassId&quot;:1073872969,&quot;Properties&quot;:[469775450,&quot;normaltextrun&quot;,201340122,&quot;1&quot;,134233614,&quot;true&quot;,469778129,&quot;normaltextrun&quot;,335572020,&quot;1&quot;,469778324,&quot;Default Paragraph Font&quot;]}\">&#8211;<\/span>\u00a0<span class=\"NormalTextRun SCXW162794413 BCX8\">Consist\u00eancia: Composta.<\/span><\/span><span class=\"LineBreakBlob BlobObject DragDrop SCXW162794413 BCX8\"><span class=\"SCXW162794413 BCX8\">\u00a0<\/span><br class=\"SCXW162794413 BCX8\" \/><\/span><span class=\"TextRun SCXW162794413 BCX8\" lang=\"PT-BR\" xml:lang=\"PT-BR\" data-contrast=\"auto\"><span class=\"NormalTextRun SCXW162794413 BCX8\">&#8211; Preenchimento: 2,5mm.<\/span><\/span><span class=\"LineBreakBlob BlobObject DragDrop SCXW162794413 BCX8\"><span class=\"SCXW162794413 BCX8\">\u00a0<\/span><br class=\"SCXW162794413 BCX8\" \/><\/span><span class=\"TextRun SCXW162794413 BCX8\" lang=\"PT-BR\" xml:lang=\"PT-BR\" data-contrast=\"auto\"><span class=\"NormalTextRun SCXW162794413 BCX8\">&#8211; Restaurador universal <\/span><span class=\"NormalTextRun SpellingErrorV2Themed SCXW162794413 BCX8\">microh\u00edbrido<\/span><span class=\"NormalTextRun SCXW162794413 BCX8\">.<\/span><\/span><span class=\"LineBreakBlob BlobObject DragDrop SCXW162794413 BCX8\"><span class=\"SCXW162794413 BCX8\">\u00a0<\/span><br class=\"SCXW162794413 BCX8\" \/><\/span><span class=\"TextRun SCXW162794413 BCX8\" lang=\"PT-BR\" xml:lang=\"PT-BR\" data-contrast=\"auto\"><span class=\"NormalTextRun SCXW162794413 BCX8\">&#8211; Composi\u00e7\u00e3o: TEGDMA, <\/span><span class=\"NormalTextRun SpellingErrorV2Themed SCXW162794413 BCX8\">BisGMA<\/span><span class=\"NormalTextRun SCXW162794413 BCX8\">, Cer\u00e2mica silanizada tratada, 2-Benzotriazolil-4-metilfenol.<\/span><\/span><span class=\"LineBreakBlob BlobObject DragDrop SCXW162794413 BCX8\"><span class=\"SCXW162794413 BCX8\">\u00a0<\/span><br class=\"SCXW162794413 BCX8\" \/><\/span><span class=\"TextRun SCXW162794413 BCX8\" lang=\"PT-BR\" xml:lang=\"PT-BR\" data-contrast=\"auto\"><span class=\"NormalTextRun SCXW162794413 BCX8\">&#8211; Elevada resist\u00eancia ao desgaste<\/span><span class=\"NormalTextRun SCXW162794413 BCX8\">\u00a0para uso\u00a0<\/span><span class=\"NormalTextRun SCXW162794413 BCX8\">em \u00e1reas extensas e\u00a0<\/span><span class=\"NormalTextRun SCXW162794413 BCX8\">de<\/span>\u00a0<span class=\"NormalTextRun SCXW162794413 BCX8\">elevado<\/span><span class=\"NormalTextRun SCXW162794413 BCX8\">\u00a0esfor\u00e7o mastigat\u00f3rio<\/span><span class=\"NormalTextRun SCXW162794413 BCX8\">.<\/span><\/span><span class=\"LineBreakBlob BlobObject DragDrop SCXW162794413 BCX8\"><span class=\"SCXW162794413 BCX8\">\u00a0<\/span><br class=\"SCXW162794413 BCX8\" \/><\/span><span class=\"TextRun SCXW162794413 BCX8\" lang=\"PT-BR\" xml:lang=\"PT-BR\" data-contrast=\"auto\"><span class=\"NormalTextRun SCXW162794413 BCX8\">&#8211; <\/span><span class=\"NormalTextRun SCXW162794413 BCX8\">El<\/span><span class=\"NormalTextRun SCXW162794413 BCX8\">evada dureza<\/span><span class=\"NormalTextRun SCXW162794413 BCX8\">.<\/span><\/span><span class=\"LineBreakBlob BlobObject DragDrop SCXW162794413 BCX8\"><span class=\"SCXW162794413 BCX8\">\u00a0<\/span><br class=\"SCXW162794413 BCX8\" \/><\/span><span class=\"TextRun SCXW162794413 BCX8\" lang=\"PT-BR\" xml:lang=\"PT-BR\" data-contrast=\"auto\"><span class=\"NormalTextRun SCXW162794413 BCX8\">&#8211; R<\/span><span class=\"NormalTextRun SCXW162794413 BCX8\">esist\u00eancia \u00e0 compress\u00e3o e \u00e0 fratura<\/span><span class=\"NormalTextRun SCXW162794413 BCX8\">.<\/span><\/span><span class=\"LineBreakBlob BlobObject DragDrop SCXW162794413 BCX8\"><span class=\"SCXW162794413 BCX8\">\u00a0<\/span><br class=\"SCXW162794413 BCX8\" \/><\/span><span class=\"TextRun SCXW162794413 BCX8\" lang=\"PT-BR\" xml:lang=\"PT-BR\" data-contrast=\"auto\"><span class=\"NormalTextRun SCXW162794413 BCX8\">&#8211; Efeito camale\u00f4nico<\/span><span class=\"NormalTextRun SCXW162794413 BCX8\">\u00a0que<\/span><span class=\"NormalTextRun SCXW162794413 BCX8\">\u00a0imita as estruturas dentais<\/span><span class=\"NormalTextRun SCXW162794413 BCX8\">.<\/span><\/span><span class=\"LineBreakBlob BlobObject DragDrop SCXW162794413 BCX8\"><span class=\"SCXW162794413 BCX8\">\u00a0<\/span><br class=\"SCXW162794413 BCX8\" \/><\/span><span class=\"TextRun SCXW162794413 BCX8\" lang=\"PT-BR\" xml:lang=\"PT-BR\" data-contrast=\"auto\"><span class=\"NormalTextRun SCXW162794413 BCX8\">&#8211; Proporciona f\u00e1cil c<\/span><span class=\"NormalTextRun SCXW162794413 BCX8\">onfec\u00e7\u00e3o de restaura\u00e7\u00f5es com boa est\u00e9tica, atrav\u00e9s de t\u00e9cnica simplificada<\/span><span class=\"NormalTextRun SCXW162794413 BCX8\">.<\/span><\/span><span class=\"LineBreakBlob BlobObject DragDrop SCXW162794413 BCX8\"><span class=\"SCXW162794413 BCX8\">\u00a0<\/span><br class=\"SCXW162794413 BCX8\" \/><\/span><span class=\"TextRun SCXW162794413 BCX8\" lang=\"PT-BR\" xml:lang=\"PT-BR\" data-contrast=\"auto\"><span class=\"NormalTextRun SCXW162794413 BCX8\">&#8211; Carga em zirc\u00f4nia e s\u00edlica <\/span><span class=\"NormalTextRun SCXW162794413 BCX8\">para<\/span><span class=\"NormalTextRun SCXW162794413 BCX8\">\u00a0elevadas propriedades mec\u00e2nicas.<\/span><\/span><span class=\"LineBreakBlob BlobObject DragDrop SCXW162794413 BCX8\"><span class=\"SCXW162794413 BCX8\">\u00a0<\/span><br class=\"SCXW162794413 BCX8\" \/><\/span><span class=\"TextRun SCXW162794413 BCX8\" lang=\"PT-BR\" xml:lang=\"PT-BR\" data-contrast=\"auto\"><span class=\"NormalTextRun SCXW162794413 BCX8\">&#8211; Sistema de cores simplificad<\/span><span class=\"NormalTextRun SCXW162794413 BCX8\">o.<\/span><\/span><span class=\"LineBreakBlob BlobObject DragDrop SCXW162794413 BCX8\"><span class=\"SCXW162794413 BCX8\">\u00a0<\/span><br class=\"SCXW162794413 BCX8\" \/><\/span><span class=\"TextRun SCXW162794413 BCX8\" lang=\"PT-BR\" xml:lang=\"PT-BR\" data-contrast=\"auto\"><span class=\"NormalTextRun SCXW162794413 BCX8\">&#8211; Maior fluoresc\u00eancia.<\/span><\/span><span class=\"LineBreakBlob BlobObject DragDrop SCXW162794413 BCX8\"><span class=\"SCXW162794413 BCX8\">\u00a0<\/span><br class=\"SCXW162794413 BCX8\" \/><\/span><span class=\"TextRun SCXW162794413 BCX8\" lang=\"PT-BR\" xml:lang=\"PT-BR\" data-contrast=\"auto\"><span class=\"NormalTextRun SCXW162794413 BCX8\">&#8211; Cor UD = Dentina universal<\/span><span class=\"NormalTextRun SCXW162794413 BCX8\">.<\/span><\/span><span class=\"LineBreakBlob BlobObject DragDrop SCXW162794413 BCX8\"><span class=\"SCXW162794413 BCX8\">\u00a0<\/span><br class=\"SCXW162794413 BCX8\" \/><\/span><span class=\"TextRun SCXW162794413 BCX8\" lang=\"PT-BR\" xml:lang=\"PT-BR\" data-contrast=\"auto\"><span class=\"NormalTextRun SCXW162794413 BCX8\">&#8211; Cor P = <\/span><span class=\"NormalTextRun SpellingErrorV2Themed SCXW162794413 BCX8\">Pedo<\/span><span class=\"NormalTextRun SCXW162794413 BCX8\">\u00a0(pedri\u00e1trica).<\/span><\/span><span class=\"LineBreakBlob BlobObject DragDrop SCXW162794413 BCX8\"><span class=\"SCXW162794413 BCX8\">\u00a0<\/span><br class=\"SCXW162794413 BCX8\" \/><\/span><span class=\"TextRun SCXW162794413 BCX8\" lang=\"PT-BR\" xml:lang=\"PT-BR\" data-contrast=\"auto\"><span class=\"NormalTextRun SCXW162794413 BCX8\">&#8211; Rendimento: 4g &#8211; 30 restaura\u00e7\u00f5es de dentes anteriores ou 20 de posteriores.<\/span><\/span><span class=\"LineBreakBlob BlobObject DragDrop SCXW162794413 BCX8\"><span class=\"SCXW162794413 BCX8\">\u00a0<\/span><br class=\"SCXW162794413 BCX8\" \/><\/span><span class=\"TextRun SCXW162794413 BCX8\" lang=\"PT-BR\" xml:lang=\"PT-BR\" data-contrast=\"auto\"><span class=\"NormalTextRun SCXW162794413 BCX8\">&#8211; Registro ANVISA: 80284930215.<\/span><\/span><span class=\"EOP SCXW162794413 BCX8\" data-ccp-props=\"{&quot;201341983&quot;:0,&quot;335559739&quot;:160,&quot;335559740&quot;:259}\">\u00a0<\/span><\/p>\n<p>&nbsp;<\/p>\n<ul>\n<li><strong>APLICA\u00c7\u00c3O<\/strong><\/li>\n<\/ul>\n<p><span data-contrast=\"auto\">A\u00a0<\/span><strong><span data-contrast=\"auto\">Resina Z100\u2122\u00a0<\/span><\/strong><span data-contrast=\"auto\">da\u00a0<\/span><a href=\"https:\/\/www.dentalcremer.com.br\/super-loja\/3m.html\" target=\"_blank\" rel=\"noopener\"><strong>3M<\/strong><\/a>\u00a0<span data-contrast=\"auto\">\u00e9 uma resina microh\u00edbrida cl\u00e1ssica da marca que conta com alta resist\u00eancia ao desgaste e dureza. Seu efeito camale\u00f4nico se assemelha as estruturas dentais e prop\u00f5e ao profissional maior facilidade na confec\u00e7\u00e3o de restaura\u00e7\u00f5es com \u00f3tima est\u00e9tica. Entre suas indica\u00e7\u00f5es de uso, est\u00e3o:<\/span><span data-ccp-props=\"{&quot;134233117&quot;:true,&quot;134233118&quot;:true,&quot;201341983&quot;:0,&quot;335559740&quot;:240}\">\u00a0<\/span><\/p>\n<p><span data-contrast=\"auto\">* Restaura\u00e7\u00f5es diretas em dentes anteriores e posteriores em Classes I, II, III, IV e V, incluindo superf\u00edcies oclusais.<\/span><br \/>\n<span data-contrast=\"auto\">* Restaura\u00e7\u00f5es indiretas (inlays, onlays e facetas).<\/span><br \/>\n<span data-contrast=\"auto\">* Esplintagem de dentes com mobilidade.<\/span><br \/>\n<span data-contrast=\"auto\">* Fechamento de diastemas.<\/span><br \/>\n<span data-contrast=\"auto\">* Confec\u00e7\u00e3o de n\u00facleos de preenchimento.<\/span><br \/>\n<span data-contrast=\"auto\">* Moldagens de transfer\u00eancia (copings e transferentes de implantes).<\/span><span data-ccp-props=\"{&quot;134233117&quot;:true,&quot;134233118&quot;:true,&quot;201341983&quot;:0,&quot;335559740&quot;:240}\">\u00a0<\/span><\/p>\n","protected":false},"excerpt":{"rendered":"<p>Resina Microh\u00edbrida. Seringa com 4g. Nas cores A1, A2, A3, A3,5, A4. Escolha a Cor. &nbsp; DETALHES\u00a0 &#8211;\u00a0Consist\u00eancia: Composta.\u00a0&#8211; Preenchimento: 2,5mm.\u00a0&#8211; Restaurador universal microh\u00edbrido.\u00a0&#8211; Composi\u00e7\u00e3o: TEGDMA, BisGMA, Cer\u00e2mica silanizada tratada, [&hellip;]<\/p>\n","protected":false},"featured_media":696,"template":"","meta":[],"product_brand":[],"product_cat":[51,70],"product_tag":[],"class_list":{"0":"post-695","1":"product","2":"type-product","3":"status-publish","4":"has-post-thumbnail","6":"product_cat-dentistica-e-estetica","7":"product_cat-resina-composta","9":"first","10":"instock","11":"shipping-taxable","12":"product-type-simple"},"yoast_head":"<!-- This site is optimized with the Yoast SEO plugin v26.8 - https:\/\/yoast.com\/product\/yoast-seo-wordpress\/ -->\n<title>Resina Z100\u2122 - 3M - Fator Dental<\/title>\n<meta name=\"robots\" content=\"index, follow, max-snippet:-1, max-image-preview:large, max-video-preview:-1\" \/>\n<link rel=\"canonical\" href=\"https:\/\/fatordental.com.br\/index.php\/produto\/resina-z100-3m\/\" \/>\n<meta property=\"og:locale\" content=\"pt_BR\" \/>\n<meta property=\"og:type\" content=\"article\" \/>\n<meta property=\"og:title\" content=\"Resina Z100\u2122 - 3M - Fator Dental\" \/>\n<meta property=\"og:description\" content=\"Resina Microh\u00edbrida. Seringa com 4g. Nas cores A1, A2, A3, A3,5, A4. Escolha a Cor. &nbsp; DETALHES\u00a0 &#8211;\u00a0Consist\u00eancia: Composta.\u00a0&#8211; Preenchimento: 2,5mm.\u00a0&#8211; Restaurador universal microh\u00edbrido.\u00a0&#8211; Composi\u00e7\u00e3o: TEGDMA, BisGMA, Cer\u00e2mica silanizada tratada, [&hellip;]\" \/>\n<meta property=\"og:url\" content=\"https:\/\/fatordental.com.br\/index.php\/produto\/resina-z100-3m\/\" \/>\n<meta property=\"og:site_name\" content=\"Fator Dental\" \/>\n<meta property=\"article:modified_time\" content=\"2023-02-20T17:01:26+00:00\" \/>\n<meta property=\"og:image\" content=\"https:\/\/fatordental.com.br\/wp-content\/uploads\/2022\/11\/resina-z100tm-3m-dc10933-1.jpg\" \/>\n\t<meta property=\"og:image:width\" content=\"800\" \/>\n\t<meta property=\"og:image:height\" content=\"800\" \/>\n\t<meta property=\"og:image:type\" content=\"image\/jpeg\" \/>\n<meta name=\"twitter:card\" content=\"summary_large_image\" \/>\n<meta name=\"twitter:label1\" content=\"Est. tempo de leitura\" \/>\n\t<meta name=\"twitter:data1\" content=\"2 minutos\" \/>\n<script type=\"application\/ld+json\" class=\"yoast-schema-graph\">{\"@context\":\"https:\/\/schema.org\",\"@graph\":[{\"@type\":\"WebPage\",\"@id\":\"https:\/\/fatordental.com.br\/index.php\/produto\/resina-z100-3m\/\",\"url\":\"https:\/\/fatordental.com.br\/index.php\/produto\/resina-z100-3m\/\",\"name\":\"Resina Z100\u2122 - 3M - Fator Dental\",\"isPartOf\":{\"@id\":\"https:\/\/fatordental.com.br\/#website\"},\"primaryImageOfPage\":{\"@id\":\"https:\/\/fatordental.com.br\/index.php\/produto\/resina-z100-3m\/#primaryimage\"},\"image\":{\"@id\":\"https:\/\/fatordental.com.br\/index.php\/produto\/resina-z100-3m\/#primaryimage\"},\"thumbnailUrl\":\"https:\/\/fatordental.com.br\/wp-content\/uploads\/2022\/11\/resina-z100tm-3m-dc10933-1.jpg\",\"datePublished\":\"2022-11-25T00:30:16+00:00\",\"dateModified\":\"2023-02-20T17:01:26+00:00\",\"breadcrumb\":{\"@id\":\"https:\/\/fatordental.com.br\/index.php\/produto\/resina-z100-3m\/#breadcrumb\"},\"inLanguage\":\"pt-BR\",\"potentialAction\":[{\"@type\":\"ReadAction\",\"target\":[\"https:\/\/fatordental.com.br\/index.php\/produto\/resina-z100-3m\/\"]}]},{\"@type\":\"ImageObject\",\"inLanguage\":\"pt-BR\",\"@id\":\"https:\/\/fatordental.com.br\/index.php\/produto\/resina-z100-3m\/#primaryimage\",\"url\":\"https:\/\/fatordental.com.br\/wp-content\/uploads\/2022\/11\/resina-z100tm-3m-dc10933-1.jpg\",\"contentUrl\":\"https:\/\/fatordental.com.br\/wp-content\/uploads\/2022\/11\/resina-z100tm-3m-dc10933-1.jpg\",\"width\":800,\"height\":800},{\"@type\":\"BreadcrumbList\",\"@id\":\"https:\/\/fatordental.com.br\/index.php\/produto\/resina-z100-3m\/#breadcrumb\",\"itemListElement\":[{\"@type\":\"ListItem\",\"position\":1,\"name\":\"In\u00edcio\",\"item\":\"https:\/\/fatordental.com.br\/\"},{\"@type\":\"ListItem\",\"position\":2,\"name\":\"Produtos\",\"item\":\"https:\/\/fatordental.com.br\/index.php\/produtos\/\"},{\"@type\":\"ListItem\",\"position\":3,\"name\":\"Resina Z100\u2122 &#8211; 3M\"}]},{\"@type\":\"WebSite\",\"@id\":\"https:\/\/fatordental.com.br\/#website\",\"url\":\"https:\/\/fatordental.com.br\/\",\"name\":\"Fator Dental\",\"description\":\"Produtos Ondontol\u00f3gicos\",\"publisher\":{\"@id\":\"https:\/\/fatordental.com.br\/#organization\"},\"potentialAction\":[{\"@type\":\"SearchAction\",\"target\":{\"@type\":\"EntryPoint\",\"urlTemplate\":\"https:\/\/fatordental.com.br\/?s={search_term_string}\"},\"query-input\":{\"@type\":\"PropertyValueSpecification\",\"valueRequired\":true,\"valueName\":\"search_term_string\"}}],\"inLanguage\":\"pt-BR\"},{\"@type\":\"Organization\",\"@id\":\"https:\/\/fatordental.com.br\/#organization\",\"name\":\"Fator Dental\",\"url\":\"https:\/\/fatordental.com.br\/\",\"logo\":{\"@type\":\"ImageObject\",\"inLanguage\":\"pt-BR\",\"@id\":\"https:\/\/fatordental.com.br\/#\/schema\/logo\/image\/\",\"url\":\"https:\/\/fatordental.com.br\/wp-content\/uploads\/2023\/02\/logo_fator.png\",\"contentUrl\":\"https:\/\/fatordental.com.br\/wp-content\/uploads\/2023\/02\/logo_fator.png\",\"width\":400,\"height\":256,\"caption\":\"Fator Dental\"},\"image\":{\"@id\":\"https:\/\/fatordental.com.br\/#\/schema\/logo\/image\/\"},\"sameAs\":[\"https:\/\/www.instagram.com\/fatordental\/\"]}]}<\/script>\n<!-- \/ Yoast SEO plugin. -->","yoast_head_json":{"title":"Resina Z100\u2122 - 3M - Fator Dental","robots":{"index":"index","follow":"follow","max-snippet":"max-snippet:-1","max-image-preview":"max-image-preview:large","max-video-preview":"max-video-preview:-1"},"canonical":"https:\/\/fatordental.com.br\/index.php\/produto\/resina-z100-3m\/","og_locale":"pt_BR","og_type":"article","og_title":"Resina Z100\u2122 - 3M - Fator Dental","og_description":"Resina Microh\u00edbrida. Seringa com 4g. Nas cores A1, A2, A3, A3,5, A4. Escolha a Cor. &nbsp; DETALHES\u00a0 &#8211;\u00a0Consist\u00eancia: Composta.\u00a0&#8211; Preenchimento: 2,5mm.\u00a0&#8211; Restaurador universal microh\u00edbrido.\u00a0&#8211; Composi\u00e7\u00e3o: TEGDMA, BisGMA, Cer\u00e2mica silanizada tratada, [&hellip;]","og_url":"https:\/\/fatordental.com.br\/index.php\/produto\/resina-z100-3m\/","og_site_name":"Fator Dental","article_modified_time":"2023-02-20T17:01:26+00:00","og_image":[{"width":800,"height":800,"url":"https:\/\/fatordental.com.br\/wp-content\/uploads\/2022\/11\/resina-z100tm-3m-dc10933-1.jpg","type":"image\/jpeg"}],"twitter_card":"summary_large_image","twitter_misc":{"Est. tempo de leitura":"2 minutos"},"schema":{"@context":"https:\/\/schema.org","@graph":[{"@type":"WebPage","@id":"https:\/\/fatordental.com.br\/index.php\/produto\/resina-z100-3m\/","url":"https:\/\/fatordental.com.br\/index.php\/produto\/resina-z100-3m\/","name":"Resina Z100\u2122 - 3M - Fator Dental","isPartOf":{"@id":"https:\/\/fatordental.com.br\/#website"},"primaryImageOfPage":{"@id":"https:\/\/fatordental.com.br\/index.php\/produto\/resina-z100-3m\/#primaryimage"},"image":{"@id":"https:\/\/fatordental.com.br\/index.php\/produto\/resina-z100-3m\/#primaryimage"},"thumbnailUrl":"https:\/\/fatordental.com.br\/wp-content\/uploads\/2022\/11\/resina-z100tm-3m-dc10933-1.jpg","datePublished":"2022-11-25T00:30:16+00:00","dateModified":"2023-02-20T17:01:26+00:00","breadcrumb":{"@id":"https:\/\/fatordental.com.br\/index.php\/produto\/resina-z100-3m\/#breadcrumb"},"inLanguage":"pt-BR","potentialAction":[{"@type":"ReadAction","target":["https:\/\/fatordental.com.br\/index.php\/produto\/resina-z100-3m\/"]}]},{"@type":"ImageObject","inLanguage":"pt-BR","@id":"https:\/\/fatordental.com.br\/index.php\/produto\/resina-z100-3m\/#primaryimage","url":"https:\/\/fatordental.com.br\/wp-content\/uploads\/2022\/11\/resina-z100tm-3m-dc10933-1.jpg","contentUrl":"https:\/\/fatordental.com.br\/wp-content\/uploads\/2022\/11\/resina-z100tm-3m-dc10933-1.jpg","width":800,"height":800},{"@type":"BreadcrumbList","@id":"https:\/\/fatordental.com.br\/index.php\/produto\/resina-z100-3m\/#breadcrumb","itemListElement":[{"@type":"ListItem","position":1,"name":"In\u00edcio","item":"https:\/\/fatordental.com.br\/"},{"@type":"ListItem","position":2,"name":"Produtos","item":"https:\/\/fatordental.com.br\/index.php\/produtos\/"},{"@type":"ListItem","position":3,"name":"Resina Z100\u2122 &#8211; 3M"}]},{"@type":"WebSite","@id":"https:\/\/fatordental.com.br\/#website","url":"https:\/\/fatordental.com.br\/","name":"Fator Dental","description":"Produtos Ondontol\u00f3gicos","publisher":{"@id":"https:\/\/fatordental.com.br\/#organization"},"potentialAction":[{"@type":"SearchAction","target":{"@type":"EntryPoint","urlTemplate":"https:\/\/fatordental.com.br\/?s={search_term_string}"},"query-input":{"@type":"PropertyValueSpecification","valueRequired":true,"valueName":"search_term_string"}}],"inLanguage":"pt-BR"},{"@type":"Organization","@id":"https:\/\/fatordental.com.br\/#organization","name":"Fator Dental","url":"https:\/\/fatordental.com.br\/","logo":{"@type":"ImageObject","inLanguage":"pt-BR","@id":"https:\/\/fatordental.com.br\/#\/schema\/logo\/image\/","url":"https:\/\/fatordental.com.br\/wp-content\/uploads\/2023\/02\/logo_fator.png","contentUrl":"https:\/\/fatordental.com.br\/wp-content\/uploads\/2023\/02\/logo_fator.png","width":400,"height":256,"caption":"Fator Dental"},"image":{"@id":"https:\/\/fatordental.com.br\/#\/schema\/logo\/image\/"},"sameAs":["https:\/\/www.instagram.com\/fatordental\/"]}]}},"_links":{"self":[{"href":"https:\/\/fatordental.com.br\/index.php\/wp-json\/wp\/v2\/product\/695","targetHints":{"allow":["GET"]}}],"collection":[{"href":"https:\/\/fatordental.com.br\/index.php\/wp-json\/wp\/v2\/product"}],"about":[{"href":"https:\/\/fatordental.com.br\/index.php\/wp-json\/wp\/v2\/types\/product"}],"wp:featuredmedia":[{"embeddable":true,"href":"https:\/\/fatordental.com.br\/index.php\/wp-json\/wp\/v2\/media\/696"}],"wp:attachment":[{"href":"https:\/\/fatordental.com.br\/index.php\/wp-json\/wp\/v2\/media?parent=695"}],"wp:term":[{"taxonomy":"product_brand","embeddable":true,"href":"https:\/\/fatordental.com.br\/index.php\/wp-json\/wp\/v2\/product_brand?post=695"},{"taxonomy":"product_cat","embeddable":true,"href":"https:\/\/fatordental.com.br\/index.php\/wp-json\/wp\/v2\/product_cat?post=695"},{"taxonomy":"product_tag","embeddable":true,"href":"https:\/\/fatordental.com.br\/index.php\/wp-json\/wp\/v2\/product_tag?post=695"}],"curies":[{"name":"wp","href":"https:\/\/api.w.org\/{rel}","templated":true}]}}