{"id":684,"date":"2022-11-24T20:19:27","date_gmt":"2022-11-24T23:19:27","guid":{"rendered":"https:\/\/fatordental.com.br\/?post_type=product&#038;p=684"},"modified":"2022-11-24T20:24:49","modified_gmt":"2022-11-24T23:24:49","slug":"resina-master-flow-biodinamica","status":"publish","type":"product","link":"https:\/\/fatordental.com.br\/index.php\/produto\/resina-master-flow-biodinamica\/","title":{"rendered":"Resina Master Flow &#8211; Biodin\u00e2mica"},"content":{"rendered":"<p class=\"value\"><strong>Resina H\u00edbrida. Embalagem com 1 seringa com 2g. Nas cores A1, A2 e A3. Escolha a Cor.<\/strong><\/p>\n<p>&nbsp;<\/p>\n<ul>\n<li><strong>DETALHES<\/strong><\/li>\n<\/ul>\n<p><span class=\"TextRun SCXW40257094 BCX8\" lang=\"PT-BR\" xml:lang=\"PT-BR\" data-contrast=\"auto\"><span class=\"NormalTextRun SCXW40257094 BCX8\" data-ccp-charstyle=\"normaltextrun\" data-ccp-charstyle-defn=\"{&quot;ObjectId&quot;:&quot;77095428-db9f-47ee-88ce-a8f934f4915d|48&quot;,&quot;ClassId&quot;:1073872969,&quot;Properties&quot;:[469775450,&quot;normaltextrun&quot;,201340122,&quot;1&quot;,134233614,&quot;true&quot;,469778129,&quot;normaltextrun&quot;,335572020,&quot;1&quot;,469778324,&quot;Default Paragraph Font&quot;]}\">&#8211;<\/span>\u00a0<span class=\"NormalTextRun SpellingErrorV2Themed SCXW40257094 BCX8\" data-ccp-parastyle=\"paragraph\">Fotopolimeriz\u00e1vel<\/span><span class=\"NormalTextRun SCXW40257094 BCX8\" data-ccp-parastyle=\"paragraph\">.<\/span><\/span><span class=\"LineBreakBlob BlobObject DragDrop SCXW40257094 BCX8\"><span class=\"SCXW40257094 BCX8\">\u00a0<\/span><br class=\"SCXW40257094 BCX8\" \/><\/span><span class=\"TextRun SCXW40257094 BCX8\" lang=\"PT-BR\" xml:lang=\"PT-BR\" data-contrast=\"auto\"><span class=\"NormalTextRun SCXW40257094 BCX8\" data-ccp-parastyle=\"paragraph\">&#8211; <\/span><span class=\"NormalTextRun SCXW40257094 BCX8\" data-ccp-parastyle=\"paragraph\">Resina\u00a0<\/span><span class=\"NormalTextRun SCXW40257094 BCX8\" data-ccp-parastyle=\"paragraph\">composta,\u00a0<\/span><span class=\"NormalTextRun SCXW40257094 BCX8\" data-ccp-parastyle=\"paragraph\">h\u00edbrida<\/span><span class=\"NormalTextRun SCXW40257094 BCX8\" data-ccp-parastyle=\"paragraph\">\u00a0de alta fluidez.<\/span><\/span><span class=\"LineBreakBlob BlobObject DragDrop SCXW40257094 BCX8\"><span class=\"SCXW40257094 BCX8\">\u00a0<\/span><br class=\"SCXW40257094 BCX8\" \/><\/span><span class=\"TextRun SCXW40257094 BCX8\" lang=\"PT-BR\" xml:lang=\"PT-BR\" data-contrast=\"auto\"><span class=\"NormalTextRun SCXW40257094 BCX8\" data-ccp-parastyle=\"paragraph\">&#8211; Baixa viscosidade.<\/span><\/span><span class=\"LineBreakBlob BlobObject DragDrop SCXW40257094 BCX8\"><span class=\"SCXW40257094 BCX8\">\u00a0<\/span><br class=\"SCXW40257094 BCX8\" \/><\/span><span class=\"TextRun SCXW40257094 BCX8\" lang=\"PT-BR\" xml:lang=\"PT-BR\" data-contrast=\"auto\"><span class=\"NormalTextRun SCXW40257094 BCX8\" data-ccp-parastyle=\"paragraph\">&#8211; Apresenta caracter\u00edsticas radiopacas.<\/span><\/span><span class=\"LineBreakBlob BlobObject DragDrop SCXW40257094 BCX8\"><span class=\"SCXW40257094 BCX8\">\u00a0<\/span><br class=\"SCXW40257094 BCX8\" \/><\/span><span class=\"TextRun SCXW40257094 BCX8\" lang=\"PT-BR\" xml:lang=\"PT-BR\" data-contrast=\"auto\"><span class=\"NormalTextRun SCXW40257094 BCX8\" data-ccp-parastyle=\"paragraph\">&#8211; Possibilita acesso a <\/span><span class=\"NormalTextRun SpellingErrorV2Themed SCXW40257094 BCX8\" data-ccp-parastyle=\"paragraph\">microcavidades<\/span><span class=\"NormalTextRun SCXW40257094 BCX8\" data-ccp-parastyle=\"paragraph\">\u00a0devido suas propriedades.<\/span><\/span><span class=\"LineBreakBlob BlobObject DragDrop SCXW40257094 BCX8\"><span class=\"SCXW40257094 BCX8\">\u00a0<\/span><br class=\"SCXW40257094 BCX8\" \/><\/span><span class=\"TextRun SCXW40257094 BCX8\" lang=\"PT-BR\" xml:lang=\"PT-BR\" data-contrast=\"auto\"><span class=\"NormalTextRun SCXW40257094 BCX8\" data-ccp-parastyle=\"paragraph\">&#8211; Elevada resist\u00eancia mec\u00e2nica.<\/span><\/span><span class=\"LineBreakBlob BlobObject DragDrop SCXW40257094 BCX8\"><span class=\"SCXW40257094 BCX8\">\u00a0<\/span><br class=\"SCXW40257094 BCX8\" \/><\/span><span class=\"TextRun SCXW40257094 BCX8\" lang=\"PT-BR\" xml:lang=\"PT-BR\" data-contrast=\"auto\"><span class=\"NormalTextRun SCXW40257094 BCX8\" data-ccp-parastyle=\"paragraph\">&#8211; Alto brilho.<\/span><\/span><span class=\"LineBreakBlob BlobObject DragDrop SCXW40257094 BCX8\"><span class=\"SCXW40257094 BCX8\">\u00a0<\/span><br class=\"SCXW40257094 BCX8\" \/><\/span><span class=\"TextRun SCXW40257094 BCX8\" lang=\"PT-BR\" xml:lang=\"PT-BR\" data-contrast=\"auto\"><span class=\"NormalTextRun SCXW40257094 BCX8\" data-ccp-parastyle=\"paragraph\">&#8211; Baixa contra\u00e7\u00e3o de polimeriza\u00e7\u00e3o.<\/span><\/span><span class=\"LineBreakBlob BlobObject DragDrop SCXW40257094 BCX8\"><span class=\"SCXW40257094 BCX8\">\u00a0<\/span><br class=\"SCXW40257094 BCX8\" \/><\/span><span class=\"TextRun SCXW40257094 BCX8\" lang=\"PT-BR\" xml:lang=\"PT-BR\" data-contrast=\"auto\"><span class=\"NormalTextRun SCXW40257094 BCX8\" data-ccp-parastyle=\"paragraph\">&#8211; Estabilidade de cor e durabilidade.<\/span><\/span><span class=\"LineBreakBlob BlobObject DragDrop SCXW40257094 BCX8\"><span class=\"SCXW40257094 BCX8\">\u00a0<\/span><br class=\"SCXW40257094 BCX8\" \/><\/span><span class=\"TextRun SCXW40257094 BCX8\" lang=\"PT-BR\" xml:lang=\"PT-BR\" data-contrast=\"auto\"><span class=\"NormalTextRun SCXW40257094 BCX8\" data-ccp-parastyle=\"paragraph\">&#8211; Proporciona f\u00e1cil e vers\u00e1til manuseio ao profissional. <\/span><\/span><span class=\"LineBreakBlob BlobObject DragDrop SCXW40257094 BCX8\"><span class=\"SCXW40257094 BCX8\">\u00a0<\/span><br class=\"SCXW40257094 BCX8\" \/><\/span><span class=\"TextRun SCXW40257094 BCX8\" lang=\"PT-BR\" xml:lang=\"PT-BR\" data-contrast=\"auto\"><span class=\"NormalTextRun SCXW40257094 BCX8\" data-ccp-parastyle=\"paragraph\">&#8211; N\u00e3o \u00e9 sol\u00favel no meio bucal.<\/span><\/span><span class=\"LineBreakBlob BlobObject DragDrop SCXW40257094 BCX8\"><span class=\"SCXW40257094 BCX8\">\u00a0<\/span><br class=\"SCXW40257094 BCX8\" \/><\/span><span class=\"TextRun SCXW40257094 BCX8\" lang=\"PT-BR\" xml:lang=\"PT-BR\" data-contrast=\"auto\"><span class=\"NormalTextRun SCXW40257094 BCX8\" data-ccp-parastyle=\"paragraph\">&#8211; Compatibilidade com <\/span><span class=\"NormalTextRun SCXW40257094 BCX8\" data-ccp-parastyle=\"paragraph\">todos os adesivos e resinas.<\/span><\/span><span class=\"LineBreakBlob BlobObject DragDrop SCXW40257094 BCX8\"><span class=\"SCXW40257094 BCX8\">\u00a0<\/span><br class=\"SCXW40257094 BCX8\" \/><\/span><span class=\"TextRun SCXW40257094 BCX8\" lang=\"PT-BR\" xml:lang=\"PT-BR\" data-contrast=\"auto\"><span class=\"NormalTextRun SCXW40257094 BCX8\" data-ccp-parastyle=\"paragraph\">&#8211; Preenchimento: 2mm.<\/span><\/span><span class=\"LineBreakBlob BlobObject DragDrop SCXW40257094 BCX8\"><span class=\"SCXW40257094 BCX8\">\u00a0<\/span><br class=\"SCXW40257094 BCX8\" \/><\/span><span class=\"TextRun SCXW40257094 BCX8\" lang=\"PT-BR\" xml:lang=\"PT-BR\" data-contrast=\"auto\"><span class=\"NormalTextRun SCXW40257094 BCX8\" data-ccp-parastyle=\"paragraph\">&#8211; Tempo de polimeriza\u00e7\u00e3o: 20 segundos.<\/span><\/span><span class=\"LineBreakBlob BlobObject DragDrop SCXW40257094 BCX8\"><span class=\"SCXW40257094 BCX8\">\u00a0<\/span><br class=\"SCXW40257094 BCX8\" \/><\/span><span class=\"TextRun SCXW40257094 BCX8\" lang=\"PT-BR\" xml:lang=\"PT-BR\" data-contrast=\"auto\"><span class=\"NormalTextRun SCXW40257094 BCX8\" data-ccp-parastyle=\"paragraph\">&#8211; <\/span><span class=\"NormalTextRun SCXW40257094 BCX8\" data-ccp-parastyle=\"paragraph\">Registro ANVISA:\u00a0<\/span><span class=\"NormalTextRun SCXW40257094 BCX8\" data-ccp-parastyle=\"paragraph\">10298550092<\/span><span class=\"NormalTextRun SCXW40257094 BCX8\" data-ccp-parastyle=\"paragraph\">.<\/span><\/span><\/p>\n<p>&nbsp;<\/p>\n<p><span data-contrast=\"auto\">A\u00a0<\/span><strong><span data-contrast=\"auto\">Resina Odontol\u00f3gica Master Flow\u00a0<\/span><\/strong><span data-contrast=\"auto\">da\u00a0<\/span><a href=\"https:\/\/www.dentalcremer.com.br\/super-loja\/biodinamica.html\" target=\"_blank\" rel=\"noopener\"><strong><span data-contrast=\"none\">Biodin\u00e2mica<\/span><\/strong><\/a><span data-contrast=\"auto\">\u00a0\u00e9 uma resina composta, h\u00edbrida e de consist\u00eancia fluida que apresenta resist\u00eancia, brilho e menor contra\u00e7\u00e3o de polimeriza\u00e7\u00e3o atrav\u00e9s de micropart\u00edculas vitrocer\u00e2micas modificadas organicamente. Fotopolimeriz\u00e1vel, ela apresenta indica\u00e7\u00e3o de uso para:<\/span><\/p>\n<p><span data-contrast=\"auto\">&#8211; Restaura\u00e7\u00f5es dent\u00e1rias est\u00e9ticas definitivas anteriores e\/ou posteriores de camada inicial sob resinas compostas restauradoras (por exemplo: Master Fill).<\/span><br \/>\n<span data-contrast=\"auto\">&#8211; Restaura\u00e7\u00f5es de microcavidades.<\/span><br \/>\n<span data-contrast=\"auto\">&#8211; Restaura\u00e7\u00f5es cervicais.<\/span><br \/>\n<span data-contrast=\"auto\">&#8211; Restaura\u00e7\u00f5es preventivas de resina em molares e pr\u00e9-molares.<\/span><br \/>\n<span data-contrast=\"auto\">&#8211; Reparos em restaura\u00e7\u00f5es de comp\u00f3sitos e de cer\u00e2mica.<\/span><br \/>\n<span data-contrast=\"auto\">&#8211; Preenchimentos de socavados da estrutura dental.<\/span><br \/>\n<span data-contrast=\"auto\">&#8211; Cimenta\u00e7\u00e3o adesiva de restaura\u00e7\u00f5es de comp\u00f3sito ou cer\u00e2mica.<\/span><br \/>\n<span data-contrast=\"auto\">&#8211; Splintagem de dentes com mobilidade, selamento de f\u00f3ssulas e fissuras profundas.<\/span><br \/>\n<span data-contrast=\"auto\">&#8211; Colagem de fragmentos dent\u00e1rios.<\/span><span data-ccp-props=\"{&quot;134233117&quot;:true,&quot;134233118&quot;:true,&quot;201341983&quot;:0,&quot;335559740&quot;:240}\">\u00a0<\/span><\/p>\n<p><strong><span data-contrast=\"auto\">Orienta\u00e7\u00f5es de uso em restaura\u00e7\u00f5es dent\u00e1rias como camada inicial<\/span><\/strong><br \/>\n<span data-contrast=\"auto\">1. Promover o polimento coron\u00e1rio com\u00a0<\/span><a href=\"https:\/\/www.dentalcremer.com.br\/pedra-pomes-extra-fina-biodinamica.html\" target=\"_blank\" rel=\"noopener\"><strong>pedra pomes<\/strong><\/a><span data-contrast=\"auto\">\u00a0e \u00e1gua.<\/span><br \/>\n<span data-contrast=\"auto\">2. Realizar o preparo cavit\u00e1rio de acordo com a t\u00e9cnica preconizada.<\/span><br \/>\n<span data-contrast=\"auto\">3. Selecionar a cor com dentes hidratados.<\/span><br \/>\n<span data-contrast=\"auto\">4. Realizar o isolamento absoluto.<\/span><br \/>\n<span data-contrast=\"auto\">5. Fazer o condicionamento \u00e1cido (exemplo: Attaque Gel) do esmalte por 30 segundos e da dentina por 15 segundos.<\/span><br \/>\n<span data-contrast=\"auto\">6. Lavar abundantemente com \u00e1gua a \u00e1rea condicionada por 30 segundos.<\/span><br \/>\n<span data-contrast=\"auto\">7. Secar a dentina (sem desidratar) com leves jatos de ar intermitentes ou por capilaridade. \u00c9 importante secar bem o esmalte e n\u00e3o desidratar a dentina.<\/span><br \/>\n<span data-contrast=\"auto\">8. Usar o sistema adesivo (exemplo:\u00a0<\/span><a href=\"https:\/\/www.dentalcremer.com.br\/adesivo-master-bond-refil-biodinamica-382556.html\" target=\"_blank\" rel=\"noopener\"><strong><span data-contrast=\"none\">Master Bond DE<\/span><\/strong><\/a><span data-contrast=\"auto\">), seguindo as orienta\u00e7\u00f5es do fabricante.<\/span><br \/>\n<span data-contrast=\"auto\">9. Aplicar\u00a0<\/span><strong><span data-contrast=\"auto\">Master Flow<\/span><\/strong><span data-contrast=\"auto\">\u00a0para preencher locais socavados ou como primeira camada das restaura\u00e7\u00f5es, em camadas finas de 1mm e no m\u00e1ximo de 2mm de espessura.<\/span><br \/>\n<span data-contrast=\"auto\">10. Fotopolimerizar por 20 segundos.<\/span><br \/>\n<span data-contrast=\"auto\">11. Aplicar resina composta (exemplo: Master Fill), seguindo as orienta\u00e7\u00f5es do fabricante.<\/span><br \/>\n<strong><span data-contrast=\"auto\">* Aten\u00e7\u00e3o:<\/span><\/strong><span data-contrast=\"auto\">\u00a0siga sempre as instru\u00e7\u00f5es de uso oficiais do fabricante.<\/span><span data-ccp-props=\"{&quot;134233117&quot;:true,&quot;134233118&quot;:true,&quot;201341983&quot;:0,&quot;335559740&quot;:240}\">\u00a0<\/span><\/p>\n","protected":false},"excerpt":{"rendered":"<p>Resina H\u00edbrida. Embalagem com 1 seringa com 2g. Nas cores A1, A2 e A3. Escolha a Cor. &nbsp; DETALHES &#8211;\u00a0Fotopolimeriz\u00e1vel.\u00a0&#8211; Resina\u00a0composta,\u00a0h\u00edbrida\u00a0de alta fluidez.\u00a0&#8211; Baixa viscosidade.\u00a0&#8211; Apresenta caracter\u00edsticas radiopacas.\u00a0&#8211; Possibilita acesso [&hellip;]<\/p>\n","protected":false},"featured_media":685,"template":"","meta":[],"product_brand":[],"product_cat":[51,71],"product_tag":[],"class_list":{"0":"post-684","1":"product","2":"type-product","3":"status-publish","4":"has-post-thumbnail","6":"product_cat-dentistica-e-estetica","7":"product_cat-resina-fluida","9":"first","10":"instock","11":"shipping-taxable","12":"product-type-simple"},"yoast_head":"<!-- This site is optimized with the Yoast SEO plugin v26.8 - https:\/\/yoast.com\/product\/yoast-seo-wordpress\/ -->\n<title>Resina Master Flow - Biodin\u00e2mica - Fator Dental<\/title>\n<meta name=\"robots\" content=\"index, follow, max-snippet:-1, max-image-preview:large, max-video-preview:-1\" \/>\n<link rel=\"canonical\" href=\"https:\/\/fatordental.com.br\/index.php\/produto\/resina-master-flow-biodinamica\/\" \/>\n<meta property=\"og:locale\" content=\"pt_BR\" \/>\n<meta property=\"og:type\" content=\"article\" \/>\n<meta property=\"og:title\" content=\"Resina Master Flow - Biodin\u00e2mica - Fator Dental\" \/>\n<meta property=\"og:description\" content=\"Resina H\u00edbrida. Embalagem com 1 seringa com 2g. Nas cores A1, A2 e A3. Escolha a Cor. &nbsp; DETALHES &#8211;\u00a0Fotopolimeriz\u00e1vel.\u00a0&#8211; Resina\u00a0composta,\u00a0h\u00edbrida\u00a0de alta fluidez.\u00a0&#8211; Baixa viscosidade.\u00a0&#8211; Apresenta caracter\u00edsticas radiopacas.\u00a0&#8211; Possibilita acesso [&hellip;]\" \/>\n<meta property=\"og:url\" content=\"https:\/\/fatordental.com.br\/index.php\/produto\/resina-master-flow-biodinamica\/\" \/>\n<meta property=\"og:site_name\" content=\"Fator Dental\" \/>\n<meta property=\"article:modified_time\" content=\"2022-11-24T23:24:49+00:00\" \/>\n<meta property=\"og:image\" content=\"https:\/\/fatordental.com.br\/wp-content\/uploads\/2022\/11\/WhatsApp-Image-2022-11-24-at-20.10.09.jpeg\" \/>\n\t<meta property=\"og:image:width\" content=\"817\" \/>\n\t<meta property=\"og:image:height\" content=\"1349\" \/>\n\t<meta property=\"og:image:type\" content=\"image\/jpeg\" \/>\n<meta name=\"twitter:card\" content=\"summary_large_image\" \/>\n<meta name=\"twitter:label1\" content=\"Est. tempo de leitura\" \/>\n\t<meta name=\"twitter:data1\" content=\"2 minutos\" \/>\n<script type=\"application\/ld+json\" class=\"yoast-schema-graph\">{\"@context\":\"https:\/\/schema.org\",\"@graph\":[{\"@type\":\"WebPage\",\"@id\":\"https:\/\/fatordental.com.br\/index.php\/produto\/resina-master-flow-biodinamica\/\",\"url\":\"https:\/\/fatordental.com.br\/index.php\/produto\/resina-master-flow-biodinamica\/\",\"name\":\"Resina Master Flow - Biodin\u00e2mica - Fator Dental\",\"isPartOf\":{\"@id\":\"https:\/\/fatordental.com.br\/#website\"},\"primaryImageOfPage\":{\"@id\":\"https:\/\/fatordental.com.br\/index.php\/produto\/resina-master-flow-biodinamica\/#primaryimage\"},\"image\":{\"@id\":\"https:\/\/fatordental.com.br\/index.php\/produto\/resina-master-flow-biodinamica\/#primaryimage\"},\"thumbnailUrl\":\"https:\/\/fatordental.com.br\/wp-content\/uploads\/2022\/11\/WhatsApp-Image-2022-11-24-at-20.10.09.jpeg\",\"datePublished\":\"2022-11-24T23:19:27+00:00\",\"dateModified\":\"2022-11-24T23:24:49+00:00\",\"breadcrumb\":{\"@id\":\"https:\/\/fatordental.com.br\/index.php\/produto\/resina-master-flow-biodinamica\/#breadcrumb\"},\"inLanguage\":\"pt-BR\",\"potentialAction\":[{\"@type\":\"ReadAction\",\"target\":[\"https:\/\/fatordental.com.br\/index.php\/produto\/resina-master-flow-biodinamica\/\"]}]},{\"@type\":\"ImageObject\",\"inLanguage\":\"pt-BR\",\"@id\":\"https:\/\/fatordental.com.br\/index.php\/produto\/resina-master-flow-biodinamica\/#primaryimage\",\"url\":\"https:\/\/fatordental.com.br\/wp-content\/uploads\/2022\/11\/WhatsApp-Image-2022-11-24-at-20.10.09.jpeg\",\"contentUrl\":\"https:\/\/fatordental.com.br\/wp-content\/uploads\/2022\/11\/WhatsApp-Image-2022-11-24-at-20.10.09.jpeg\",\"width\":817,\"height\":1349},{\"@type\":\"BreadcrumbList\",\"@id\":\"https:\/\/fatordental.com.br\/index.php\/produto\/resina-master-flow-biodinamica\/#breadcrumb\",\"itemListElement\":[{\"@type\":\"ListItem\",\"position\":1,\"name\":\"In\u00edcio\",\"item\":\"https:\/\/fatordental.com.br\/\"},{\"@type\":\"ListItem\",\"position\":2,\"name\":\"Produtos\",\"item\":\"https:\/\/fatordental.com.br\/index.php\/produtos\/\"},{\"@type\":\"ListItem\",\"position\":3,\"name\":\"Resina Master Flow &#8211; Biodin\u00e2mica\"}]},{\"@type\":\"WebSite\",\"@id\":\"https:\/\/fatordental.com.br\/#website\",\"url\":\"https:\/\/fatordental.com.br\/\",\"name\":\"Fator Dental\",\"description\":\"Produtos Ondontol\u00f3gicos\",\"publisher\":{\"@id\":\"https:\/\/fatordental.com.br\/#organization\"},\"potentialAction\":[{\"@type\":\"SearchAction\",\"target\":{\"@type\":\"EntryPoint\",\"urlTemplate\":\"https:\/\/fatordental.com.br\/?s={search_term_string}\"},\"query-input\":{\"@type\":\"PropertyValueSpecification\",\"valueRequired\":true,\"valueName\":\"search_term_string\"}}],\"inLanguage\":\"pt-BR\"},{\"@type\":\"Organization\",\"@id\":\"https:\/\/fatordental.com.br\/#organization\",\"name\":\"Fator Dental\",\"url\":\"https:\/\/fatordental.com.br\/\",\"logo\":{\"@type\":\"ImageObject\",\"inLanguage\":\"pt-BR\",\"@id\":\"https:\/\/fatordental.com.br\/#\/schema\/logo\/image\/\",\"url\":\"https:\/\/fatordental.com.br\/wp-content\/uploads\/2023\/02\/logo_fator.png\",\"contentUrl\":\"https:\/\/fatordental.com.br\/wp-content\/uploads\/2023\/02\/logo_fator.png\",\"width\":400,\"height\":256,\"caption\":\"Fator Dental\"},\"image\":{\"@id\":\"https:\/\/fatordental.com.br\/#\/schema\/logo\/image\/\"},\"sameAs\":[\"https:\/\/www.instagram.com\/fatordental\/\"]}]}<\/script>\n<!-- \/ Yoast SEO plugin. -->","yoast_head_json":{"title":"Resina Master Flow - Biodin\u00e2mica - Fator Dental","robots":{"index":"index","follow":"follow","max-snippet":"max-snippet:-1","max-image-preview":"max-image-preview:large","max-video-preview":"max-video-preview:-1"},"canonical":"https:\/\/fatordental.com.br\/index.php\/produto\/resina-master-flow-biodinamica\/","og_locale":"pt_BR","og_type":"article","og_title":"Resina Master Flow - Biodin\u00e2mica - Fator Dental","og_description":"Resina H\u00edbrida. Embalagem com 1 seringa com 2g. Nas cores A1, A2 e A3. Escolha a Cor. &nbsp; DETALHES &#8211;\u00a0Fotopolimeriz\u00e1vel.\u00a0&#8211; Resina\u00a0composta,\u00a0h\u00edbrida\u00a0de alta fluidez.\u00a0&#8211; Baixa viscosidade.\u00a0&#8211; Apresenta caracter\u00edsticas radiopacas.\u00a0&#8211; Possibilita acesso [&hellip;]","og_url":"https:\/\/fatordental.com.br\/index.php\/produto\/resina-master-flow-biodinamica\/","og_site_name":"Fator Dental","article_modified_time":"2022-11-24T23:24:49+00:00","og_image":[{"width":817,"height":1349,"url":"https:\/\/fatordental.com.br\/wp-content\/uploads\/2022\/11\/WhatsApp-Image-2022-11-24-at-20.10.09.jpeg","type":"image\/jpeg"}],"twitter_card":"summary_large_image","twitter_misc":{"Est. tempo de leitura":"2 minutos"},"schema":{"@context":"https:\/\/schema.org","@graph":[{"@type":"WebPage","@id":"https:\/\/fatordental.com.br\/index.php\/produto\/resina-master-flow-biodinamica\/","url":"https:\/\/fatordental.com.br\/index.php\/produto\/resina-master-flow-biodinamica\/","name":"Resina Master Flow - Biodin\u00e2mica - Fator Dental","isPartOf":{"@id":"https:\/\/fatordental.com.br\/#website"},"primaryImageOfPage":{"@id":"https:\/\/fatordental.com.br\/index.php\/produto\/resina-master-flow-biodinamica\/#primaryimage"},"image":{"@id":"https:\/\/fatordental.com.br\/index.php\/produto\/resina-master-flow-biodinamica\/#primaryimage"},"thumbnailUrl":"https:\/\/fatordental.com.br\/wp-content\/uploads\/2022\/11\/WhatsApp-Image-2022-11-24-at-20.10.09.jpeg","datePublished":"2022-11-24T23:19:27+00:00","dateModified":"2022-11-24T23:24:49+00:00","breadcrumb":{"@id":"https:\/\/fatordental.com.br\/index.php\/produto\/resina-master-flow-biodinamica\/#breadcrumb"},"inLanguage":"pt-BR","potentialAction":[{"@type":"ReadAction","target":["https:\/\/fatordental.com.br\/index.php\/produto\/resina-master-flow-biodinamica\/"]}]},{"@type":"ImageObject","inLanguage":"pt-BR","@id":"https:\/\/fatordental.com.br\/index.php\/produto\/resina-master-flow-biodinamica\/#primaryimage","url":"https:\/\/fatordental.com.br\/wp-content\/uploads\/2022\/11\/WhatsApp-Image-2022-11-24-at-20.10.09.jpeg","contentUrl":"https:\/\/fatordental.com.br\/wp-content\/uploads\/2022\/11\/WhatsApp-Image-2022-11-24-at-20.10.09.jpeg","width":817,"height":1349},{"@type":"BreadcrumbList","@id":"https:\/\/fatordental.com.br\/index.php\/produto\/resina-master-flow-biodinamica\/#breadcrumb","itemListElement":[{"@type":"ListItem","position":1,"name":"In\u00edcio","item":"https:\/\/fatordental.com.br\/"},{"@type":"ListItem","position":2,"name":"Produtos","item":"https:\/\/fatordental.com.br\/index.php\/produtos\/"},{"@type":"ListItem","position":3,"name":"Resina Master Flow &#8211; Biodin\u00e2mica"}]},{"@type":"WebSite","@id":"https:\/\/fatordental.com.br\/#website","url":"https:\/\/fatordental.com.br\/","name":"Fator Dental","description":"Produtos Ondontol\u00f3gicos","publisher":{"@id":"https:\/\/fatordental.com.br\/#organization"},"potentialAction":[{"@type":"SearchAction","target":{"@type":"EntryPoint","urlTemplate":"https:\/\/fatordental.com.br\/?s={search_term_string}"},"query-input":{"@type":"PropertyValueSpecification","valueRequired":true,"valueName":"search_term_string"}}],"inLanguage":"pt-BR"},{"@type":"Organization","@id":"https:\/\/fatordental.com.br\/#organization","name":"Fator Dental","url":"https:\/\/fatordental.com.br\/","logo":{"@type":"ImageObject","inLanguage":"pt-BR","@id":"https:\/\/fatordental.com.br\/#\/schema\/logo\/image\/","url":"https:\/\/fatordental.com.br\/wp-content\/uploads\/2023\/02\/logo_fator.png","contentUrl":"https:\/\/fatordental.com.br\/wp-content\/uploads\/2023\/02\/logo_fator.png","width":400,"height":256,"caption":"Fator Dental"},"image":{"@id":"https:\/\/fatordental.com.br\/#\/schema\/logo\/image\/"},"sameAs":["https:\/\/www.instagram.com\/fatordental\/"]}]}},"_links":{"self":[{"href":"https:\/\/fatordental.com.br\/index.php\/wp-json\/wp\/v2\/product\/684","targetHints":{"allow":["GET"]}}],"collection":[{"href":"https:\/\/fatordental.com.br\/index.php\/wp-json\/wp\/v2\/product"}],"about":[{"href":"https:\/\/fatordental.com.br\/index.php\/wp-json\/wp\/v2\/types\/product"}],"wp:featuredmedia":[{"embeddable":true,"href":"https:\/\/fatordental.com.br\/index.php\/wp-json\/wp\/v2\/media\/685"}],"wp:attachment":[{"href":"https:\/\/fatordental.com.br\/index.php\/wp-json\/wp\/v2\/media?parent=684"}],"wp:term":[{"taxonomy":"product_brand","embeddable":true,"href":"https:\/\/fatordental.com.br\/index.php\/wp-json\/wp\/v2\/product_brand?post=684"},{"taxonomy":"product_cat","embeddable":true,"href":"https:\/\/fatordental.com.br\/index.php\/wp-json\/wp\/v2\/product_cat?post=684"},{"taxonomy":"product_tag","embeddable":true,"href":"https:\/\/fatordental.com.br\/index.php\/wp-json\/wp\/v2\/product_tag?post=684"}],"curies":[{"name":"wp","href":"https:\/\/api.w.org\/{rel}","templated":true}]}}