{"id":649,"date":"2022-11-15T20:14:07","date_gmt":"2022-11-15T23:14:07","guid":{"rendered":"https:\/\/fatordental.com.br\/?post_type=product&#038;p=649"},"modified":"2023-02-05T19:12:25","modified_gmt":"2023-02-05T22:12:25","slug":"pasta-nanodiamantada-para-polimento-eagle-diamond-american-burrs","status":"publish","type":"product","link":"https:\/\/fatordental.com.br\/index.php\/produto\/pasta-nanodiamantada-para-polimento-eagle-diamond-american-burrs\/","title":{"rendered":"Pasta Nanodiamantada para Polimento Eagle Diamond &#8211; American Burrs"},"content":{"rendered":"<p class=\"value\"><strong>Embalagem com 1 seringa de 2g.<\/strong><\/p>\n<ul>\n<li><strong>DETALHES<\/strong><\/li>\n<\/ul>\n<p>&#8211; Pasta para polimento com nanopart\u00edculas de diamante natural em sua composi\u00e7\u00e3o. Diamantes de 0,5\u00b5m (micras).<br \/>\n&#8211; Os abrasivos da Eagle Diamond consistem em um p\u00f3 de diamante 100% natural dispostos em nano part\u00edculas para uma melhor efici\u00eancia e um brilho bem acima da m\u00e9dia.<br \/>\n&#8211; Alto brilho.<br \/>\n&#8211; Brilho natural.<br \/>\n&#8211; Uso cl\u00ednico e laboratorial.<br \/>\n&#8211; Hidrossol\u00favel, de f\u00e1cil limpeza.<br \/>\n&#8211; Validade: 3 anos a partir da data de fabrica\u00e7\u00e3o.<br \/>\n&#8211; Recomenda\u00e7\u00e3o de Uso: A Pasta Eagle Diamond pode ser combinada com o Kit Ultra-Gloss.<\/p>\n<ul>\n<li><strong>APLICA\u00c7\u00c3O<\/strong><\/li>\n<\/ul>\n<p>&#8211; Indicada para polir esmalte dent\u00e1rio, cer\u00e2micas, metais, am\u00e1lgamas e resinas e outros materiais restauradores com muito mais brilho.<\/p>\n","protected":false},"excerpt":{"rendered":"<p>Embalagem com 1 seringa de 2g. DETALHES &#8211; Pasta para polimento com nanopart\u00edculas de diamante natural em sua composi\u00e7\u00e3o. Diamantes de 0,5\u00b5m (micras). &#8211; Os abrasivos da Eagle Diamond consistem [&hellip;]<\/p>\n","protected":false},"featured_media":984,"template":"","meta":[],"product_brand":[],"product_cat":[75,51],"product_tag":[],"class_list":{"0":"post-649","1":"product","2":"type-product","3":"status-publish","4":"has-post-thumbnail","6":"product_cat-acabamento-e-polimento","7":"product_cat-dentistica-e-estetica","9":"first","10":"instock","11":"featured","12":"shipping-taxable","13":"product-type-simple"},"yoast_head":"<!-- This site is optimized with the Yoast SEO plugin v26.8 - https:\/\/yoast.com\/product\/yoast-seo-wordpress\/ -->\n<title>Pasta Nanodiamantada para Polimento Eagle Diamond - American Burrs - Fator Dental<\/title>\n<meta name=\"robots\" content=\"index, follow, max-snippet:-1, max-image-preview:large, max-video-preview:-1\" \/>\n<link rel=\"canonical\" href=\"https:\/\/fatordental.com.br\/index.php\/produto\/pasta-nanodiamantada-para-polimento-eagle-diamond-american-burrs\/\" \/>\n<meta property=\"og:locale\" content=\"pt_BR\" \/>\n<meta property=\"og:type\" content=\"article\" \/>\n<meta property=\"og:title\" content=\"Pasta Nanodiamantada para Polimento Eagle Diamond - American Burrs - Fator Dental\" \/>\n<meta property=\"og:description\" content=\"Embalagem com 1 seringa de 2g. DETALHES &#8211; Pasta para polimento com nanopart\u00edculas de diamante natural em sua composi\u00e7\u00e3o. Diamantes de 0,5\u00b5m (micras). &#8211; Os abrasivos da Eagle Diamond consistem [&hellip;]\" \/>\n<meta property=\"og:url\" content=\"https:\/\/fatordental.com.br\/index.php\/produto\/pasta-nanodiamantada-para-polimento-eagle-diamond-american-burrs\/\" \/>\n<meta property=\"og:site_name\" content=\"Fator Dental\" \/>\n<meta property=\"article:modified_time\" content=\"2023-02-05T22:12:25+00:00\" \/>\n<meta property=\"og:image\" content=\"https:\/\/fatordental.com.br\/wp-content\/uploads\/2022\/11\/pasta-de-polimento-nanodiamantada-eagle-diamond-2g-american-burrs-.jpg\" \/>\n\t<meta property=\"og:image:width\" content=\"800\" \/>\n\t<meta property=\"og:image:height\" content=\"800\" \/>\n\t<meta property=\"og:image:type\" content=\"image\/jpeg\" \/>\n<meta name=\"twitter:card\" content=\"summary_large_image\" \/>\n<meta name=\"twitter:label1\" content=\"Est. tempo de leitura\" \/>\n\t<meta name=\"twitter:data1\" content=\"1 minuto\" \/>\n<script type=\"application\/ld+json\" class=\"yoast-schema-graph\">{\"@context\":\"https:\/\/schema.org\",\"@graph\":[{\"@type\":\"WebPage\",\"@id\":\"https:\/\/fatordental.com.br\/index.php\/produto\/pasta-nanodiamantada-para-polimento-eagle-diamond-american-burrs\/\",\"url\":\"https:\/\/fatordental.com.br\/index.php\/produto\/pasta-nanodiamantada-para-polimento-eagle-diamond-american-burrs\/\",\"name\":\"Pasta Nanodiamantada para Polimento Eagle Diamond - American Burrs - Fator Dental\",\"isPartOf\":{\"@id\":\"https:\/\/fatordental.com.br\/#website\"},\"primaryImageOfPage\":{\"@id\":\"https:\/\/fatordental.com.br\/index.php\/produto\/pasta-nanodiamantada-para-polimento-eagle-diamond-american-burrs\/#primaryimage\"},\"image\":{\"@id\":\"https:\/\/fatordental.com.br\/index.php\/produto\/pasta-nanodiamantada-para-polimento-eagle-diamond-american-burrs\/#primaryimage\"},\"thumbnailUrl\":\"https:\/\/fatordental.com.br\/wp-content\/uploads\/2022\/11\/pasta-de-polimento-nanodiamantada-eagle-diamond-2g-american-burrs-.jpg\",\"datePublished\":\"2022-11-15T23:14:07+00:00\",\"dateModified\":\"2023-02-05T22:12:25+00:00\",\"breadcrumb\":{\"@id\":\"https:\/\/fatordental.com.br\/index.php\/produto\/pasta-nanodiamantada-para-polimento-eagle-diamond-american-burrs\/#breadcrumb\"},\"inLanguage\":\"pt-BR\",\"potentialAction\":[{\"@type\":\"ReadAction\",\"target\":[\"https:\/\/fatordental.com.br\/index.php\/produto\/pasta-nanodiamantada-para-polimento-eagle-diamond-american-burrs\/\"]}]},{\"@type\":\"ImageObject\",\"inLanguage\":\"pt-BR\",\"@id\":\"https:\/\/fatordental.com.br\/index.php\/produto\/pasta-nanodiamantada-para-polimento-eagle-diamond-american-burrs\/#primaryimage\",\"url\":\"https:\/\/fatordental.com.br\/wp-content\/uploads\/2022\/11\/pasta-de-polimento-nanodiamantada-eagle-diamond-2g-american-burrs-.jpg\",\"contentUrl\":\"https:\/\/fatordental.com.br\/wp-content\/uploads\/2022\/11\/pasta-de-polimento-nanodiamantada-eagle-diamond-2g-american-burrs-.jpg\",\"width\":800,\"height\":800},{\"@type\":\"BreadcrumbList\",\"@id\":\"https:\/\/fatordental.com.br\/index.php\/produto\/pasta-nanodiamantada-para-polimento-eagle-diamond-american-burrs\/#breadcrumb\",\"itemListElement\":[{\"@type\":\"ListItem\",\"position\":1,\"name\":\"In\u00edcio\",\"item\":\"https:\/\/fatordental.com.br\/\"},{\"@type\":\"ListItem\",\"position\":2,\"name\":\"Produtos\",\"item\":\"https:\/\/fatordental.com.br\/index.php\/produtos\/\"},{\"@type\":\"ListItem\",\"position\":3,\"name\":\"Pasta Nanodiamantada para Polimento Eagle Diamond &#8211; American Burrs\"}]},{\"@type\":\"WebSite\",\"@id\":\"https:\/\/fatordental.com.br\/#website\",\"url\":\"https:\/\/fatordental.com.br\/\",\"name\":\"Fator Dental\",\"description\":\"Produtos Ondontol\u00f3gicos\",\"publisher\":{\"@id\":\"https:\/\/fatordental.com.br\/#organization\"},\"potentialAction\":[{\"@type\":\"SearchAction\",\"target\":{\"@type\":\"EntryPoint\",\"urlTemplate\":\"https:\/\/fatordental.com.br\/?s={search_term_string}\"},\"query-input\":{\"@type\":\"PropertyValueSpecification\",\"valueRequired\":true,\"valueName\":\"search_term_string\"}}],\"inLanguage\":\"pt-BR\"},{\"@type\":\"Organization\",\"@id\":\"https:\/\/fatordental.com.br\/#organization\",\"name\":\"Fator Dental\",\"url\":\"https:\/\/fatordental.com.br\/\",\"logo\":{\"@type\":\"ImageObject\",\"inLanguage\":\"pt-BR\",\"@id\":\"https:\/\/fatordental.com.br\/#\/schema\/logo\/image\/\",\"url\":\"https:\/\/fatordental.com.br\/wp-content\/uploads\/2023\/02\/logo_fator.png\",\"contentUrl\":\"https:\/\/fatordental.com.br\/wp-content\/uploads\/2023\/02\/logo_fator.png\",\"width\":400,\"height\":256,\"caption\":\"Fator Dental\"},\"image\":{\"@id\":\"https:\/\/fatordental.com.br\/#\/schema\/logo\/image\/\"},\"sameAs\":[\"https:\/\/www.instagram.com\/fatordental\/\"]}]}<\/script>\n<!-- \/ Yoast SEO plugin. -->","yoast_head_json":{"title":"Pasta Nanodiamantada para Polimento Eagle Diamond - American Burrs - Fator Dental","robots":{"index":"index","follow":"follow","max-snippet":"max-snippet:-1","max-image-preview":"max-image-preview:large","max-video-preview":"max-video-preview:-1"},"canonical":"https:\/\/fatordental.com.br\/index.php\/produto\/pasta-nanodiamantada-para-polimento-eagle-diamond-american-burrs\/","og_locale":"pt_BR","og_type":"article","og_title":"Pasta Nanodiamantada para Polimento Eagle Diamond - American Burrs - Fator Dental","og_description":"Embalagem com 1 seringa de 2g. DETALHES &#8211; Pasta para polimento com nanopart\u00edculas de diamante natural em sua composi\u00e7\u00e3o. Diamantes de 0,5\u00b5m (micras). &#8211; Os abrasivos da Eagle Diamond consistem [&hellip;]","og_url":"https:\/\/fatordental.com.br\/index.php\/produto\/pasta-nanodiamantada-para-polimento-eagle-diamond-american-burrs\/","og_site_name":"Fator Dental","article_modified_time":"2023-02-05T22:12:25+00:00","og_image":[{"width":800,"height":800,"url":"https:\/\/fatordental.com.br\/wp-content\/uploads\/2022\/11\/pasta-de-polimento-nanodiamantada-eagle-diamond-2g-american-burrs-.jpg","type":"image\/jpeg"}],"twitter_card":"summary_large_image","twitter_misc":{"Est. tempo de leitura":"1 minuto"},"schema":{"@context":"https:\/\/schema.org","@graph":[{"@type":"WebPage","@id":"https:\/\/fatordental.com.br\/index.php\/produto\/pasta-nanodiamantada-para-polimento-eagle-diamond-american-burrs\/","url":"https:\/\/fatordental.com.br\/index.php\/produto\/pasta-nanodiamantada-para-polimento-eagle-diamond-american-burrs\/","name":"Pasta Nanodiamantada para Polimento Eagle Diamond - American Burrs - Fator Dental","isPartOf":{"@id":"https:\/\/fatordental.com.br\/#website"},"primaryImageOfPage":{"@id":"https:\/\/fatordental.com.br\/index.php\/produto\/pasta-nanodiamantada-para-polimento-eagle-diamond-american-burrs\/#primaryimage"},"image":{"@id":"https:\/\/fatordental.com.br\/index.php\/produto\/pasta-nanodiamantada-para-polimento-eagle-diamond-american-burrs\/#primaryimage"},"thumbnailUrl":"https:\/\/fatordental.com.br\/wp-content\/uploads\/2022\/11\/pasta-de-polimento-nanodiamantada-eagle-diamond-2g-american-burrs-.jpg","datePublished":"2022-11-15T23:14:07+00:00","dateModified":"2023-02-05T22:12:25+00:00","breadcrumb":{"@id":"https:\/\/fatordental.com.br\/index.php\/produto\/pasta-nanodiamantada-para-polimento-eagle-diamond-american-burrs\/#breadcrumb"},"inLanguage":"pt-BR","potentialAction":[{"@type":"ReadAction","target":["https:\/\/fatordental.com.br\/index.php\/produto\/pasta-nanodiamantada-para-polimento-eagle-diamond-american-burrs\/"]}]},{"@type":"ImageObject","inLanguage":"pt-BR","@id":"https:\/\/fatordental.com.br\/index.php\/produto\/pasta-nanodiamantada-para-polimento-eagle-diamond-american-burrs\/#primaryimage","url":"https:\/\/fatordental.com.br\/wp-content\/uploads\/2022\/11\/pasta-de-polimento-nanodiamantada-eagle-diamond-2g-american-burrs-.jpg","contentUrl":"https:\/\/fatordental.com.br\/wp-content\/uploads\/2022\/11\/pasta-de-polimento-nanodiamantada-eagle-diamond-2g-american-burrs-.jpg","width":800,"height":800},{"@type":"BreadcrumbList","@id":"https:\/\/fatordental.com.br\/index.php\/produto\/pasta-nanodiamantada-para-polimento-eagle-diamond-american-burrs\/#breadcrumb","itemListElement":[{"@type":"ListItem","position":1,"name":"In\u00edcio","item":"https:\/\/fatordental.com.br\/"},{"@type":"ListItem","position":2,"name":"Produtos","item":"https:\/\/fatordental.com.br\/index.php\/produtos\/"},{"@type":"ListItem","position":3,"name":"Pasta Nanodiamantada para Polimento Eagle Diamond &#8211; American Burrs"}]},{"@type":"WebSite","@id":"https:\/\/fatordental.com.br\/#website","url":"https:\/\/fatordental.com.br\/","name":"Fator Dental","description":"Produtos Ondontol\u00f3gicos","publisher":{"@id":"https:\/\/fatordental.com.br\/#organization"},"potentialAction":[{"@type":"SearchAction","target":{"@type":"EntryPoint","urlTemplate":"https:\/\/fatordental.com.br\/?s={search_term_string}"},"query-input":{"@type":"PropertyValueSpecification","valueRequired":true,"valueName":"search_term_string"}}],"inLanguage":"pt-BR"},{"@type":"Organization","@id":"https:\/\/fatordental.com.br\/#organization","name":"Fator Dental","url":"https:\/\/fatordental.com.br\/","logo":{"@type":"ImageObject","inLanguage":"pt-BR","@id":"https:\/\/fatordental.com.br\/#\/schema\/logo\/image\/","url":"https:\/\/fatordental.com.br\/wp-content\/uploads\/2023\/02\/logo_fator.png","contentUrl":"https:\/\/fatordental.com.br\/wp-content\/uploads\/2023\/02\/logo_fator.png","width":400,"height":256,"caption":"Fator Dental"},"image":{"@id":"https:\/\/fatordental.com.br\/#\/schema\/logo\/image\/"},"sameAs":["https:\/\/www.instagram.com\/fatordental\/"]}]}},"_links":{"self":[{"href":"https:\/\/fatordental.com.br\/index.php\/wp-json\/wp\/v2\/product\/649","targetHints":{"allow":["GET"]}}],"collection":[{"href":"https:\/\/fatordental.com.br\/index.php\/wp-json\/wp\/v2\/product"}],"about":[{"href":"https:\/\/fatordental.com.br\/index.php\/wp-json\/wp\/v2\/types\/product"}],"wp:featuredmedia":[{"embeddable":true,"href":"https:\/\/fatordental.com.br\/index.php\/wp-json\/wp\/v2\/media\/984"}],"wp:attachment":[{"href":"https:\/\/fatordental.com.br\/index.php\/wp-json\/wp\/v2\/media?parent=649"}],"wp:term":[{"taxonomy":"product_brand","embeddable":true,"href":"https:\/\/fatordental.com.br\/index.php\/wp-json\/wp\/v2\/product_brand?post=649"},{"taxonomy":"product_cat","embeddable":true,"href":"https:\/\/fatordental.com.br\/index.php\/wp-json\/wp\/v2\/product_cat?post=649"},{"taxonomy":"product_tag","embeddable":true,"href":"https:\/\/fatordental.com.br\/index.php\/wp-json\/wp\/v2\/product_tag?post=649"}],"curies":[{"name":"wp","href":"https:\/\/api.w.org\/{rel}","templated":true}]}}