{"id":647,"date":"2022-11-15T20:02:29","date_gmt":"2022-11-15T23:02:29","guid":{"rendered":"https:\/\/fatordental.com.br\/?post_type=product&#038;p=647"},"modified":"2022-11-15T20:02:29","modified_gmt":"2022-11-15T23:02:29","slug":"tira-de-lixa-diamantada-colmeia-durastripe-medio-4mm-american-burrs","status":"publish","type":"product","link":"https:\/\/fatordental.com.br\/index.php\/produto\/tira-de-lixa-diamantada-colmeia-durastripe-medio-4mm-american-burrs\/","title":{"rendered":"Tira de Lixa Diamantada Colm\u00e9ia Durastripe M\u00e9dio 4mm &#8211; American Burrs"},"content":{"rendered":"<p class=\"value\"><strong>Embalagem com 5 unidades.<\/strong><\/p>\n<ul>\n<li><strong>DETALHES<\/strong><\/li>\n<\/ul>\n<p>&#8211; Fabricadas com rigoroso processo de eletrodeposi\u00e7\u00e3o de diamantes, com centro neutro (sem abrasivo) para facilitar a introdu\u00e7\u00e3o nas superf\u00edcies interproximais dos dentes.* \u00c9 uma tira com abrasivo \u00e0 base de diamante perfeitamente distribu\u00eddo em uma tira com desempenho superior.* Os poros da tira colmeia favorecem o escape dos res\u00edduos, impede seu ac\u00famulo na superf\u00edcie dental e torna o acabamento mais r\u00e1pido e efetivo.* Medidas: &#8211; Espessura: 0,05mm.- Largura: 2,5mm.- Comprimento: 150mm.- Aplica\u00e7\u00e3o manual (n\u00e3o precisa de nenhum suporte).<\/p>\n<ul>\n<li><strong>APLICA\u00c7\u00c3O<\/strong><\/li>\n<\/ul>\n<p>Indicada para acabamento e polimento interproximal de todos os materiais de restaura\u00e7\u00e3o direta e indireta.<\/p>\n","protected":false},"excerpt":{"rendered":"<p>Embalagem com 5 unidades. DETALHES &#8211; Fabricadas com rigoroso processo de eletrodeposi\u00e7\u00e3o de diamantes, com centro neutro (sem abrasivo) para facilitar a introdu\u00e7\u00e3o nas superf\u00edcies interproximais dos dentes.* \u00c9 uma [&hellip;]<\/p>\n","protected":false},"featured_media":648,"template":"","meta":[],"product_brand":[],"product_cat":[75,51],"product_tag":[],"class_list":{"0":"post-647","1":"product","2":"type-product","3":"status-publish","4":"has-post-thumbnail","6":"product_cat-acabamento-e-polimento","7":"product_cat-dentistica-e-estetica","9":"first","10":"instock","11":"shipping-taxable","12":"product-type-simple"},"yoast_head":"<!-- This site is optimized with the Yoast SEO plugin v26.8 - https:\/\/yoast.com\/product\/yoast-seo-wordpress\/ -->\n<title>Tira de Lixa Diamantada Colm\u00e9ia Durastripe M\u00e9dio 4mm - American Burrs - Fator Dental<\/title>\n<meta name=\"robots\" content=\"index, follow, max-snippet:-1, max-image-preview:large, max-video-preview:-1\" \/>\n<link rel=\"canonical\" href=\"https:\/\/fatordental.com.br\/index.php\/produto\/tira-de-lixa-diamantada-colmeia-durastripe-medio-4mm-american-burrs\/\" \/>\n<meta property=\"og:locale\" content=\"pt_BR\" \/>\n<meta property=\"og:type\" content=\"article\" \/>\n<meta property=\"og:title\" content=\"Tira de Lixa Diamantada Colm\u00e9ia Durastripe M\u00e9dio 4mm - American Burrs - Fator Dental\" \/>\n<meta property=\"og:description\" content=\"Embalagem com 5 unidades. DETALHES &#8211; Fabricadas com rigoroso processo de eletrodeposi\u00e7\u00e3o de diamantes, com centro neutro (sem abrasivo) para facilitar a introdu\u00e7\u00e3o nas superf\u00edcies interproximais dos dentes.* \u00c9 uma [&hellip;]\" \/>\n<meta property=\"og:url\" content=\"https:\/\/fatordental.com.br\/index.php\/produto\/tira-de-lixa-diamantada-colmeia-durastripe-medio-4mm-american-burrs\/\" \/>\n<meta property=\"og:site_name\" content=\"Fator Dental\" \/>\n<meta property=\"og:image\" content=\"https:\/\/fatordental.com.br\/wp-content\/uploads\/2022\/11\/tira-de-lixa-diamantada-colmeia-durastripe-medio-4mm-american-burss-121185-dental-cremer.jpg\" \/>\n\t<meta property=\"og:image:width\" content=\"900\" \/>\n\t<meta property=\"og:image:height\" content=\"900\" \/>\n\t<meta property=\"og:image:type\" content=\"image\/jpeg\" \/>\n<meta name=\"twitter:card\" content=\"summary_large_image\" \/>\n<meta name=\"twitter:label1\" content=\"Est. tempo de leitura\" \/>\n\t<meta name=\"twitter:data1\" content=\"1 minuto\" \/>\n<script type=\"application\/ld+json\" class=\"yoast-schema-graph\">{\"@context\":\"https:\/\/schema.org\",\"@graph\":[{\"@type\":\"WebPage\",\"@id\":\"https:\/\/fatordental.com.br\/index.php\/produto\/tira-de-lixa-diamantada-colmeia-durastripe-medio-4mm-american-burrs\/\",\"url\":\"https:\/\/fatordental.com.br\/index.php\/produto\/tira-de-lixa-diamantada-colmeia-durastripe-medio-4mm-american-burrs\/\",\"name\":\"Tira de Lixa Diamantada Colm\u00e9ia Durastripe M\u00e9dio 4mm - American Burrs - Fator Dental\",\"isPartOf\":{\"@id\":\"https:\/\/fatordental.com.br\/#website\"},\"primaryImageOfPage\":{\"@id\":\"https:\/\/fatordental.com.br\/index.php\/produto\/tira-de-lixa-diamantada-colmeia-durastripe-medio-4mm-american-burrs\/#primaryimage\"},\"image\":{\"@id\":\"https:\/\/fatordental.com.br\/index.php\/produto\/tira-de-lixa-diamantada-colmeia-durastripe-medio-4mm-american-burrs\/#primaryimage\"},\"thumbnailUrl\":\"https:\/\/fatordental.com.br\/wp-content\/uploads\/2022\/11\/tira-de-lixa-diamantada-colmeia-durastripe-medio-4mm-american-burss-121185-dental-cremer.jpg\",\"datePublished\":\"2022-11-15T23:02:29+00:00\",\"breadcrumb\":{\"@id\":\"https:\/\/fatordental.com.br\/index.php\/produto\/tira-de-lixa-diamantada-colmeia-durastripe-medio-4mm-american-burrs\/#breadcrumb\"},\"inLanguage\":\"pt-BR\",\"potentialAction\":[{\"@type\":\"ReadAction\",\"target\":[\"https:\/\/fatordental.com.br\/index.php\/produto\/tira-de-lixa-diamantada-colmeia-durastripe-medio-4mm-american-burrs\/\"]}]},{\"@type\":\"ImageObject\",\"inLanguage\":\"pt-BR\",\"@id\":\"https:\/\/fatordental.com.br\/index.php\/produto\/tira-de-lixa-diamantada-colmeia-durastripe-medio-4mm-american-burrs\/#primaryimage\",\"url\":\"https:\/\/fatordental.com.br\/wp-content\/uploads\/2022\/11\/tira-de-lixa-diamantada-colmeia-durastripe-medio-4mm-american-burss-121185-dental-cremer.jpg\",\"contentUrl\":\"https:\/\/fatordental.com.br\/wp-content\/uploads\/2022\/11\/tira-de-lixa-diamantada-colmeia-durastripe-medio-4mm-american-burss-121185-dental-cremer.jpg\",\"width\":900,\"height\":900},{\"@type\":\"BreadcrumbList\",\"@id\":\"https:\/\/fatordental.com.br\/index.php\/produto\/tira-de-lixa-diamantada-colmeia-durastripe-medio-4mm-american-burrs\/#breadcrumb\",\"itemListElement\":[{\"@type\":\"ListItem\",\"position\":1,\"name\":\"In\u00edcio\",\"item\":\"https:\/\/fatordental.com.br\/\"},{\"@type\":\"ListItem\",\"position\":2,\"name\":\"Produtos\",\"item\":\"https:\/\/fatordental.com.br\/index.php\/produtos\/\"},{\"@type\":\"ListItem\",\"position\":3,\"name\":\"Tira de Lixa Diamantada Colm\u00e9ia Durastripe M\u00e9dio 4mm &#8211; American Burrs\"}]},{\"@type\":\"WebSite\",\"@id\":\"https:\/\/fatordental.com.br\/#website\",\"url\":\"https:\/\/fatordental.com.br\/\",\"name\":\"Fator Dental\",\"description\":\"Produtos Ondontol\u00f3gicos\",\"publisher\":{\"@id\":\"https:\/\/fatordental.com.br\/#organization\"},\"potentialAction\":[{\"@type\":\"SearchAction\",\"target\":{\"@type\":\"EntryPoint\",\"urlTemplate\":\"https:\/\/fatordental.com.br\/?s={search_term_string}\"},\"query-input\":{\"@type\":\"PropertyValueSpecification\",\"valueRequired\":true,\"valueName\":\"search_term_string\"}}],\"inLanguage\":\"pt-BR\"},{\"@type\":\"Organization\",\"@id\":\"https:\/\/fatordental.com.br\/#organization\",\"name\":\"Fator Dental\",\"url\":\"https:\/\/fatordental.com.br\/\",\"logo\":{\"@type\":\"ImageObject\",\"inLanguage\":\"pt-BR\",\"@id\":\"https:\/\/fatordental.com.br\/#\/schema\/logo\/image\/\",\"url\":\"https:\/\/fatordental.com.br\/wp-content\/uploads\/2023\/02\/logo_fator.png\",\"contentUrl\":\"https:\/\/fatordental.com.br\/wp-content\/uploads\/2023\/02\/logo_fator.png\",\"width\":400,\"height\":256,\"caption\":\"Fator Dental\"},\"image\":{\"@id\":\"https:\/\/fatordental.com.br\/#\/schema\/logo\/image\/\"},\"sameAs\":[\"https:\/\/www.instagram.com\/fatordental\/\"]}]}<\/script>\n<!-- \/ Yoast SEO plugin. -->","yoast_head_json":{"title":"Tira de Lixa Diamantada Colm\u00e9ia Durastripe M\u00e9dio 4mm - American Burrs - Fator Dental","robots":{"index":"index","follow":"follow","max-snippet":"max-snippet:-1","max-image-preview":"max-image-preview:large","max-video-preview":"max-video-preview:-1"},"canonical":"https:\/\/fatordental.com.br\/index.php\/produto\/tira-de-lixa-diamantada-colmeia-durastripe-medio-4mm-american-burrs\/","og_locale":"pt_BR","og_type":"article","og_title":"Tira de Lixa Diamantada Colm\u00e9ia Durastripe M\u00e9dio 4mm - American Burrs - Fator Dental","og_description":"Embalagem com 5 unidades. DETALHES &#8211; Fabricadas com rigoroso processo de eletrodeposi\u00e7\u00e3o de diamantes, com centro neutro (sem abrasivo) para facilitar a introdu\u00e7\u00e3o nas superf\u00edcies interproximais dos dentes.* \u00c9 uma [&hellip;]","og_url":"https:\/\/fatordental.com.br\/index.php\/produto\/tira-de-lixa-diamantada-colmeia-durastripe-medio-4mm-american-burrs\/","og_site_name":"Fator Dental","og_image":[{"width":900,"height":900,"url":"https:\/\/fatordental.com.br\/wp-content\/uploads\/2022\/11\/tira-de-lixa-diamantada-colmeia-durastripe-medio-4mm-american-burss-121185-dental-cremer.jpg","type":"image\/jpeg"}],"twitter_card":"summary_large_image","twitter_misc":{"Est. tempo de leitura":"1 minuto"},"schema":{"@context":"https:\/\/schema.org","@graph":[{"@type":"WebPage","@id":"https:\/\/fatordental.com.br\/index.php\/produto\/tira-de-lixa-diamantada-colmeia-durastripe-medio-4mm-american-burrs\/","url":"https:\/\/fatordental.com.br\/index.php\/produto\/tira-de-lixa-diamantada-colmeia-durastripe-medio-4mm-american-burrs\/","name":"Tira de Lixa Diamantada Colm\u00e9ia Durastripe M\u00e9dio 4mm - American Burrs - Fator Dental","isPartOf":{"@id":"https:\/\/fatordental.com.br\/#website"},"primaryImageOfPage":{"@id":"https:\/\/fatordental.com.br\/index.php\/produto\/tira-de-lixa-diamantada-colmeia-durastripe-medio-4mm-american-burrs\/#primaryimage"},"image":{"@id":"https:\/\/fatordental.com.br\/index.php\/produto\/tira-de-lixa-diamantada-colmeia-durastripe-medio-4mm-american-burrs\/#primaryimage"},"thumbnailUrl":"https:\/\/fatordental.com.br\/wp-content\/uploads\/2022\/11\/tira-de-lixa-diamantada-colmeia-durastripe-medio-4mm-american-burss-121185-dental-cremer.jpg","datePublished":"2022-11-15T23:02:29+00:00","breadcrumb":{"@id":"https:\/\/fatordental.com.br\/index.php\/produto\/tira-de-lixa-diamantada-colmeia-durastripe-medio-4mm-american-burrs\/#breadcrumb"},"inLanguage":"pt-BR","potentialAction":[{"@type":"ReadAction","target":["https:\/\/fatordental.com.br\/index.php\/produto\/tira-de-lixa-diamantada-colmeia-durastripe-medio-4mm-american-burrs\/"]}]},{"@type":"ImageObject","inLanguage":"pt-BR","@id":"https:\/\/fatordental.com.br\/index.php\/produto\/tira-de-lixa-diamantada-colmeia-durastripe-medio-4mm-american-burrs\/#primaryimage","url":"https:\/\/fatordental.com.br\/wp-content\/uploads\/2022\/11\/tira-de-lixa-diamantada-colmeia-durastripe-medio-4mm-american-burss-121185-dental-cremer.jpg","contentUrl":"https:\/\/fatordental.com.br\/wp-content\/uploads\/2022\/11\/tira-de-lixa-diamantada-colmeia-durastripe-medio-4mm-american-burss-121185-dental-cremer.jpg","width":900,"height":900},{"@type":"BreadcrumbList","@id":"https:\/\/fatordental.com.br\/index.php\/produto\/tira-de-lixa-diamantada-colmeia-durastripe-medio-4mm-american-burrs\/#breadcrumb","itemListElement":[{"@type":"ListItem","position":1,"name":"In\u00edcio","item":"https:\/\/fatordental.com.br\/"},{"@type":"ListItem","position":2,"name":"Produtos","item":"https:\/\/fatordental.com.br\/index.php\/produtos\/"},{"@type":"ListItem","position":3,"name":"Tira de Lixa Diamantada Colm\u00e9ia Durastripe M\u00e9dio 4mm &#8211; American Burrs"}]},{"@type":"WebSite","@id":"https:\/\/fatordental.com.br\/#website","url":"https:\/\/fatordental.com.br\/","name":"Fator Dental","description":"Produtos Ondontol\u00f3gicos","publisher":{"@id":"https:\/\/fatordental.com.br\/#organization"},"potentialAction":[{"@type":"SearchAction","target":{"@type":"EntryPoint","urlTemplate":"https:\/\/fatordental.com.br\/?s={search_term_string}"},"query-input":{"@type":"PropertyValueSpecification","valueRequired":true,"valueName":"search_term_string"}}],"inLanguage":"pt-BR"},{"@type":"Organization","@id":"https:\/\/fatordental.com.br\/#organization","name":"Fator Dental","url":"https:\/\/fatordental.com.br\/","logo":{"@type":"ImageObject","inLanguage":"pt-BR","@id":"https:\/\/fatordental.com.br\/#\/schema\/logo\/image\/","url":"https:\/\/fatordental.com.br\/wp-content\/uploads\/2023\/02\/logo_fator.png","contentUrl":"https:\/\/fatordental.com.br\/wp-content\/uploads\/2023\/02\/logo_fator.png","width":400,"height":256,"caption":"Fator Dental"},"image":{"@id":"https:\/\/fatordental.com.br\/#\/schema\/logo\/image\/"},"sameAs":["https:\/\/www.instagram.com\/fatordental\/"]}]}},"_links":{"self":[{"href":"https:\/\/fatordental.com.br\/index.php\/wp-json\/wp\/v2\/product\/647","targetHints":{"allow":["GET"]}}],"collection":[{"href":"https:\/\/fatordental.com.br\/index.php\/wp-json\/wp\/v2\/product"}],"about":[{"href":"https:\/\/fatordental.com.br\/index.php\/wp-json\/wp\/v2\/types\/product"}],"wp:featuredmedia":[{"embeddable":true,"href":"https:\/\/fatordental.com.br\/index.php\/wp-json\/wp\/v2\/media\/648"}],"wp:attachment":[{"href":"https:\/\/fatordental.com.br\/index.php\/wp-json\/wp\/v2\/media?parent=647"}],"wp:term":[{"taxonomy":"product_brand","embeddable":true,"href":"https:\/\/fatordental.com.br\/index.php\/wp-json\/wp\/v2\/product_brand?post=647"},{"taxonomy":"product_cat","embeddable":true,"href":"https:\/\/fatordental.com.br\/index.php\/wp-json\/wp\/v2\/product_cat?post=647"},{"taxonomy":"product_tag","embeddable":true,"href":"https:\/\/fatordental.com.br\/index.php\/wp-json\/wp\/v2\/product_tag?post=647"}],"curies":[{"name":"wp","href":"https:\/\/api.w.org\/{rel}","templated":true}]}}