{"id":631,"date":"2022-11-15T18:55:07","date_gmt":"2022-11-15T21:55:07","guid":{"rendered":"https:\/\/fatordental.com.br\/?post_type=product&#038;p=631"},"modified":"2022-11-15T18:55:07","modified_gmt":"2022-11-15T21:55:07","slug":"kit-twist-gloss-polidores-diamantadas-ca-american-burrs","status":"publish","type":"product","link":"https:\/\/fatordental.com.br\/index.php\/produto\/kit-twist-gloss-polidores-diamantadas-ca-american-burrs\/","title":{"rendered":"Kit Twist-Gloss Polidores Diamantadas CA &#8211; American Burrs"},"content":{"rendered":"<p class=\"value\"><strong>Kit com 2 Polidores Espirais Diamantados CA (M\u00e9dia, Fina), 3 Polidores de Resina CA (Grossa, M\u00e9dia, Fina), 1 Escova Pelo de Cabra, 1 Broqueiro Autoclav\u00e1vel de 75 furos.<\/strong><\/p>\n<ul>\n<li><strong>DETALHES<\/strong><\/li>\n<\/ul>\n<p>Com o\u00a0<strong>Kit Twist-Gloss American Burrs<\/strong>\u00a0voc\u00ea realiza trabalhos de acabamento e polimento intraoral em resinas compostas alcan\u00e7ando lugares e resultados antes imposs\u00edveis. \u00c9 a sequ\u00eancia premium completa de Polimento de Resinas Compostas em um \u00fanico Kit!<\/p>\n<p><strong>ALTA DURABILIDADE DOS ESPIRAIS DIAMANTADOS.<\/strong><\/p>\n<p>Os Polidores Espirais Diamantados do Kit Twist-Gloss s\u00e3o fabricados com Diamantes Naturais, dispensando a utiliza\u00e7\u00e3o de pasta de polimento. Por ser composto de diamante 100% natural, os Polidores Twist-Gloss possuem muito mais durabilidade que a maioria.<\/p>\n<p><strong>POLIDORES EFICIENTES E EFICAZES<\/strong><\/p>\n<p>A alta qualidade dos materiais utilizados no desenvolvimento dos Polidores do Kit Twist-Gloss e sua incr\u00edvel flexibilidade permite que voc\u00ea tenha uma versatilidade de uso muito mais ampla: tenha acesso a toda a superf\u00edcie dental com os Polidores de Resina no formato Chama e com os Polidores Diamantados nos formatos Espirais.<\/p>\n<p><strong>GRANULOMETRIAS<\/strong><\/p>\n<p>Os Polidores de Resina do Kit Twist-Gloss American Burrs contam com uma sequ\u00eancia de Polidores de Resina Ultra-Gloss de Formato Chama nas Granulometrias Grossa, m\u00e9dia e Fina; tamb\u00e9m contam com os Polidores Espirais Diamantados m\u00e9dia e fina, o que permite alcan\u00e7ar lisura superficial e brilho final incompar\u00e1veis. E ainda, para um brilho final ainda mais perfeito, temos uma Escova de Polimento de Pelo de Cabra.<\/p>\n<p><strong>BROQUEIRO<\/strong><\/p>\n<p>O Broqueiro do Kit Twist-Gloss American Burrs suporta mais de 100 ciclos de autoclavagem e conta com a tecnologia \u201cSame Place\u201d: as pe\u00e7as permanecem no lugar com o Broqueiro fechado, facilitando o transporte do material. O Broqueiro ainda \u00e9 gravado \u00e0 laser com a identifica\u00e7\u00e3o dos itens, facilitando a organiza\u00e7\u00e3o das pe\u00e7as em todos os ciclos.<\/p>\n<p>Kit com:<\/p>\n<ul>\n<li>2 Polidores Espirais Diamantados CA Twist-Gloss de Granulometria M\u00e9dia (marrom) e fina (verde) no formato Espiral.<\/li>\n<li>3 Polidores de Resina CA Ultra-Gloss de Granulometria Grossa (Cinza), M\u00e9dia (Rosa) e fina (Azul) no formato Chama.<\/li>\n<li>1 Escova de Polimento de Pelo de Cabra.<\/li>\n<li>1 Broqueiro Autoclav\u00e1vel de 75 furos sendo aceitos mandreel CA e FG. Sistema &#8220;Same Place&#8221; onde o broqueiro fechado n\u00e3o deixa as pe\u00e7as ca\u00edrem durante o transporte.<\/li>\n<\/ul>\n<p>&nbsp;<\/p>\n<ul>\n<li><strong>APLICA\u00c7\u00c3O<\/strong><\/li>\n<\/ul>\n<p>Recomenda-se o uso com irriga\u00e7\u00e3o de \u00e1gua, baixa velocidade, press\u00e3o leve e sentido anti-hor\u00e1rio de rota\u00e7\u00e3o.<\/p>\n","protected":false},"excerpt":{"rendered":"<p>Kit com 2 Polidores Espirais Diamantados CA (M\u00e9dia, Fina), 3 Polidores de Resina CA (Grossa, M\u00e9dia, Fina), 1 Escova Pelo de Cabra, 1 Broqueiro Autoclav\u00e1vel de 75 furos. DETALHES Com [&hellip;]<\/p>\n","protected":false},"featured_media":632,"template":"","meta":[],"product_brand":[],"product_cat":[75,51],"product_tag":[],"class_list":{"0":"post-631","1":"product","2":"type-product","3":"status-publish","4":"has-post-thumbnail","6":"product_cat-acabamento-e-polimento","7":"product_cat-dentistica-e-estetica","9":"first","10":"instock","11":"shipping-taxable","12":"product-type-simple"},"yoast_head":"<!-- This site is optimized with the Yoast SEO plugin v26.8 - https:\/\/yoast.com\/product\/yoast-seo-wordpress\/ -->\n<title>Kit Twist-Gloss Polidores Diamantadas CA - American Burrs - Fator Dental<\/title>\n<meta name=\"robots\" content=\"index, follow, max-snippet:-1, max-image-preview:large, max-video-preview:-1\" \/>\n<link rel=\"canonical\" href=\"https:\/\/fatordental.com.br\/index.php\/produto\/kit-twist-gloss-polidores-diamantadas-ca-american-burrs\/\" \/>\n<meta property=\"og:locale\" content=\"pt_BR\" \/>\n<meta property=\"og:type\" content=\"article\" \/>\n<meta property=\"og:title\" content=\"Kit Twist-Gloss Polidores Diamantadas CA - American Burrs - Fator Dental\" \/>\n<meta property=\"og:description\" content=\"Kit com 2 Polidores Espirais Diamantados CA (M\u00e9dia, Fina), 3 Polidores de Resina CA (Grossa, M\u00e9dia, Fina), 1 Escova Pelo de Cabra, 1 Broqueiro Autoclav\u00e1vel de 75 furos. DETALHES Com [&hellip;]\" \/>\n<meta property=\"og:url\" content=\"https:\/\/fatordental.com.br\/index.php\/produto\/kit-twist-gloss-polidores-diamantadas-ca-american-burrs\/\" \/>\n<meta property=\"og:site_name\" content=\"Fator Dental\" \/>\n<meta property=\"og:image\" content=\"https:\/\/fatordental.com.br\/wp-content\/uploads\/2022\/11\/kit-twist-gloss-polidores-diamantadas-ca-american-burrs-130116-dental-cremer.jpg\" \/>\n\t<meta property=\"og:image:width\" content=\"800\" \/>\n\t<meta property=\"og:image:height\" content=\"800\" \/>\n\t<meta property=\"og:image:type\" content=\"image\/jpeg\" \/>\n<meta name=\"twitter:card\" content=\"summary_large_image\" \/>\n<meta name=\"twitter:label1\" content=\"Est. tempo de leitura\" \/>\n\t<meta name=\"twitter:data1\" content=\"2 minutos\" \/>\n<script type=\"application\/ld+json\" class=\"yoast-schema-graph\">{\"@context\":\"https:\/\/schema.org\",\"@graph\":[{\"@type\":\"WebPage\",\"@id\":\"https:\/\/fatordental.com.br\/index.php\/produto\/kit-twist-gloss-polidores-diamantadas-ca-american-burrs\/\",\"url\":\"https:\/\/fatordental.com.br\/index.php\/produto\/kit-twist-gloss-polidores-diamantadas-ca-american-burrs\/\",\"name\":\"Kit Twist-Gloss Polidores Diamantadas CA - American Burrs - Fator Dental\",\"isPartOf\":{\"@id\":\"https:\/\/fatordental.com.br\/#website\"},\"primaryImageOfPage\":{\"@id\":\"https:\/\/fatordental.com.br\/index.php\/produto\/kit-twist-gloss-polidores-diamantadas-ca-american-burrs\/#primaryimage\"},\"image\":{\"@id\":\"https:\/\/fatordental.com.br\/index.php\/produto\/kit-twist-gloss-polidores-diamantadas-ca-american-burrs\/#primaryimage\"},\"thumbnailUrl\":\"https:\/\/fatordental.com.br\/wp-content\/uploads\/2022\/11\/kit-twist-gloss-polidores-diamantadas-ca-american-burrs-130116-dental-cremer.jpg\",\"datePublished\":\"2022-11-15T21:55:07+00:00\",\"breadcrumb\":{\"@id\":\"https:\/\/fatordental.com.br\/index.php\/produto\/kit-twist-gloss-polidores-diamantadas-ca-american-burrs\/#breadcrumb\"},\"inLanguage\":\"pt-BR\",\"potentialAction\":[{\"@type\":\"ReadAction\",\"target\":[\"https:\/\/fatordental.com.br\/index.php\/produto\/kit-twist-gloss-polidores-diamantadas-ca-american-burrs\/\"]}]},{\"@type\":\"ImageObject\",\"inLanguage\":\"pt-BR\",\"@id\":\"https:\/\/fatordental.com.br\/index.php\/produto\/kit-twist-gloss-polidores-diamantadas-ca-american-burrs\/#primaryimage\",\"url\":\"https:\/\/fatordental.com.br\/wp-content\/uploads\/2022\/11\/kit-twist-gloss-polidores-diamantadas-ca-american-burrs-130116-dental-cremer.jpg\",\"contentUrl\":\"https:\/\/fatordental.com.br\/wp-content\/uploads\/2022\/11\/kit-twist-gloss-polidores-diamantadas-ca-american-burrs-130116-dental-cremer.jpg\",\"width\":800,\"height\":800},{\"@type\":\"BreadcrumbList\",\"@id\":\"https:\/\/fatordental.com.br\/index.php\/produto\/kit-twist-gloss-polidores-diamantadas-ca-american-burrs\/#breadcrumb\",\"itemListElement\":[{\"@type\":\"ListItem\",\"position\":1,\"name\":\"In\u00edcio\",\"item\":\"https:\/\/fatordental.com.br\/\"},{\"@type\":\"ListItem\",\"position\":2,\"name\":\"Produtos\",\"item\":\"https:\/\/fatordental.com.br\/index.php\/produtos\/\"},{\"@type\":\"ListItem\",\"position\":3,\"name\":\"Kit Twist-Gloss Polidores Diamantadas CA &#8211; American Burrs\"}]},{\"@type\":\"WebSite\",\"@id\":\"https:\/\/fatordental.com.br\/#website\",\"url\":\"https:\/\/fatordental.com.br\/\",\"name\":\"Fator Dental\",\"description\":\"Produtos Ondontol\u00f3gicos\",\"publisher\":{\"@id\":\"https:\/\/fatordental.com.br\/#organization\"},\"potentialAction\":[{\"@type\":\"SearchAction\",\"target\":{\"@type\":\"EntryPoint\",\"urlTemplate\":\"https:\/\/fatordental.com.br\/?s={search_term_string}\"},\"query-input\":{\"@type\":\"PropertyValueSpecification\",\"valueRequired\":true,\"valueName\":\"search_term_string\"}}],\"inLanguage\":\"pt-BR\"},{\"@type\":\"Organization\",\"@id\":\"https:\/\/fatordental.com.br\/#organization\",\"name\":\"Fator Dental\",\"url\":\"https:\/\/fatordental.com.br\/\",\"logo\":{\"@type\":\"ImageObject\",\"inLanguage\":\"pt-BR\",\"@id\":\"https:\/\/fatordental.com.br\/#\/schema\/logo\/image\/\",\"url\":\"https:\/\/fatordental.com.br\/wp-content\/uploads\/2023\/02\/logo_fator.png\",\"contentUrl\":\"https:\/\/fatordental.com.br\/wp-content\/uploads\/2023\/02\/logo_fator.png\",\"width\":400,\"height\":256,\"caption\":\"Fator Dental\"},\"image\":{\"@id\":\"https:\/\/fatordental.com.br\/#\/schema\/logo\/image\/\"},\"sameAs\":[\"https:\/\/www.instagram.com\/fatordental\/\"]}]}<\/script>\n<!-- \/ Yoast SEO plugin. -->","yoast_head_json":{"title":"Kit Twist-Gloss Polidores Diamantadas CA - American Burrs - Fator Dental","robots":{"index":"index","follow":"follow","max-snippet":"max-snippet:-1","max-image-preview":"max-image-preview:large","max-video-preview":"max-video-preview:-1"},"canonical":"https:\/\/fatordental.com.br\/index.php\/produto\/kit-twist-gloss-polidores-diamantadas-ca-american-burrs\/","og_locale":"pt_BR","og_type":"article","og_title":"Kit Twist-Gloss Polidores Diamantadas CA - American Burrs - Fator Dental","og_description":"Kit com 2 Polidores Espirais Diamantados CA (M\u00e9dia, Fina), 3 Polidores de Resina CA (Grossa, M\u00e9dia, Fina), 1 Escova Pelo de Cabra, 1 Broqueiro Autoclav\u00e1vel de 75 furos. DETALHES Com [&hellip;]","og_url":"https:\/\/fatordental.com.br\/index.php\/produto\/kit-twist-gloss-polidores-diamantadas-ca-american-burrs\/","og_site_name":"Fator Dental","og_image":[{"width":800,"height":800,"url":"https:\/\/fatordental.com.br\/wp-content\/uploads\/2022\/11\/kit-twist-gloss-polidores-diamantadas-ca-american-burrs-130116-dental-cremer.jpg","type":"image\/jpeg"}],"twitter_card":"summary_large_image","twitter_misc":{"Est. tempo de leitura":"2 minutos"},"schema":{"@context":"https:\/\/schema.org","@graph":[{"@type":"WebPage","@id":"https:\/\/fatordental.com.br\/index.php\/produto\/kit-twist-gloss-polidores-diamantadas-ca-american-burrs\/","url":"https:\/\/fatordental.com.br\/index.php\/produto\/kit-twist-gloss-polidores-diamantadas-ca-american-burrs\/","name":"Kit Twist-Gloss Polidores Diamantadas CA - American Burrs - Fator Dental","isPartOf":{"@id":"https:\/\/fatordental.com.br\/#website"},"primaryImageOfPage":{"@id":"https:\/\/fatordental.com.br\/index.php\/produto\/kit-twist-gloss-polidores-diamantadas-ca-american-burrs\/#primaryimage"},"image":{"@id":"https:\/\/fatordental.com.br\/index.php\/produto\/kit-twist-gloss-polidores-diamantadas-ca-american-burrs\/#primaryimage"},"thumbnailUrl":"https:\/\/fatordental.com.br\/wp-content\/uploads\/2022\/11\/kit-twist-gloss-polidores-diamantadas-ca-american-burrs-130116-dental-cremer.jpg","datePublished":"2022-11-15T21:55:07+00:00","breadcrumb":{"@id":"https:\/\/fatordental.com.br\/index.php\/produto\/kit-twist-gloss-polidores-diamantadas-ca-american-burrs\/#breadcrumb"},"inLanguage":"pt-BR","potentialAction":[{"@type":"ReadAction","target":["https:\/\/fatordental.com.br\/index.php\/produto\/kit-twist-gloss-polidores-diamantadas-ca-american-burrs\/"]}]},{"@type":"ImageObject","inLanguage":"pt-BR","@id":"https:\/\/fatordental.com.br\/index.php\/produto\/kit-twist-gloss-polidores-diamantadas-ca-american-burrs\/#primaryimage","url":"https:\/\/fatordental.com.br\/wp-content\/uploads\/2022\/11\/kit-twist-gloss-polidores-diamantadas-ca-american-burrs-130116-dental-cremer.jpg","contentUrl":"https:\/\/fatordental.com.br\/wp-content\/uploads\/2022\/11\/kit-twist-gloss-polidores-diamantadas-ca-american-burrs-130116-dental-cremer.jpg","width":800,"height":800},{"@type":"BreadcrumbList","@id":"https:\/\/fatordental.com.br\/index.php\/produto\/kit-twist-gloss-polidores-diamantadas-ca-american-burrs\/#breadcrumb","itemListElement":[{"@type":"ListItem","position":1,"name":"In\u00edcio","item":"https:\/\/fatordental.com.br\/"},{"@type":"ListItem","position":2,"name":"Produtos","item":"https:\/\/fatordental.com.br\/index.php\/produtos\/"},{"@type":"ListItem","position":3,"name":"Kit Twist-Gloss Polidores Diamantadas CA &#8211; American Burrs"}]},{"@type":"WebSite","@id":"https:\/\/fatordental.com.br\/#website","url":"https:\/\/fatordental.com.br\/","name":"Fator Dental","description":"Produtos Ondontol\u00f3gicos","publisher":{"@id":"https:\/\/fatordental.com.br\/#organization"},"potentialAction":[{"@type":"SearchAction","target":{"@type":"EntryPoint","urlTemplate":"https:\/\/fatordental.com.br\/?s={search_term_string}"},"query-input":{"@type":"PropertyValueSpecification","valueRequired":true,"valueName":"search_term_string"}}],"inLanguage":"pt-BR"},{"@type":"Organization","@id":"https:\/\/fatordental.com.br\/#organization","name":"Fator Dental","url":"https:\/\/fatordental.com.br\/","logo":{"@type":"ImageObject","inLanguage":"pt-BR","@id":"https:\/\/fatordental.com.br\/#\/schema\/logo\/image\/","url":"https:\/\/fatordental.com.br\/wp-content\/uploads\/2023\/02\/logo_fator.png","contentUrl":"https:\/\/fatordental.com.br\/wp-content\/uploads\/2023\/02\/logo_fator.png","width":400,"height":256,"caption":"Fator Dental"},"image":{"@id":"https:\/\/fatordental.com.br\/#\/schema\/logo\/image\/"},"sameAs":["https:\/\/www.instagram.com\/fatordental\/"]}]}},"_links":{"self":[{"href":"https:\/\/fatordental.com.br\/index.php\/wp-json\/wp\/v2\/product\/631","targetHints":{"allow":["GET"]}}],"collection":[{"href":"https:\/\/fatordental.com.br\/index.php\/wp-json\/wp\/v2\/product"}],"about":[{"href":"https:\/\/fatordental.com.br\/index.php\/wp-json\/wp\/v2\/types\/product"}],"wp:featuredmedia":[{"embeddable":true,"href":"https:\/\/fatordental.com.br\/index.php\/wp-json\/wp\/v2\/media\/632"}],"wp:attachment":[{"href":"https:\/\/fatordental.com.br\/index.php\/wp-json\/wp\/v2\/media?parent=631"}],"wp:term":[{"taxonomy":"product_brand","embeddable":true,"href":"https:\/\/fatordental.com.br\/index.php\/wp-json\/wp\/v2\/product_brand?post=631"},{"taxonomy":"product_cat","embeddable":true,"href":"https:\/\/fatordental.com.br\/index.php\/wp-json\/wp\/v2\/product_cat?post=631"},{"taxonomy":"product_tag","embeddable":true,"href":"https:\/\/fatordental.com.br\/index.php\/wp-json\/wp\/v2\/product_tag?post=631"}],"curies":[{"name":"wp","href":"https:\/\/api.w.org\/{rel}","templated":true}]}}