{"id":627,"date":"2022-11-15T18:01:24","date_gmt":"2022-11-15T21:01:24","guid":{"rendered":"https:\/\/fatordental.com.br\/?post_type=product&#038;p=627"},"modified":"2022-11-15T18:01:24","modified_gmt":"2022-11-15T21:01:24","slug":"sr204ef-polidor-espiral-de-diamante-diapro-para-pre-polimento-em-resinas-compostas-ca-para-contra-angulo-intra-oral-dhpro","status":"publish","type":"product","link":"https:\/\/fatordental.com.br\/index.php\/produto\/sr204ef-polidor-espiral-de-diamante-diapro-para-pre-polimento-em-resinas-compostas-ca-para-contra-angulo-intra-oral-dhpro\/","title":{"rendered":"SR204EF | Polidor Espiral de Diamante DIAPRO para Pr\u00e9 Polimento em Resinas Compostas | CA \u2013 para Contra \u00c2ngulo \u2013 Intra Oral &#8211; Dhpro"},"content":{"rendered":"<p><strong>Embalagem com 1 unidade.<\/strong><\/p>\n<ul>\n<li><strong>DETALHES<\/strong><\/li>\n<\/ul>\n<p>&#8211; Pr\u00e9 Polimento para Resina Foto<\/p>\n<p>&#8211; Material de diamante Dhpro, aglomerado com resina<\/p>\n<p>&#8211; Formato Espiral com Di\u00e2metro 14mm<\/p>\n<p>&#8211; Rota\u00e7\u00e3o m\u00e1xima:\u00a08.000rpm<\/p>\n<p>&#8211; Registro MS 80361810007<\/p>\n","protected":false},"excerpt":{"rendered":"<p>Embalagem com 1 unidade. DETALHES &#8211; Pr\u00e9 Polimento para Resina Foto &#8211; Material de diamante Dhpro, aglomerado com resina &#8211; Formato Espiral com Di\u00e2metro 14mm &#8211; Rota\u00e7\u00e3o m\u00e1xima:\u00a08.000rpm &#8211; Registro [&hellip;]<\/p>\n","protected":false},"featured_media":628,"template":"","meta":[],"product_brand":[],"product_cat":[75,51],"product_tag":[],"class_list":{"0":"post-627","1":"product","2":"type-product","3":"status-publish","4":"has-post-thumbnail","6":"product_cat-acabamento-e-polimento","7":"product_cat-dentistica-e-estetica","9":"first","10":"instock","11":"shipping-taxable","12":"product-type-simple"},"yoast_head":"<!-- This site is optimized with the Yoast SEO plugin v26.8 - https:\/\/yoast.com\/product\/yoast-seo-wordpress\/ -->\n<title>SR204EF | Polidor Espiral de Diamante DIAPRO para Pr\u00e9 Polimento em Resinas Compostas | CA \u2013 para Contra \u00c2ngulo \u2013 Intra Oral - Dhpro - Fator Dental<\/title>\n<meta name=\"robots\" content=\"index, follow, max-snippet:-1, max-image-preview:large, max-video-preview:-1\" \/>\n<link rel=\"canonical\" href=\"https:\/\/fatordental.com.br\/index.php\/produto\/sr204ef-polidor-espiral-de-diamante-diapro-para-pre-polimento-em-resinas-compostas-ca-para-contra-angulo-intra-oral-dhpro\/\" \/>\n<meta property=\"og:locale\" content=\"pt_BR\" \/>\n<meta property=\"og:type\" content=\"article\" \/>\n<meta property=\"og:title\" content=\"SR204EF | Polidor Espiral de Diamante DIAPRO para Pr\u00e9 Polimento em Resinas Compostas | CA \u2013 para Contra \u00c2ngulo \u2013 Intra Oral - Dhpro - Fator Dental\" \/>\n<meta property=\"og:description\" content=\"Embalagem com 1 unidade. DETALHES &#8211; Pr\u00e9 Polimento para Resina Foto &#8211; Material de diamante Dhpro, aglomerado com resina &#8211; Formato Espiral com Di\u00e2metro 14mm &#8211; Rota\u00e7\u00e3o m\u00e1xima:\u00a08.000rpm &#8211; Registro [&hellip;]\" \/>\n<meta property=\"og:url\" content=\"https:\/\/fatordental.com.br\/index.php\/produto\/sr204ef-polidor-espiral-de-diamante-diapro-para-pre-polimento-em-resinas-compostas-ca-para-contra-angulo-intra-oral-dhpro\/\" \/>\n<meta property=\"og:site_name\" content=\"Fator Dental\" \/>\n<meta property=\"og:image\" content=\"https:\/\/fatordental.com.br\/wp-content\/uploads\/2022\/11\/WhatsApp-Image-2022-11-15-at-18.00.04.jpeg\" \/>\n\t<meta property=\"og:image:width\" content=\"580\" \/>\n\t<meta property=\"og:image:height\" content=\"674\" \/>\n\t<meta property=\"og:image:type\" content=\"image\/jpeg\" \/>\n<meta name=\"twitter:card\" content=\"summary_large_image\" \/>\n<script type=\"application\/ld+json\" class=\"yoast-schema-graph\">{\"@context\":\"https:\/\/schema.org\",\"@graph\":[{\"@type\":\"WebPage\",\"@id\":\"https:\/\/fatordental.com.br\/index.php\/produto\/sr204ef-polidor-espiral-de-diamante-diapro-para-pre-polimento-em-resinas-compostas-ca-para-contra-angulo-intra-oral-dhpro\/\",\"url\":\"https:\/\/fatordental.com.br\/index.php\/produto\/sr204ef-polidor-espiral-de-diamante-diapro-para-pre-polimento-em-resinas-compostas-ca-para-contra-angulo-intra-oral-dhpro\/\",\"name\":\"SR204EF | Polidor Espiral de Diamante DIAPRO para Pr\u00e9 Polimento em Resinas Compostas | CA \u2013 para Contra \u00c2ngulo \u2013 Intra Oral - Dhpro - Fator Dental\",\"isPartOf\":{\"@id\":\"https:\/\/fatordental.com.br\/#website\"},\"primaryImageOfPage\":{\"@id\":\"https:\/\/fatordental.com.br\/index.php\/produto\/sr204ef-polidor-espiral-de-diamante-diapro-para-pre-polimento-em-resinas-compostas-ca-para-contra-angulo-intra-oral-dhpro\/#primaryimage\"},\"image\":{\"@id\":\"https:\/\/fatordental.com.br\/index.php\/produto\/sr204ef-polidor-espiral-de-diamante-diapro-para-pre-polimento-em-resinas-compostas-ca-para-contra-angulo-intra-oral-dhpro\/#primaryimage\"},\"thumbnailUrl\":\"https:\/\/fatordental.com.br\/wp-content\/uploads\/2022\/11\/WhatsApp-Image-2022-11-15-at-18.00.04.jpeg\",\"datePublished\":\"2022-11-15T21:01:24+00:00\",\"breadcrumb\":{\"@id\":\"https:\/\/fatordental.com.br\/index.php\/produto\/sr204ef-polidor-espiral-de-diamante-diapro-para-pre-polimento-em-resinas-compostas-ca-para-contra-angulo-intra-oral-dhpro\/#breadcrumb\"},\"inLanguage\":\"pt-BR\",\"potentialAction\":[{\"@type\":\"ReadAction\",\"target\":[\"https:\/\/fatordental.com.br\/index.php\/produto\/sr204ef-polidor-espiral-de-diamante-diapro-para-pre-polimento-em-resinas-compostas-ca-para-contra-angulo-intra-oral-dhpro\/\"]}]},{\"@type\":\"ImageObject\",\"inLanguage\":\"pt-BR\",\"@id\":\"https:\/\/fatordental.com.br\/index.php\/produto\/sr204ef-polidor-espiral-de-diamante-diapro-para-pre-polimento-em-resinas-compostas-ca-para-contra-angulo-intra-oral-dhpro\/#primaryimage\",\"url\":\"https:\/\/fatordental.com.br\/wp-content\/uploads\/2022\/11\/WhatsApp-Image-2022-11-15-at-18.00.04.jpeg\",\"contentUrl\":\"https:\/\/fatordental.com.br\/wp-content\/uploads\/2022\/11\/WhatsApp-Image-2022-11-15-at-18.00.04.jpeg\",\"width\":580,\"height\":674},{\"@type\":\"BreadcrumbList\",\"@id\":\"https:\/\/fatordental.com.br\/index.php\/produto\/sr204ef-polidor-espiral-de-diamante-diapro-para-pre-polimento-em-resinas-compostas-ca-para-contra-angulo-intra-oral-dhpro\/#breadcrumb\",\"itemListElement\":[{\"@type\":\"ListItem\",\"position\":1,\"name\":\"In\u00edcio\",\"item\":\"https:\/\/fatordental.com.br\/\"},{\"@type\":\"ListItem\",\"position\":2,\"name\":\"Produtos\",\"item\":\"https:\/\/fatordental.com.br\/index.php\/produtos\/\"},{\"@type\":\"ListItem\",\"position\":3,\"name\":\"SR204EF | Polidor Espiral de Diamante DIAPRO para Pr\u00e9 Polimento em Resinas Compostas | CA \u2013 para Contra \u00c2ngulo \u2013 Intra Oral &#8211; Dhpro\"}]},{\"@type\":\"WebSite\",\"@id\":\"https:\/\/fatordental.com.br\/#website\",\"url\":\"https:\/\/fatordental.com.br\/\",\"name\":\"Fator Dental\",\"description\":\"Produtos Ondontol\u00f3gicos\",\"publisher\":{\"@id\":\"https:\/\/fatordental.com.br\/#organization\"},\"potentialAction\":[{\"@type\":\"SearchAction\",\"target\":{\"@type\":\"EntryPoint\",\"urlTemplate\":\"https:\/\/fatordental.com.br\/?s={search_term_string}\"},\"query-input\":{\"@type\":\"PropertyValueSpecification\",\"valueRequired\":true,\"valueName\":\"search_term_string\"}}],\"inLanguage\":\"pt-BR\"},{\"@type\":\"Organization\",\"@id\":\"https:\/\/fatordental.com.br\/#organization\",\"name\":\"Fator Dental\",\"url\":\"https:\/\/fatordental.com.br\/\",\"logo\":{\"@type\":\"ImageObject\",\"inLanguage\":\"pt-BR\",\"@id\":\"https:\/\/fatordental.com.br\/#\/schema\/logo\/image\/\",\"url\":\"https:\/\/fatordental.com.br\/wp-content\/uploads\/2023\/02\/logo_fator.png\",\"contentUrl\":\"https:\/\/fatordental.com.br\/wp-content\/uploads\/2023\/02\/logo_fator.png\",\"width\":400,\"height\":256,\"caption\":\"Fator Dental\"},\"image\":{\"@id\":\"https:\/\/fatordental.com.br\/#\/schema\/logo\/image\/\"},\"sameAs\":[\"https:\/\/www.instagram.com\/fatordental\/\"]}]}<\/script>\n<!-- \/ Yoast SEO plugin. -->","yoast_head_json":{"title":"SR204EF | Polidor Espiral de Diamante DIAPRO para Pr\u00e9 Polimento em Resinas Compostas | CA \u2013 para Contra \u00c2ngulo \u2013 Intra Oral - Dhpro - Fator Dental","robots":{"index":"index","follow":"follow","max-snippet":"max-snippet:-1","max-image-preview":"max-image-preview:large","max-video-preview":"max-video-preview:-1"},"canonical":"https:\/\/fatordental.com.br\/index.php\/produto\/sr204ef-polidor-espiral-de-diamante-diapro-para-pre-polimento-em-resinas-compostas-ca-para-contra-angulo-intra-oral-dhpro\/","og_locale":"pt_BR","og_type":"article","og_title":"SR204EF | Polidor Espiral de Diamante DIAPRO para Pr\u00e9 Polimento em Resinas Compostas | CA \u2013 para Contra \u00c2ngulo \u2013 Intra Oral - Dhpro - Fator Dental","og_description":"Embalagem com 1 unidade. DETALHES &#8211; Pr\u00e9 Polimento para Resina Foto &#8211; Material de diamante Dhpro, aglomerado com resina &#8211; Formato Espiral com Di\u00e2metro 14mm &#8211; Rota\u00e7\u00e3o m\u00e1xima:\u00a08.000rpm &#8211; Registro [&hellip;]","og_url":"https:\/\/fatordental.com.br\/index.php\/produto\/sr204ef-polidor-espiral-de-diamante-diapro-para-pre-polimento-em-resinas-compostas-ca-para-contra-angulo-intra-oral-dhpro\/","og_site_name":"Fator Dental","og_image":[{"width":580,"height":674,"url":"https:\/\/fatordental.com.br\/wp-content\/uploads\/2022\/11\/WhatsApp-Image-2022-11-15-at-18.00.04.jpeg","type":"image\/jpeg"}],"twitter_card":"summary_large_image","schema":{"@context":"https:\/\/schema.org","@graph":[{"@type":"WebPage","@id":"https:\/\/fatordental.com.br\/index.php\/produto\/sr204ef-polidor-espiral-de-diamante-diapro-para-pre-polimento-em-resinas-compostas-ca-para-contra-angulo-intra-oral-dhpro\/","url":"https:\/\/fatordental.com.br\/index.php\/produto\/sr204ef-polidor-espiral-de-diamante-diapro-para-pre-polimento-em-resinas-compostas-ca-para-contra-angulo-intra-oral-dhpro\/","name":"SR204EF | Polidor Espiral de Diamante DIAPRO para Pr\u00e9 Polimento em Resinas Compostas | CA \u2013 para Contra \u00c2ngulo \u2013 Intra Oral - Dhpro - Fator Dental","isPartOf":{"@id":"https:\/\/fatordental.com.br\/#website"},"primaryImageOfPage":{"@id":"https:\/\/fatordental.com.br\/index.php\/produto\/sr204ef-polidor-espiral-de-diamante-diapro-para-pre-polimento-em-resinas-compostas-ca-para-contra-angulo-intra-oral-dhpro\/#primaryimage"},"image":{"@id":"https:\/\/fatordental.com.br\/index.php\/produto\/sr204ef-polidor-espiral-de-diamante-diapro-para-pre-polimento-em-resinas-compostas-ca-para-contra-angulo-intra-oral-dhpro\/#primaryimage"},"thumbnailUrl":"https:\/\/fatordental.com.br\/wp-content\/uploads\/2022\/11\/WhatsApp-Image-2022-11-15-at-18.00.04.jpeg","datePublished":"2022-11-15T21:01:24+00:00","breadcrumb":{"@id":"https:\/\/fatordental.com.br\/index.php\/produto\/sr204ef-polidor-espiral-de-diamante-diapro-para-pre-polimento-em-resinas-compostas-ca-para-contra-angulo-intra-oral-dhpro\/#breadcrumb"},"inLanguage":"pt-BR","potentialAction":[{"@type":"ReadAction","target":["https:\/\/fatordental.com.br\/index.php\/produto\/sr204ef-polidor-espiral-de-diamante-diapro-para-pre-polimento-em-resinas-compostas-ca-para-contra-angulo-intra-oral-dhpro\/"]}]},{"@type":"ImageObject","inLanguage":"pt-BR","@id":"https:\/\/fatordental.com.br\/index.php\/produto\/sr204ef-polidor-espiral-de-diamante-diapro-para-pre-polimento-em-resinas-compostas-ca-para-contra-angulo-intra-oral-dhpro\/#primaryimage","url":"https:\/\/fatordental.com.br\/wp-content\/uploads\/2022\/11\/WhatsApp-Image-2022-11-15-at-18.00.04.jpeg","contentUrl":"https:\/\/fatordental.com.br\/wp-content\/uploads\/2022\/11\/WhatsApp-Image-2022-11-15-at-18.00.04.jpeg","width":580,"height":674},{"@type":"BreadcrumbList","@id":"https:\/\/fatordental.com.br\/index.php\/produto\/sr204ef-polidor-espiral-de-diamante-diapro-para-pre-polimento-em-resinas-compostas-ca-para-contra-angulo-intra-oral-dhpro\/#breadcrumb","itemListElement":[{"@type":"ListItem","position":1,"name":"In\u00edcio","item":"https:\/\/fatordental.com.br\/"},{"@type":"ListItem","position":2,"name":"Produtos","item":"https:\/\/fatordental.com.br\/index.php\/produtos\/"},{"@type":"ListItem","position":3,"name":"SR204EF | Polidor Espiral de Diamante DIAPRO para Pr\u00e9 Polimento em Resinas Compostas | CA \u2013 para Contra \u00c2ngulo \u2013 Intra Oral &#8211; Dhpro"}]},{"@type":"WebSite","@id":"https:\/\/fatordental.com.br\/#website","url":"https:\/\/fatordental.com.br\/","name":"Fator Dental","description":"Produtos Ondontol\u00f3gicos","publisher":{"@id":"https:\/\/fatordental.com.br\/#organization"},"potentialAction":[{"@type":"SearchAction","target":{"@type":"EntryPoint","urlTemplate":"https:\/\/fatordental.com.br\/?s={search_term_string}"},"query-input":{"@type":"PropertyValueSpecification","valueRequired":true,"valueName":"search_term_string"}}],"inLanguage":"pt-BR"},{"@type":"Organization","@id":"https:\/\/fatordental.com.br\/#organization","name":"Fator Dental","url":"https:\/\/fatordental.com.br\/","logo":{"@type":"ImageObject","inLanguage":"pt-BR","@id":"https:\/\/fatordental.com.br\/#\/schema\/logo\/image\/","url":"https:\/\/fatordental.com.br\/wp-content\/uploads\/2023\/02\/logo_fator.png","contentUrl":"https:\/\/fatordental.com.br\/wp-content\/uploads\/2023\/02\/logo_fator.png","width":400,"height":256,"caption":"Fator Dental"},"image":{"@id":"https:\/\/fatordental.com.br\/#\/schema\/logo\/image\/"},"sameAs":["https:\/\/www.instagram.com\/fatordental\/"]}]}},"_links":{"self":[{"href":"https:\/\/fatordental.com.br\/index.php\/wp-json\/wp\/v2\/product\/627","targetHints":{"allow":["GET"]}}],"collection":[{"href":"https:\/\/fatordental.com.br\/index.php\/wp-json\/wp\/v2\/product"}],"about":[{"href":"https:\/\/fatordental.com.br\/index.php\/wp-json\/wp\/v2\/types\/product"}],"wp:featuredmedia":[{"embeddable":true,"href":"https:\/\/fatordental.com.br\/index.php\/wp-json\/wp\/v2\/media\/628"}],"wp:attachment":[{"href":"https:\/\/fatordental.com.br\/index.php\/wp-json\/wp\/v2\/media?parent=627"}],"wp:term":[{"taxonomy":"product_brand","embeddable":true,"href":"https:\/\/fatordental.com.br\/index.php\/wp-json\/wp\/v2\/product_brand?post=627"},{"taxonomy":"product_cat","embeddable":true,"href":"https:\/\/fatordental.com.br\/index.php\/wp-json\/wp\/v2\/product_cat?post=627"},{"taxonomy":"product_tag","embeddable":true,"href":"https:\/\/fatordental.com.br\/index.php\/wp-json\/wp\/v2\/product_tag?post=627"}],"curies":[{"name":"wp","href":"https:\/\/api.w.org\/{rel}","templated":true}]}}