{"id":623,"date":"2022-11-15T17:47:13","date_gmt":"2022-11-15T20:47:13","guid":{"rendered":"https:\/\/fatordental.com.br\/?post_type=product&#038;p=623"},"modified":"2022-11-22T10:55:28","modified_gmt":"2022-11-22T13:55:28","slug":"pasta-para-polimento-de-resina-composta-10g-intra-oral-dhpro","status":"publish","type":"product","link":"https:\/\/fatordental.com.br\/index.php\/produto\/pasta-para-polimento-de-resina-composta-10g-intra-oral-dhpro\/","title":{"rendered":"Pasta para Polimento de Resina Composta 10g | Intra Oral &#8211; Dhpro"},"content":{"rendered":"<p><strong>Embalagem com 1 unidade em 10g.<\/strong><\/p>\n<ul>\n<li><strong>DETALHES<\/strong><\/li>\n<\/ul>\n<p>&#8211; Pasta para Polimento de Resinas Compostas Intra Oral<br \/>\n&#8211; Incr\u00edvel Brilho, Polimento e Lisura de Superf\u00edcie\u00a0 \u00a0 \u00a0 \u00a0 \u00a0 \u00a0 \u00a0 \u00a0 \u00a0 \u00a0 \u00a0 \u00a0 \u00a0 \u00a0 \u00a0 \u00a0 \u00a0 \u00a0 \u00a0 \u00a0 \u00a0 \u00a0 \u00a0 \u00a0 \u00a0 \u00a0 \u00a0 \u00a0 \u00a0 \u00a0 \u00a0 \u00a0 \u00a0 \u00a0 \u00a0 \u00a0 \u00a0 \u00a0 \u00a0 \u00a0 \u00a0 \u00a0 \u00a0 \u00a0 \u00a0 \u00a0 \u00a0 \u00a0 \u00a0 \u00a0 \u00a0 \u00a0 \u00a0 \u00a0 \u00a0 \u00a0 \u00a0 \u00a0 \u00a0 \u00a0 &#8211; Registro MS 80361819004.<\/p>\n<ul>\n<li><strong>APLICA\u00c7\u00c3O<\/strong><\/li>\n<\/ul>\n<div class=\"product-description user-content\">\n<p>Mantenha o frasco sempre fechado, use sempre prote\u00e7\u00e3o adequada para regi\u00e3o dos olhos, face e m\u00e3os. Armazenar e transportar ao abri-go da luz solar, fora de calor, umidade e vapores de solventes org\u00e2nicos. Prepare previamente a regi\u00e3o a ser polida assegurando a correta lisura de superf\u00edcie e o formato final desejado, para tanto utilize discos de lixa flex\u00edveis, brocas multilaminadas, sequ\u00eancia de borrachas abrasivas para o acabamento pr\u00e9vio ao polimento. Para abrir a pasta remova a tampa, destrave girando o embolo da seringa sentido antihorario, aproxime a ponta seringa sobre o substrato e bombeie despejando uma gota da pasta na regi\u00e3o a ser polida espalhe a pasta usando uma escova de nylon macia e ap\u00f3s use para o polimento um feltro de algod\u00e3o desfiado ou uma escova de pelo natural macio com rota\u00e7\u00e3o de 6.000 rpm. Repita o procedimento, se necess\u00e1rio, at\u00e9 obter o efeito desejado. Imediatamente ap\u00f3s dispensar a pasta recoloque a tampa.<\/p>\n<\/div>\n<div class=\"social-share \"><\/div>\n","protected":false},"excerpt":{"rendered":"<p>Embalagem com 1 unidade em 10g. DETALHES &#8211; Pasta para Polimento de Resinas Compostas Intra Oral &#8211; Incr\u00edvel Brilho, Polimento e Lisura de Superf\u00edcie\u00a0 \u00a0 \u00a0 \u00a0 \u00a0 \u00a0 \u00a0 [&hellip;]<\/p>\n","protected":false},"featured_media":624,"template":"","meta":[],"product_brand":[],"product_cat":[75,51],"product_tag":[],"class_list":{"0":"post-623","1":"product","2":"type-product","3":"status-publish","4":"has-post-thumbnail","6":"product_cat-acabamento-e-polimento","7":"product_cat-dentistica-e-estetica","9":"first","10":"instock","11":"featured","12":"shipping-taxable","13":"product-type-simple"},"yoast_head":"<!-- This site is optimized with the Yoast SEO plugin v26.8 - https:\/\/yoast.com\/product\/yoast-seo-wordpress\/ -->\n<title>Pasta para Polimento de Resina Composta 10g | Intra Oral - Dhpro - Fator Dental<\/title>\n<meta name=\"robots\" content=\"index, follow, max-snippet:-1, max-image-preview:large, max-video-preview:-1\" \/>\n<link rel=\"canonical\" href=\"https:\/\/fatordental.com.br\/index.php\/produto\/pasta-para-polimento-de-resina-composta-10g-intra-oral-dhpro\/\" \/>\n<meta property=\"og:locale\" content=\"pt_BR\" \/>\n<meta property=\"og:type\" content=\"article\" \/>\n<meta property=\"og:title\" content=\"Pasta para Polimento de Resina Composta 10g | Intra Oral - Dhpro - Fator Dental\" \/>\n<meta property=\"og:description\" content=\"Embalagem com 1 unidade em 10g. DETALHES &#8211; Pasta para Polimento de Resinas Compostas Intra Oral &#8211; Incr\u00edvel Brilho, Polimento e Lisura de Superf\u00edcie\u00a0 \u00a0 \u00a0 \u00a0 \u00a0 \u00a0 \u00a0 [&hellip;]\" \/>\n<meta property=\"og:url\" content=\"https:\/\/fatordental.com.br\/index.php\/produto\/pasta-para-polimento-de-resina-composta-10g-intra-oral-dhpro\/\" \/>\n<meta property=\"og:site_name\" content=\"Fator Dental\" \/>\n<meta property=\"article:modified_time\" content=\"2022-11-22T13:55:28+00:00\" \/>\n<meta property=\"og:image\" content=\"https:\/\/fatordental.com.br\/wp-content\/uploads\/2022\/11\/WhatsApp-Image-2022-11-15-at-17.45.40.jpeg\" \/>\n\t<meta property=\"og:image:width\" content=\"958\" \/>\n\t<meta property=\"og:image:height\" content=\"1184\" \/>\n\t<meta property=\"og:image:type\" content=\"image\/jpeg\" \/>\n<meta name=\"twitter:card\" content=\"summary_large_image\" \/>\n<meta name=\"twitter:label1\" content=\"Est. tempo de leitura\" \/>\n\t<meta name=\"twitter:data1\" content=\"1 minuto\" \/>\n<script type=\"application\/ld+json\" class=\"yoast-schema-graph\">{\"@context\":\"https:\/\/schema.org\",\"@graph\":[{\"@type\":\"WebPage\",\"@id\":\"https:\/\/fatordental.com.br\/index.php\/produto\/pasta-para-polimento-de-resina-composta-10g-intra-oral-dhpro\/\",\"url\":\"https:\/\/fatordental.com.br\/index.php\/produto\/pasta-para-polimento-de-resina-composta-10g-intra-oral-dhpro\/\",\"name\":\"Pasta para Polimento de Resina Composta 10g | Intra Oral - Dhpro - Fator Dental\",\"isPartOf\":{\"@id\":\"https:\/\/fatordental.com.br\/#website\"},\"primaryImageOfPage\":{\"@id\":\"https:\/\/fatordental.com.br\/index.php\/produto\/pasta-para-polimento-de-resina-composta-10g-intra-oral-dhpro\/#primaryimage\"},\"image\":{\"@id\":\"https:\/\/fatordental.com.br\/index.php\/produto\/pasta-para-polimento-de-resina-composta-10g-intra-oral-dhpro\/#primaryimage\"},\"thumbnailUrl\":\"https:\/\/fatordental.com.br\/wp-content\/uploads\/2022\/11\/WhatsApp-Image-2022-11-15-at-17.45.40.jpeg\",\"datePublished\":\"2022-11-15T20:47:13+00:00\",\"dateModified\":\"2022-11-22T13:55:28+00:00\",\"breadcrumb\":{\"@id\":\"https:\/\/fatordental.com.br\/index.php\/produto\/pasta-para-polimento-de-resina-composta-10g-intra-oral-dhpro\/#breadcrumb\"},\"inLanguage\":\"pt-BR\",\"potentialAction\":[{\"@type\":\"ReadAction\",\"target\":[\"https:\/\/fatordental.com.br\/index.php\/produto\/pasta-para-polimento-de-resina-composta-10g-intra-oral-dhpro\/\"]}]},{\"@type\":\"ImageObject\",\"inLanguage\":\"pt-BR\",\"@id\":\"https:\/\/fatordental.com.br\/index.php\/produto\/pasta-para-polimento-de-resina-composta-10g-intra-oral-dhpro\/#primaryimage\",\"url\":\"https:\/\/fatordental.com.br\/wp-content\/uploads\/2022\/11\/WhatsApp-Image-2022-11-15-at-17.45.40.jpeg\",\"contentUrl\":\"https:\/\/fatordental.com.br\/wp-content\/uploads\/2022\/11\/WhatsApp-Image-2022-11-15-at-17.45.40.jpeg\",\"width\":958,\"height\":1184},{\"@type\":\"BreadcrumbList\",\"@id\":\"https:\/\/fatordental.com.br\/index.php\/produto\/pasta-para-polimento-de-resina-composta-10g-intra-oral-dhpro\/#breadcrumb\",\"itemListElement\":[{\"@type\":\"ListItem\",\"position\":1,\"name\":\"In\u00edcio\",\"item\":\"https:\/\/fatordental.com.br\/\"},{\"@type\":\"ListItem\",\"position\":2,\"name\":\"Produtos\",\"item\":\"https:\/\/fatordental.com.br\/index.php\/produtos\/\"},{\"@type\":\"ListItem\",\"position\":3,\"name\":\"Pasta para Polimento de Resina Composta 10g | Intra Oral &#8211; Dhpro\"}]},{\"@type\":\"WebSite\",\"@id\":\"https:\/\/fatordental.com.br\/#website\",\"url\":\"https:\/\/fatordental.com.br\/\",\"name\":\"Fator Dental\",\"description\":\"Produtos Ondontol\u00f3gicos\",\"publisher\":{\"@id\":\"https:\/\/fatordental.com.br\/#organization\"},\"potentialAction\":[{\"@type\":\"SearchAction\",\"target\":{\"@type\":\"EntryPoint\",\"urlTemplate\":\"https:\/\/fatordental.com.br\/?s={search_term_string}\"},\"query-input\":{\"@type\":\"PropertyValueSpecification\",\"valueRequired\":true,\"valueName\":\"search_term_string\"}}],\"inLanguage\":\"pt-BR\"},{\"@type\":\"Organization\",\"@id\":\"https:\/\/fatordental.com.br\/#organization\",\"name\":\"Fator Dental\",\"url\":\"https:\/\/fatordental.com.br\/\",\"logo\":{\"@type\":\"ImageObject\",\"inLanguage\":\"pt-BR\",\"@id\":\"https:\/\/fatordental.com.br\/#\/schema\/logo\/image\/\",\"url\":\"https:\/\/fatordental.com.br\/wp-content\/uploads\/2023\/02\/logo_fator.png\",\"contentUrl\":\"https:\/\/fatordental.com.br\/wp-content\/uploads\/2023\/02\/logo_fator.png\",\"width\":400,\"height\":256,\"caption\":\"Fator Dental\"},\"image\":{\"@id\":\"https:\/\/fatordental.com.br\/#\/schema\/logo\/image\/\"},\"sameAs\":[\"https:\/\/www.instagram.com\/fatordental\/\"]}]}<\/script>\n<!-- \/ Yoast SEO plugin. -->","yoast_head_json":{"title":"Pasta para Polimento de Resina Composta 10g | Intra Oral - Dhpro - Fator Dental","robots":{"index":"index","follow":"follow","max-snippet":"max-snippet:-1","max-image-preview":"max-image-preview:large","max-video-preview":"max-video-preview:-1"},"canonical":"https:\/\/fatordental.com.br\/index.php\/produto\/pasta-para-polimento-de-resina-composta-10g-intra-oral-dhpro\/","og_locale":"pt_BR","og_type":"article","og_title":"Pasta para Polimento de Resina Composta 10g | Intra Oral - Dhpro - Fator Dental","og_description":"Embalagem com 1 unidade em 10g. DETALHES &#8211; Pasta para Polimento de Resinas Compostas Intra Oral &#8211; Incr\u00edvel Brilho, Polimento e Lisura de Superf\u00edcie\u00a0 \u00a0 \u00a0 \u00a0 \u00a0 \u00a0 \u00a0 [&hellip;]","og_url":"https:\/\/fatordental.com.br\/index.php\/produto\/pasta-para-polimento-de-resina-composta-10g-intra-oral-dhpro\/","og_site_name":"Fator Dental","article_modified_time":"2022-11-22T13:55:28+00:00","og_image":[{"width":958,"height":1184,"url":"https:\/\/fatordental.com.br\/wp-content\/uploads\/2022\/11\/WhatsApp-Image-2022-11-15-at-17.45.40.jpeg","type":"image\/jpeg"}],"twitter_card":"summary_large_image","twitter_misc":{"Est. tempo de leitura":"1 minuto"},"schema":{"@context":"https:\/\/schema.org","@graph":[{"@type":"WebPage","@id":"https:\/\/fatordental.com.br\/index.php\/produto\/pasta-para-polimento-de-resina-composta-10g-intra-oral-dhpro\/","url":"https:\/\/fatordental.com.br\/index.php\/produto\/pasta-para-polimento-de-resina-composta-10g-intra-oral-dhpro\/","name":"Pasta para Polimento de Resina Composta 10g | Intra Oral - Dhpro - Fator Dental","isPartOf":{"@id":"https:\/\/fatordental.com.br\/#website"},"primaryImageOfPage":{"@id":"https:\/\/fatordental.com.br\/index.php\/produto\/pasta-para-polimento-de-resina-composta-10g-intra-oral-dhpro\/#primaryimage"},"image":{"@id":"https:\/\/fatordental.com.br\/index.php\/produto\/pasta-para-polimento-de-resina-composta-10g-intra-oral-dhpro\/#primaryimage"},"thumbnailUrl":"https:\/\/fatordental.com.br\/wp-content\/uploads\/2022\/11\/WhatsApp-Image-2022-11-15-at-17.45.40.jpeg","datePublished":"2022-11-15T20:47:13+00:00","dateModified":"2022-11-22T13:55:28+00:00","breadcrumb":{"@id":"https:\/\/fatordental.com.br\/index.php\/produto\/pasta-para-polimento-de-resina-composta-10g-intra-oral-dhpro\/#breadcrumb"},"inLanguage":"pt-BR","potentialAction":[{"@type":"ReadAction","target":["https:\/\/fatordental.com.br\/index.php\/produto\/pasta-para-polimento-de-resina-composta-10g-intra-oral-dhpro\/"]}]},{"@type":"ImageObject","inLanguage":"pt-BR","@id":"https:\/\/fatordental.com.br\/index.php\/produto\/pasta-para-polimento-de-resina-composta-10g-intra-oral-dhpro\/#primaryimage","url":"https:\/\/fatordental.com.br\/wp-content\/uploads\/2022\/11\/WhatsApp-Image-2022-11-15-at-17.45.40.jpeg","contentUrl":"https:\/\/fatordental.com.br\/wp-content\/uploads\/2022\/11\/WhatsApp-Image-2022-11-15-at-17.45.40.jpeg","width":958,"height":1184},{"@type":"BreadcrumbList","@id":"https:\/\/fatordental.com.br\/index.php\/produto\/pasta-para-polimento-de-resina-composta-10g-intra-oral-dhpro\/#breadcrumb","itemListElement":[{"@type":"ListItem","position":1,"name":"In\u00edcio","item":"https:\/\/fatordental.com.br\/"},{"@type":"ListItem","position":2,"name":"Produtos","item":"https:\/\/fatordental.com.br\/index.php\/produtos\/"},{"@type":"ListItem","position":3,"name":"Pasta para Polimento de Resina Composta 10g | Intra Oral &#8211; Dhpro"}]},{"@type":"WebSite","@id":"https:\/\/fatordental.com.br\/#website","url":"https:\/\/fatordental.com.br\/","name":"Fator Dental","description":"Produtos Ondontol\u00f3gicos","publisher":{"@id":"https:\/\/fatordental.com.br\/#organization"},"potentialAction":[{"@type":"SearchAction","target":{"@type":"EntryPoint","urlTemplate":"https:\/\/fatordental.com.br\/?s={search_term_string}"},"query-input":{"@type":"PropertyValueSpecification","valueRequired":true,"valueName":"search_term_string"}}],"inLanguage":"pt-BR"},{"@type":"Organization","@id":"https:\/\/fatordental.com.br\/#organization","name":"Fator Dental","url":"https:\/\/fatordental.com.br\/","logo":{"@type":"ImageObject","inLanguage":"pt-BR","@id":"https:\/\/fatordental.com.br\/#\/schema\/logo\/image\/","url":"https:\/\/fatordental.com.br\/wp-content\/uploads\/2023\/02\/logo_fator.png","contentUrl":"https:\/\/fatordental.com.br\/wp-content\/uploads\/2023\/02\/logo_fator.png","width":400,"height":256,"caption":"Fator Dental"},"image":{"@id":"https:\/\/fatordental.com.br\/#\/schema\/logo\/image\/"},"sameAs":["https:\/\/www.instagram.com\/fatordental\/"]}]}},"_links":{"self":[{"href":"https:\/\/fatordental.com.br\/index.php\/wp-json\/wp\/v2\/product\/623","targetHints":{"allow":["GET"]}}],"collection":[{"href":"https:\/\/fatordental.com.br\/index.php\/wp-json\/wp\/v2\/product"}],"about":[{"href":"https:\/\/fatordental.com.br\/index.php\/wp-json\/wp\/v2\/types\/product"}],"wp:featuredmedia":[{"embeddable":true,"href":"https:\/\/fatordental.com.br\/index.php\/wp-json\/wp\/v2\/media\/624"}],"wp:attachment":[{"href":"https:\/\/fatordental.com.br\/index.php\/wp-json\/wp\/v2\/media?parent=623"}],"wp:term":[{"taxonomy":"product_brand","embeddable":true,"href":"https:\/\/fatordental.com.br\/index.php\/wp-json\/wp\/v2\/product_brand?post=623"},{"taxonomy":"product_cat","embeddable":true,"href":"https:\/\/fatordental.com.br\/index.php\/wp-json\/wp\/v2\/product_cat?post=623"},{"taxonomy":"product_tag","embeddable":true,"href":"https:\/\/fatordental.com.br\/index.php\/wp-json\/wp\/v2\/product_tag?post=623"}],"curies":[{"name":"wp","href":"https:\/\/api.w.org\/{rel}","templated":true}]}}