{"id":621,"date":"2022-11-15T17:32:43","date_gmt":"2022-11-15T20:32:43","guid":{"rendered":"https:\/\/fatordental.com.br\/?post_type=product&#038;p=621"},"modified":"2022-11-15T17:32:43","modified_gmt":"2022-11-15T20:32:43","slug":"lcomp22-polidor-para-alto-brilho-em-resinas-foto-ceromeros-e-resinas-acrilicas-pm-para-peca-de-mao-reta-extra-oral-dhpro","status":"publish","type":"product","link":"https:\/\/fatordental.com.br\/index.php\/produto\/lcomp22-polidor-para-alto-brilho-em-resinas-foto-ceromeros-e-resinas-acrilicas-pm-para-peca-de-mao-reta-extra-oral-dhpro\/","title":{"rendered":"LCOMP22 | Polidor Para Alto Brilho em Resinas Foto (Cer\u00f4meros) E Resinas Acr\u00edlicas | PM &#8211; Para Pe\u00e7a de M\u00e3o Reta &#8211; Extra Oral &#8211; Dhpro"},"content":{"rendered":"<p><strong>Embalagem com 1 unidade.<\/strong><\/p>\n<ul>\n<li><strong>DETALHES<\/strong><\/li>\n<\/ul>\n<p>&#8211; Abrasivo para Brilho Final de Resina Foto e Resina<\/p>\n<p>&#8211; Uso Exclusivo Laboratorial<\/p>\n<p>&#8211; Rota\u00e7\u00e3o m\u00e1xima 12.000rpm<\/p>\n<p>&#8211; LAN\u00c7AMENTO S\u00c9RIE COMP para ALTO BRILHO em RESINAS FOTO (Cero\u00f4meros) E RESINAS ACR\u00cdLICAS<\/p>\n<p>&#8211; INCR\u00cdVEL LAN\u00c7AMENTO \u2013 PERMITE ACABAMENTO E ALTO BRILHO EM \u00daNICO PASSO \u2013 ALTA DURABILIDADE<\/p>\n<p>&#8211; Sua composi\u00e7\u00e3o especial com part\u00edculas abrasivas super finas e aditivos lip\u00eddicos, assegura rapidamente em \u00fanico passo, remo\u00e7\u00e3o de riscos e INCOMPAR\u00c1VEL BRILHO,<\/p>\n<p>&#8211; Extra Macio, Flex\u00edvel<\/p>\n<p>&#8211; Baixo Aquecimento<\/p>\n<p>&#8211; Excelente Durabilidade<\/p>\n<p>&#8211; Granulometria Ultra Fina<\/p>\n<p>&#8211; Velocidade de Rota\u00e7\u00e3o:7.000 a 12.000 RPM<\/p>\n","protected":false},"excerpt":{"rendered":"<p>Embalagem com 1 unidade. DETALHES &#8211; Abrasivo para Brilho Final de Resina Foto e Resina &#8211; Uso Exclusivo Laboratorial &#8211; Rota\u00e7\u00e3o m\u00e1xima 12.000rpm &#8211; LAN\u00c7AMENTO S\u00c9RIE COMP para ALTO BRILHO [&hellip;]<\/p>\n","protected":false},"featured_media":622,"template":"","meta":[],"product_brand":[],"product_cat":[75,51],"product_tag":[],"class_list":{"0":"post-621","1":"product","2":"type-product","3":"status-publish","4":"has-post-thumbnail","6":"product_cat-acabamento-e-polimento","7":"product_cat-dentistica-e-estetica","9":"first","10":"instock","11":"shipping-taxable","12":"product-type-simple"},"yoast_head":"<!-- This site is optimized with the Yoast SEO plugin v26.8 - https:\/\/yoast.com\/product\/yoast-seo-wordpress\/ -->\n<title>LCOMP22 | Polidor Para Alto Brilho em Resinas Foto (Cer\u00f4meros) E Resinas Acr\u00edlicas | PM - Para Pe\u00e7a de M\u00e3o Reta - Extra Oral - Dhpro - Fator Dental<\/title>\n<meta name=\"robots\" content=\"index, follow, max-snippet:-1, max-image-preview:large, max-video-preview:-1\" \/>\n<link rel=\"canonical\" href=\"https:\/\/fatordental.com.br\/index.php\/produto\/lcomp22-polidor-para-alto-brilho-em-resinas-foto-ceromeros-e-resinas-acrilicas-pm-para-peca-de-mao-reta-extra-oral-dhpro\/\" \/>\n<meta property=\"og:locale\" content=\"pt_BR\" \/>\n<meta property=\"og:type\" content=\"article\" \/>\n<meta property=\"og:title\" content=\"LCOMP22 | Polidor Para Alto Brilho em Resinas Foto (Cer\u00f4meros) E Resinas Acr\u00edlicas | PM - Para Pe\u00e7a de M\u00e3o Reta - Extra Oral - Dhpro - Fator Dental\" \/>\n<meta property=\"og:description\" content=\"Embalagem com 1 unidade. DETALHES &#8211; Abrasivo para Brilho Final de Resina Foto e Resina &#8211; Uso Exclusivo Laboratorial &#8211; Rota\u00e7\u00e3o m\u00e1xima 12.000rpm &#8211; LAN\u00c7AMENTO S\u00c9RIE COMP para ALTO BRILHO [&hellip;]\" \/>\n<meta property=\"og:url\" content=\"https:\/\/fatordental.com.br\/index.php\/produto\/lcomp22-polidor-para-alto-brilho-em-resinas-foto-ceromeros-e-resinas-acrilicas-pm-para-peca-de-mao-reta-extra-oral-dhpro\/\" \/>\n<meta property=\"og:site_name\" content=\"Fator Dental\" \/>\n<meta property=\"og:image\" content=\"https:\/\/fatordental.com.br\/wp-content\/uploads\/2022\/11\/WhatsApp-Image-2022-11-15-at-17.26.03.jpeg\" \/>\n\t<meta property=\"og:image:width\" content=\"972\" \/>\n\t<meta property=\"og:image:height\" content=\"760\" \/>\n\t<meta property=\"og:image:type\" content=\"image\/jpeg\" \/>\n<meta name=\"twitter:card\" content=\"summary_large_image\" \/>\n<meta name=\"twitter:label1\" content=\"Est. tempo de leitura\" \/>\n\t<meta name=\"twitter:data1\" content=\"1 minuto\" \/>\n<script type=\"application\/ld+json\" class=\"yoast-schema-graph\">{\"@context\":\"https:\/\/schema.org\",\"@graph\":[{\"@type\":\"WebPage\",\"@id\":\"https:\/\/fatordental.com.br\/index.php\/produto\/lcomp22-polidor-para-alto-brilho-em-resinas-foto-ceromeros-e-resinas-acrilicas-pm-para-peca-de-mao-reta-extra-oral-dhpro\/\",\"url\":\"https:\/\/fatordental.com.br\/index.php\/produto\/lcomp22-polidor-para-alto-brilho-em-resinas-foto-ceromeros-e-resinas-acrilicas-pm-para-peca-de-mao-reta-extra-oral-dhpro\/\",\"name\":\"LCOMP22 | Polidor Para Alto Brilho em Resinas Foto (Cer\u00f4meros) E Resinas Acr\u00edlicas | PM - Para Pe\u00e7a de M\u00e3o Reta - Extra Oral - Dhpro - Fator Dental\",\"isPartOf\":{\"@id\":\"https:\/\/fatordental.com.br\/#website\"},\"primaryImageOfPage\":{\"@id\":\"https:\/\/fatordental.com.br\/index.php\/produto\/lcomp22-polidor-para-alto-brilho-em-resinas-foto-ceromeros-e-resinas-acrilicas-pm-para-peca-de-mao-reta-extra-oral-dhpro\/#primaryimage\"},\"image\":{\"@id\":\"https:\/\/fatordental.com.br\/index.php\/produto\/lcomp22-polidor-para-alto-brilho-em-resinas-foto-ceromeros-e-resinas-acrilicas-pm-para-peca-de-mao-reta-extra-oral-dhpro\/#primaryimage\"},\"thumbnailUrl\":\"https:\/\/fatordental.com.br\/wp-content\/uploads\/2022\/11\/WhatsApp-Image-2022-11-15-at-17.26.03.jpeg\",\"datePublished\":\"2022-11-15T20:32:43+00:00\",\"breadcrumb\":{\"@id\":\"https:\/\/fatordental.com.br\/index.php\/produto\/lcomp22-polidor-para-alto-brilho-em-resinas-foto-ceromeros-e-resinas-acrilicas-pm-para-peca-de-mao-reta-extra-oral-dhpro\/#breadcrumb\"},\"inLanguage\":\"pt-BR\",\"potentialAction\":[{\"@type\":\"ReadAction\",\"target\":[\"https:\/\/fatordental.com.br\/index.php\/produto\/lcomp22-polidor-para-alto-brilho-em-resinas-foto-ceromeros-e-resinas-acrilicas-pm-para-peca-de-mao-reta-extra-oral-dhpro\/\"]}]},{\"@type\":\"ImageObject\",\"inLanguage\":\"pt-BR\",\"@id\":\"https:\/\/fatordental.com.br\/index.php\/produto\/lcomp22-polidor-para-alto-brilho-em-resinas-foto-ceromeros-e-resinas-acrilicas-pm-para-peca-de-mao-reta-extra-oral-dhpro\/#primaryimage\",\"url\":\"https:\/\/fatordental.com.br\/wp-content\/uploads\/2022\/11\/WhatsApp-Image-2022-11-15-at-17.26.03.jpeg\",\"contentUrl\":\"https:\/\/fatordental.com.br\/wp-content\/uploads\/2022\/11\/WhatsApp-Image-2022-11-15-at-17.26.03.jpeg\",\"width\":972,\"height\":760},{\"@type\":\"BreadcrumbList\",\"@id\":\"https:\/\/fatordental.com.br\/index.php\/produto\/lcomp22-polidor-para-alto-brilho-em-resinas-foto-ceromeros-e-resinas-acrilicas-pm-para-peca-de-mao-reta-extra-oral-dhpro\/#breadcrumb\",\"itemListElement\":[{\"@type\":\"ListItem\",\"position\":1,\"name\":\"In\u00edcio\",\"item\":\"https:\/\/fatordental.com.br\/\"},{\"@type\":\"ListItem\",\"position\":2,\"name\":\"Produtos\",\"item\":\"https:\/\/fatordental.com.br\/index.php\/produtos\/\"},{\"@type\":\"ListItem\",\"position\":3,\"name\":\"LCOMP22 | Polidor Para Alto Brilho em Resinas Foto (Cer\u00f4meros) E Resinas Acr\u00edlicas | PM &#8211; Para Pe\u00e7a de M\u00e3o Reta &#8211; Extra Oral &#8211; Dhpro\"}]},{\"@type\":\"WebSite\",\"@id\":\"https:\/\/fatordental.com.br\/#website\",\"url\":\"https:\/\/fatordental.com.br\/\",\"name\":\"Fator Dental\",\"description\":\"Produtos Ondontol\u00f3gicos\",\"publisher\":{\"@id\":\"https:\/\/fatordental.com.br\/#organization\"},\"potentialAction\":[{\"@type\":\"SearchAction\",\"target\":{\"@type\":\"EntryPoint\",\"urlTemplate\":\"https:\/\/fatordental.com.br\/?s={search_term_string}\"},\"query-input\":{\"@type\":\"PropertyValueSpecification\",\"valueRequired\":true,\"valueName\":\"search_term_string\"}}],\"inLanguage\":\"pt-BR\"},{\"@type\":\"Organization\",\"@id\":\"https:\/\/fatordental.com.br\/#organization\",\"name\":\"Fator Dental\",\"url\":\"https:\/\/fatordental.com.br\/\",\"logo\":{\"@type\":\"ImageObject\",\"inLanguage\":\"pt-BR\",\"@id\":\"https:\/\/fatordental.com.br\/#\/schema\/logo\/image\/\",\"url\":\"https:\/\/fatordental.com.br\/wp-content\/uploads\/2023\/02\/logo_fator.png\",\"contentUrl\":\"https:\/\/fatordental.com.br\/wp-content\/uploads\/2023\/02\/logo_fator.png\",\"width\":400,\"height\":256,\"caption\":\"Fator Dental\"},\"image\":{\"@id\":\"https:\/\/fatordental.com.br\/#\/schema\/logo\/image\/\"},\"sameAs\":[\"https:\/\/www.instagram.com\/fatordental\/\"]}]}<\/script>\n<!-- \/ Yoast SEO plugin. -->","yoast_head_json":{"title":"LCOMP22 | Polidor Para Alto Brilho em Resinas Foto (Cer\u00f4meros) E Resinas Acr\u00edlicas | PM - Para Pe\u00e7a de M\u00e3o Reta - Extra Oral - Dhpro - Fator Dental","robots":{"index":"index","follow":"follow","max-snippet":"max-snippet:-1","max-image-preview":"max-image-preview:large","max-video-preview":"max-video-preview:-1"},"canonical":"https:\/\/fatordental.com.br\/index.php\/produto\/lcomp22-polidor-para-alto-brilho-em-resinas-foto-ceromeros-e-resinas-acrilicas-pm-para-peca-de-mao-reta-extra-oral-dhpro\/","og_locale":"pt_BR","og_type":"article","og_title":"LCOMP22 | Polidor Para Alto Brilho em Resinas Foto (Cer\u00f4meros) E Resinas Acr\u00edlicas | PM - Para Pe\u00e7a de M\u00e3o Reta - Extra Oral - Dhpro - Fator Dental","og_description":"Embalagem com 1 unidade. DETALHES &#8211; Abrasivo para Brilho Final de Resina Foto e Resina &#8211; Uso Exclusivo Laboratorial &#8211; Rota\u00e7\u00e3o m\u00e1xima 12.000rpm &#8211; LAN\u00c7AMENTO S\u00c9RIE COMP para ALTO BRILHO [&hellip;]","og_url":"https:\/\/fatordental.com.br\/index.php\/produto\/lcomp22-polidor-para-alto-brilho-em-resinas-foto-ceromeros-e-resinas-acrilicas-pm-para-peca-de-mao-reta-extra-oral-dhpro\/","og_site_name":"Fator Dental","og_image":[{"width":972,"height":760,"url":"https:\/\/fatordental.com.br\/wp-content\/uploads\/2022\/11\/WhatsApp-Image-2022-11-15-at-17.26.03.jpeg","type":"image\/jpeg"}],"twitter_card":"summary_large_image","twitter_misc":{"Est. tempo de leitura":"1 minuto"},"schema":{"@context":"https:\/\/schema.org","@graph":[{"@type":"WebPage","@id":"https:\/\/fatordental.com.br\/index.php\/produto\/lcomp22-polidor-para-alto-brilho-em-resinas-foto-ceromeros-e-resinas-acrilicas-pm-para-peca-de-mao-reta-extra-oral-dhpro\/","url":"https:\/\/fatordental.com.br\/index.php\/produto\/lcomp22-polidor-para-alto-brilho-em-resinas-foto-ceromeros-e-resinas-acrilicas-pm-para-peca-de-mao-reta-extra-oral-dhpro\/","name":"LCOMP22 | Polidor Para Alto Brilho em Resinas Foto (Cer\u00f4meros) E Resinas Acr\u00edlicas | PM - Para Pe\u00e7a de M\u00e3o Reta - Extra Oral - Dhpro - Fator Dental","isPartOf":{"@id":"https:\/\/fatordental.com.br\/#website"},"primaryImageOfPage":{"@id":"https:\/\/fatordental.com.br\/index.php\/produto\/lcomp22-polidor-para-alto-brilho-em-resinas-foto-ceromeros-e-resinas-acrilicas-pm-para-peca-de-mao-reta-extra-oral-dhpro\/#primaryimage"},"image":{"@id":"https:\/\/fatordental.com.br\/index.php\/produto\/lcomp22-polidor-para-alto-brilho-em-resinas-foto-ceromeros-e-resinas-acrilicas-pm-para-peca-de-mao-reta-extra-oral-dhpro\/#primaryimage"},"thumbnailUrl":"https:\/\/fatordental.com.br\/wp-content\/uploads\/2022\/11\/WhatsApp-Image-2022-11-15-at-17.26.03.jpeg","datePublished":"2022-11-15T20:32:43+00:00","breadcrumb":{"@id":"https:\/\/fatordental.com.br\/index.php\/produto\/lcomp22-polidor-para-alto-brilho-em-resinas-foto-ceromeros-e-resinas-acrilicas-pm-para-peca-de-mao-reta-extra-oral-dhpro\/#breadcrumb"},"inLanguage":"pt-BR","potentialAction":[{"@type":"ReadAction","target":["https:\/\/fatordental.com.br\/index.php\/produto\/lcomp22-polidor-para-alto-brilho-em-resinas-foto-ceromeros-e-resinas-acrilicas-pm-para-peca-de-mao-reta-extra-oral-dhpro\/"]}]},{"@type":"ImageObject","inLanguage":"pt-BR","@id":"https:\/\/fatordental.com.br\/index.php\/produto\/lcomp22-polidor-para-alto-brilho-em-resinas-foto-ceromeros-e-resinas-acrilicas-pm-para-peca-de-mao-reta-extra-oral-dhpro\/#primaryimage","url":"https:\/\/fatordental.com.br\/wp-content\/uploads\/2022\/11\/WhatsApp-Image-2022-11-15-at-17.26.03.jpeg","contentUrl":"https:\/\/fatordental.com.br\/wp-content\/uploads\/2022\/11\/WhatsApp-Image-2022-11-15-at-17.26.03.jpeg","width":972,"height":760},{"@type":"BreadcrumbList","@id":"https:\/\/fatordental.com.br\/index.php\/produto\/lcomp22-polidor-para-alto-brilho-em-resinas-foto-ceromeros-e-resinas-acrilicas-pm-para-peca-de-mao-reta-extra-oral-dhpro\/#breadcrumb","itemListElement":[{"@type":"ListItem","position":1,"name":"In\u00edcio","item":"https:\/\/fatordental.com.br\/"},{"@type":"ListItem","position":2,"name":"Produtos","item":"https:\/\/fatordental.com.br\/index.php\/produtos\/"},{"@type":"ListItem","position":3,"name":"LCOMP22 | Polidor Para Alto Brilho em Resinas Foto (Cer\u00f4meros) E Resinas Acr\u00edlicas | PM &#8211; Para Pe\u00e7a de M\u00e3o Reta &#8211; Extra Oral &#8211; Dhpro"}]},{"@type":"WebSite","@id":"https:\/\/fatordental.com.br\/#website","url":"https:\/\/fatordental.com.br\/","name":"Fator Dental","description":"Produtos Ondontol\u00f3gicos","publisher":{"@id":"https:\/\/fatordental.com.br\/#organization"},"potentialAction":[{"@type":"SearchAction","target":{"@type":"EntryPoint","urlTemplate":"https:\/\/fatordental.com.br\/?s={search_term_string}"},"query-input":{"@type":"PropertyValueSpecification","valueRequired":true,"valueName":"search_term_string"}}],"inLanguage":"pt-BR"},{"@type":"Organization","@id":"https:\/\/fatordental.com.br\/#organization","name":"Fator Dental","url":"https:\/\/fatordental.com.br\/","logo":{"@type":"ImageObject","inLanguage":"pt-BR","@id":"https:\/\/fatordental.com.br\/#\/schema\/logo\/image\/","url":"https:\/\/fatordental.com.br\/wp-content\/uploads\/2023\/02\/logo_fator.png","contentUrl":"https:\/\/fatordental.com.br\/wp-content\/uploads\/2023\/02\/logo_fator.png","width":400,"height":256,"caption":"Fator Dental"},"image":{"@id":"https:\/\/fatordental.com.br\/#\/schema\/logo\/image\/"},"sameAs":["https:\/\/www.instagram.com\/fatordental\/"]}]}},"_links":{"self":[{"href":"https:\/\/fatordental.com.br\/index.php\/wp-json\/wp\/v2\/product\/621","targetHints":{"allow":["GET"]}}],"collection":[{"href":"https:\/\/fatordental.com.br\/index.php\/wp-json\/wp\/v2\/product"}],"about":[{"href":"https:\/\/fatordental.com.br\/index.php\/wp-json\/wp\/v2\/types\/product"}],"wp:featuredmedia":[{"embeddable":true,"href":"https:\/\/fatordental.com.br\/index.php\/wp-json\/wp\/v2\/media\/622"}],"wp:attachment":[{"href":"https:\/\/fatordental.com.br\/index.php\/wp-json\/wp\/v2\/media?parent=621"}],"wp:term":[{"taxonomy":"product_brand","embeddable":true,"href":"https:\/\/fatordental.com.br\/index.php\/wp-json\/wp\/v2\/product_brand?post=621"},{"taxonomy":"product_cat","embeddable":true,"href":"https:\/\/fatordental.com.br\/index.php\/wp-json\/wp\/v2\/product_cat?post=621"},{"taxonomy":"product_tag","embeddable":true,"href":"https:\/\/fatordental.com.br\/index.php\/wp-json\/wp\/v2\/product_tag?post=621"}],"curies":[{"name":"wp","href":"https:\/\/api.w.org\/{rel}","templated":true}]}}