{"id":610,"date":"2022-11-15T16:38:09","date_gmt":"2022-11-15T19:38:09","guid":{"rendered":"https:\/\/fatordental.com.br\/?post_type=product&#038;p=610"},"modified":"2022-11-15T16:38:24","modified_gmt":"2022-11-15T19:38:24","slug":"i22u1l-polidor-abrasivo-de-carbeto-de-silicio-ca-para-contra-angulo-intra-oral-dhpro","status":"publish","type":"product","link":"https:\/\/fatordental.com.br\/index.php\/produto\/i22u1l-polidor-abrasivo-de-carbeto-de-silicio-ca-para-contra-angulo-intra-oral-dhpro\/","title":{"rendered":"I22U1L | Polidor Abrasivo de Carbeto de Silicio | CA \u2013 para Contra \u00c2ngulo \u2013 Intra Oral &#8211; Dhpro"},"content":{"rendered":"<p><strong>Embalagem com 1 unidade.<\/strong><\/p>\n<ul>\n<li><strong>DETALHES<\/strong><\/li>\n<\/ul>\n<p>&#8211; Para Polimento em Restaura\u00e7\u00e3o em Resina Fotopolimeriz\u00e1vel<\/p>\n<p>&#8211; Melhor polidor para RESINA FOTO\u00a0\u00a0E ACRILICOS<\/p>\n<p>&#8211; Sua composi\u00e7\u00e3o especial com part\u00edculas abrasivas super finas e aditivos lip\u00eddicos,\u00a0\u00a0assegura\u00a0\u00a0rapidamente em \u00fanico passo,\u00a0\u00a0remo\u00e7\u00e3o de riscos e INCOMPAR\u00c1VEL BRILHO<\/p>\n<p>&#8211; Extra Macio, Flex\u00edvel<\/p>\n<p>&#8211; Baixo Aquecimento<\/p>\n<p>&#8211; Excelente Durabilidade<\/p>\n<p>&#8211; Granulometria Ultra Fina<\/p>\n<p>&#8211; Velocidade de Rota\u00e7\u00e3o: 7.000 a 12.000 RPM<\/p>\n<p>&#8211; Registro MS 80361810005<\/p>\n<p>&#8211; Rota\u00e7\u00e3o m\u00e1xima 9.000 rpm<\/p>\n<p>&nbsp;<\/p>\n<p>&nbsp;<\/p>\n<p>&nbsp;<\/p>\n<p>&nbsp;<\/p>\n","protected":false},"excerpt":{"rendered":"<p>Embalagem com 1 unidade. DETALHES &#8211; Para Polimento em Restaura\u00e7\u00e3o em Resina Fotopolimeriz\u00e1vel &#8211; Melhor polidor para RESINA FOTO\u00a0\u00a0E ACRILICOS &#8211; Sua composi\u00e7\u00e3o especial com part\u00edculas abrasivas super finas e [&hellip;]<\/p>\n","protected":false},"featured_media":611,"template":"","meta":[],"product_brand":[],"product_cat":[75,51],"product_tag":[],"class_list":{"0":"post-610","1":"product","2":"type-product","3":"status-publish","4":"has-post-thumbnail","6":"product_cat-acabamento-e-polimento","7":"product_cat-dentistica-e-estetica","9":"first","10":"instock","11":"shipping-taxable","12":"product-type-simple"},"yoast_head":"<!-- This site is optimized with the Yoast SEO plugin v26.8 - https:\/\/yoast.com\/product\/yoast-seo-wordpress\/ -->\n<title>I22U1L | Polidor Abrasivo de Carbeto de Silicio | CA \u2013 para Contra \u00c2ngulo \u2013 Intra Oral - Dhpro - Fator Dental<\/title>\n<meta name=\"robots\" content=\"index, follow, max-snippet:-1, max-image-preview:large, max-video-preview:-1\" \/>\n<link rel=\"canonical\" href=\"https:\/\/fatordental.com.br\/index.php\/produto\/i22u1l-polidor-abrasivo-de-carbeto-de-silicio-ca-para-contra-angulo-intra-oral-dhpro\/\" \/>\n<meta property=\"og:locale\" content=\"pt_BR\" \/>\n<meta property=\"og:type\" content=\"article\" \/>\n<meta property=\"og:title\" content=\"I22U1L | Polidor Abrasivo de Carbeto de Silicio | CA \u2013 para Contra \u00c2ngulo \u2013 Intra Oral - Dhpro - Fator Dental\" \/>\n<meta property=\"og:description\" content=\"Embalagem com 1 unidade. DETALHES &#8211; Para Polimento em Restaura\u00e7\u00e3o em Resina Fotopolimeriz\u00e1vel &#8211; Melhor polidor para RESINA FOTO\u00a0\u00a0E ACRILICOS &#8211; Sua composi\u00e7\u00e3o especial com part\u00edculas abrasivas super finas e [&hellip;]\" \/>\n<meta property=\"og:url\" content=\"https:\/\/fatordental.com.br\/index.php\/produto\/i22u1l-polidor-abrasivo-de-carbeto-de-silicio-ca-para-contra-angulo-intra-oral-dhpro\/\" \/>\n<meta property=\"og:site_name\" content=\"Fator Dental\" \/>\n<meta property=\"article:modified_time\" content=\"2022-11-15T19:38:24+00:00\" \/>\n<meta property=\"og:image\" content=\"https:\/\/fatordental.com.br\/wp-content\/uploads\/2022\/11\/WhatsApp-Image-2022-11-15-at-16.26.03.jpeg\" \/>\n\t<meta property=\"og:image:width\" content=\"658\" \/>\n\t<meta property=\"og:image:height\" content=\"987\" \/>\n\t<meta property=\"og:image:type\" content=\"image\/jpeg\" \/>\n<meta name=\"twitter:card\" content=\"summary_large_image\" \/>\n<script type=\"application\/ld+json\" class=\"yoast-schema-graph\">{\"@context\":\"https:\/\/schema.org\",\"@graph\":[{\"@type\":\"WebPage\",\"@id\":\"https:\/\/fatordental.com.br\/index.php\/produto\/i22u1l-polidor-abrasivo-de-carbeto-de-silicio-ca-para-contra-angulo-intra-oral-dhpro\/\",\"url\":\"https:\/\/fatordental.com.br\/index.php\/produto\/i22u1l-polidor-abrasivo-de-carbeto-de-silicio-ca-para-contra-angulo-intra-oral-dhpro\/\",\"name\":\"I22U1L | Polidor Abrasivo de Carbeto de Silicio | CA \u2013 para Contra \u00c2ngulo \u2013 Intra Oral - Dhpro - Fator Dental\",\"isPartOf\":{\"@id\":\"https:\/\/fatordental.com.br\/#website\"},\"primaryImageOfPage\":{\"@id\":\"https:\/\/fatordental.com.br\/index.php\/produto\/i22u1l-polidor-abrasivo-de-carbeto-de-silicio-ca-para-contra-angulo-intra-oral-dhpro\/#primaryimage\"},\"image\":{\"@id\":\"https:\/\/fatordental.com.br\/index.php\/produto\/i22u1l-polidor-abrasivo-de-carbeto-de-silicio-ca-para-contra-angulo-intra-oral-dhpro\/#primaryimage\"},\"thumbnailUrl\":\"https:\/\/fatordental.com.br\/wp-content\/uploads\/2022\/11\/WhatsApp-Image-2022-11-15-at-16.26.03.jpeg\",\"datePublished\":\"2022-11-15T19:38:09+00:00\",\"dateModified\":\"2022-11-15T19:38:24+00:00\",\"breadcrumb\":{\"@id\":\"https:\/\/fatordental.com.br\/index.php\/produto\/i22u1l-polidor-abrasivo-de-carbeto-de-silicio-ca-para-contra-angulo-intra-oral-dhpro\/#breadcrumb\"},\"inLanguage\":\"pt-BR\",\"potentialAction\":[{\"@type\":\"ReadAction\",\"target\":[\"https:\/\/fatordental.com.br\/index.php\/produto\/i22u1l-polidor-abrasivo-de-carbeto-de-silicio-ca-para-contra-angulo-intra-oral-dhpro\/\"]}]},{\"@type\":\"ImageObject\",\"inLanguage\":\"pt-BR\",\"@id\":\"https:\/\/fatordental.com.br\/index.php\/produto\/i22u1l-polidor-abrasivo-de-carbeto-de-silicio-ca-para-contra-angulo-intra-oral-dhpro\/#primaryimage\",\"url\":\"https:\/\/fatordental.com.br\/wp-content\/uploads\/2022\/11\/WhatsApp-Image-2022-11-15-at-16.26.03.jpeg\",\"contentUrl\":\"https:\/\/fatordental.com.br\/wp-content\/uploads\/2022\/11\/WhatsApp-Image-2022-11-15-at-16.26.03.jpeg\",\"width\":658,\"height\":987},{\"@type\":\"BreadcrumbList\",\"@id\":\"https:\/\/fatordental.com.br\/index.php\/produto\/i22u1l-polidor-abrasivo-de-carbeto-de-silicio-ca-para-contra-angulo-intra-oral-dhpro\/#breadcrumb\",\"itemListElement\":[{\"@type\":\"ListItem\",\"position\":1,\"name\":\"In\u00edcio\",\"item\":\"https:\/\/fatordental.com.br\/\"},{\"@type\":\"ListItem\",\"position\":2,\"name\":\"Produtos\",\"item\":\"https:\/\/fatordental.com.br\/index.php\/produtos\/\"},{\"@type\":\"ListItem\",\"position\":3,\"name\":\"I22U1L | Polidor Abrasivo de Carbeto de Silicio | CA \u2013 para Contra \u00c2ngulo \u2013 Intra Oral &#8211; Dhpro\"}]},{\"@type\":\"WebSite\",\"@id\":\"https:\/\/fatordental.com.br\/#website\",\"url\":\"https:\/\/fatordental.com.br\/\",\"name\":\"Fator Dental\",\"description\":\"Produtos Ondontol\u00f3gicos\",\"publisher\":{\"@id\":\"https:\/\/fatordental.com.br\/#organization\"},\"potentialAction\":[{\"@type\":\"SearchAction\",\"target\":{\"@type\":\"EntryPoint\",\"urlTemplate\":\"https:\/\/fatordental.com.br\/?s={search_term_string}\"},\"query-input\":{\"@type\":\"PropertyValueSpecification\",\"valueRequired\":true,\"valueName\":\"search_term_string\"}}],\"inLanguage\":\"pt-BR\"},{\"@type\":\"Organization\",\"@id\":\"https:\/\/fatordental.com.br\/#organization\",\"name\":\"Fator Dental\",\"url\":\"https:\/\/fatordental.com.br\/\",\"logo\":{\"@type\":\"ImageObject\",\"inLanguage\":\"pt-BR\",\"@id\":\"https:\/\/fatordental.com.br\/#\/schema\/logo\/image\/\",\"url\":\"https:\/\/fatordental.com.br\/wp-content\/uploads\/2023\/02\/logo_fator.png\",\"contentUrl\":\"https:\/\/fatordental.com.br\/wp-content\/uploads\/2023\/02\/logo_fator.png\",\"width\":400,\"height\":256,\"caption\":\"Fator Dental\"},\"image\":{\"@id\":\"https:\/\/fatordental.com.br\/#\/schema\/logo\/image\/\"},\"sameAs\":[\"https:\/\/www.instagram.com\/fatordental\/\"]}]}<\/script>\n<!-- \/ Yoast SEO plugin. -->","yoast_head_json":{"title":"I22U1L | Polidor Abrasivo de Carbeto de Silicio | CA \u2013 para Contra \u00c2ngulo \u2013 Intra Oral - Dhpro - Fator Dental","robots":{"index":"index","follow":"follow","max-snippet":"max-snippet:-1","max-image-preview":"max-image-preview:large","max-video-preview":"max-video-preview:-1"},"canonical":"https:\/\/fatordental.com.br\/index.php\/produto\/i22u1l-polidor-abrasivo-de-carbeto-de-silicio-ca-para-contra-angulo-intra-oral-dhpro\/","og_locale":"pt_BR","og_type":"article","og_title":"I22U1L | Polidor Abrasivo de Carbeto de Silicio | CA \u2013 para Contra \u00c2ngulo \u2013 Intra Oral - Dhpro - Fator Dental","og_description":"Embalagem com 1 unidade. DETALHES &#8211; Para Polimento em Restaura\u00e7\u00e3o em Resina Fotopolimeriz\u00e1vel &#8211; Melhor polidor para RESINA FOTO\u00a0\u00a0E ACRILICOS &#8211; Sua composi\u00e7\u00e3o especial com part\u00edculas abrasivas super finas e [&hellip;]","og_url":"https:\/\/fatordental.com.br\/index.php\/produto\/i22u1l-polidor-abrasivo-de-carbeto-de-silicio-ca-para-contra-angulo-intra-oral-dhpro\/","og_site_name":"Fator Dental","article_modified_time":"2022-11-15T19:38:24+00:00","og_image":[{"width":658,"height":987,"url":"https:\/\/fatordental.com.br\/wp-content\/uploads\/2022\/11\/WhatsApp-Image-2022-11-15-at-16.26.03.jpeg","type":"image\/jpeg"}],"twitter_card":"summary_large_image","schema":{"@context":"https:\/\/schema.org","@graph":[{"@type":"WebPage","@id":"https:\/\/fatordental.com.br\/index.php\/produto\/i22u1l-polidor-abrasivo-de-carbeto-de-silicio-ca-para-contra-angulo-intra-oral-dhpro\/","url":"https:\/\/fatordental.com.br\/index.php\/produto\/i22u1l-polidor-abrasivo-de-carbeto-de-silicio-ca-para-contra-angulo-intra-oral-dhpro\/","name":"I22U1L | Polidor Abrasivo de Carbeto de Silicio | CA \u2013 para Contra \u00c2ngulo \u2013 Intra Oral - Dhpro - Fator Dental","isPartOf":{"@id":"https:\/\/fatordental.com.br\/#website"},"primaryImageOfPage":{"@id":"https:\/\/fatordental.com.br\/index.php\/produto\/i22u1l-polidor-abrasivo-de-carbeto-de-silicio-ca-para-contra-angulo-intra-oral-dhpro\/#primaryimage"},"image":{"@id":"https:\/\/fatordental.com.br\/index.php\/produto\/i22u1l-polidor-abrasivo-de-carbeto-de-silicio-ca-para-contra-angulo-intra-oral-dhpro\/#primaryimage"},"thumbnailUrl":"https:\/\/fatordental.com.br\/wp-content\/uploads\/2022\/11\/WhatsApp-Image-2022-11-15-at-16.26.03.jpeg","datePublished":"2022-11-15T19:38:09+00:00","dateModified":"2022-11-15T19:38:24+00:00","breadcrumb":{"@id":"https:\/\/fatordental.com.br\/index.php\/produto\/i22u1l-polidor-abrasivo-de-carbeto-de-silicio-ca-para-contra-angulo-intra-oral-dhpro\/#breadcrumb"},"inLanguage":"pt-BR","potentialAction":[{"@type":"ReadAction","target":["https:\/\/fatordental.com.br\/index.php\/produto\/i22u1l-polidor-abrasivo-de-carbeto-de-silicio-ca-para-contra-angulo-intra-oral-dhpro\/"]}]},{"@type":"ImageObject","inLanguage":"pt-BR","@id":"https:\/\/fatordental.com.br\/index.php\/produto\/i22u1l-polidor-abrasivo-de-carbeto-de-silicio-ca-para-contra-angulo-intra-oral-dhpro\/#primaryimage","url":"https:\/\/fatordental.com.br\/wp-content\/uploads\/2022\/11\/WhatsApp-Image-2022-11-15-at-16.26.03.jpeg","contentUrl":"https:\/\/fatordental.com.br\/wp-content\/uploads\/2022\/11\/WhatsApp-Image-2022-11-15-at-16.26.03.jpeg","width":658,"height":987},{"@type":"BreadcrumbList","@id":"https:\/\/fatordental.com.br\/index.php\/produto\/i22u1l-polidor-abrasivo-de-carbeto-de-silicio-ca-para-contra-angulo-intra-oral-dhpro\/#breadcrumb","itemListElement":[{"@type":"ListItem","position":1,"name":"In\u00edcio","item":"https:\/\/fatordental.com.br\/"},{"@type":"ListItem","position":2,"name":"Produtos","item":"https:\/\/fatordental.com.br\/index.php\/produtos\/"},{"@type":"ListItem","position":3,"name":"I22U1L | Polidor Abrasivo de Carbeto de Silicio | CA \u2013 para Contra \u00c2ngulo \u2013 Intra Oral &#8211; Dhpro"}]},{"@type":"WebSite","@id":"https:\/\/fatordental.com.br\/#website","url":"https:\/\/fatordental.com.br\/","name":"Fator Dental","description":"Produtos Ondontol\u00f3gicos","publisher":{"@id":"https:\/\/fatordental.com.br\/#organization"},"potentialAction":[{"@type":"SearchAction","target":{"@type":"EntryPoint","urlTemplate":"https:\/\/fatordental.com.br\/?s={search_term_string}"},"query-input":{"@type":"PropertyValueSpecification","valueRequired":true,"valueName":"search_term_string"}}],"inLanguage":"pt-BR"},{"@type":"Organization","@id":"https:\/\/fatordental.com.br\/#organization","name":"Fator Dental","url":"https:\/\/fatordental.com.br\/","logo":{"@type":"ImageObject","inLanguage":"pt-BR","@id":"https:\/\/fatordental.com.br\/#\/schema\/logo\/image\/","url":"https:\/\/fatordental.com.br\/wp-content\/uploads\/2023\/02\/logo_fator.png","contentUrl":"https:\/\/fatordental.com.br\/wp-content\/uploads\/2023\/02\/logo_fator.png","width":400,"height":256,"caption":"Fator Dental"},"image":{"@id":"https:\/\/fatordental.com.br\/#\/schema\/logo\/image\/"},"sameAs":["https:\/\/www.instagram.com\/fatordental\/"]}]}},"_links":{"self":[{"href":"https:\/\/fatordental.com.br\/index.php\/wp-json\/wp\/v2\/product\/610","targetHints":{"allow":["GET"]}}],"collection":[{"href":"https:\/\/fatordental.com.br\/index.php\/wp-json\/wp\/v2\/product"}],"about":[{"href":"https:\/\/fatordental.com.br\/index.php\/wp-json\/wp\/v2\/types\/product"}],"wp:featuredmedia":[{"embeddable":true,"href":"https:\/\/fatordental.com.br\/index.php\/wp-json\/wp\/v2\/media\/611"}],"wp:attachment":[{"href":"https:\/\/fatordental.com.br\/index.php\/wp-json\/wp\/v2\/media?parent=610"}],"wp:term":[{"taxonomy":"product_brand","embeddable":true,"href":"https:\/\/fatordental.com.br\/index.php\/wp-json\/wp\/v2\/product_brand?post=610"},{"taxonomy":"product_cat","embeddable":true,"href":"https:\/\/fatordental.com.br\/index.php\/wp-json\/wp\/v2\/product_cat?post=610"},{"taxonomy":"product_tag","embeddable":true,"href":"https:\/\/fatordental.com.br\/index.php\/wp-json\/wp\/v2\/product_tag?post=610"}],"curies":[{"name":"wp","href":"https:\/\/api.w.org\/{rel}","templated":true}]}}