{"id":597,"date":"2022-11-15T15:36:33","date_gmt":"2022-11-15T18:36:33","guid":{"rendered":"https:\/\/fatordental.com.br\/?post_type=product&#038;p=597"},"modified":"2022-11-15T15:36:33","modified_gmt":"2022-11-15T18:36:33","slug":"dbc4021-escova-endodontica-de-profilaxia-ca-para-contra-angulo-intra-oral-dhpro","status":"publish","type":"product","link":"https:\/\/fatordental.com.br\/index.php\/produto\/dbc4021-escova-endodontica-de-profilaxia-ca-para-contra-angulo-intra-oral-dhpro\/","title":{"rendered":"DBC4021 | Escova Endodontica de Profilaxia  | CA \u2013 para Contra \u00c2ngulo \u2013 Intra Oral &#8211; Dhpro"},"content":{"rendered":"<p><strong>Embalagem 1 unidade.<\/strong><\/p>\n<ul>\n<li><strong>DETALHES<\/strong><\/li>\n<\/ul>\n<p><strong>Indica\u00e7\u00e3o:<\/strong>\u00a0Escova para Profilaxia<\/p>\n<p><strong>Composi\u00e7\u00e3o:<\/strong>\u00a0Escova de Nylon especial com haste de lat\u00e3o, norma 316<\/p>\n<p><strong>Precau\u00e7\u00f5es:<\/strong>\u00a0Registro MS: 80361810018<\/p>\n<p><strong>Rota\u00e7\u00e3o m\u00e1xima:<\/strong>\u00a09.000rpm<\/p>\n<p>ESCOVA DE ROBSON &#8211; DHBRUSH<br \/>\nMaterial de Acabamento e Polimento<br \/>\nMS:\u00a080361810018<\/p>\n","protected":false},"excerpt":{"rendered":"<p>Embalagem 1 unidade. DETALHES Indica\u00e7\u00e3o:\u00a0Escova para Profilaxia Composi\u00e7\u00e3o:\u00a0Escova de Nylon especial com haste de lat\u00e3o, norma 316 Precau\u00e7\u00f5es:\u00a0Registro MS: 80361810018 Rota\u00e7\u00e3o m\u00e1xima:\u00a09.000rpm ESCOVA DE ROBSON &#8211; DHBRUSH Material de Acabamento [&hellip;]<\/p>\n","protected":false},"featured_media":598,"template":"","meta":[],"product_brand":[],"product_cat":[75,51],"product_tag":[],"class_list":{"0":"post-597","1":"product","2":"type-product","3":"status-publish","4":"has-post-thumbnail","6":"product_cat-acabamento-e-polimento","7":"product_cat-dentistica-e-estetica","9":"first","10":"instock","11":"shipping-taxable","12":"product-type-simple"},"yoast_head":"<!-- This site is optimized with the Yoast SEO plugin v27.6 - https:\/\/yoast.com\/product\/yoast-seo-wordpress\/ -->\n<title>DBC4021 | Escova Endodontica de Profilaxia | CA \u2013 para Contra \u00c2ngulo \u2013 Intra Oral - Dhpro - Fator Dental<\/title>\n<meta name=\"robots\" content=\"index, follow, max-snippet:-1, max-image-preview:large, max-video-preview:-1\" \/>\n<link rel=\"canonical\" href=\"https:\/\/fatordental.com.br\/index.php\/produto\/dbc4021-escova-endodontica-de-profilaxia-ca-para-contra-angulo-intra-oral-dhpro\/\" \/>\n<meta property=\"og:locale\" content=\"pt_BR\" \/>\n<meta property=\"og:type\" content=\"article\" \/>\n<meta property=\"og:title\" content=\"DBC4021 | Escova Endodontica de Profilaxia | CA \u2013 para Contra \u00c2ngulo \u2013 Intra Oral - Dhpro - Fator Dental\" \/>\n<meta property=\"og:description\" content=\"Embalagem 1 unidade. DETALHES Indica\u00e7\u00e3o:\u00a0Escova para Profilaxia Composi\u00e7\u00e3o:\u00a0Escova de Nylon especial com haste de lat\u00e3o, norma 316 Precau\u00e7\u00f5es:\u00a0Registro MS: 80361810018 Rota\u00e7\u00e3o m\u00e1xima:\u00a09.000rpm ESCOVA DE ROBSON &#8211; DHBRUSH Material de Acabamento [&hellip;]\" \/>\n<meta property=\"og:url\" content=\"https:\/\/fatordental.com.br\/index.php\/produto\/dbc4021-escova-endodontica-de-profilaxia-ca-para-contra-angulo-intra-oral-dhpro\/\" \/>\n<meta property=\"og:site_name\" content=\"Fator Dental\" \/>\n<meta property=\"og:image\" content=\"https:\/\/fatordental.com.br\/wp-content\/uploads\/2022\/11\/WhatsApp-Image-2022-11-15-at-15.29.42.jpeg\" \/>\n\t<meta property=\"og:image:width\" content=\"635\" \/>\n\t<meta property=\"og:image:height\" content=\"859\" \/>\n\t<meta property=\"og:image:type\" content=\"image\/jpeg\" \/>\n<meta name=\"twitter:card\" content=\"summary_large_image\" \/>\n<script type=\"application\/ld+json\" class=\"yoast-schema-graph\">{\"@context\":\"https:\\\/\\\/schema.org\",\"@graph\":[{\"@type\":\"WebPage\",\"@id\":\"https:\\\/\\\/fatordental.com.br\\\/index.php\\\/produto\\\/dbc4021-escova-endodontica-de-profilaxia-ca-para-contra-angulo-intra-oral-dhpro\\\/\",\"url\":\"https:\\\/\\\/fatordental.com.br\\\/index.php\\\/produto\\\/dbc4021-escova-endodontica-de-profilaxia-ca-para-contra-angulo-intra-oral-dhpro\\\/\",\"name\":\"DBC4021 | Escova Endodontica de Profilaxia | CA \u2013 para Contra \u00c2ngulo \u2013 Intra Oral - Dhpro - Fator Dental\",\"isPartOf\":{\"@id\":\"https:\\\/\\\/fatordental.com.br\\\/#website\"},\"primaryImageOfPage\":{\"@id\":\"https:\\\/\\\/fatordental.com.br\\\/index.php\\\/produto\\\/dbc4021-escova-endodontica-de-profilaxia-ca-para-contra-angulo-intra-oral-dhpro\\\/#primaryimage\"},\"image\":{\"@id\":\"https:\\\/\\\/fatordental.com.br\\\/index.php\\\/produto\\\/dbc4021-escova-endodontica-de-profilaxia-ca-para-contra-angulo-intra-oral-dhpro\\\/#primaryimage\"},\"thumbnailUrl\":\"https:\\\/\\\/fatordental.com.br\\\/wp-content\\\/uploads\\\/2022\\\/11\\\/WhatsApp-Image-2022-11-15-at-15.29.42.jpeg\",\"datePublished\":\"2022-11-15T18:36:33+00:00\",\"breadcrumb\":{\"@id\":\"https:\\\/\\\/fatordental.com.br\\\/index.php\\\/produto\\\/dbc4021-escova-endodontica-de-profilaxia-ca-para-contra-angulo-intra-oral-dhpro\\\/#breadcrumb\"},\"inLanguage\":\"pt-BR\",\"potentialAction\":[{\"@type\":\"ReadAction\",\"target\":[\"https:\\\/\\\/fatordental.com.br\\\/index.php\\\/produto\\\/dbc4021-escova-endodontica-de-profilaxia-ca-para-contra-angulo-intra-oral-dhpro\\\/\"]}]},{\"@type\":\"ImageObject\",\"inLanguage\":\"pt-BR\",\"@id\":\"https:\\\/\\\/fatordental.com.br\\\/index.php\\\/produto\\\/dbc4021-escova-endodontica-de-profilaxia-ca-para-contra-angulo-intra-oral-dhpro\\\/#primaryimage\",\"url\":\"https:\\\/\\\/fatordental.com.br\\\/wp-content\\\/uploads\\\/2022\\\/11\\\/WhatsApp-Image-2022-11-15-at-15.29.42.jpeg\",\"contentUrl\":\"https:\\\/\\\/fatordental.com.br\\\/wp-content\\\/uploads\\\/2022\\\/11\\\/WhatsApp-Image-2022-11-15-at-15.29.42.jpeg\",\"width\":635,\"height\":859},{\"@type\":\"BreadcrumbList\",\"@id\":\"https:\\\/\\\/fatordental.com.br\\\/index.php\\\/produto\\\/dbc4021-escova-endodontica-de-profilaxia-ca-para-contra-angulo-intra-oral-dhpro\\\/#breadcrumb\",\"itemListElement\":[{\"@type\":\"ListItem\",\"position\":1,\"name\":\"In\u00edcio\",\"item\":\"https:\\\/\\\/fatordental.com.br\\\/\"},{\"@type\":\"ListItem\",\"position\":2,\"name\":\"Produtos\",\"item\":\"https:\\\/\\\/fatordental.com.br\\\/index.php\\\/produtos\\\/\"},{\"@type\":\"ListItem\",\"position\":3,\"name\":\"DBC4021 | Escova Endodontica de Profilaxia | CA \u2013 para Contra \u00c2ngulo \u2013 Intra Oral &#8211; Dhpro\"}]},{\"@type\":\"WebSite\",\"@id\":\"https:\\\/\\\/fatordental.com.br\\\/#website\",\"url\":\"https:\\\/\\\/fatordental.com.br\\\/\",\"name\":\"Fator Dental\",\"description\":\"Produtos Ondontol\u00f3gicos\",\"publisher\":{\"@id\":\"https:\\\/\\\/fatordental.com.br\\\/#organization\"},\"potentialAction\":[{\"@type\":\"SearchAction\",\"target\":{\"@type\":\"EntryPoint\",\"urlTemplate\":\"https:\\\/\\\/fatordental.com.br\\\/?s={search_term_string}\"},\"query-input\":{\"@type\":\"PropertyValueSpecification\",\"valueRequired\":true,\"valueName\":\"search_term_string\"}}],\"inLanguage\":\"pt-BR\"},{\"@type\":\"Organization\",\"@id\":\"https:\\\/\\\/fatordental.com.br\\\/#organization\",\"name\":\"Fator Dental\",\"url\":\"https:\\\/\\\/fatordental.com.br\\\/\",\"logo\":{\"@type\":\"ImageObject\",\"inLanguage\":\"pt-BR\",\"@id\":\"https:\\\/\\\/fatordental.com.br\\\/#\\\/schema\\\/logo\\\/image\\\/\",\"url\":\"https:\\\/\\\/fatordental.com.br\\\/wp-content\\\/uploads\\\/2023\\\/02\\\/logo_fator.png\",\"contentUrl\":\"https:\\\/\\\/fatordental.com.br\\\/wp-content\\\/uploads\\\/2023\\\/02\\\/logo_fator.png\",\"width\":400,\"height\":256,\"caption\":\"Fator Dental\"},\"image\":{\"@id\":\"https:\\\/\\\/fatordental.com.br\\\/#\\\/schema\\\/logo\\\/image\\\/\"},\"sameAs\":[\"https:\\\/\\\/www.instagram.com\\\/fatordental\\\/\"]}]}<\/script>\n<!-- \/ Yoast SEO plugin. -->","yoast_head_json":{"title":"DBC4021 | Escova Endodontica de Profilaxia | CA \u2013 para Contra \u00c2ngulo \u2013 Intra Oral - Dhpro - Fator Dental","robots":{"index":"index","follow":"follow","max-snippet":"max-snippet:-1","max-image-preview":"max-image-preview:large","max-video-preview":"max-video-preview:-1"},"canonical":"https:\/\/fatordental.com.br\/index.php\/produto\/dbc4021-escova-endodontica-de-profilaxia-ca-para-contra-angulo-intra-oral-dhpro\/","og_locale":"pt_BR","og_type":"article","og_title":"DBC4021 | Escova Endodontica de Profilaxia | CA \u2013 para Contra \u00c2ngulo \u2013 Intra Oral - Dhpro - Fator Dental","og_description":"Embalagem 1 unidade. DETALHES Indica\u00e7\u00e3o:\u00a0Escova para Profilaxia Composi\u00e7\u00e3o:\u00a0Escova de Nylon especial com haste de lat\u00e3o, norma 316 Precau\u00e7\u00f5es:\u00a0Registro MS: 80361810018 Rota\u00e7\u00e3o m\u00e1xima:\u00a09.000rpm ESCOVA DE ROBSON &#8211; DHBRUSH Material de Acabamento [&hellip;]","og_url":"https:\/\/fatordental.com.br\/index.php\/produto\/dbc4021-escova-endodontica-de-profilaxia-ca-para-contra-angulo-intra-oral-dhpro\/","og_site_name":"Fator Dental","og_image":[{"width":635,"height":859,"url":"https:\/\/fatordental.com.br\/wp-content\/uploads\/2022\/11\/WhatsApp-Image-2022-11-15-at-15.29.42.jpeg","type":"image\/jpeg"}],"twitter_card":"summary_large_image","schema":{"@context":"https:\/\/schema.org","@graph":[{"@type":"WebPage","@id":"https:\/\/fatordental.com.br\/index.php\/produto\/dbc4021-escova-endodontica-de-profilaxia-ca-para-contra-angulo-intra-oral-dhpro\/","url":"https:\/\/fatordental.com.br\/index.php\/produto\/dbc4021-escova-endodontica-de-profilaxia-ca-para-contra-angulo-intra-oral-dhpro\/","name":"DBC4021 | Escova Endodontica de Profilaxia | CA \u2013 para Contra \u00c2ngulo \u2013 Intra Oral - Dhpro - Fator Dental","isPartOf":{"@id":"https:\/\/fatordental.com.br\/#website"},"primaryImageOfPage":{"@id":"https:\/\/fatordental.com.br\/index.php\/produto\/dbc4021-escova-endodontica-de-profilaxia-ca-para-contra-angulo-intra-oral-dhpro\/#primaryimage"},"image":{"@id":"https:\/\/fatordental.com.br\/index.php\/produto\/dbc4021-escova-endodontica-de-profilaxia-ca-para-contra-angulo-intra-oral-dhpro\/#primaryimage"},"thumbnailUrl":"https:\/\/fatordental.com.br\/wp-content\/uploads\/2022\/11\/WhatsApp-Image-2022-11-15-at-15.29.42.jpeg","datePublished":"2022-11-15T18:36:33+00:00","breadcrumb":{"@id":"https:\/\/fatordental.com.br\/index.php\/produto\/dbc4021-escova-endodontica-de-profilaxia-ca-para-contra-angulo-intra-oral-dhpro\/#breadcrumb"},"inLanguage":"pt-BR","potentialAction":[{"@type":"ReadAction","target":["https:\/\/fatordental.com.br\/index.php\/produto\/dbc4021-escova-endodontica-de-profilaxia-ca-para-contra-angulo-intra-oral-dhpro\/"]}]},{"@type":"ImageObject","inLanguage":"pt-BR","@id":"https:\/\/fatordental.com.br\/index.php\/produto\/dbc4021-escova-endodontica-de-profilaxia-ca-para-contra-angulo-intra-oral-dhpro\/#primaryimage","url":"https:\/\/fatordental.com.br\/wp-content\/uploads\/2022\/11\/WhatsApp-Image-2022-11-15-at-15.29.42.jpeg","contentUrl":"https:\/\/fatordental.com.br\/wp-content\/uploads\/2022\/11\/WhatsApp-Image-2022-11-15-at-15.29.42.jpeg","width":635,"height":859},{"@type":"BreadcrumbList","@id":"https:\/\/fatordental.com.br\/index.php\/produto\/dbc4021-escova-endodontica-de-profilaxia-ca-para-contra-angulo-intra-oral-dhpro\/#breadcrumb","itemListElement":[{"@type":"ListItem","position":1,"name":"In\u00edcio","item":"https:\/\/fatordental.com.br\/"},{"@type":"ListItem","position":2,"name":"Produtos","item":"https:\/\/fatordental.com.br\/index.php\/produtos\/"},{"@type":"ListItem","position":3,"name":"DBC4021 | Escova Endodontica de Profilaxia | CA \u2013 para Contra \u00c2ngulo \u2013 Intra Oral &#8211; Dhpro"}]},{"@type":"WebSite","@id":"https:\/\/fatordental.com.br\/#website","url":"https:\/\/fatordental.com.br\/","name":"Fator Dental","description":"Produtos Ondontol\u00f3gicos","publisher":{"@id":"https:\/\/fatordental.com.br\/#organization"},"potentialAction":[{"@type":"SearchAction","target":{"@type":"EntryPoint","urlTemplate":"https:\/\/fatordental.com.br\/?s={search_term_string}"},"query-input":{"@type":"PropertyValueSpecification","valueRequired":true,"valueName":"search_term_string"}}],"inLanguage":"pt-BR"},{"@type":"Organization","@id":"https:\/\/fatordental.com.br\/#organization","name":"Fator Dental","url":"https:\/\/fatordental.com.br\/","logo":{"@type":"ImageObject","inLanguage":"pt-BR","@id":"https:\/\/fatordental.com.br\/#\/schema\/logo\/image\/","url":"https:\/\/fatordental.com.br\/wp-content\/uploads\/2023\/02\/logo_fator.png","contentUrl":"https:\/\/fatordental.com.br\/wp-content\/uploads\/2023\/02\/logo_fator.png","width":400,"height":256,"caption":"Fator Dental"},"image":{"@id":"https:\/\/fatordental.com.br\/#\/schema\/logo\/image\/"},"sameAs":["https:\/\/www.instagram.com\/fatordental\/"]}]}},"_links":{"self":[{"href":"https:\/\/fatordental.com.br\/index.php\/wp-json\/wp\/v2\/product\/597","targetHints":{"allow":["GET"]}}],"collection":[{"href":"https:\/\/fatordental.com.br\/index.php\/wp-json\/wp\/v2\/product"}],"about":[{"href":"https:\/\/fatordental.com.br\/index.php\/wp-json\/wp\/v2\/types\/product"}],"wp:featuredmedia":[{"embeddable":true,"href":"https:\/\/fatordental.com.br\/index.php\/wp-json\/wp\/v2\/media\/598"}],"wp:attachment":[{"href":"https:\/\/fatordental.com.br\/index.php\/wp-json\/wp\/v2\/media?parent=597"}],"wp:term":[{"taxonomy":"product_brand","embeddable":true,"href":"https:\/\/fatordental.com.br\/index.php\/wp-json\/wp\/v2\/product_brand?post=597"},{"taxonomy":"product_cat","embeddable":true,"href":"https:\/\/fatordental.com.br\/index.php\/wp-json\/wp\/v2\/product_cat?post=597"},{"taxonomy":"product_tag","embeddable":true,"href":"https:\/\/fatordental.com.br\/index.php\/wp-json\/wp\/v2\/product_tag?post=597"}],"curies":[{"name":"wp","href":"https:\/\/api.w.org\/{rel}","templated":true}]}}