{"id":593,"date":"2022-11-15T15:04:27","date_gmt":"2022-11-15T18:04:27","guid":{"rendered":"https:\/\/fatordental.com.br\/?post_type=product&#038;p=593"},"modified":"2022-12-29T14:19:17","modified_gmt":"2022-12-29T17:19:17","slug":"kit-diak1310-disco-flexivel-de-nano-diamante-para-regiao-cervical-ca-para-contra-angulo-intra-oral-dhpro","status":"publish","type":"product","link":"https:\/\/fatordental.com.br\/index.php\/produto\/kit-diak1310-disco-flexivel-de-nano-diamante-para-regiao-cervical-ca-para-contra-angulo-intra-oral-dhpro\/","title":{"rendered":"KIT DIAK1310 | Discos Para Polimentos Flex\u00edveis de Nano Diamante Para Regi\u00e3o Cervical | CA \u2013 para Contra \u00c2ngulo \u2013 Intra Oral. &#8211; Dhpro"},"content":{"rendered":"<p><strong>Embalagem com 24 lixas e 1 mandril<\/strong><\/p>\n<ul>\n<li><strong>DETALHES\u00a0 \u00a0<\/strong><\/li>\n<\/ul>\n<p><strong>Indica\u00e7\u00e3o:<\/strong>\u00a0Pr\u00e9-Polimento e Alto Brilho em resinas foto e cer\u00e2mica<\/p>\n<p><strong>Composi\u00e7\u00e3o:<\/strong>\u00a0Pr\u00e9-Polimento e Alto Brilho em resinas foto e cer\u00e2mica<\/p>\n<p><strong>Precau\u00e7\u00f5es:<\/strong>\u00a0Registro: 80787850014<\/p>\n<p><strong>Rota\u00e7\u00e3o m\u00e1xima:<\/strong>\u00a03.000 rpm<\/p>\n<p><strong>Mais detalhes:<\/strong><\/p>\n<p><strong>DIAPRO &#8211; Nano Tecnologia<\/strong><\/p>\n<p><strong>DISCOS FLEX\u00cdVEIS DE NANO DIAMANTE\u2013EXCLUSIVIDADE DHPRO<\/strong><\/p>\n<p>Pela primeira vez um disco incrivelmente fino capaz de proporcionar\u00a0<strong>INCOPAR\u00c1VEL BRILHO SEM DESGASTE<\/strong>,\u00a0tanto em Resina Foto quanto em Cer\u00e2mica.<\/p>\n<p>&#8211; Sua composi\u00e7\u00e3o especial de\u00a0<strong><em>nano<\/em><\/strong>\u00a0part\u00edculas de diamante supera qualquer brilho em diversos materiais como Resina Foto e Cer\u00e2micas.<\/p>\n<p>&#8211; Sua espessura com costado incrivelmente fino 0,03 mm \u00e9 capaz de promover processo de Acabamento Dental sem promover desgastes, mantendo a anatomia alcan\u00e7ada com outras brocas e polidores,<br \/>\n-A Primeira Lixa de Diamante do mundo, foi desenvolvida com mat\u00e9ria prima 100% importada, fabricada pela empresa MAXIMUSINST ODONT, sediada em Contagem.<\/p>\n","protected":false},"excerpt":{"rendered":"<p>Embalagem com 24 lixas e 1 mandril DETALHES\u00a0 \u00a0 Indica\u00e7\u00e3o:\u00a0Pr\u00e9-Polimento e Alto Brilho em resinas foto e cer\u00e2mica Composi\u00e7\u00e3o:\u00a0Pr\u00e9-Polimento e Alto Brilho em resinas foto e cer\u00e2mica Precau\u00e7\u00f5es:\u00a0Registro: 80787850014 Rota\u00e7\u00e3o [&hellip;]<\/p>\n","protected":false},"featured_media":594,"template":"","meta":[],"product_brand":[],"product_cat":[75,51,59],"product_tag":[],"class_list":{"0":"post-593","1":"product","2":"type-product","3":"status-publish","4":"has-post-thumbnail","6":"product_cat-acabamento-e-polimento","7":"product_cat-dentistica-e-estetica","8":"product_cat-disco-de-lixa","10":"first","11":"instock","12":"shipping-taxable","13":"product-type-simple"},"yoast_head":"<!-- This site is optimized with the Yoast SEO plugin v27.6 - https:\/\/yoast.com\/product\/yoast-seo-wordpress\/ -->\n<title>KIT DIAK1310 | Discos Para Polimentos Flex\u00edveis de Nano Diamante Para Regi\u00e3o Cervical | CA \u2013 para Contra \u00c2ngulo \u2013 Intra Oral. - Dhpro - Fator Dental<\/title>\n<meta name=\"robots\" content=\"index, follow, max-snippet:-1, max-image-preview:large, max-video-preview:-1\" \/>\n<link rel=\"canonical\" href=\"https:\/\/fatordental.com.br\/index.php\/produto\/kit-diak1310-disco-flexivel-de-nano-diamante-para-regiao-cervical-ca-para-contra-angulo-intra-oral-dhpro\/\" \/>\n<meta property=\"og:locale\" content=\"pt_BR\" \/>\n<meta property=\"og:type\" content=\"article\" \/>\n<meta property=\"og:title\" content=\"KIT DIAK1310 | Discos Para Polimentos Flex\u00edveis de Nano Diamante Para Regi\u00e3o Cervical | CA \u2013 para Contra \u00c2ngulo \u2013 Intra Oral. - Dhpro - Fator Dental\" \/>\n<meta property=\"og:description\" content=\"Embalagem com 24 lixas e 1 mandril DETALHES\u00a0 \u00a0 Indica\u00e7\u00e3o:\u00a0Pr\u00e9-Polimento e Alto Brilho em resinas foto e cer\u00e2mica Composi\u00e7\u00e3o:\u00a0Pr\u00e9-Polimento e Alto Brilho em resinas foto e cer\u00e2mica Precau\u00e7\u00f5es:\u00a0Registro: 80787850014 Rota\u00e7\u00e3o [&hellip;]\" \/>\n<meta property=\"og:url\" content=\"https:\/\/fatordental.com.br\/index.php\/produto\/kit-diak1310-disco-flexivel-de-nano-diamante-para-regiao-cervical-ca-para-contra-angulo-intra-oral-dhpro\/\" \/>\n<meta property=\"og:site_name\" content=\"Fator Dental\" \/>\n<meta property=\"article:modified_time\" content=\"2022-12-29T17:19:17+00:00\" \/>\n<meta property=\"og:image\" content=\"https:\/\/fatordental.com.br\/wp-content\/uploads\/2022\/11\/WhatsApp-Image-2022-11-15-at-14.58.56.jpeg\" \/>\n\t<meta property=\"og:image:width\" content=\"1014\" \/>\n\t<meta property=\"og:image:height\" content=\"960\" \/>\n\t<meta property=\"og:image:type\" content=\"image\/jpeg\" \/>\n<meta name=\"twitter:card\" content=\"summary_large_image\" \/>\n<meta name=\"twitter:label1\" content=\"Est. tempo de leitura\" \/>\n\t<meta name=\"twitter:data1\" content=\"1 minuto\" \/>\n<script type=\"application\/ld+json\" class=\"yoast-schema-graph\">{\"@context\":\"https:\\\/\\\/schema.org\",\"@graph\":[{\"@type\":\"WebPage\",\"@id\":\"https:\\\/\\\/fatordental.com.br\\\/index.php\\\/produto\\\/kit-diak1310-disco-flexivel-de-nano-diamante-para-regiao-cervical-ca-para-contra-angulo-intra-oral-dhpro\\\/\",\"url\":\"https:\\\/\\\/fatordental.com.br\\\/index.php\\\/produto\\\/kit-diak1310-disco-flexivel-de-nano-diamante-para-regiao-cervical-ca-para-contra-angulo-intra-oral-dhpro\\\/\",\"name\":\"KIT DIAK1310 | Discos Para Polimentos Flex\u00edveis de Nano Diamante Para Regi\u00e3o Cervical | CA \u2013 para Contra \u00c2ngulo \u2013 Intra Oral. - Dhpro - Fator Dental\",\"isPartOf\":{\"@id\":\"https:\\\/\\\/fatordental.com.br\\\/#website\"},\"primaryImageOfPage\":{\"@id\":\"https:\\\/\\\/fatordental.com.br\\\/index.php\\\/produto\\\/kit-diak1310-disco-flexivel-de-nano-diamante-para-regiao-cervical-ca-para-contra-angulo-intra-oral-dhpro\\\/#primaryimage\"},\"image\":{\"@id\":\"https:\\\/\\\/fatordental.com.br\\\/index.php\\\/produto\\\/kit-diak1310-disco-flexivel-de-nano-diamante-para-regiao-cervical-ca-para-contra-angulo-intra-oral-dhpro\\\/#primaryimage\"},\"thumbnailUrl\":\"https:\\\/\\\/fatordental.com.br\\\/wp-content\\\/uploads\\\/2022\\\/11\\\/WhatsApp-Image-2022-11-15-at-14.58.56.jpeg\",\"datePublished\":\"2022-11-15T18:04:27+00:00\",\"dateModified\":\"2022-12-29T17:19:17+00:00\",\"breadcrumb\":{\"@id\":\"https:\\\/\\\/fatordental.com.br\\\/index.php\\\/produto\\\/kit-diak1310-disco-flexivel-de-nano-diamante-para-regiao-cervical-ca-para-contra-angulo-intra-oral-dhpro\\\/#breadcrumb\"},\"inLanguage\":\"pt-BR\",\"potentialAction\":[{\"@type\":\"ReadAction\",\"target\":[\"https:\\\/\\\/fatordental.com.br\\\/index.php\\\/produto\\\/kit-diak1310-disco-flexivel-de-nano-diamante-para-regiao-cervical-ca-para-contra-angulo-intra-oral-dhpro\\\/\"]}]},{\"@type\":\"ImageObject\",\"inLanguage\":\"pt-BR\",\"@id\":\"https:\\\/\\\/fatordental.com.br\\\/index.php\\\/produto\\\/kit-diak1310-disco-flexivel-de-nano-diamante-para-regiao-cervical-ca-para-contra-angulo-intra-oral-dhpro\\\/#primaryimage\",\"url\":\"https:\\\/\\\/fatordental.com.br\\\/wp-content\\\/uploads\\\/2022\\\/11\\\/WhatsApp-Image-2022-11-15-at-14.58.56.jpeg\",\"contentUrl\":\"https:\\\/\\\/fatordental.com.br\\\/wp-content\\\/uploads\\\/2022\\\/11\\\/WhatsApp-Image-2022-11-15-at-14.58.56.jpeg\",\"width\":1014,\"height\":960},{\"@type\":\"BreadcrumbList\",\"@id\":\"https:\\\/\\\/fatordental.com.br\\\/index.php\\\/produto\\\/kit-diak1310-disco-flexivel-de-nano-diamante-para-regiao-cervical-ca-para-contra-angulo-intra-oral-dhpro\\\/#breadcrumb\",\"itemListElement\":[{\"@type\":\"ListItem\",\"position\":1,\"name\":\"In\u00edcio\",\"item\":\"https:\\\/\\\/fatordental.com.br\\\/\"},{\"@type\":\"ListItem\",\"position\":2,\"name\":\"Produtos\",\"item\":\"https:\\\/\\\/fatordental.com.br\\\/index.php\\\/produtos\\\/\"},{\"@type\":\"ListItem\",\"position\":3,\"name\":\"KIT DIAK1310 | Discos Para Polimentos Flex\u00edveis de Nano Diamante Para Regi\u00e3o Cervical | CA \u2013 para Contra \u00c2ngulo \u2013 Intra Oral. &#8211; Dhpro\"}]},{\"@type\":\"WebSite\",\"@id\":\"https:\\\/\\\/fatordental.com.br\\\/#website\",\"url\":\"https:\\\/\\\/fatordental.com.br\\\/\",\"name\":\"Fator Dental\",\"description\":\"Produtos Ondontol\u00f3gicos\",\"publisher\":{\"@id\":\"https:\\\/\\\/fatordental.com.br\\\/#organization\"},\"potentialAction\":[{\"@type\":\"SearchAction\",\"target\":{\"@type\":\"EntryPoint\",\"urlTemplate\":\"https:\\\/\\\/fatordental.com.br\\\/?s={search_term_string}\"},\"query-input\":{\"@type\":\"PropertyValueSpecification\",\"valueRequired\":true,\"valueName\":\"search_term_string\"}}],\"inLanguage\":\"pt-BR\"},{\"@type\":\"Organization\",\"@id\":\"https:\\\/\\\/fatordental.com.br\\\/#organization\",\"name\":\"Fator Dental\",\"url\":\"https:\\\/\\\/fatordental.com.br\\\/\",\"logo\":{\"@type\":\"ImageObject\",\"inLanguage\":\"pt-BR\",\"@id\":\"https:\\\/\\\/fatordental.com.br\\\/#\\\/schema\\\/logo\\\/image\\\/\",\"url\":\"https:\\\/\\\/fatordental.com.br\\\/wp-content\\\/uploads\\\/2023\\\/02\\\/logo_fator.png\",\"contentUrl\":\"https:\\\/\\\/fatordental.com.br\\\/wp-content\\\/uploads\\\/2023\\\/02\\\/logo_fator.png\",\"width\":400,\"height\":256,\"caption\":\"Fator Dental\"},\"image\":{\"@id\":\"https:\\\/\\\/fatordental.com.br\\\/#\\\/schema\\\/logo\\\/image\\\/\"},\"sameAs\":[\"https:\\\/\\\/www.instagram.com\\\/fatordental\\\/\"]}]}<\/script>\n<!-- \/ Yoast SEO plugin. -->","yoast_head_json":{"title":"KIT DIAK1310 | Discos Para Polimentos Flex\u00edveis de Nano Diamante Para Regi\u00e3o Cervical | CA \u2013 para Contra \u00c2ngulo \u2013 Intra Oral. - Dhpro - Fator Dental","robots":{"index":"index","follow":"follow","max-snippet":"max-snippet:-1","max-image-preview":"max-image-preview:large","max-video-preview":"max-video-preview:-1"},"canonical":"https:\/\/fatordental.com.br\/index.php\/produto\/kit-diak1310-disco-flexivel-de-nano-diamante-para-regiao-cervical-ca-para-contra-angulo-intra-oral-dhpro\/","og_locale":"pt_BR","og_type":"article","og_title":"KIT DIAK1310 | Discos Para Polimentos Flex\u00edveis de Nano Diamante Para Regi\u00e3o Cervical | CA \u2013 para Contra \u00c2ngulo \u2013 Intra Oral. - Dhpro - Fator Dental","og_description":"Embalagem com 24 lixas e 1 mandril DETALHES\u00a0 \u00a0 Indica\u00e7\u00e3o:\u00a0Pr\u00e9-Polimento e Alto Brilho em resinas foto e cer\u00e2mica Composi\u00e7\u00e3o:\u00a0Pr\u00e9-Polimento e Alto Brilho em resinas foto e cer\u00e2mica Precau\u00e7\u00f5es:\u00a0Registro: 80787850014 Rota\u00e7\u00e3o [&hellip;]","og_url":"https:\/\/fatordental.com.br\/index.php\/produto\/kit-diak1310-disco-flexivel-de-nano-diamante-para-regiao-cervical-ca-para-contra-angulo-intra-oral-dhpro\/","og_site_name":"Fator Dental","article_modified_time":"2022-12-29T17:19:17+00:00","og_image":[{"width":1014,"height":960,"url":"https:\/\/fatordental.com.br\/wp-content\/uploads\/2022\/11\/WhatsApp-Image-2022-11-15-at-14.58.56.jpeg","type":"image\/jpeg"}],"twitter_card":"summary_large_image","twitter_misc":{"Est. tempo de leitura":"1 minuto"},"schema":{"@context":"https:\/\/schema.org","@graph":[{"@type":"WebPage","@id":"https:\/\/fatordental.com.br\/index.php\/produto\/kit-diak1310-disco-flexivel-de-nano-diamante-para-regiao-cervical-ca-para-contra-angulo-intra-oral-dhpro\/","url":"https:\/\/fatordental.com.br\/index.php\/produto\/kit-diak1310-disco-flexivel-de-nano-diamante-para-regiao-cervical-ca-para-contra-angulo-intra-oral-dhpro\/","name":"KIT DIAK1310 | Discos Para Polimentos Flex\u00edveis de Nano Diamante Para Regi\u00e3o Cervical | CA \u2013 para Contra \u00c2ngulo \u2013 Intra Oral. - Dhpro - Fator Dental","isPartOf":{"@id":"https:\/\/fatordental.com.br\/#website"},"primaryImageOfPage":{"@id":"https:\/\/fatordental.com.br\/index.php\/produto\/kit-diak1310-disco-flexivel-de-nano-diamante-para-regiao-cervical-ca-para-contra-angulo-intra-oral-dhpro\/#primaryimage"},"image":{"@id":"https:\/\/fatordental.com.br\/index.php\/produto\/kit-diak1310-disco-flexivel-de-nano-diamante-para-regiao-cervical-ca-para-contra-angulo-intra-oral-dhpro\/#primaryimage"},"thumbnailUrl":"https:\/\/fatordental.com.br\/wp-content\/uploads\/2022\/11\/WhatsApp-Image-2022-11-15-at-14.58.56.jpeg","datePublished":"2022-11-15T18:04:27+00:00","dateModified":"2022-12-29T17:19:17+00:00","breadcrumb":{"@id":"https:\/\/fatordental.com.br\/index.php\/produto\/kit-diak1310-disco-flexivel-de-nano-diamante-para-regiao-cervical-ca-para-contra-angulo-intra-oral-dhpro\/#breadcrumb"},"inLanguage":"pt-BR","potentialAction":[{"@type":"ReadAction","target":["https:\/\/fatordental.com.br\/index.php\/produto\/kit-diak1310-disco-flexivel-de-nano-diamante-para-regiao-cervical-ca-para-contra-angulo-intra-oral-dhpro\/"]}]},{"@type":"ImageObject","inLanguage":"pt-BR","@id":"https:\/\/fatordental.com.br\/index.php\/produto\/kit-diak1310-disco-flexivel-de-nano-diamante-para-regiao-cervical-ca-para-contra-angulo-intra-oral-dhpro\/#primaryimage","url":"https:\/\/fatordental.com.br\/wp-content\/uploads\/2022\/11\/WhatsApp-Image-2022-11-15-at-14.58.56.jpeg","contentUrl":"https:\/\/fatordental.com.br\/wp-content\/uploads\/2022\/11\/WhatsApp-Image-2022-11-15-at-14.58.56.jpeg","width":1014,"height":960},{"@type":"BreadcrumbList","@id":"https:\/\/fatordental.com.br\/index.php\/produto\/kit-diak1310-disco-flexivel-de-nano-diamante-para-regiao-cervical-ca-para-contra-angulo-intra-oral-dhpro\/#breadcrumb","itemListElement":[{"@type":"ListItem","position":1,"name":"In\u00edcio","item":"https:\/\/fatordental.com.br\/"},{"@type":"ListItem","position":2,"name":"Produtos","item":"https:\/\/fatordental.com.br\/index.php\/produtos\/"},{"@type":"ListItem","position":3,"name":"KIT DIAK1310 | Discos Para Polimentos Flex\u00edveis de Nano Diamante Para Regi\u00e3o Cervical | CA \u2013 para Contra \u00c2ngulo \u2013 Intra Oral. &#8211; Dhpro"}]},{"@type":"WebSite","@id":"https:\/\/fatordental.com.br\/#website","url":"https:\/\/fatordental.com.br\/","name":"Fator Dental","description":"Produtos Ondontol\u00f3gicos","publisher":{"@id":"https:\/\/fatordental.com.br\/#organization"},"potentialAction":[{"@type":"SearchAction","target":{"@type":"EntryPoint","urlTemplate":"https:\/\/fatordental.com.br\/?s={search_term_string}"},"query-input":{"@type":"PropertyValueSpecification","valueRequired":true,"valueName":"search_term_string"}}],"inLanguage":"pt-BR"},{"@type":"Organization","@id":"https:\/\/fatordental.com.br\/#organization","name":"Fator Dental","url":"https:\/\/fatordental.com.br\/","logo":{"@type":"ImageObject","inLanguage":"pt-BR","@id":"https:\/\/fatordental.com.br\/#\/schema\/logo\/image\/","url":"https:\/\/fatordental.com.br\/wp-content\/uploads\/2023\/02\/logo_fator.png","contentUrl":"https:\/\/fatordental.com.br\/wp-content\/uploads\/2023\/02\/logo_fator.png","width":400,"height":256,"caption":"Fator Dental"},"image":{"@id":"https:\/\/fatordental.com.br\/#\/schema\/logo\/image\/"},"sameAs":["https:\/\/www.instagram.com\/fatordental\/"]}]}},"_links":{"self":[{"href":"https:\/\/fatordental.com.br\/index.php\/wp-json\/wp\/v2\/product\/593","targetHints":{"allow":["GET"]}}],"collection":[{"href":"https:\/\/fatordental.com.br\/index.php\/wp-json\/wp\/v2\/product"}],"about":[{"href":"https:\/\/fatordental.com.br\/index.php\/wp-json\/wp\/v2\/types\/product"}],"wp:featuredmedia":[{"embeddable":true,"href":"https:\/\/fatordental.com.br\/index.php\/wp-json\/wp\/v2\/media\/594"}],"wp:attachment":[{"href":"https:\/\/fatordental.com.br\/index.php\/wp-json\/wp\/v2\/media?parent=593"}],"wp:term":[{"taxonomy":"product_brand","embeddable":true,"href":"https:\/\/fatordental.com.br\/index.php\/wp-json\/wp\/v2\/product_brand?post=593"},{"taxonomy":"product_cat","embeddable":true,"href":"https:\/\/fatordental.com.br\/index.php\/wp-json\/wp\/v2\/product_cat?post=593"},{"taxonomy":"product_tag","embeddable":true,"href":"https:\/\/fatordental.com.br\/index.php\/wp-json\/wp\/v2\/product_tag?post=593"}],"curies":[{"name":"wp","href":"https:\/\/api.w.org\/{rel}","templated":true}]}}