{"id":585,"date":"2022-11-15T14:14:35","date_gmt":"2022-11-15T17:14:35","guid":{"rendered":"https:\/\/fatordental.com.br\/?post_type=product&#038;p=585"},"modified":"2023-02-04T11:28:49","modified_gmt":"2023-02-04T14:28:49","slug":"luva-cirurgica-esteril-de-latex-com-po-medix","status":"publish","type":"product","link":"https:\/\/fatordental.com.br\/index.php\/produto\/luva-cirurgica-esteril-de-latex-com-po-medix\/","title":{"rendered":"Luva Cir\u00fargica Est\u00e9ril de L\u00e1tex com P\u00f3 Tamanho 6.0 &#8211; Medix"},"content":{"rendered":"<p class=\"value\"><strong>Embalagem com 1 par.<\/strong><\/p>\n<ul>\n<li><strong>DETALHES<\/strong><\/li>\n<\/ul>\n<p>&#8211; Luva cir\u00fargica.<br \/>\n&#8211; Esterilizada por raios gama.<br \/>\n&#8211; Cor: Natural.<br \/>\n&#8211; Material: Borracha 100% natural (l\u00e1tex).<br \/>\n&#8211; Presen\u00e7a de p\u00f3: Com p\u00f3 bioabsorv\u00edvel.<br \/>\n&#8211; Superf\u00edcie: Texturizada na palma da m\u00e3o.<br \/>\n&#8211; Descart\u00e1vel, de uso \u00fanico.<br \/>\n&#8211; Anat\u00f4mica.<br \/>\n&#8211; Punho com acabamento enrolado.<br \/>\n&#8211; Embalada em papel grau cir\u00fargico.<br \/>\n&#8211; Validade: 3 anos.<br \/>\n&#8211; Registro ANVISA: 80495510064<\/p>\n<ul>\n<li><strong>APLICA\u00c7\u00c3O<\/strong><\/li>\n<\/ul>\n<p>A\u00a0<strong>Luva Cir\u00fargica Est\u00e9ril de L\u00e1tex com P\u00f3\u00a0<\/strong>da\u00a0<strong>Medix\u00a0<\/strong>\u00e9 fabricada em l\u00e1tex 100% natural com p\u00f3 bioabsorv\u00edvel e esterilizada por raios gama. Possui formato anat\u00f4mico, que se ajusta perfeitamente as m\u00e3os do profissional durante a realiza\u00e7\u00e3o de procedimentos cir\u00fargicos, al\u00e9m de texturas na palma da m\u00e3o, que proporcionam firmeza para a manipula\u00e7\u00e3o de\u00a0<a href=\"https:\/\/www.dentalcremer.com.br\/instrumentais.html\" target=\"_blank\" rel=\"noopener\">instrumentais<\/a>\u00a0de maneira mais precisa e segura.<\/p>\n<p><img loading=\"lazy\" decoding=\"async\" class=\"\" src=\"https:\/\/www.dentalcremer.com.br\/media\/catalog\/product\/cache\/c3b5b29e8c1d21eae23ef95e6488e369\/t\/a\/tabela-medidas-luva-cirurgica-esteril-latex-com-po-medix.jpg\" alt=\"Luva Cir\u00fargica Est\u00e9ril de L\u00e1tex com P\u00f3 N\u00ba 8 - Medix\" width=\"484\" height=\"484\" \/><\/p>\n<p><strong>Qual a indica\u00e7\u00e3o de Luva Cir\u00fargica Medix?<\/strong><\/p>\n<p>A Luva Cir\u00fargica Medix \u00e9 indicada para a realiza\u00e7\u00e3o de procedimentos cir\u00fargicos em cl\u00ednicas odontol\u00f3gicas e outras \u00e1reas da sa\u00fade. O seu uso protege o profissional e o paciente contra contamina\u00e7\u00f5es cruzadas por agentes biol\u00f3gicos.<\/p>\n","protected":false},"excerpt":{"rendered":"<p>Embalagem com 1 par. DETALHES &#8211; Luva cir\u00fargica. &#8211; Esterilizada por raios gama. &#8211; Cor: Natural. &#8211; Material: Borracha 100% natural (l\u00e1tex). &#8211; Presen\u00e7a de p\u00f3: Com p\u00f3 bioabsorv\u00edvel. &#8211; [&hellip;]<\/p>\n","protected":false},"featured_media":586,"template":"","meta":[],"product_brand":[],"product_cat":[39,48],"product_tag":[],"class_list":{"0":"post-585","1":"product","2":"type-product","3":"status-publish","4":"has-post-thumbnail","6":"product_cat-cirurgia-e-periodontia","7":"product_cat-luva-cirurgica-esteril","9":"first","10":"instock","11":"shipping-taxable","12":"product-type-simple"},"yoast_head":"<!-- This site is optimized with the Yoast SEO plugin v26.8 - https:\/\/yoast.com\/product\/yoast-seo-wordpress\/ -->\n<title>Luva Cir\u00fargica Est\u00e9ril de L\u00e1tex com P\u00f3 Tamanho 6.0 - Medix - Fator Dental<\/title>\n<meta name=\"robots\" content=\"index, follow, max-snippet:-1, max-image-preview:large, max-video-preview:-1\" \/>\n<link rel=\"canonical\" href=\"https:\/\/fatordental.com.br\/index.php\/produto\/luva-cirurgica-esteril-de-latex-com-po-medix\/\" \/>\n<meta property=\"og:locale\" content=\"pt_BR\" \/>\n<meta property=\"og:type\" content=\"article\" \/>\n<meta property=\"og:title\" content=\"Luva Cir\u00fargica Est\u00e9ril de L\u00e1tex com P\u00f3 Tamanho 6.0 - Medix - Fator Dental\" \/>\n<meta property=\"og:description\" content=\"Embalagem com 1 par. DETALHES &#8211; Luva cir\u00fargica. &#8211; Esterilizada por raios gama. &#8211; Cor: Natural. &#8211; Material: Borracha 100% natural (l\u00e1tex). &#8211; Presen\u00e7a de p\u00f3: Com p\u00f3 bioabsorv\u00edvel. &#8211; [&hellip;]\" \/>\n<meta property=\"og:url\" content=\"https:\/\/fatordental.com.br\/index.php\/produto\/luva-cirurgica-esteril-de-latex-com-po-medix\/\" \/>\n<meta property=\"og:site_name\" content=\"Fator Dental\" \/>\n<meta property=\"article:modified_time\" content=\"2023-02-04T14:28:49+00:00\" \/>\n<meta property=\"og:image\" content=\"https:\/\/fatordental.com.br\/wp-content\/uploads\/2022\/11\/WhatsApp-Image-2022-11-15-at-14.10.02.jpeg\" \/>\n\t<meta property=\"og:image:width\" content=\"804\" \/>\n\t<meta property=\"og:image:height\" content=\"1036\" \/>\n\t<meta property=\"og:image:type\" content=\"image\/jpeg\" \/>\n<meta name=\"twitter:card\" content=\"summary_large_image\" \/>\n<meta name=\"twitter:label1\" content=\"Est. tempo de leitura\" \/>\n\t<meta name=\"twitter:data1\" content=\"2 minutos\" \/>\n<script type=\"application\/ld+json\" class=\"yoast-schema-graph\">{\"@context\":\"https:\/\/schema.org\",\"@graph\":[{\"@type\":\"WebPage\",\"@id\":\"https:\/\/fatordental.com.br\/index.php\/produto\/luva-cirurgica-esteril-de-latex-com-po-medix\/\",\"url\":\"https:\/\/fatordental.com.br\/index.php\/produto\/luva-cirurgica-esteril-de-latex-com-po-medix\/\",\"name\":\"Luva Cir\u00fargica Est\u00e9ril de L\u00e1tex com P\u00f3 Tamanho 6.0 - Medix - Fator Dental\",\"isPartOf\":{\"@id\":\"https:\/\/fatordental.com.br\/#website\"},\"primaryImageOfPage\":{\"@id\":\"https:\/\/fatordental.com.br\/index.php\/produto\/luva-cirurgica-esteril-de-latex-com-po-medix\/#primaryimage\"},\"image\":{\"@id\":\"https:\/\/fatordental.com.br\/index.php\/produto\/luva-cirurgica-esteril-de-latex-com-po-medix\/#primaryimage\"},\"thumbnailUrl\":\"https:\/\/fatordental.com.br\/wp-content\/uploads\/2022\/11\/WhatsApp-Image-2022-11-15-at-14.10.02.jpeg\",\"datePublished\":\"2022-11-15T17:14:35+00:00\",\"dateModified\":\"2023-02-04T14:28:49+00:00\",\"breadcrumb\":{\"@id\":\"https:\/\/fatordental.com.br\/index.php\/produto\/luva-cirurgica-esteril-de-latex-com-po-medix\/#breadcrumb\"},\"inLanguage\":\"pt-BR\",\"potentialAction\":[{\"@type\":\"ReadAction\",\"target\":[\"https:\/\/fatordental.com.br\/index.php\/produto\/luva-cirurgica-esteril-de-latex-com-po-medix\/\"]}]},{\"@type\":\"ImageObject\",\"inLanguage\":\"pt-BR\",\"@id\":\"https:\/\/fatordental.com.br\/index.php\/produto\/luva-cirurgica-esteril-de-latex-com-po-medix\/#primaryimage\",\"url\":\"https:\/\/fatordental.com.br\/wp-content\/uploads\/2022\/11\/WhatsApp-Image-2022-11-15-at-14.10.02.jpeg\",\"contentUrl\":\"https:\/\/fatordental.com.br\/wp-content\/uploads\/2022\/11\/WhatsApp-Image-2022-11-15-at-14.10.02.jpeg\",\"width\":804,\"height\":1036},{\"@type\":\"BreadcrumbList\",\"@id\":\"https:\/\/fatordental.com.br\/index.php\/produto\/luva-cirurgica-esteril-de-latex-com-po-medix\/#breadcrumb\",\"itemListElement\":[{\"@type\":\"ListItem\",\"position\":1,\"name\":\"In\u00edcio\",\"item\":\"https:\/\/fatordental.com.br\/\"},{\"@type\":\"ListItem\",\"position\":2,\"name\":\"Produtos\",\"item\":\"https:\/\/fatordental.com.br\/index.php\/produtos\/\"},{\"@type\":\"ListItem\",\"position\":3,\"name\":\"Luva Cir\u00fargica Est\u00e9ril de L\u00e1tex com P\u00f3 Tamanho 6.0 &#8211; Medix\"}]},{\"@type\":\"WebSite\",\"@id\":\"https:\/\/fatordental.com.br\/#website\",\"url\":\"https:\/\/fatordental.com.br\/\",\"name\":\"Fator Dental\",\"description\":\"Produtos Ondontol\u00f3gicos\",\"publisher\":{\"@id\":\"https:\/\/fatordental.com.br\/#organization\"},\"potentialAction\":[{\"@type\":\"SearchAction\",\"target\":{\"@type\":\"EntryPoint\",\"urlTemplate\":\"https:\/\/fatordental.com.br\/?s={search_term_string}\"},\"query-input\":{\"@type\":\"PropertyValueSpecification\",\"valueRequired\":true,\"valueName\":\"search_term_string\"}}],\"inLanguage\":\"pt-BR\"},{\"@type\":\"Organization\",\"@id\":\"https:\/\/fatordental.com.br\/#organization\",\"name\":\"Fator Dental\",\"url\":\"https:\/\/fatordental.com.br\/\",\"logo\":{\"@type\":\"ImageObject\",\"inLanguage\":\"pt-BR\",\"@id\":\"https:\/\/fatordental.com.br\/#\/schema\/logo\/image\/\",\"url\":\"https:\/\/fatordental.com.br\/wp-content\/uploads\/2023\/02\/logo_fator.png\",\"contentUrl\":\"https:\/\/fatordental.com.br\/wp-content\/uploads\/2023\/02\/logo_fator.png\",\"width\":400,\"height\":256,\"caption\":\"Fator Dental\"},\"image\":{\"@id\":\"https:\/\/fatordental.com.br\/#\/schema\/logo\/image\/\"},\"sameAs\":[\"https:\/\/www.instagram.com\/fatordental\/\"]}]}<\/script>\n<!-- \/ Yoast SEO plugin. -->","yoast_head_json":{"title":"Luva Cir\u00fargica Est\u00e9ril de L\u00e1tex com P\u00f3 Tamanho 6.0 - Medix - Fator Dental","robots":{"index":"index","follow":"follow","max-snippet":"max-snippet:-1","max-image-preview":"max-image-preview:large","max-video-preview":"max-video-preview:-1"},"canonical":"https:\/\/fatordental.com.br\/index.php\/produto\/luva-cirurgica-esteril-de-latex-com-po-medix\/","og_locale":"pt_BR","og_type":"article","og_title":"Luva Cir\u00fargica Est\u00e9ril de L\u00e1tex com P\u00f3 Tamanho 6.0 - Medix - Fator Dental","og_description":"Embalagem com 1 par. DETALHES &#8211; Luva cir\u00fargica. &#8211; Esterilizada por raios gama. &#8211; Cor: Natural. &#8211; Material: Borracha 100% natural (l\u00e1tex). &#8211; Presen\u00e7a de p\u00f3: Com p\u00f3 bioabsorv\u00edvel. &#8211; [&hellip;]","og_url":"https:\/\/fatordental.com.br\/index.php\/produto\/luva-cirurgica-esteril-de-latex-com-po-medix\/","og_site_name":"Fator Dental","article_modified_time":"2023-02-04T14:28:49+00:00","og_image":[{"width":804,"height":1036,"url":"https:\/\/fatordental.com.br\/wp-content\/uploads\/2022\/11\/WhatsApp-Image-2022-11-15-at-14.10.02.jpeg","type":"image\/jpeg"}],"twitter_card":"summary_large_image","twitter_misc":{"Est. tempo de leitura":"2 minutos"},"schema":{"@context":"https:\/\/schema.org","@graph":[{"@type":"WebPage","@id":"https:\/\/fatordental.com.br\/index.php\/produto\/luva-cirurgica-esteril-de-latex-com-po-medix\/","url":"https:\/\/fatordental.com.br\/index.php\/produto\/luva-cirurgica-esteril-de-latex-com-po-medix\/","name":"Luva Cir\u00fargica Est\u00e9ril de L\u00e1tex com P\u00f3 Tamanho 6.0 - Medix - Fator Dental","isPartOf":{"@id":"https:\/\/fatordental.com.br\/#website"},"primaryImageOfPage":{"@id":"https:\/\/fatordental.com.br\/index.php\/produto\/luva-cirurgica-esteril-de-latex-com-po-medix\/#primaryimage"},"image":{"@id":"https:\/\/fatordental.com.br\/index.php\/produto\/luva-cirurgica-esteril-de-latex-com-po-medix\/#primaryimage"},"thumbnailUrl":"https:\/\/fatordental.com.br\/wp-content\/uploads\/2022\/11\/WhatsApp-Image-2022-11-15-at-14.10.02.jpeg","datePublished":"2022-11-15T17:14:35+00:00","dateModified":"2023-02-04T14:28:49+00:00","breadcrumb":{"@id":"https:\/\/fatordental.com.br\/index.php\/produto\/luva-cirurgica-esteril-de-latex-com-po-medix\/#breadcrumb"},"inLanguage":"pt-BR","potentialAction":[{"@type":"ReadAction","target":["https:\/\/fatordental.com.br\/index.php\/produto\/luva-cirurgica-esteril-de-latex-com-po-medix\/"]}]},{"@type":"ImageObject","inLanguage":"pt-BR","@id":"https:\/\/fatordental.com.br\/index.php\/produto\/luva-cirurgica-esteril-de-latex-com-po-medix\/#primaryimage","url":"https:\/\/fatordental.com.br\/wp-content\/uploads\/2022\/11\/WhatsApp-Image-2022-11-15-at-14.10.02.jpeg","contentUrl":"https:\/\/fatordental.com.br\/wp-content\/uploads\/2022\/11\/WhatsApp-Image-2022-11-15-at-14.10.02.jpeg","width":804,"height":1036},{"@type":"BreadcrumbList","@id":"https:\/\/fatordental.com.br\/index.php\/produto\/luva-cirurgica-esteril-de-latex-com-po-medix\/#breadcrumb","itemListElement":[{"@type":"ListItem","position":1,"name":"In\u00edcio","item":"https:\/\/fatordental.com.br\/"},{"@type":"ListItem","position":2,"name":"Produtos","item":"https:\/\/fatordental.com.br\/index.php\/produtos\/"},{"@type":"ListItem","position":3,"name":"Luva Cir\u00fargica Est\u00e9ril de L\u00e1tex com P\u00f3 Tamanho 6.0 &#8211; Medix"}]},{"@type":"WebSite","@id":"https:\/\/fatordental.com.br\/#website","url":"https:\/\/fatordental.com.br\/","name":"Fator Dental","description":"Produtos Ondontol\u00f3gicos","publisher":{"@id":"https:\/\/fatordental.com.br\/#organization"},"potentialAction":[{"@type":"SearchAction","target":{"@type":"EntryPoint","urlTemplate":"https:\/\/fatordental.com.br\/?s={search_term_string}"},"query-input":{"@type":"PropertyValueSpecification","valueRequired":true,"valueName":"search_term_string"}}],"inLanguage":"pt-BR"},{"@type":"Organization","@id":"https:\/\/fatordental.com.br\/#organization","name":"Fator Dental","url":"https:\/\/fatordental.com.br\/","logo":{"@type":"ImageObject","inLanguage":"pt-BR","@id":"https:\/\/fatordental.com.br\/#\/schema\/logo\/image\/","url":"https:\/\/fatordental.com.br\/wp-content\/uploads\/2023\/02\/logo_fator.png","contentUrl":"https:\/\/fatordental.com.br\/wp-content\/uploads\/2023\/02\/logo_fator.png","width":400,"height":256,"caption":"Fator Dental"},"image":{"@id":"https:\/\/fatordental.com.br\/#\/schema\/logo\/image\/"},"sameAs":["https:\/\/www.instagram.com\/fatordental\/"]}]}},"_links":{"self":[{"href":"https:\/\/fatordental.com.br\/index.php\/wp-json\/wp\/v2\/product\/585","targetHints":{"allow":["GET"]}}],"collection":[{"href":"https:\/\/fatordental.com.br\/index.php\/wp-json\/wp\/v2\/product"}],"about":[{"href":"https:\/\/fatordental.com.br\/index.php\/wp-json\/wp\/v2\/types\/product"}],"wp:featuredmedia":[{"embeddable":true,"href":"https:\/\/fatordental.com.br\/index.php\/wp-json\/wp\/v2\/media\/586"}],"wp:attachment":[{"href":"https:\/\/fatordental.com.br\/index.php\/wp-json\/wp\/v2\/media?parent=585"}],"wp:term":[{"taxonomy":"product_brand","embeddable":true,"href":"https:\/\/fatordental.com.br\/index.php\/wp-json\/wp\/v2\/product_brand?post=585"},{"taxonomy":"product_cat","embeddable":true,"href":"https:\/\/fatordental.com.br\/index.php\/wp-json\/wp\/v2\/product_cat?post=585"},{"taxonomy":"product_tag","embeddable":true,"href":"https:\/\/fatordental.com.br\/index.php\/wp-json\/wp\/v2\/product_tag?post=585"}],"curies":[{"name":"wp","href":"https:\/\/api.w.org\/{rel}","templated":true}]}}