{"id":546,"date":"2022-11-14T18:12:32","date_gmt":"2022-11-14T21:12:32","guid":{"rendered":"https:\/\/fatordental.com.br\/?post_type=product&#038;p=546"},"modified":"2022-11-15T11:39:16","modified_gmt":"2022-11-15T14:39:16","slug":"solucao-aquosa-de-clorhexidina-2-200ml-reymer","status":"publish","type":"product","link":"https:\/\/fatordental.com.br\/index.php\/produto\/solucao-aquosa-de-clorhexidina-2-200ml-reymer\/","title":{"rendered":"Clorexidina em solu\u00e7\u00e3o 2% em 200ml CLORHEXIN &#8211; Reymer"},"content":{"rendered":"<p><strong>Solu\u00e7\u00e3o em 200ml.<\/strong><\/p>\n<p>&nbsp;<\/p>\n<ul>\n<li><strong>DETALHES<\/strong><\/li>\n<\/ul>\n<div>\n<div class=\"productFullDetail-rootRichText-8vxEo\">&#8211; Principio ativo: Digluconato de Clorhexidina 2%;<br \/>\n&#8211; A caracter\u00edstica fundamental da efic\u00e1cia da clorhexidina \u00e9 sua substantividade, podendo ficar na cavidade bucal por at\u00e9 12 horas;<br \/>\n&#8211; \u00c9 indicado na antissepsia dos preparos cavit\u00e1rios antes das restaura\u00e7\u00f5es e como auxiliar na instrumenta\u00e7\u00e3o endod\u00f4ntica.<\/div>\n<div>&#8211; Antiss\u00e9ptico com efic\u00e1cia superior a maioria dos agentes antibacterianos.<\/div>\n<div>&#8211; Registro M.S.: 80329380002.<\/div>\n<\/div>\n<div><\/div>\n<ul>\n<li><strong>APLICA\u00c7\u00c3O<\/strong><\/li>\n<\/ul>\n<div>Desinfec\u00e7\u00e3o de preparos cavit\u00e1rios: Fazer o preparo cavit\u00e1rio conforme t\u00e9cnica especif\u00edca para esse procedimento.<br \/>\nLimpar a cavidade com CLORHEXIN, usando pincel, micro-aplicador ou com algod\u00e3o. Para remover o excesso de<br \/>\nCLORHEXIN, usar jato de ar. Caso necess\u00e1rio usar \u00e1gua para enxaguar a cavidade.<\/div>\n<div>Auxiliar na instrumenta\u00e7\u00e3o endod\u00f4ntica: Preencher o canal com CLORHEXIN, realizar a instrumenta\u00e7\u00e3o e irrigar com<br \/>\nsoro fisiol\u00f3gico quando houver satura\u00e7\u00e3o. Repetir o procedimento tanto quanto necess\u00e1rio. Ao terminar a instrumenta\u00e7\u00e3o, irrigar com soro fisiol\u00f3gico.<\/div>\n<div><\/div>\n<div><strong>CLORHEXIN SOLU\u00c7\u00c3O:<\/strong><\/div>\n<div>Digluconato de Clorhexidina a 2% , \u00c1gua Desmineralizada.<\/div>\n<p>&nbsp;<\/p>\n<p>&nbsp;<\/p>\n","protected":false},"excerpt":{"rendered":"<p>Solu\u00e7\u00e3o em 200ml. &nbsp; DETALHES &#8211; Principio ativo: Digluconato de Clorhexidina 2%; &#8211; A caracter\u00edstica fundamental da efic\u00e1cia da clorhexidina \u00e9 sua substantividade, podendo ficar na cavidade bucal por at\u00e9 [&hellip;]<\/p>\n","protected":false},"featured_media":547,"template":"","meta":[],"product_brand":[],"product_cat":[29,86],"product_tag":[],"class_list":{"0":"post-546","1":"product","2":"type-product","3":"status-publish","4":"has-post-thumbnail","6":"product_cat-biosseguranca","7":"product_cat-clorexidina-antisseptica","9":"first","10":"instock","11":"shipping-taxable","12":"purchasable","13":"product-type-simple"},"yoast_head":"<!-- This site is optimized with the Yoast SEO plugin v26.8 - https:\/\/yoast.com\/product\/yoast-seo-wordpress\/ -->\n<title>Clorexidina em solu\u00e7\u00e3o 2% em 200ml CLORHEXIN - Reymer - Fator Dental<\/title>\n<meta name=\"robots\" content=\"index, follow, max-snippet:-1, max-image-preview:large, max-video-preview:-1\" \/>\n<link rel=\"canonical\" href=\"https:\/\/fatordental.com.br\/index.php\/produto\/solucao-aquosa-de-clorhexidina-2-200ml-reymer\/\" \/>\n<meta property=\"og:locale\" content=\"pt_BR\" \/>\n<meta property=\"og:type\" content=\"article\" \/>\n<meta property=\"og:title\" content=\"Clorexidina em solu\u00e7\u00e3o 2% em 200ml CLORHEXIN - Reymer - Fator Dental\" \/>\n<meta property=\"og:description\" content=\"Solu\u00e7\u00e3o em 200ml. &nbsp; DETALHES &#8211; Principio ativo: Digluconato de Clorhexidina 2%; &#8211; A caracter\u00edstica fundamental da efic\u00e1cia da clorhexidina \u00e9 sua substantividade, podendo ficar na cavidade bucal por at\u00e9 [&hellip;]\" \/>\n<meta property=\"og:url\" content=\"https:\/\/fatordental.com.br\/index.php\/produto\/solucao-aquosa-de-clorhexidina-2-200ml-reymer\/\" \/>\n<meta property=\"og:site_name\" content=\"Fator Dental\" \/>\n<meta property=\"article:modified_time\" content=\"2022-11-15T14:39:16+00:00\" \/>\n<meta property=\"og:image\" content=\"https:\/\/fatordental.com.br\/wp-content\/uploads\/2022\/11\/WhatsApp-Image-2022-11-14-at-17.59.48.jpeg\" \/>\n\t<meta property=\"og:image:width\" content=\"548\" \/>\n\t<meta property=\"og:image:height\" content=\"720\" \/>\n\t<meta property=\"og:image:type\" content=\"image\/jpeg\" \/>\n<meta name=\"twitter:card\" content=\"summary_large_image\" \/>\n<meta name=\"twitter:label1\" content=\"Est. tempo de leitura\" \/>\n\t<meta name=\"twitter:data1\" content=\"1 minuto\" \/>\n<script type=\"application\/ld+json\" class=\"yoast-schema-graph\">{\"@context\":\"https:\/\/schema.org\",\"@graph\":[{\"@type\":\"WebPage\",\"@id\":\"https:\/\/fatordental.com.br\/index.php\/produto\/solucao-aquosa-de-clorhexidina-2-200ml-reymer\/\",\"url\":\"https:\/\/fatordental.com.br\/index.php\/produto\/solucao-aquosa-de-clorhexidina-2-200ml-reymer\/\",\"name\":\"Clorexidina em solu\u00e7\u00e3o 2% em 200ml CLORHEXIN - Reymer - Fator Dental\",\"isPartOf\":{\"@id\":\"https:\/\/fatordental.com.br\/#website\"},\"primaryImageOfPage\":{\"@id\":\"https:\/\/fatordental.com.br\/index.php\/produto\/solucao-aquosa-de-clorhexidina-2-200ml-reymer\/#primaryimage\"},\"image\":{\"@id\":\"https:\/\/fatordental.com.br\/index.php\/produto\/solucao-aquosa-de-clorhexidina-2-200ml-reymer\/#primaryimage\"},\"thumbnailUrl\":\"https:\/\/fatordental.com.br\/wp-content\/uploads\/2022\/11\/WhatsApp-Image-2022-11-14-at-17.59.48.jpeg\",\"datePublished\":\"2022-11-14T21:12:32+00:00\",\"dateModified\":\"2022-11-15T14:39:16+00:00\",\"breadcrumb\":{\"@id\":\"https:\/\/fatordental.com.br\/index.php\/produto\/solucao-aquosa-de-clorhexidina-2-200ml-reymer\/#breadcrumb\"},\"inLanguage\":\"pt-BR\",\"potentialAction\":[{\"@type\":\"ReadAction\",\"target\":[\"https:\/\/fatordental.com.br\/index.php\/produto\/solucao-aquosa-de-clorhexidina-2-200ml-reymer\/\"]}]},{\"@type\":\"ImageObject\",\"inLanguage\":\"pt-BR\",\"@id\":\"https:\/\/fatordental.com.br\/index.php\/produto\/solucao-aquosa-de-clorhexidina-2-200ml-reymer\/#primaryimage\",\"url\":\"https:\/\/fatordental.com.br\/wp-content\/uploads\/2022\/11\/WhatsApp-Image-2022-11-14-at-17.59.48.jpeg\",\"contentUrl\":\"https:\/\/fatordental.com.br\/wp-content\/uploads\/2022\/11\/WhatsApp-Image-2022-11-14-at-17.59.48.jpeg\",\"width\":548,\"height\":720},{\"@type\":\"BreadcrumbList\",\"@id\":\"https:\/\/fatordental.com.br\/index.php\/produto\/solucao-aquosa-de-clorhexidina-2-200ml-reymer\/#breadcrumb\",\"itemListElement\":[{\"@type\":\"ListItem\",\"position\":1,\"name\":\"In\u00edcio\",\"item\":\"https:\/\/fatordental.com.br\/\"},{\"@type\":\"ListItem\",\"position\":2,\"name\":\"Produtos\",\"item\":\"https:\/\/fatordental.com.br\/index.php\/produtos\/\"},{\"@type\":\"ListItem\",\"position\":3,\"name\":\"Clorexidina em solu\u00e7\u00e3o 2% em 200ml CLORHEXIN &#8211; Reymer\"}]},{\"@type\":\"WebSite\",\"@id\":\"https:\/\/fatordental.com.br\/#website\",\"url\":\"https:\/\/fatordental.com.br\/\",\"name\":\"Fator Dental\",\"description\":\"Produtos Ondontol\u00f3gicos\",\"publisher\":{\"@id\":\"https:\/\/fatordental.com.br\/#organization\"},\"potentialAction\":[{\"@type\":\"SearchAction\",\"target\":{\"@type\":\"EntryPoint\",\"urlTemplate\":\"https:\/\/fatordental.com.br\/?s={search_term_string}\"},\"query-input\":{\"@type\":\"PropertyValueSpecification\",\"valueRequired\":true,\"valueName\":\"search_term_string\"}}],\"inLanguage\":\"pt-BR\"},{\"@type\":\"Organization\",\"@id\":\"https:\/\/fatordental.com.br\/#organization\",\"name\":\"Fator Dental\",\"url\":\"https:\/\/fatordental.com.br\/\",\"logo\":{\"@type\":\"ImageObject\",\"inLanguage\":\"pt-BR\",\"@id\":\"https:\/\/fatordental.com.br\/#\/schema\/logo\/image\/\",\"url\":\"https:\/\/fatordental.com.br\/wp-content\/uploads\/2023\/02\/logo_fator.png\",\"contentUrl\":\"https:\/\/fatordental.com.br\/wp-content\/uploads\/2023\/02\/logo_fator.png\",\"width\":400,\"height\":256,\"caption\":\"Fator Dental\"},\"image\":{\"@id\":\"https:\/\/fatordental.com.br\/#\/schema\/logo\/image\/\"},\"sameAs\":[\"https:\/\/www.instagram.com\/fatordental\/\"]}]}<\/script>\n<!-- \/ Yoast SEO plugin. -->","yoast_head_json":{"title":"Clorexidina em solu\u00e7\u00e3o 2% em 200ml CLORHEXIN - Reymer - Fator Dental","robots":{"index":"index","follow":"follow","max-snippet":"max-snippet:-1","max-image-preview":"max-image-preview:large","max-video-preview":"max-video-preview:-1"},"canonical":"https:\/\/fatordental.com.br\/index.php\/produto\/solucao-aquosa-de-clorhexidina-2-200ml-reymer\/","og_locale":"pt_BR","og_type":"article","og_title":"Clorexidina em solu\u00e7\u00e3o 2% em 200ml CLORHEXIN - Reymer - Fator Dental","og_description":"Solu\u00e7\u00e3o em 200ml. &nbsp; DETALHES &#8211; Principio ativo: Digluconato de Clorhexidina 2%; &#8211; A caracter\u00edstica fundamental da efic\u00e1cia da clorhexidina \u00e9 sua substantividade, podendo ficar na cavidade bucal por at\u00e9 [&hellip;]","og_url":"https:\/\/fatordental.com.br\/index.php\/produto\/solucao-aquosa-de-clorhexidina-2-200ml-reymer\/","og_site_name":"Fator Dental","article_modified_time":"2022-11-15T14:39:16+00:00","og_image":[{"width":548,"height":720,"url":"https:\/\/fatordental.com.br\/wp-content\/uploads\/2022\/11\/WhatsApp-Image-2022-11-14-at-17.59.48.jpeg","type":"image\/jpeg"}],"twitter_card":"summary_large_image","twitter_misc":{"Est. tempo de leitura":"1 minuto"},"schema":{"@context":"https:\/\/schema.org","@graph":[{"@type":"WebPage","@id":"https:\/\/fatordental.com.br\/index.php\/produto\/solucao-aquosa-de-clorhexidina-2-200ml-reymer\/","url":"https:\/\/fatordental.com.br\/index.php\/produto\/solucao-aquosa-de-clorhexidina-2-200ml-reymer\/","name":"Clorexidina em solu\u00e7\u00e3o 2% em 200ml CLORHEXIN - Reymer - Fator Dental","isPartOf":{"@id":"https:\/\/fatordental.com.br\/#website"},"primaryImageOfPage":{"@id":"https:\/\/fatordental.com.br\/index.php\/produto\/solucao-aquosa-de-clorhexidina-2-200ml-reymer\/#primaryimage"},"image":{"@id":"https:\/\/fatordental.com.br\/index.php\/produto\/solucao-aquosa-de-clorhexidina-2-200ml-reymer\/#primaryimage"},"thumbnailUrl":"https:\/\/fatordental.com.br\/wp-content\/uploads\/2022\/11\/WhatsApp-Image-2022-11-14-at-17.59.48.jpeg","datePublished":"2022-11-14T21:12:32+00:00","dateModified":"2022-11-15T14:39:16+00:00","breadcrumb":{"@id":"https:\/\/fatordental.com.br\/index.php\/produto\/solucao-aquosa-de-clorhexidina-2-200ml-reymer\/#breadcrumb"},"inLanguage":"pt-BR","potentialAction":[{"@type":"ReadAction","target":["https:\/\/fatordental.com.br\/index.php\/produto\/solucao-aquosa-de-clorhexidina-2-200ml-reymer\/"]}]},{"@type":"ImageObject","inLanguage":"pt-BR","@id":"https:\/\/fatordental.com.br\/index.php\/produto\/solucao-aquosa-de-clorhexidina-2-200ml-reymer\/#primaryimage","url":"https:\/\/fatordental.com.br\/wp-content\/uploads\/2022\/11\/WhatsApp-Image-2022-11-14-at-17.59.48.jpeg","contentUrl":"https:\/\/fatordental.com.br\/wp-content\/uploads\/2022\/11\/WhatsApp-Image-2022-11-14-at-17.59.48.jpeg","width":548,"height":720},{"@type":"BreadcrumbList","@id":"https:\/\/fatordental.com.br\/index.php\/produto\/solucao-aquosa-de-clorhexidina-2-200ml-reymer\/#breadcrumb","itemListElement":[{"@type":"ListItem","position":1,"name":"In\u00edcio","item":"https:\/\/fatordental.com.br\/"},{"@type":"ListItem","position":2,"name":"Produtos","item":"https:\/\/fatordental.com.br\/index.php\/produtos\/"},{"@type":"ListItem","position":3,"name":"Clorexidina em solu\u00e7\u00e3o 2% em 200ml CLORHEXIN &#8211; Reymer"}]},{"@type":"WebSite","@id":"https:\/\/fatordental.com.br\/#website","url":"https:\/\/fatordental.com.br\/","name":"Fator Dental","description":"Produtos Ondontol\u00f3gicos","publisher":{"@id":"https:\/\/fatordental.com.br\/#organization"},"potentialAction":[{"@type":"SearchAction","target":{"@type":"EntryPoint","urlTemplate":"https:\/\/fatordental.com.br\/?s={search_term_string}"},"query-input":{"@type":"PropertyValueSpecification","valueRequired":true,"valueName":"search_term_string"}}],"inLanguage":"pt-BR"},{"@type":"Organization","@id":"https:\/\/fatordental.com.br\/#organization","name":"Fator Dental","url":"https:\/\/fatordental.com.br\/","logo":{"@type":"ImageObject","inLanguage":"pt-BR","@id":"https:\/\/fatordental.com.br\/#\/schema\/logo\/image\/","url":"https:\/\/fatordental.com.br\/wp-content\/uploads\/2023\/02\/logo_fator.png","contentUrl":"https:\/\/fatordental.com.br\/wp-content\/uploads\/2023\/02\/logo_fator.png","width":400,"height":256,"caption":"Fator Dental"},"image":{"@id":"https:\/\/fatordental.com.br\/#\/schema\/logo\/image\/"},"sameAs":["https:\/\/www.instagram.com\/fatordental\/"]}]}},"_links":{"self":[{"href":"https:\/\/fatordental.com.br\/index.php\/wp-json\/wp\/v2\/product\/546","targetHints":{"allow":["GET"]}}],"collection":[{"href":"https:\/\/fatordental.com.br\/index.php\/wp-json\/wp\/v2\/product"}],"about":[{"href":"https:\/\/fatordental.com.br\/index.php\/wp-json\/wp\/v2\/types\/product"}],"wp:featuredmedia":[{"embeddable":true,"href":"https:\/\/fatordental.com.br\/index.php\/wp-json\/wp\/v2\/media\/547"}],"wp:attachment":[{"href":"https:\/\/fatordental.com.br\/index.php\/wp-json\/wp\/v2\/media?parent=546"}],"wp:term":[{"taxonomy":"product_brand","embeddable":true,"href":"https:\/\/fatordental.com.br\/index.php\/wp-json\/wp\/v2\/product_brand?post=546"},{"taxonomy":"product_cat","embeddable":true,"href":"https:\/\/fatordental.com.br\/index.php\/wp-json\/wp\/v2\/product_cat?post=546"},{"taxonomy":"product_tag","embeddable":true,"href":"https:\/\/fatordental.com.br\/index.php\/wp-json\/wp\/v2\/product_tag?post=546"}],"curies":[{"name":"wp","href":"https:\/\/api.w.org\/{rel}","templated":true}]}}