{"id":534,"date":"2022-11-08T21:35:41","date_gmt":"2022-11-09T00:35:41","guid":{"rendered":"https:\/\/fatordental.com.br\/?post_type=product&#038;p=534"},"modified":"2022-11-22T10:55:36","modified_gmt":"2022-11-22T13:55:36","slug":"kit-resina-filtek-z250-xt-adesivo-single-bond-3m","status":"publish","type":"product","link":"https:\/\/fatordental.com.br\/index.php\/produto\/kit-resina-filtek-z250-xt-adesivo-single-bond-3m\/","title":{"rendered":"Kit Resina Filtek Z250 XT + Adesivo Single Bond &#8211; 3M"},"content":{"rendered":"<p class=\"value\"><strong>Kit com 3 seringas Filtek Z250 XT de 4g (nas cores A1, A2 e A3) e 1 frasco de adesivo com 3ml.<\/strong><\/p>\n<p>&nbsp;<\/p>\n<ul>\n<li><strong>DETALHES<\/strong><\/li>\n<\/ul>\n<p>&#8211; Preenchimento: 2,5mm.<\/p>\n<p>&#8211; Composi\u00e7\u00e3o: BisGMA, TEGDMA, Bisfenol A polietileno glicol di\u00e9ter dimetacrilato, UDMA, Cer\u00e2mica silanizada tratada e s\u00edlica tratada de silano.<\/p>\n<p>&#8211; Resina microh\u00edbrida com nanopart\u00edculas.<\/p>\n<p>&#8211; \u00d3timos resultados est\u00e9ticos.<\/p>\n<p>&#8211; Excelente consist\u00eancia com facilidade para esculpir a restaura\u00e7\u00e3o.<\/p>\n<p>&#8211; Menor incid\u00eancia de sensibilidade p\u00f3s-operat\u00f3ria e menor infiltra\u00e7\u00e3o marginal, devido \u00e0 menor contra\u00e7\u00e3o de polimeriza\u00e7\u00e3o.<\/p>\n<p>&#8211; Sistema simplificado de cor para facilitar o uso no dia a dia.<\/p>\n<p>&#8211; Radiopaca.<\/p>\n<p>&#8211; Alta resist\u00eancia ao desgaste.<\/p>\n<p>&#8211; Carga em zirc\u00f4nia e s\u00edlica que garante elevadas propriedades mec\u00e2nicas.<\/p>\n<p>&#8211; Maior fluoresc\u00eancia.<\/p>\n<p>&#8211; Confian\u00e7a por contar com mais de 12 anos de sucesso cl\u00ednico.<\/p>\n<p>&#8211; Conserva\u00e7\u00e3o: em local seco e em temperatura ambiente.<\/p>\n<p>&#8211; Validade: 3 anos.<\/p>\n<p>&#8211; Registro ANVISA: 80284930263.<\/p>\n<p>&nbsp;<\/p>\n<p><strong>Single Bond Universal<\/strong><\/p>\n<p>&#8211; Tecnologia VMS que possibilita a aplica\u00e7\u00e3o tanto em dentina \u00famida, como tamb\u00e9m em dentina seca.<\/p>\n<p>&#8211; Tampa flip-top que evita a evapora\u00e7\u00e3o e consequentemente o desperd\u00edcio do solvente.<\/p>\n<p>&#8211; N\u00e3o necessita de refrigera\u00e7\u00e3o: armazenamento \u00e0 temperatura ambiente.<\/p>\n<p>&#8211; Alta resist\u00eancia de uni\u00e3o em todas as superf\u00edcies indiretas sem necessidade de primer adicional.<\/p>\n<p>&#8211; Baixo \u00edndice de sensibilidade p\u00f3s-operat\u00f3ria.<\/p>\n<p>&#8211; Excelente integridade marginal para restaura\u00e7\u00f5es est\u00e9ticas.<\/p>\n<p>&#8211; T\u00e9cnica adesiva de sua prefer\u00eancia (condicionamento \u00e1cido total, condicionamento \u00e1cido seletivo em esmalte ou autocondicionante).<\/p>\n<p>&#8211; \u00c1gil procedimento cl\u00ednico: recomenda-se a aplica\u00e7\u00e3o de uma camada de adesivo ativamente durante 20 segundos, jato de ar para evaporar o solvente e fotopolimeriza\u00e7\u00e3o.<\/p>\n<p>&#8211; Validade: 2 anos.<\/p>\n<p>&#8211; Registro ANVISA: 80284930291.<\/p>\n<p>&nbsp;<\/p>\n<ul>\n<li><strong>APLICA\u00c7\u00c3O<\/strong><\/li>\n<\/ul>\n<p>O\u00a0<strong>Kit Resina Filtek Z250 XT + Adesivo Single Bond<\/strong>\u00a0fabricado pela\u00a0<a href=\"https:\/\/www.dentalcremer.com.br\/super-loja\/3m\" target=\"_blank\" rel=\"noopener\"><strong>3M<\/strong>\u00a0<\/a>possui excelente manuseio, com est\u00e9tica simplificada, longevidade e \u00f3timas propriedades.<\/p>\n<p>A\u00a0<strong>Resina Filtek Z250 XT 3M<\/strong>\u00a0presente no kit \u00e9 uma resina microh\u00edbrida de uso universal, indicada para diversos tipos de tratamento, como:<\/p>\n<p>&#8211; Restaura\u00e7\u00f5es diretas em dentes anteriores e posteriores das classes I, II, III, IV e V, incluindo superf\u00edcies oclusais.<\/p>\n<p>&#8211; Restaura\u00e7\u00f5es indiretas (inlays, onlays e facetas).<\/p>\n<p>&#8211; Fechamento de diastemas.<\/p>\n<p>&#8211; Confec\u00e7\u00e3o de n\u00facleos de preenchimento e esplintagem de dentes com mobilidade.<\/p>\n<p>&nbsp;<\/p>\n<p>J\u00e1 o\u00a0<strong>Adesivo Universal Single Bond 3M<\/strong>\u00a0\u00e9 ideal para as seguintes aplica\u00e7\u00f5es:<\/p>\n<p>&#8211; Ades\u00e3o de todas as restaura\u00e7\u00f5es diretas (classes I, II, III, IV e V), n\u00facleo de preenchimento, reparo, selantes de f\u00f3ssulas e fissuras.<\/p>\n<p>&#8211; Primer para metal e cer\u00e2micas n\u00e3o-condicion\u00e1veis (zirc\u00f4nia, por exemplo).<\/p>\n<p>&#8211; Silano para restaura\u00e7\u00f5es em cer\u00e2micas condicion\u00e1veis e resinas indiretas.<\/p>\n<p>&#8211; Cimenta\u00e7\u00e3o de restaura\u00e7\u00f5es indiretas quando utilizado com cimento resinoso adesivo (exemplo: RelyXMR Ultimate, sem a necessidade de um primer ou ativador dual adicional).<\/p>\n<p>&#8211; Cimenta\u00e7\u00e3o de facetas, quando utilizado com cimento RelyXMR Veneer, sem a necessidade de um silano adicional.<\/p>\n<p>&#8211; Dessensibiliza\u00e7\u00e3o de ra\u00edzes expostas.<\/p>\n<p>&#8211; Selamento de cavidades e remanescentes dentais, antes da cimenta\u00e7\u00e3o provis\u00f3ria de restaura\u00e7\u00f5es indiretas.<\/p>\n<p>&#8211; Verniz de prote\u00e7\u00e3o para restaura\u00e7\u00f5es em ion\u00f4mero de vidro.<\/p>\n<p>&nbsp;<\/p>\n<ul>\n<li><strong>VANTAGENS<\/strong><\/li>\n<\/ul>\n<p>&#8211; Conta com f\u00e1cil escultura sem grudar na esp\u00e1tula.<\/p>\n<p>&#8211; N\u00e3o escoa at\u00e9 a fotopolimeriza\u00e7\u00e3o.<\/p>\n<p>&#8211; Propriedades mec\u00e2nicas propiciadas pelo alto conte\u00fado inorg\u00e2nico (84% em peso \/ 68% em volume) de zirc\u00f4nia e s\u00edlica em part\u00edculas esf\u00e9ricas.<\/p>\n<p>&#8211; Alta resist\u00eancia ao desgaste e longevidade, viabilizando a utiliza\u00e7\u00e3o em \u00e1reas extensas e sujeitas a grande esfor\u00e7o mastigat\u00f3rio.<\/p>\n<p>&#8211; Menor incid\u00eancia de sensibilidade p\u00f3s-operat\u00f3ria e infiltra\u00e7\u00e3o marginal.<\/p>\n<p>&#8211; Entre outros.<\/p>\n<p>&nbsp;<\/p>\n<p>&nbsp;<\/p>\n","protected":false},"excerpt":{"rendered":"<p>Kit com 3 seringas Filtek Z250 XT de 4g (nas cores A1, A2 e A3) e 1 frasco de adesivo com 3ml. &nbsp; DETALHES &#8211; Preenchimento: 2,5mm. &#8211; Composi\u00e7\u00e3o: BisGMA, [&hellip;]<\/p>\n","protected":false},"featured_media":535,"template":"","meta":[],"product_brand":[],"product_cat":[77,51,70],"product_tag":[],"class_list":{"0":"post-534","1":"product","2":"type-product","3":"status-publish","4":"has-post-thumbnail","6":"product_cat-adesivo","7":"product_cat-dentistica-e-estetica","8":"product_cat-resina-composta","10":"first","11":"instock","12":"featured","13":"shipping-taxable","14":"product-type-simple"},"yoast_head":"<!-- This site is optimized with the Yoast SEO plugin v26.8 - https:\/\/yoast.com\/product\/yoast-seo-wordpress\/ -->\n<title>Kit Resina Filtek Z250 XT + Adesivo Single Bond - 3M - Fator Dental<\/title>\n<meta name=\"robots\" content=\"index, follow, max-snippet:-1, max-image-preview:large, max-video-preview:-1\" \/>\n<link rel=\"canonical\" href=\"https:\/\/fatordental.com.br\/index.php\/produto\/kit-resina-filtek-z250-xt-adesivo-single-bond-3m\/\" \/>\n<meta property=\"og:locale\" content=\"pt_BR\" \/>\n<meta property=\"og:type\" content=\"article\" \/>\n<meta property=\"og:title\" content=\"Kit Resina Filtek Z250 XT + Adesivo Single Bond - 3M - Fator Dental\" \/>\n<meta property=\"og:description\" content=\"Kit com 3 seringas Filtek Z250 XT de 4g (nas cores A1, A2 e A3) e 1 frasco de adesivo com 3ml. &nbsp; DETALHES &#8211; Preenchimento: 2,5mm. &#8211; Composi\u00e7\u00e3o: BisGMA, [&hellip;]\" \/>\n<meta property=\"og:url\" content=\"https:\/\/fatordental.com.br\/index.php\/produto\/kit-resina-filtek-z250-xt-adesivo-single-bond-3m\/\" \/>\n<meta property=\"og:site_name\" content=\"Fator Dental\" \/>\n<meta property=\"article:modified_time\" content=\"2022-11-22T13:55:36+00:00\" \/>\n<meta property=\"og:image\" content=\"https:\/\/fatordental.com.br\/wp-content\/uploads\/2022\/11\/kit-resina-filtek-z250-xt-adesivo-single-bond-3ml-3m.jpg\" \/>\n\t<meta property=\"og:image:width\" content=\"800\" \/>\n\t<meta property=\"og:image:height\" content=\"800\" \/>\n\t<meta property=\"og:image:type\" content=\"image\/jpeg\" \/>\n<meta name=\"twitter:card\" content=\"summary_large_image\" \/>\n<meta name=\"twitter:label1\" content=\"Est. tempo de leitura\" \/>\n\t<meta name=\"twitter:data1\" content=\"3 minutos\" \/>\n<script type=\"application\/ld+json\" class=\"yoast-schema-graph\">{\"@context\":\"https:\/\/schema.org\",\"@graph\":[{\"@type\":\"WebPage\",\"@id\":\"https:\/\/fatordental.com.br\/index.php\/produto\/kit-resina-filtek-z250-xt-adesivo-single-bond-3m\/\",\"url\":\"https:\/\/fatordental.com.br\/index.php\/produto\/kit-resina-filtek-z250-xt-adesivo-single-bond-3m\/\",\"name\":\"Kit Resina Filtek Z250 XT + Adesivo Single Bond - 3M - Fator Dental\",\"isPartOf\":{\"@id\":\"https:\/\/fatordental.com.br\/#website\"},\"primaryImageOfPage\":{\"@id\":\"https:\/\/fatordental.com.br\/index.php\/produto\/kit-resina-filtek-z250-xt-adesivo-single-bond-3m\/#primaryimage\"},\"image\":{\"@id\":\"https:\/\/fatordental.com.br\/index.php\/produto\/kit-resina-filtek-z250-xt-adesivo-single-bond-3m\/#primaryimage\"},\"thumbnailUrl\":\"https:\/\/fatordental.com.br\/wp-content\/uploads\/2022\/11\/kit-resina-filtek-z250-xt-adesivo-single-bond-3ml-3m.jpg\",\"datePublished\":\"2022-11-09T00:35:41+00:00\",\"dateModified\":\"2022-11-22T13:55:36+00:00\",\"breadcrumb\":{\"@id\":\"https:\/\/fatordental.com.br\/index.php\/produto\/kit-resina-filtek-z250-xt-adesivo-single-bond-3m\/#breadcrumb\"},\"inLanguage\":\"pt-BR\",\"potentialAction\":[{\"@type\":\"ReadAction\",\"target\":[\"https:\/\/fatordental.com.br\/index.php\/produto\/kit-resina-filtek-z250-xt-adesivo-single-bond-3m\/\"]}]},{\"@type\":\"ImageObject\",\"inLanguage\":\"pt-BR\",\"@id\":\"https:\/\/fatordental.com.br\/index.php\/produto\/kit-resina-filtek-z250-xt-adesivo-single-bond-3m\/#primaryimage\",\"url\":\"https:\/\/fatordental.com.br\/wp-content\/uploads\/2022\/11\/kit-resina-filtek-z250-xt-adesivo-single-bond-3ml-3m.jpg\",\"contentUrl\":\"https:\/\/fatordental.com.br\/wp-content\/uploads\/2022\/11\/kit-resina-filtek-z250-xt-adesivo-single-bond-3ml-3m.jpg\",\"width\":800,\"height\":800},{\"@type\":\"BreadcrumbList\",\"@id\":\"https:\/\/fatordental.com.br\/index.php\/produto\/kit-resina-filtek-z250-xt-adesivo-single-bond-3m\/#breadcrumb\",\"itemListElement\":[{\"@type\":\"ListItem\",\"position\":1,\"name\":\"In\u00edcio\",\"item\":\"https:\/\/fatordental.com.br\/\"},{\"@type\":\"ListItem\",\"position\":2,\"name\":\"Produtos\",\"item\":\"https:\/\/fatordental.com.br\/index.php\/produtos\/\"},{\"@type\":\"ListItem\",\"position\":3,\"name\":\"Kit Resina Filtek Z250 XT + Adesivo Single Bond &#8211; 3M\"}]},{\"@type\":\"WebSite\",\"@id\":\"https:\/\/fatordental.com.br\/#website\",\"url\":\"https:\/\/fatordental.com.br\/\",\"name\":\"Fator Dental\",\"description\":\"Produtos Ondontol\u00f3gicos\",\"publisher\":{\"@id\":\"https:\/\/fatordental.com.br\/#organization\"},\"potentialAction\":[{\"@type\":\"SearchAction\",\"target\":{\"@type\":\"EntryPoint\",\"urlTemplate\":\"https:\/\/fatordental.com.br\/?s={search_term_string}\"},\"query-input\":{\"@type\":\"PropertyValueSpecification\",\"valueRequired\":true,\"valueName\":\"search_term_string\"}}],\"inLanguage\":\"pt-BR\"},{\"@type\":\"Organization\",\"@id\":\"https:\/\/fatordental.com.br\/#organization\",\"name\":\"Fator Dental\",\"url\":\"https:\/\/fatordental.com.br\/\",\"logo\":{\"@type\":\"ImageObject\",\"inLanguage\":\"pt-BR\",\"@id\":\"https:\/\/fatordental.com.br\/#\/schema\/logo\/image\/\",\"url\":\"https:\/\/fatordental.com.br\/wp-content\/uploads\/2023\/02\/logo_fator.png\",\"contentUrl\":\"https:\/\/fatordental.com.br\/wp-content\/uploads\/2023\/02\/logo_fator.png\",\"width\":400,\"height\":256,\"caption\":\"Fator Dental\"},\"image\":{\"@id\":\"https:\/\/fatordental.com.br\/#\/schema\/logo\/image\/\"},\"sameAs\":[\"https:\/\/www.instagram.com\/fatordental\/\"]}]}<\/script>\n<!-- \/ Yoast SEO plugin. -->","yoast_head_json":{"title":"Kit Resina Filtek Z250 XT + Adesivo Single Bond - 3M - Fator Dental","robots":{"index":"index","follow":"follow","max-snippet":"max-snippet:-1","max-image-preview":"max-image-preview:large","max-video-preview":"max-video-preview:-1"},"canonical":"https:\/\/fatordental.com.br\/index.php\/produto\/kit-resina-filtek-z250-xt-adesivo-single-bond-3m\/","og_locale":"pt_BR","og_type":"article","og_title":"Kit Resina Filtek Z250 XT + Adesivo Single Bond - 3M - Fator Dental","og_description":"Kit com 3 seringas Filtek Z250 XT de 4g (nas cores A1, A2 e A3) e 1 frasco de adesivo com 3ml. &nbsp; DETALHES &#8211; Preenchimento: 2,5mm. &#8211; Composi\u00e7\u00e3o: BisGMA, [&hellip;]","og_url":"https:\/\/fatordental.com.br\/index.php\/produto\/kit-resina-filtek-z250-xt-adesivo-single-bond-3m\/","og_site_name":"Fator Dental","article_modified_time":"2022-11-22T13:55:36+00:00","og_image":[{"width":800,"height":800,"url":"https:\/\/fatordental.com.br\/wp-content\/uploads\/2022\/11\/kit-resina-filtek-z250-xt-adesivo-single-bond-3ml-3m.jpg","type":"image\/jpeg"}],"twitter_card":"summary_large_image","twitter_misc":{"Est. tempo de leitura":"3 minutos"},"schema":{"@context":"https:\/\/schema.org","@graph":[{"@type":"WebPage","@id":"https:\/\/fatordental.com.br\/index.php\/produto\/kit-resina-filtek-z250-xt-adesivo-single-bond-3m\/","url":"https:\/\/fatordental.com.br\/index.php\/produto\/kit-resina-filtek-z250-xt-adesivo-single-bond-3m\/","name":"Kit Resina Filtek Z250 XT + Adesivo Single Bond - 3M - Fator Dental","isPartOf":{"@id":"https:\/\/fatordental.com.br\/#website"},"primaryImageOfPage":{"@id":"https:\/\/fatordental.com.br\/index.php\/produto\/kit-resina-filtek-z250-xt-adesivo-single-bond-3m\/#primaryimage"},"image":{"@id":"https:\/\/fatordental.com.br\/index.php\/produto\/kit-resina-filtek-z250-xt-adesivo-single-bond-3m\/#primaryimage"},"thumbnailUrl":"https:\/\/fatordental.com.br\/wp-content\/uploads\/2022\/11\/kit-resina-filtek-z250-xt-adesivo-single-bond-3ml-3m.jpg","datePublished":"2022-11-09T00:35:41+00:00","dateModified":"2022-11-22T13:55:36+00:00","breadcrumb":{"@id":"https:\/\/fatordental.com.br\/index.php\/produto\/kit-resina-filtek-z250-xt-adesivo-single-bond-3m\/#breadcrumb"},"inLanguage":"pt-BR","potentialAction":[{"@type":"ReadAction","target":["https:\/\/fatordental.com.br\/index.php\/produto\/kit-resina-filtek-z250-xt-adesivo-single-bond-3m\/"]}]},{"@type":"ImageObject","inLanguage":"pt-BR","@id":"https:\/\/fatordental.com.br\/index.php\/produto\/kit-resina-filtek-z250-xt-adesivo-single-bond-3m\/#primaryimage","url":"https:\/\/fatordental.com.br\/wp-content\/uploads\/2022\/11\/kit-resina-filtek-z250-xt-adesivo-single-bond-3ml-3m.jpg","contentUrl":"https:\/\/fatordental.com.br\/wp-content\/uploads\/2022\/11\/kit-resina-filtek-z250-xt-adesivo-single-bond-3ml-3m.jpg","width":800,"height":800},{"@type":"BreadcrumbList","@id":"https:\/\/fatordental.com.br\/index.php\/produto\/kit-resina-filtek-z250-xt-adesivo-single-bond-3m\/#breadcrumb","itemListElement":[{"@type":"ListItem","position":1,"name":"In\u00edcio","item":"https:\/\/fatordental.com.br\/"},{"@type":"ListItem","position":2,"name":"Produtos","item":"https:\/\/fatordental.com.br\/index.php\/produtos\/"},{"@type":"ListItem","position":3,"name":"Kit Resina Filtek Z250 XT + Adesivo Single Bond &#8211; 3M"}]},{"@type":"WebSite","@id":"https:\/\/fatordental.com.br\/#website","url":"https:\/\/fatordental.com.br\/","name":"Fator Dental","description":"Produtos Ondontol\u00f3gicos","publisher":{"@id":"https:\/\/fatordental.com.br\/#organization"},"potentialAction":[{"@type":"SearchAction","target":{"@type":"EntryPoint","urlTemplate":"https:\/\/fatordental.com.br\/?s={search_term_string}"},"query-input":{"@type":"PropertyValueSpecification","valueRequired":true,"valueName":"search_term_string"}}],"inLanguage":"pt-BR"},{"@type":"Organization","@id":"https:\/\/fatordental.com.br\/#organization","name":"Fator Dental","url":"https:\/\/fatordental.com.br\/","logo":{"@type":"ImageObject","inLanguage":"pt-BR","@id":"https:\/\/fatordental.com.br\/#\/schema\/logo\/image\/","url":"https:\/\/fatordental.com.br\/wp-content\/uploads\/2023\/02\/logo_fator.png","contentUrl":"https:\/\/fatordental.com.br\/wp-content\/uploads\/2023\/02\/logo_fator.png","width":400,"height":256,"caption":"Fator Dental"},"image":{"@id":"https:\/\/fatordental.com.br\/#\/schema\/logo\/image\/"},"sameAs":["https:\/\/www.instagram.com\/fatordental\/"]}]}},"_links":{"self":[{"href":"https:\/\/fatordental.com.br\/index.php\/wp-json\/wp\/v2\/product\/534","targetHints":{"allow":["GET"]}}],"collection":[{"href":"https:\/\/fatordental.com.br\/index.php\/wp-json\/wp\/v2\/product"}],"about":[{"href":"https:\/\/fatordental.com.br\/index.php\/wp-json\/wp\/v2\/types\/product"}],"wp:featuredmedia":[{"embeddable":true,"href":"https:\/\/fatordental.com.br\/index.php\/wp-json\/wp\/v2\/media\/535"}],"wp:attachment":[{"href":"https:\/\/fatordental.com.br\/index.php\/wp-json\/wp\/v2\/media?parent=534"}],"wp:term":[{"taxonomy":"product_brand","embeddable":true,"href":"https:\/\/fatordental.com.br\/index.php\/wp-json\/wp\/v2\/product_brand?post=534"},{"taxonomy":"product_cat","embeddable":true,"href":"https:\/\/fatordental.com.br\/index.php\/wp-json\/wp\/v2\/product_cat?post=534"},{"taxonomy":"product_tag","embeddable":true,"href":"https:\/\/fatordental.com.br\/index.php\/wp-json\/wp\/v2\/product_tag?post=534"}],"curies":[{"name":"wp","href":"https:\/\/api.w.org\/{rel}","templated":true}]}}