{"id":1451,"date":"2024-10-13T18:40:54","date_gmt":"2024-10-13T21:40:54","guid":{"rendered":"https:\/\/fatordental.com.br\/?post_type=product&#038;p=1451"},"modified":"2024-10-13T18:59:53","modified_gmt":"2024-10-13T21:59:53","slug":"lima-rotatoria-solla-blue-katana-glidepath-25mm-c-06-und-solla","status":"publish","type":"product","link":"https:\/\/fatordental.com.br\/index.php\/produto\/lima-rotatoria-solla-blue-katana-glidepath-25mm-c-06-und-solla\/","title":{"rendered":"Lima Rotat\u00f3ria Solla Blue Katana Glidepath 25mm c\/ 06 und &#8211; Solla"},"content":{"rendered":"<p><strong>Blister com 06 unidades.<\/strong><\/p>\n<p><strong>DETALHES<\/strong><br \/>\nComposta por 6 limas: 15\/03 &#8211; 16\/02 &#8211; 17-04.<br \/>\nCaracter\u00edsticas:<br \/>\n&#8211; Sec\u00e7\u00e3o transversal trapezoidal, ideal para canais mais atr\u00e9sicos e curvos que voc\u00ea ir\u00e1 enfrentar.<br \/>\n&#8211; Ideal para pr\u00e9 alargamento de canais mais curvos.<br \/>\n&#8211; S\u00e3o utilizadas no movimento rotat\u00f3rio e podem ser utilizadas no movimento reciprocante a direita.<br \/>\n&#8211; Tratamento t\u00e9rmico collors.<br \/>\n&#8211; A lima pode ser pr\u00e9 conformada, pois possui tratamento t\u00e9rmico especial.<br \/>\n&#8211; Boa flexibilidade que melhora a for\u00e7a da lima e seu corte em rela\u00e7\u00e3o ao tratamentos t\u00e9rmicos Gold, Blue e Grey.<\/p>\n<p>&nbsp;<\/p>\n","protected":false},"excerpt":{"rendered":"<p>Blister com 06 unidades. DETALHES Composta por 6 limas: 15\/03 &#8211; 16\/02 &#8211; 17-04. Caracter\u00edsticas: &#8211; Sec\u00e7\u00e3o transversal trapezoidal, ideal para canais mais atr\u00e9sicos e curvos que voc\u00ea ir\u00e1 enfrentar. [&hellip;]<\/p>\n","protected":false},"featured_media":1452,"template":"","meta":[],"product_brand":[],"product_cat":[35,149],"product_tag":[],"class_list":{"0":"post-1451","1":"product","2":"type-product","3":"status-publish","4":"has-post-thumbnail","6":"product_cat-endodontia","7":"product_cat-lima-endodontica","9":"first","10":"instock","11":"shipping-taxable","12":"product-type-simple"},"yoast_head":"<!-- This site is optimized with the Yoast SEO plugin v26.8 - https:\/\/yoast.com\/product\/yoast-seo-wordpress\/ -->\n<title>Lima Rotat\u00f3ria Solla Blue Katana Glidepath 25mm c\/ 06 und - Solla - Fator Dental<\/title>\n<meta name=\"robots\" content=\"index, follow, max-snippet:-1, max-image-preview:large, max-video-preview:-1\" \/>\n<link rel=\"canonical\" href=\"https:\/\/fatordental.com.br\/index.php\/produto\/lima-rotatoria-solla-blue-katana-glidepath-25mm-c-06-und-solla\/\" \/>\n<meta property=\"og:locale\" content=\"pt_BR\" \/>\n<meta property=\"og:type\" content=\"article\" \/>\n<meta property=\"og:title\" content=\"Lima Rotat\u00f3ria Solla Blue Katana Glidepath 25mm c\/ 06 und - Solla - Fator Dental\" \/>\n<meta property=\"og:description\" content=\"Blister com 06 unidades. DETALHES Composta por 6 limas: 15\/03 &#8211; 16\/02 &#8211; 17-04. Caracter\u00edsticas: &#8211; Sec\u00e7\u00e3o transversal trapezoidal, ideal para canais mais atr\u00e9sicos e curvos que voc\u00ea ir\u00e1 enfrentar. [&hellip;]\" \/>\n<meta property=\"og:url\" content=\"https:\/\/fatordental.com.br\/index.php\/produto\/lima-rotatoria-solla-blue-katana-glidepath-25mm-c-06-und-solla\/\" \/>\n<meta property=\"og:site_name\" content=\"Fator Dental\" \/>\n<meta property=\"article:modified_time\" content=\"2024-10-13T21:59:53+00:00\" \/>\n<meta property=\"og:image\" content=\"https:\/\/fatordental.com.br\/wp-content\/uploads\/2024\/10\/KATANA.jpeg\" \/>\n\t<meta property=\"og:image:width\" content=\"371\" \/>\n\t<meta property=\"og:image:height\" content=\"290\" \/>\n\t<meta property=\"og:image:type\" content=\"image\/jpeg\" \/>\n<meta name=\"twitter:card\" content=\"summary_large_image\" \/>\n<meta name=\"twitter:label1\" content=\"Est. tempo de leitura\" \/>\n\t<meta name=\"twitter:data1\" content=\"1 minuto\" \/>\n<script type=\"application\/ld+json\" class=\"yoast-schema-graph\">{\"@context\":\"https:\/\/schema.org\",\"@graph\":[{\"@type\":\"WebPage\",\"@id\":\"https:\/\/fatordental.com.br\/index.php\/produto\/lima-rotatoria-solla-blue-katana-glidepath-25mm-c-06-und-solla\/\",\"url\":\"https:\/\/fatordental.com.br\/index.php\/produto\/lima-rotatoria-solla-blue-katana-glidepath-25mm-c-06-und-solla\/\",\"name\":\"Lima Rotat\u00f3ria Solla Blue Katana Glidepath 25mm c\/ 06 und - Solla - Fator Dental\",\"isPartOf\":{\"@id\":\"https:\/\/fatordental.com.br\/#website\"},\"primaryImageOfPage\":{\"@id\":\"https:\/\/fatordental.com.br\/index.php\/produto\/lima-rotatoria-solla-blue-katana-glidepath-25mm-c-06-und-solla\/#primaryimage\"},\"image\":{\"@id\":\"https:\/\/fatordental.com.br\/index.php\/produto\/lima-rotatoria-solla-blue-katana-glidepath-25mm-c-06-und-solla\/#primaryimage\"},\"thumbnailUrl\":\"https:\/\/fatordental.com.br\/wp-content\/uploads\/2024\/10\/KATANA.jpeg\",\"datePublished\":\"2024-10-13T21:40:54+00:00\",\"dateModified\":\"2024-10-13T21:59:53+00:00\",\"breadcrumb\":{\"@id\":\"https:\/\/fatordental.com.br\/index.php\/produto\/lima-rotatoria-solla-blue-katana-glidepath-25mm-c-06-und-solla\/#breadcrumb\"},\"inLanguage\":\"pt-BR\",\"potentialAction\":[{\"@type\":\"ReadAction\",\"target\":[\"https:\/\/fatordental.com.br\/index.php\/produto\/lima-rotatoria-solla-blue-katana-glidepath-25mm-c-06-und-solla\/\"]}]},{\"@type\":\"ImageObject\",\"inLanguage\":\"pt-BR\",\"@id\":\"https:\/\/fatordental.com.br\/index.php\/produto\/lima-rotatoria-solla-blue-katana-glidepath-25mm-c-06-und-solla\/#primaryimage\",\"url\":\"https:\/\/fatordental.com.br\/wp-content\/uploads\/2024\/10\/KATANA.jpeg\",\"contentUrl\":\"https:\/\/fatordental.com.br\/wp-content\/uploads\/2024\/10\/KATANA.jpeg\",\"width\":371,\"height\":290},{\"@type\":\"BreadcrumbList\",\"@id\":\"https:\/\/fatordental.com.br\/index.php\/produto\/lima-rotatoria-solla-blue-katana-glidepath-25mm-c-06-und-solla\/#breadcrumb\",\"itemListElement\":[{\"@type\":\"ListItem\",\"position\":1,\"name\":\"In\u00edcio\",\"item\":\"https:\/\/fatordental.com.br\/\"},{\"@type\":\"ListItem\",\"position\":2,\"name\":\"Produtos\",\"item\":\"https:\/\/fatordental.com.br\/index.php\/produtos\/\"},{\"@type\":\"ListItem\",\"position\":3,\"name\":\"Lima Rotat\u00f3ria Solla Blue Katana Glidepath 25mm c\/ 06 und &#8211; Solla\"}]},{\"@type\":\"WebSite\",\"@id\":\"https:\/\/fatordental.com.br\/#website\",\"url\":\"https:\/\/fatordental.com.br\/\",\"name\":\"Fator Dental\",\"description\":\"Produtos Ondontol\u00f3gicos\",\"publisher\":{\"@id\":\"https:\/\/fatordental.com.br\/#organization\"},\"potentialAction\":[{\"@type\":\"SearchAction\",\"target\":{\"@type\":\"EntryPoint\",\"urlTemplate\":\"https:\/\/fatordental.com.br\/?s={search_term_string}\"},\"query-input\":{\"@type\":\"PropertyValueSpecification\",\"valueRequired\":true,\"valueName\":\"search_term_string\"}}],\"inLanguage\":\"pt-BR\"},{\"@type\":\"Organization\",\"@id\":\"https:\/\/fatordental.com.br\/#organization\",\"name\":\"Fator Dental\",\"url\":\"https:\/\/fatordental.com.br\/\",\"logo\":{\"@type\":\"ImageObject\",\"inLanguage\":\"pt-BR\",\"@id\":\"https:\/\/fatordental.com.br\/#\/schema\/logo\/image\/\",\"url\":\"https:\/\/fatordental.com.br\/wp-content\/uploads\/2023\/02\/logo_fator.png\",\"contentUrl\":\"https:\/\/fatordental.com.br\/wp-content\/uploads\/2023\/02\/logo_fator.png\",\"width\":400,\"height\":256,\"caption\":\"Fator Dental\"},\"image\":{\"@id\":\"https:\/\/fatordental.com.br\/#\/schema\/logo\/image\/\"},\"sameAs\":[\"https:\/\/www.instagram.com\/fatordental\/\"]}]}<\/script>\n<!-- \/ Yoast SEO plugin. -->","yoast_head_json":{"title":"Lima Rotat\u00f3ria Solla Blue Katana Glidepath 25mm c\/ 06 und - Solla - Fator Dental","robots":{"index":"index","follow":"follow","max-snippet":"max-snippet:-1","max-image-preview":"max-image-preview:large","max-video-preview":"max-video-preview:-1"},"canonical":"https:\/\/fatordental.com.br\/index.php\/produto\/lima-rotatoria-solla-blue-katana-glidepath-25mm-c-06-und-solla\/","og_locale":"pt_BR","og_type":"article","og_title":"Lima Rotat\u00f3ria Solla Blue Katana Glidepath 25mm c\/ 06 und - Solla - Fator Dental","og_description":"Blister com 06 unidades. DETALHES Composta por 6 limas: 15\/03 &#8211; 16\/02 &#8211; 17-04. Caracter\u00edsticas: &#8211; Sec\u00e7\u00e3o transversal trapezoidal, ideal para canais mais atr\u00e9sicos e curvos que voc\u00ea ir\u00e1 enfrentar. [&hellip;]","og_url":"https:\/\/fatordental.com.br\/index.php\/produto\/lima-rotatoria-solla-blue-katana-glidepath-25mm-c-06-und-solla\/","og_site_name":"Fator Dental","article_modified_time":"2024-10-13T21:59:53+00:00","og_image":[{"width":371,"height":290,"url":"https:\/\/fatordental.com.br\/wp-content\/uploads\/2024\/10\/KATANA.jpeg","type":"image\/jpeg"}],"twitter_card":"summary_large_image","twitter_misc":{"Est. tempo de leitura":"1 minuto"},"schema":{"@context":"https:\/\/schema.org","@graph":[{"@type":"WebPage","@id":"https:\/\/fatordental.com.br\/index.php\/produto\/lima-rotatoria-solla-blue-katana-glidepath-25mm-c-06-und-solla\/","url":"https:\/\/fatordental.com.br\/index.php\/produto\/lima-rotatoria-solla-blue-katana-glidepath-25mm-c-06-und-solla\/","name":"Lima Rotat\u00f3ria Solla Blue Katana Glidepath 25mm c\/ 06 und - Solla - Fator Dental","isPartOf":{"@id":"https:\/\/fatordental.com.br\/#website"},"primaryImageOfPage":{"@id":"https:\/\/fatordental.com.br\/index.php\/produto\/lima-rotatoria-solla-blue-katana-glidepath-25mm-c-06-und-solla\/#primaryimage"},"image":{"@id":"https:\/\/fatordental.com.br\/index.php\/produto\/lima-rotatoria-solla-blue-katana-glidepath-25mm-c-06-und-solla\/#primaryimage"},"thumbnailUrl":"https:\/\/fatordental.com.br\/wp-content\/uploads\/2024\/10\/KATANA.jpeg","datePublished":"2024-10-13T21:40:54+00:00","dateModified":"2024-10-13T21:59:53+00:00","breadcrumb":{"@id":"https:\/\/fatordental.com.br\/index.php\/produto\/lima-rotatoria-solla-blue-katana-glidepath-25mm-c-06-und-solla\/#breadcrumb"},"inLanguage":"pt-BR","potentialAction":[{"@type":"ReadAction","target":["https:\/\/fatordental.com.br\/index.php\/produto\/lima-rotatoria-solla-blue-katana-glidepath-25mm-c-06-und-solla\/"]}]},{"@type":"ImageObject","inLanguage":"pt-BR","@id":"https:\/\/fatordental.com.br\/index.php\/produto\/lima-rotatoria-solla-blue-katana-glidepath-25mm-c-06-und-solla\/#primaryimage","url":"https:\/\/fatordental.com.br\/wp-content\/uploads\/2024\/10\/KATANA.jpeg","contentUrl":"https:\/\/fatordental.com.br\/wp-content\/uploads\/2024\/10\/KATANA.jpeg","width":371,"height":290},{"@type":"BreadcrumbList","@id":"https:\/\/fatordental.com.br\/index.php\/produto\/lima-rotatoria-solla-blue-katana-glidepath-25mm-c-06-und-solla\/#breadcrumb","itemListElement":[{"@type":"ListItem","position":1,"name":"In\u00edcio","item":"https:\/\/fatordental.com.br\/"},{"@type":"ListItem","position":2,"name":"Produtos","item":"https:\/\/fatordental.com.br\/index.php\/produtos\/"},{"@type":"ListItem","position":3,"name":"Lima Rotat\u00f3ria Solla Blue Katana Glidepath 25mm c\/ 06 und &#8211; Solla"}]},{"@type":"WebSite","@id":"https:\/\/fatordental.com.br\/#website","url":"https:\/\/fatordental.com.br\/","name":"Fator Dental","description":"Produtos Ondontol\u00f3gicos","publisher":{"@id":"https:\/\/fatordental.com.br\/#organization"},"potentialAction":[{"@type":"SearchAction","target":{"@type":"EntryPoint","urlTemplate":"https:\/\/fatordental.com.br\/?s={search_term_string}"},"query-input":{"@type":"PropertyValueSpecification","valueRequired":true,"valueName":"search_term_string"}}],"inLanguage":"pt-BR"},{"@type":"Organization","@id":"https:\/\/fatordental.com.br\/#organization","name":"Fator Dental","url":"https:\/\/fatordental.com.br\/","logo":{"@type":"ImageObject","inLanguage":"pt-BR","@id":"https:\/\/fatordental.com.br\/#\/schema\/logo\/image\/","url":"https:\/\/fatordental.com.br\/wp-content\/uploads\/2023\/02\/logo_fator.png","contentUrl":"https:\/\/fatordental.com.br\/wp-content\/uploads\/2023\/02\/logo_fator.png","width":400,"height":256,"caption":"Fator Dental"},"image":{"@id":"https:\/\/fatordental.com.br\/#\/schema\/logo\/image\/"},"sameAs":["https:\/\/www.instagram.com\/fatordental\/"]}]}},"_links":{"self":[{"href":"https:\/\/fatordental.com.br\/index.php\/wp-json\/wp\/v2\/product\/1451","targetHints":{"allow":["GET"]}}],"collection":[{"href":"https:\/\/fatordental.com.br\/index.php\/wp-json\/wp\/v2\/product"}],"about":[{"href":"https:\/\/fatordental.com.br\/index.php\/wp-json\/wp\/v2\/types\/product"}],"wp:featuredmedia":[{"embeddable":true,"href":"https:\/\/fatordental.com.br\/index.php\/wp-json\/wp\/v2\/media\/1452"}],"wp:attachment":[{"href":"https:\/\/fatordental.com.br\/index.php\/wp-json\/wp\/v2\/media?parent=1451"}],"wp:term":[{"taxonomy":"product_brand","embeddable":true,"href":"https:\/\/fatordental.com.br\/index.php\/wp-json\/wp\/v2\/product_brand?post=1451"},{"taxonomy":"product_cat","embeddable":true,"href":"https:\/\/fatordental.com.br\/index.php\/wp-json\/wp\/v2\/product_cat?post=1451"},{"taxonomy":"product_tag","embeddable":true,"href":"https:\/\/fatordental.com.br\/index.php\/wp-json\/wp\/v2\/product_tag?post=1451"}],"curies":[{"name":"wp","href":"https:\/\/api.w.org\/{rel}","templated":true}]}}