{"id":1436,"date":"2024-10-13T12:39:23","date_gmt":"2024-10-13T15:39:23","guid":{"rendered":"https:\/\/fatordental.com.br\/?post_type=product&#038;p=1436"},"modified":"2024-10-13T18:54:09","modified_gmt":"2024-10-13T21:54:09","slug":"lima-rotatoria-solla-filles-blister-c-6-unidades-solla","status":"publish","type":"product","link":"https:\/\/fatordental.com.br\/index.php\/produto\/lima-rotatoria-solla-filles-blister-c-6-unidades-solla\/","title":{"rendered":"Lima Rotat\u00f3ria Solla Files Collors Blister c\/ 06 unidades &#8211; Solla"},"content":{"rendered":"<p><strong>Blister com 06 unidades.<\/strong><\/p>\n<ul>\n<li><strong>DETALHES <\/strong><\/li>\n<\/ul>\n<p>Um sistema capaz de atender todas as realidades cl\u00ednicas. Tem flexibilidade ideal do instrumento para preservar bem as caracter\u00edsticas de corte dos instrumentos, sendo assim ideal para a maioria dos casos. O tratamento t\u00e9rmico com controle de mem\u00f3ria com deposi\u00e7\u00e3o de mano part\u00edculas aumenta resist\u00eancia a tor\u00e7\u00e3o e a fadiga c\u00edclica fazendo assim deste instrumento o ideal para o\u00a0 dia a dia cl\u00ednico.<\/p>\n<ul>\n<li><strong>APLICA\u00c7\u00c3O<\/strong><\/li>\n<\/ul>\n<p>&#8211; O design tradicional de conicidade constante de 4%. A vers\u00e3o azul \u00e9 a mais adequada para canais extremamente curvos e complexos.<br \/>\n&#8211;\u00a0 Sequ\u00eancias:<br \/>\n* Canais atr\u00e9sicos; Opener 17\/04 &#8211; 20\/04<br \/>\n* Canais m\u00e9dios; Opener 17\/04 &#8211; 20\/04 &#8211; 25\/04 or 25\/06<br \/>\n* Canais amplos: Opener 17\/04 &#8211; 20\/04 &#8211; 25\/06 &#8211; 30\/04 &#8211; (35\/04)<br \/>\n&#8211; Movimentos: Pode usar tanto o movimento rotat\u00f3rio convencional, como o reciprocante para lado direito ou adaptativo.<\/p>\n<p>&nbsp;<\/p>\n","protected":false},"excerpt":{"rendered":"<p>Blister com 06 unidades. DETALHES Um sistema capaz de atender todas as realidades cl\u00ednicas. Tem flexibilidade ideal do instrumento para preservar bem as caracter\u00edsticas de corte dos instrumentos, sendo assim [&hellip;]<\/p>\n","protected":false},"featured_media":1449,"template":"","meta":[],"product_brand":[],"product_cat":[35,149],"product_tag":[],"class_list":{"0":"post-1436","1":"product","2":"type-product","3":"status-publish","4":"has-post-thumbnail","6":"product_cat-endodontia","7":"product_cat-lima-endodontica","9":"first","10":"instock","11":"shipping-taxable","12":"product-type-simple"},"yoast_head":"<!-- This site is optimized with the Yoast SEO plugin v26.8 - https:\/\/yoast.com\/product\/yoast-seo-wordpress\/ -->\n<title>Lima Rotat\u00f3ria Solla Files Collors Blister c\/ 06 unidades - Solla - Fator Dental<\/title>\n<meta name=\"robots\" content=\"index, follow, max-snippet:-1, max-image-preview:large, max-video-preview:-1\" \/>\n<link rel=\"canonical\" href=\"https:\/\/fatordental.com.br\/index.php\/produto\/lima-rotatoria-solla-filles-blister-c-6-unidades-solla\/\" \/>\n<meta property=\"og:locale\" content=\"pt_BR\" \/>\n<meta property=\"og:type\" content=\"article\" \/>\n<meta property=\"og:title\" content=\"Lima Rotat\u00f3ria Solla Files Collors Blister c\/ 06 unidades - Solla - Fator Dental\" \/>\n<meta property=\"og:description\" content=\"Blister com 06 unidades. DETALHES Um sistema capaz de atender todas as realidades cl\u00ednicas. Tem flexibilidade ideal do instrumento para preservar bem as caracter\u00edsticas de corte dos instrumentos, sendo assim [&hellip;]\" \/>\n<meta property=\"og:url\" content=\"https:\/\/fatordental.com.br\/index.php\/produto\/lima-rotatoria-solla-filles-blister-c-6-unidades-solla\/\" \/>\n<meta property=\"og:site_name\" content=\"Fator Dental\" \/>\n<meta property=\"article:modified_time\" content=\"2024-10-13T21:54:09+00:00\" \/>\n<meta property=\"og:image\" content=\"https:\/\/fatordental.com.br\/wp-content\/uploads\/2024\/10\/LIMAS-SOLLA-S1-25MM-1-1.jpeg\" \/>\n\t<meta property=\"og:image:width\" content=\"424\" \/>\n\t<meta property=\"og:image:height\" content=\"324\" \/>\n\t<meta property=\"og:image:type\" content=\"image\/jpeg\" \/>\n<meta name=\"twitter:card\" content=\"summary_large_image\" \/>\n<meta name=\"twitter:label1\" content=\"Est. tempo de leitura\" \/>\n\t<meta name=\"twitter:data1\" content=\"1 minuto\" \/>\n<script type=\"application\/ld+json\" class=\"yoast-schema-graph\">{\"@context\":\"https:\/\/schema.org\",\"@graph\":[{\"@type\":\"WebPage\",\"@id\":\"https:\/\/fatordental.com.br\/index.php\/produto\/lima-rotatoria-solla-filles-blister-c-6-unidades-solla\/\",\"url\":\"https:\/\/fatordental.com.br\/index.php\/produto\/lima-rotatoria-solla-filles-blister-c-6-unidades-solla\/\",\"name\":\"Lima Rotat\u00f3ria Solla Files Collors Blister c\/ 06 unidades - Solla - Fator Dental\",\"isPartOf\":{\"@id\":\"https:\/\/fatordental.com.br\/#website\"},\"primaryImageOfPage\":{\"@id\":\"https:\/\/fatordental.com.br\/index.php\/produto\/lima-rotatoria-solla-filles-blister-c-6-unidades-solla\/#primaryimage\"},\"image\":{\"@id\":\"https:\/\/fatordental.com.br\/index.php\/produto\/lima-rotatoria-solla-filles-blister-c-6-unidades-solla\/#primaryimage\"},\"thumbnailUrl\":\"https:\/\/fatordental.com.br\/wp-content\/uploads\/2024\/10\/LIMAS-SOLLA-S1-25MM-1-1.jpeg\",\"datePublished\":\"2024-10-13T15:39:23+00:00\",\"dateModified\":\"2024-10-13T21:54:09+00:00\",\"breadcrumb\":{\"@id\":\"https:\/\/fatordental.com.br\/index.php\/produto\/lima-rotatoria-solla-filles-blister-c-6-unidades-solla\/#breadcrumb\"},\"inLanguage\":\"pt-BR\",\"potentialAction\":[{\"@type\":\"ReadAction\",\"target\":[\"https:\/\/fatordental.com.br\/index.php\/produto\/lima-rotatoria-solla-filles-blister-c-6-unidades-solla\/\"]}]},{\"@type\":\"ImageObject\",\"inLanguage\":\"pt-BR\",\"@id\":\"https:\/\/fatordental.com.br\/index.php\/produto\/lima-rotatoria-solla-filles-blister-c-6-unidades-solla\/#primaryimage\",\"url\":\"https:\/\/fatordental.com.br\/wp-content\/uploads\/2024\/10\/LIMAS-SOLLA-S1-25MM-1-1.jpeg\",\"contentUrl\":\"https:\/\/fatordental.com.br\/wp-content\/uploads\/2024\/10\/LIMAS-SOLLA-S1-25MM-1-1.jpeg\",\"width\":424,\"height\":324},{\"@type\":\"BreadcrumbList\",\"@id\":\"https:\/\/fatordental.com.br\/index.php\/produto\/lima-rotatoria-solla-filles-blister-c-6-unidades-solla\/#breadcrumb\",\"itemListElement\":[{\"@type\":\"ListItem\",\"position\":1,\"name\":\"In\u00edcio\",\"item\":\"https:\/\/fatordental.com.br\/\"},{\"@type\":\"ListItem\",\"position\":2,\"name\":\"Produtos\",\"item\":\"https:\/\/fatordental.com.br\/index.php\/produtos\/\"},{\"@type\":\"ListItem\",\"position\":3,\"name\":\"Lima Rotat\u00f3ria Solla Files Collors Blister c\/ 06 unidades &#8211; Solla\"}]},{\"@type\":\"WebSite\",\"@id\":\"https:\/\/fatordental.com.br\/#website\",\"url\":\"https:\/\/fatordental.com.br\/\",\"name\":\"Fator Dental\",\"description\":\"Produtos Ondontol\u00f3gicos\",\"publisher\":{\"@id\":\"https:\/\/fatordental.com.br\/#organization\"},\"potentialAction\":[{\"@type\":\"SearchAction\",\"target\":{\"@type\":\"EntryPoint\",\"urlTemplate\":\"https:\/\/fatordental.com.br\/?s={search_term_string}\"},\"query-input\":{\"@type\":\"PropertyValueSpecification\",\"valueRequired\":true,\"valueName\":\"search_term_string\"}}],\"inLanguage\":\"pt-BR\"},{\"@type\":\"Organization\",\"@id\":\"https:\/\/fatordental.com.br\/#organization\",\"name\":\"Fator Dental\",\"url\":\"https:\/\/fatordental.com.br\/\",\"logo\":{\"@type\":\"ImageObject\",\"inLanguage\":\"pt-BR\",\"@id\":\"https:\/\/fatordental.com.br\/#\/schema\/logo\/image\/\",\"url\":\"https:\/\/fatordental.com.br\/wp-content\/uploads\/2023\/02\/logo_fator.png\",\"contentUrl\":\"https:\/\/fatordental.com.br\/wp-content\/uploads\/2023\/02\/logo_fator.png\",\"width\":400,\"height\":256,\"caption\":\"Fator Dental\"},\"image\":{\"@id\":\"https:\/\/fatordental.com.br\/#\/schema\/logo\/image\/\"},\"sameAs\":[\"https:\/\/www.instagram.com\/fatordental\/\"]}]}<\/script>\n<!-- \/ Yoast SEO plugin. -->","yoast_head_json":{"title":"Lima Rotat\u00f3ria Solla Files Collors Blister c\/ 06 unidades - Solla - Fator Dental","robots":{"index":"index","follow":"follow","max-snippet":"max-snippet:-1","max-image-preview":"max-image-preview:large","max-video-preview":"max-video-preview:-1"},"canonical":"https:\/\/fatordental.com.br\/index.php\/produto\/lima-rotatoria-solla-filles-blister-c-6-unidades-solla\/","og_locale":"pt_BR","og_type":"article","og_title":"Lima Rotat\u00f3ria Solla Files Collors Blister c\/ 06 unidades - Solla - Fator Dental","og_description":"Blister com 06 unidades. DETALHES Um sistema capaz de atender todas as realidades cl\u00ednicas. Tem flexibilidade ideal do instrumento para preservar bem as caracter\u00edsticas de corte dos instrumentos, sendo assim [&hellip;]","og_url":"https:\/\/fatordental.com.br\/index.php\/produto\/lima-rotatoria-solla-filles-blister-c-6-unidades-solla\/","og_site_name":"Fator Dental","article_modified_time":"2024-10-13T21:54:09+00:00","og_image":[{"width":424,"height":324,"url":"https:\/\/fatordental.com.br\/wp-content\/uploads\/2024\/10\/LIMAS-SOLLA-S1-25MM-1-1.jpeg","type":"image\/jpeg"}],"twitter_card":"summary_large_image","twitter_misc":{"Est. tempo de leitura":"1 minuto"},"schema":{"@context":"https:\/\/schema.org","@graph":[{"@type":"WebPage","@id":"https:\/\/fatordental.com.br\/index.php\/produto\/lima-rotatoria-solla-filles-blister-c-6-unidades-solla\/","url":"https:\/\/fatordental.com.br\/index.php\/produto\/lima-rotatoria-solla-filles-blister-c-6-unidades-solla\/","name":"Lima Rotat\u00f3ria Solla Files Collors Blister c\/ 06 unidades - Solla - Fator Dental","isPartOf":{"@id":"https:\/\/fatordental.com.br\/#website"},"primaryImageOfPage":{"@id":"https:\/\/fatordental.com.br\/index.php\/produto\/lima-rotatoria-solla-filles-blister-c-6-unidades-solla\/#primaryimage"},"image":{"@id":"https:\/\/fatordental.com.br\/index.php\/produto\/lima-rotatoria-solla-filles-blister-c-6-unidades-solla\/#primaryimage"},"thumbnailUrl":"https:\/\/fatordental.com.br\/wp-content\/uploads\/2024\/10\/LIMAS-SOLLA-S1-25MM-1-1.jpeg","datePublished":"2024-10-13T15:39:23+00:00","dateModified":"2024-10-13T21:54:09+00:00","breadcrumb":{"@id":"https:\/\/fatordental.com.br\/index.php\/produto\/lima-rotatoria-solla-filles-blister-c-6-unidades-solla\/#breadcrumb"},"inLanguage":"pt-BR","potentialAction":[{"@type":"ReadAction","target":["https:\/\/fatordental.com.br\/index.php\/produto\/lima-rotatoria-solla-filles-blister-c-6-unidades-solla\/"]}]},{"@type":"ImageObject","inLanguage":"pt-BR","@id":"https:\/\/fatordental.com.br\/index.php\/produto\/lima-rotatoria-solla-filles-blister-c-6-unidades-solla\/#primaryimage","url":"https:\/\/fatordental.com.br\/wp-content\/uploads\/2024\/10\/LIMAS-SOLLA-S1-25MM-1-1.jpeg","contentUrl":"https:\/\/fatordental.com.br\/wp-content\/uploads\/2024\/10\/LIMAS-SOLLA-S1-25MM-1-1.jpeg","width":424,"height":324},{"@type":"BreadcrumbList","@id":"https:\/\/fatordental.com.br\/index.php\/produto\/lima-rotatoria-solla-filles-blister-c-6-unidades-solla\/#breadcrumb","itemListElement":[{"@type":"ListItem","position":1,"name":"In\u00edcio","item":"https:\/\/fatordental.com.br\/"},{"@type":"ListItem","position":2,"name":"Produtos","item":"https:\/\/fatordental.com.br\/index.php\/produtos\/"},{"@type":"ListItem","position":3,"name":"Lima Rotat\u00f3ria Solla Files Collors Blister c\/ 06 unidades &#8211; Solla"}]},{"@type":"WebSite","@id":"https:\/\/fatordental.com.br\/#website","url":"https:\/\/fatordental.com.br\/","name":"Fator Dental","description":"Produtos Ondontol\u00f3gicos","publisher":{"@id":"https:\/\/fatordental.com.br\/#organization"},"potentialAction":[{"@type":"SearchAction","target":{"@type":"EntryPoint","urlTemplate":"https:\/\/fatordental.com.br\/?s={search_term_string}"},"query-input":{"@type":"PropertyValueSpecification","valueRequired":true,"valueName":"search_term_string"}}],"inLanguage":"pt-BR"},{"@type":"Organization","@id":"https:\/\/fatordental.com.br\/#organization","name":"Fator Dental","url":"https:\/\/fatordental.com.br\/","logo":{"@type":"ImageObject","inLanguage":"pt-BR","@id":"https:\/\/fatordental.com.br\/#\/schema\/logo\/image\/","url":"https:\/\/fatordental.com.br\/wp-content\/uploads\/2023\/02\/logo_fator.png","contentUrl":"https:\/\/fatordental.com.br\/wp-content\/uploads\/2023\/02\/logo_fator.png","width":400,"height":256,"caption":"Fator Dental"},"image":{"@id":"https:\/\/fatordental.com.br\/#\/schema\/logo\/image\/"},"sameAs":["https:\/\/www.instagram.com\/fatordental\/"]}]}},"_links":{"self":[{"href":"https:\/\/fatordental.com.br\/index.php\/wp-json\/wp\/v2\/product\/1436","targetHints":{"allow":["GET"]}}],"collection":[{"href":"https:\/\/fatordental.com.br\/index.php\/wp-json\/wp\/v2\/product"}],"about":[{"href":"https:\/\/fatordental.com.br\/index.php\/wp-json\/wp\/v2\/types\/product"}],"wp:featuredmedia":[{"embeddable":true,"href":"https:\/\/fatordental.com.br\/index.php\/wp-json\/wp\/v2\/media\/1449"}],"wp:attachment":[{"href":"https:\/\/fatordental.com.br\/index.php\/wp-json\/wp\/v2\/media?parent=1436"}],"wp:term":[{"taxonomy":"product_brand","embeddable":true,"href":"https:\/\/fatordental.com.br\/index.php\/wp-json\/wp\/v2\/product_brand?post=1436"},{"taxonomy":"product_cat","embeddable":true,"href":"https:\/\/fatordental.com.br\/index.php\/wp-json\/wp\/v2\/product_cat?post=1436"},{"taxonomy":"product_tag","embeddable":true,"href":"https:\/\/fatordental.com.br\/index.php\/wp-json\/wp\/v2\/product_tag?post=1436"}],"curies":[{"name":"wp","href":"https:\/\/api.w.org\/{rel}","templated":true}]}}